{"id":5130,"date":"2026-04-28T19:24:07","date_gmt":"2026-04-28T18:24:07","guid":{"rendered":"https:\/\/otmaroc.com\/?post_type=product&#038;p=5130"},"modified":"2026-04-29T00:45:28","modified_gmt":"2026-04-28T23:45:28","slug":"oversized-hoodie-morocco-streetwear","status":"publish","type":"product","link":"https:\/\/otmaroc.com\/ar\/product\/oversized-hoodie-morocco-streetwear\/","title":{"rendered":"\u0647\u0648\u062f\u064a \u0648\u0627\u0633\u0639 \u0645\u0646 \u062a\u0635\u0645\u064a\u0645\u0627\u062a \u0627\u0644\u0634\u0627\u0631\u0639 \u0627\u0644\u0645\u063a\u0631\u0628\u064a\u0629"},"content":{"rendered":"<p data-start=\"567\" data-end=\"877\">Le <strong data-start=\"570\" data-end=\"619\">Oversized Hoodie Morocco Streetwear <\/strong>\u00a0est la pi\u00e8ce id\u00e9ale pour ceux qui recherchent un look urbain moderne avec un maximum de confort. Con\u00e7u en <strong data-start=\"294\" data-end=\"308\">100% coton<\/strong>, Inspir\u00e9 des tendances streetwear actuelles, ce hoodie oversize combine style affirm\u00e9, coupe ample et finition premium pour accompagner vos outfits au quotidien.<\/p>\n<p data-start=\"879\" data-end=\"1150\">Fabriqu\u00e9 avec une mati\u00e8re douce, \u00e9paisse et agr\u00e9able \u00e0 porter, ce hoodie offre chaleur et confort pendant les journ\u00e9es fra\u00eeches. Sa coupe oversize apporte une silhouette tendance tr\u00e8s recherch\u00e9e dans l\u2019univers streetwear, tout en laissant une grande libert\u00e9 de mouvement.<\/p>\n<p data-start=\"1152\" data-end=\"1388\">Le <strong data-start=\"1155\" data-end=\"1168\">Design<\/strong>\u00a0ajoute une identit\u00e9 forte et originale inspir\u00e9e de la culture urbaine marocaine. Que ce soit pour sortir, voyager, aller en cours ou compl\u00e9ter un look casual, ce hoodie devient rapidement un essentiel de votre dressing.<\/p>\n<h3 data-section-id=\"1vl4pzf\" data-start=\"1390\" data-end=\"1431\">Pourquoi choisir ce hoodie oversize ?<\/h3>\n<ul data-start=\"1433\" data-end=\"1710\">\n<li data-section-id=\"1nmbjmr\" data-start=\"1433\" data-end=\"1474\">Coupe oversize moderne et confortable<\/li>\n<li data-section-id=\"cdluto\" data-start=\"1475\" data-end=\"1514\">Mati\u00e8re premium douce et r\u00e9sistante<\/li>\n<li data-section-id=\"jm3mj7\" data-start=\"1515\" data-end=\"1561\">Hoodie chaud id\u00e9al pour hiver et mi-saison<\/li>\n<li data-section-id=\"ycxj7l\" data-start=\"1562\" data-end=\"1592\">\u062a\u0635\u0645\u064a\u0645 \u0645\u0644\u0627\u0628\u0633 \u0627\u0644\u0634\u0627\u0631\u0639 \u0627\u0644\u062d\u0635\u0631\u064a<\/li>\n<li data-section-id=\"11wq1eb\" data-start=\"1593\" data-end=\"1625\">\u062a\u0635\u0645\u064a\u0645 \u0645\u0646\u0627\u0633\u0628 \u0644\u0644\u062c\u0646\u0633\u064a\u0646 \u0644\u0644\u0631\u062c\u0627\u0644 \u0648\u0627\u0644\u0646\u0633\u0627\u0621<\/li>\n<li data-section-id=\"15tv7m7\" data-start=\"1626\" data-end=\"1672\">Facile \u00e0 porter avec jean, cargo ou jogger<\/li>\n<li data-section-id=\"9bpjev\" data-start=\"1673\" data-end=\"1710\">\u062a\u0648\u0635\u064a\u0644 \u0633\u0631\u064a\u0639 \u0641\u064a \u062c\u0645\u064a\u0639 \u0623\u0646\u062d\u0627\u0621 \u0627\u0644\u0645\u063a\u0631\u0628<\/li>\n<\/ul>\n<h3 data-section-id=\"1d25xn1\" data-start=\"1712\" data-end=\"1735\">\u0643\u064a\u0641 \u064a\u062a\u0645 \u0627\u0631\u062a\u062f\u0627\u0624\u0647\u061f<\/h3>\n<p data-start=\"1737\" data-end=\"1913\">Associez ce hoodie avec un pantalon cargo, un jean large ou un jogger pour un style streetwear complet. Ajoutez des sneakers pour finaliser votre tenue avec une touche moderne.<\/p>\n<p data-start=\"1915\" data-end=\"2053\">Commandez d\u00e8s maintenant votre <strong data-start=\"1946\" data-end=\"1995\">Oversized Hoodie Morocco Streetwear <\/strong>sur OTMAROC et adoptez le vrai style streetwear marocain.<\/p>","protected":false},"excerpt":{"rendered":"<p>Affirmez votre style avec le <strong data-start=\"344\" data-end=\"393\">Oversized Hoodie Morocco Streetwear<\/strong>. Un hoodie oversize moderne, Con\u00e7u en <strong data-start=\"294\" data-end=\"308\">100% coton<\/strong>, confortable et chaud, pens\u00e9 pour les passionn\u00e9s de streetwear au Maroc. Design unique, coupe tendance et qualit\u00e9 premium.<\/p>","protected":false},"featured_media":5067,"comment_status":"open","ping_status":"closed","template":"","meta":{"_uag_custom_page_level_css":"","site-sidebar-layout":"default","site-content-layout":"","ast-site-content-layout":"default","site-content-style":"default","site-sidebar-style":"default","ast-global-header-display":"","ast-banner-title-visibility":"","ast-main-header-display":"","ast-hfb-above-header-display":"","ast-hfb-below-header-display":"","ast-hfb-mobile-header-display":"","site-post-title":"","ast-breadcrumbs-content":"","ast-featured-img":"","footer-sml-layout":"","theme-transparent-header-meta":"default","adv-header-id-meta":"","stick-header-meta":"","header-above-stick-meta":"","header-main-stick-meta":"","header-below-stick-meta":"","astra-migrate-meta-layouts":"set","ast-page-background-enabled":"default","ast-page-background-meta":{"desktop":{"background-color":"","background-image":"","background-repeat":"repeat","background-position":"center center","background-size":"auto","background-attachment":"scroll","background-type":"","background-media":"","overlay-type":"","overlay-color":"","overlay-opacity":"","overlay-gradient":""},"tablet":{"background-color":"","background-image":"","background-repeat":"repeat","background-position":"center center","background-size":"auto","background-attachment":"scroll","background-type":"","background-media":"","overlay-type":"","overlay-color":"","overlay-opacity":"","overlay-gradient":""},"mobile":{"background-color":"","background-image":"","background-repeat":"repeat","background-position":"center center","background-size":"auto","background-attachment":"scroll","background-type":"","background-media":"","overlay-type":"","overlay-color":"","overlay-opacity":"","overlay-gradient":""}},"ast-content-background-meta":{"desktop":{"background-color":"var(--ast-global-color-5)","background-image":"","background-repeat":"repeat","background-position":"center center","background-size":"auto","background-attachment":"scroll","background-type":"","background-media":"","overlay-type":"","overlay-color":"","overlay-opacity":"","overlay-gradient":""},"tablet":{"background-color":"var(--ast-global-color-5)","background-image":"","background-repeat":"repeat","background-position":"center center","background-size":"auto","background-attachment":"scroll","background-type":"","background-media":"","overlay-type":"","overlay-color":"","overlay-opacity":"","overlay-gradient":""},"mobile":{"background-color":"var(--ast-global-color-5)","background-image":"","background-repeat":"repeat","background-position":"center center","background-size":"auto","background-attachment":"scroll","background-type":"","background-media":"","overlay-type":"","overlay-color":"","overlay-opacity":"","overlay-gradient":""}}},"product_cat":[162,164],"product_tag":[],"class_list":{"0":"post-5130","1":"product","2":"type-product","3":"status-publish","4":"has-post-thumbnail","6":"product_cat-catalogue","7":"product_cat-oversized-hoodies-maroc","8":"desktop-align-left","9":"tablet-align-left","10":"mobile-align-left","12":"first","13":"instock","14":"featured","15":"shipping-taxable","16":"purchasable","17":"product-type-variable","18":"has-default-attributes"},"yoast_head":"<!-- This site is optimized with the Yoast SEO plugin v23.5 - https:\/\/yoast.com\/wordpress\/plugins\/seo\/ -->\n<title>Oversized Hoodie Morocco Streetwear| Hoodie Oversize Maroc<\/title>\n<meta name=\"description\" content=\"Achetez le Oversized Hoodie Morocco Streetwear. Hoodie oversize premium, style streetwear tendance, confort maximal et livraison rapide partout au Maroc.\" \/>\n<meta name=\"robots\" content=\"index, follow, max-snippet:-1, max-image-preview:large, max-video-preview:-1\" \/>\n<link rel=\"canonical\" href=\"https:\/\/otmaroc.com\/ar\/product\/oversized-hoodie-morocco-streetwear\/\" \/>\n<meta property=\"og:locale\" content=\"ar_AR\" \/>\n<meta property=\"og:type\" content=\"article\" \/>\n<meta property=\"og:title\" content=\"Oversized Hoodie Morocco Streetwear| Hoodie Oversize Maroc\" \/>\n<meta property=\"og:description\" content=\"Achetez le Oversized Hoodie Morocco Streetwear. Hoodie oversize premium, style streetwear tendance, confort maximal et livraison rapide partout au Maroc.\" \/>\n<meta property=\"og:url\" content=\"https:\/\/otmaroc.com\/ar\/product\/oversized-hoodie-morocco-streetwear\/\" \/>\n<meta property=\"og:site_name\" content=\"OTMAROC\" \/>\n<meta property=\"article:publisher\" content=\"https:\/\/www.facebook.com\/profile.php?id=61565107472257\" \/>\n<meta property=\"article:modified_time\" content=\"2026-04-28T23:45:28+00:00\" \/>\n<meta property=\"og:image\" content=\"https:\/\/otmaroc.com\/wp-content\/uploads\/2026\/04\/Design-sans-titre-54-1.png\" \/>\n\t<meta property=\"og:image:width\" content=\"1080\" \/>\n\t<meta property=\"og:image:height\" content=\"1350\" \/>\n\t<meta property=\"og:image:type\" content=\"image\/png\" \/>\n<meta name=\"twitter:card\" content=\"summary_large_image\" \/>\n<meta name=\"twitter:label1\" content=\"\u0648\u0642\u062a \u0627\u0644\u0642\u0631\u0627\u0621\u0629 \u0627\u0644\u0645\u064f\u0642\u062f\u0651\u0631\" \/>\n\t<meta name=\"twitter:data1\" content=\"\u062f\u0642\u064a\u0642\u062a\u0627\u0646\" \/>\n<script type=\"application\/ld+json\" class=\"yoast-schema-graph\">{\"@context\":\"https:\/\/schema.org\",\"@graph\":[{\"@type\":\"WebPage\",\"@id\":\"https:\/\/otmaroc.com\/product\/oversized-hoodie-morocco-streetwear\/\",\"url\":\"https:\/\/otmaroc.com\/product\/oversized-hoodie-morocco-streetwear\/\",\"name\":\"Oversized Hoodie Morocco Streetwear| Hoodie Oversize Maroc\",\"isPartOf\":{\"@id\":\"https:\/\/otmaroc.com\/#website\"},\"primaryImageOfPage\":{\"@id\":\"https:\/\/otmaroc.com\/product\/oversized-hoodie-morocco-streetwear\/#primaryimage\"},\"image\":{\"@id\":\"https:\/\/otmaroc.com\/product\/oversized-hoodie-morocco-streetwear\/#primaryimage\"},\"thumbnailUrl\":\"https:\/\/otmaroc.com\/wp-content\/uploads\/2026\/04\/Design-sans-titre-54-1.png\",\"datePublished\":\"2026-04-28T18:24:07+00:00\",\"dateModified\":\"2026-04-28T23:45:28+00:00\",\"description\":\"Achetez le Oversized Hoodie Morocco Streetwear. Hoodie oversize premium, style streetwear tendance, confort maximal et livraison rapide partout au Maroc.\",\"breadcrumb\":{\"@id\":\"https:\/\/otmaroc.com\/product\/oversized-hoodie-morocco-streetwear\/#breadcrumb\"},\"inLanguage\":\"ar\",\"potentialAction\":[{\"@type\":\"ReadAction\",\"target\":[\"https:\/\/otmaroc.com\/product\/oversized-hoodie-morocco-streetwear\/\"]}]},{\"@type\":\"ImageObject\",\"inLanguage\":\"ar\",\"@id\":\"https:\/\/otmaroc.com\/product\/oversized-hoodie-morocco-streetwear\/#primaryimage\",\"url\":\"https:\/\/otmaroc.com\/wp-content\/uploads\/2026\/04\/Design-sans-titre-54-1.png\",\"contentUrl\":\"https:\/\/otmaroc.com\/wp-content\/uploads\/2026\/04\/Design-sans-titre-54-1.png\",\"width\":1080,\"height\":1350,\"caption\":\"Oversize Hoodie Maroc Streetwear\"},{\"@type\":\"BreadcrumbList\",\"@id\":\"https:\/\/otmaroc.com\/product\/oversized-hoodie-morocco-streetwear\/#breadcrumb\",\"itemListElement\":[{\"@type\":\"ListItem\",\"position\":1,\"name\":\"Home\",\"item\":\"https:\/\/otmaroc.com\/\"},{\"@type\":\"ListItem\",\"position\":2,\"name\":\"Products\",\"item\":\"https:\/\/otmaroc.com\/store\/\"},{\"@type\":\"ListItem\",\"position\":3,\"name\":\"Oversized Hoodie Morocco Streetwear \u2013 Design 10\"}]},{\"@type\":\"WebSite\",\"@id\":\"https:\/\/otmaroc.com\/#website\",\"url\":\"https:\/\/otmaroc.com\/\",\"name\":\"OTMAROC\",\"description\":\"Brand num\u00e9ro \u2160 pour Streetwear au Maroc\",\"publisher\":{\"@id\":\"https:\/\/otmaroc.com\/#organization\"},\"potentialAction\":[{\"@type\":\"SearchAction\",\"target\":{\"@type\":\"EntryPoint\",\"urlTemplate\":\"https:\/\/otmaroc.com\/?s={search_term_string}\"},\"query-input\":{\"@type\":\"PropertyValueSpecification\",\"valueRequired\":true,\"valueName\":\"search_term_string\"}}],\"inLanguage\":\"ar\"},{\"@type\":\"Organization\",\"@id\":\"https:\/\/otmaroc.com\/#organization\",\"name\":\"OTMAROC\",\"url\":\"https:\/\/otmaroc.com\/\",\"logo\":{\"@type\":\"ImageObject\",\"inLanguage\":\"ar\",\"@id\":\"https:\/\/otmaroc.com\/#\/schema\/logo\/image\/\",\"url\":\"https:\/\/otmaroc.com\/wp-content\/uploads\/2024\/08\/cropped-cropped-Black_White_Yellow_Simple_Initial_Name_Logo-removebg-preview-2.png\",\"contentUrl\":\"https:\/\/otmaroc.com\/wp-content\/uploads\/2024\/08\/cropped-cropped-Black_White_Yellow_Simple_Initial_Name_Logo-removebg-preview-2.png\",\"width\":298,\"height\":192,\"caption\":\"OTMAROC\"},\"image\":{\"@id\":\"https:\/\/otmaroc.com\/#\/schema\/logo\/image\/\"},\"sameAs\":[\"https:\/\/www.facebook.com\/profile.php?id=61565107472257\",\"https:\/\/www.instagram.com\/otmaroc2024\/\",\"https:\/\/www.youtube.com\/@othmaneksaibar6763\",\"https:\/\/api.whatsapp.com\/send?phone=2120623512008\"]}]}<\/script>\n<!-- \/ Yoast SEO plugin. -->","yoast_head_json":{"title":"Oversized Hoodie Morocco Streetwear| Hoodie Oversize Maroc","description":"Achetez le Oversized Hoodie Morocco Streetwear. Hoodie oversize premium, style streetwear tendance, confort maximal et livraison rapide partout au Maroc.","robots":{"index":"index","follow":"follow","max-snippet":"max-snippet:-1","max-image-preview":"max-image-preview:large","max-video-preview":"max-video-preview:-1"},"canonical":"https:\/\/otmaroc.com\/ar\/product\/oversized-hoodie-morocco-streetwear\/","og_locale":"ar_AR","og_type":"article","og_title":"Oversized Hoodie Morocco Streetwear| Hoodie Oversize Maroc","og_description":"Achetez le Oversized Hoodie Morocco Streetwear. Hoodie oversize premium, style streetwear tendance, confort maximal et livraison rapide partout au Maroc.","og_url":"https:\/\/otmaroc.com\/ar\/product\/oversized-hoodie-morocco-streetwear\/","og_site_name":"OTMAROC","article_publisher":"https:\/\/www.facebook.com\/profile.php?id=61565107472257","article_modified_time":"2026-04-28T23:45:28+00:00","og_image":[{"width":1080,"height":1350,"url":"https:\/\/otmaroc.com\/wp-content\/uploads\/2026\/04\/Design-sans-titre-54-1.png","type":"image\/png"}],"twitter_card":"summary_large_image","twitter_misc":{"\u0648\u0642\u062a \u0627\u0644\u0642\u0631\u0627\u0621\u0629 \u0627\u0644\u0645\u064f\u0642\u062f\u0651\u0631":"\u062f\u0642\u064a\u0642\u062a\u0627\u0646"},"schema":{"@context":"https:\/\/schema.org","@graph":[{"@type":"WebPage","@id":"https:\/\/otmaroc.com\/product\/oversized-hoodie-morocco-streetwear\/","url":"https:\/\/otmaroc.com\/product\/oversized-hoodie-morocco-streetwear\/","name":"Oversized Hoodie Morocco Streetwear| Hoodie Oversize Maroc","isPartOf":{"@id":"https:\/\/otmaroc.com\/#website"},"primaryImageOfPage":{"@id":"https:\/\/otmaroc.com\/product\/oversized-hoodie-morocco-streetwear\/#primaryimage"},"image":{"@id":"https:\/\/otmaroc.com\/product\/oversized-hoodie-morocco-streetwear\/#primaryimage"},"thumbnailUrl":"https:\/\/otmaroc.com\/wp-content\/uploads\/2026\/04\/Design-sans-titre-54-1.png","datePublished":"2026-04-28T18:24:07+00:00","dateModified":"2026-04-28T23:45:28+00:00","description":"Achetez le Oversized Hoodie Morocco Streetwear. Hoodie oversize premium, style streetwear tendance, confort maximal et livraison rapide partout au Maroc.","breadcrumb":{"@id":"https:\/\/otmaroc.com\/product\/oversized-hoodie-morocco-streetwear\/#breadcrumb"},"inLanguage":"ar","potentialAction":[{"@type":"ReadAction","target":["https:\/\/otmaroc.com\/product\/oversized-hoodie-morocco-streetwear\/"]}]},{"@type":"ImageObject","inLanguage":"ar","@id":"https:\/\/otmaroc.com\/product\/oversized-hoodie-morocco-streetwear\/#primaryimage","url":"https:\/\/otmaroc.com\/wp-content\/uploads\/2026\/04\/Design-sans-titre-54-1.png","contentUrl":"https:\/\/otmaroc.com\/wp-content\/uploads\/2026\/04\/Design-sans-titre-54-1.png","width":1080,"height":1350,"caption":"Oversize Hoodie Maroc Streetwear"},{"@type":"BreadcrumbList","@id":"https:\/\/otmaroc.com\/product\/oversized-hoodie-morocco-streetwear\/#breadcrumb","itemListElement":[{"@type":"ListItem","position":1,"name":"Home","item":"https:\/\/otmaroc.com\/"},{"@type":"ListItem","position":2,"name":"Products","item":"https:\/\/otmaroc.com\/store\/"},{"@type":"ListItem","position":3,"name":"Oversized Hoodie Morocco Streetwear \u2013 Design 10"}]},{"@type":"WebSite","@id":"https:\/\/otmaroc.com\/#website","url":"https:\/\/otmaroc.com\/","name":"OTMAROC","description":"Brand num\u00e9ro \u2160 pour Streetwear au Maroc","publisher":{"@id":"https:\/\/otmaroc.com\/#organization"},"potentialAction":[{"@type":"SearchAction","target":{"@type":"EntryPoint","urlTemplate":"https:\/\/otmaroc.com\/?s={search_term_string}"},"query-input":{"@type":"PropertyValueSpecification","valueRequired":true,"valueName":"search_term_string"}}],"inLanguage":"ar"},{"@type":"Organization","@id":"https:\/\/otmaroc.com\/#organization","name":"OTMAROC","url":"https:\/\/otmaroc.com\/","logo":{"@type":"ImageObject","inLanguage":"ar","@id":"https:\/\/otmaroc.com\/#\/schema\/logo\/image\/","url":"https:\/\/otmaroc.com\/wp-content\/uploads\/2024\/08\/cropped-cropped-Black_White_Yellow_Simple_Initial_Name_Logo-removebg-preview-2.png","contentUrl":"https:\/\/otmaroc.com\/wp-content\/uploads\/2024\/08\/cropped-cropped-Black_White_Yellow_Simple_Initial_Name_Logo-removebg-preview-2.png","width":298,"height":192,"caption":"OTMAROC"},"image":{"@id":"https:\/\/otmaroc.com\/#\/schema\/logo\/image\/"},"sameAs":["https:\/\/www.facebook.com\/profile.php?id=61565107472257","https:\/\/www.instagram.com\/otmaroc2024\/","https:\/\/www.youtube.com\/@othmaneksaibar6763","https:\/\/api.whatsapp.com\/send?phone=2120623512008"]}]}},"uagb_featured_image_src":{"full":["https:\/\/otmaroc.com\/wp-content\/uploads\/2026\/04\/Design-sans-titre-54-1.png",1080,1350,false],"thumbnail":["https:\/\/otmaroc.com\/wp-content\/uploads\/2026\/04\/Design-sans-titre-54-1-150x150.png",150,150,true],"medium":["https:\/\/otmaroc.com\/wp-content\/uploads\/2026\/04\/Design-sans-titre-54-1-240x300.png",240,300,true],"medium_large":["https:\/\/otmaroc.com\/wp-content\/uploads\/2026\/04\/Design-sans-titre-54-1-768x960.png",768,960,true],"large":["https:\/\/otmaroc.com\/wp-content\/uploads\/2026\/04\/Design-sans-titre-54-1-819x1024.png",819,1024,true],"1536x1536":["https:\/\/otmaroc.com\/wp-content\/uploads\/2026\/04\/Design-sans-titre-54-1.png",1080,1350,false],"2048x2048":["https:\/\/otmaroc.com\/wp-content\/uploads\/2026\/04\/Design-sans-titre-54-1.png",1080,1350,false],"trp-custom-language-flag":["https:\/\/otmaroc.com\/wp-content\/uploads\/2026\/04\/Design-sans-titre-54-1-10x12.png",10,12,true],"woocommerce_thumbnail":["https:\/\/otmaroc.com\/wp-content\/uploads\/2026\/04\/Design-sans-titre-54-1-300x300.png",300,300,true],"woocommerce_single":["https:\/\/otmaroc.com\/wp-content\/uploads\/2026\/04\/Design-sans-titre-54-1-600x750.png",600,750,true],"woocommerce_gallery_thumbnail":["https:\/\/otmaroc.com\/wp-content\/uploads\/2026\/04\/Design-sans-titre-54-1-100x100.png",100,100,true],"variation_swatches_image_size":["https:\/\/otmaroc.com\/wp-content\/uploads\/2026\/04\/Design-sans-titre-54-1-50x50.png",50,50,true],"variation_swatches_tooltip_size":["https:\/\/otmaroc.com\/wp-content\/uploads\/2026\/04\/Design-sans-titre-54-1-100x100.png",100,100,true],"dgwt-wcas-product-suggestion":["https:\/\/otmaroc.com\/wp-content\/uploads\/2026\/04\/Design-sans-titre-54-1-64x80.png",64,80,true]},"uagb_author_info":{"display_name":"othmane iptv","author_link":"https:\/\/otmaroc.com\/ar\/author\/"},"uagb_comment_info":0,"uagb_excerpt":"Affirmez votre style avec le Oversized Hoodie Morocco Streetwear. Un hoodie oversize moderne, Con\u00e7u en 100% coton, confortable et chaud, pens\u00e9 pour les passionn\u00e9s de streetwear au Maroc. Design unique, coupe tendance et qualit\u00e9 premium.","jetpack_sharing_enabled":true,"_links":{"self":[{"href":"https:\/\/otmaroc.com\/ar\/wp-json\/wp\/v2\/product\/5130"}],"collection":[{"href":"https:\/\/otmaroc.com\/ar\/wp-json\/wp\/v2\/product"}],"about":[{"href":"https:\/\/otmaroc.com\/ar\/wp-json\/wp\/v2\/types\/product"}],"replies":[{"embeddable":true,"href":"https:\/\/otmaroc.com\/ar\/wp-json\/wp\/v2\/comments?post=5130"}],"wp:featuredmedia":[{"embeddable":true,"href":"https:\/\/otmaroc.com\/ar\/wp-json\/wp\/v2\/media\/5067"}],"wp:attachment":[{"href":"https:\/\/otmaroc.com\/ar\/wp-json\/wp\/v2\/media?parent=5130"}],"wp:term":[{"taxonomy":"product_cat","embeddable":true,"href":"https:\/\/otmaroc.com\/ar\/wp-json\/wp\/v2\/product_cat?post=5130"},{"taxonomy":"product_tag","embeddable":true,"href":"https:\/\/otmaroc.com\/ar\/wp-json\/wp\/v2\/product_tag?post=5130"}],"curies":[{"name":"wp","href":"https:\/\/api.w.org\/{rel}","templated":true}]}}