{"id":5119,"date":"2026-04-28T19:20:57","date_gmt":"2026-04-28T18:20:57","guid":{"rendered":"https:\/\/otmaroc.com\/?post_type=product&#038;p=5119"},"modified":"2026-04-28T23:17:56","modified_gmt":"2026-04-28T22:17:56","slug":"streetwear-hoodie-maroc","status":"publish","type":"product","link":"https:\/\/otmaroc.com\/ar\/product\/streetwear-hoodie-maroc\/","title":{"rendered":"\u0647\u0648\u062f\u064a \u0645\u0646 \u0645\u0644\u0627\u0628\u0633 \u0627\u0644\u0634\u0627\u0631\u0639\u060c \u0627\u0644\u0645\u063a\u0631\u0628"},"content":{"rendered":"<p data-start=\"564\" data-end=\"922\">Le <strong data-start=\"567\" data-end=\"604\">Streetwear Hoodie Maroc <\/strong>est con\u00e7u pour les passionn\u00e9s de mode urbaine qui recherchent confort, style et qualit\u00e9. Fabriqu\u00e9 en <strong data-start=\"706\" data-end=\"720\">100% coton<\/strong>, ce hoodie premium offre une texture douce, respirante et agr\u00e9able \u00e0 porter au quotidien. La mati\u00e8re naturelle en coton assure \u00e9galement une excellente durabilit\u00e9 et un confort optimal en toute saison.<\/p>\n<p data-start=\"924\" data-end=\"1166\">Sa coupe oversize moderne apporte un look streetwear tendance, inspir\u00e9 des plus grandes r\u00e9f\u00e9rences urbaines actuelles. Gr\u00e2ce \u00e0 sa silhouette ample, ce hoodie garantit une grande libert\u00e9 de mouvement tout en donnant une allure forte et styl\u00e9e.<\/p>\n<p data-start=\"1168\" data-end=\"1365\">Le <strong data-start=\"1171\" data-end=\"1184\">Design <\/strong>ajoute une touche originale inspir\u00e9e de l\u2019\u00e9nergie streetwear marocaine. Il se porte facilement avec un jean, un pantalon cargo ou un jogger pour cr\u00e9er un outfit complet et moderne.<\/p>\n<h3 data-section-id=\"1ytuy5c\" data-start=\"1367\" data-end=\"1410\">Pourquoi choisir ce hoodie streetwear ?<\/h3>\n<ul data-start=\"1412\" data-end=\"1691\">\n<li data-section-id=\"174pgxp\" data-start=\"1412\" data-end=\"1456\"><strong data-start=\"1414\" data-end=\"1436\">100% coton premium<\/strong> doux et respirant<\/li>\n<li data-section-id=\"1kshewb\" data-start=\"1457\" data-end=\"1499\">\u0642\u0635\u0629 \u0648\u0627\u0633\u0639\u0629 \u0639\u0635\u0631\u064a\u0629 \u0648\u0645\u0631\u064a\u062d\u0629<\/li>\n<li data-section-id=\"jm3mj7\" data-start=\"1500\" data-end=\"1546\">Hoodie chaud id\u00e9al pour hiver et mi-saison<\/li>\n<li data-section-id=\"ycxj7l\" data-start=\"1547\" data-end=\"1577\">\u062a\u0635\u0645\u064a\u0645 \u0645\u0644\u0627\u0628\u0633 \u0627\u0644\u0634\u0627\u0631\u0639 \u0627\u0644\u062d\u0635\u0631\u064a<\/li>\n<li data-section-id=\"11wq1eb\" data-start=\"1578\" data-end=\"1610\">\u062a\u0635\u0645\u064a\u0645 \u0645\u0646\u0627\u0633\u0628 \u0644\u0644\u062c\u0646\u0633\u064a\u0646 \u0644\u0644\u0631\u062c\u0627\u0644 \u0648\u0627\u0644\u0646\u0633\u0627\u0621<\/li>\n<li data-section-id=\"1b0qwl4\" data-start=\"1611\" data-end=\"1653\">\u064a\u0633\u0647\u0644 \u062a\u0646\u0633\u064a\u0642\u0647 \u0645\u0639 \u0625\u0637\u0644\u0627\u0644\u0627\u062a \u0645\u062a\u0639\u062f\u062f\u0629<\/li>\n<li data-section-id=\"9bpjev\" data-start=\"1654\" data-end=\"1691\">\u062a\u0648\u0635\u064a\u0644 \u0633\u0631\u064a\u0639 \u0641\u064a \u062c\u0645\u064a\u0639 \u0623\u0646\u062d\u0627\u0621 \u0627\u0644\u0645\u063a\u0631\u0628<\/li>\n<\/ul>\n<h3 data-section-id=\"1d25xn1\" data-start=\"1693\" data-end=\"1716\">\u0643\u064a\u0641 \u064a\u062a\u0645 \u0627\u0631\u062a\u062f\u0627\u0624\u0647\u061f<\/h3>\n<p data-start=\"1718\" data-end=\"1888\">Associez ce hoodie avec un pantalon cargo noir, un jean oversize ou un jogger pour un style urbain complet. Ajoutez des sneakers pour finaliser votre tenue avec \u00e9l\u00e9gance.<\/p>\n<p data-start=\"1890\" data-end=\"2055\">Commandez d\u00e8s maintenant votre <strong data-start=\"1921\" data-end=\"1958\">Streetwear Hoodie Maroc Design <\/strong>sur OTMAROC et profitez d\u2019un hoodie premium en <strong data-start=\"2006\" data-end=\"2020\">100% coton<\/strong> pens\u00e9 pour le streetwear marocain.<\/p>","protected":false},"excerpt":{"rendered":"<p>Affirmez votre style avec le <strong data-start=\"324\" data-end=\"361\">Streetwear Hoodie Maroc <\/strong>. Con\u00e7u en <strong data-start=\"372\" data-end=\"386\">100% coton<\/strong>, ce hoodie oversize offre douceur, confort et qualit\u00e9 premium. Id\u00e9al pour un look streetwear moderne au Maroc avec une coupe tendance et un design unique.<\/p>","protected":false},"featured_media":5074,"comment_status":"open","ping_status":"closed","template":"","meta":{"_uag_custom_page_level_css":"","site-sidebar-layout":"default","site-content-layout":"","ast-site-content-layout":"default","site-content-style":"default","site-sidebar-style":"default","ast-global-header-display":"","ast-banner-title-visibility":"","ast-main-header-display":"","ast-hfb-above-header-display":"","ast-hfb-below-header-display":"","ast-hfb-mobile-header-display":"","site-post-title":"","ast-breadcrumbs-content":"","ast-featured-img":"","footer-sml-layout":"","theme-transparent-header-meta":"default","adv-header-id-meta":"","stick-header-meta":"","header-above-stick-meta":"","header-main-stick-meta":"","header-below-stick-meta":"","astra-migrate-meta-layouts":"set","ast-page-background-enabled":"default","ast-page-background-meta":{"desktop":{"background-color":"","background-image":"","background-repeat":"repeat","background-position":"center center","background-size":"auto","background-attachment":"scroll","background-type":"","background-media":"","overlay-type":"","overlay-color":"","overlay-opacity":"","overlay-gradient":""},"tablet":{"background-color":"","background-image":"","background-repeat":"repeat","background-position":"center center","background-size":"auto","background-attachment":"scroll","background-type":"","background-media":"","overlay-type":"","overlay-color":"","overlay-opacity":"","overlay-gradient":""},"mobile":{"background-color":"","background-image":"","background-repeat":"repeat","background-position":"center center","background-size":"auto","background-attachment":"scroll","background-type":"","background-media":"","overlay-type":"","overlay-color":"","overlay-opacity":"","overlay-gradient":""}},"ast-content-background-meta":{"desktop":{"background-color":"var(--ast-global-color-5)","background-image":"","background-repeat":"repeat","background-position":"center center","background-size":"auto","background-attachment":"scroll","background-type":"","background-media":"","overlay-type":"","overlay-color":"","overlay-opacity":"","overlay-gradient":""},"tablet":{"background-color":"var(--ast-global-color-5)","background-image":"","background-repeat":"repeat","background-position":"center center","background-size":"auto","background-attachment":"scroll","background-type":"","background-media":"","overlay-type":"","overlay-color":"","overlay-opacity":"","overlay-gradient":""},"mobile":{"background-color":"var(--ast-global-color-5)","background-image":"","background-repeat":"repeat","background-position":"center center","background-size":"auto","background-attachment":"scroll","background-type":"","background-media":"","overlay-type":"","overlay-color":"","overlay-opacity":"","overlay-gradient":""}}},"product_cat":[162,164],"product_tag":[],"class_list":{"0":"post-5119","1":"product","2":"type-product","3":"status-publish","4":"has-post-thumbnail","6":"product_cat-catalogue","7":"product_cat-oversized-hoodies-maroc","8":"desktop-align-left","9":"tablet-align-left","10":"mobile-align-left","12":"first","13":"instock","14":"featured","15":"shipping-taxable","16":"purchasable","17":"product-type-variable","18":"has-default-attributes"},"yoast_head":"<!-- This site is optimized with the Yoast SEO plugin v23.5 - https:\/\/yoast.com\/wordpress\/plugins\/seo\/ -->\n<title>Streetwear Hoodie Maroc | Hoodie Oversize 100% Coton<\/title>\n<meta name=\"description\" content=\"Meta Description: Achetez le Streetwear Hoodie Maroc. Hoodie oversize 100% coton, style tendance, confort premium et livraison rapide partout au Maroc\" \/>\n<meta name=\"robots\" content=\"index, follow, max-snippet:-1, max-image-preview:large, max-video-preview:-1\" \/>\n<link rel=\"canonical\" href=\"https:\/\/otmaroc.com\/ar\/product\/streetwear-hoodie-maroc\/\" \/>\n<meta property=\"og:locale\" content=\"ar_AR\" \/>\n<meta property=\"og:type\" content=\"article\" \/>\n<meta property=\"og:title\" content=\"Streetwear Hoodie Maroc | Hoodie Oversize 100% Coton\" \/>\n<meta property=\"og:description\" content=\"Meta Description: Achetez le Streetwear Hoodie Maroc. Hoodie oversize 100% coton, style tendance, confort premium et livraison rapide partout au Maroc\" \/>\n<meta property=\"og:url\" content=\"https:\/\/otmaroc.com\/ar\/product\/streetwear-hoodie-maroc\/\" \/>\n<meta property=\"og:site_name\" content=\"OTMAROC\" \/>\n<meta property=\"article:publisher\" content=\"https:\/\/www.facebook.com\/profile.php?id=61565107472257\" \/>\n<meta property=\"article:modified_time\" content=\"2026-04-28T22:17:56+00:00\" \/>\n<meta property=\"og:image\" content=\"https:\/\/otmaroc.com\/wp-content\/uploads\/2026\/04\/Design-sans-titre-41.png\" \/>\n\t<meta property=\"og:image:width\" content=\"1080\" \/>\n\t<meta property=\"og:image:height\" content=\"1350\" \/>\n\t<meta property=\"og:image:type\" content=\"image\/png\" \/>\n<meta name=\"twitter:card\" content=\"summary_large_image\" \/>\n<meta name=\"twitter:label1\" content=\"\u0648\u0642\u062a \u0627\u0644\u0642\u0631\u0627\u0621\u0629 \u0627\u0644\u0645\u064f\u0642\u062f\u0651\u0631\" \/>\n\t<meta name=\"twitter:data1\" content=\"\u062f\u0642\u064a\u0642\u062a\u0627\u0646\" \/>\n<script type=\"application\/ld+json\" class=\"yoast-schema-graph\">{\"@context\":\"https:\/\/schema.org\",\"@graph\":[{\"@type\":\"WebPage\",\"@id\":\"https:\/\/otmaroc.com\/product\/streetwear-hoodie-maroc\/\",\"url\":\"https:\/\/otmaroc.com\/product\/streetwear-hoodie-maroc\/\",\"name\":\"Streetwear Hoodie Maroc | Hoodie Oversize 100% Coton\",\"isPartOf\":{\"@id\":\"https:\/\/otmaroc.com\/#website\"},\"primaryImageOfPage\":{\"@id\":\"https:\/\/otmaroc.com\/product\/streetwear-hoodie-maroc\/#primaryimage\"},\"image\":{\"@id\":\"https:\/\/otmaroc.com\/product\/streetwear-hoodie-maroc\/#primaryimage\"},\"thumbnailUrl\":\"https:\/\/otmaroc.com\/wp-content\/uploads\/2026\/04\/Design-sans-titre-41.png\",\"datePublished\":\"2026-04-28T18:20:57+00:00\",\"dateModified\":\"2026-04-28T22:17:56+00:00\",\"description\":\"Meta Description: Achetez le Streetwear Hoodie Maroc. Hoodie oversize 100% coton, style tendance, confort premium et livraison rapide partout au Maroc\",\"breadcrumb\":{\"@id\":\"https:\/\/otmaroc.com\/product\/streetwear-hoodie-maroc\/#breadcrumb\"},\"inLanguage\":\"ar\",\"potentialAction\":[{\"@type\":\"ReadAction\",\"target\":[\"https:\/\/otmaroc.com\/product\/streetwear-hoodie-maroc\/\"]}]},{\"@type\":\"ImageObject\",\"inLanguage\":\"ar\",\"@id\":\"https:\/\/otmaroc.com\/product\/streetwear-hoodie-maroc\/#primaryimage\",\"url\":\"https:\/\/otmaroc.com\/wp-content\/uploads\/2026\/04\/Design-sans-titre-41.png\",\"contentUrl\":\"https:\/\/otmaroc.com\/wp-content\/uploads\/2026\/04\/Design-sans-titre-41.png\",\"width\":1080,\"height\":1350,\"caption\":\"Streetwear Hoodie Maroc\"},{\"@type\":\"BreadcrumbList\",\"@id\":\"https:\/\/otmaroc.com\/product\/streetwear-hoodie-maroc\/#breadcrumb\",\"itemListElement\":[{\"@type\":\"ListItem\",\"position\":1,\"name\":\"Home\",\"item\":\"https:\/\/otmaroc.com\/\"},{\"@type\":\"ListItem\",\"position\":2,\"name\":\"Products\",\"item\":\"https:\/\/otmaroc.com\/store\/\"},{\"@type\":\"ListItem\",\"position\":3,\"name\":\"Streetwear Hoodie Maroc \u2013 Design 10\"}]},{\"@type\":\"WebSite\",\"@id\":\"https:\/\/otmaroc.com\/#website\",\"url\":\"https:\/\/otmaroc.com\/\",\"name\":\"OTMAROC\",\"description\":\"Brand num\u00e9ro \u2160 pour Streetwear au Maroc\",\"publisher\":{\"@id\":\"https:\/\/otmaroc.com\/#organization\"},\"potentialAction\":[{\"@type\":\"SearchAction\",\"target\":{\"@type\":\"EntryPoint\",\"urlTemplate\":\"https:\/\/otmaroc.com\/?s={search_term_string}\"},\"query-input\":{\"@type\":\"PropertyValueSpecification\",\"valueRequired\":true,\"valueName\":\"search_term_string\"}}],\"inLanguage\":\"ar\"},{\"@type\":\"Organization\",\"@id\":\"https:\/\/otmaroc.com\/#organization\",\"name\":\"OTMAROC\",\"url\":\"https:\/\/otmaroc.com\/\",\"logo\":{\"@type\":\"ImageObject\",\"inLanguage\":\"ar\",\"@id\":\"https:\/\/otmaroc.com\/#\/schema\/logo\/image\/\",\"url\":\"https:\/\/otmaroc.com\/wp-content\/uploads\/2024\/08\/cropped-cropped-Black_White_Yellow_Simple_Initial_Name_Logo-removebg-preview-2.png\",\"contentUrl\":\"https:\/\/otmaroc.com\/wp-content\/uploads\/2024\/08\/cropped-cropped-Black_White_Yellow_Simple_Initial_Name_Logo-removebg-preview-2.png\",\"width\":298,\"height\":192,\"caption\":\"OTMAROC\"},\"image\":{\"@id\":\"https:\/\/otmaroc.com\/#\/schema\/logo\/image\/\"},\"sameAs\":[\"https:\/\/www.facebook.com\/profile.php?id=61565107472257\",\"https:\/\/www.instagram.com\/otmaroc2024\/\",\"https:\/\/www.youtube.com\/@othmaneksaibar6763\",\"https:\/\/api.whatsapp.com\/send?phone=2120623512008\"]}]}<\/script>\n<!-- \/ Yoast SEO plugin. -->","yoast_head_json":{"title":"Streetwear Hoodie Maroc | Hoodie Oversize 100% Coton","description":"Meta Description: Achetez le Streetwear Hoodie Maroc. Hoodie oversize 100% coton, style tendance, confort premium et livraison rapide partout au Maroc","robots":{"index":"index","follow":"follow","max-snippet":"max-snippet:-1","max-image-preview":"max-image-preview:large","max-video-preview":"max-video-preview:-1"},"canonical":"https:\/\/otmaroc.com\/ar\/product\/streetwear-hoodie-maroc\/","og_locale":"ar_AR","og_type":"article","og_title":"Streetwear Hoodie Maroc | Hoodie Oversize 100% Coton","og_description":"Meta Description: Achetez le Streetwear Hoodie Maroc. Hoodie oversize 100% coton, style tendance, confort premium et livraison rapide partout au Maroc","og_url":"https:\/\/otmaroc.com\/ar\/product\/streetwear-hoodie-maroc\/","og_site_name":"OTMAROC","article_publisher":"https:\/\/www.facebook.com\/profile.php?id=61565107472257","article_modified_time":"2026-04-28T22:17:56+00:00","og_image":[{"width":1080,"height":1350,"url":"https:\/\/otmaroc.com\/wp-content\/uploads\/2026\/04\/Design-sans-titre-41.png","type":"image\/png"}],"twitter_card":"summary_large_image","twitter_misc":{"\u0648\u0642\u062a \u0627\u0644\u0642\u0631\u0627\u0621\u0629 \u0627\u0644\u0645\u064f\u0642\u062f\u0651\u0631":"\u062f\u0642\u064a\u0642\u062a\u0627\u0646"},"schema":{"@context":"https:\/\/schema.org","@graph":[{"@type":"WebPage","@id":"https:\/\/otmaroc.com\/product\/streetwear-hoodie-maroc\/","url":"https:\/\/otmaroc.com\/product\/streetwear-hoodie-maroc\/","name":"Streetwear Hoodie Maroc | Hoodie Oversize 100% Coton","isPartOf":{"@id":"https:\/\/otmaroc.com\/#website"},"primaryImageOfPage":{"@id":"https:\/\/otmaroc.com\/product\/streetwear-hoodie-maroc\/#primaryimage"},"image":{"@id":"https:\/\/otmaroc.com\/product\/streetwear-hoodie-maroc\/#primaryimage"},"thumbnailUrl":"https:\/\/otmaroc.com\/wp-content\/uploads\/2026\/04\/Design-sans-titre-41.png","datePublished":"2026-04-28T18:20:57+00:00","dateModified":"2026-04-28T22:17:56+00:00","description":"Meta Description: Achetez le Streetwear Hoodie Maroc. Hoodie oversize 100% coton, style tendance, confort premium et livraison rapide partout au Maroc","breadcrumb":{"@id":"https:\/\/otmaroc.com\/product\/streetwear-hoodie-maroc\/#breadcrumb"},"inLanguage":"ar","potentialAction":[{"@type":"ReadAction","target":["https:\/\/otmaroc.com\/product\/streetwear-hoodie-maroc\/"]}]},{"@type":"ImageObject","inLanguage":"ar","@id":"https:\/\/otmaroc.com\/product\/streetwear-hoodie-maroc\/#primaryimage","url":"https:\/\/otmaroc.com\/wp-content\/uploads\/2026\/04\/Design-sans-titre-41.png","contentUrl":"https:\/\/otmaroc.com\/wp-content\/uploads\/2026\/04\/Design-sans-titre-41.png","width":1080,"height":1350,"caption":"Streetwear Hoodie Maroc"},{"@type":"BreadcrumbList","@id":"https:\/\/otmaroc.com\/product\/streetwear-hoodie-maroc\/#breadcrumb","itemListElement":[{"@type":"ListItem","position":1,"name":"Home","item":"https:\/\/otmaroc.com\/"},{"@type":"ListItem","position":2,"name":"Products","item":"https:\/\/otmaroc.com\/store\/"},{"@type":"ListItem","position":3,"name":"Streetwear Hoodie Maroc \u2013 Design 10"}]},{"@type":"WebSite","@id":"https:\/\/otmaroc.com\/#website","url":"https:\/\/otmaroc.com\/","name":"OTMAROC","description":"Brand num\u00e9ro \u2160 pour Streetwear au Maroc","publisher":{"@id":"https:\/\/otmaroc.com\/#organization"},"potentialAction":[{"@type":"SearchAction","target":{"@type":"EntryPoint","urlTemplate":"https:\/\/otmaroc.com\/?s={search_term_string}"},"query-input":{"@type":"PropertyValueSpecification","valueRequired":true,"valueName":"search_term_string"}}],"inLanguage":"ar"},{"@type":"Organization","@id":"https:\/\/otmaroc.com\/#organization","name":"OTMAROC","url":"https:\/\/otmaroc.com\/","logo":{"@type":"ImageObject","inLanguage":"ar","@id":"https:\/\/otmaroc.com\/#\/schema\/logo\/image\/","url":"https:\/\/otmaroc.com\/wp-content\/uploads\/2024\/08\/cropped-cropped-Black_White_Yellow_Simple_Initial_Name_Logo-removebg-preview-2.png","contentUrl":"https:\/\/otmaroc.com\/wp-content\/uploads\/2024\/08\/cropped-cropped-Black_White_Yellow_Simple_Initial_Name_Logo-removebg-preview-2.png","width":298,"height":192,"caption":"OTMAROC"},"image":{"@id":"https:\/\/otmaroc.com\/#\/schema\/logo\/image\/"},"sameAs":["https:\/\/www.facebook.com\/profile.php?id=61565107472257","https:\/\/www.instagram.com\/otmaroc2024\/","https:\/\/www.youtube.com\/@othmaneksaibar6763","https:\/\/api.whatsapp.com\/send?phone=2120623512008"]}]}},"uagb_featured_image_src":{"full":["https:\/\/otmaroc.com\/wp-content\/uploads\/2026\/04\/Design-sans-titre-41.png",1080,1350,false],"thumbnail":["https:\/\/otmaroc.com\/wp-content\/uploads\/2026\/04\/Design-sans-titre-41-150x150.png",150,150,true],"medium":["https:\/\/otmaroc.com\/wp-content\/uploads\/2026\/04\/Design-sans-titre-41-240x300.png",240,300,true],"medium_large":["https:\/\/otmaroc.com\/wp-content\/uploads\/2026\/04\/Design-sans-titre-41-768x960.png",768,960,true],"large":["https:\/\/otmaroc.com\/wp-content\/uploads\/2026\/04\/Design-sans-titre-41-819x1024.png",819,1024,true],"1536x1536":["https:\/\/otmaroc.com\/wp-content\/uploads\/2026\/04\/Design-sans-titre-41.png",1080,1350,false],"2048x2048":["https:\/\/otmaroc.com\/wp-content\/uploads\/2026\/04\/Design-sans-titre-41.png",1080,1350,false],"trp-custom-language-flag":["https:\/\/otmaroc.com\/wp-content\/uploads\/2026\/04\/Design-sans-titre-41-10x12.png",10,12,true],"woocommerce_thumbnail":["https:\/\/otmaroc.com\/wp-content\/uploads\/2026\/04\/Design-sans-titre-41-300x300.png",300,300,true],"woocommerce_single":["https:\/\/otmaroc.com\/wp-content\/uploads\/2026\/04\/Design-sans-titre-41-600x750.png",600,750,true],"woocommerce_gallery_thumbnail":["https:\/\/otmaroc.com\/wp-content\/uploads\/2026\/04\/Design-sans-titre-41-100x100.png",100,100,true],"variation_swatches_image_size":["https:\/\/otmaroc.com\/wp-content\/uploads\/2026\/04\/Design-sans-titre-41-50x50.png",50,50,true],"variation_swatches_tooltip_size":["https:\/\/otmaroc.com\/wp-content\/uploads\/2026\/04\/Design-sans-titre-41-100x100.png",100,100,true],"dgwt-wcas-product-suggestion":["https:\/\/otmaroc.com\/wp-content\/uploads\/2026\/04\/Design-sans-titre-41-64x80.png",64,80,true]},"uagb_author_info":{"display_name":"othmane iptv","author_link":"https:\/\/otmaroc.com\/ar\/author\/"},"uagb_comment_info":0,"uagb_excerpt":"Affirmez votre style avec le Streetwear Hoodie Maroc . Con\u00e7u en 100% coton, ce hoodie oversize offre douceur, confort et qualit\u00e9 premium. Id\u00e9al pour un look streetwear moderne au Maroc avec une coupe tendance et un design unique.","jetpack_sharing_enabled":true,"_links":{"self":[{"href":"https:\/\/otmaroc.com\/ar\/wp-json\/wp\/v2\/product\/5119"}],"collection":[{"href":"https:\/\/otmaroc.com\/ar\/wp-json\/wp\/v2\/product"}],"about":[{"href":"https:\/\/otmaroc.com\/ar\/wp-json\/wp\/v2\/types\/product"}],"replies":[{"embeddable":true,"href":"https:\/\/otmaroc.com\/ar\/wp-json\/wp\/v2\/comments?post=5119"}],"wp:featuredmedia":[{"embeddable":true,"href":"https:\/\/otmaroc.com\/ar\/wp-json\/wp\/v2\/media\/5074"}],"wp:attachment":[{"href":"https:\/\/otmaroc.com\/ar\/wp-json\/wp\/v2\/media?parent=5119"}],"wp:term":[{"taxonomy":"product_cat","embeddable":true,"href":"https:\/\/otmaroc.com\/ar\/wp-json\/wp\/v2\/product_cat?post=5119"},{"taxonomy":"product_tag","embeddable":true,"href":"https:\/\/otmaroc.com\/ar\/wp-json\/wp\/v2\/product_tag?post=5119"}],"curies":[{"name":"wp","href":"https:\/\/api.w.org\/{rel}","templated":true}]}}