{"id":5097,"date":"2026-04-28T18:59:28","date_gmt":"2026-04-28T17:59:28","guid":{"rendered":"https:\/\/otmaroc.com\/?post_type=product&#038;p=5097"},"modified":"2026-04-29T00:30:31","modified_gmt":"2026-04-28T23:30:31","slug":"urban-streetwear-hoodie-maroc-2","status":"publish","type":"product","link":"https:\/\/otmaroc.com\/ar\/product\/urban-streetwear-hoodie-maroc-2\/","title":{"rendered":"\u0647\u0648\u062f\u064a \u0645\u0646 \u0645\u0644\u0627\u0628\u0633 \u0627\u0644\u0634\u0627\u0631\u0639 \u0627\u0644\u0639\u0635\u0631\u064a\u0629\u060c \u0627\u0644\u0645\u063a\u0631\u0628"},"content":{"rendered":"<p data-start=\"588\" data-end=\"882\">Le <strong data-start=\"591\" data-end=\"633\">Urban Streetwear Hoodie Maroc<\/strong>\u00a0est con\u00e7u pour ceux qui veulent allier style urbain, confort et qualit\u00e9 sup\u00e9rieure. R\u00e9alis\u00e9 en <strong data-start=\"729\" data-end=\"743\">100% coton<\/strong>, ce hoodie premium procure une sensation douce sur la peau, une excellente respirabilit\u00e9 et une grande r\u00e9sistance pour un usage quotidien.<\/p>\n<p data-start=\"884\" data-end=\"1097\">Sa coupe oversize moderne apporte une silhouette tendance inspir\u00e9e des codes streetwear actuels. Gr\u00e2ce \u00e0 sa forme ample, il assure une libert\u00e9 de mouvement optimale tout en donnant un look affirm\u00e9 et contemporain.<\/p>\n<p data-start=\"1099\" data-end=\"1320\">Le <strong data-start=\"1102\" data-end=\"1114\">Design <\/strong>ajoute une touche originale inspir\u00e9e de la culture urbaine marocaine. Facile \u00e0 porter, ce hoodie se marie parfaitement avec un jean, un pantalon cargo ou un jogger pour cr\u00e9er une tenue streetwear compl\u00e8te.<\/p>\n<h3 data-section-id=\"rs3eao\" data-start=\"1322\" data-end=\"1354\">Pourquoi choisir ce hoodie ?<\/h3>\n<ul data-start=\"1356\" data-end=\"1634\">\n<li data-section-id=\"174pgxp\" data-start=\"1356\" data-end=\"1400\"><strong data-start=\"1358\" data-end=\"1380\">100% coton premium<\/strong> doux et respirant<\/li>\n<li data-section-id=\"1nmbjmr\" data-start=\"1401\" data-end=\"1442\">Coupe oversize moderne et confortable<\/li>\n<li data-section-id=\"jm3mj7\" data-start=\"1443\" data-end=\"1489\">Hoodie chaud id\u00e9al pour hiver et mi-saison<\/li>\n<li data-section-id=\"ycxj7l\" data-start=\"1490\" data-end=\"1520\">\u062a\u0635\u0645\u064a\u0645 \u0645\u0644\u0627\u0628\u0633 \u0627\u0644\u0634\u0627\u0631\u0639 \u0627\u0644\u062d\u0635\u0631\u064a<\/li>\n<li data-section-id=\"11wq1eb\" data-start=\"1521\" data-end=\"1553\">\u062a\u0635\u0645\u064a\u0645 \u0645\u0646\u0627\u0633\u0628 \u0644\u0644\u062c\u0646\u0633\u064a\u0646 \u0644\u0644\u0631\u062c\u0627\u0644 \u0648\u0627\u0644\u0646\u0633\u0627\u0621<\/li>\n<li data-section-id=\"1b0qwl4\" data-start=\"1554\" data-end=\"1596\">\u064a\u0633\u0647\u0644 \u062a\u0646\u0633\u064a\u0642\u0647 \u0645\u0639 \u0625\u0637\u0644\u0627\u0644\u0627\u062a \u0645\u062a\u0639\u062f\u062f\u0629<\/li>\n<li data-section-id=\"9bpjev\" data-start=\"1597\" data-end=\"1634\">\u062a\u0648\u0635\u064a\u0644 \u0633\u0631\u064a\u0639 \u0641\u064a \u062c\u0645\u064a\u0639 \u0623\u0646\u062d\u0627\u0621 \u0627\u0644\u0645\u063a\u0631\u0628<\/li>\n<\/ul>\n<h3 data-section-id=\"1d25xn1\" data-start=\"1636\" data-end=\"1659\">\u0643\u064a\u0641 \u064a\u062a\u0645 \u0627\u0631\u062a\u062f\u0627\u0624\u0647\u061f<\/h3>\n<p data-start=\"1661\" data-end=\"1822\">Associez ce hoodie avec un cargo noir, un jean oversize ou un jogger pour un style urbain complet. Ajoutez des sneakers pour finaliser votre tenue avec \u00e9l\u00e9gance.<\/p>\n<p data-start=\"1824\" data-end=\"1994\">Commandez d\u00e8s maintenant votre <strong data-start=\"1855\" data-end=\"1897\">Urban Streetwear Hoodie Maroc Design<\/strong>\u00a0sur OTMAROC et profitez d\u2019un hoodie premium en <strong data-start=\"1945\" data-end=\"1959\">100% coton<\/strong> pens\u00e9 pour le streetwear marocain.<\/p>","protected":false},"excerpt":{"rendered":"<p>Affirmez votre style avec le <strong data-start=\"338\" data-end=\"380\">Urban Streetwear Hoodie Maroc<\/strong>. Fabriqu\u00e9 en <strong data-start=\"394\" data-end=\"408\">100% coton<\/strong>, ce hoodie oversize offre douceur, chaleur et confort premium. Id\u00e9al pour un look streetwear moderne au Maroc avec une coupe tendance et un design unique.<\/p>","protected":false},"featured_media":5068,"comment_status":"open","ping_status":"closed","template":"","meta":{"_uag_custom_page_level_css":"","site-sidebar-layout":"default","site-content-layout":"","ast-site-content-layout":"default","site-content-style":"default","site-sidebar-style":"default","ast-global-header-display":"","ast-banner-title-visibility":"","ast-main-header-display":"","ast-hfb-above-header-display":"","ast-hfb-below-header-display":"","ast-hfb-mobile-header-display":"","site-post-title":"","ast-breadcrumbs-content":"","ast-featured-img":"","footer-sml-layout":"","theme-transparent-header-meta":"default","adv-header-id-meta":"","stick-header-meta":"","header-above-stick-meta":"","header-main-stick-meta":"","header-below-stick-meta":"","astra-migrate-meta-layouts":"set","ast-page-background-enabled":"default","ast-page-background-meta":{"desktop":{"background-color":"","background-image":"","background-repeat":"repeat","background-position":"center center","background-size":"auto","background-attachment":"scroll","background-type":"","background-media":"","overlay-type":"","overlay-color":"","overlay-opacity":"","overlay-gradient":""},"tablet":{"background-color":"","background-image":"","background-repeat":"repeat","background-position":"center center","background-size":"auto","background-attachment":"scroll","background-type":"","background-media":"","overlay-type":"","overlay-color":"","overlay-opacity":"","overlay-gradient":""},"mobile":{"background-color":"","background-image":"","background-repeat":"repeat","background-position":"center center","background-size":"auto","background-attachment":"scroll","background-type":"","background-media":"","overlay-type":"","overlay-color":"","overlay-opacity":"","overlay-gradient":""}},"ast-content-background-meta":{"desktop":{"background-color":"var(--ast-global-color-5)","background-image":"","background-repeat":"repeat","background-position":"center center","background-size":"auto","background-attachment":"scroll","background-type":"","background-media":"","overlay-type":"","overlay-color":"","overlay-opacity":"","overlay-gradient":""},"tablet":{"background-color":"var(--ast-global-color-5)","background-image":"","background-repeat":"repeat","background-position":"center center","background-size":"auto","background-attachment":"scroll","background-type":"","background-media":"","overlay-type":"","overlay-color":"","overlay-opacity":"","overlay-gradient":""},"mobile":{"background-color":"var(--ast-global-color-5)","background-image":"","background-repeat":"repeat","background-position":"center center","background-size":"auto","background-attachment":"scroll","background-type":"","background-media":"","overlay-type":"","overlay-color":"","overlay-opacity":"","overlay-gradient":""}}},"product_cat":[162,164],"product_tag":[],"class_list":{"0":"post-5097","1":"product","2":"type-product","3":"status-publish","4":"has-post-thumbnail","6":"product_cat-catalogue","7":"product_cat-oversized-hoodies-maroc","8":"desktop-align-left","9":"tablet-align-left","10":"mobile-align-left","12":"first","13":"instock","14":"featured","15":"shipping-taxable","16":"purchasable","17":"product-type-variable","18":"has-default-attributes"},"yoast_head":"<!-- This site is optimized with the Yoast SEO plugin v23.5 - https:\/\/yoast.com\/wordpress\/plugins\/seo\/ -->\n<title>Oversize T-Shirt Streetwear Maroc Noir | OTMAROC<\/title>\n<meta name=\"description\" content=\"Achetez le Urban Streetwear Hoodie Maroc. Hoodie oversize 100% coton, style streetwear tendance, confort premium et livraison rapide partout au Maroc.\" \/>\n<meta name=\"robots\" content=\"index, follow, max-snippet:-1, max-image-preview:large, max-video-preview:-1\" \/>\n<link rel=\"canonical\" href=\"https:\/\/otmaroc.com\/ar\/product\/urban-streetwear-hoodie-maroc-2\/\" \/>\n<meta property=\"og:locale\" content=\"ar_AR\" \/>\n<meta property=\"og:type\" content=\"article\" \/>\n<meta property=\"og:title\" content=\"Oversize T-Shirt Streetwear Maroc Noir | OTMAROC\" \/>\n<meta property=\"og:description\" content=\"Achetez le Urban Streetwear Hoodie Maroc. Hoodie oversize 100% coton, style streetwear tendance, confort premium et livraison rapide partout au Maroc.\" \/>\n<meta property=\"og:url\" content=\"https:\/\/otmaroc.com\/ar\/product\/urban-streetwear-hoodie-maroc-2\/\" \/>\n<meta property=\"og:site_name\" content=\"OTMAROC\" \/>\n<meta property=\"article:publisher\" content=\"https:\/\/www.facebook.com\/profile.php?id=61565107472257\" \/>\n<meta property=\"article:modified_time\" content=\"2026-04-28T23:30:31+00:00\" \/>\n<meta property=\"og:image\" content=\"https:\/\/otmaroc.com\/wp-content\/uploads\/2026\/04\/Design-sans-titre-53.png\" \/>\n\t<meta property=\"og:image:width\" content=\"1080\" \/>\n\t<meta property=\"og:image:height\" content=\"1350\" \/>\n\t<meta property=\"og:image:type\" content=\"image\/png\" \/>\n<meta name=\"twitter:card\" content=\"summary_large_image\" \/>\n<meta name=\"twitter:label1\" content=\"\u0648\u0642\u062a \u0627\u0644\u0642\u0631\u0627\u0621\u0629 \u0627\u0644\u0645\u064f\u0642\u062f\u0651\u0631\" \/>\n\t<meta name=\"twitter:data1\" content=\"\u062f\u0642\u064a\u0642\u062a\u0627\u0646\" \/>\n<script type=\"application\/ld+json\" class=\"yoast-schema-graph\">{\"@context\":\"https:\/\/schema.org\",\"@graph\":[{\"@type\":\"WebPage\",\"@id\":\"https:\/\/otmaroc.com\/product\/urban-streetwear-hoodie-maroc-2\/\",\"url\":\"https:\/\/otmaroc.com\/product\/urban-streetwear-hoodie-maroc-2\/\",\"name\":\"Oversize T-Shirt Streetwear Maroc Noir | OTMAROC\",\"isPartOf\":{\"@id\":\"https:\/\/otmaroc.com\/#website\"},\"primaryImageOfPage\":{\"@id\":\"https:\/\/otmaroc.com\/product\/urban-streetwear-hoodie-maroc-2\/#primaryimage\"},\"image\":{\"@id\":\"https:\/\/otmaroc.com\/product\/urban-streetwear-hoodie-maroc-2\/#primaryimage\"},\"thumbnailUrl\":\"https:\/\/otmaroc.com\/wp-content\/uploads\/2026\/04\/Design-sans-titre-53.png\",\"datePublished\":\"2026-04-28T17:59:28+00:00\",\"dateModified\":\"2026-04-28T23:30:31+00:00\",\"description\":\"Achetez le Urban Streetwear Hoodie Maroc. Hoodie oversize 100% coton, style streetwear tendance, confort premium et livraison rapide partout au Maroc.\",\"breadcrumb\":{\"@id\":\"https:\/\/otmaroc.com\/product\/urban-streetwear-hoodie-maroc-2\/#breadcrumb\"},\"inLanguage\":\"ar\",\"potentialAction\":[{\"@type\":\"ReadAction\",\"target\":[\"https:\/\/otmaroc.com\/product\/urban-streetwear-hoodie-maroc-2\/\"]}]},{\"@type\":\"ImageObject\",\"inLanguage\":\"ar\",\"@id\":\"https:\/\/otmaroc.com\/product\/urban-streetwear-hoodie-maroc-2\/#primaryimage\",\"url\":\"https:\/\/otmaroc.com\/wp-content\/uploads\/2026\/04\/Design-sans-titre-53.png\",\"contentUrl\":\"https:\/\/otmaroc.com\/wp-content\/uploads\/2026\/04\/Design-sans-titre-53.png\",\"width\":1080,\"height\":1350,\"caption\":\"Urban Streetwear Hoodie Maroc\"},{\"@type\":\"BreadcrumbList\",\"@id\":\"https:\/\/otmaroc.com\/product\/urban-streetwear-hoodie-maroc-2\/#breadcrumb\",\"itemListElement\":[{\"@type\":\"ListItem\",\"position\":1,\"name\":\"Home\",\"item\":\"https:\/\/otmaroc.com\/\"},{\"@type\":\"ListItem\",\"position\":2,\"name\":\"Products\",\"item\":\"https:\/\/otmaroc.com\/store\/\"},{\"@type\":\"ListItem\",\"position\":3,\"name\":\"Urban Streetwear Hoodie Maroc- design 9\"}]},{\"@type\":\"WebSite\",\"@id\":\"https:\/\/otmaroc.com\/#website\",\"url\":\"https:\/\/otmaroc.com\/\",\"name\":\"OTMAROC\",\"description\":\"Brand num\u00e9ro \u2160 pour Streetwear au Maroc\",\"publisher\":{\"@id\":\"https:\/\/otmaroc.com\/#organization\"},\"potentialAction\":[{\"@type\":\"SearchAction\",\"target\":{\"@type\":\"EntryPoint\",\"urlTemplate\":\"https:\/\/otmaroc.com\/?s={search_term_string}\"},\"query-input\":{\"@type\":\"PropertyValueSpecification\",\"valueRequired\":true,\"valueName\":\"search_term_string\"}}],\"inLanguage\":\"ar\"},{\"@type\":\"Organization\",\"@id\":\"https:\/\/otmaroc.com\/#organization\",\"name\":\"OTMAROC\",\"url\":\"https:\/\/otmaroc.com\/\",\"logo\":{\"@type\":\"ImageObject\",\"inLanguage\":\"ar\",\"@id\":\"https:\/\/otmaroc.com\/#\/schema\/logo\/image\/\",\"url\":\"https:\/\/otmaroc.com\/wp-content\/uploads\/2024\/08\/cropped-cropped-Black_White_Yellow_Simple_Initial_Name_Logo-removebg-preview-2.png\",\"contentUrl\":\"https:\/\/otmaroc.com\/wp-content\/uploads\/2024\/08\/cropped-cropped-Black_White_Yellow_Simple_Initial_Name_Logo-removebg-preview-2.png\",\"width\":298,\"height\":192,\"caption\":\"OTMAROC\"},\"image\":{\"@id\":\"https:\/\/otmaroc.com\/#\/schema\/logo\/image\/\"},\"sameAs\":[\"https:\/\/www.facebook.com\/profile.php?id=61565107472257\",\"https:\/\/www.instagram.com\/otmaroc2024\/\",\"https:\/\/www.youtube.com\/@othmaneksaibar6763\",\"https:\/\/api.whatsapp.com\/send?phone=2120623512008\"]}]}<\/script>\n<!-- \/ Yoast SEO plugin. -->","yoast_head_json":{"title":"Oversize T-Shirt Streetwear Maroc Noir | OTMAROC","description":"Achetez le Urban Streetwear Hoodie Maroc. Hoodie oversize 100% coton, style streetwear tendance, confort premium et livraison rapide partout au Maroc.","robots":{"index":"index","follow":"follow","max-snippet":"max-snippet:-1","max-image-preview":"max-image-preview:large","max-video-preview":"max-video-preview:-1"},"canonical":"https:\/\/otmaroc.com\/ar\/product\/urban-streetwear-hoodie-maroc-2\/","og_locale":"ar_AR","og_type":"article","og_title":"Oversize T-Shirt Streetwear Maroc Noir | OTMAROC","og_description":"Achetez le Urban Streetwear Hoodie Maroc. Hoodie oversize 100% coton, style streetwear tendance, confort premium et livraison rapide partout au Maroc.","og_url":"https:\/\/otmaroc.com\/ar\/product\/urban-streetwear-hoodie-maroc-2\/","og_site_name":"OTMAROC","article_publisher":"https:\/\/www.facebook.com\/profile.php?id=61565107472257","article_modified_time":"2026-04-28T23:30:31+00:00","og_image":[{"width":1080,"height":1350,"url":"https:\/\/otmaroc.com\/wp-content\/uploads\/2026\/04\/Design-sans-titre-53.png","type":"image\/png"}],"twitter_card":"summary_large_image","twitter_misc":{"\u0648\u0642\u062a \u0627\u0644\u0642\u0631\u0627\u0621\u0629 \u0627\u0644\u0645\u064f\u0642\u062f\u0651\u0631":"\u062f\u0642\u064a\u0642\u062a\u0627\u0646"},"schema":{"@context":"https:\/\/schema.org","@graph":[{"@type":"WebPage","@id":"https:\/\/otmaroc.com\/product\/urban-streetwear-hoodie-maroc-2\/","url":"https:\/\/otmaroc.com\/product\/urban-streetwear-hoodie-maroc-2\/","name":"Oversize T-Shirt Streetwear Maroc Noir | OTMAROC","isPartOf":{"@id":"https:\/\/otmaroc.com\/#website"},"primaryImageOfPage":{"@id":"https:\/\/otmaroc.com\/product\/urban-streetwear-hoodie-maroc-2\/#primaryimage"},"image":{"@id":"https:\/\/otmaroc.com\/product\/urban-streetwear-hoodie-maroc-2\/#primaryimage"},"thumbnailUrl":"https:\/\/otmaroc.com\/wp-content\/uploads\/2026\/04\/Design-sans-titre-53.png","datePublished":"2026-04-28T17:59:28+00:00","dateModified":"2026-04-28T23:30:31+00:00","description":"Achetez le Urban Streetwear Hoodie Maroc. Hoodie oversize 100% coton, style streetwear tendance, confort premium et livraison rapide partout au Maroc.","breadcrumb":{"@id":"https:\/\/otmaroc.com\/product\/urban-streetwear-hoodie-maroc-2\/#breadcrumb"},"inLanguage":"ar","potentialAction":[{"@type":"ReadAction","target":["https:\/\/otmaroc.com\/product\/urban-streetwear-hoodie-maroc-2\/"]}]},{"@type":"ImageObject","inLanguage":"ar","@id":"https:\/\/otmaroc.com\/product\/urban-streetwear-hoodie-maroc-2\/#primaryimage","url":"https:\/\/otmaroc.com\/wp-content\/uploads\/2026\/04\/Design-sans-titre-53.png","contentUrl":"https:\/\/otmaroc.com\/wp-content\/uploads\/2026\/04\/Design-sans-titre-53.png","width":1080,"height":1350,"caption":"Urban Streetwear Hoodie Maroc"},{"@type":"BreadcrumbList","@id":"https:\/\/otmaroc.com\/product\/urban-streetwear-hoodie-maroc-2\/#breadcrumb","itemListElement":[{"@type":"ListItem","position":1,"name":"Home","item":"https:\/\/otmaroc.com\/"},{"@type":"ListItem","position":2,"name":"Products","item":"https:\/\/otmaroc.com\/store\/"},{"@type":"ListItem","position":3,"name":"Urban Streetwear Hoodie Maroc- design 9"}]},{"@type":"WebSite","@id":"https:\/\/otmaroc.com\/#website","url":"https:\/\/otmaroc.com\/","name":"OTMAROC","description":"Brand num\u00e9ro \u2160 pour Streetwear au Maroc","publisher":{"@id":"https:\/\/otmaroc.com\/#organization"},"potentialAction":[{"@type":"SearchAction","target":{"@type":"EntryPoint","urlTemplate":"https:\/\/otmaroc.com\/?s={search_term_string}"},"query-input":{"@type":"PropertyValueSpecification","valueRequired":true,"valueName":"search_term_string"}}],"inLanguage":"ar"},{"@type":"Organization","@id":"https:\/\/otmaroc.com\/#organization","name":"OTMAROC","url":"https:\/\/otmaroc.com\/","logo":{"@type":"ImageObject","inLanguage":"ar","@id":"https:\/\/otmaroc.com\/#\/schema\/logo\/image\/","url":"https:\/\/otmaroc.com\/wp-content\/uploads\/2024\/08\/cropped-cropped-Black_White_Yellow_Simple_Initial_Name_Logo-removebg-preview-2.png","contentUrl":"https:\/\/otmaroc.com\/wp-content\/uploads\/2024\/08\/cropped-cropped-Black_White_Yellow_Simple_Initial_Name_Logo-removebg-preview-2.png","width":298,"height":192,"caption":"OTMAROC"},"image":{"@id":"https:\/\/otmaroc.com\/#\/schema\/logo\/image\/"},"sameAs":["https:\/\/www.facebook.com\/profile.php?id=61565107472257","https:\/\/www.instagram.com\/otmaroc2024\/","https:\/\/www.youtube.com\/@othmaneksaibar6763","https:\/\/api.whatsapp.com\/send?phone=2120623512008"]}]}},"uagb_featured_image_src":{"full":["https:\/\/otmaroc.com\/wp-content\/uploads\/2026\/04\/Design-sans-titre-53.png",1080,1350,false],"thumbnail":["https:\/\/otmaroc.com\/wp-content\/uploads\/2026\/04\/Design-sans-titre-53-150x150.png",150,150,true],"medium":["https:\/\/otmaroc.com\/wp-content\/uploads\/2026\/04\/Design-sans-titre-53-240x300.png",240,300,true],"medium_large":["https:\/\/otmaroc.com\/wp-content\/uploads\/2026\/04\/Design-sans-titre-53-768x960.png",768,960,true],"large":["https:\/\/otmaroc.com\/wp-content\/uploads\/2026\/04\/Design-sans-titre-53-819x1024.png",819,1024,true],"1536x1536":["https:\/\/otmaroc.com\/wp-content\/uploads\/2026\/04\/Design-sans-titre-53.png",1080,1350,false],"2048x2048":["https:\/\/otmaroc.com\/wp-content\/uploads\/2026\/04\/Design-sans-titre-53.png",1080,1350,false],"trp-custom-language-flag":["https:\/\/otmaroc.com\/wp-content\/uploads\/2026\/04\/Design-sans-titre-53-10x12.png",10,12,true],"woocommerce_thumbnail":["https:\/\/otmaroc.com\/wp-content\/uploads\/2026\/04\/Design-sans-titre-53-300x300.png",300,300,true],"woocommerce_single":["https:\/\/otmaroc.com\/wp-content\/uploads\/2026\/04\/Design-sans-titre-53-600x750.png",600,750,true],"woocommerce_gallery_thumbnail":["https:\/\/otmaroc.com\/wp-content\/uploads\/2026\/04\/Design-sans-titre-53-100x100.png",100,100,true],"variation_swatches_image_size":["https:\/\/otmaroc.com\/wp-content\/uploads\/2026\/04\/Design-sans-titre-53-50x50.png",50,50,true],"variation_swatches_tooltip_size":["https:\/\/otmaroc.com\/wp-content\/uploads\/2026\/04\/Design-sans-titre-53-100x100.png",100,100,true],"dgwt-wcas-product-suggestion":["https:\/\/otmaroc.com\/wp-content\/uploads\/2026\/04\/Design-sans-titre-53-64x80.png",64,80,true]},"uagb_author_info":{"display_name":"othmane iptv","author_link":"https:\/\/otmaroc.com\/ar\/author\/"},"uagb_comment_info":0,"uagb_excerpt":"Affirmez votre style avec le Urban Streetwear Hoodie Maroc. Fabriqu\u00e9 en 100% coton, ce hoodie oversize offre douceur, chaleur et confort premium. Id\u00e9al pour un look streetwear moderne au Maroc avec une coupe tendance et un design unique.","jetpack_sharing_enabled":true,"_links":{"self":[{"href":"https:\/\/otmaroc.com\/ar\/wp-json\/wp\/v2\/product\/5097"}],"collection":[{"href":"https:\/\/otmaroc.com\/ar\/wp-json\/wp\/v2\/product"}],"about":[{"href":"https:\/\/otmaroc.com\/ar\/wp-json\/wp\/v2\/types\/product"}],"replies":[{"embeddable":true,"href":"https:\/\/otmaroc.com\/ar\/wp-json\/wp\/v2\/comments?post=5097"}],"wp:featuredmedia":[{"embeddable":true,"href":"https:\/\/otmaroc.com\/ar\/wp-json\/wp\/v2\/media\/5068"}],"wp:attachment":[{"href":"https:\/\/otmaroc.com\/ar\/wp-json\/wp\/v2\/media?parent=5097"}],"wp:term":[{"taxonomy":"product_cat","embeddable":true,"href":"https:\/\/otmaroc.com\/ar\/wp-json\/wp\/v2\/product_cat?post=5097"},{"taxonomy":"product_tag","embeddable":true,"href":"https:\/\/otmaroc.com\/ar\/wp-json\/wp\/v2\/product_tag?post=5097"}],"curies":[{"name":"wp","href":"https:\/\/api.w.org\/{rel}","templated":true}]}}