{"id":5064,"date":"2026-04-28T18:07:35","date_gmt":"2026-04-28T17:07:35","guid":{"rendered":"https:\/\/otmaroc.com\/?post_type=product&#038;p=5064"},"modified":"2026-04-29T00:44:24","modified_gmt":"2026-04-28T23:44:24","slug":"oversized-hoodie-streetwear-morocco","status":"publish","type":"product","link":"https:\/\/otmaroc.com\/ar\/product\/oversized-hoodie-streetwear-morocco\/","title":{"rendered":"\u0647\u0648\u062f\u064a \u0648\u0627\u0633\u0639\u060c \u0645\u0644\u0627\u0628\u0633 \u0627\u0644\u0634\u0627\u0631\u0639\u060c \u0627\u0644\u0645\u063a\u0631\u0628"},"content":{"rendered":"<p data-start=\"590\" data-end=\"902\">Le <strong data-start=\"593\" data-end=\"641\">Oversized Hoodie Streetwear Morocco <\/strong>est pens\u00e9 pour les passionn\u00e9s de mode urbaine qui veulent allier confort, qualit\u00e9 et style affirm\u00e9. Con\u00e7u en <strong data-start=\"751\" data-end=\"765\">100% coton<\/strong>, ce hoodie premium offre une sensation douce sur la peau, une excellente respirabilit\u00e9 et une grande r\u00e9sistance pour un usage quotidien.<\/p>\n<p data-start=\"904\" data-end=\"1120\">Sa coupe oversize moderne apporte une silhouette tendance inspir\u00e9e des codes streetwear actuels. Gr\u00e2ce \u00e0 sa forme ample, il garantit une libert\u00e9 de mouvement optimale tout en donnant un look puissant et contemporain.<\/p>\n<p data-start=\"1122\" data-end=\"1342\">Le <strong data-start=\"1125\" data-end=\"1137\">Design <\/strong>ajoute une identit\u00e9 visuelle unique inspir\u00e9e de l\u2019\u00e9nergie urbaine marocaine. Ce hoodie se porte facilement avec un jean, un pantalon cargo ou un jogger pour cr\u00e9er une tenue streetwear compl\u00e8te et moderne.<\/p>\n<h3 data-section-id=\"rs3eao\" data-start=\"1344\" data-end=\"1376\">Pourquoi choisir ce hoodie ?<\/h3>\n<ul data-start=\"1378\" data-end=\"1657\">\n<li data-section-id=\"174pgxp\" data-start=\"1378\" data-end=\"1422\"><strong data-start=\"1380\" data-end=\"1402\">100% coton premium<\/strong> doux et respirant<\/li>\n<li data-section-id=\"1kshewb\" data-start=\"1423\" data-end=\"1465\">\u0642\u0635\u0629 \u0648\u0627\u0633\u0639\u0629 \u0639\u0635\u0631\u064a\u0629 \u0648\u0645\u0631\u064a\u062d\u0629<\/li>\n<li data-section-id=\"jm3mj7\" data-start=\"1466\" data-end=\"1512\">Hoodie chaud id\u00e9al pour hiver et mi-saison<\/li>\n<li data-section-id=\"ycxj7l\" data-start=\"1513\" data-end=\"1543\">\u062a\u0635\u0645\u064a\u0645 \u0645\u0644\u0627\u0628\u0633 \u0627\u0644\u0634\u0627\u0631\u0639 \u0627\u0644\u062d\u0635\u0631\u064a<\/li>\n<li data-section-id=\"11wq1eb\" data-start=\"1544\" data-end=\"1576\">\u062a\u0635\u0645\u064a\u0645 \u0645\u0646\u0627\u0633\u0628 \u0644\u0644\u062c\u0646\u0633\u064a\u0646 \u0644\u0644\u0631\u062c\u0627\u0644 \u0648\u0627\u0644\u0646\u0633\u0627\u0621<\/li>\n<li data-section-id=\"1b0qwl4\" data-start=\"1577\" data-end=\"1619\">\u064a\u0633\u0647\u0644 \u062a\u0646\u0633\u064a\u0642\u0647 \u0645\u0639 \u0625\u0637\u0644\u0627\u0644\u0627\u062a \u0645\u062a\u0639\u062f\u062f\u0629<\/li>\n<li data-section-id=\"9bpjev\" data-start=\"1620\" data-end=\"1657\">\u062a\u0648\u0635\u064a\u0644 \u0633\u0631\u064a\u0639 \u0641\u064a \u062c\u0645\u064a\u0639 \u0623\u0646\u062d\u0627\u0621 \u0627\u0644\u0645\u063a\u0631\u0628<\/li>\n<\/ul>\n<h3 data-section-id=\"1d25xn1\" data-start=\"1659\" data-end=\"1682\">\u0643\u064a\u0641 \u064a\u062a\u0645 \u0627\u0631\u062a\u062f\u0627\u0624\u0647\u061f<\/h3>\n<p data-start=\"1684\" data-end=\"1845\">Associez ce hoodie avec un cargo noir, un jean oversize ou un jogger pour un style urbain complet. Ajoutez des sneakers pour finaliser votre tenue avec \u00e9l\u00e9gance.<\/p>\n<p data-start=\"1847\" data-end=\"2023\">Commandez d\u00e8s maintenant votre <strong data-start=\"1878\" data-end=\"1926\">Oversized Hoodie Streetwear Morocco <\/strong>sur OTMAROC et profitez d\u2019un hoodie premium en <strong data-start=\"1974\" data-end=\"1988\">100% coton<\/strong> pens\u00e9 pour le streetwear marocain.<\/p>","protected":false},"excerpt":{"rendered":"<p>Adoptez un look urbain moderne avec le <strong data-start=\"347\" data-end=\"395\">Oversized Hoodie Streetwear Morocco<\/strong>. Fabriqu\u00e9 en <strong data-start=\"409\" data-end=\"423\">100% coton<\/strong>, ce hoodie oversize offre douceur, chaleur et confort premium. Id\u00e9al pour les amateurs de streetwear au Maroc qui recherchent style et qualit\u00e9.<\/p>","protected":false},"featured_media":5065,"comment_status":"open","ping_status":"closed","template":"","meta":{"_uag_custom_page_level_css":"","site-sidebar-layout":"default","site-content-layout":"","ast-site-content-layout":"default","site-content-style":"default","site-sidebar-style":"default","ast-global-header-display":"","ast-banner-title-visibility":"","ast-main-header-display":"","ast-hfb-above-header-display":"","ast-hfb-below-header-display":"","ast-hfb-mobile-header-display":"","site-post-title":"","ast-breadcrumbs-content":"","ast-featured-img":"","footer-sml-layout":"","theme-transparent-header-meta":"default","adv-header-id-meta":"","stick-header-meta":"","header-above-stick-meta":"","header-main-stick-meta":"","header-below-stick-meta":"","astra-migrate-meta-layouts":"set","ast-page-background-enabled":"default","ast-page-background-meta":{"desktop":{"background-color":"","background-image":"","background-repeat":"repeat","background-position":"center center","background-size":"auto","background-attachment":"scroll","background-type":"","background-media":"","overlay-type":"","overlay-color":"","overlay-opacity":"","overlay-gradient":""},"tablet":{"background-color":"","background-image":"","background-repeat":"repeat","background-position":"center center","background-size":"auto","background-attachment":"scroll","background-type":"","background-media":"","overlay-type":"","overlay-color":"","overlay-opacity":"","overlay-gradient":""},"mobile":{"background-color":"","background-image":"","background-repeat":"repeat","background-position":"center center","background-size":"auto","background-attachment":"scroll","background-type":"","background-media":"","overlay-type":"","overlay-color":"","overlay-opacity":"","overlay-gradient":""}},"ast-content-background-meta":{"desktop":{"background-color":"var(--ast-global-color-5)","background-image":"","background-repeat":"repeat","background-position":"center center","background-size":"auto","background-attachment":"scroll","background-type":"","background-media":"","overlay-type":"","overlay-color":"","overlay-opacity":"","overlay-gradient":""},"tablet":{"background-color":"var(--ast-global-color-5)","background-image":"","background-repeat":"repeat","background-position":"center center","background-size":"auto","background-attachment":"scroll","background-type":"","background-media":"","overlay-type":"","overlay-color":"","overlay-opacity":"","overlay-gradient":""},"mobile":{"background-color":"var(--ast-global-color-5)","background-image":"","background-repeat":"repeat","background-position":"center center","background-size":"auto","background-attachment":"scroll","background-type":"","background-media":"","overlay-type":"","overlay-color":"","overlay-opacity":"","overlay-gradient":""}}},"product_cat":[162,164],"product_tag":[],"class_list":{"0":"post-5064","1":"product","2":"type-product","3":"status-publish","4":"has-post-thumbnail","6":"product_cat-catalogue","7":"product_cat-oversized-hoodies-maroc","8":"desktop-align-left","9":"tablet-align-left","10":"mobile-align-left","12":"first","13":"instock","14":"featured","15":"shipping-taxable","16":"purchasable","17":"product-type-variable","18":"has-default-attributes"},"yoast_head":"<!-- This site is optimized with the Yoast SEO plugin v23.5 - https:\/\/yoast.com\/wordpress\/plugins\/seo\/ -->\n<title>Oversized Hoodie Streetwear Morocco| Hoodie 100% Coton<\/title>\n<meta name=\"description\" content=\"Meta Description: Achetez le Oversized Hoodie Streetwear Morocco. Hoodie oversize 100% coton, confort premium et livraison rapide partout au Maroc.\" \/>\n<meta name=\"robots\" content=\"index, follow, max-snippet:-1, max-image-preview:large, max-video-preview:-1\" \/>\n<link rel=\"canonical\" href=\"https:\/\/otmaroc.com\/ar\/product\/oversized-hoodie-streetwear-morocco\/\" \/>\n<meta property=\"og:locale\" content=\"ar_AR\" \/>\n<meta property=\"og:type\" content=\"article\" \/>\n<meta property=\"og:title\" content=\"Oversized Hoodie Streetwear Morocco| Hoodie 100% Coton\" \/>\n<meta property=\"og:description\" content=\"Meta Description: Achetez le Oversized Hoodie Streetwear Morocco. Hoodie oversize 100% coton, confort premium et livraison rapide partout au Maroc.\" \/>\n<meta property=\"og:url\" content=\"https:\/\/otmaroc.com\/ar\/product\/oversized-hoodie-streetwear-morocco\/\" \/>\n<meta property=\"og:site_name\" content=\"OTMAROC\" \/>\n<meta property=\"article:publisher\" content=\"https:\/\/www.facebook.com\/profile.php?id=61565107472257\" \/>\n<meta property=\"article:modified_time\" content=\"2026-04-28T23:44:24+00:00\" \/>\n<meta name=\"twitter:card\" content=\"summary_large_image\" \/>\n<meta name=\"twitter:label1\" content=\"\u0648\u0642\u062a \u0627\u0644\u0642\u0631\u0627\u0621\u0629 \u0627\u0644\u0645\u064f\u0642\u062f\u0651\u0631\" \/>\n\t<meta name=\"twitter:data1\" content=\"\u062f\u0642\u064a\u0642\u062a\u0627\u0646\" \/>\n<script type=\"application\/ld+json\" class=\"yoast-schema-graph\">{\"@context\":\"https:\/\/schema.org\",\"@graph\":[{\"@type\":\"WebPage\",\"@id\":\"https:\/\/otmaroc.com\/product\/oversized-hoodie-streetwear-morocco\/\",\"url\":\"https:\/\/otmaroc.com\/product\/oversized-hoodie-streetwear-morocco\/\",\"name\":\"Oversized Hoodie Streetwear Morocco| Hoodie 100% Coton\",\"isPartOf\":{\"@id\":\"https:\/\/otmaroc.com\/#website\"},\"primaryImageOfPage\":{\"@id\":\"https:\/\/otmaroc.com\/product\/oversized-hoodie-streetwear-morocco\/#primaryimage\"},\"image\":{\"@id\":\"https:\/\/otmaroc.com\/product\/oversized-hoodie-streetwear-morocco\/#primaryimage\"},\"thumbnailUrl\":\"https:\/\/otmaroc.com\/wp-content\/uploads\/2026\/04\/aff2a750-cab2-4f17-a4be-095c0cc817cc.avif\",\"datePublished\":\"2026-04-28T17:07:35+00:00\",\"dateModified\":\"2026-04-28T23:44:24+00:00\",\"description\":\"Meta Description: Achetez le Oversized Hoodie Streetwear Morocco. Hoodie oversize 100% coton, confort premium et livraison rapide partout au Maroc.\",\"breadcrumb\":{\"@id\":\"https:\/\/otmaroc.com\/product\/oversized-hoodie-streetwear-morocco\/#breadcrumb\"},\"inLanguage\":\"ar\",\"potentialAction\":[{\"@type\":\"ReadAction\",\"target\":[\"https:\/\/otmaroc.com\/product\/oversized-hoodie-streetwear-morocco\/\"]}]},{\"@type\":\"ImageObject\",\"inLanguage\":\"ar\",\"@id\":\"https:\/\/otmaroc.com\/product\/oversized-hoodie-streetwear-morocco\/#primaryimage\",\"url\":\"https:\/\/otmaroc.com\/wp-content\/uploads\/2026\/04\/aff2a750-cab2-4f17-a4be-095c0cc817cc.avif\",\"contentUrl\":\"https:\/\/otmaroc.com\/wp-content\/uploads\/2026\/04\/aff2a750-cab2-4f17-a4be-095c0cc817cc.avif\",\"width\":800,\"height\":1066,\"caption\":\"Oversized Hoodie Streetwear Morocco\"},{\"@type\":\"BreadcrumbList\",\"@id\":\"https:\/\/otmaroc.com\/product\/oversized-hoodie-streetwear-morocco\/#breadcrumb\",\"itemListElement\":[{\"@type\":\"ListItem\",\"position\":1,\"name\":\"Home\",\"item\":\"https:\/\/otmaroc.com\/\"},{\"@type\":\"ListItem\",\"position\":2,\"name\":\"Products\",\"item\":\"https:\/\/otmaroc.com\/store\/\"},{\"@type\":\"ListItem\",\"position\":3,\"name\":\"Oversized Hoodie Streetwear Morocco \u2013 design 8\"}]},{\"@type\":\"WebSite\",\"@id\":\"https:\/\/otmaroc.com\/#website\",\"url\":\"https:\/\/otmaroc.com\/\",\"name\":\"OTMAROC\",\"description\":\"Brand num\u00e9ro \u2160 pour Streetwear au Maroc\",\"publisher\":{\"@id\":\"https:\/\/otmaroc.com\/#organization\"},\"potentialAction\":[{\"@type\":\"SearchAction\",\"target\":{\"@type\":\"EntryPoint\",\"urlTemplate\":\"https:\/\/otmaroc.com\/?s={search_term_string}\"},\"query-input\":{\"@type\":\"PropertyValueSpecification\",\"valueRequired\":true,\"valueName\":\"search_term_string\"}}],\"inLanguage\":\"ar\"},{\"@type\":\"Organization\",\"@id\":\"https:\/\/otmaroc.com\/#organization\",\"name\":\"OTMAROC\",\"url\":\"https:\/\/otmaroc.com\/\",\"logo\":{\"@type\":\"ImageObject\",\"inLanguage\":\"ar\",\"@id\":\"https:\/\/otmaroc.com\/#\/schema\/logo\/image\/\",\"url\":\"https:\/\/otmaroc.com\/wp-content\/uploads\/2024\/08\/cropped-cropped-Black_White_Yellow_Simple_Initial_Name_Logo-removebg-preview-2.png\",\"contentUrl\":\"https:\/\/otmaroc.com\/wp-content\/uploads\/2024\/08\/cropped-cropped-Black_White_Yellow_Simple_Initial_Name_Logo-removebg-preview-2.png\",\"width\":298,\"height\":192,\"caption\":\"OTMAROC\"},\"image\":{\"@id\":\"https:\/\/otmaroc.com\/#\/schema\/logo\/image\/\"},\"sameAs\":[\"https:\/\/www.facebook.com\/profile.php?id=61565107472257\",\"https:\/\/www.instagram.com\/otmaroc2024\/\",\"https:\/\/www.youtube.com\/@othmaneksaibar6763\",\"https:\/\/api.whatsapp.com\/send?phone=2120623512008\"]}]}<\/script>\n<!-- \/ Yoast SEO plugin. -->","yoast_head_json":{"title":"Oversized Hoodie Streetwear Morocco| Hoodie 100% Coton","description":"Meta Description: Achetez le Oversized Hoodie Streetwear Morocco. Hoodie oversize 100% coton, confort premium et livraison rapide partout au Maroc.","robots":{"index":"index","follow":"follow","max-snippet":"max-snippet:-1","max-image-preview":"max-image-preview:large","max-video-preview":"max-video-preview:-1"},"canonical":"https:\/\/otmaroc.com\/ar\/product\/oversized-hoodie-streetwear-morocco\/","og_locale":"ar_AR","og_type":"article","og_title":"Oversized Hoodie Streetwear Morocco| Hoodie 100% Coton","og_description":"Meta Description: Achetez le Oversized Hoodie Streetwear Morocco. Hoodie oversize 100% coton, confort premium et livraison rapide partout au Maroc.","og_url":"https:\/\/otmaroc.com\/ar\/product\/oversized-hoodie-streetwear-morocco\/","og_site_name":"OTMAROC","article_publisher":"https:\/\/www.facebook.com\/profile.php?id=61565107472257","article_modified_time":"2026-04-28T23:44:24+00:00","twitter_card":"summary_large_image","twitter_misc":{"\u0648\u0642\u062a \u0627\u0644\u0642\u0631\u0627\u0621\u0629 \u0627\u0644\u0645\u064f\u0642\u062f\u0651\u0631":"\u062f\u0642\u064a\u0642\u062a\u0627\u0646"},"schema":{"@context":"https:\/\/schema.org","@graph":[{"@type":"WebPage","@id":"https:\/\/otmaroc.com\/product\/oversized-hoodie-streetwear-morocco\/","url":"https:\/\/otmaroc.com\/product\/oversized-hoodie-streetwear-morocco\/","name":"Oversized Hoodie Streetwear Morocco| Hoodie 100% Coton","isPartOf":{"@id":"https:\/\/otmaroc.com\/#website"},"primaryImageOfPage":{"@id":"https:\/\/otmaroc.com\/product\/oversized-hoodie-streetwear-morocco\/#primaryimage"},"image":{"@id":"https:\/\/otmaroc.com\/product\/oversized-hoodie-streetwear-morocco\/#primaryimage"},"thumbnailUrl":"https:\/\/otmaroc.com\/wp-content\/uploads\/2026\/04\/aff2a750-cab2-4f17-a4be-095c0cc817cc.avif","datePublished":"2026-04-28T17:07:35+00:00","dateModified":"2026-04-28T23:44:24+00:00","description":"Meta Description: Achetez le Oversized Hoodie Streetwear Morocco. Hoodie oversize 100% coton, confort premium et livraison rapide partout au Maroc.","breadcrumb":{"@id":"https:\/\/otmaroc.com\/product\/oversized-hoodie-streetwear-morocco\/#breadcrumb"},"inLanguage":"ar","potentialAction":[{"@type":"ReadAction","target":["https:\/\/otmaroc.com\/product\/oversized-hoodie-streetwear-morocco\/"]}]},{"@type":"ImageObject","inLanguage":"ar","@id":"https:\/\/otmaroc.com\/product\/oversized-hoodie-streetwear-morocco\/#primaryimage","url":"https:\/\/otmaroc.com\/wp-content\/uploads\/2026\/04\/aff2a750-cab2-4f17-a4be-095c0cc817cc.avif","contentUrl":"https:\/\/otmaroc.com\/wp-content\/uploads\/2026\/04\/aff2a750-cab2-4f17-a4be-095c0cc817cc.avif","width":800,"height":1066,"caption":"Oversized Hoodie Streetwear Morocco"},{"@type":"BreadcrumbList","@id":"https:\/\/otmaroc.com\/product\/oversized-hoodie-streetwear-morocco\/#breadcrumb","itemListElement":[{"@type":"ListItem","position":1,"name":"Home","item":"https:\/\/otmaroc.com\/"},{"@type":"ListItem","position":2,"name":"Products","item":"https:\/\/otmaroc.com\/store\/"},{"@type":"ListItem","position":3,"name":"Oversized Hoodie Streetwear Morocco \u2013 design 8"}]},{"@type":"WebSite","@id":"https:\/\/otmaroc.com\/#website","url":"https:\/\/otmaroc.com\/","name":"OTMAROC","description":"Brand num\u00e9ro \u2160 pour Streetwear au Maroc","publisher":{"@id":"https:\/\/otmaroc.com\/#organization"},"potentialAction":[{"@type":"SearchAction","target":{"@type":"EntryPoint","urlTemplate":"https:\/\/otmaroc.com\/?s={search_term_string}"},"query-input":{"@type":"PropertyValueSpecification","valueRequired":true,"valueName":"search_term_string"}}],"inLanguage":"ar"},{"@type":"Organization","@id":"https:\/\/otmaroc.com\/#organization","name":"OTMAROC","url":"https:\/\/otmaroc.com\/","logo":{"@type":"ImageObject","inLanguage":"ar","@id":"https:\/\/otmaroc.com\/#\/schema\/logo\/image\/","url":"https:\/\/otmaroc.com\/wp-content\/uploads\/2024\/08\/cropped-cropped-Black_White_Yellow_Simple_Initial_Name_Logo-removebg-preview-2.png","contentUrl":"https:\/\/otmaroc.com\/wp-content\/uploads\/2024\/08\/cropped-cropped-Black_White_Yellow_Simple_Initial_Name_Logo-removebg-preview-2.png","width":298,"height":192,"caption":"OTMAROC"},"image":{"@id":"https:\/\/otmaroc.com\/#\/schema\/logo\/image\/"},"sameAs":["https:\/\/www.facebook.com\/profile.php?id=61565107472257","https:\/\/www.instagram.com\/otmaroc2024\/","https:\/\/www.youtube.com\/@othmaneksaibar6763","https:\/\/api.whatsapp.com\/send?phone=2120623512008"]}]}},"uagb_featured_image_src":{"full":["https:\/\/otmaroc.com\/wp-content\/uploads\/2026\/04\/aff2a750-cab2-4f17-a4be-095c0cc817cc.avif",800,1066,false],"thumbnail":["https:\/\/otmaroc.com\/wp-content\/uploads\/2026\/04\/aff2a750-cab2-4f17-a4be-095c0cc817cc-150x150.avif",150,150,true],"medium":["https:\/\/otmaroc.com\/wp-content\/uploads\/2026\/04\/aff2a750-cab2-4f17-a4be-095c0cc817cc-225x300.avif",225,300,true],"medium_large":["https:\/\/otmaroc.com\/wp-content\/uploads\/2026\/04\/aff2a750-cab2-4f17-a4be-095c0cc817cc-768x1023.avif",768,1023,true],"large":["https:\/\/otmaroc.com\/wp-content\/uploads\/2026\/04\/aff2a750-cab2-4f17-a4be-095c0cc817cc-768x1024.avif",768,1024,true],"1536x1536":["https:\/\/otmaroc.com\/wp-content\/uploads\/2026\/04\/aff2a750-cab2-4f17-a4be-095c0cc817cc.avif",800,1066,false],"2048x2048":["https:\/\/otmaroc.com\/wp-content\/uploads\/2026\/04\/aff2a750-cab2-4f17-a4be-095c0cc817cc.avif",800,1066,false],"trp-custom-language-flag":["https:\/\/otmaroc.com\/wp-content\/uploads\/2026\/04\/aff2a750-cab2-4f17-a4be-095c0cc817cc-9x12.avif",9,12,true],"woocommerce_thumbnail":["https:\/\/otmaroc.com\/wp-content\/uploads\/2026\/04\/aff2a750-cab2-4f17-a4be-095c0cc817cc-300x300.avif",300,300,true],"woocommerce_single":["https:\/\/otmaroc.com\/wp-content\/uploads\/2026\/04\/aff2a750-cab2-4f17-a4be-095c0cc817cc-600x800.avif",600,800,true],"woocommerce_gallery_thumbnail":["https:\/\/otmaroc.com\/wp-content\/uploads\/2026\/04\/aff2a750-cab2-4f17-a4be-095c0cc817cc-100x100.avif",100,100,true],"variation_swatches_image_size":["https:\/\/otmaroc.com\/wp-content\/uploads\/2026\/04\/aff2a750-cab2-4f17-a4be-095c0cc817cc-50x50.avif",50,50,true],"variation_swatches_tooltip_size":["https:\/\/otmaroc.com\/wp-content\/uploads\/2026\/04\/aff2a750-cab2-4f17-a4be-095c0cc817cc-100x100.avif",100,100,true],"dgwt-wcas-product-suggestion":["https:\/\/otmaroc.com\/wp-content\/uploads\/2026\/04\/aff2a750-cab2-4f17-a4be-095c0cc817cc-64x85.avif",64,85,true]},"uagb_author_info":{"display_name":"othmane iptv","author_link":"https:\/\/otmaroc.com\/ar\/author\/"},"uagb_comment_info":0,"uagb_excerpt":"Adoptez un look urbain moderne avec le Oversized Hoodie Streetwear Morocco. Fabriqu\u00e9 en 100% coton, ce hoodie oversize offre douceur, chaleur et confort premium. Id\u00e9al pour les amateurs de streetwear au Maroc qui recherchent style et qualit\u00e9.","jetpack_sharing_enabled":true,"_links":{"self":[{"href":"https:\/\/otmaroc.com\/ar\/wp-json\/wp\/v2\/product\/5064"}],"collection":[{"href":"https:\/\/otmaroc.com\/ar\/wp-json\/wp\/v2\/product"}],"about":[{"href":"https:\/\/otmaroc.com\/ar\/wp-json\/wp\/v2\/types\/product"}],"replies":[{"embeddable":true,"href":"https:\/\/otmaroc.com\/ar\/wp-json\/wp\/v2\/comments?post=5064"}],"wp:featuredmedia":[{"embeddable":true,"href":"https:\/\/otmaroc.com\/ar\/wp-json\/wp\/v2\/media\/5065"}],"wp:attachment":[{"href":"https:\/\/otmaroc.com\/ar\/wp-json\/wp\/v2\/media?parent=5064"}],"wp:term":[{"taxonomy":"product_cat","embeddable":true,"href":"https:\/\/otmaroc.com\/ar\/wp-json\/wp\/v2\/product_cat?post=5064"},{"taxonomy":"product_tag","embeddable":true,"href":"https:\/\/otmaroc.com\/ar\/wp-json\/wp\/v2\/product_tag?post=5064"}],"curies":[{"name":"wp","href":"https:\/\/api.w.org\/{rel}","templated":true}]}}