{"id":5040,"date":"2026-04-27T19:22:25","date_gmt":"2026-04-27T18:22:25","guid":{"rendered":"https:\/\/otmaroc.com\/?post_type=product&#038;p=5040"},"modified":"2026-04-29T00:55:06","modified_gmt":"2026-04-28T23:55:06","slug":"oversized-t-shirt-morocco-streetwear","status":"publish","type":"product","link":"https:\/\/otmaroc.com\/ar\/product\/oversized-t-shirt-morocco-streetwear\/","title":{"rendered":"\u062a\u064a\u0634\u064a\u0631\u062a \u0648\u0627\u0633\u0639 \u0645\u0646 \u0645\u0644\u0627\u0628\u0633 \u0627\u0644\u0634\u0627\u0631\u0639 \u0627\u0644\u0645\u063a\u0631\u0628\u064a\u0629"},"content":{"rendered":"<section class=\"text-token-text-primary w-full focus:outline-none [--shadow-height:45px] has-data-writing-block:pointer-events-none has-data-writing-block:-mt-(--shadow-height) has-data-writing-block:pt-(--shadow-height) [&amp;:has([data-writing-block])&gt;*]:pointer-events-auto [content-visibility:auto] supports-[content-visibility:auto]:[contain-intrinsic-size:auto_100lvh] R6Vx5W_threadScrollVars scroll-mb-[calc(var(--scroll-root-safe-area-inset-bottom,0px)+var(--thread-response-height))] scroll-mt-[calc(var(--header-height)+min(200px,max(70px,20svh)))]\" dir=\"auto\" data-turn-id=\"request-WEB:95d20a9e-7eaf-4483-97e3-6c9264f1e8fa-39\" data-testid=\"conversation-turn-26\" data-scroll-anchor=\"false\" data-turn=\"assistant\">\n<div class=\"text-base my-auto mx-auto pb-10 [--thread-content-margin:var(--thread-content-margin-xs,calc(var(--spacing)*4))] @w-sm\/main:[--thread-content-margin:var(--thread-content-margin-sm,calc(var(--spacing)*6))] @w-lg\/main:[--thread-content-margin:var(--thread-content-margin-lg,calc(var(--spacing)*16))] px-(--thread-content-margin)\">\n<div class=\"[--thread-content-max-width:40rem] @w-lg\/main:[--thread-content-max-width:48rem] mx-auto max-w-(--thread-content-max-width) flex-1 group\/turn-messages focus-visible:outline-hidden relative flex w-full min-w-0 flex-col agent-turn\">\n<div class=\"flex max-w-full flex-col gap-4 grow\">\n<div class=\"min-h-8 text-message relative flex w-full flex-col items-end gap-2 text-start break-words whitespace-normal outline-none keyboard-focused:focus-ring [.text-message+&amp;]:mt-1\" dir=\"auto\" tabindex=\"0\" data-message-author-role=\"assistant\" data-message-id=\"e267a88c-d242-499c-86c1-b3b28dac7621\" data-message-model-slug=\"gpt-5-3\" data-turn-start-message=\"true\">\n<div class=\"flex w-full flex-col gap-1 empty:hidden\">\n<div class=\"markdown prose dark:prose-invert w-full wrap-break-word dark markdown-new-styling\">\n<p data-start=\"584\" data-end=\"865\" class=\" translation-block\">\u0635\u064f\u0645\u0645 \u062a\u064a\u0634\u064a\u0631\u062a \"\u0623\u0648 \u062a\u064a \u0645\u0627\u0631\u0648\u0643\" \u0627\u0644\u0648\u0627\u0633\u0639 \u062e\u0635\u064a\u0635\u064b\u0627 \u0644\u0645\u0646 \u064a\u0628\u062d\u062b\u0648\u0646 \u0639\u0646 \u0625\u0637\u0644\u0627\u0644\u0629 \u0639\u0635\u0631\u064a\u0629 \u0623\u0646\u064a\u0642\u0629 \u0648\u0631\u0627\u062d\u0629 \u0641\u0627\u0626\u0642\u0629. \u0641\u064a \"\u0623\u0648 \u062a\u064a \u0645\u0627\u0631\u0648\u0643\"\u060c \u0627\u0628\u062a\u0643\u0631\u0646\u0627 \u0647\u0630\u0627 \u0627\u0644\u062a\u064a\u0634\u064a\u0631\u062a \u0627\u0644\u0648\u0627\u0633\u0639 \u0644\u064a\u0645\u0646\u062d\u0643\u0650 \u0645\u0638\u0647\u0631\u064b\u0627 \u0639\u0635\u0631\u064a\u064b\u0627. \u0645\u0635\u0646\u0648\u0639 \u0645\u0646 \u0627\u0644\u0642\u0637\u0646 \u0627\u0644\u062e\u0627\u0644\u0635\u060c \u0648\u0647\u0648 \u0645\u062b\u0627\u0644\u064a \u0644\u0639\u0634\u0627\u0642 \u0623\u0632\u064a\u0627\u0621 \u0627\u0644\u0634\u0627\u0631\u0639 \u0641\u064a \u0627\u0644\u0645\u063a\u0631\u0628.<\/p>\n<p data-start=\"867\" data-end=\"1117\">Fabriqu\u00e9 avec des mat\u00e9riaux de qualit\u00e9, ce t-shirt garantit une sensation douce, respirante et agr\u00e9able \u00e0 porter toute la journ\u00e9e. Sa coupe large oversize apporte un look d\u00e9contract\u00e9 et styl\u00e9, facilement combinable avec un jean, un cargo ou un short.<\/p>\n<p data-start=\"1119\" data-end=\"1358\">\u064a\u0639\u0643\u0633 \u062a\u0635\u0645\u064a\u0645 \"\u0645\u0648\u0631\u0648\u0643\u0648 \u0633\u062a\u0631\u064a\u062a \u0648\u064a\u0631 \u0627\u0644\u062d\u0635\u0631\u064a \u0631\u0648\u062d \u0627\u0644\u0645\u063a\u0631\u0628 \u0627\u0644\u0639\u0635\u0631\u064a\u0629 \u0628\u0644\u0645\u0633\u0629 \u062d\u062f\u064a\u062b\u0629. \u0633\u0648\u0627\u0621\u064b \u0643\u0646\u062a\u0650 \u062a\u0631\u063a\u0628\u064a\u0646 \u0641\u064a \u0642\u0636\u0627\u0621 \u0644\u064a\u0644\u0629 \u0645\u0645\u062a\u0639\u0629 \u0645\u0639 \u0627\u0644\u0623\u0635\u062f\u0642\u0627\u0621\u060c \u0623\u0648 \u0625\u0637\u0644\u0627\u0644\u0629 \u0643\u0627\u062c\u0648\u0627\u0644 \u0623\u0646\u064a\u0642\u0629\u060c \u0623\u0648 \u0627\u0644\u062a\u0639\u0628\u064a\u0631 \u0639\u0646 \u0623\u0633\u0644\u0648\u0628\u0643\u0650 \u0627\u0644\u062e\u0627\u0635 \u0641\u064a \u0623\u0632\u064a\u0627\u0621 \u0627\u0644\u0634\u0627\u0631\u0639\u060c \u0641\u0647\u0630\u0627 \u0627\u0644\u062a\u0635\u0645\u064a\u0645 \u0644\u0627 \u063a\u0646\u0649 \u0639\u0646\u0647.<\/p>\n<h3 data-section-id=\"1fnwkp2\" data-start=\"1360\" data-end=\"1402\">\u0644\u0645\u0627\u0630\u0627 \u062a\u062e\u062a\u0627\u0631 \u0647\u0630\u0627 \u0627\u0644\u062a\u064a\u0634\u064a\u0631\u062a \u0630\u0648 \u0627\u0644\u0645\u0642\u0627\u0633 \u0627\u0644\u0643\u0628\u064a\u0631\u061f<\/h3>\n<ul data-start=\"1404\" data-end=\"1593\">\n<li data-section-id=\"1kshewb\" data-start=\"1404\" data-end=\"1446\">\u0642\u0635\u0629 \u0648\u0627\u0633\u0639\u0629 \u0639\u0635\u0631\u064a\u0629 \u0648\u0645\u0631\u064a\u062d\u0629<\/li>\n<li data-section-id=\"1h2jxlx\" data-start=\"1447\" data-end=\"1480\">\u0642\u0645\u0627\u0634 \u0641\u0627\u062e\u0631 \u0646\u0627\u0639\u0645 \u0648\u0645\u062a\u064a\u0646<\/li>\n<li data-section-id=\"xjf0eb\" data-start=\"1481\" data-end=\"1511\">\u062a\u0635\u0645\u064a\u0645 \u0623\u0635\u0644\u064a \u0644\u0645\u0644\u0627\u0628\u0633 \u0627\u0644\u0634\u0627\u0631\u0639<\/li>\n<li data-section-id=\"rj43en\" data-start=\"1512\" data-end=\"1555\">\u064a\u0633\u0647\u0644 \u062a\u0646\u0633\u064a\u0642\u0647 \u0645\u0639 \u062c\u0645\u064a\u0639 \u0645\u0644\u0627\u0628\u0633\u0643<\/li>\n<li data-section-id=\"9bpjev\" data-start=\"1556\" data-end=\"1593\">\u062a\u0648\u0635\u064a\u0644 \u0633\u0631\u064a\u0639 \u0641\u064a \u062c\u0645\u064a\u0639 \u0623\u0646\u062d\u0627\u0621 \u0627\u0644\u0645\u063a\u0631\u0628<\/li>\n<\/ul>\n<p data-start=\"1595\" data-end=\"1733\" data-is-last-node=\"\" data-is-only-node=\"\" class=\" translation-block\">\u0627\u0637\u0644\u0628 \u0627\u0644\u0622\u0646 \u0642\u0645\u064a\u0635\u0643 \u0630\u0648 \u0627\u0644\u0645\u0642\u0627\u0633 \u0627\u0644\u0643\u0628\u064a\u0631 \u0628\u062a\u0635\u0645\u064a\u0645 \u0645\u0644\u0627\u0628\u0633 \u0627\u0644\u0634\u0627\u0631\u0639 \u0627\u0644\u0645\u063a\u0631\u0628\u064a\u0629 \u0631\u0642\u0645 5 \u0645\u0646 \u0645\u0648\u0642\u0639 OTMAROC\u060c \u0648\u0627\u0639\u062a\u0645\u062f \u0623\u0633\u0644\u0648\u0628 \u0645\u0644\u0627\u0628\u0633 \u0627\u0644\u0634\u0627\u0631\u0639 \u0627\u0644\u0645\u063a\u0631\u0628\u064a\u0629 \u0627\u0644\u0623\u0635\u064a\u0644.<\/p>\n<\/div>\n<\/div>\n<\/div>\n<\/div>\n<\/div>\n<\/div>\n<\/section>","protected":false},"excerpt":{"rendered":"<p class=\" translation-block\">\u0623\u0636\u0641 \u0644\u0645\u0633\u0629 \u0645\u0645\u064a\u0632\u0629 \u0644\u0625\u0637\u0644\u0627\u0644\u062a\u0643 \u0645\u0639 \u062a\u064a\u0634\u064a\u0631\u062a \"\u0623\u0648 \u062a\u064a \u0645\u0627\u0631\u0648\u0643\" \u0627\u0644\u0648\u0627\u0633\u0639 \u0627\u0644\u0645\u0633\u062a\u0648\u062d\u0649 \u0645\u0646 \u0623\u0632\u064a\u0627\u0621 \u0627\u0644\u0634\u0627\u0631\u0639 \u0627\u0644\u0645\u063a\u0631\u0628\u064a\u0629. \u0645\u0635\u0646\u0648\u0639 \u0645\u0646 \u0627\u0644\u0642\u0637\u0646 \u0627\u0644\u062e\u0627\u0644\u0635\u060c \u064a\u062a\u0645\u064a\u0632 \u0628\u0642\u0635\u0629 \u0648\u0627\u0633\u0639\u0629 \u0639\u0635\u0631\u064a\u0629\u060c \u0648\u0631\u0627\u062d\u0629 \u0641\u0627\u0626\u0642\u0629\u060c \u0648\u062a\u0635\u0645\u064a\u0645 \u0645\u0633\u062a\u0648\u062d\u0649 \u0645\u0646 \u062b\u0642\u0627\u0641\u0629 \u0627\u0644\u0634\u0627\u0631\u0639 \u0627\u0644\u0645\u063a\u0631\u0628\u064a\u0629. \u0645\u062b\u0627\u0644\u064a \u0644\u0625\u0637\u0644\u0627\u0644\u0629 \u0639\u0635\u0631\u064a\u0629 \u064a\u0648\u0645\u064a\u0629.<\/p>","protected":false},"featured_media":5026,"comment_status":"open","ping_status":"closed","template":"","meta":{"_uag_custom_page_level_css":"","site-sidebar-layout":"default","site-content-layout":"","ast-site-content-layout":"default","site-content-style":"default","site-sidebar-style":"default","ast-global-header-display":"","ast-banner-title-visibility":"","ast-main-header-display":"","ast-hfb-above-header-display":"","ast-hfb-below-header-display":"","ast-hfb-mobile-header-display":"","site-post-title":"","ast-breadcrumbs-content":"","ast-featured-img":"","footer-sml-layout":"","theme-transparent-header-meta":"default","adv-header-id-meta":"","stick-header-meta":"","header-above-stick-meta":"","header-main-stick-meta":"","header-below-stick-meta":"","astra-migrate-meta-layouts":"set","ast-page-background-enabled":"default","ast-page-background-meta":{"desktop":{"background-color":"","background-image":"","background-repeat":"repeat","background-position":"center center","background-size":"auto","background-attachment":"scroll","background-type":"","background-media":"","overlay-type":"","overlay-color":"","overlay-opacity":"","overlay-gradient":""},"tablet":{"background-color":"","background-image":"","background-repeat":"repeat","background-position":"center center","background-size":"auto","background-attachment":"scroll","background-type":"","background-media":"","overlay-type":"","overlay-color":"","overlay-opacity":"","overlay-gradient":""},"mobile":{"background-color":"","background-image":"","background-repeat":"repeat","background-position":"center center","background-size":"auto","background-attachment":"scroll","background-type":"","background-media":"","overlay-type":"","overlay-color":"","overlay-opacity":"","overlay-gradient":""}},"ast-content-background-meta":{"desktop":{"background-color":"var(--ast-global-color-5)","background-image":"","background-repeat":"repeat","background-position":"center center","background-size":"auto","background-attachment":"scroll","background-type":"","background-media":"","overlay-type":"","overlay-color":"","overlay-opacity":"","overlay-gradient":""},"tablet":{"background-color":"var(--ast-global-color-5)","background-image":"","background-repeat":"repeat","background-position":"center center","background-size":"auto","background-attachment":"scroll","background-type":"","background-media":"","overlay-type":"","overlay-color":"","overlay-opacity":"","overlay-gradient":""},"mobile":{"background-color":"var(--ast-global-color-5)","background-image":"","background-repeat":"repeat","background-position":"center center","background-size":"auto","background-attachment":"scroll","background-type":"","background-media":"","overlay-type":"","overlay-color":"","overlay-opacity":"","overlay-gradient":""}}},"product_cat":[162,163],"product_tag":[],"class_list":{"0":"post-5040","1":"product","2":"type-product","3":"status-publish","4":"has-post-thumbnail","6":"product_cat-catalogue","7":"product_cat-oversized-t-shirts-maroc","8":"desktop-align-left","9":"tablet-align-left","10":"mobile-align-left","12":"first","13":"instock","14":"featured","15":"shipping-taxable","16":"purchasable","17":"product-type-variable","18":"has-default-attributes"},"yoast_head":"<!-- This site is optimized with the Yoast SEO plugin v23.5 - https:\/\/yoast.com\/wordpress\/plugins\/seo\/ -->\n<title>Oversized T-Shirt Morocco Streetwear | T-Shirt Oversize Maroc<\/title>\n<meta name=\"description\" content=\"Achetez le Oversized T-Shirt Morocco Streetwear sur OTMAROC. Coupe oversize tendance, qualit\u00e9 premium, et livraison rapide partout au Maroc.\" \/>\n<meta name=\"robots\" content=\"index, follow, max-snippet:-1, max-image-preview:large, max-video-preview:-1\" \/>\n<link rel=\"canonical\" href=\"https:\/\/otmaroc.com\/ar\/product\/oversized-t-shirt-morocco-streetwear\/\" \/>\n<meta property=\"og:locale\" content=\"ar_AR\" \/>\n<meta property=\"og:type\" content=\"article\" \/>\n<meta property=\"og:title\" content=\"Oversized T-Shirt Morocco Streetwear | T-Shirt Oversize Maroc\" \/>\n<meta property=\"og:description\" content=\"Achetez le Oversized T-Shirt Morocco Streetwear sur OTMAROC. Coupe oversize tendance, qualit\u00e9 premium, et livraison rapide partout au Maroc.\" \/>\n<meta property=\"og:url\" content=\"https:\/\/otmaroc.com\/ar\/product\/oversized-t-shirt-morocco-streetwear\/\" \/>\n<meta property=\"og:site_name\" content=\"OTMAROC\" \/>\n<meta property=\"article:publisher\" content=\"https:\/\/www.facebook.com\/profile.php?id=61565107472257\" \/>\n<meta property=\"article:modified_time\" content=\"2026-04-28T23:55:06+00:00\" \/>\n<meta property=\"og:image\" content=\"https:\/\/otmaroc.com\/wp-content\/uploads\/2026\/04\/ChatGPT-Image-25-avr.-2026-00_34_41-3.png\" \/>\n\t<meta property=\"og:image:width\" content=\"552\" \/>\n\t<meta property=\"og:image:height\" content=\"843\" \/>\n\t<meta property=\"og:image:type\" content=\"image\/png\" \/>\n<meta name=\"twitter:card\" content=\"summary_large_image\" \/>\n<meta name=\"twitter:label1\" content=\"\u0648\u0642\u062a \u0627\u0644\u0642\u0631\u0627\u0621\u0629 \u0627\u0644\u0645\u064f\u0642\u062f\u0651\u0631\" \/>\n\t<meta name=\"twitter:data1\" content=\"\u062f\u0642\u064a\u0642\u062a\u0627\u0646\" \/>\n<script type=\"application\/ld+json\" class=\"yoast-schema-graph\">{\"@context\":\"https:\/\/schema.org\",\"@graph\":[{\"@type\":\"WebPage\",\"@id\":\"https:\/\/otmaroc.com\/product\/oversized-t-shirt-morocco-streetwear\/\",\"url\":\"https:\/\/otmaroc.com\/product\/oversized-t-shirt-morocco-streetwear\/\",\"name\":\"Oversized T-Shirt Morocco Streetwear | T-Shirt Oversize Maroc\",\"isPartOf\":{\"@id\":\"https:\/\/otmaroc.com\/#website\"},\"primaryImageOfPage\":{\"@id\":\"https:\/\/otmaroc.com\/product\/oversized-t-shirt-morocco-streetwear\/#primaryimage\"},\"image\":{\"@id\":\"https:\/\/otmaroc.com\/product\/oversized-t-shirt-morocco-streetwear\/#primaryimage\"},\"thumbnailUrl\":\"https:\/\/otmaroc.com\/wp-content\/uploads\/2026\/04\/ChatGPT-Image-25-avr.-2026-00_34_41-3.png\",\"datePublished\":\"2026-04-27T18:22:25+00:00\",\"dateModified\":\"2026-04-28T23:55:06+00:00\",\"description\":\"Achetez le Oversized T-Shirt Morocco Streetwear sur OTMAROC. Coupe oversize tendance, qualit\u00e9 premium, et livraison rapide partout au Maroc.\",\"breadcrumb\":{\"@id\":\"https:\/\/otmaroc.com\/product\/oversized-t-shirt-morocco-streetwear\/#breadcrumb\"},\"inLanguage\":\"ar\",\"potentialAction\":[{\"@type\":\"ReadAction\",\"target\":[\"https:\/\/otmaroc.com\/product\/oversized-t-shirt-morocco-streetwear\/\"]}]},{\"@type\":\"ImageObject\",\"inLanguage\":\"ar\",\"@id\":\"https:\/\/otmaroc.com\/product\/oversized-t-shirt-morocco-streetwear\/#primaryimage\",\"url\":\"https:\/\/otmaroc.com\/wp-content\/uploads\/2026\/04\/ChatGPT-Image-25-avr.-2026-00_34_41-3.png\",\"contentUrl\":\"https:\/\/otmaroc.com\/wp-content\/uploads\/2026\/04\/ChatGPT-Image-25-avr.-2026-00_34_41-3.png\",\"width\":552,\"height\":843,\"caption\":\"Oversized T-Shirt Morocco Streetwear\"},{\"@type\":\"BreadcrumbList\",\"@id\":\"https:\/\/otmaroc.com\/product\/oversized-t-shirt-morocco-streetwear\/#breadcrumb\",\"itemListElement\":[{\"@type\":\"ListItem\",\"position\":1,\"name\":\"Home\",\"item\":\"https:\/\/otmaroc.com\/\"},{\"@type\":\"ListItem\",\"position\":2,\"name\":\"Products\",\"item\":\"https:\/\/otmaroc.com\/store\/\"},{\"@type\":\"ListItem\",\"position\":3,\"name\":\"Oversized T-Shirt Morocco Streetwear \u2013 design 5\"}]},{\"@type\":\"WebSite\",\"@id\":\"https:\/\/otmaroc.com\/#website\",\"url\":\"https:\/\/otmaroc.com\/\",\"name\":\"OTMAROC\",\"description\":\"Brand num\u00e9ro \u2160 pour Streetwear au Maroc\",\"publisher\":{\"@id\":\"https:\/\/otmaroc.com\/#organization\"},\"potentialAction\":[{\"@type\":\"SearchAction\",\"target\":{\"@type\":\"EntryPoint\",\"urlTemplate\":\"https:\/\/otmaroc.com\/?s={search_term_string}\"},\"query-input\":{\"@type\":\"PropertyValueSpecification\",\"valueRequired\":true,\"valueName\":\"search_term_string\"}}],\"inLanguage\":\"ar\"},{\"@type\":\"Organization\",\"@id\":\"https:\/\/otmaroc.com\/#organization\",\"name\":\"OTMAROC\",\"url\":\"https:\/\/otmaroc.com\/\",\"logo\":{\"@type\":\"ImageObject\",\"inLanguage\":\"ar\",\"@id\":\"https:\/\/otmaroc.com\/#\/schema\/logo\/image\/\",\"url\":\"https:\/\/otmaroc.com\/wp-content\/uploads\/2024\/08\/cropped-cropped-Black_White_Yellow_Simple_Initial_Name_Logo-removebg-preview-2.png\",\"contentUrl\":\"https:\/\/otmaroc.com\/wp-content\/uploads\/2024\/08\/cropped-cropped-Black_White_Yellow_Simple_Initial_Name_Logo-removebg-preview-2.png\",\"width\":298,\"height\":192,\"caption\":\"OTMAROC\"},\"image\":{\"@id\":\"https:\/\/otmaroc.com\/#\/schema\/logo\/image\/\"},\"sameAs\":[\"https:\/\/www.facebook.com\/profile.php?id=61565107472257\",\"https:\/\/www.instagram.com\/otmaroc2024\/\",\"https:\/\/www.youtube.com\/@othmaneksaibar6763\",\"https:\/\/api.whatsapp.com\/send?phone=2120623512008\"]}]}<\/script>\n<!-- \/ Yoast SEO plugin. -->","yoast_head_json":{"title":"Oversized T-Shirt Morocco Streetwear | T-Shirt Oversize Maroc","description":"Achetez le Oversized T-Shirt Morocco Streetwear sur OTMAROC. Coupe oversize tendance, qualit\u00e9 premium, et livraison rapide partout au Maroc.","robots":{"index":"index","follow":"follow","max-snippet":"max-snippet:-1","max-image-preview":"max-image-preview:large","max-video-preview":"max-video-preview:-1"},"canonical":"https:\/\/otmaroc.com\/ar\/product\/oversized-t-shirt-morocco-streetwear\/","og_locale":"ar_AR","og_type":"article","og_title":"Oversized T-Shirt Morocco Streetwear | T-Shirt Oversize Maroc","og_description":"Achetez le Oversized T-Shirt Morocco Streetwear sur OTMAROC. Coupe oversize tendance, qualit\u00e9 premium, et livraison rapide partout au Maroc.","og_url":"https:\/\/otmaroc.com\/ar\/product\/oversized-t-shirt-morocco-streetwear\/","og_site_name":"OTMAROC","article_publisher":"https:\/\/www.facebook.com\/profile.php?id=61565107472257","article_modified_time":"2026-04-28T23:55:06+00:00","og_image":[{"width":552,"height":843,"url":"https:\/\/otmaroc.com\/wp-content\/uploads\/2026\/04\/ChatGPT-Image-25-avr.-2026-00_34_41-3.png","type":"image\/png"}],"twitter_card":"summary_large_image","twitter_misc":{"\u0648\u0642\u062a \u0627\u0644\u0642\u0631\u0627\u0621\u0629 \u0627\u0644\u0645\u064f\u0642\u062f\u0651\u0631":"\u062f\u0642\u064a\u0642\u062a\u0627\u0646"},"schema":{"@context":"https:\/\/schema.org","@graph":[{"@type":"WebPage","@id":"https:\/\/otmaroc.com\/product\/oversized-t-shirt-morocco-streetwear\/","url":"https:\/\/otmaroc.com\/product\/oversized-t-shirt-morocco-streetwear\/","name":"Oversized T-Shirt Morocco Streetwear | T-Shirt Oversize Maroc","isPartOf":{"@id":"https:\/\/otmaroc.com\/#website"},"primaryImageOfPage":{"@id":"https:\/\/otmaroc.com\/product\/oversized-t-shirt-morocco-streetwear\/#primaryimage"},"image":{"@id":"https:\/\/otmaroc.com\/product\/oversized-t-shirt-morocco-streetwear\/#primaryimage"},"thumbnailUrl":"https:\/\/otmaroc.com\/wp-content\/uploads\/2026\/04\/ChatGPT-Image-25-avr.-2026-00_34_41-3.png","datePublished":"2026-04-27T18:22:25+00:00","dateModified":"2026-04-28T23:55:06+00:00","description":"Achetez le Oversized T-Shirt Morocco Streetwear sur OTMAROC. Coupe oversize tendance, qualit\u00e9 premium, et livraison rapide partout au Maroc.","breadcrumb":{"@id":"https:\/\/otmaroc.com\/product\/oversized-t-shirt-morocco-streetwear\/#breadcrumb"},"inLanguage":"ar","potentialAction":[{"@type":"ReadAction","target":["https:\/\/otmaroc.com\/product\/oversized-t-shirt-morocco-streetwear\/"]}]},{"@type":"ImageObject","inLanguage":"ar","@id":"https:\/\/otmaroc.com\/product\/oversized-t-shirt-morocco-streetwear\/#primaryimage","url":"https:\/\/otmaroc.com\/wp-content\/uploads\/2026\/04\/ChatGPT-Image-25-avr.-2026-00_34_41-3.png","contentUrl":"https:\/\/otmaroc.com\/wp-content\/uploads\/2026\/04\/ChatGPT-Image-25-avr.-2026-00_34_41-3.png","width":552,"height":843,"caption":"Oversized T-Shirt Morocco Streetwear"},{"@type":"BreadcrumbList","@id":"https:\/\/otmaroc.com\/product\/oversized-t-shirt-morocco-streetwear\/#breadcrumb","itemListElement":[{"@type":"ListItem","position":1,"name":"Home","item":"https:\/\/otmaroc.com\/"},{"@type":"ListItem","position":2,"name":"Products","item":"https:\/\/otmaroc.com\/store\/"},{"@type":"ListItem","position":3,"name":"Oversized T-Shirt Morocco Streetwear \u2013 design 5"}]},{"@type":"WebSite","@id":"https:\/\/otmaroc.com\/#website","url":"https:\/\/otmaroc.com\/","name":"OTMAROC","description":"Brand num\u00e9ro \u2160 pour Streetwear au Maroc","publisher":{"@id":"https:\/\/otmaroc.com\/#organization"},"potentialAction":[{"@type":"SearchAction","target":{"@type":"EntryPoint","urlTemplate":"https:\/\/otmaroc.com\/?s={search_term_string}"},"query-input":{"@type":"PropertyValueSpecification","valueRequired":true,"valueName":"search_term_string"}}],"inLanguage":"ar"},{"@type":"Organization","@id":"https:\/\/otmaroc.com\/#organization","name":"OTMAROC","url":"https:\/\/otmaroc.com\/","logo":{"@type":"ImageObject","inLanguage":"ar","@id":"https:\/\/otmaroc.com\/#\/schema\/logo\/image\/","url":"https:\/\/otmaroc.com\/wp-content\/uploads\/2024\/08\/cropped-cropped-Black_White_Yellow_Simple_Initial_Name_Logo-removebg-preview-2.png","contentUrl":"https:\/\/otmaroc.com\/wp-content\/uploads\/2024\/08\/cropped-cropped-Black_White_Yellow_Simple_Initial_Name_Logo-removebg-preview-2.png","width":298,"height":192,"caption":"OTMAROC"},"image":{"@id":"https:\/\/otmaroc.com\/#\/schema\/logo\/image\/"},"sameAs":["https:\/\/www.facebook.com\/profile.php?id=61565107472257","https:\/\/www.instagram.com\/otmaroc2024\/","https:\/\/www.youtube.com\/@othmaneksaibar6763","https:\/\/api.whatsapp.com\/send?phone=2120623512008"]}]}},"uagb_featured_image_src":{"full":["https:\/\/otmaroc.com\/wp-content\/uploads\/2026\/04\/ChatGPT-Image-25-avr.-2026-00_34_41-3.png",552,843,false],"thumbnail":["https:\/\/otmaroc.com\/wp-content\/uploads\/2026\/04\/ChatGPT-Image-25-avr.-2026-00_34_41-3-150x150.png",150,150,true],"medium":["https:\/\/otmaroc.com\/wp-content\/uploads\/2026\/04\/ChatGPT-Image-25-avr.-2026-00_34_41-3-196x300.png",196,300,true],"medium_large":["https:\/\/otmaroc.com\/wp-content\/uploads\/2026\/04\/ChatGPT-Image-25-avr.-2026-00_34_41-3.png",552,843,false],"large":["https:\/\/otmaroc.com\/wp-content\/uploads\/2026\/04\/ChatGPT-Image-25-avr.-2026-00_34_41-3.png",552,843,false],"1536x1536":["https:\/\/otmaroc.com\/wp-content\/uploads\/2026\/04\/ChatGPT-Image-25-avr.-2026-00_34_41-3.png",552,843,false],"2048x2048":["https:\/\/otmaroc.com\/wp-content\/uploads\/2026\/04\/ChatGPT-Image-25-avr.-2026-00_34_41-3.png",552,843,false],"trp-custom-language-flag":["https:\/\/otmaroc.com\/wp-content\/uploads\/2026\/04\/ChatGPT-Image-25-avr.-2026-00_34_41-3-8x12.png",8,12,true],"woocommerce_thumbnail":["https:\/\/otmaroc.com\/wp-content\/uploads\/2026\/04\/ChatGPT-Image-25-avr.-2026-00_34_41-3-300x300.png",300,300,true],"woocommerce_single":["https:\/\/otmaroc.com\/wp-content\/uploads\/2026\/04\/ChatGPT-Image-25-avr.-2026-00_34_41-3.png",552,843,false],"woocommerce_gallery_thumbnail":["https:\/\/otmaroc.com\/wp-content\/uploads\/2026\/04\/ChatGPT-Image-25-avr.-2026-00_34_41-3-100x100.png",100,100,true],"variation_swatches_image_size":["https:\/\/otmaroc.com\/wp-content\/uploads\/2026\/04\/ChatGPT-Image-25-avr.-2026-00_34_41-3-50x50.png",50,50,true],"variation_swatches_tooltip_size":["https:\/\/otmaroc.com\/wp-content\/uploads\/2026\/04\/ChatGPT-Image-25-avr.-2026-00_34_41-3-100x100.png",100,100,true],"dgwt-wcas-product-suggestion":["https:\/\/otmaroc.com\/wp-content\/uploads\/2026\/04\/ChatGPT-Image-25-avr.-2026-00_34_41-3-64x98.png",64,98,true]},"uagb_author_info":{"display_name":"othmane iptv","author_link":"https:\/\/otmaroc.com\/ar\/author\/"},"uagb_comment_info":0,"uagb_excerpt":"Affirmez votre style avec le Oversized T-Shirt Morocco Streetwear \u00a0sign\u00e9 OTMAROC. Con\u00e7u en 100% coton, Une coupe oversize moderne, un confort premium et un design streetwear inspir\u00e9 de la culture urbaine marocaine. Id\u00e9al pour un look tendance au quotidien.","jetpack_sharing_enabled":true,"_links":{"self":[{"href":"https:\/\/otmaroc.com\/ar\/wp-json\/wp\/v2\/product\/5040"}],"collection":[{"href":"https:\/\/otmaroc.com\/ar\/wp-json\/wp\/v2\/product"}],"about":[{"href":"https:\/\/otmaroc.com\/ar\/wp-json\/wp\/v2\/types\/product"}],"replies":[{"embeddable":true,"href":"https:\/\/otmaroc.com\/ar\/wp-json\/wp\/v2\/comments?post=5040"}],"wp:featuredmedia":[{"embeddable":true,"href":"https:\/\/otmaroc.com\/ar\/wp-json\/wp\/v2\/media\/5026"}],"wp:attachment":[{"href":"https:\/\/otmaroc.com\/ar\/wp-json\/wp\/v2\/media?parent=5040"}],"wp:term":[{"taxonomy":"product_cat","embeddable":true,"href":"https:\/\/otmaroc.com\/ar\/wp-json\/wp\/v2\/product_cat?post=5040"},{"taxonomy":"product_tag","embeddable":true,"href":"https:\/\/otmaroc.com\/ar\/wp-json\/wp\/v2\/product_tag?post=5040"}],"curies":[{"name":"wp","href":"https:\/\/api.w.org\/{rel}","templated":true}]}}