{"id":5016,"date":"2026-04-27T19:20:15","date_gmt":"2026-04-27T18:20:15","guid":{"rendered":"https:\/\/otmaroc.com\/?post_type=product&#038;p=5016"},"modified":"2026-04-30T12:17:28","modified_gmt":"2026-04-30T11:17:28","slug":"streetwear-t-shirt-ouversize-maroc","status":"publish","type":"product","link":"https:\/\/otmaroc.com\/ar\/product\/streetwear-t-shirt-ouversize-maroc\/","title":{"rendered":"\u062a\u064a\u0634\u064a\u0631\u062a \u0648\u0627\u0633\u0639 \u0645\u0646 \u0645\u0644\u0627\u0628\u0633 \u0627\u0644\u0634\u0627\u0631\u0639\u060c \u0627\u0644\u0645\u063a\u0631\u0628"},"content":{"rendered":"<section class=\"text-token-text-primary w-full focus:outline-none [--shadow-height:45px] has-data-writing-block:pointer-events-none has-data-writing-block:-mt-(--shadow-height) has-data-writing-block:pt-(--shadow-height) [&amp;:has([data-writing-block])&gt;*]:pointer-events-auto [content-visibility:auto] supports-[content-visibility:auto]:[contain-intrinsic-size:auto_100lvh] R6Vx5W_threadScrollVars scroll-mb-[calc(var(--scroll-root-safe-area-inset-bottom,0px)+var(--thread-response-height))] scroll-mt-[calc(var(--header-height)+min(200px,max(70px,20svh)))]\" dir=\"auto\" data-turn-id=\"request-WEB:95d20a9e-7eaf-4483-97e3-6c9264f1e8fa-43\" data-testid=\"conversation-turn-34\" data-scroll-anchor=\"false\" data-turn=\"assistant\">\n<div class=\"text-base my-auto mx-auto pb-10 [--thread-content-margin:var(--thread-content-margin-xs,calc(var(--spacing)*4))] @w-sm\/main:[--thread-content-margin:var(--thread-content-margin-sm,calc(var(--spacing)*6))] @w-lg\/main:[--thread-content-margin:var(--thread-content-margin-lg,calc(var(--spacing)*16))] px-(--thread-content-margin)\">\n<div class=\"[--thread-content-max-width:40rem] @w-lg\/main:[--thread-content-max-width:48rem] mx-auto max-w-(--thread-content-max-width) flex-1 group\/turn-messages focus-visible:outline-hidden relative flex w-full min-w-0 flex-col agent-turn\">\n<div class=\"flex max-w-full flex-col gap-4 grow\">\n<div class=\"min-h-8 text-message relative flex w-full flex-col items-end gap-2 text-start break-words whitespace-normal outline-none keyboard-focused:focus-ring [.text-message+&amp;]:mt-1\" dir=\"auto\" tabindex=\"0\" data-message-author-role=\"assistant\" data-message-id=\"499e2b00-71fc-48f5-bbfe-f215e1ae8a4d\" data-turn-start-message=\"true\" data-message-model-slug=\"gpt-5-3\">\n<div class=\"flex w-full flex-col gap-1 empty:hidden\">\n<div class=\"markdown prose dark:prose-invert w-full wrap-break-word dark markdown-new-styling\">\n<p data-start=\"536\" data-end=\"792\">Le <strong data-start=\"539\" data-end=\"585\">Streetwear T-Shirt Oversize Maroc <\/strong>\u00a0est con\u00e7u pour ceux qui veulent allier confort, style et personnalit\u00e9. Con\u00e7u en <strong data-start=\"294\" data-end=\"308\">100% coton, <\/strong>Inspir\u00e9 des tendances streetwear modernes, ce t-shirt oversize offre une coupe ample et \u00e9l\u00e9gante, parfaite pour un look urbain affirm\u00e9.<\/p>\n<p data-start=\"794\" data-end=\"1034\">\u0645\u0635\u0646\u0648\u0639 \u0645\u0646 \u0642\u0645\u0627\u0634 \u0641\u0627\u062e\u0631 \u0646\u0627\u0639\u0645 \u0648\u0645\u0633\u0627\u0645\u064a\u060c \u064a\u0636\u0645\u0646 \u0647\u0630\u0627 \u0627\u0644\u062a\u0635\u0645\u064a\u0645 \u0631\u0627\u062d\u0629 \u0645\u062b\u0627\u0644\u064a\u0629 \u0637\u0648\u0627\u0644 \u0627\u0644\u064a\u0648\u0645. \u062a\u062d\u0627\u0641\u0638 \u0645\u0627\u062f\u062a\u0647 \u0627\u0644\u0645\u062a\u064a\u0646\u0629 \u0639\u0644\u0649 \u062c\u0648\u062f\u062a\u0647\u0627 \u063a\u0633\u0644\u0629\u064b \u0628\u0639\u062f \u063a\u0633\u0644\u0629\u060c \u0645\u0645\u0627 \u064a\u062c\u0639\u0644\u0647 \u062e\u064a\u0627\u0631\u064b\u0627 \u064a\u062f\u0648\u0645 \u0637\u0648\u064a\u0644\u064b\u0627 \u0644\u062e\u0632\u0627\u0646\u0629 \u0645\u0644\u0627\u0628\u0633\u0643 \u0627\u0644\u0639\u0635\u0631\u064a\u0629.<\/p>\n<p data-start=\"1036\" data-end=\"1272\">Le <strong data-start=\"1039\" data-end=\"1051\">Design <\/strong>\u00a0\u064a\u064f\u0636\u0641\u064a \u0647\u0630\u0627 \u0627\u0644\u062a\u064a\u0634\u064a\u0631\u062a \u0644\u0645\u0633\u0629 \u0639\u0635\u0631\u064a\u0629 \u0645\u0645\u064a\u0632\u0629 \u0645\u0633\u062a\u0648\u062d\u0627\u0629 \u0645\u0646 \u062d\u064a\u0648\u064a\u0629 \u0627\u0644\u0645\u062f\u0646 \u0627\u0644\u0645\u063a\u0631\u0628\u064a\u0629. \u0633\u0647\u0644 \u0627\u0644\u0627\u0631\u062a\u062f\u0627\u0621\u060c \u0648\u064a\u062a\u0646\u0627\u0633\u0642 \u062a\u0645\u0627\u0645\u0627\u064b \u0645\u0639 \u0627\u0644\u062c\u064a\u0646\u0632\u060c \u0623\u0648 \u0627\u0644\u0628\u0646\u0627\u0637\u064a\u0644 \u0627\u0644\u0643\u0627\u0631\u062c\u0648\u060c \u0623\u0648 \u0627\u0644\u0634\u0648\u0631\u062a\u0627\u062a\u060c \u0623\u0648 \u0627\u0644\u0623\u062d\u0630\u064a\u0629 \u0627\u0644\u0631\u064a\u0627\u0636\u064a\u0629 \u0644\u0625\u0637\u0644\u0627\u0644\u0629 \u0645\u062a\u0643\u0627\u0645\u0644\u0629.<\/p>\n<h3 data-section-id=\"1fnwkp2\" data-start=\"1274\" data-end=\"1316\">\u0644\u0645\u0627\u0630\u0627 \u062a\u062e\u062a\u0627\u0631 \u0647\u0630\u0627 \u0627\u0644\u062a\u064a\u0634\u064a\u0631\u062a \u0630\u0648 \u0627\u0644\u0645\u0642\u0627\u0633 \u0627\u0644\u0643\u0628\u064a\u0631\u061f<\/h3>\n<ul data-start=\"1318\" data-end=\"1539\">\n<li data-section-id=\"1kshewb\" data-start=\"1318\" data-end=\"1360\">\u0642\u0635\u0629 \u0648\u0627\u0633\u0639\u0629 \u0639\u0635\u0631\u064a\u0629 \u0648\u0645\u0631\u064a\u062d\u0629<\/li>\n<li data-section-id=\"1h2jxlx\" data-start=\"1361\" data-end=\"1394\">\u0642\u0645\u0627\u0634 \u0641\u0627\u062e\u0631 \u0646\u0627\u0639\u0645 \u0648\u0645\u062a\u064a\u0646<\/li>\n<li data-section-id=\"ycxj7l\" data-start=\"1395\" data-end=\"1425\">\u062a\u0635\u0645\u064a\u0645 \u0645\u0644\u0627\u0628\u0633 \u0627\u0644\u0634\u0627\u0631\u0639 \u0627\u0644\u062d\u0635\u0631\u064a<\/li>\n<li data-section-id=\"11wq1eb\" data-start=\"1426\" data-end=\"1458\">\u062a\u0635\u0645\u064a\u0645 \u0645\u0646\u0627\u0633\u0628 \u0644\u0644\u062c\u0646\u0633\u064a\u0646 \u0644\u0644\u0631\u062c\u0627\u0644 \u0648\u0627\u0644\u0646\u0633\u0627\u0621<\/li>\n<li data-section-id=\"1b0qwl4\" data-start=\"1459\" data-end=\"1501\">\u064a\u0633\u0647\u0644 \u062a\u0646\u0633\u064a\u0642\u0647 \u0645\u0639 \u0625\u0637\u0644\u0627\u0644\u0627\u062a \u0645\u062a\u0639\u062f\u062f\u0629<\/li>\n<li data-section-id=\"9bpjev\" data-start=\"1502\" data-end=\"1539\">\u062a\u0648\u0635\u064a\u0644 \u0633\u0631\u064a\u0639 \u0641\u064a \u062c\u0645\u064a\u0639 \u0623\u0646\u062d\u0627\u0621 \u0627\u0644\u0645\u063a\u0631\u0628<\/li>\n<\/ul>\n<h3 data-section-id=\"1d25xn1\" data-start=\"1541\" data-end=\"1564\">\u0643\u064a\u0641 \u064a\u062a\u0645 \u0627\u0631\u062a\u062f\u0627\u0624\u0647\u061f<\/h3>\n<p data-start=\"1566\" data-end=\"1740\">\u0627\u0631\u062a\u062f\u064a \u0647\u0630\u0627 \u0627\u0644\u062a\u064a\u0634\u064a\u0631\u062a \u0645\u0639 \u0628\u0646\u0637\u0627\u0644 \u0643\u0627\u0631\u063a\u0648\u060c \u0623\u0648 \u062c\u064a\u0646\u0632 \u0648\u0627\u0633\u0639 \u0627\u0644\u0633\u0627\u0642\u064a\u0646\u060c \u0623\u0648 \u0634\u0648\u0631\u062a \u0641\u0636\u0641\u0627\u0636 \u0644\u0625\u0637\u0644\u0627\u0644\u0629 \u0639\u0635\u0631\u064a\u0629 \u0623\u0646\u064a\u0642\u0629. \u0623\u0636\u0641 \u062d\u0630\u0627\u0621\u064b \u0631\u064a\u0627\u0636\u064a\u0627\u064b \u0644\u0625\u0643\u0645\u0627\u0644 \u0625\u0637\u0644\u0627\u0644\u062a\u0643 \u0628\u0644\u0645\u0633\u0629 \u0645\u0645\u064a\u0632\u0629.<\/p>\n<p data-start=\"1742\" data-end=\"1880\" class=\" translation-block\">\u0627\u0637\u0644\u0628 \u0627\u0644\u0622\u0646 \u0642\u0645\u064a\u0635\u0643 \u0627\u0644\u0645\u063a\u0631\u0628\u064a \u0630\u0648 \u0627\u0644\u0645\u0642\u0627\u0633 \u0627\u0644\u0643\u0628\u064a\u0631 \u0645\u0646 OTMAROC \u0648\u0623\u0638\u0647\u0631 \u0647\u0648\u064a\u062a\u0643 \u0627\u0644\u0645\u063a\u0631\u0628\u064a\u0629 \u0641\u064a \u0639\u0627\u0644\u0645 \u0623\u0632\u064a\u0627\u0621 \u0627\u0644\u0634\u0627\u0631\u0639.<\/p>\n<\/div>\n<\/div>\n<\/div>\n<\/div>\n<div class=\"z-0 flex min-h-[46px] justify-start\"><\/div>\n<div class=\"mt-3 w-full empty:hidden\">\n<div class=\"text-center\"><\/div>\n<\/div>\n<div class=\"keyword-surfer\">\n<div class=\"flex items-center gap-[6px]\"><\/div>\n<\/div>\n<\/div>\n<\/div>\n<\/section>\n<div class=\"pointer-events-none -mt-px h-px translate-y-[calc(var(--scroll-root-safe-area-inset-bottom)-14*var(--spacing))]\" aria-hidden=\"true\"><\/div>","protected":false},"excerpt":{"rendered":"<p data-start=\"280\" data-end=\"513\" class=\" translation-block\">\u0627\u0633\u062a\u0645\u062a\u0639 \u0628\u0623\u0633\u0644\u0648\u0628 \u0641\u0631\u064a\u062f \u0645\u0639 \u062a\u064a\u0634\u064a\u0631\u062a \u0627\u0644\u0634\u0627\u0631\u0639 \u0627\u0644\u0645\u063a\u0631\u0628\u064a \u0627\u0644\u0641\u0636\u0641\u0627\u0636. \u0645\u0635\u0646\u0648\u0639 \u0645\u0646 \u0627\u0644\u0642\u0637\u0646 \u0627\u0644\u062e\u0627\u0644\u0635\u060c \u064a\u062a\u0645\u064a\u0632 \u0628\u0642\u0635\u0629 \u0639\u0635\u0631\u064a\u0629 \u0641\u0636\u0641\u0627\u0636\u0629\u060c \u0648\u0631\u0627\u062d\u0629 \u0641\u0627\u0626\u0642\u0629\u060c \u0648\u062a\u0635\u0645\u064a\u0645 \u0645\u0633\u062a\u0648\u062d\u0649 \u0645\u0646 \u062b\u0642\u0627\u0641\u0629 \u0627\u0644\u0634\u0627\u0631\u0639 \u0627\u0644\u0645\u063a\u0631\u0628\u064a\u0629. \u0645\u062b\u0627\u0644\u064a \u0644\u0625\u0637\u0644\u0627\u0644\u0629 \u0639\u0635\u0631\u064a\u0629 \u064a\u0648\u0645\u064a\u0629.<\/p>\n<h2 data-section-id=\"zo94kp\" data-start=\"515\" data-end=\"534\"><\/h2>","protected":false},"featured_media":5028,"comment_status":"open","ping_status":"closed","template":"","meta":{"_uag_custom_page_level_css":"","site-sidebar-layout":"default","site-content-layout":"","ast-site-content-layout":"default","site-content-style":"default","site-sidebar-style":"default","ast-global-header-display":"","ast-banner-title-visibility":"","ast-main-header-display":"","ast-hfb-above-header-display":"","ast-hfb-below-header-display":"","ast-hfb-mobile-header-display":"","site-post-title":"","ast-breadcrumbs-content":"","ast-featured-img":"","footer-sml-layout":"","theme-transparent-header-meta":"default","adv-header-id-meta":"","stick-header-meta":"","header-above-stick-meta":"","header-main-stick-meta":"","header-below-stick-meta":"","astra-migrate-meta-layouts":"set","ast-page-background-enabled":"default","ast-page-background-meta":{"desktop":{"background-color":"","background-image":"","background-repeat":"repeat","background-position":"center center","background-size":"auto","background-attachment":"scroll","background-type":"","background-media":"","overlay-type":"","overlay-color":"","overlay-opacity":"","overlay-gradient":""},"tablet":{"background-color":"","background-image":"","background-repeat":"repeat","background-position":"center center","background-size":"auto","background-attachment":"scroll","background-type":"","background-media":"","overlay-type":"","overlay-color":"","overlay-opacity":"","overlay-gradient":""},"mobile":{"background-color":"","background-image":"","background-repeat":"repeat","background-position":"center center","background-size":"auto","background-attachment":"scroll","background-type":"","background-media":"","overlay-type":"","overlay-color":"","overlay-opacity":"","overlay-gradient":""}},"ast-content-background-meta":{"desktop":{"background-color":"var(--ast-global-color-5)","background-image":"","background-repeat":"repeat","background-position":"center center","background-size":"auto","background-attachment":"scroll","background-type":"","background-media":"","overlay-type":"","overlay-color":"","overlay-opacity":"","overlay-gradient":""},"tablet":{"background-color":"var(--ast-global-color-5)","background-image":"","background-repeat":"repeat","background-position":"center center","background-size":"auto","background-attachment":"scroll","background-type":"","background-media":"","overlay-type":"","overlay-color":"","overlay-opacity":"","overlay-gradient":""},"mobile":{"background-color":"var(--ast-global-color-5)","background-image":"","background-repeat":"repeat","background-position":"center center","background-size":"auto","background-attachment":"scroll","background-type":"","background-media":"","overlay-type":"","overlay-color":"","overlay-opacity":"","overlay-gradient":""}}},"product_cat":[162,163],"product_tag":[],"class_list":{"0":"post-5016","1":"product","2":"type-product","3":"status-publish","4":"has-post-thumbnail","6":"product_cat-catalogue","7":"product_cat-oversized-t-shirts-maroc","8":"desktop-align-left","9":"tablet-align-left","10":"mobile-align-left","12":"first","13":"instock","14":"featured","15":"shipping-taxable","16":"purchasable","17":"product-type-variable","18":"has-default-attributes"},"yoast_head":"<!-- This site is optimized with the Yoast SEO plugin v23.5 - https:\/\/yoast.com\/wordpress\/plugins\/seo\/ -->\n<title>Streetwear T-Shirt Oversize Maroc Design 5 | OTMAROC<\/title>\n<meta name=\"description\" content=\"Achetez le Streetwear T-Shirt Oversize Maroc sur OTMAROC. Coupe oversize tendance, coton premium, style urbain moderne et livraison rapide partout au Maroc.\" \/>\n<meta name=\"robots\" content=\"index, follow, max-snippet:-1, max-image-preview:large, max-video-preview:-1\" \/>\n<link rel=\"canonical\" href=\"https:\/\/otmaroc.com\/ar\/product\/streetwear-t-shirt-ouversize-maroc\/\" \/>\n<meta property=\"og:locale\" content=\"ar_AR\" \/>\n<meta property=\"og:type\" content=\"article\" \/>\n<meta property=\"og:title\" content=\"Streetwear T-Shirt Oversize Maroc Design 5 | OTMAROC\" \/>\n<meta property=\"og:description\" content=\"Achetez le Streetwear T-Shirt Oversize Maroc sur OTMAROC. Coupe oversize tendance, coton premium, style urbain moderne et livraison rapide partout au Maroc.\" \/>\n<meta property=\"og:url\" content=\"https:\/\/otmaroc.com\/ar\/product\/streetwear-t-shirt-ouversize-maroc\/\" \/>\n<meta property=\"og:site_name\" content=\"OTMAROC\" \/>\n<meta property=\"article:publisher\" content=\"https:\/\/www.facebook.com\/profile.php?id=61565107472257\" \/>\n<meta property=\"article:modified_time\" content=\"2026-04-30T11:17:28+00:00\" \/>\n<meta property=\"og:image\" content=\"https:\/\/otmaroc.com\/wp-content\/uploads\/2026\/04\/ChatGPT-Image-25-avr.-2026-00_38_34-2.png\" \/>\n\t<meta property=\"og:image:width\" content=\"617\" \/>\n\t<meta property=\"og:image:height\" content=\"925\" \/>\n\t<meta property=\"og:image:type\" content=\"image\/png\" \/>\n<meta name=\"twitter:card\" content=\"summary_large_image\" \/>\n<meta name=\"twitter:label1\" content=\"\u0648\u0642\u062a \u0627\u0644\u0642\u0631\u0627\u0621\u0629 \u0627\u0644\u0645\u064f\u0642\u062f\u0651\u0631\" \/>\n\t<meta name=\"twitter:data1\" content=\"\u062f\u0642\u064a\u0642\u062a\u0627\u0646\" \/>\n<script type=\"application\/ld+json\" class=\"yoast-schema-graph\">{\"@context\":\"https:\/\/schema.org\",\"@graph\":[{\"@type\":\"WebPage\",\"@id\":\"https:\/\/otmaroc.com\/product\/streetwear-t-shirt-ouversize-maroc\/\",\"url\":\"https:\/\/otmaroc.com\/product\/streetwear-t-shirt-ouversize-maroc\/\",\"name\":\"Streetwear T-Shirt Oversize Maroc Design 5 | OTMAROC\",\"isPartOf\":{\"@id\":\"https:\/\/otmaroc.com\/#website\"},\"primaryImageOfPage\":{\"@id\":\"https:\/\/otmaroc.com\/product\/streetwear-t-shirt-ouversize-maroc\/#primaryimage\"},\"image\":{\"@id\":\"https:\/\/otmaroc.com\/product\/streetwear-t-shirt-ouversize-maroc\/#primaryimage\"},\"thumbnailUrl\":\"https:\/\/otmaroc.com\/wp-content\/uploads\/2026\/04\/ChatGPT-Image-25-avr.-2026-00_38_34-2.png\",\"datePublished\":\"2026-04-27T18:20:15+00:00\",\"dateModified\":\"2026-04-30T11:17:28+00:00\",\"description\":\"Achetez le Streetwear T-Shirt Oversize Maroc sur OTMAROC. Coupe oversize tendance, coton premium, style urbain moderne et livraison rapide partout au Maroc.\",\"breadcrumb\":{\"@id\":\"https:\/\/otmaroc.com\/product\/streetwear-t-shirt-ouversize-maroc\/#breadcrumb\"},\"inLanguage\":\"ar\",\"potentialAction\":[{\"@type\":\"ReadAction\",\"target\":[\"https:\/\/otmaroc.com\/product\/streetwear-t-shirt-ouversize-maroc\/\"]}]},{\"@type\":\"ImageObject\",\"inLanguage\":\"ar\",\"@id\":\"https:\/\/otmaroc.com\/product\/streetwear-t-shirt-ouversize-maroc\/#primaryimage\",\"url\":\"https:\/\/otmaroc.com\/wp-content\/uploads\/2026\/04\/ChatGPT-Image-25-avr.-2026-00_38_34-2.png\",\"contentUrl\":\"https:\/\/otmaroc.com\/wp-content\/uploads\/2026\/04\/ChatGPT-Image-25-avr.-2026-00_38_34-2.png\",\"width\":617,\"height\":925},{\"@type\":\"BreadcrumbList\",\"@id\":\"https:\/\/otmaroc.com\/product\/streetwear-t-shirt-ouversize-maroc\/#breadcrumb\",\"itemListElement\":[{\"@type\":\"ListItem\",\"position\":1,\"name\":\"Home\",\"item\":\"https:\/\/otmaroc.com\/\"},{\"@type\":\"ListItem\",\"position\":2,\"name\":\"Products\",\"item\":\"https:\/\/otmaroc.com\/store\/\"},{\"@type\":\"ListItem\",\"position\":3,\"name\":\"Streetwear T-Shirt Ouversize Maroc\u2013 Design 5\"}]},{\"@type\":\"WebSite\",\"@id\":\"https:\/\/otmaroc.com\/#website\",\"url\":\"https:\/\/otmaroc.com\/\",\"name\":\"OTMAROC\",\"description\":\"Brand num\u00e9ro \u2160 pour Streetwear au Maroc\",\"publisher\":{\"@id\":\"https:\/\/otmaroc.com\/#organization\"},\"potentialAction\":[{\"@type\":\"SearchAction\",\"target\":{\"@type\":\"EntryPoint\",\"urlTemplate\":\"https:\/\/otmaroc.com\/?s={search_term_string}\"},\"query-input\":{\"@type\":\"PropertyValueSpecification\",\"valueRequired\":true,\"valueName\":\"search_term_string\"}}],\"inLanguage\":\"ar\"},{\"@type\":\"Organization\",\"@id\":\"https:\/\/otmaroc.com\/#organization\",\"name\":\"OTMAROC\",\"url\":\"https:\/\/otmaroc.com\/\",\"logo\":{\"@type\":\"ImageObject\",\"inLanguage\":\"ar\",\"@id\":\"https:\/\/otmaroc.com\/#\/schema\/logo\/image\/\",\"url\":\"https:\/\/otmaroc.com\/wp-content\/uploads\/2024\/08\/cropped-cropped-Black_White_Yellow_Simple_Initial_Name_Logo-removebg-preview-2.png\",\"contentUrl\":\"https:\/\/otmaroc.com\/wp-content\/uploads\/2024\/08\/cropped-cropped-Black_White_Yellow_Simple_Initial_Name_Logo-removebg-preview-2.png\",\"width\":298,\"height\":192,\"caption\":\"OTMAROC\"},\"image\":{\"@id\":\"https:\/\/otmaroc.com\/#\/schema\/logo\/image\/\"},\"sameAs\":[\"https:\/\/www.facebook.com\/profile.php?id=61565107472257\",\"https:\/\/www.instagram.com\/otmaroc2024\/\",\"https:\/\/www.youtube.com\/@othmaneksaibar6763\",\"https:\/\/api.whatsapp.com\/send?phone=2120623512008\"]}]}<\/script>\n<!-- \/ Yoast SEO plugin. -->","yoast_head_json":{"title":"Streetwear T-Shirt Oversize Maroc Design 5 | OTMAROC","description":"Achetez le Streetwear T-Shirt Oversize Maroc sur OTMAROC. Coupe oversize tendance, coton premium, style urbain moderne et livraison rapide partout au Maroc.","robots":{"index":"index","follow":"follow","max-snippet":"max-snippet:-1","max-image-preview":"max-image-preview:large","max-video-preview":"max-video-preview:-1"},"canonical":"https:\/\/otmaroc.com\/ar\/product\/streetwear-t-shirt-ouversize-maroc\/","og_locale":"ar_AR","og_type":"article","og_title":"Streetwear T-Shirt Oversize Maroc Design 5 | OTMAROC","og_description":"Achetez le Streetwear T-Shirt Oversize Maroc sur OTMAROC. Coupe oversize tendance, coton premium, style urbain moderne et livraison rapide partout au Maroc.","og_url":"https:\/\/otmaroc.com\/ar\/product\/streetwear-t-shirt-ouversize-maroc\/","og_site_name":"OTMAROC","article_publisher":"https:\/\/www.facebook.com\/profile.php?id=61565107472257","article_modified_time":"2026-04-30T11:17:28+00:00","og_image":[{"width":617,"height":925,"url":"https:\/\/otmaroc.com\/wp-content\/uploads\/2026\/04\/ChatGPT-Image-25-avr.-2026-00_38_34-2.png","type":"image\/png"}],"twitter_card":"summary_large_image","twitter_misc":{"\u0648\u0642\u062a \u0627\u0644\u0642\u0631\u0627\u0621\u0629 \u0627\u0644\u0645\u064f\u0642\u062f\u0651\u0631":"\u062f\u0642\u064a\u0642\u062a\u0627\u0646"},"schema":{"@context":"https:\/\/schema.org","@graph":[{"@type":"WebPage","@id":"https:\/\/otmaroc.com\/product\/streetwear-t-shirt-ouversize-maroc\/","url":"https:\/\/otmaroc.com\/product\/streetwear-t-shirt-ouversize-maroc\/","name":"Streetwear T-Shirt Oversize Maroc Design 5 | OTMAROC","isPartOf":{"@id":"https:\/\/otmaroc.com\/#website"},"primaryImageOfPage":{"@id":"https:\/\/otmaroc.com\/product\/streetwear-t-shirt-ouversize-maroc\/#primaryimage"},"image":{"@id":"https:\/\/otmaroc.com\/product\/streetwear-t-shirt-ouversize-maroc\/#primaryimage"},"thumbnailUrl":"https:\/\/otmaroc.com\/wp-content\/uploads\/2026\/04\/ChatGPT-Image-25-avr.-2026-00_38_34-2.png","datePublished":"2026-04-27T18:20:15+00:00","dateModified":"2026-04-30T11:17:28+00:00","description":"Achetez le Streetwear T-Shirt Oversize Maroc sur OTMAROC. Coupe oversize tendance, coton premium, style urbain moderne et livraison rapide partout au Maroc.","breadcrumb":{"@id":"https:\/\/otmaroc.com\/product\/streetwear-t-shirt-ouversize-maroc\/#breadcrumb"},"inLanguage":"ar","potentialAction":[{"@type":"ReadAction","target":["https:\/\/otmaroc.com\/product\/streetwear-t-shirt-ouversize-maroc\/"]}]},{"@type":"ImageObject","inLanguage":"ar","@id":"https:\/\/otmaroc.com\/product\/streetwear-t-shirt-ouversize-maroc\/#primaryimage","url":"https:\/\/otmaroc.com\/wp-content\/uploads\/2026\/04\/ChatGPT-Image-25-avr.-2026-00_38_34-2.png","contentUrl":"https:\/\/otmaroc.com\/wp-content\/uploads\/2026\/04\/ChatGPT-Image-25-avr.-2026-00_38_34-2.png","width":617,"height":925},{"@type":"BreadcrumbList","@id":"https:\/\/otmaroc.com\/product\/streetwear-t-shirt-ouversize-maroc\/#breadcrumb","itemListElement":[{"@type":"ListItem","position":1,"name":"Home","item":"https:\/\/otmaroc.com\/"},{"@type":"ListItem","position":2,"name":"Products","item":"https:\/\/otmaroc.com\/store\/"},{"@type":"ListItem","position":3,"name":"Streetwear T-Shirt Ouversize Maroc\u2013 Design 5"}]},{"@type":"WebSite","@id":"https:\/\/otmaroc.com\/#website","url":"https:\/\/otmaroc.com\/","name":"OTMAROC","description":"Brand num\u00e9ro \u2160 pour Streetwear au Maroc","publisher":{"@id":"https:\/\/otmaroc.com\/#organization"},"potentialAction":[{"@type":"SearchAction","target":{"@type":"EntryPoint","urlTemplate":"https:\/\/otmaroc.com\/?s={search_term_string}"},"query-input":{"@type":"PropertyValueSpecification","valueRequired":true,"valueName":"search_term_string"}}],"inLanguage":"ar"},{"@type":"Organization","@id":"https:\/\/otmaroc.com\/#organization","name":"OTMAROC","url":"https:\/\/otmaroc.com\/","logo":{"@type":"ImageObject","inLanguage":"ar","@id":"https:\/\/otmaroc.com\/#\/schema\/logo\/image\/","url":"https:\/\/otmaroc.com\/wp-content\/uploads\/2024\/08\/cropped-cropped-Black_White_Yellow_Simple_Initial_Name_Logo-removebg-preview-2.png","contentUrl":"https:\/\/otmaroc.com\/wp-content\/uploads\/2024\/08\/cropped-cropped-Black_White_Yellow_Simple_Initial_Name_Logo-removebg-preview-2.png","width":298,"height":192,"caption":"OTMAROC"},"image":{"@id":"https:\/\/otmaroc.com\/#\/schema\/logo\/image\/"},"sameAs":["https:\/\/www.facebook.com\/profile.php?id=61565107472257","https:\/\/www.instagram.com\/otmaroc2024\/","https:\/\/www.youtube.com\/@othmaneksaibar6763","https:\/\/api.whatsapp.com\/send?phone=2120623512008"]}]}},"uagb_featured_image_src":{"full":["https:\/\/otmaroc.com\/wp-content\/uploads\/2026\/04\/ChatGPT-Image-25-avr.-2026-00_38_34-2.png",617,925,false],"thumbnail":["https:\/\/otmaroc.com\/wp-content\/uploads\/2026\/04\/ChatGPT-Image-25-avr.-2026-00_38_34-2-150x150.png",150,150,true],"medium":["https:\/\/otmaroc.com\/wp-content\/uploads\/2026\/04\/ChatGPT-Image-25-avr.-2026-00_38_34-2-200x300.png",200,300,true],"medium_large":["https:\/\/otmaroc.com\/wp-content\/uploads\/2026\/04\/ChatGPT-Image-25-avr.-2026-00_38_34-2.png",617,925,false],"large":["https:\/\/otmaroc.com\/wp-content\/uploads\/2026\/04\/ChatGPT-Image-25-avr.-2026-00_38_34-2.png",617,925,false],"1536x1536":["https:\/\/otmaroc.com\/wp-content\/uploads\/2026\/04\/ChatGPT-Image-25-avr.-2026-00_38_34-2.png",617,925,false],"2048x2048":["https:\/\/otmaroc.com\/wp-content\/uploads\/2026\/04\/ChatGPT-Image-25-avr.-2026-00_38_34-2.png",617,925,false],"trp-custom-language-flag":["https:\/\/otmaroc.com\/wp-content\/uploads\/2026\/04\/ChatGPT-Image-25-avr.-2026-00_38_34-2-8x12.png",8,12,true],"woocommerce_thumbnail":["https:\/\/otmaroc.com\/wp-content\/uploads\/2026\/04\/ChatGPT-Image-25-avr.-2026-00_38_34-2-300x300.png",300,300,true],"woocommerce_single":["https:\/\/otmaroc.com\/wp-content\/uploads\/2026\/04\/ChatGPT-Image-25-avr.-2026-00_38_34-2-600x900.png",600,900,true],"woocommerce_gallery_thumbnail":["https:\/\/otmaroc.com\/wp-content\/uploads\/2026\/04\/ChatGPT-Image-25-avr.-2026-00_38_34-2-100x100.png",100,100,true],"variation_swatches_image_size":["https:\/\/otmaroc.com\/wp-content\/uploads\/2026\/04\/ChatGPT-Image-25-avr.-2026-00_38_34-2-50x50.png",50,50,true],"variation_swatches_tooltip_size":["https:\/\/otmaroc.com\/wp-content\/uploads\/2026\/04\/ChatGPT-Image-25-avr.-2026-00_38_34-2-100x100.png",100,100,true],"dgwt-wcas-product-suggestion":["https:\/\/otmaroc.com\/wp-content\/uploads\/2026\/04\/ChatGPT-Image-25-avr.-2026-00_38_34-2-64x96.png",64,96,true]},"uagb_author_info":{"display_name":"othmane iptv","author_link":"https:\/\/otmaroc.com\/ar\/author\/"},"uagb_comment_info":0,"uagb_excerpt":"Adoptez un style unique avec le Streetwear T-Shirt Oversize Maroc . Con\u00e7u en 100% coton, Une coupe oversize moderne, un confort premium et un design inspir\u00e9 de la culture urbaine marocaine. Id\u00e9al pour un look streetwear tendance au quotidien.","jetpack_sharing_enabled":true,"_links":{"self":[{"href":"https:\/\/otmaroc.com\/ar\/wp-json\/wp\/v2\/product\/5016"}],"collection":[{"href":"https:\/\/otmaroc.com\/ar\/wp-json\/wp\/v2\/product"}],"about":[{"href":"https:\/\/otmaroc.com\/ar\/wp-json\/wp\/v2\/types\/product"}],"replies":[{"embeddable":true,"href":"https:\/\/otmaroc.com\/ar\/wp-json\/wp\/v2\/comments?post=5016"}],"wp:featuredmedia":[{"embeddable":true,"href":"https:\/\/otmaroc.com\/ar\/wp-json\/wp\/v2\/media\/5028"}],"wp:attachment":[{"href":"https:\/\/otmaroc.com\/ar\/wp-json\/wp\/v2\/media?parent=5016"}],"wp:term":[{"taxonomy":"product_cat","embeddable":true,"href":"https:\/\/otmaroc.com\/ar\/wp-json\/wp\/v2\/product_cat?post=5016"},{"taxonomy":"product_tag","embeddable":true,"href":"https:\/\/otmaroc.com\/ar\/wp-json\/wp\/v2\/product_tag?post=5016"}],"curies":[{"name":"wp","href":"https:\/\/api.w.org\/{rel}","templated":true}]}}