{"id":4946,"date":"2026-04-26T23:42:46","date_gmt":"2026-04-26T23:42:46","guid":{"rendered":"https:\/\/otmaroc.com\/?post_type=product&#038;p=4946"},"modified":"2026-04-29T00:48:53","modified_gmt":"2026-04-28T23:48:53","slug":"ouversize-t-shirt-streetwear-maroc-noire","status":"publish","type":"product","link":"https:\/\/otmaroc.com\/ar\/product\/ouversize-t-shirt-streetwear-maroc-noire\/","title":{"rendered":"\u062a\u064a\u0634\u064a\u0631\u062a \u0648\u0627\u0633\u0639 \u0627\u0644\u0645\u0642\u0627\u0633 \u0645\u0646 \u0645\u0644\u0627\u0628\u0633 \u0627\u0644\u0634\u0627\u0631\u0639 - \u0623\u0633\u0648\u062f"},"content":{"rendered":"<p data-start=\"565\" data-end=\"872\" class=\" translation-block\">\u062a\u064a\u0634\u064a\u0631\u062a \u0623\u0633\u0648\u062f \u0641\u0636\u0641\u0627\u0636 \u0645\u0646 \u0627\u0644\u0645\u063a\u0631\u0628\u060c \u0642\u0637\u0639\u0629 \u0645\u062b\u0627\u0644\u064a\u0629 \u0644\u0645\u0646 \u064a\u0628\u062d\u062b \u0639\u0646 \u0627\u0644\u0631\u0627\u062d\u0629 \u0648\u0627\u0644\u0623\u0646\u0627\u0642\u0629 \u0648\u0627\u0644\u062a\u0639\u0628\u064a\u0631 \u0639\u0646 \u0627\u0644\u0647\u0648\u064a\u0629 \u0627\u0644\u0639\u0635\u0631\u064a\u0629. \u0645\u0635\u0646\u0648\u0639 \u0645\u0646 \u0627\u0644\u0642\u0637\u0646 \u0627\u0644\u062e\u0627\u0644\u0635 \u0648\u0645\u0633\u062a\u0648\u062d\u0649 \u0645\u0646 \u0623\u062d\u062f\u062b \u0635\u064a\u062d\u0627\u062a \u0623\u0632\u064a\u0627\u0621 \u0627\u0644\u0634\u0627\u0631\u0639\u060c \u064a\u062a\u0645\u064a\u0632 \u0647\u0630\u0627 \u0627\u0644\u062a\u064a\u0634\u064a\u0631\u062a \u0627\u0644\u0623\u0633\u0648\u062f \u0627\u0644\u0641\u0636\u0641\u0627\u0636 \u0628\u0642\u0635\u0629 \u0623\u0646\u064a\u0642\u0629 \u0648\u0648\u0627\u0633\u0639\u0629 \u062a\u0645\u0646\u062d\u0643 \u0625\u0637\u0644\u0627\u0644\u0629 \u0645\u0645\u064a\u0632\u0629 \u0648\u062c\u0630\u0627\u0628\u0629.<\/p>\n<p data-start=\"874\" data-end=\"1094\">\u0645\u0635\u0646\u0648\u0639 \u0645\u0646 \u0642\u0645\u0627\u0634 \u0641\u0627\u062e\u0631 \u0646\u0627\u0639\u0645 \u0648\u0645\u0633\u0627\u0645\u064a\u060c \u064a\u0636\u0645\u0646 \u0647\u0630\u0627 \u0627\u0644\u0645\u0648\u062f\u064a\u0644 \u0631\u0627\u062d\u0629 \u0645\u062b\u0627\u0644\u064a\u0629 \u0644\u0644\u0627\u0631\u062a\u062f\u0627\u0621 \u0627\u0644\u064a\u0648\u0645\u064a. \u062a\u062d\u0627\u0641\u0638 \u0645\u0627\u062f\u062a\u0647 \u0627\u0644\u0645\u062a\u064a\u0646\u0629 \u0639\u0644\u0649 \u0634\u0643\u0644\u0647\u0627 \u0628\u0639\u062f \u0643\u0644 \u063a\u0633\u0644\u0629\u060c \u0645\u0645\u0627 \u064a\u062c\u0639\u0644\u0647 \u062e\u064a\u0627\u0631\u064b\u0627 \u0645\u0645\u062a\u0627\u0632\u064b\u0627 \u0644\u0644\u0627\u0633\u062a\u062e\u062f\u0627\u0645 \u0627\u0644\u0645\u0646\u062a\u0638\u0645.<\/p>\n<p data-start=\"1096\" data-end=\"1294\" class=\" translation-block\">\u062a\u064a\u0634\u064a\u0631\u062a \u0639\u0635\u0631\u064a \u0648\u0627\u0633\u0639\u060c \u0645\u0635\u0646\u0648\u0639 \u0645\u0646 \u0627\u0644\u0642\u0637\u0646 \u0627\u0644\u062e\u0627\u0644\u0635\u060c \u0642\u0645\u0627\u0634 \u0645\u0631\u064a\u062d \u0648\u062a\u0635\u0645\u064a\u0645 \u0623\u0646\u064a\u0642 \u0642\u0645 \u0628\u0625\u0632\u0627\u0644\u0629 \u0627\u0644\u0645\u0627\u0621 \u0645\u0646 \u0627\u0644\u0645\u0627\u0621. \u0645\u062b\u0627\u0644\u064a\u0629 \u0644\u0625\u0637\u0644\u0627\u0644\u0629 \u0639\u0635\u0631\u064a\u0629 \u0645\u0645\u064a\u0632\u0629.<\/p>\n<h3 data-section-id=\"1fnwkp2\" data-start=\"1296\" data-end=\"1338\">\u0644\u0645\u0627\u0630\u0627 \u062a\u062e\u062a\u0627\u0631 \u0647\u0630\u0627 \u0627\u0644\u062a\u064a\u0634\u064a\u0631\u062a \u0630\u0648 \u0627\u0644\u0645\u0642\u0627\u0633 \u0627\u0644\u0643\u0628\u064a\u0631\u061f<\/h3>\n<ul data-start=\"1340\" data-end=\"1553\">\n<li data-section-id=\"1kshewb\" data-start=\"1340\" data-end=\"1382\">\u0642\u0635\u0629 \u0648\u0627\u0633\u0639\u0629 \u0639\u0635\u0631\u064a\u0629 \u0648\u0645\u0631\u064a\u062d\u0629<\/li>\n<li data-section-id=\"nu900n\" data-start=\"1383\" data-end=\"1418\">\u0627\u0644\u0644\u0648\u0646 \u0627\u0644\u0623\u0633\u0648\u062f\u060c \u0633\u0647\u0644 \u0627\u0644\u062a\u0646\u0633\u064a\u0642<\/li>\n<li data-section-id=\"1h2jxlx\" data-start=\"1419\" data-end=\"1452\">\u0642\u0645\u0627\u0634 \u0641\u0627\u062e\u0631 \u0646\u0627\u0639\u0645 \u0648\u0645\u062a\u064a\u0646<\/li>\n<li data-section-id=\"1k7wmu8\" data-start=\"1453\" data-end=\"1482\">\u062a\u0635\u0645\u064a\u0645 \u0645\u0644\u0627\u0628\u0633 \u0627\u0644\u0634\u0627\u0631\u0639 \u0627\u0644\u062d\u062f\u064a\u062b\u0629<\/li>\n<li data-section-id=\"11wq1eb\" data-start=\"1483\" data-end=\"1515\">\u062a\u0635\u0645\u064a\u0645 \u0645\u0646\u0627\u0633\u0628 \u0644\u0644\u062c\u0646\u0633\u064a\u0646 \u0644\u0644\u0631\u062c\u0627\u0644 \u0648\u0627\u0644\u0646\u0633\u0627\u0621<\/li>\n<li data-section-id=\"9bpjev\" data-start=\"1516\" data-end=\"1553\">\u062a\u0648\u0635\u064a\u0644 \u0633\u0631\u064a\u0639 \u0641\u064a \u062c\u0645\u064a\u0639 \u0623\u0646\u062d\u0627\u0621 \u0627\u0644\u0645\u063a\u0631\u0628<\/li>\n<\/ul>\n<h3 data-section-id=\"1d25xn1\" data-start=\"1555\" data-end=\"1578\">\u0643\u064a\u0641 \u064a\u062a\u0645 \u0627\u0631\u062a\u062f\u0627\u0624\u0647\u061f<\/h3>\n<p data-start=\"1580\" data-end=\"1756\">\u0627\u0631\u062a\u062f\u064a \u0647\u0630\u0627 \u0627\u0644\u062a\u064a\u0634\u064a\u0631\u062a \u0627\u0644\u0623\u0633\u0648\u062f \u0627\u0644\u0641\u0636\u0641\u0627\u0636 \u0645\u0639 \u0628\u0646\u0637\u0627\u0644 \u0643\u0627\u0631\u063a\u0648 \u0623\u0648 \u062c\u064a\u0646\u0632 \u0648\u0627\u0633\u0639 \u0627\u0644\u0633\u0627\u0642\u064a\u0646 \u0623\u0648 \u0634\u0648\u0631\u062a \u0644\u0625\u0637\u0644\u0627\u0644\u0629 \u0639\u0635\u0631\u064a\u0629 \u0645\u062a\u0643\u0627\u0645\u0644\u0629. \u0623\u0636\u0641 \u062d\u0630\u0627\u0621\u064b \u0631\u064a\u0627\u0636\u064a\u0627\u064b \u0644\u0625\u0637\u0644\u0627\u0644\u0629 \u0623\u0646\u064a\u0642\u0629 \u0648\u0639\u0635\u0631\u064a\u0629.<\/p>\n<p data-start=\"1758\" data-end=\"1930\" class=\" translation-block\">\u0627\u0637\u0644\u0628 \u0627\u0644\u0622\u0646 \u0642\u0645\u064a\u0635\u0643 \u0627\u0644\u0623\u0633\u0648\u062f \u0627\u0644\u0643\u0628\u064a\u0631 \u0627\u0644\u062d\u062c\u0645 \u0630\u0648 \u0627\u0644\u0637\u0627\u0628\u0639 \u0627\u0644\u0645\u063a\u0631\u0628\u064a \u0645\u0646 \u0645\u0648\u0642\u0639 OTMAROC \u0648\u0623\u0638\u0647\u0631 \u0623\u0633\u0644\u0648\u0628\u0643 \u0628\u0642\u0637\u0639\u0629 \u0623\u0633\u0627\u0633\u064a\u0629 \u0645\u0646 \u0645\u0644\u0627\u0628\u0633 \u0627\u0644\u0634\u0627\u0631\u0639 \u0627\u0644\u0645\u063a\u0631\u0628\u064a\u0629.<\/p>","protected":false},"excerpt":{"rendered":"<p class=\" translation-block\">\u0627\u0639\u062a\u0645\u062f  \u0625\u0637\u0644\u0627\u0644\u0629 \u0639\u0635\u0631\u064a\u0629 \u062c\u0631\u064a\u0626\u0629 \u0645\u0639 \u062a\u064a \u0634\u064a\u0631\u062a \u0627\u0644\u0634\u0627\u0631\u0639 \u0627\u0644\u0648\u0627\u0633\u0639 \u0628\u0627\u0644\u0644\u0648\u0646 \u0627\u0644\u0623\u0633\u0648\u062f<\/p>\n<p class=\" translation-block\">\u062a\u064a\u0634\u064a\u0631\u062a \u0639\u0635\u0631\u064a \u0648\u0627\u0633\u0639\u060c \u0645\u0635\u0646\u0648\u0639 \u0645\u0646 \u0627\u0644\u0642\u0637\u0646 \u0627\u0644\u062e\u0627\u0644\u0635\u060c \u0642\u0645\u0627\u0634 \u0645\u0631\u064a\u062d \u0648\u062a\u0635\u0645\u064a\u0645 \u0623\u0646\u064a\u0642 \u0635\u064f\u0645\u0645 \u062e\u0635\u064a\u0635\u0627\u064b \u0644\u0639\u0634\u0627\u0642 \u0623\u0632\u064a\u0627\u0621 \u0627\u0644\u0634\u0627\u0631\u0639 \u0641\u064a \u0627\u0644\u0645\u063a\u0631\u0628. \u0645\u062b\u0627\u0644\u064a \u0644\u0625\u0637\u0644\u0627\u0644\u0629 \u0639\u0635\u0631\u064a\u0629 \u0645\u0645\u064a\u0632\u0629.<\/p>","protected":false},"featured_media":4937,"comment_status":"open","ping_status":"closed","template":"","meta":{"_uag_custom_page_level_css":"","site-sidebar-layout":"default","site-content-layout":"","ast-site-content-layout":"default","site-content-style":"default","site-sidebar-style":"default","ast-global-header-display":"","ast-banner-title-visibility":"","ast-main-header-display":"","ast-hfb-above-header-display":"","ast-hfb-below-header-display":"","ast-hfb-mobile-header-display":"","site-post-title":"","ast-breadcrumbs-content":"","ast-featured-img":"","footer-sml-layout":"","theme-transparent-header-meta":"default","adv-header-id-meta":"","stick-header-meta":"","header-above-stick-meta":"","header-main-stick-meta":"","header-below-stick-meta":"","astra-migrate-meta-layouts":"set","ast-page-background-enabled":"default","ast-page-background-meta":{"desktop":{"background-color":"","background-image":"","background-repeat":"repeat","background-position":"center center","background-size":"auto","background-attachment":"scroll","background-type":"","background-media":"","overlay-type":"","overlay-color":"","overlay-opacity":"","overlay-gradient":""},"tablet":{"background-color":"","background-image":"","background-repeat":"repeat","background-position":"center center","background-size":"auto","background-attachment":"scroll","background-type":"","background-media":"","overlay-type":"","overlay-color":"","overlay-opacity":"","overlay-gradient":""},"mobile":{"background-color":"","background-image":"","background-repeat":"repeat","background-position":"center center","background-size":"auto","background-attachment":"scroll","background-type":"","background-media":"","overlay-type":"","overlay-color":"","overlay-opacity":"","overlay-gradient":""}},"ast-content-background-meta":{"desktop":{"background-color":"var(--ast-global-color-5)","background-image":"","background-repeat":"repeat","background-position":"center center","background-size":"auto","background-attachment":"scroll","background-type":"","background-media":"","overlay-type":"","overlay-color":"","overlay-opacity":"","overlay-gradient":""},"tablet":{"background-color":"var(--ast-global-color-5)","background-image":"","background-repeat":"repeat","background-position":"center center","background-size":"auto","background-attachment":"scroll","background-type":"","background-media":"","overlay-type":"","overlay-color":"","overlay-opacity":"","overlay-gradient":""},"mobile":{"background-color":"var(--ast-global-color-5)","background-image":"","background-repeat":"repeat","background-position":"center center","background-size":"auto","background-attachment":"scroll","background-type":"","background-media":"","overlay-type":"","overlay-color":"","overlay-opacity":"","overlay-gradient":""}}},"product_cat":[162,163],"product_tag":[],"class_list":{"0":"post-4946","1":"product","2":"type-product","3":"status-publish","4":"has-post-thumbnail","6":"product_cat-catalogue","7":"product_cat-oversized-t-shirts-maroc","8":"desktop-align-left","9":"tablet-align-left","10":"mobile-align-left","12":"first","13":"instock","14":"featured","15":"shipping-taxable","16":"purchasable","17":"product-type-variable","18":"has-default-attributes"},"yoast_head":"<!-- This site is optimized with the Yoast SEO plugin v23.5 - https:\/\/yoast.com\/wordpress\/plugins\/seo\/ -->\n<title>Oversize T-Shirt Streetwear Maroc Noir | OTMAROC<\/title>\n<meta name=\"description\" content=\"Achetez le Oversize T-Shirt Streetwear Maroc sur OTMAROC. Coupe oversize tendance, coton premium, style urbain moderne et livraison rapide partout au Maroc.\" \/>\n<meta name=\"robots\" content=\"index, follow, max-snippet:-1, max-image-preview:large, max-video-preview:-1\" \/>\n<link rel=\"canonical\" href=\"https:\/\/otmaroc.com\/ar\/product\/ouversize-t-shirt-streetwear-maroc-noire\/\" \/>\n<meta property=\"og:locale\" content=\"ar_AR\" \/>\n<meta property=\"og:type\" content=\"article\" \/>\n<meta property=\"og:title\" content=\"Oversize T-Shirt Streetwear Maroc Noir | OTMAROC\" \/>\n<meta property=\"og:description\" content=\"Achetez le Oversize T-Shirt Streetwear Maroc sur OTMAROC. Coupe oversize tendance, coton premium, style urbain moderne et livraison rapide partout au Maroc.\" \/>\n<meta property=\"og:url\" content=\"https:\/\/otmaroc.com\/ar\/product\/ouversize-t-shirt-streetwear-maroc-noire\/\" \/>\n<meta property=\"og:site_name\" content=\"OTMAROC\" \/>\n<meta property=\"article:publisher\" content=\"https:\/\/www.facebook.com\/profile.php?id=61565107472257\" \/>\n<meta property=\"article:modified_time\" content=\"2026-04-28T23:48:53+00:00\" \/>\n<meta property=\"og:image\" content=\"https:\/\/otmaroc.com\/wp-content\/uploads\/2026\/04\/ChatGPT-Image-26-avr.-2026-01_46_31-768x1024.png\" \/>\n\t<meta property=\"og:image:width\" content=\"768\" \/>\n\t<meta property=\"og:image:height\" content=\"1024\" \/>\n\t<meta property=\"og:image:type\" content=\"image\/png\" \/>\n<meta name=\"twitter:card\" content=\"summary_large_image\" \/>\n<meta name=\"twitter:label1\" content=\"\u0648\u0642\u062a \u0627\u0644\u0642\u0631\u0627\u0621\u0629 \u0627\u0644\u0645\u064f\u0642\u062f\u0651\u0631\" \/>\n\t<meta name=\"twitter:data1\" content=\"\u062f\u0642\u064a\u0642\u062a\u0627\u0646\" \/>\n<script type=\"application\/ld+json\" class=\"yoast-schema-graph\">{\"@context\":\"https:\/\/schema.org\",\"@graph\":[{\"@type\":\"WebPage\",\"@id\":\"https:\/\/otmaroc.com\/product\/ouversize-t-shirt-streetwear-maroc-noire\/\",\"url\":\"https:\/\/otmaroc.com\/product\/ouversize-t-shirt-streetwear-maroc-noire\/\",\"name\":\"Oversize T-Shirt Streetwear Maroc Noir | OTMAROC\",\"isPartOf\":{\"@id\":\"https:\/\/otmaroc.com\/#website\"},\"primaryImageOfPage\":{\"@id\":\"https:\/\/otmaroc.com\/product\/ouversize-t-shirt-streetwear-maroc-noire\/#primaryimage\"},\"image\":{\"@id\":\"https:\/\/otmaroc.com\/product\/ouversize-t-shirt-streetwear-maroc-noire\/#primaryimage\"},\"thumbnailUrl\":\"https:\/\/otmaroc.com\/wp-content\/uploads\/2026\/04\/ChatGPT-Image-26-avr.-2026-01_46_31-e1777247636759.png\",\"datePublished\":\"2026-04-26T23:42:46+00:00\",\"dateModified\":\"2026-04-28T23:48:53+00:00\",\"description\":\"Achetez le Oversize T-Shirt Streetwear Maroc sur OTMAROC. Coupe oversize tendance, coton premium, style urbain moderne et livraison rapide partout au Maroc.\",\"breadcrumb\":{\"@id\":\"https:\/\/otmaroc.com\/product\/ouversize-t-shirt-streetwear-maroc-noire\/#breadcrumb\"},\"inLanguage\":\"ar\",\"potentialAction\":[{\"@type\":\"ReadAction\",\"target\":[\"https:\/\/otmaroc.com\/product\/ouversize-t-shirt-streetwear-maroc-noire\/\"]}]},{\"@type\":\"ImageObject\",\"inLanguage\":\"ar\",\"@id\":\"https:\/\/otmaroc.com\/product\/ouversize-t-shirt-streetwear-maroc-noire\/#primaryimage\",\"url\":\"https:\/\/otmaroc.com\/wp-content\/uploads\/2026\/04\/ChatGPT-Image-26-avr.-2026-01_46_31-e1777247636759.png\",\"contentUrl\":\"https:\/\/otmaroc.com\/wp-content\/uploads\/2026\/04\/ChatGPT-Image-26-avr.-2026-01_46_31-e1777247636759.png\",\"width\":835,\"height\":856},{\"@type\":\"BreadcrumbList\",\"@id\":\"https:\/\/otmaroc.com\/product\/ouversize-t-shirt-streetwear-maroc-noire\/#breadcrumb\",\"itemListElement\":[{\"@type\":\"ListItem\",\"position\":1,\"name\":\"Home\",\"item\":\"https:\/\/otmaroc.com\/\"},{\"@type\":\"ListItem\",\"position\":2,\"name\":\"Products\",\"item\":\"https:\/\/otmaroc.com\/store\/\"},{\"@type\":\"ListItem\",\"position\":3,\"name\":\"Ouversize T-Shirt Streetwear Maroc \u2013 Noire design 2\"}]},{\"@type\":\"WebSite\",\"@id\":\"https:\/\/otmaroc.com\/#website\",\"url\":\"https:\/\/otmaroc.com\/\",\"name\":\"OTMAROC\",\"description\":\"Brand num\u00e9ro \u2160 pour Streetwear au Maroc\",\"publisher\":{\"@id\":\"https:\/\/otmaroc.com\/#organization\"},\"potentialAction\":[{\"@type\":\"SearchAction\",\"target\":{\"@type\":\"EntryPoint\",\"urlTemplate\":\"https:\/\/otmaroc.com\/?s={search_term_string}\"},\"query-input\":{\"@type\":\"PropertyValueSpecification\",\"valueRequired\":true,\"valueName\":\"search_term_string\"}}],\"inLanguage\":\"ar\"},{\"@type\":\"Organization\",\"@id\":\"https:\/\/otmaroc.com\/#organization\",\"name\":\"OTMAROC\",\"url\":\"https:\/\/otmaroc.com\/\",\"logo\":{\"@type\":\"ImageObject\",\"inLanguage\":\"ar\",\"@id\":\"https:\/\/otmaroc.com\/#\/schema\/logo\/image\/\",\"url\":\"https:\/\/otmaroc.com\/wp-content\/uploads\/2024\/08\/cropped-cropped-Black_White_Yellow_Simple_Initial_Name_Logo-removebg-preview-2.png\",\"contentUrl\":\"https:\/\/otmaroc.com\/wp-content\/uploads\/2024\/08\/cropped-cropped-Black_White_Yellow_Simple_Initial_Name_Logo-removebg-preview-2.png\",\"width\":298,\"height\":192,\"caption\":\"OTMAROC\"},\"image\":{\"@id\":\"https:\/\/otmaroc.com\/#\/schema\/logo\/image\/\"},\"sameAs\":[\"https:\/\/www.facebook.com\/profile.php?id=61565107472257\",\"https:\/\/www.instagram.com\/otmaroc2024\/\",\"https:\/\/www.youtube.com\/@othmaneksaibar6763\",\"https:\/\/api.whatsapp.com\/send?phone=2120623512008\"]}]}<\/script>\n<!-- \/ Yoast SEO plugin. -->","yoast_head_json":{"title":"Oversize T-Shirt Streetwear Maroc Noir | OTMAROC","description":"Achetez le Oversize T-Shirt Streetwear Maroc sur OTMAROC. Coupe oversize tendance, coton premium, style urbain moderne et livraison rapide partout au Maroc.","robots":{"index":"index","follow":"follow","max-snippet":"max-snippet:-1","max-image-preview":"max-image-preview:large","max-video-preview":"max-video-preview:-1"},"canonical":"https:\/\/otmaroc.com\/ar\/product\/ouversize-t-shirt-streetwear-maroc-noire\/","og_locale":"ar_AR","og_type":"article","og_title":"Oversize T-Shirt Streetwear Maroc Noir | OTMAROC","og_description":"Achetez le Oversize T-Shirt Streetwear Maroc sur OTMAROC. Coupe oversize tendance, coton premium, style urbain moderne et livraison rapide partout au Maroc.","og_url":"https:\/\/otmaroc.com\/ar\/product\/ouversize-t-shirt-streetwear-maroc-noire\/","og_site_name":"OTMAROC","article_publisher":"https:\/\/www.facebook.com\/profile.php?id=61565107472257","article_modified_time":"2026-04-28T23:48:53+00:00","og_image":[{"width":768,"height":1024,"url":"https:\/\/otmaroc.com\/wp-content\/uploads\/2026\/04\/ChatGPT-Image-26-avr.-2026-01_46_31-768x1024.png","type":"image\/png"}],"twitter_card":"summary_large_image","twitter_misc":{"\u0648\u0642\u062a \u0627\u0644\u0642\u0631\u0627\u0621\u0629 \u0627\u0644\u0645\u064f\u0642\u062f\u0651\u0631":"\u062f\u0642\u064a\u0642\u062a\u0627\u0646"},"schema":{"@context":"https:\/\/schema.org","@graph":[{"@type":"WebPage","@id":"https:\/\/otmaroc.com\/product\/ouversize-t-shirt-streetwear-maroc-noire\/","url":"https:\/\/otmaroc.com\/product\/ouversize-t-shirt-streetwear-maroc-noire\/","name":"Oversize T-Shirt Streetwear Maroc Noir | OTMAROC","isPartOf":{"@id":"https:\/\/otmaroc.com\/#website"},"primaryImageOfPage":{"@id":"https:\/\/otmaroc.com\/product\/ouversize-t-shirt-streetwear-maroc-noire\/#primaryimage"},"image":{"@id":"https:\/\/otmaroc.com\/product\/ouversize-t-shirt-streetwear-maroc-noire\/#primaryimage"},"thumbnailUrl":"https:\/\/otmaroc.com\/wp-content\/uploads\/2026\/04\/ChatGPT-Image-26-avr.-2026-01_46_31-e1777247636759.png","datePublished":"2026-04-26T23:42:46+00:00","dateModified":"2026-04-28T23:48:53+00:00","description":"Achetez le Oversize T-Shirt Streetwear Maroc sur OTMAROC. Coupe oversize tendance, coton premium, style urbain moderne et livraison rapide partout au Maroc.","breadcrumb":{"@id":"https:\/\/otmaroc.com\/product\/ouversize-t-shirt-streetwear-maroc-noire\/#breadcrumb"},"inLanguage":"ar","potentialAction":[{"@type":"ReadAction","target":["https:\/\/otmaroc.com\/product\/ouversize-t-shirt-streetwear-maroc-noire\/"]}]},{"@type":"ImageObject","inLanguage":"ar","@id":"https:\/\/otmaroc.com\/product\/ouversize-t-shirt-streetwear-maroc-noire\/#primaryimage","url":"https:\/\/otmaroc.com\/wp-content\/uploads\/2026\/04\/ChatGPT-Image-26-avr.-2026-01_46_31-e1777247636759.png","contentUrl":"https:\/\/otmaroc.com\/wp-content\/uploads\/2026\/04\/ChatGPT-Image-26-avr.-2026-01_46_31-e1777247636759.png","width":835,"height":856},{"@type":"BreadcrumbList","@id":"https:\/\/otmaroc.com\/product\/ouversize-t-shirt-streetwear-maroc-noire\/#breadcrumb","itemListElement":[{"@type":"ListItem","position":1,"name":"Home","item":"https:\/\/otmaroc.com\/"},{"@type":"ListItem","position":2,"name":"Products","item":"https:\/\/otmaroc.com\/store\/"},{"@type":"ListItem","position":3,"name":"Ouversize T-Shirt Streetwear Maroc \u2013 Noire design 2"}]},{"@type":"WebSite","@id":"https:\/\/otmaroc.com\/#website","url":"https:\/\/otmaroc.com\/","name":"OTMAROC","description":"Brand num\u00e9ro \u2160 pour Streetwear au Maroc","publisher":{"@id":"https:\/\/otmaroc.com\/#organization"},"potentialAction":[{"@type":"SearchAction","target":{"@type":"EntryPoint","urlTemplate":"https:\/\/otmaroc.com\/?s={search_term_string}"},"query-input":{"@type":"PropertyValueSpecification","valueRequired":true,"valueName":"search_term_string"}}],"inLanguage":"ar"},{"@type":"Organization","@id":"https:\/\/otmaroc.com\/#organization","name":"OTMAROC","url":"https:\/\/otmaroc.com\/","logo":{"@type":"ImageObject","inLanguage":"ar","@id":"https:\/\/otmaroc.com\/#\/schema\/logo\/image\/","url":"https:\/\/otmaroc.com\/wp-content\/uploads\/2024\/08\/cropped-cropped-Black_White_Yellow_Simple_Initial_Name_Logo-removebg-preview-2.png","contentUrl":"https:\/\/otmaroc.com\/wp-content\/uploads\/2024\/08\/cropped-cropped-Black_White_Yellow_Simple_Initial_Name_Logo-removebg-preview-2.png","width":298,"height":192,"caption":"OTMAROC"},"image":{"@id":"https:\/\/otmaroc.com\/#\/schema\/logo\/image\/"},"sameAs":["https:\/\/www.facebook.com\/profile.php?id=61565107472257","https:\/\/www.instagram.com\/otmaroc2024\/","https:\/\/www.youtube.com\/@othmaneksaibar6763","https:\/\/api.whatsapp.com\/send?phone=2120623512008"]}]}},"uagb_featured_image_src":{"full":["https:\/\/otmaroc.com\/wp-content\/uploads\/2026\/04\/ChatGPT-Image-26-avr.-2026-01_46_31-e1777247636759.png",835,856,false],"thumbnail":["https:\/\/otmaroc.com\/wp-content\/uploads\/2026\/04\/ChatGPT-Image-26-avr.-2026-01_46_31-e1777247636759-150x150.png",150,150,true],"medium":["https:\/\/otmaroc.com\/wp-content\/uploads\/2026\/04\/ChatGPT-Image-26-avr.-2026-01_46_31-e1777247636759-293x300.png",293,300,true],"medium_large":["https:\/\/otmaroc.com\/wp-content\/uploads\/2026\/04\/ChatGPT-Image-26-avr.-2026-01_46_31-e1777247636759-768x787.png",768,787,true],"large":["https:\/\/otmaroc.com\/wp-content\/uploads\/2026\/04\/ChatGPT-Image-26-avr.-2026-01_46_31-768x1024.png",768,1024,true],"1536x1536":["https:\/\/otmaroc.com\/wp-content\/uploads\/2026\/04\/ChatGPT-Image-26-avr.-2026-01_46_31-e1777247636759.png",835,856,false],"2048x2048":["https:\/\/otmaroc.com\/wp-content\/uploads\/2026\/04\/ChatGPT-Image-26-avr.-2026-01_46_31-e1777247636759.png",835,856,false],"trp-custom-language-flag":["https:\/\/otmaroc.com\/wp-content\/uploads\/2026\/04\/ChatGPT-Image-26-avr.-2026-01_46_31-e1777247636759-12x12.png",12,12,true],"woocommerce_thumbnail":["https:\/\/otmaroc.com\/wp-content\/uploads\/2026\/04\/ChatGPT-Image-26-avr.-2026-01_46_31-e1777247636759-300x300.png",300,300,true],"woocommerce_single":["https:\/\/otmaroc.com\/wp-content\/uploads\/2026\/04\/ChatGPT-Image-26-avr.-2026-01_46_31-e1777247636759-600x615.png",600,615,true],"woocommerce_gallery_thumbnail":["https:\/\/otmaroc.com\/wp-content\/uploads\/2026\/04\/ChatGPT-Image-26-avr.-2026-01_46_31-e1777247636759-100x100.png",100,100,true],"variation_swatches_image_size":["https:\/\/otmaroc.com\/wp-content\/uploads\/2026\/04\/ChatGPT-Image-26-avr.-2026-01_46_31-e1777247636759.png",50,50,false],"variation_swatches_tooltip_size":["https:\/\/otmaroc.com\/wp-content\/uploads\/2026\/04\/ChatGPT-Image-26-avr.-2026-01_46_31-e1777247636759.png",98,100,false],"dgwt-wcas-product-suggestion":["https:\/\/otmaroc.com\/wp-content\/uploads\/2026\/04\/ChatGPT-Image-26-avr.-2026-01_46_31-e1777247636759-64x66.png",64,66,true]},"uagb_author_info":{"display_name":"othmane iptv","author_link":"https:\/\/otmaroc.com\/ar\/author\/"},"uagb_comment_info":0,"uagb_excerpt":"Adoptez un look urbain affirm\u00e9 avec le Oversize T-Shirt Streetwear Maroc Noir Une coupe oversize moderne, Con\u00e7u en 100% coton,un tissu confortable et un design tendance pens\u00e9 pour les passionn\u00e9s de streetwear au Maroc. Id\u00e9al pour un style casual et original.","jetpack_sharing_enabled":true,"_links":{"self":[{"href":"https:\/\/otmaroc.com\/ar\/wp-json\/wp\/v2\/product\/4946"}],"collection":[{"href":"https:\/\/otmaroc.com\/ar\/wp-json\/wp\/v2\/product"}],"about":[{"href":"https:\/\/otmaroc.com\/ar\/wp-json\/wp\/v2\/types\/product"}],"replies":[{"embeddable":true,"href":"https:\/\/otmaroc.com\/ar\/wp-json\/wp\/v2\/comments?post=4946"}],"wp:featuredmedia":[{"embeddable":true,"href":"https:\/\/otmaroc.com\/ar\/wp-json\/wp\/v2\/media\/4937"}],"wp:attachment":[{"href":"https:\/\/otmaroc.com\/ar\/wp-json\/wp\/v2\/media?parent=4946"}],"wp:term":[{"taxonomy":"product_cat","embeddable":true,"href":"https:\/\/otmaroc.com\/ar\/wp-json\/wp\/v2\/product_cat?post=4946"},{"taxonomy":"product_tag","embeddable":true,"href":"https:\/\/otmaroc.com\/ar\/wp-json\/wp\/v2\/product_tag?post=4946"}],"curies":[{"name":"wp","href":"https:\/\/api.w.org\/{rel}","templated":true}]}}