{"id":4820,"date":"2025-05-25T21:32:15","date_gmt":"2025-05-25T21:32:15","guid":{"rendered":"https:\/\/otmaroc.com\/?post_type=product&#038;p=4820"},"modified":"2025-07-17T10:00:06","modified_gmt":"2025-07-17T10:00:06","slug":"jeu-montessori-de-tri-motricite-fine-avec-pince-billes-et-tube-a-essai","status":"publish","type":"product","link":"https:\/\/otmaroc.com\/ar\/product\/jeu-montessori-de-tri-motricite-fine-avec-pince-billes-et-tube-a-essai\/","title":{"rendered":"Jeu Montessori de Tri \u2013 Motricit\u00e9 Fine avec Pince, billes et Tube \u00e0 Essai"},"content":{"rendered":"<hr class=\"\" data-start=\"813\" data-end=\"816\" \/>\n<h3 class=\"\" data-start=\"818\" data-end=\"873\"><img loading=\"lazy\" decoding=\"async\" class=\"alignnone size-medium wp-image-4828\" src=\"https:\/\/otmaroc.com\/wp-content\/uploads\/2025\/05\/618t8TSV09L._AC_SL1500_-300x300.jpg\" alt=\"\" width=\"300\" height=\"300\" srcset=\"https:\/\/otmaroc.com\/wp-content\/uploads\/2025\/05\/618t8TSV09L._AC_SL1500_-300x300.jpg 300w, https:\/\/otmaroc.com\/wp-content\/uploads\/2025\/05\/618t8TSV09L._AC_SL1500_-1024x1024.jpg 1024w, https:\/\/otmaroc.com\/wp-content\/uploads\/2025\/05\/618t8TSV09L._AC_SL1500_-150x150.jpg 150w, https:\/\/otmaroc.com\/wp-content\/uploads\/2025\/05\/618t8TSV09L._AC_SL1500_-768x768.jpg 768w, https:\/\/otmaroc.com\/wp-content\/uploads\/2025\/05\/618t8TSV09L._AC_SL1500_-12x12.jpg 12w, https:\/\/otmaroc.com\/wp-content\/uploads\/2025\/05\/618t8TSV09L._AC_SL1500_-600x600.jpg 600w, https:\/\/otmaroc.com\/wp-content\/uploads\/2025\/05\/618t8TSV09L._AC_SL1500_-100x100.jpg 100w, https:\/\/otmaroc.com\/wp-content\/uploads\/2025\/05\/618t8TSV09L._AC_SL1500_-64x64.jpg 64w, https:\/\/otmaroc.com\/wp-content\/uploads\/2025\/05\/618t8TSV09L._AC_SL1500_.jpg 1500w\" sizes=\"(max-width: 300px) 100vw, 300px\" \/><\/h3>\n<h3 data-start=\"818\" data-end=\"873\"><\/h3>\n<h3 class=\"\" data-start=\"818\" data-end=\"873\">\u00a0 \u00a0\ud83c\udfa8\u00a0<strong data-start=\"825\" data-end=\"873\">Un jouet complet pour l\u2019\u00e9veil et l\u2019autonomie<\/strong><\/h3>\n<p class=\"\" data-start=\"875\" data-end=\"896\">Ce coffret contient :<\/p>\n<ul data-start=\"897\" data-end=\"1015\">\n<li class=\"\" data-start=\"897\" data-end=\"925\">\n<p class=\"\" data-start=\"899\" data-end=\"925\">40 billes color\u00e9es \u00e0 trier<\/p>\n<\/li>\n<li class=\"\" data-start=\"926\" data-end=\"973\">\n<p class=\"\" data-start=\"928\" data-end=\"973\">24 cartes double face avec des mod\u00e8les de tri<\/p>\n<\/li>\n<li class=\"\" data-start=\"974\" data-end=\"990\">\n<p class=\"\" data-start=\"976\" data-end=\"990\">1 tube \u00e0 essai<\/p>\n<\/li>\n<li class=\"\" data-start=\"991\" data-end=\"1015\">\n<p class=\"\" data-start=\"993\" data-end=\"1015\">1 gobelet de rangement<\/p>\n<\/li>\n<li data-start=\"991\" data-end=\"1015\">\n<h3 class=\"\" data-start=\"818\" data-end=\"873\"><img loading=\"lazy\" decoding=\"async\" class=\"alignnone size-medium wp-image-4826\" src=\"https:\/\/otmaroc.com\/wp-content\/uploads\/2025\/05\/71si06m7PGL._AC_SL1500_-300x288.jpg\" alt=\"\" width=\"300\" height=\"288\" srcset=\"https:\/\/otmaroc.com\/wp-content\/uploads\/2025\/05\/71si06m7PGL._AC_SL1500_-300x288.jpg 300w, https:\/\/otmaroc.com\/wp-content\/uploads\/2025\/05\/71si06m7PGL._AC_SL1500_-1024x982.jpg 1024w, https:\/\/otmaroc.com\/wp-content\/uploads\/2025\/05\/71si06m7PGL._AC_SL1500_-768x737.jpg 768w, https:\/\/otmaroc.com\/wp-content\/uploads\/2025\/05\/71si06m7PGL._AC_SL1500_-13x12.jpg 13w, https:\/\/otmaroc.com\/wp-content\/uploads\/2025\/05\/71si06m7PGL._AC_SL1500_-600x576.jpg 600w, https:\/\/otmaroc.com\/wp-content\/uploads\/2025\/05\/71si06m7PGL._AC_SL1500_-64x61.jpg 64w, https:\/\/otmaroc.com\/wp-content\/uploads\/2025\/05\/71si06m7PGL._AC_SL1500_.jpg 1500w\" sizes=\"(max-width: 300px) 100vw, 300px\" \/><\/h3>\n<\/li>\n<\/ul>\n<p class=\"\" data-start=\"1017\" data-end=\"1234\">Ce jeu aide les enfants \u00e0\u00a0<strong data-start=\"1043\" data-end=\"1071\">reconna\u00eetre les couleurs<\/strong>,\u00a0<strong data-start=\"1073\" data-end=\"1084\">compter<\/strong>,\u00a0<strong data-start=\"1086\" data-end=\"1116\">suivre des mod\u00e8les visuels<\/strong>\u00a0et\u00a0<strong data-start=\"1120\" data-end=\"1147\">d\u00e9velopper leur logique<\/strong>. Chaque activit\u00e9 renforce leur autonomie, dans l\u2019esprit de la\u00a0m\u00e9thode Montessori.<\/p>\n<p class=\"\" data-start=\"1236\" data-end=\"1347\">Vous pouvez l\u2019associer avec notre\u00a0jeu de tri des formes Montessori en bois\u00a0pour varier les apprentissages.<\/p>\n<h3 class=\"\" data-start=\"818\" data-end=\"873\"><img loading=\"lazy\" decoding=\"async\" class=\"alignnone size-medium wp-image-4825\" src=\"https:\/\/otmaroc.com\/wp-content\/uploads\/2025\/05\/71kPmzNYE0L._AC_SL1500_-300x292.jpg\" alt=\"\" width=\"300\" height=\"292\" srcset=\"https:\/\/otmaroc.com\/wp-content\/uploads\/2025\/05\/71kPmzNYE0L._AC_SL1500_-300x292.jpg 300w, https:\/\/otmaroc.com\/wp-content\/uploads\/2025\/05\/71kPmzNYE0L._AC_SL1500_-1024x997.jpg 1024w, https:\/\/otmaroc.com\/wp-content\/uploads\/2025\/05\/71kPmzNYE0L._AC_SL1500_-768x748.jpg 768w, https:\/\/otmaroc.com\/wp-content\/uploads\/2025\/05\/71kPmzNYE0L._AC_SL1500_-12x12.jpg 12w, https:\/\/otmaroc.com\/wp-content\/uploads\/2025\/05\/71kPmzNYE0L._AC_SL1500_-600x584.jpg 600w, https:\/\/otmaroc.com\/wp-content\/uploads\/2025\/05\/71kPmzNYE0L._AC_SL1500_-64x62.jpg 64w, https:\/\/otmaroc.com\/wp-content\/uploads\/2025\/05\/71kPmzNYE0L._AC_SL1500_.jpg 1500w\" sizes=\"(max-width: 300px) 100vw, 300px\" \/><\/h3>\n<hr class=\"\" data-start=\"1349\" data-end=\"1352\" \/>\n<h3 class=\"\" data-start=\"1354\" data-end=\"1418\">\ud83d\udc76\u00a0<strong data-start=\"1361\" data-end=\"1418\">Un outil id\u00e9al pour les enfants \u00e0 besoins sp\u00e9cifiques<\/strong><\/h3>\n<p class=\"\" data-start=\"1420\" data-end=\"1614\">Con\u00e7u pour \u00eatre accessible \u00e0 tous, ce jouet convient aussi aux enfants atteints de\u00a0<strong data-start=\"1503\" data-end=\"1534\">troubles de l\u2019apprentissage<\/strong>\u00a0ou d\u2019<strong data-start=\"1540\" data-end=\"1551\">autisme<\/strong>, en proposant un apprentissage structur\u00e9, visuel et sensoriel.<\/p>\n<p class=\"\" data-start=\"1616\" data-end=\"1730\">Explorez aussi notre s\u00e9lection d\u00e9di\u00e9e aux\u00a0jouets sensoriels et \u00e9ducatifs pour enfants \u00e0 besoins particuliers.<\/p>\n<h3 class=\"\" data-start=\"818\" data-end=\"873\"><img loading=\"lazy\" decoding=\"async\" class=\"alignnone size-medium wp-image-4827\" src=\"https:\/\/otmaroc.com\/wp-content\/uploads\/2025\/05\/71uD01UoycL._AC_SL1500_-300x300.jpg\" alt=\"\" width=\"300\" height=\"300\" srcset=\"https:\/\/otmaroc.com\/wp-content\/uploads\/2025\/05\/71uD01UoycL._AC_SL1500_-300x300.jpg 300w, https:\/\/otmaroc.com\/wp-content\/uploads\/2025\/05\/71uD01UoycL._AC_SL1500_-1024x1024.jpg 1024w, https:\/\/otmaroc.com\/wp-content\/uploads\/2025\/05\/71uD01UoycL._AC_SL1500_-150x150.jpg 150w, https:\/\/otmaroc.com\/wp-content\/uploads\/2025\/05\/71uD01UoycL._AC_SL1500_-768x768.jpg 768w, https:\/\/otmaroc.com\/wp-content\/uploads\/2025\/05\/71uD01UoycL._AC_SL1500_-12x12.jpg 12w, https:\/\/otmaroc.com\/wp-content\/uploads\/2025\/05\/71uD01UoycL._AC_SL1500_-600x600.jpg 600w, https:\/\/otmaroc.com\/wp-content\/uploads\/2025\/05\/71uD01UoycL._AC_SL1500_-100x100.jpg 100w, https:\/\/otmaroc.com\/wp-content\/uploads\/2025\/05\/71uD01UoycL._AC_SL1500_-64x64.jpg 64w, https:\/\/otmaroc.com\/wp-content\/uploads\/2025\/05\/71uD01UoycL._AC_SL1500_.jpg 1500w\" sizes=\"(max-width: 300px) 100vw, 300px\" \/><\/h3>\n<hr class=\"\" data-start=\"2082\" data-end=\"2085\" \/>\n<h3 class=\"\" data-start=\"2087\" data-end=\"2124\">\ud83c\udf81\u00a0<strong data-start=\"2094\" data-end=\"2124\">Le cadeau \u00e9ducatif parfait<\/strong><\/h3>\n<p class=\"\" data-start=\"2126\" data-end=\"2370\">\u00c0 la recherche d\u2019un cadeau utile et amusant ? Ce jouet Montessori est un excellent choix pour les anniversaires, No\u00ebl ou comme outil p\u00e9dagogique. Encouragez l\u2019apprentissage d\u00e8s le plus jeune \u00e2ge tout en partageant des moments de jeu en famille.<\/p>\n<h3 class=\"\" data-start=\"818\" data-end=\"873\"><img loading=\"lazy\" decoding=\"async\" class=\"alignnone size-medium wp-image-4821\" src=\"https:\/\/otmaroc.com\/wp-content\/uploads\/2025\/05\/61DQTOq02DL._AC_SL1500_-296x300.jpg\" alt=\"\" width=\"296\" height=\"300\" srcset=\"https:\/\/otmaroc.com\/wp-content\/uploads\/2025\/05\/61DQTOq02DL._AC_SL1500_-296x300.jpg 296w, https:\/\/otmaroc.com\/wp-content\/uploads\/2025\/05\/61DQTOq02DL._AC_SL1500_-1009x1024.jpg 1009w, https:\/\/otmaroc.com\/wp-content\/uploads\/2025\/05\/61DQTOq02DL._AC_SL1500_-768x779.jpg 768w, https:\/\/otmaroc.com\/wp-content\/uploads\/2025\/05\/61DQTOq02DL._AC_SL1500_-12x12.jpg 12w, https:\/\/otmaroc.com\/wp-content\/uploads\/2025\/05\/61DQTOq02DL._AC_SL1500_-600x609.jpg 600w, https:\/\/otmaroc.com\/wp-content\/uploads\/2025\/05\/61DQTOq02DL._AC_SL1500_-100x100.jpg 100w, https:\/\/otmaroc.com\/wp-content\/uploads\/2025\/05\/61DQTOq02DL._AC_SL1500_-64x65.jpg 64w, https:\/\/otmaroc.com\/wp-content\/uploads\/2025\/05\/61DQTOq02DL._AC_SL1500_.jpg 1478w\" sizes=\"(max-width: 296px) 100vw, 296px\" \/><\/h3>\n<p class=\"\" data-start=\"2372\" data-end=\"2444\">D\u00e9couvrez nos\u00a0id\u00e9es de cadeaux \u00e9ducatifs pour enfants de 3 \u00e0 6 ans.<\/p>","protected":false},"excerpt":{"rendered":"<p class=\"\" data-start=\"420\" data-end=\"690\">Offrez \u00e0 votre enfant un apprentissage ludique gr\u00e2ce \u00e0 ce\u00a0<strong data-start=\"478\" data-end=\"518\">jeu Montessori de tri et de comptage<\/strong>. Id\u00e9al pour les enfants d\u00e8s 3 ans, ce jouet \u00e9ducatif stimule la motricit\u00e9 fine, la coordination \u0153il-main, la concentration et l\u2019apprentissage des couleurs et des chiffres.<\/p>\n<p class=\"\" data-start=\"692\" data-end=\"811\">","protected":false},"featured_media":4826,"comment_status":"open","ping_status":"closed","template":"","meta":{"_uag_custom_page_level_css":"","site-sidebar-layout":"default","site-content-layout":"","ast-site-content-layout":"default","site-content-style":"default","site-sidebar-style":"default","ast-global-header-display":"","ast-banner-title-visibility":"","ast-main-header-display":"","ast-hfb-above-header-display":"","ast-hfb-below-header-display":"","ast-hfb-mobile-header-display":"","site-post-title":"","ast-breadcrumbs-content":"","ast-featured-img":"","footer-sml-layout":"","theme-transparent-header-meta":"default","adv-header-id-meta":"","stick-header-meta":"","header-above-stick-meta":"","header-main-stick-meta":"","header-below-stick-meta":"","astra-migrate-meta-layouts":"set","ast-page-background-enabled":"default","ast-page-background-meta":{"desktop":{"background-color":"","background-image":"","background-repeat":"repeat","background-position":"center center","background-size":"auto","background-attachment":"scroll","background-type":"","background-media":"","overlay-type":"","overlay-color":"","overlay-opacity":"","overlay-gradient":""},"tablet":{"background-color":"","background-image":"","background-repeat":"repeat","background-position":"center center","background-size":"auto","background-attachment":"scroll","background-type":"","background-media":"","overlay-type":"","overlay-color":"","overlay-opacity":"","overlay-gradient":""},"mobile":{"background-color":"","background-image":"","background-repeat":"repeat","background-position":"center center","background-size":"auto","background-attachment":"scroll","background-type":"","background-media":"","overlay-type":"","overlay-color":"","overlay-opacity":"","overlay-gradient":""}},"ast-content-background-meta":{"desktop":{"background-color":"var(--ast-global-color-5)","background-image":"","background-repeat":"repeat","background-position":"center center","background-size":"auto","background-attachment":"scroll","background-type":"","background-media":"","overlay-type":"","overlay-color":"","overlay-opacity":"","overlay-gradient":""},"tablet":{"background-color":"var(--ast-global-color-5)","background-image":"","background-repeat":"repeat","background-position":"center center","background-size":"auto","background-attachment":"scroll","background-type":"","background-media":"","overlay-type":"","overlay-color":"","overlay-opacity":"","overlay-gradient":""},"mobile":{"background-color":"var(--ast-global-color-5)","background-image":"","background-repeat":"repeat","background-position":"center center","background-size":"auto","background-attachment":"scroll","background-type":"","background-media":"","overlay-type":"","overlay-color":"","overlay-opacity":"","overlay-gradient":""}}},"product_cat":[95,52,79,90],"product_tag":[],"class_list":{"0":"post-4820","1":"product","2":"type-product","3":"status-publish","4":"has-post-thumbnail","6":"product_cat-autonomie","7":"product_cat-jouets-de-therapie-au-maroc","8":"product_cat-materiel-de-psychomotricite","9":"product_cat-motricite","10":"desktop-align-left","11":"tablet-align-left","12":"mobile-align-left","14":"first","15":"instock","16":"sale","17":"shipping-taxable","18":"purchasable","19":"product-type-simple"},"yoast_head":"<!-- This site is optimized with the Yoast SEO plugin v23.5 - https:\/\/yoast.com\/wordpress\/plugins\/seo\/ -->\n<title>Jeu Montessori de Tri avec Pince, Billes et Tubes \u00e0 Essai \u2013 D\u00e9veloppement de la Motricit\u00e9 Fine \u2013 Maroc<\/title>\n<meta name=\"description\" content=\"Stimulez la motricit\u00e9 fine et la concentration de votre enfant avec ce jeu Montessori de tri color\u00e9.. Livraison rapide partout au Maroc.\" \/>\n<meta name=\"robots\" content=\"index, follow, max-snippet:-1, max-image-preview:large, max-video-preview:-1\" \/>\n<link rel=\"canonical\" href=\"https:\/\/otmaroc.com\/ar\/product\/jeu-montessori-de-tri-motricite-fine-avec-pince-billes-et-tube-a-essai\/\" \/>\n<meta property=\"og:locale\" content=\"ar_AR\" \/>\n<meta property=\"og:type\" content=\"article\" \/>\n<meta property=\"og:title\" content=\"Jeu Montessori de Tri avec Pince, Billes et Tubes \u00e0 Essai \u2013 D\u00e9veloppement de la Motricit\u00e9 Fine \u2013 Maroc\" \/>\n<meta property=\"og:description\" content=\"Stimulez la motricit\u00e9 fine et la concentration de votre enfant avec ce jeu Montessori de tri color\u00e9.. Livraison rapide partout au Maroc.\" \/>\n<meta property=\"og:url\" content=\"https:\/\/otmaroc.com\/ar\/product\/jeu-montessori-de-tri-motricite-fine-avec-pince-billes-et-tube-a-essai\/\" \/>\n<meta property=\"og:site_name\" content=\"OTMAROC\" \/>\n<meta property=\"article:publisher\" content=\"https:\/\/www.facebook.com\/profile.php?id=61565107472257\" \/>\n<meta property=\"article:modified_time\" content=\"2025-07-17T10:00:06+00:00\" \/>\n<meta property=\"og:image\" content=\"https:\/\/otmaroc.com\/wp-content\/uploads\/2025\/05\/71si06m7PGL._AC_SL1500_.jpg\" \/>\n\t<meta property=\"og:image:width\" content=\"1500\" \/>\n\t<meta property=\"og:image:height\" content=\"1439\" \/>\n\t<meta property=\"og:image:type\" content=\"image\/jpeg\" \/>\n<meta name=\"twitter:card\" content=\"summary_large_image\" \/>\n<meta name=\"twitter:label1\" content=\"\u0648\u0642\u062a \u0627\u0644\u0642\u0631\u0627\u0621\u0629 \u0627\u0644\u0645\u064f\u0642\u062f\u0651\u0631\" \/>\n\t<meta name=\"twitter:data1\" content=\"3 \u062f\u0642\u0627\u0626\u0642\" \/>\n<script type=\"application\/ld+json\" class=\"yoast-schema-graph\">{\"@context\":\"https:\/\/schema.org\",\"@graph\":[{\"@type\":\"WebPage\",\"@id\":\"https:\/\/otmaroc.com\/product\/jeu-montessori-de-tri-motricite-fine-avec-pince-billes-et-tube-a-essai\/\",\"url\":\"https:\/\/otmaroc.com\/product\/jeu-montessori-de-tri-motricite-fine-avec-pince-billes-et-tube-a-essai\/\",\"name\":\"Jeu Montessori de Tri avec Pince, Billes et Tubes \u00e0 Essai \u2013 D\u00e9veloppement de la Motricit\u00e9 Fine \u2013 Maroc\",\"isPartOf\":{\"@id\":\"https:\/\/otmaroc.com\/#website\"},\"primaryImageOfPage\":{\"@id\":\"https:\/\/otmaroc.com\/product\/jeu-montessori-de-tri-motricite-fine-avec-pince-billes-et-tube-a-essai\/#primaryimage\"},\"image\":{\"@id\":\"https:\/\/otmaroc.com\/product\/jeu-montessori-de-tri-motricite-fine-avec-pince-billes-et-tube-a-essai\/#primaryimage\"},\"thumbnailUrl\":\"https:\/\/otmaroc.com\/wp-content\/uploads\/2025\/05\/71si06m7PGL._AC_SL1500_.jpg\",\"datePublished\":\"2025-05-25T21:32:15+00:00\",\"dateModified\":\"2025-07-17T10:00:06+00:00\",\"description\":\"Stimulez la motricit\u00e9 fine et la concentration de votre enfant avec ce jeu Montessori de tri color\u00e9.. Livraison rapide partout au Maroc.\",\"breadcrumb\":{\"@id\":\"https:\/\/otmaroc.com\/product\/jeu-montessori-de-tri-motricite-fine-avec-pince-billes-et-tube-a-essai\/#breadcrumb\"},\"inLanguage\":\"ar\",\"potentialAction\":[{\"@type\":\"ReadAction\",\"target\":[\"https:\/\/otmaroc.com\/product\/jeu-montessori-de-tri-motricite-fine-avec-pince-billes-et-tube-a-essai\/\"]}]},{\"@type\":\"ImageObject\",\"inLanguage\":\"ar\",\"@id\":\"https:\/\/otmaroc.com\/product\/jeu-montessori-de-tri-motricite-fine-avec-pince-billes-et-tube-a-essai\/#primaryimage\",\"url\":\"https:\/\/otmaroc.com\/wp-content\/uploads\/2025\/05\/71si06m7PGL._AC_SL1500_.jpg\",\"contentUrl\":\"https:\/\/otmaroc.com\/wp-content\/uploads\/2025\/05\/71si06m7PGL._AC_SL1500_.jpg\",\"width\":1500,\"height\":1439},{\"@type\":\"BreadcrumbList\",\"@id\":\"https:\/\/otmaroc.com\/product\/jeu-montessori-de-tri-motricite-fine-avec-pince-billes-et-tube-a-essai\/#breadcrumb\",\"itemListElement\":[{\"@type\":\"ListItem\",\"position\":1,\"name\":\"Home\",\"item\":\"https:\/\/otmaroc.com\/\"},{\"@type\":\"ListItem\",\"position\":2,\"name\":\"Products\",\"item\":\"https:\/\/otmaroc.com\/store\/\"},{\"@type\":\"ListItem\",\"position\":3,\"name\":\"Jeu Montessori de Tri \u2013 Motricit\u00e9 Fine avec Pince, billes et Tube \u00e0 Essai\"}]},{\"@type\":\"WebSite\",\"@id\":\"https:\/\/otmaroc.com\/#website\",\"url\":\"https:\/\/otmaroc.com\/\",\"name\":\"OTMAROC\",\"description\":\"The number one website in morocco for occupational therapy\",\"publisher\":{\"@id\":\"https:\/\/otmaroc.com\/#organization\"},\"potentialAction\":[{\"@type\":\"SearchAction\",\"target\":{\"@type\":\"EntryPoint\",\"urlTemplate\":\"https:\/\/otmaroc.com\/?s={search_term_string}\"},\"query-input\":{\"@type\":\"PropertyValueSpecification\",\"valueRequired\":true,\"valueName\":\"search_term_string\"}}],\"inLanguage\":\"ar\"},{\"@type\":\"Organization\",\"@id\":\"https:\/\/otmaroc.com\/#organization\",\"name\":\"OTMAROC\",\"url\":\"https:\/\/otmaroc.com\/\",\"logo\":{\"@type\":\"ImageObject\",\"inLanguage\":\"ar\",\"@id\":\"https:\/\/otmaroc.com\/#\/schema\/logo\/image\/\",\"url\":\"https:\/\/otmaroc.com\/wp-content\/uploads\/2024\/08\/cropped-cropped-Black_White_Yellow_Simple_Initial_Name_Logo-removebg-preview-2.png\",\"contentUrl\":\"https:\/\/otmaroc.com\/wp-content\/uploads\/2024\/08\/cropped-cropped-Black_White_Yellow_Simple_Initial_Name_Logo-removebg-preview-2.png\",\"width\":298,\"height\":192,\"caption\":\"OTMAROC\"},\"image\":{\"@id\":\"https:\/\/otmaroc.com\/#\/schema\/logo\/image\/\"},\"sameAs\":[\"https:\/\/www.facebook.com\/profile.php?id=61565107472257\",\"https:\/\/www.instagram.com\/otmaroc2024\/\",\"https:\/\/www.youtube.com\/@othmaneksaibar6763\",\"https:\/\/api.whatsapp.com\/send?phone=2120623512008\"]}]}<\/script>\n<!-- \/ Yoast SEO plugin. -->","yoast_head_json":{"title":"Jeu Montessori de Tri avec Pince, Billes et Tubes \u00e0 Essai \u2013 D\u00e9veloppement de la Motricit\u00e9 Fine \u2013 Maroc","description":"Stimulez la motricit\u00e9 fine et la concentration de votre enfant avec ce jeu Montessori de tri color\u00e9.. Livraison rapide partout au Maroc.","robots":{"index":"index","follow":"follow","max-snippet":"max-snippet:-1","max-image-preview":"max-image-preview:large","max-video-preview":"max-video-preview:-1"},"canonical":"https:\/\/otmaroc.com\/ar\/product\/jeu-montessori-de-tri-motricite-fine-avec-pince-billes-et-tube-a-essai\/","og_locale":"ar_AR","og_type":"article","og_title":"Jeu Montessori de Tri avec Pince, Billes et Tubes \u00e0 Essai \u2013 D\u00e9veloppement de la Motricit\u00e9 Fine \u2013 Maroc","og_description":"Stimulez la motricit\u00e9 fine et la concentration de votre enfant avec ce jeu Montessori de tri color\u00e9.. Livraison rapide partout au Maroc.","og_url":"https:\/\/otmaroc.com\/ar\/product\/jeu-montessori-de-tri-motricite-fine-avec-pince-billes-et-tube-a-essai\/","og_site_name":"OTMAROC","article_publisher":"https:\/\/www.facebook.com\/profile.php?id=61565107472257","article_modified_time":"2025-07-17T10:00:06+00:00","og_image":[{"width":1500,"height":1439,"url":"https:\/\/otmaroc.com\/wp-content\/uploads\/2025\/05\/71si06m7PGL._AC_SL1500_.jpg","type":"image\/jpeg"}],"twitter_card":"summary_large_image","twitter_misc":{"\u0648\u0642\u062a \u0627\u0644\u0642\u0631\u0627\u0621\u0629 \u0627\u0644\u0645\u064f\u0642\u062f\u0651\u0631":"3 \u062f\u0642\u0627\u0626\u0642"},"schema":{"@context":"https:\/\/schema.org","@graph":[{"@type":"WebPage","@id":"https:\/\/otmaroc.com\/product\/jeu-montessori-de-tri-motricite-fine-avec-pince-billes-et-tube-a-essai\/","url":"https:\/\/otmaroc.com\/product\/jeu-montessori-de-tri-motricite-fine-avec-pince-billes-et-tube-a-essai\/","name":"Jeu Montessori de Tri avec Pince, Billes et Tubes \u00e0 Essai \u2013 D\u00e9veloppement de la Motricit\u00e9 Fine \u2013 Maroc","isPartOf":{"@id":"https:\/\/otmaroc.com\/#website"},"primaryImageOfPage":{"@id":"https:\/\/otmaroc.com\/product\/jeu-montessori-de-tri-motricite-fine-avec-pince-billes-et-tube-a-essai\/#primaryimage"},"image":{"@id":"https:\/\/otmaroc.com\/product\/jeu-montessori-de-tri-motricite-fine-avec-pince-billes-et-tube-a-essai\/#primaryimage"},"thumbnailUrl":"https:\/\/otmaroc.com\/wp-content\/uploads\/2025\/05\/71si06m7PGL._AC_SL1500_.jpg","datePublished":"2025-05-25T21:32:15+00:00","dateModified":"2025-07-17T10:00:06+00:00","description":"Stimulez la motricit\u00e9 fine et la concentration de votre enfant avec ce jeu Montessori de tri color\u00e9.. Livraison rapide partout au Maroc.","breadcrumb":{"@id":"https:\/\/otmaroc.com\/product\/jeu-montessori-de-tri-motricite-fine-avec-pince-billes-et-tube-a-essai\/#breadcrumb"},"inLanguage":"ar","potentialAction":[{"@type":"ReadAction","target":["https:\/\/otmaroc.com\/product\/jeu-montessori-de-tri-motricite-fine-avec-pince-billes-et-tube-a-essai\/"]}]},{"@type":"ImageObject","inLanguage":"ar","@id":"https:\/\/otmaroc.com\/product\/jeu-montessori-de-tri-motricite-fine-avec-pince-billes-et-tube-a-essai\/#primaryimage","url":"https:\/\/otmaroc.com\/wp-content\/uploads\/2025\/05\/71si06m7PGL._AC_SL1500_.jpg","contentUrl":"https:\/\/otmaroc.com\/wp-content\/uploads\/2025\/05\/71si06m7PGL._AC_SL1500_.jpg","width":1500,"height":1439},{"@type":"BreadcrumbList","@id":"https:\/\/otmaroc.com\/product\/jeu-montessori-de-tri-motricite-fine-avec-pince-billes-et-tube-a-essai\/#breadcrumb","itemListElement":[{"@type":"ListItem","position":1,"name":"Home","item":"https:\/\/otmaroc.com\/"},{"@type":"ListItem","position":2,"name":"Products","item":"https:\/\/otmaroc.com\/store\/"},{"@type":"ListItem","position":3,"name":"Jeu Montessori de Tri \u2013 Motricit\u00e9 Fine avec Pince, billes et Tube \u00e0 Essai"}]},{"@type":"WebSite","@id":"https:\/\/otmaroc.com\/#website","url":"https:\/\/otmaroc.com\/","name":"OTMAROC","description":"The number one website in morocco for occupational therapy","publisher":{"@id":"https:\/\/otmaroc.com\/#organization"},"potentialAction":[{"@type":"SearchAction","target":{"@type":"EntryPoint","urlTemplate":"https:\/\/otmaroc.com\/?s={search_term_string}"},"query-input":{"@type":"PropertyValueSpecification","valueRequired":true,"valueName":"search_term_string"}}],"inLanguage":"ar"},{"@type":"Organization","@id":"https:\/\/otmaroc.com\/#organization","name":"OTMAROC","url":"https:\/\/otmaroc.com\/","logo":{"@type":"ImageObject","inLanguage":"ar","@id":"https:\/\/otmaroc.com\/#\/schema\/logo\/image\/","url":"https:\/\/otmaroc.com\/wp-content\/uploads\/2024\/08\/cropped-cropped-Black_White_Yellow_Simple_Initial_Name_Logo-removebg-preview-2.png","contentUrl":"https:\/\/otmaroc.com\/wp-content\/uploads\/2024\/08\/cropped-cropped-Black_White_Yellow_Simple_Initial_Name_Logo-removebg-preview-2.png","width":298,"height":192,"caption":"OTMAROC"},"image":{"@id":"https:\/\/otmaroc.com\/#\/schema\/logo\/image\/"},"sameAs":["https:\/\/www.facebook.com\/profile.php?id=61565107472257","https:\/\/www.instagram.com\/otmaroc2024\/","https:\/\/www.youtube.com\/@othmaneksaibar6763","https:\/\/api.whatsapp.com\/send?phone=2120623512008"]}]}},"uagb_featured_image_src":{"full":["https:\/\/otmaroc.com\/wp-content\/uploads\/2025\/05\/71si06m7PGL._AC_SL1500_.jpg",1500,1439,false],"thumbnail":["https:\/\/otmaroc.com\/wp-content\/uploads\/2025\/05\/71si06m7PGL._AC_SL1500_-150x150.jpg",150,150,true],"medium":["https:\/\/otmaroc.com\/wp-content\/uploads\/2025\/05\/71si06m7PGL._AC_SL1500_-300x288.jpg",300,288,true],"medium_large":["https:\/\/otmaroc.com\/wp-content\/uploads\/2025\/05\/71si06m7PGL._AC_SL1500_-768x737.jpg",768,737,true],"large":["https:\/\/otmaroc.com\/wp-content\/uploads\/2025\/05\/71si06m7PGL._AC_SL1500_-1024x982.jpg",1024,982,true],"1536x1536":["https:\/\/otmaroc.com\/wp-content\/uploads\/2025\/05\/71si06m7PGL._AC_SL1500_.jpg",1500,1439,false],"2048x2048":["https:\/\/otmaroc.com\/wp-content\/uploads\/2025\/05\/71si06m7PGL._AC_SL1500_.jpg",1500,1439,false],"trp-custom-language-flag":["https:\/\/otmaroc.com\/wp-content\/uploads\/2025\/05\/71si06m7PGL._AC_SL1500_-13x12.jpg",13,12,true],"woocommerce_thumbnail":["https:\/\/otmaroc.com\/wp-content\/uploads\/2025\/05\/71si06m7PGL._AC_SL1500_-300x300.jpg",300,300,true],"woocommerce_single":["https:\/\/otmaroc.com\/wp-content\/uploads\/2025\/05\/71si06m7PGL._AC_SL1500_-600x576.jpg",600,576,true],"woocommerce_gallery_thumbnail":["https:\/\/otmaroc.com\/wp-content\/uploads\/2025\/05\/71si06m7PGL._AC_SL1500_-100x100.jpg",100,100,true],"dgwt-wcas-product-suggestion":["https:\/\/otmaroc.com\/wp-content\/uploads\/2025\/05\/71si06m7PGL._AC_SL1500_-64x61.jpg",64,61,true]},"uagb_author_info":{"display_name":"othmane iptv","author_link":"https:\/\/otmaroc.com\/ar\/author\/"},"uagb_comment_info":0,"uagb_excerpt":"Offrez \u00e0 votre enfant un apprentissage ludique gr\u00e2ce \u00e0 ce\u00a0jeu Montessori de tri et de comptage. Id\u00e9al pour les enfants d\u00e8s 3 ans, ce jouet \u00e9ducatif stimule la motricit\u00e9 fine, la coordination \u0153il-main, la concentration et l\u2019apprentissage des couleurs et des chiffres.","jetpack_sharing_enabled":true,"_links":{"self":[{"href":"https:\/\/otmaroc.com\/ar\/wp-json\/wp\/v2\/product\/4820"}],"collection":[{"href":"https:\/\/otmaroc.com\/ar\/wp-json\/wp\/v2\/product"}],"about":[{"href":"https:\/\/otmaroc.com\/ar\/wp-json\/wp\/v2\/types\/product"}],"replies":[{"embeddable":true,"href":"https:\/\/otmaroc.com\/ar\/wp-json\/wp\/v2\/comments?post=4820"}],"wp:featuredmedia":[{"embeddable":true,"href":"https:\/\/otmaroc.com\/ar\/wp-json\/wp\/v2\/media\/4826"}],"wp:attachment":[{"href":"https:\/\/otmaroc.com\/ar\/wp-json\/wp\/v2\/media?parent=4820"}],"wp:term":[{"taxonomy":"product_cat","embeddable":true,"href":"https:\/\/otmaroc.com\/ar\/wp-json\/wp\/v2\/product_cat?post=4820"},{"taxonomy":"product_tag","embeddable":true,"href":"https:\/\/otmaroc.com\/ar\/wp-json\/wp\/v2\/product_tag?post=4820"}],"curies":[{"name":"wp","href":"https:\/\/api.w.org\/{rel}","templated":true}]}}