{"id":4796,"date":"2025-05-20T13:41:33","date_gmt":"2025-05-20T13:41:33","guid":{"rendered":"https:\/\/otmaroc.com\/?post_type=product&#038;p=4796"},"modified":"2025-05-20T13:41:33","modified_gmt":"2025-05-20T13:41:33","slug":"coussin-orthopedique-ergonomique-pour-soulager-le-dos-et-le-coccyx","status":"publish","type":"product","link":"https:\/\/otmaroc.com\/ar\/product\/coussin-orthopedique-ergonomique-pour-soulager-le-dos-et-le-coccyx\/","title":{"rendered":"Coussin orthop\u00e9dique ergonomique pour soulager le dos et le coccyx"},"content":{"rendered":"<p class=\"\" data-start=\"715\" data-end=\"926\">Vous passez beaucoup de temps assis au bureau, en voiture ou \u00e0 la maison ? Ce <strong data-start=\"793\" data-end=\"829\">coussin orthop\u00e9dique ergonomique<\/strong> est con\u00e7u pour vous apporter un soutien optimal et soulager les douleurs lombaires et du coccyx.<\/p>\n<p data-start=\"715\" data-end=\"926\"><img loading=\"lazy\" decoding=\"async\" class=\"alignnone size-medium wp-image-4804\" src=\"https:\/\/otmaroc.com\/wp-content\/uploads\/2025\/05\/615NzAmi74L._AC_-300x186.jpg\" alt=\"\" width=\"300\" height=\"186\" srcset=\"https:\/\/otmaroc.com\/wp-content\/uploads\/2025\/05\/615NzAmi74L._AC_-300x186.jpg 300w, https:\/\/otmaroc.com\/wp-content\/uploads\/2025\/05\/615NzAmi74L._AC_-768x475.jpg 768w, https:\/\/otmaroc.com\/wp-content\/uploads\/2025\/05\/615NzAmi74L._AC_-18x12.jpg 18w, https:\/\/otmaroc.com\/wp-content\/uploads\/2025\/05\/615NzAmi74L._AC_-600x371.jpg 600w, https:\/\/otmaroc.com\/wp-content\/uploads\/2025\/05\/615NzAmi74L._AC_-64x40.jpg 64w, https:\/\/otmaroc.com\/wp-content\/uploads\/2025\/05\/615NzAmi74L._AC_.jpg 970w\" sizes=\"(max-width: 300px) 100vw, 300px\" \/><\/p>\n<p class=\"\" data-start=\"928\" data-end=\"965\">\ud83d\udcba <strong data-start=\"931\" data-end=\"965\">Caract\u00e9ristiques principales :<\/strong><\/p>\n<p class=\"\" data-start=\"967\" data-end=\"1084\">\u2705 <strong data-start=\"969\" data-end=\"993\">Design en forme de U<\/strong> : R\u00e9duit la pression sur le coccyx et favorise un bon alignement de la colonne vert\u00e9brale.<\/p>\n<p data-start=\"967\" data-end=\"1084\"><img loading=\"lazy\" decoding=\"async\" class=\"alignnone size-medium wp-image-4797\" src=\"https:\/\/otmaroc.com\/wp-content\/uploads\/2025\/05\/51SSpo-7b-L._AC_-300x186.jpg\" alt=\"\" width=\"300\" height=\"186\" srcset=\"https:\/\/otmaroc.com\/wp-content\/uploads\/2025\/05\/51SSpo-7b-L._AC_-300x186.jpg 300w, https:\/\/otmaroc.com\/wp-content\/uploads\/2025\/05\/51SSpo-7b-L._AC_-768x475.jpg 768w, https:\/\/otmaroc.com\/wp-content\/uploads\/2025\/05\/51SSpo-7b-L._AC_-18x12.jpg 18w, https:\/\/otmaroc.com\/wp-content\/uploads\/2025\/05\/51SSpo-7b-L._AC_-600x371.jpg 600w, https:\/\/otmaroc.com\/wp-content\/uploads\/2025\/05\/51SSpo-7b-L._AC_-64x40.jpg 64w, https:\/\/otmaroc.com\/wp-content\/uploads\/2025\/05\/51SSpo-7b-L._AC_.jpg 970w\" sizes=\"(max-width: 300px) 100vw, 300px\" \/><\/p>\n<p class=\"\" data-start=\"1086\" data-end=\"1189\">\u2705 <strong data-start=\"1088\" data-end=\"1117\">Mousse \u00e0 m\u00e9moire de forme<\/strong> : S&rsquo;adapte parfaitement \u00e0 votre morphologie pour un confort sur mesure.<\/p>\n<p data-start=\"1086\" data-end=\"1189\"><img loading=\"lazy\" decoding=\"async\" class=\"alignnone size-medium wp-image-4800\" src=\"https:\/\/otmaroc.com\/wp-content\/uploads\/2025\/05\/61VuqstC3fL._AC_SL1000_-300x300.jpg\" alt=\"\" width=\"300\" height=\"300\" srcset=\"https:\/\/otmaroc.com\/wp-content\/uploads\/2025\/05\/61VuqstC3fL._AC_SL1000_-300x300.jpg 300w, https:\/\/otmaroc.com\/wp-content\/uploads\/2025\/05\/61VuqstC3fL._AC_SL1000_-150x150.jpg 150w, https:\/\/otmaroc.com\/wp-content\/uploads\/2025\/05\/61VuqstC3fL._AC_SL1000_-768x770.jpg 768w, https:\/\/otmaroc.com\/wp-content\/uploads\/2025\/05\/61VuqstC3fL._AC_SL1000_-12x12.jpg 12w, https:\/\/otmaroc.com\/wp-content\/uploads\/2025\/05\/61VuqstC3fL._AC_SL1000_-600x602.jpg 600w, https:\/\/otmaroc.com\/wp-content\/uploads\/2025\/05\/61VuqstC3fL._AC_SL1000_-100x100.jpg 100w, https:\/\/otmaroc.com\/wp-content\/uploads\/2025\/05\/61VuqstC3fL._AC_SL1000_-64x64.jpg 64w, https:\/\/otmaroc.com\/wp-content\/uploads\/2025\/05\/61VuqstC3fL._AC_SL1000_.jpg 987w\" sizes=\"(max-width: 300px) 100vw, 300px\" \/><\/p>\n<p class=\"\" data-start=\"1191\" data-end=\"1305\">\u2705 <strong data-start=\"1193\" data-end=\"1223\">Am\u00e9lioration de la posture<\/strong> : Id\u00e9al pour pr\u00e9venir les douleurs dues \u00e0 une mauvaise position assise prolong\u00e9e.<\/p>\n<p class=\"\" data-start=\"1307\" data-end=\"1388\">\u2705 <strong data-start=\"1309\" data-end=\"1339\">Housse amovible et lavable<\/strong> : Facile \u00e0 entretenir pour une hygi\u00e8ne parfaite.<\/p>\n<p class=\"\" data-start=\"1390\" data-end=\"1499\">\u2705 <strong data-start=\"1392\" data-end=\"1406\">Polyvalent<\/strong> : Utilisable \u00e0 la maison, au bureau, dans la voiture, en voyage ou m\u00eame en fauteuil roulant.<\/p>\n<p data-start=\"1390\" data-end=\"1499\"><img loading=\"lazy\" decoding=\"async\" class=\"alignnone size-medium wp-image-4803\" src=\"https:\/\/otmaroc.com\/wp-content\/uploads\/2025\/05\/71g0p0efc2L._AC_SX679_-300x229.jpg\" alt=\"\" width=\"300\" height=\"229\" srcset=\"https:\/\/otmaroc.com\/wp-content\/uploads\/2025\/05\/71g0p0efc2L._AC_SX679_-300x229.jpg 300w, https:\/\/otmaroc.com\/wp-content\/uploads\/2025\/05\/71g0p0efc2L._AC_SX679_-16x12.jpg 16w, https:\/\/otmaroc.com\/wp-content\/uploads\/2025\/05\/71g0p0efc2L._AC_SX679_-600x458.jpg 600w, https:\/\/otmaroc.com\/wp-content\/uploads\/2025\/05\/71g0p0efc2L._AC_SX679_-64x49.jpg 64w, https:\/\/otmaroc.com\/wp-content\/uploads\/2025\/05\/71g0p0efc2L._AC_SX679_.jpg 679w\" sizes=\"(max-width: 300px) 100vw, 300px\" \/><\/p>\n<p class=\"\" data-start=\"1501\" data-end=\"1633\">\ud83d\udce6 <strong data-start=\"1504\" data-end=\"1538\">Disponible maintenant au Maroc<\/strong> avec livraison rapide \u00e0 Casablanca, Rabat, Marrakech, F\u00e8s, Tanger, Agadir et partout ailleurs.<\/p>","protected":false},"excerpt":{"rendered":"<p>Confort ultime pour vos longues heures assises ! Ce coussin ergonomique en mousse \u00e0 m\u00e9moire de forme soulage efficacement le bas du dos, le coccyx et am\u00e9liore votre posture.<\/p>","protected":false},"featured_media":4805,"comment_status":"open","ping_status":"closed","template":"","meta":{"_uag_custom_page_level_css":"","site-sidebar-layout":"default","site-content-layout":"","ast-site-content-layout":"default","site-content-style":"default","site-sidebar-style":"default","ast-global-header-display":"","ast-banner-title-visibility":"","ast-main-header-display":"","ast-hfb-above-header-display":"","ast-hfb-below-header-display":"","ast-hfb-mobile-header-display":"","site-post-title":"","ast-breadcrumbs-content":"","ast-featured-img":"","footer-sml-layout":"","theme-transparent-header-meta":"default","adv-header-id-meta":"","stick-header-meta":"","header-above-stick-meta":"","header-main-stick-meta":"","header-below-stick-meta":"","astra-migrate-meta-layouts":"set","ast-page-background-enabled":"default","ast-page-background-meta":{"desktop":{"background-color":"","background-image":"","background-repeat":"repeat","background-position":"center center","background-size":"auto","background-attachment":"scroll","background-type":"","background-media":"","overlay-type":"","overlay-color":"","overlay-opacity":"","overlay-gradient":""},"tablet":{"background-color":"","background-image":"","background-repeat":"repeat","background-position":"center center","background-size":"auto","background-attachment":"scroll","background-type":"","background-media":"","overlay-type":"","overlay-color":"","overlay-opacity":"","overlay-gradient":""},"mobile":{"background-color":"","background-image":"","background-repeat":"repeat","background-position":"center center","background-size":"auto","background-attachment":"scroll","background-type":"","background-media":"","overlay-type":"","overlay-color":"","overlay-opacity":"","overlay-gradient":""}},"ast-content-background-meta":{"desktop":{"background-color":"var(--ast-global-color-5)","background-image":"","background-repeat":"repeat","background-position":"center center","background-size":"auto","background-attachment":"scroll","background-type":"","background-media":"","overlay-type":"","overlay-color":"","overlay-opacity":"","overlay-gradient":""},"tablet":{"background-color":"var(--ast-global-color-5)","background-image":"","background-repeat":"repeat","background-position":"center center","background-size":"auto","background-attachment":"scroll","background-type":"","background-media":"","overlay-type":"","overlay-color":"","overlay-opacity":"","overlay-gradient":""},"mobile":{"background-color":"var(--ast-global-color-5)","background-image":"","background-repeat":"repeat","background-position":"center center","background-size":"auto","background-attachment":"scroll","background-type":"","background-media":"","overlay-type":"","overlay-color":"","overlay-opacity":"","overlay-gradient":""}}},"product_cat":[120,111,85,112,135,31,127,82,63,143,88],"product_tag":[],"class_list":{"0":"post-4796","1":"product","2":"type-product","3":"status-publish","4":"has-post-thumbnail","6":"product_cat-accessoires-de-fauteuil-roulant","7":"product_cat-bureaux-ergonomique","8":"product_cat-chambre","9":"product_cat-coussin-ergonomique","10":"product_cat-coussins-de-positionnement","11":"product_cat-les-aides-techniques","12":"product_cat-mobilier-de-cabinet","13":"product_cat-tous-les-aides-techniques","14":"product_cat-tous-les-produits","15":"product_cat-tous-mobiliers","16":"product_cat-vie-quotidienne","17":"desktop-align-left","18":"tablet-align-left","19":"mobile-align-left","21":"first","22":"instock","23":"shipping-taxable","24":"purchasable","25":"product-type-simple"},"yoast_head":"<!-- This site is optimized with the Yoast SEO plugin v23.5 - https:\/\/yoast.com\/wordpress\/plugins\/seo\/ -->\n<title>Coussin orthop\u00e9dique ergonomique pour soulager le dos et le coccyx \u2013 Confort id\u00e9al au bureau ou en voiture \u2013 Maroc<\/title>\n<meta name=\"description\" content=\"Dites adieu aux douleurs du dos ! Coussin ergonomique en mousse m\u00e9moire pour am\u00e9liorer votre posture et soulager la pression sur le coccyx. Disponible au Maroc avec livraison rapide.\" \/>\n<meta name=\"robots\" content=\"index, follow, max-snippet:-1, max-image-preview:large, max-video-preview:-1\" \/>\n<link rel=\"canonical\" href=\"https:\/\/otmaroc.com\/ar\/product\/coussin-orthopedique-ergonomique-pour-soulager-le-dos-et-le-coccyx\/\" \/>\n<meta property=\"og:locale\" content=\"ar_AR\" \/>\n<meta property=\"og:type\" content=\"article\" \/>\n<meta property=\"og:title\" content=\"Coussin orthop\u00e9dique ergonomique pour soulager le dos et le coccyx \u2013 Confort id\u00e9al au bureau ou en voiture \u2013 Maroc\" \/>\n<meta property=\"og:description\" content=\"Dites adieu aux douleurs du dos ! Coussin ergonomique en mousse m\u00e9moire pour am\u00e9liorer votre posture et soulager la pression sur le coccyx. Disponible au Maroc avec livraison rapide.\" \/>\n<meta property=\"og:url\" content=\"https:\/\/otmaroc.com\/ar\/product\/coussin-orthopedique-ergonomique-pour-soulager-le-dos-et-le-coccyx\/\" \/>\n<meta property=\"og:site_name\" content=\"OTMAROC\" \/>\n<meta property=\"article:publisher\" content=\"https:\/\/www.facebook.com\/profile.php?id=61565107472257\" \/>\n<meta property=\"og:image\" content=\"https:\/\/otmaroc.com\/wp-content\/uploads\/2025\/05\/www.otmaroc.com-0623512008-otmaroc2024@gmail.com-1-5.png\" \/>\n\t<meta property=\"og:image:width\" content=\"1080\" \/>\n\t<meta property=\"og:image:height\" content=\"1080\" \/>\n\t<meta property=\"og:image:type\" content=\"image\/png\" \/>\n<meta name=\"twitter:card\" content=\"summary_large_image\" \/>\n<meta name=\"twitter:label1\" content=\"\u0648\u0642\u062a \u0627\u0644\u0642\u0631\u0627\u0621\u0629 \u0627\u0644\u0645\u064f\u0642\u062f\u0651\u0631\" \/>\n\t<meta name=\"twitter:data1\" content=\"\u062f\u0642\u064a\u0642\u062a\u0627\u0646\" \/>\n<script type=\"application\/ld+json\" class=\"yoast-schema-graph\">{\"@context\":\"https:\/\/schema.org\",\"@graph\":[{\"@type\":\"WebPage\",\"@id\":\"https:\/\/otmaroc.com\/product\/coussin-orthopedique-ergonomique-pour-soulager-le-dos-et-le-coccyx\/\",\"url\":\"https:\/\/otmaroc.com\/product\/coussin-orthopedique-ergonomique-pour-soulager-le-dos-et-le-coccyx\/\",\"name\":\"Coussin orthop\u00e9dique ergonomique pour soulager le dos et le coccyx \u2013 Confort id\u00e9al au bureau ou en voiture \u2013 Maroc\",\"isPartOf\":{\"@id\":\"https:\/\/otmaroc.com\/#website\"},\"primaryImageOfPage\":{\"@id\":\"https:\/\/otmaroc.com\/product\/coussin-orthopedique-ergonomique-pour-soulager-le-dos-et-le-coccyx\/#primaryimage\"},\"image\":{\"@id\":\"https:\/\/otmaroc.com\/product\/coussin-orthopedique-ergonomique-pour-soulager-le-dos-et-le-coccyx\/#primaryimage\"},\"thumbnailUrl\":\"https:\/\/otmaroc.com\/wp-content\/uploads\/2025\/05\/www.otmaroc.com-0623512008-otmaroc2024@gmail.com-1-5.png\",\"datePublished\":\"2025-05-20T13:41:33+00:00\",\"dateModified\":\"2025-05-20T13:41:33+00:00\",\"description\":\"Dites adieu aux douleurs du dos ! Coussin ergonomique en mousse m\u00e9moire pour am\u00e9liorer votre posture et soulager la pression sur le coccyx. Disponible au Maroc avec livraison rapide.\",\"breadcrumb\":{\"@id\":\"https:\/\/otmaroc.com\/product\/coussin-orthopedique-ergonomique-pour-soulager-le-dos-et-le-coccyx\/#breadcrumb\"},\"inLanguage\":\"ar\",\"potentialAction\":[{\"@type\":\"ReadAction\",\"target\":[\"https:\/\/otmaroc.com\/product\/coussin-orthopedique-ergonomique-pour-soulager-le-dos-et-le-coccyx\/\"]}]},{\"@type\":\"ImageObject\",\"inLanguage\":\"ar\",\"@id\":\"https:\/\/otmaroc.com\/product\/coussin-orthopedique-ergonomique-pour-soulager-le-dos-et-le-coccyx\/#primaryimage\",\"url\":\"https:\/\/otmaroc.com\/wp-content\/uploads\/2025\/05\/www.otmaroc.com-0623512008-otmaroc2024@gmail.com-1-5.png\",\"contentUrl\":\"https:\/\/otmaroc.com\/wp-content\/uploads\/2025\/05\/www.otmaroc.com-0623512008-otmaroc2024@gmail.com-1-5.png\",\"width\":1080,\"height\":1080},{\"@type\":\"BreadcrumbList\",\"@id\":\"https:\/\/otmaroc.com\/product\/coussin-orthopedique-ergonomique-pour-soulager-le-dos-et-le-coccyx\/#breadcrumb\",\"itemListElement\":[{\"@type\":\"ListItem\",\"position\":1,\"name\":\"Home\",\"item\":\"https:\/\/otmaroc.com\/\"},{\"@type\":\"ListItem\",\"position\":2,\"name\":\"Products\",\"item\":\"https:\/\/otmaroc.com\/store\/\"},{\"@type\":\"ListItem\",\"position\":3,\"name\":\"Coussin orthop\u00e9dique ergonomique pour soulager le dos et le coccyx\"}]},{\"@type\":\"WebSite\",\"@id\":\"https:\/\/otmaroc.com\/#website\",\"url\":\"https:\/\/otmaroc.com\/\",\"name\":\"OTMAROC\",\"description\":\"The number one website in morocco for occupational therapy\",\"publisher\":{\"@id\":\"https:\/\/otmaroc.com\/#organization\"},\"potentialAction\":[{\"@type\":\"SearchAction\",\"target\":{\"@type\":\"EntryPoint\",\"urlTemplate\":\"https:\/\/otmaroc.com\/?s={search_term_string}\"},\"query-input\":{\"@type\":\"PropertyValueSpecification\",\"valueRequired\":true,\"valueName\":\"search_term_string\"}}],\"inLanguage\":\"ar\"},{\"@type\":\"Organization\",\"@id\":\"https:\/\/otmaroc.com\/#organization\",\"name\":\"OTMAROC\",\"url\":\"https:\/\/otmaroc.com\/\",\"logo\":{\"@type\":\"ImageObject\",\"inLanguage\":\"ar\",\"@id\":\"https:\/\/otmaroc.com\/#\/schema\/logo\/image\/\",\"url\":\"https:\/\/otmaroc.com\/wp-content\/uploads\/2024\/08\/cropped-cropped-Black_White_Yellow_Simple_Initial_Name_Logo-removebg-preview-2.png\",\"contentUrl\":\"https:\/\/otmaroc.com\/wp-content\/uploads\/2024\/08\/cropped-cropped-Black_White_Yellow_Simple_Initial_Name_Logo-removebg-preview-2.png\",\"width\":298,\"height\":192,\"caption\":\"OTMAROC\"},\"image\":{\"@id\":\"https:\/\/otmaroc.com\/#\/schema\/logo\/image\/\"},\"sameAs\":[\"https:\/\/www.facebook.com\/profile.php?id=61565107472257\",\"https:\/\/www.instagram.com\/otmaroc2024\/\",\"https:\/\/www.youtube.com\/@othmaneksaibar6763\",\"https:\/\/api.whatsapp.com\/send?phone=2120623512008\"]}]}<\/script>\n<!-- \/ Yoast SEO plugin. -->","yoast_head_json":{"title":"Coussin orthop\u00e9dique ergonomique pour soulager le dos et le coccyx \u2013 Confort id\u00e9al au bureau ou en voiture \u2013 Maroc","description":"Dites adieu aux douleurs du dos ! Coussin ergonomique en mousse m\u00e9moire pour am\u00e9liorer votre posture et soulager la pression sur le coccyx. Disponible au Maroc avec livraison rapide.","robots":{"index":"index","follow":"follow","max-snippet":"max-snippet:-1","max-image-preview":"max-image-preview:large","max-video-preview":"max-video-preview:-1"},"canonical":"https:\/\/otmaroc.com\/ar\/product\/coussin-orthopedique-ergonomique-pour-soulager-le-dos-et-le-coccyx\/","og_locale":"ar_AR","og_type":"article","og_title":"Coussin orthop\u00e9dique ergonomique pour soulager le dos et le coccyx \u2013 Confort id\u00e9al au bureau ou en voiture \u2013 Maroc","og_description":"Dites adieu aux douleurs du dos ! Coussin ergonomique en mousse m\u00e9moire pour am\u00e9liorer votre posture et soulager la pression sur le coccyx. Disponible au Maroc avec livraison rapide.","og_url":"https:\/\/otmaroc.com\/ar\/product\/coussin-orthopedique-ergonomique-pour-soulager-le-dos-et-le-coccyx\/","og_site_name":"OTMAROC","article_publisher":"https:\/\/www.facebook.com\/profile.php?id=61565107472257","og_image":[{"width":1080,"height":1080,"url":"https:\/\/otmaroc.com\/wp-content\/uploads\/2025\/05\/www.otmaroc.com-0623512008-otmaroc2024@gmail.com-1-5.png","type":"image\/png"}],"twitter_card":"summary_large_image","twitter_misc":{"\u0648\u0642\u062a \u0627\u0644\u0642\u0631\u0627\u0621\u0629 \u0627\u0644\u0645\u064f\u0642\u062f\u0651\u0631":"\u062f\u0642\u064a\u0642\u062a\u0627\u0646"},"schema":{"@context":"https:\/\/schema.org","@graph":[{"@type":"WebPage","@id":"https:\/\/otmaroc.com\/product\/coussin-orthopedique-ergonomique-pour-soulager-le-dos-et-le-coccyx\/","url":"https:\/\/otmaroc.com\/product\/coussin-orthopedique-ergonomique-pour-soulager-le-dos-et-le-coccyx\/","name":"Coussin orthop\u00e9dique ergonomique pour soulager le dos et le coccyx \u2013 Confort id\u00e9al au bureau ou en voiture \u2013 Maroc","isPartOf":{"@id":"https:\/\/otmaroc.com\/#website"},"primaryImageOfPage":{"@id":"https:\/\/otmaroc.com\/product\/coussin-orthopedique-ergonomique-pour-soulager-le-dos-et-le-coccyx\/#primaryimage"},"image":{"@id":"https:\/\/otmaroc.com\/product\/coussin-orthopedique-ergonomique-pour-soulager-le-dos-et-le-coccyx\/#primaryimage"},"thumbnailUrl":"https:\/\/otmaroc.com\/wp-content\/uploads\/2025\/05\/www.otmaroc.com-0623512008-otmaroc2024@gmail.com-1-5.png","datePublished":"2025-05-20T13:41:33+00:00","dateModified":"2025-05-20T13:41:33+00:00","description":"Dites adieu aux douleurs du dos ! Coussin ergonomique en mousse m\u00e9moire pour am\u00e9liorer votre posture et soulager la pression sur le coccyx. Disponible au Maroc avec livraison rapide.","breadcrumb":{"@id":"https:\/\/otmaroc.com\/product\/coussin-orthopedique-ergonomique-pour-soulager-le-dos-et-le-coccyx\/#breadcrumb"},"inLanguage":"ar","potentialAction":[{"@type":"ReadAction","target":["https:\/\/otmaroc.com\/product\/coussin-orthopedique-ergonomique-pour-soulager-le-dos-et-le-coccyx\/"]}]},{"@type":"ImageObject","inLanguage":"ar","@id":"https:\/\/otmaroc.com\/product\/coussin-orthopedique-ergonomique-pour-soulager-le-dos-et-le-coccyx\/#primaryimage","url":"https:\/\/otmaroc.com\/wp-content\/uploads\/2025\/05\/www.otmaroc.com-0623512008-otmaroc2024@gmail.com-1-5.png","contentUrl":"https:\/\/otmaroc.com\/wp-content\/uploads\/2025\/05\/www.otmaroc.com-0623512008-otmaroc2024@gmail.com-1-5.png","width":1080,"height":1080},{"@type":"BreadcrumbList","@id":"https:\/\/otmaroc.com\/product\/coussin-orthopedique-ergonomique-pour-soulager-le-dos-et-le-coccyx\/#breadcrumb","itemListElement":[{"@type":"ListItem","position":1,"name":"Home","item":"https:\/\/otmaroc.com\/"},{"@type":"ListItem","position":2,"name":"Products","item":"https:\/\/otmaroc.com\/store\/"},{"@type":"ListItem","position":3,"name":"Coussin orthop\u00e9dique ergonomique pour soulager le dos et le coccyx"}]},{"@type":"WebSite","@id":"https:\/\/otmaroc.com\/#website","url":"https:\/\/otmaroc.com\/","name":"OTMAROC","description":"The number one website in morocco for occupational therapy","publisher":{"@id":"https:\/\/otmaroc.com\/#organization"},"potentialAction":[{"@type":"SearchAction","target":{"@type":"EntryPoint","urlTemplate":"https:\/\/otmaroc.com\/?s={search_term_string}"},"query-input":{"@type":"PropertyValueSpecification","valueRequired":true,"valueName":"search_term_string"}}],"inLanguage":"ar"},{"@type":"Organization","@id":"https:\/\/otmaroc.com\/#organization","name":"OTMAROC","url":"https:\/\/otmaroc.com\/","logo":{"@type":"ImageObject","inLanguage":"ar","@id":"https:\/\/otmaroc.com\/#\/schema\/logo\/image\/","url":"https:\/\/otmaroc.com\/wp-content\/uploads\/2024\/08\/cropped-cropped-Black_White_Yellow_Simple_Initial_Name_Logo-removebg-preview-2.png","contentUrl":"https:\/\/otmaroc.com\/wp-content\/uploads\/2024\/08\/cropped-cropped-Black_White_Yellow_Simple_Initial_Name_Logo-removebg-preview-2.png","width":298,"height":192,"caption":"OTMAROC"},"image":{"@id":"https:\/\/otmaroc.com\/#\/schema\/logo\/image\/"},"sameAs":["https:\/\/www.facebook.com\/profile.php?id=61565107472257","https:\/\/www.instagram.com\/otmaroc2024\/","https:\/\/www.youtube.com\/@othmaneksaibar6763","https:\/\/api.whatsapp.com\/send?phone=2120623512008"]}]}},"uagb_featured_image_src":{"full":["https:\/\/otmaroc.com\/wp-content\/uploads\/2025\/05\/www.otmaroc.com-0623512008-otmaroc2024@gmail.com-1-5.png",1080,1080,false],"thumbnail":["https:\/\/otmaroc.com\/wp-content\/uploads\/2025\/05\/www.otmaroc.com-0623512008-otmaroc2024@gmail.com-1-5-150x150.png",150,150,true],"medium":["https:\/\/otmaroc.com\/wp-content\/uploads\/2025\/05\/www.otmaroc.com-0623512008-otmaroc2024@gmail.com-1-5-300x300.png",300,300,true],"medium_large":["https:\/\/otmaroc.com\/wp-content\/uploads\/2025\/05\/www.otmaroc.com-0623512008-otmaroc2024@gmail.com-1-5-768x768.png",768,768,true],"large":["https:\/\/otmaroc.com\/wp-content\/uploads\/2025\/05\/www.otmaroc.com-0623512008-otmaroc2024@gmail.com-1-5-1024x1024.png",1024,1024,true],"1536x1536":["https:\/\/otmaroc.com\/wp-content\/uploads\/2025\/05\/www.otmaroc.com-0623512008-otmaroc2024@gmail.com-1-5.png",1080,1080,false],"2048x2048":["https:\/\/otmaroc.com\/wp-content\/uploads\/2025\/05\/www.otmaroc.com-0623512008-otmaroc2024@gmail.com-1-5.png",1080,1080,false],"trp-custom-language-flag":["https:\/\/otmaroc.com\/wp-content\/uploads\/2025\/05\/www.otmaroc.com-0623512008-otmaroc2024@gmail.com-1-5-12x12.png",12,12,true],"woocommerce_thumbnail":["https:\/\/otmaroc.com\/wp-content\/uploads\/2025\/05\/www.otmaroc.com-0623512008-otmaroc2024@gmail.com-1-5-300x300.png",300,300,true],"woocommerce_single":["https:\/\/otmaroc.com\/wp-content\/uploads\/2025\/05\/www.otmaroc.com-0623512008-otmaroc2024@gmail.com-1-5-600x600.png",600,600,true],"woocommerce_gallery_thumbnail":["https:\/\/otmaroc.com\/wp-content\/uploads\/2025\/05\/www.otmaroc.com-0623512008-otmaroc2024@gmail.com-1-5-100x100.png",100,100,true],"dgwt-wcas-product-suggestion":["https:\/\/otmaroc.com\/wp-content\/uploads\/2025\/05\/www.otmaroc.com-0623512008-otmaroc2024@gmail.com-1-5-64x64.png",64,64,true]},"uagb_author_info":{"display_name":"othmane iptv","author_link":"https:\/\/otmaroc.com\/ar\/author\/"},"uagb_comment_info":0,"uagb_excerpt":"Confort ultime pour vos longues heures assises ! Ce coussin ergonomique en mousse \u00e0 m\u00e9moire de forme soulage efficacement le bas du dos, le coccyx et am\u00e9liore votre posture.","jetpack_sharing_enabled":true,"_links":{"self":[{"href":"https:\/\/otmaroc.com\/ar\/wp-json\/wp\/v2\/product\/4796"}],"collection":[{"href":"https:\/\/otmaroc.com\/ar\/wp-json\/wp\/v2\/product"}],"about":[{"href":"https:\/\/otmaroc.com\/ar\/wp-json\/wp\/v2\/types\/product"}],"replies":[{"embeddable":true,"href":"https:\/\/otmaroc.com\/ar\/wp-json\/wp\/v2\/comments?post=4796"}],"wp:featuredmedia":[{"embeddable":true,"href":"https:\/\/otmaroc.com\/ar\/wp-json\/wp\/v2\/media\/4805"}],"wp:attachment":[{"href":"https:\/\/otmaroc.com\/ar\/wp-json\/wp\/v2\/media?parent=4796"}],"wp:term":[{"taxonomy":"product_cat","embeddable":true,"href":"https:\/\/otmaroc.com\/ar\/wp-json\/wp\/v2\/product_cat?post=4796"},{"taxonomy":"product_tag","embeddable":true,"href":"https:\/\/otmaroc.com\/ar\/wp-json\/wp\/v2\/product_tag?post=4796"}],"curies":[{"name":"wp","href":"https:\/\/api.w.org\/{rel}","templated":true}]}}