{"id":4740,"date":"2025-05-08T13:28:04","date_gmt":"2025-05-08T13:28:04","guid":{"rendered":"https:\/\/otmaroc.com\/?post_type=product&#038;p=4740"},"modified":"2025-05-08T13:31:05","modified_gmt":"2025-05-08T13:31:05","slug":"siege-de-toilette-pour-enfants-%d9%85%d9%82%d8%b9%d8%af-%d8%aa%d9%88%d8%a7%d9%84%d9%8a%d8%aa-%d9%84%d9%84%d8%a3%d8%b7%d9%81%d8%a7%d9%84","status":"publish","type":"product","link":"https:\/\/otmaroc.com\/ar\/product\/siege-de-toilette-pour-enfants-%d9%85%d9%82%d8%b9%d8%af-%d8%aa%d9%88%d8%a7%d9%84%d9%8a%d8%aa-%d9%84%d9%84%d8%a3%d8%b7%d9%81%d8%a7%d9%84\/","title":{"rendered":"Si\u00e8ge de toilette pour enfants &#8211; \u0645\u0642\u0639\u062f \u062a\u0648\u0627\u0644\u064a\u062a \u0644\u0644\u0623\u0637\u0641\u0627\u0644"},"content":{"rendered":"<p class=\"\" data-start=\"419\" data-end=\"824\">Offrez \u00e0 votre enfant un <strong data-start=\"444\" data-end=\"489\">si\u00e8ge de toilette s\u00e9curis\u00e9 et confortable<\/strong>, id\u00e9al pour l&rsquo;apprentissage de la propret\u00e9. Ce <strong data-start=\"537\" data-end=\"559\">si\u00e8ge pour enfants<\/strong> s&rsquo;adapte facilement aux toilettes standard et garantit une exp\u00e9rience sans souci. Fabriqu\u00e9 \u00e0 partir de mat\u00e9riaux durables, il est facile \u00e0 nettoyer et assure une s\u00e9curit\u00e9 maximale. Pratique et fonctionnel, il est l\u2019accessoire indispensable pour les jeunes enfants.<\/p>\n<p data-start=\"419\" data-end=\"824\"><img loading=\"lazy\" decoding=\"async\" class=\"alignnone size-medium wp-image-4743\" src=\"https:\/\/otmaroc.com\/wp-content\/uploads\/2025\/05\/GF1ND6c5uYrp1NpJ2tKcZKzD9Ggw4O2SAIQBZVEl-300x300.jpg\" alt=\"\" width=\"300\" height=\"300\" srcset=\"https:\/\/otmaroc.com\/wp-content\/uploads\/2025\/05\/GF1ND6c5uYrp1NpJ2tKcZKzD9Ggw4O2SAIQBZVEl-300x300.jpg 300w, https:\/\/otmaroc.com\/wp-content\/uploads\/2025\/05\/GF1ND6c5uYrp1NpJ2tKcZKzD9Ggw4O2SAIQBZVEl-150x150.jpg 150w, https:\/\/otmaroc.com\/wp-content\/uploads\/2025\/05\/GF1ND6c5uYrp1NpJ2tKcZKzD9Ggw4O2SAIQBZVEl-12x12.jpg 12w, https:\/\/otmaroc.com\/wp-content\/uploads\/2025\/05\/GF1ND6c5uYrp1NpJ2tKcZKzD9Ggw4O2SAIQBZVEl-600x600.jpg 600w, https:\/\/otmaroc.com\/wp-content\/uploads\/2025\/05\/GF1ND6c5uYrp1NpJ2tKcZKzD9Ggw4O2SAIQBZVEl-100x100.jpg 100w, https:\/\/otmaroc.com\/wp-content\/uploads\/2025\/05\/GF1ND6c5uYrp1NpJ2tKcZKzD9Ggw4O2SAIQBZVEl-64x64.jpg 64w, https:\/\/otmaroc.com\/wp-content\/uploads\/2025\/05\/GF1ND6c5uYrp1NpJ2tKcZKzD9Ggw4O2SAIQBZVEl.jpg 680w\" sizes=\"(max-width: 300px) 100vw, 300px\" \/><\/p>\n<h3 class=\"\" data-start=\"826\" data-end=\"874\"><strong data-start=\"830\" data-end=\"874\">Description Technique (plus d\u00e9taill\u00e9e) :<\/strong><\/h3>\n<ul data-start=\"875\" data-end=\"1378\">\n<li class=\"\" data-start=\"875\" data-end=\"943\">\n<p class=\"\" data-start=\"877\" data-end=\"943\"><strong data-start=\"877\" data-end=\"891\">Dimensions<\/strong> : Adapt\u00e9 aux toilettes standard du march\u00e9 marocain.<\/p>\n<\/li>\n<li class=\"\" data-start=\"944\" data-end=\"1011\">\n<p class=\"\" data-start=\"946\" data-end=\"1011\"><strong data-start=\"946\" data-end=\"958\">Mat\u00e9riau<\/strong> : Plastique durable et r\u00e9sistant, facile \u00e0 nettoyer.<\/p>\n<\/li>\n<li class=\"\" data-start=\"1012\" data-end=\"1071\">\n<p class=\"\" data-start=\"1014\" data-end=\"1071\"><strong data-start=\"1014\" data-end=\"1025\">Confort<\/strong> : Design ergonomique pour un confort optimal.<\/p>\n<\/li>\n<li class=\"\" data-start=\"1072\" data-end=\"1160\">\n<p class=\"\" data-start=\"1074\" data-end=\"1160\"><strong data-start=\"1074\" data-end=\"1086\">S\u00e9curit\u00e9<\/strong> : Base antid\u00e9rapante pour assurer une stabilit\u00e9 sur toutes les toilettes.<\/p>\n<\/li>\n<li class=\"\" data-start=\"1161\" data-end=\"1213\">\n<p class=\"\" data-start=\"1163\" data-end=\"1213\"><strong data-start=\"1163\" data-end=\"1179\">Installation<\/strong> : Facile \u00e0 installer sans outils.<\/p>\n<\/li>\n<li class=\"\" data-start=\"1214\" data-end=\"1302\">\n<p class=\"\" data-start=\"1216\" data-end=\"1302\"><strong data-start=\"1216\" data-end=\"1228\">Couleurs<\/strong> : Disponible en plusieurs couleurs pour satisfaire les go\u00fbts des enfants.<\/p>\n<\/li>\n<li class=\"\" data-start=\"1303\" data-end=\"1378\">\n<p class=\"\" data-start=\"1305\" data-end=\"1378\"><strong data-start=\"1305\" data-end=\"1329\">Facilit\u00e9 d&rsquo;entretien<\/strong> : Surface lisse et r\u00e9sistante aux \u00e9claboussures.<\/p>\n<\/li>\n<li class=\"\" data-start=\"1303\" data-end=\"1378\">\n<p class=\"\" data-start=\"1305\" data-end=\"1378\"><img loading=\"lazy\" decoding=\"async\" class=\"alignnone size-medium wp-image-4741\" src=\"https:\/\/otmaroc.com\/wp-content\/uploads\/2025\/05\/8rL1CvOS9ESEJJet8KO3SAVJwvNSlfxafHZl9D5U-300x300.jpg\" alt=\"\" width=\"300\" height=\"300\" srcset=\"https:\/\/otmaroc.com\/wp-content\/uploads\/2025\/05\/8rL1CvOS9ESEJJet8KO3SAVJwvNSlfxafHZl9D5U-300x300.jpg 300w, https:\/\/otmaroc.com\/wp-content\/uploads\/2025\/05\/8rL1CvOS9ESEJJet8KO3SAVJwvNSlfxafHZl9D5U-150x150.jpg 150w, https:\/\/otmaroc.com\/wp-content\/uploads\/2025\/05\/8rL1CvOS9ESEJJet8KO3SAVJwvNSlfxafHZl9D5U-12x12.jpg 12w, https:\/\/otmaroc.com\/wp-content\/uploads\/2025\/05\/8rL1CvOS9ESEJJet8KO3SAVJwvNSlfxafHZl9D5U-600x600.jpg 600w, https:\/\/otmaroc.com\/wp-content\/uploads\/2025\/05\/8rL1CvOS9ESEJJet8KO3SAVJwvNSlfxafHZl9D5U-100x100.jpg 100w, https:\/\/otmaroc.com\/wp-content\/uploads\/2025\/05\/8rL1CvOS9ESEJJet8KO3SAVJwvNSlfxafHZl9D5U-64x64.jpg 64w, https:\/\/otmaroc.com\/wp-content\/uploads\/2025\/05\/8rL1CvOS9ESEJJet8KO3SAVJwvNSlfxafHZl9D5U.jpg 680w\" sizes=\"(max-width: 300px) 100vw, 300px\" \/><\/p>\n<\/li>\n<\/ul>","protected":false},"excerpt":{"rendered":"<p>Facilitez l&rsquo;apprentissage de la propret\u00e9 avec ce si\u00e8ge de toilette s\u00e9curis\u00e9 et confortable pour enfants. Con\u00e7u pour s&rsquo;adapter aux toilettes standard, il offre une assise stable et agr\u00e9able. L\u00e9ger, facile \u00e0 installer et \u00e0 nettoyer, il est l&rsquo;accessoire id\u00e9al pour les petits au Maroc.<\/p>","protected":false},"featured_media":4747,"comment_status":"open","ping_status":"closed","template":"","meta":{"_uag_custom_page_level_css":"","site-sidebar-layout":"default","site-content-layout":"","ast-site-content-layout":"default","site-content-style":"default","site-sidebar-style":"default","ast-global-header-display":"","ast-banner-title-visibility":"","ast-main-header-display":"","ast-hfb-above-header-display":"","ast-hfb-below-header-display":"","ast-hfb-mobile-header-display":"","site-post-title":"","ast-breadcrumbs-content":"","ast-featured-img":"","footer-sml-layout":"","theme-transparent-header-meta":"default","adv-header-id-meta":"","stick-header-meta":"","header-above-stick-meta":"","header-main-stick-meta":"","header-below-stick-meta":"","astra-migrate-meta-layouts":"set","ast-page-background-enabled":"default","ast-page-background-meta":{"desktop":{"background-color":"","background-image":"","background-repeat":"repeat","background-position":"center center","background-size":"auto","background-attachment":"scroll","background-type":"","background-media":"","overlay-type":"","overlay-color":"","overlay-opacity":"","overlay-gradient":""},"tablet":{"background-color":"","background-image":"","background-repeat":"repeat","background-position":"center center","background-size":"auto","background-attachment":"scroll","background-type":"","background-media":"","overlay-type":"","overlay-color":"","overlay-opacity":"","overlay-gradient":""},"mobile":{"background-color":"","background-image":"","background-repeat":"repeat","background-position":"center center","background-size":"auto","background-attachment":"scroll","background-type":"","background-media":"","overlay-type":"","overlay-color":"","overlay-opacity":"","overlay-gradient":""}},"ast-content-background-meta":{"desktop":{"background-color":"var(--ast-global-color-5)","background-image":"","background-repeat":"repeat","background-position":"center center","background-size":"auto","background-attachment":"scroll","background-type":"","background-media":"","overlay-type":"","overlay-color":"","overlay-opacity":"","overlay-gradient":""},"tablet":{"background-color":"var(--ast-global-color-5)","background-image":"","background-repeat":"repeat","background-position":"center center","background-size":"auto","background-attachment":"scroll","background-type":"","background-media":"","overlay-type":"","overlay-color":"","overlay-opacity":"","overlay-gradient":""},"mobile":{"background-color":"var(--ast-global-color-5)","background-image":"","background-repeat":"repeat","background-position":"center center","background-size":"auto","background-attachment":"scroll","background-type":"","background-media":"","overlay-type":"","overlay-color":"","overlay-opacity":"","overlay-gradient":""}}},"product_cat":[92,95,86,52,31,103,63,88],"product_tag":[],"class_list":{"0":"post-4740","1":"product","2":"type-product","3":"status-publish","4":"has-post-thumbnail","6":"product_cat-apprentissage","7":"product_cat-autonomie","8":"product_cat-bainwc","9":"product_cat-jouets-de-therapie-au-maroc","10":"product_cat-les-aides-techniques","11":"product_cat-tous-les-jeux-educatifs-et-therapeutiques","12":"product_cat-tous-les-produits","13":"product_cat-vie-quotidienne","14":"desktop-align-left","15":"tablet-align-left","16":"mobile-align-left","18":"first","19":"instock","20":"shipping-taxable","21":"purchasable","22":"product-type-simple"},"yoast_head":"<!-- This site is optimized with the Yoast SEO plugin v23.5 - https:\/\/yoast.com\/wordpress\/plugins\/seo\/ -->\n<title>Si\u00e8ge de toilette pour enfants au Maroc - \u0645\u0642\u0639\u062f \u062a\u0648\u0627\u0644\u064a\u062a \u0644\u0644\u0623\u0637\u0641\u0627\u0644<\/title>\n<meta name=\"description\" content=\"D\u00e9couvrez notre si\u00e8ge de toilette pour enfants disponible au Maroc, con\u00e7u pour faciliter l&#039;apprentissage de la propret\u00e9 avec confort et s\u00e9curit\u00e9. Livraison rapide partout au Maroc.\" \/>\n<meta name=\"robots\" content=\"index, follow, max-snippet:-1, max-image-preview:large, max-video-preview:-1\" \/>\n<link rel=\"canonical\" href=\"https:\/\/otmaroc.com\/ar\/product\/siege-de-toilette-pour-enfants-\u0645\u0642\u0639\u062f-\u062a\u0648\u0627\u0644\u064a\u062a-\u0644\u0644\u0623\u0637\u0641\u0627\u0644\/\" \/>\n<meta property=\"og:locale\" content=\"ar_AR\" \/>\n<meta property=\"og:type\" content=\"article\" \/>\n<meta property=\"og:title\" content=\"Si\u00e8ge de toilette pour enfants au Maroc - \u0645\u0642\u0639\u062f \u062a\u0648\u0627\u0644\u064a\u062a \u0644\u0644\u0623\u0637\u0641\u0627\u0644\" \/>\n<meta property=\"og:description\" content=\"D\u00e9couvrez notre si\u00e8ge de toilette pour enfants disponible au Maroc, con\u00e7u pour faciliter l&#039;apprentissage de la propret\u00e9 avec confort et s\u00e9curit\u00e9. Livraison rapide partout au Maroc.\" \/>\n<meta property=\"og:url\" content=\"https:\/\/otmaroc.com\/ar\/product\/siege-de-toilette-pour-enfants-\u0645\u0642\u0639\u062f-\u062a\u0648\u0627\u0644\u064a\u062a-\u0644\u0644\u0623\u0637\u0641\u0627\u0644\/\" \/>\n<meta property=\"og:site_name\" content=\"OTMAROC\" \/>\n<meta property=\"article:publisher\" content=\"https:\/\/www.facebook.com\/profile.php?id=61565107472257\" \/>\n<meta property=\"article:modified_time\" content=\"2025-05-08T13:31:05+00:00\" \/>\n<meta property=\"og:image\" content=\"https:\/\/otmaroc.com\/wp-content\/uploads\/2025\/05\/www.otmaroc.com-0623512008-otmaroc2024@gmail.com-1-2.png\" \/>\n\t<meta property=\"og:image:width\" content=\"1080\" \/>\n\t<meta property=\"og:image:height\" content=\"1080\" \/>\n\t<meta property=\"og:image:type\" content=\"image\/png\" \/>\n<meta name=\"twitter:card\" content=\"summary_large_image\" \/>\n<meta name=\"twitter:label1\" content=\"\u0648\u0642\u062a \u0627\u0644\u0642\u0631\u0627\u0621\u0629 \u0627\u0644\u0645\u064f\u0642\u062f\u0651\u0631\" \/>\n\t<meta name=\"twitter:data1\" content=\"\u062f\u0642\u064a\u0642\u062a\u0627\u0646\" \/>\n<script type=\"application\/ld+json\" class=\"yoast-schema-graph\">{\"@context\":\"https:\/\/schema.org\",\"@graph\":[{\"@type\":\"WebPage\",\"@id\":\"https:\/\/otmaroc.com\/product\/siege-de-toilette-pour-enfants-%d9%85%d9%82%d8%b9%d8%af-%d8%aa%d9%88%d8%a7%d9%84%d9%8a%d8%aa-%d9%84%d9%84%d8%a3%d8%b7%d9%81%d8%a7%d9%84\/\",\"url\":\"https:\/\/otmaroc.com\/product\/siege-de-toilette-pour-enfants-%d9%85%d9%82%d8%b9%d8%af-%d8%aa%d9%88%d8%a7%d9%84%d9%8a%d8%aa-%d9%84%d9%84%d8%a3%d8%b7%d9%81%d8%a7%d9%84\/\",\"name\":\"Si\u00e8ge de toilette pour enfants au Maroc - \u0645\u0642\u0639\u062f \u062a\u0648\u0627\u0644\u064a\u062a \u0644\u0644\u0623\u0637\u0641\u0627\u0644\",\"isPartOf\":{\"@id\":\"https:\/\/otmaroc.com\/#website\"},\"primaryImageOfPage\":{\"@id\":\"https:\/\/otmaroc.com\/product\/siege-de-toilette-pour-enfants-%d9%85%d9%82%d8%b9%d8%af-%d8%aa%d9%88%d8%a7%d9%84%d9%8a%d8%aa-%d9%84%d9%84%d8%a3%d8%b7%d9%81%d8%a7%d9%84\/#primaryimage\"},\"image\":{\"@id\":\"https:\/\/otmaroc.com\/product\/siege-de-toilette-pour-enfants-%d9%85%d9%82%d8%b9%d8%af-%d8%aa%d9%88%d8%a7%d9%84%d9%8a%d8%aa-%d9%84%d9%84%d8%a3%d8%b7%d9%81%d8%a7%d9%84\/#primaryimage\"},\"thumbnailUrl\":\"https:\/\/otmaroc.com\/wp-content\/uploads\/2025\/05\/www.otmaroc.com-0623512008-otmaroc2024@gmail.com-1-2.png\",\"datePublished\":\"2025-05-08T13:28:04+00:00\",\"dateModified\":\"2025-05-08T13:31:05+00:00\",\"description\":\"D\u00e9couvrez notre si\u00e8ge de toilette pour enfants disponible au Maroc, con\u00e7u pour faciliter l'apprentissage de la propret\u00e9 avec confort et s\u00e9curit\u00e9. Livraison rapide partout au Maroc.\",\"breadcrumb\":{\"@id\":\"https:\/\/otmaroc.com\/product\/siege-de-toilette-pour-enfants-%d9%85%d9%82%d8%b9%d8%af-%d8%aa%d9%88%d8%a7%d9%84%d9%8a%d8%aa-%d9%84%d9%84%d8%a3%d8%b7%d9%81%d8%a7%d9%84\/#breadcrumb\"},\"inLanguage\":\"ar\",\"potentialAction\":[{\"@type\":\"ReadAction\",\"target\":[\"https:\/\/otmaroc.com\/product\/siege-de-toilette-pour-enfants-%d9%85%d9%82%d8%b9%d8%af-%d8%aa%d9%88%d8%a7%d9%84%d9%8a%d8%aa-%d9%84%d9%84%d8%a3%d8%b7%d9%81%d8%a7%d9%84\/\"]}]},{\"@type\":\"ImageObject\",\"inLanguage\":\"ar\",\"@id\":\"https:\/\/otmaroc.com\/product\/siege-de-toilette-pour-enfants-%d9%85%d9%82%d8%b9%d8%af-%d8%aa%d9%88%d8%a7%d9%84%d9%8a%d8%aa-%d9%84%d9%84%d8%a3%d8%b7%d9%81%d8%a7%d9%84\/#primaryimage\",\"url\":\"https:\/\/otmaroc.com\/wp-content\/uploads\/2025\/05\/www.otmaroc.com-0623512008-otmaroc2024@gmail.com-1-2.png\",\"contentUrl\":\"https:\/\/otmaroc.com\/wp-content\/uploads\/2025\/05\/www.otmaroc.com-0623512008-otmaroc2024@gmail.com-1-2.png\",\"width\":1080,\"height\":1080},{\"@type\":\"BreadcrumbList\",\"@id\":\"https:\/\/otmaroc.com\/product\/siege-de-toilette-pour-enfants-%d9%85%d9%82%d8%b9%d8%af-%d8%aa%d9%88%d8%a7%d9%84%d9%8a%d8%aa-%d9%84%d9%84%d8%a3%d8%b7%d9%81%d8%a7%d9%84\/#breadcrumb\",\"itemListElement\":[{\"@type\":\"ListItem\",\"position\":1,\"name\":\"Home\",\"item\":\"https:\/\/otmaroc.com\/\"},{\"@type\":\"ListItem\",\"position\":2,\"name\":\"Products\",\"item\":\"https:\/\/otmaroc.com\/store\/\"},{\"@type\":\"ListItem\",\"position\":3,\"name\":\"Si\u00e8ge de toilette pour enfants &#8211; \u0645\u0642\u0639\u062f \u062a\u0648\u0627\u0644\u064a\u062a \u0644\u0644\u0623\u0637\u0641\u0627\u0644\"}]},{\"@type\":\"WebSite\",\"@id\":\"https:\/\/otmaroc.com\/#website\",\"url\":\"https:\/\/otmaroc.com\/\",\"name\":\"OTMAROC\",\"description\":\"The number one website in morocco for occupational therapy\",\"publisher\":{\"@id\":\"https:\/\/otmaroc.com\/#organization\"},\"potentialAction\":[{\"@type\":\"SearchAction\",\"target\":{\"@type\":\"EntryPoint\",\"urlTemplate\":\"https:\/\/otmaroc.com\/?s={search_term_string}\"},\"query-input\":{\"@type\":\"PropertyValueSpecification\",\"valueRequired\":true,\"valueName\":\"search_term_string\"}}],\"inLanguage\":\"ar\"},{\"@type\":\"Organization\",\"@id\":\"https:\/\/otmaroc.com\/#organization\",\"name\":\"OTMAROC\",\"url\":\"https:\/\/otmaroc.com\/\",\"logo\":{\"@type\":\"ImageObject\",\"inLanguage\":\"ar\",\"@id\":\"https:\/\/otmaroc.com\/#\/schema\/logo\/image\/\",\"url\":\"https:\/\/otmaroc.com\/wp-content\/uploads\/2024\/08\/cropped-cropped-Black_White_Yellow_Simple_Initial_Name_Logo-removebg-preview-2.png\",\"contentUrl\":\"https:\/\/otmaroc.com\/wp-content\/uploads\/2024\/08\/cropped-cropped-Black_White_Yellow_Simple_Initial_Name_Logo-removebg-preview-2.png\",\"width\":298,\"height\":192,\"caption\":\"OTMAROC\"},\"image\":{\"@id\":\"https:\/\/otmaroc.com\/#\/schema\/logo\/image\/\"},\"sameAs\":[\"https:\/\/www.facebook.com\/profile.php?id=61565107472257\",\"https:\/\/www.instagram.com\/otmaroc2024\/\",\"https:\/\/www.youtube.com\/@othmaneksaibar6763\",\"https:\/\/api.whatsapp.com\/send?phone=2120623512008\"]}]}<\/script>\n<!-- \/ Yoast SEO plugin. -->","yoast_head_json":{"title":"Si\u00e8ge de toilette pour enfants au Maroc - \u0645\u0642\u0639\u062f \u062a\u0648\u0627\u0644\u064a\u062a \u0644\u0644\u0623\u0637\u0641\u0627\u0644","description":"D\u00e9couvrez notre si\u00e8ge de toilette pour enfants disponible au Maroc, con\u00e7u pour faciliter l'apprentissage de la propret\u00e9 avec confort et s\u00e9curit\u00e9. Livraison rapide partout au Maroc.","robots":{"index":"index","follow":"follow","max-snippet":"max-snippet:-1","max-image-preview":"max-image-preview:large","max-video-preview":"max-video-preview:-1"},"canonical":"https:\/\/otmaroc.com\/ar\/product\/siege-de-toilette-pour-enfants-\u0645\u0642\u0639\u062f-\u062a\u0648\u0627\u0644\u064a\u062a-\u0644\u0644\u0623\u0637\u0641\u0627\u0644\/","og_locale":"ar_AR","og_type":"article","og_title":"Si\u00e8ge de toilette pour enfants au Maroc - \u0645\u0642\u0639\u062f \u062a\u0648\u0627\u0644\u064a\u062a \u0644\u0644\u0623\u0637\u0641\u0627\u0644","og_description":"D\u00e9couvrez notre si\u00e8ge de toilette pour enfants disponible au Maroc, con\u00e7u pour faciliter l'apprentissage de la propret\u00e9 avec confort et s\u00e9curit\u00e9. Livraison rapide partout au Maroc.","og_url":"https:\/\/otmaroc.com\/ar\/product\/siege-de-toilette-pour-enfants-\u0645\u0642\u0639\u062f-\u062a\u0648\u0627\u0644\u064a\u062a-\u0644\u0644\u0623\u0637\u0641\u0627\u0644\/","og_site_name":"OTMAROC","article_publisher":"https:\/\/www.facebook.com\/profile.php?id=61565107472257","article_modified_time":"2025-05-08T13:31:05+00:00","og_image":[{"width":1080,"height":1080,"url":"https:\/\/otmaroc.com\/wp-content\/uploads\/2025\/05\/www.otmaroc.com-0623512008-otmaroc2024@gmail.com-1-2.png","type":"image\/png"}],"twitter_card":"summary_large_image","twitter_misc":{"\u0648\u0642\u062a \u0627\u0644\u0642\u0631\u0627\u0621\u0629 \u0627\u0644\u0645\u064f\u0642\u062f\u0651\u0631":"\u062f\u0642\u064a\u0642\u062a\u0627\u0646"},"schema":{"@context":"https:\/\/schema.org","@graph":[{"@type":"WebPage","@id":"https:\/\/otmaroc.com\/product\/siege-de-toilette-pour-enfants-%d9%85%d9%82%d8%b9%d8%af-%d8%aa%d9%88%d8%a7%d9%84%d9%8a%d8%aa-%d9%84%d9%84%d8%a3%d8%b7%d9%81%d8%a7%d9%84\/","url":"https:\/\/otmaroc.com\/product\/siege-de-toilette-pour-enfants-%d9%85%d9%82%d8%b9%d8%af-%d8%aa%d9%88%d8%a7%d9%84%d9%8a%d8%aa-%d9%84%d9%84%d8%a3%d8%b7%d9%81%d8%a7%d9%84\/","name":"Si\u00e8ge de toilette pour enfants au Maroc - \u0645\u0642\u0639\u062f \u062a\u0648\u0627\u0644\u064a\u062a \u0644\u0644\u0623\u0637\u0641\u0627\u0644","isPartOf":{"@id":"https:\/\/otmaroc.com\/#website"},"primaryImageOfPage":{"@id":"https:\/\/otmaroc.com\/product\/siege-de-toilette-pour-enfants-%d9%85%d9%82%d8%b9%d8%af-%d8%aa%d9%88%d8%a7%d9%84%d9%8a%d8%aa-%d9%84%d9%84%d8%a3%d8%b7%d9%81%d8%a7%d9%84\/#primaryimage"},"image":{"@id":"https:\/\/otmaroc.com\/product\/siege-de-toilette-pour-enfants-%d9%85%d9%82%d8%b9%d8%af-%d8%aa%d9%88%d8%a7%d9%84%d9%8a%d8%aa-%d9%84%d9%84%d8%a3%d8%b7%d9%81%d8%a7%d9%84\/#primaryimage"},"thumbnailUrl":"https:\/\/otmaroc.com\/wp-content\/uploads\/2025\/05\/www.otmaroc.com-0623512008-otmaroc2024@gmail.com-1-2.png","datePublished":"2025-05-08T13:28:04+00:00","dateModified":"2025-05-08T13:31:05+00:00","description":"D\u00e9couvrez notre si\u00e8ge de toilette pour enfants disponible au Maroc, con\u00e7u pour faciliter l'apprentissage de la propret\u00e9 avec confort et s\u00e9curit\u00e9. Livraison rapide partout au Maroc.","breadcrumb":{"@id":"https:\/\/otmaroc.com\/product\/siege-de-toilette-pour-enfants-%d9%85%d9%82%d8%b9%d8%af-%d8%aa%d9%88%d8%a7%d9%84%d9%8a%d8%aa-%d9%84%d9%84%d8%a3%d8%b7%d9%81%d8%a7%d9%84\/#breadcrumb"},"inLanguage":"ar","potentialAction":[{"@type":"ReadAction","target":["https:\/\/otmaroc.com\/product\/siege-de-toilette-pour-enfants-%d9%85%d9%82%d8%b9%d8%af-%d8%aa%d9%88%d8%a7%d9%84%d9%8a%d8%aa-%d9%84%d9%84%d8%a3%d8%b7%d9%81%d8%a7%d9%84\/"]}]},{"@type":"ImageObject","inLanguage":"ar","@id":"https:\/\/otmaroc.com\/product\/siege-de-toilette-pour-enfants-%d9%85%d9%82%d8%b9%d8%af-%d8%aa%d9%88%d8%a7%d9%84%d9%8a%d8%aa-%d9%84%d9%84%d8%a3%d8%b7%d9%81%d8%a7%d9%84\/#primaryimage","url":"https:\/\/otmaroc.com\/wp-content\/uploads\/2025\/05\/www.otmaroc.com-0623512008-otmaroc2024@gmail.com-1-2.png","contentUrl":"https:\/\/otmaroc.com\/wp-content\/uploads\/2025\/05\/www.otmaroc.com-0623512008-otmaroc2024@gmail.com-1-2.png","width":1080,"height":1080},{"@type":"BreadcrumbList","@id":"https:\/\/otmaroc.com\/product\/siege-de-toilette-pour-enfants-%d9%85%d9%82%d8%b9%d8%af-%d8%aa%d9%88%d8%a7%d9%84%d9%8a%d8%aa-%d9%84%d9%84%d8%a3%d8%b7%d9%81%d8%a7%d9%84\/#breadcrumb","itemListElement":[{"@type":"ListItem","position":1,"name":"Home","item":"https:\/\/otmaroc.com\/"},{"@type":"ListItem","position":2,"name":"Products","item":"https:\/\/otmaroc.com\/store\/"},{"@type":"ListItem","position":3,"name":"Si\u00e8ge de toilette pour enfants &#8211; \u0645\u0642\u0639\u062f \u062a\u0648\u0627\u0644\u064a\u062a \u0644\u0644\u0623\u0637\u0641\u0627\u0644"}]},{"@type":"WebSite","@id":"https:\/\/otmaroc.com\/#website","url":"https:\/\/otmaroc.com\/","name":"OTMAROC","description":"The number one website in morocco for occupational therapy","publisher":{"@id":"https:\/\/otmaroc.com\/#organization"},"potentialAction":[{"@type":"SearchAction","target":{"@type":"EntryPoint","urlTemplate":"https:\/\/otmaroc.com\/?s={search_term_string}"},"query-input":{"@type":"PropertyValueSpecification","valueRequired":true,"valueName":"search_term_string"}}],"inLanguage":"ar"},{"@type":"Organization","@id":"https:\/\/otmaroc.com\/#organization","name":"OTMAROC","url":"https:\/\/otmaroc.com\/","logo":{"@type":"ImageObject","inLanguage":"ar","@id":"https:\/\/otmaroc.com\/#\/schema\/logo\/image\/","url":"https:\/\/otmaroc.com\/wp-content\/uploads\/2024\/08\/cropped-cropped-Black_White_Yellow_Simple_Initial_Name_Logo-removebg-preview-2.png","contentUrl":"https:\/\/otmaroc.com\/wp-content\/uploads\/2024\/08\/cropped-cropped-Black_White_Yellow_Simple_Initial_Name_Logo-removebg-preview-2.png","width":298,"height":192,"caption":"OTMAROC"},"image":{"@id":"https:\/\/otmaroc.com\/#\/schema\/logo\/image\/"},"sameAs":["https:\/\/www.facebook.com\/profile.php?id=61565107472257","https:\/\/www.instagram.com\/otmaroc2024\/","https:\/\/www.youtube.com\/@othmaneksaibar6763","https:\/\/api.whatsapp.com\/send?phone=2120623512008"]}]}},"uagb_featured_image_src":{"full":["https:\/\/otmaroc.com\/wp-content\/uploads\/2025\/05\/www.otmaroc.com-0623512008-otmaroc2024@gmail.com-1-2.png",1080,1080,false],"thumbnail":["https:\/\/otmaroc.com\/wp-content\/uploads\/2025\/05\/www.otmaroc.com-0623512008-otmaroc2024@gmail.com-1-2-150x150.png",150,150,true],"medium":["https:\/\/otmaroc.com\/wp-content\/uploads\/2025\/05\/www.otmaroc.com-0623512008-otmaroc2024@gmail.com-1-2-300x300.png",300,300,true],"medium_large":["https:\/\/otmaroc.com\/wp-content\/uploads\/2025\/05\/www.otmaroc.com-0623512008-otmaroc2024@gmail.com-1-2-768x768.png",768,768,true],"large":["https:\/\/otmaroc.com\/wp-content\/uploads\/2025\/05\/www.otmaroc.com-0623512008-otmaroc2024@gmail.com-1-2-1024x1024.png",1024,1024,true],"1536x1536":["https:\/\/otmaroc.com\/wp-content\/uploads\/2025\/05\/www.otmaroc.com-0623512008-otmaroc2024@gmail.com-1-2.png",1080,1080,false],"2048x2048":["https:\/\/otmaroc.com\/wp-content\/uploads\/2025\/05\/www.otmaroc.com-0623512008-otmaroc2024@gmail.com-1-2.png",1080,1080,false],"trp-custom-language-flag":["https:\/\/otmaroc.com\/wp-content\/uploads\/2025\/05\/www.otmaroc.com-0623512008-otmaroc2024@gmail.com-1-2-12x12.png",12,12,true],"woocommerce_thumbnail":["https:\/\/otmaroc.com\/wp-content\/uploads\/2025\/05\/www.otmaroc.com-0623512008-otmaroc2024@gmail.com-1-2-300x300.png",300,300,true],"woocommerce_single":["https:\/\/otmaroc.com\/wp-content\/uploads\/2025\/05\/www.otmaroc.com-0623512008-otmaroc2024@gmail.com-1-2-600x600.png",600,600,true],"woocommerce_gallery_thumbnail":["https:\/\/otmaroc.com\/wp-content\/uploads\/2025\/05\/www.otmaroc.com-0623512008-otmaroc2024@gmail.com-1-2-100x100.png",100,100,true],"dgwt-wcas-product-suggestion":["https:\/\/otmaroc.com\/wp-content\/uploads\/2025\/05\/www.otmaroc.com-0623512008-otmaroc2024@gmail.com-1-2-64x64.png",64,64,true]},"uagb_author_info":{"display_name":"othmane iptv","author_link":"https:\/\/otmaroc.com\/ar\/author\/"},"uagb_comment_info":0,"uagb_excerpt":"Facilitez l'apprentissage de la propret\u00e9 avec ce si\u00e8ge de toilette s\u00e9curis\u00e9 et confortable pour enfants. Con\u00e7u pour s'adapter aux toilettes standard, il offre une assise stable et agr\u00e9able. L\u00e9ger, facile \u00e0 installer et \u00e0 nettoyer, il est l'accessoire id\u00e9al pour les petits au Maroc.","jetpack_sharing_enabled":true,"_links":{"self":[{"href":"https:\/\/otmaroc.com\/ar\/wp-json\/wp\/v2\/product\/4740"}],"collection":[{"href":"https:\/\/otmaroc.com\/ar\/wp-json\/wp\/v2\/product"}],"about":[{"href":"https:\/\/otmaroc.com\/ar\/wp-json\/wp\/v2\/types\/product"}],"replies":[{"embeddable":true,"href":"https:\/\/otmaroc.com\/ar\/wp-json\/wp\/v2\/comments?post=4740"}],"wp:featuredmedia":[{"embeddable":true,"href":"https:\/\/otmaroc.com\/ar\/wp-json\/wp\/v2\/media\/4747"}],"wp:attachment":[{"href":"https:\/\/otmaroc.com\/ar\/wp-json\/wp\/v2\/media?parent=4740"}],"wp:term":[{"taxonomy":"product_cat","embeddable":true,"href":"https:\/\/otmaroc.com\/ar\/wp-json\/wp\/v2\/product_cat?post=4740"},{"taxonomy":"product_tag","embeddable":true,"href":"https:\/\/otmaroc.com\/ar\/wp-json\/wp\/v2\/product_tag?post=4740"}],"curies":[{"name":"wp","href":"https:\/\/api.w.org\/{rel}","templated":true}]}}