{"id":4728,"date":"2025-05-05T13:15:19","date_gmt":"2025-05-05T13:15:19","guid":{"rendered":"https:\/\/otmaroc.com\/?post_type=product&#038;p=4728"},"modified":"2025-05-05T13:15:19","modified_gmt":"2025-05-05T13:15:19","slug":"kit-de-construction-tente-a-batons-et-boules","status":"publish","type":"product","link":"https:\/\/otmaroc.com\/ar\/product\/kit-de-construction-tente-a-batons-et-boules\/","title":{"rendered":"Kit de Construction \u2013 Tente \u00e0 B\u00e2tons et Boules"},"content":{"rendered":"<p data-start=\"757\" data-end=\"1084\">\n<p class=\"\" data-start=\"757\" data-end=\"1084\"><img loading=\"lazy\" decoding=\"async\" class=\"alignnone size-medium wp-image-4736\" src=\"https:\/\/otmaroc.com\/wp-content\/uploads\/2025\/05\/513EeODWkBL._AC_SL1000_-249x300.jpg\" alt=\"\" width=\"249\" height=\"300\" srcset=\"https:\/\/otmaroc.com\/wp-content\/uploads\/2025\/05\/513EeODWkBL._AC_SL1000_-249x300.jpg 249w, https:\/\/otmaroc.com\/wp-content\/uploads\/2025\/05\/513EeODWkBL._AC_SL1000_-768x925.jpg 768w, https:\/\/otmaroc.com\/wp-content\/uploads\/2025\/05\/513EeODWkBL._AC_SL1000_-10x12.jpg 10w, https:\/\/otmaroc.com\/wp-content\/uploads\/2025\/05\/513EeODWkBL._AC_SL1000_-600x723.jpg 600w, https:\/\/otmaroc.com\/wp-content\/uploads\/2025\/05\/513EeODWkBL._AC_SL1000_-64x77.jpg 64w, https:\/\/otmaroc.com\/wp-content\/uploads\/2025\/05\/513EeODWkBL._AC_SL1000_.jpg 793w\" sizes=\"(max-width: 249px) 100vw, 249px\" \/><\/p>\n<p class=\"\" data-start=\"757\" data-end=\"1084\">Ce <strong data-start=\"760\" data-end=\"799\">kit de construction 3D pour enfants<\/strong> contient 68 pi\u00e8ces (46 tubes + 22 boules de connexion) qui permettent de cr\u00e9er de nombreuses formes et structures g\u00e9om\u00e9triques comme des tentes, des maisons, ou des ch\u00e2teaux. Il stimule la <strong data-start=\"989\" data-end=\"1007\">motricit\u00e9 fine<\/strong>, la <strong data-start=\"1012\" data-end=\"1026\">cr\u00e9ativit\u00e9<\/strong>, la <strong data-start=\"1031\" data-end=\"1058\">r\u00e9solution de probl\u00e8mes<\/strong> et l\u2019<strong data-start=\"1064\" data-end=\"1083\">esprit d\u2019\u00e9quipe<\/strong><\/p>\n<p data-start=\"757\" data-end=\"1084\"><img loading=\"lazy\" decoding=\"async\" class=\"alignnone size-medium wp-image-4730\" src=\"https:\/\/otmaroc.com\/wp-content\/uploads\/2025\/05\/2-300x300.jpg\" alt=\"\" width=\"300\" height=\"300\" srcset=\"https:\/\/otmaroc.com\/wp-content\/uploads\/2025\/05\/2-300x300.jpg 300w, https:\/\/otmaroc.com\/wp-content\/uploads\/2025\/05\/2-150x150.jpg 150w, https:\/\/otmaroc.com\/wp-content\/uploads\/2025\/05\/2-12x12.jpg 12w, https:\/\/otmaroc.com\/wp-content\/uploads\/2025\/05\/2-600x600.jpg 600w, https:\/\/otmaroc.com\/wp-content\/uploads\/2025\/05\/2-100x100.jpg 100w, https:\/\/otmaroc.com\/wp-content\/uploads\/2025\/05\/2-64x64.jpg 64w, https:\/\/otmaroc.com\/wp-content\/uploads\/2025\/05\/2.jpg 680w\" sizes=\"(max-width: 300px) 100vw, 300px\" \/><\/p>\n<p data-start=\"757\" data-end=\"1084\"><img loading=\"lazy\" decoding=\"async\" class=\"alignnone size-medium wp-image-4735\" src=\"https:\/\/otmaroc.com\/wp-content\/uploads\/2025\/05\/61VGMrXeAFL._AC_SL1000_-289x300.jpg\" alt=\"\" width=\"289\" height=\"300\" srcset=\"https:\/\/otmaroc.com\/wp-content\/uploads\/2025\/05\/61VGMrXeAFL._AC_SL1000_-289x300.jpg 289w, https:\/\/otmaroc.com\/wp-content\/uploads\/2025\/05\/61VGMrXeAFL._AC_SL1000_-768x796.jpg 768w, https:\/\/otmaroc.com\/wp-content\/uploads\/2025\/05\/61VGMrXeAFL._AC_SL1000_-12x12.jpg 12w, https:\/\/otmaroc.com\/wp-content\/uploads\/2025\/05\/61VGMrXeAFL._AC_SL1000_-600x622.jpg 600w, https:\/\/otmaroc.com\/wp-content\/uploads\/2025\/05\/61VGMrXeAFL._AC_SL1000_-64x66.jpg 64w, https:\/\/otmaroc.com\/wp-content\/uploads\/2025\/05\/61VGMrXeAFL._AC_SL1000_.jpg 948w\" sizes=\"(max-width: 289px) 100vw, 289px\" \/><\/p>\n<p class=\"\" data-start=\"1086\" data-end=\"1227\">Id\u00e9al pour jouer \u00e0 l\u2019int\u00e9rieur ou \u00e0 l\u2019ext\u00e9rieur, ce jeu est fabriqu\u00e9 avec des mat\u00e9riaux s\u00fbrs et r\u00e9sistants, parfaitement adapt\u00e9s aux enfants.<\/p>\n<p data-start=\"1086\" data-end=\"1227\"><img loading=\"lazy\" decoding=\"async\" class=\"alignnone size-medium wp-image-4731\" src=\"https:\/\/otmaroc.com\/wp-content\/uploads\/2025\/05\/3-300x300.jpg\" alt=\"\" width=\"300\" height=\"300\" srcset=\"https:\/\/otmaroc.com\/wp-content\/uploads\/2025\/05\/3-300x300.jpg 300w, https:\/\/otmaroc.com\/wp-content\/uploads\/2025\/05\/3-150x150.jpg 150w, https:\/\/otmaroc.com\/wp-content\/uploads\/2025\/05\/3-12x12.jpg 12w, https:\/\/otmaroc.com\/wp-content\/uploads\/2025\/05\/3-600x600.jpg 600w, https:\/\/otmaroc.com\/wp-content\/uploads\/2025\/05\/3-100x100.jpg 100w, https:\/\/otmaroc.com\/wp-content\/uploads\/2025\/05\/3-64x64.jpg 64w, https:\/\/otmaroc.com\/wp-content\/uploads\/2025\/05\/3.jpg 680w\" sizes=\"(max-width: 300px) 100vw, 300px\" \/><\/p>\n<hr class=\"\" data-start=\"1229\" data-end=\"1232\" \/>\n<h3 class=\"\" data-start=\"1234\" data-end=\"1271\">\u2705 Caract\u00e9ristiques Techniques :<\/h3>\n<ul data-start=\"1272\" data-end=\"1524\">\n<li class=\"\" data-start=\"1322\" data-end=\"1373\">\n<p class=\"\" data-start=\"1324\" data-end=\"1373\">\ud83d\udccf Dimensions : tubes de 31 cm \u2013 boules de 3 cm<\/p>\n<\/li>\n<li class=\"\" data-start=\"1374\" data-end=\"1419\">\n<p class=\"\" data-start=\"1376\" data-end=\"1419\">\ud83c\udfaf Convient aux enfants<\/p>\n<\/li>\n<li class=\"\" data-start=\"1420\" data-end=\"1472\">\n<p class=\"\" data-start=\"1422\" data-end=\"1472\">\ud83e\udde0 D\u00e9veloppe cr\u00e9ativit\u00e9, logique et coordination<\/p>\n<\/li>\n<li class=\"\" data-start=\"1473\" data-end=\"1524\">\n<p class=\"\" data-start=\"1475\" data-end=\"1524\">\ud83d\udccd Disponible partout au Maroc : livraison rapide<\/p>\n<\/li>\n<li data-start=\"1473\" data-end=\"1524\"><img loading=\"lazy\" decoding=\"async\" class=\"alignnone size-medium wp-image-4732\" src=\"https:\/\/otmaroc.com\/wp-content\/uploads\/2025\/05\/4-300x300.jpg\" alt=\"\" width=\"300\" height=\"300\" srcset=\"https:\/\/otmaroc.com\/wp-content\/uploads\/2025\/05\/4-300x300.jpg 300w, https:\/\/otmaroc.com\/wp-content\/uploads\/2025\/05\/4-150x150.jpg 150w, https:\/\/otmaroc.com\/wp-content\/uploads\/2025\/05\/4-12x12.jpg 12w, https:\/\/otmaroc.com\/wp-content\/uploads\/2025\/05\/4-600x600.jpg 600w, https:\/\/otmaroc.com\/wp-content\/uploads\/2025\/05\/4-100x100.jpg 100w, https:\/\/otmaroc.com\/wp-content\/uploads\/2025\/05\/4-64x64.jpg 64w, https:\/\/otmaroc.com\/wp-content\/uploads\/2025\/05\/4.jpg 680w\" sizes=\"(max-width: 300px) 100vw, 300px\" \/><\/li>\n<\/ul>","protected":false},"excerpt":{"rendered":"<p>Un jeu de construction intelligent et amusant pour les enfants qui permet de cr\u00e9er des tentes 3D, des cabanes et des structures vari\u00e9es \u00e0 l\u2019infini.<\/p>","protected":false},"featured_media":4737,"comment_status":"open","ping_status":"closed","template":"","meta":{"_uag_custom_page_level_css":"","site-sidebar-layout":"default","site-content-layout":"","ast-site-content-layout":"default","site-content-style":"default","site-sidebar-style":"default","ast-global-header-display":"","ast-banner-title-visibility":"","ast-main-header-display":"","ast-hfb-above-header-display":"","ast-hfb-below-header-display":"","ast-hfb-mobile-header-display":"","site-post-title":"","ast-breadcrumbs-content":"","ast-featured-img":"","footer-sml-layout":"","theme-transparent-header-meta":"default","adv-header-id-meta":"","stick-header-meta":"","header-above-stick-meta":"","header-main-stick-meta":"","header-below-stick-meta":"","astra-migrate-meta-layouts":"set","ast-page-background-enabled":"default","ast-page-background-meta":{"desktop":{"background-color":"","background-image":"","background-repeat":"repeat","background-position":"center center","background-size":"auto","background-attachment":"scroll","background-type":"","background-media":"","overlay-type":"","overlay-color":"","overlay-opacity":"","overlay-gradient":""},"tablet":{"background-color":"","background-image":"","background-repeat":"repeat","background-position":"center center","background-size":"auto","background-attachment":"scroll","background-type":"","background-media":"","overlay-type":"","overlay-color":"","overlay-opacity":"","overlay-gradient":""},"mobile":{"background-color":"","background-image":"","background-repeat":"repeat","background-position":"center center","background-size":"auto","background-attachment":"scroll","background-type":"","background-media":"","overlay-type":"","overlay-color":"","overlay-opacity":"","overlay-gradient":""}},"ast-content-background-meta":{"desktop":{"background-color":"var(--ast-global-color-5)","background-image":"","background-repeat":"repeat","background-position":"center center","background-size":"auto","background-attachment":"scroll","background-type":"","background-media":"","overlay-type":"","overlay-color":"","overlay-opacity":"","overlay-gradient":""},"tablet":{"background-color":"var(--ast-global-color-5)","background-image":"","background-repeat":"repeat","background-position":"center center","background-size":"auto","background-attachment":"scroll","background-type":"","background-media":"","overlay-type":"","overlay-color":"","overlay-opacity":"","overlay-gradient":""},"mobile":{"background-color":"var(--ast-global-color-5)","background-image":"","background-repeat":"repeat","background-position":"center center","background-size":"auto","background-attachment":"scroll","background-type":"","background-media":"","overlay-type":"","overlay-color":"","overlay-opacity":"","overlay-gradient":""}}},"product_cat":[94,52,79,90,103,63],"product_tag":[],"class_list":{"0":"post-4728","1":"product","2":"type-product","3":"status-publish","4":"has-post-thumbnail","6":"product_cat-creativite","7":"product_cat-jouets-de-therapie-au-maroc","8":"product_cat-materiel-de-psychomotricite","9":"product_cat-motricite","10":"product_cat-tous-les-jeux-educatifs-et-therapeutiques","11":"product_cat-tous-les-produits","12":"desktop-align-left","13":"tablet-align-left","14":"mobile-align-left","16":"first","17":"instock","18":"sale","19":"shipping-taxable","20":"purchasable","21":"product-type-simple"},"yoast_head":"<!-- This site is optimized with the Yoast SEO plugin v23.5 - https:\/\/yoast.com\/wordpress\/plugins\/seo\/ -->\n<title>Kit de Construction \u2013 Tente \u00e0 B\u00e2tons et Boules au Maroc<\/title>\n<meta name=\"description\" content=\"Stimulez la cr\u00e9ativit\u00e9 de vos enfants avec ce kit de construction 3D. Parfait pour cr\u00e9er des tentes, maisons et structures g\u00e9om\u00e9triques. Livraison partout au Maroc.\" \/>\n<meta name=\"robots\" content=\"index, follow, max-snippet:-1, max-image-preview:large, max-video-preview:-1\" \/>\n<link rel=\"canonical\" href=\"https:\/\/otmaroc.com\/ar\/product\/kit-de-construction-tente-a-batons-et-boules\/\" \/>\n<meta property=\"og:locale\" content=\"ar_AR\" \/>\n<meta property=\"og:type\" content=\"article\" \/>\n<meta property=\"og:title\" content=\"Kit de Construction \u2013 Tente \u00e0 B\u00e2tons et Boules au Maroc\" \/>\n<meta property=\"og:description\" content=\"Stimulez la cr\u00e9ativit\u00e9 de vos enfants avec ce kit de construction 3D. Parfait pour cr\u00e9er des tentes, maisons et structures g\u00e9om\u00e9triques. Livraison partout au Maroc.\" \/>\n<meta property=\"og:url\" content=\"https:\/\/otmaroc.com\/ar\/product\/kit-de-construction-tente-a-batons-et-boules\/\" \/>\n<meta property=\"og:site_name\" content=\"OTMAROC\" \/>\n<meta property=\"article:publisher\" content=\"https:\/\/www.facebook.com\/profile.php?id=61565107472257\" \/>\n<meta property=\"og:image\" content=\"https:\/\/otmaroc.com\/wp-content\/uploads\/2025\/05\/www.otmaroc.com-0623512008-otmaroc2024@gmail.com-1-1.png\" \/>\n\t<meta property=\"og:image:width\" content=\"1080\" \/>\n\t<meta property=\"og:image:height\" content=\"1080\" \/>\n\t<meta property=\"og:image:type\" content=\"image\/png\" \/>\n<meta name=\"twitter:card\" content=\"summary_large_image\" \/>\n<meta name=\"twitter:label1\" content=\"\u0648\u0642\u062a \u0627\u0644\u0642\u0631\u0627\u0621\u0629 \u0627\u0644\u0645\u064f\u0642\u062f\u0651\u0631\" \/>\n\t<meta name=\"twitter:data1\" content=\"\u062f\u0642\u064a\u0642\u062a\u0627\u0646\" \/>\n<script type=\"application\/ld+json\" class=\"yoast-schema-graph\">{\"@context\":\"https:\/\/schema.org\",\"@graph\":[{\"@type\":\"WebPage\",\"@id\":\"https:\/\/otmaroc.com\/product\/kit-de-construction-tente-a-batons-et-boules\/\",\"url\":\"https:\/\/otmaroc.com\/product\/kit-de-construction-tente-a-batons-et-boules\/\",\"name\":\"Kit de Construction \u2013 Tente \u00e0 B\u00e2tons et Boules au Maroc\",\"isPartOf\":{\"@id\":\"https:\/\/otmaroc.com\/#website\"},\"primaryImageOfPage\":{\"@id\":\"https:\/\/otmaroc.com\/product\/kit-de-construction-tente-a-batons-et-boules\/#primaryimage\"},\"image\":{\"@id\":\"https:\/\/otmaroc.com\/product\/kit-de-construction-tente-a-batons-et-boules\/#primaryimage\"},\"thumbnailUrl\":\"https:\/\/otmaroc.com\/wp-content\/uploads\/2025\/05\/www.otmaroc.com-0623512008-otmaroc2024@gmail.com-1-1.png\",\"datePublished\":\"2025-05-05T13:15:19+00:00\",\"dateModified\":\"2025-05-05T13:15:19+00:00\",\"description\":\"Stimulez la cr\u00e9ativit\u00e9 de vos enfants avec ce kit de construction 3D. Parfait pour cr\u00e9er des tentes, maisons et structures g\u00e9om\u00e9triques. Livraison partout au Maroc.\",\"breadcrumb\":{\"@id\":\"https:\/\/otmaroc.com\/product\/kit-de-construction-tente-a-batons-et-boules\/#breadcrumb\"},\"inLanguage\":\"ar\",\"potentialAction\":[{\"@type\":\"ReadAction\",\"target\":[\"https:\/\/otmaroc.com\/product\/kit-de-construction-tente-a-batons-et-boules\/\"]}]},{\"@type\":\"ImageObject\",\"inLanguage\":\"ar\",\"@id\":\"https:\/\/otmaroc.com\/product\/kit-de-construction-tente-a-batons-et-boules\/#primaryimage\",\"url\":\"https:\/\/otmaroc.com\/wp-content\/uploads\/2025\/05\/www.otmaroc.com-0623512008-otmaroc2024@gmail.com-1-1.png\",\"contentUrl\":\"https:\/\/otmaroc.com\/wp-content\/uploads\/2025\/05\/www.otmaroc.com-0623512008-otmaroc2024@gmail.com-1-1.png\",\"width\":1080,\"height\":1080},{\"@type\":\"BreadcrumbList\",\"@id\":\"https:\/\/otmaroc.com\/product\/kit-de-construction-tente-a-batons-et-boules\/#breadcrumb\",\"itemListElement\":[{\"@type\":\"ListItem\",\"position\":1,\"name\":\"Home\",\"item\":\"https:\/\/otmaroc.com\/\"},{\"@type\":\"ListItem\",\"position\":2,\"name\":\"Products\",\"item\":\"https:\/\/otmaroc.com\/store\/\"},{\"@type\":\"ListItem\",\"position\":3,\"name\":\"Kit de Construction \u2013 Tente \u00e0 B\u00e2tons et Boules\"}]},{\"@type\":\"WebSite\",\"@id\":\"https:\/\/otmaroc.com\/#website\",\"url\":\"https:\/\/otmaroc.com\/\",\"name\":\"OTMAROC\",\"description\":\"The number one website in morocco for occupational therapy\",\"publisher\":{\"@id\":\"https:\/\/otmaroc.com\/#organization\"},\"potentialAction\":[{\"@type\":\"SearchAction\",\"target\":{\"@type\":\"EntryPoint\",\"urlTemplate\":\"https:\/\/otmaroc.com\/?s={search_term_string}\"},\"query-input\":{\"@type\":\"PropertyValueSpecification\",\"valueRequired\":true,\"valueName\":\"search_term_string\"}}],\"inLanguage\":\"ar\"},{\"@type\":\"Organization\",\"@id\":\"https:\/\/otmaroc.com\/#organization\",\"name\":\"OTMAROC\",\"url\":\"https:\/\/otmaroc.com\/\",\"logo\":{\"@type\":\"ImageObject\",\"inLanguage\":\"ar\",\"@id\":\"https:\/\/otmaroc.com\/#\/schema\/logo\/image\/\",\"url\":\"https:\/\/otmaroc.com\/wp-content\/uploads\/2024\/08\/cropped-cropped-Black_White_Yellow_Simple_Initial_Name_Logo-removebg-preview-2.png\",\"contentUrl\":\"https:\/\/otmaroc.com\/wp-content\/uploads\/2024\/08\/cropped-cropped-Black_White_Yellow_Simple_Initial_Name_Logo-removebg-preview-2.png\",\"width\":298,\"height\":192,\"caption\":\"OTMAROC\"},\"image\":{\"@id\":\"https:\/\/otmaroc.com\/#\/schema\/logo\/image\/\"},\"sameAs\":[\"https:\/\/www.facebook.com\/profile.php?id=61565107472257\",\"https:\/\/www.instagram.com\/otmaroc2024\/\",\"https:\/\/www.youtube.com\/@othmaneksaibar6763\",\"https:\/\/api.whatsapp.com\/send?phone=2120623512008\"]}]}<\/script>\n<!-- \/ Yoast SEO plugin. -->","yoast_head_json":{"title":"Kit de Construction \u2013 Tente \u00e0 B\u00e2tons et Boules au Maroc","description":"Stimulez la cr\u00e9ativit\u00e9 de vos enfants avec ce kit de construction 3D. Parfait pour cr\u00e9er des tentes, maisons et structures g\u00e9om\u00e9triques. Livraison partout au Maroc.","robots":{"index":"index","follow":"follow","max-snippet":"max-snippet:-1","max-image-preview":"max-image-preview:large","max-video-preview":"max-video-preview:-1"},"canonical":"https:\/\/otmaroc.com\/ar\/product\/kit-de-construction-tente-a-batons-et-boules\/","og_locale":"ar_AR","og_type":"article","og_title":"Kit de Construction \u2013 Tente \u00e0 B\u00e2tons et Boules au Maroc","og_description":"Stimulez la cr\u00e9ativit\u00e9 de vos enfants avec ce kit de construction 3D. Parfait pour cr\u00e9er des tentes, maisons et structures g\u00e9om\u00e9triques. Livraison partout au Maroc.","og_url":"https:\/\/otmaroc.com\/ar\/product\/kit-de-construction-tente-a-batons-et-boules\/","og_site_name":"OTMAROC","article_publisher":"https:\/\/www.facebook.com\/profile.php?id=61565107472257","og_image":[{"width":1080,"height":1080,"url":"https:\/\/otmaroc.com\/wp-content\/uploads\/2025\/05\/www.otmaroc.com-0623512008-otmaroc2024@gmail.com-1-1.png","type":"image\/png"}],"twitter_card":"summary_large_image","twitter_misc":{"\u0648\u0642\u062a \u0627\u0644\u0642\u0631\u0627\u0621\u0629 \u0627\u0644\u0645\u064f\u0642\u062f\u0651\u0631":"\u062f\u0642\u064a\u0642\u062a\u0627\u0646"},"schema":{"@context":"https:\/\/schema.org","@graph":[{"@type":"WebPage","@id":"https:\/\/otmaroc.com\/product\/kit-de-construction-tente-a-batons-et-boules\/","url":"https:\/\/otmaroc.com\/product\/kit-de-construction-tente-a-batons-et-boules\/","name":"Kit de Construction \u2013 Tente \u00e0 B\u00e2tons et Boules au Maroc","isPartOf":{"@id":"https:\/\/otmaroc.com\/#website"},"primaryImageOfPage":{"@id":"https:\/\/otmaroc.com\/product\/kit-de-construction-tente-a-batons-et-boules\/#primaryimage"},"image":{"@id":"https:\/\/otmaroc.com\/product\/kit-de-construction-tente-a-batons-et-boules\/#primaryimage"},"thumbnailUrl":"https:\/\/otmaroc.com\/wp-content\/uploads\/2025\/05\/www.otmaroc.com-0623512008-otmaroc2024@gmail.com-1-1.png","datePublished":"2025-05-05T13:15:19+00:00","dateModified":"2025-05-05T13:15:19+00:00","description":"Stimulez la cr\u00e9ativit\u00e9 de vos enfants avec ce kit de construction 3D. Parfait pour cr\u00e9er des tentes, maisons et structures g\u00e9om\u00e9triques. Livraison partout au Maroc.","breadcrumb":{"@id":"https:\/\/otmaroc.com\/product\/kit-de-construction-tente-a-batons-et-boules\/#breadcrumb"},"inLanguage":"ar","potentialAction":[{"@type":"ReadAction","target":["https:\/\/otmaroc.com\/product\/kit-de-construction-tente-a-batons-et-boules\/"]}]},{"@type":"ImageObject","inLanguage":"ar","@id":"https:\/\/otmaroc.com\/product\/kit-de-construction-tente-a-batons-et-boules\/#primaryimage","url":"https:\/\/otmaroc.com\/wp-content\/uploads\/2025\/05\/www.otmaroc.com-0623512008-otmaroc2024@gmail.com-1-1.png","contentUrl":"https:\/\/otmaroc.com\/wp-content\/uploads\/2025\/05\/www.otmaroc.com-0623512008-otmaroc2024@gmail.com-1-1.png","width":1080,"height":1080},{"@type":"BreadcrumbList","@id":"https:\/\/otmaroc.com\/product\/kit-de-construction-tente-a-batons-et-boules\/#breadcrumb","itemListElement":[{"@type":"ListItem","position":1,"name":"Home","item":"https:\/\/otmaroc.com\/"},{"@type":"ListItem","position":2,"name":"Products","item":"https:\/\/otmaroc.com\/store\/"},{"@type":"ListItem","position":3,"name":"Kit de Construction \u2013 Tente \u00e0 B\u00e2tons et Boules"}]},{"@type":"WebSite","@id":"https:\/\/otmaroc.com\/#website","url":"https:\/\/otmaroc.com\/","name":"OTMAROC","description":"The number one website in morocco for occupational therapy","publisher":{"@id":"https:\/\/otmaroc.com\/#organization"},"potentialAction":[{"@type":"SearchAction","target":{"@type":"EntryPoint","urlTemplate":"https:\/\/otmaroc.com\/?s={search_term_string}"},"query-input":{"@type":"PropertyValueSpecification","valueRequired":true,"valueName":"search_term_string"}}],"inLanguage":"ar"},{"@type":"Organization","@id":"https:\/\/otmaroc.com\/#organization","name":"OTMAROC","url":"https:\/\/otmaroc.com\/","logo":{"@type":"ImageObject","inLanguage":"ar","@id":"https:\/\/otmaroc.com\/#\/schema\/logo\/image\/","url":"https:\/\/otmaroc.com\/wp-content\/uploads\/2024\/08\/cropped-cropped-Black_White_Yellow_Simple_Initial_Name_Logo-removebg-preview-2.png","contentUrl":"https:\/\/otmaroc.com\/wp-content\/uploads\/2024\/08\/cropped-cropped-Black_White_Yellow_Simple_Initial_Name_Logo-removebg-preview-2.png","width":298,"height":192,"caption":"OTMAROC"},"image":{"@id":"https:\/\/otmaroc.com\/#\/schema\/logo\/image\/"},"sameAs":["https:\/\/www.facebook.com\/profile.php?id=61565107472257","https:\/\/www.instagram.com\/otmaroc2024\/","https:\/\/www.youtube.com\/@othmaneksaibar6763","https:\/\/api.whatsapp.com\/send?phone=2120623512008"]}]}},"uagb_featured_image_src":{"full":["https:\/\/otmaroc.com\/wp-content\/uploads\/2025\/05\/www.otmaroc.com-0623512008-otmaroc2024@gmail.com-1-1.png",1080,1080,false],"thumbnail":["https:\/\/otmaroc.com\/wp-content\/uploads\/2025\/05\/www.otmaroc.com-0623512008-otmaroc2024@gmail.com-1-1-150x150.png",150,150,true],"medium":["https:\/\/otmaroc.com\/wp-content\/uploads\/2025\/05\/www.otmaroc.com-0623512008-otmaroc2024@gmail.com-1-1-300x300.png",300,300,true],"medium_large":["https:\/\/otmaroc.com\/wp-content\/uploads\/2025\/05\/www.otmaroc.com-0623512008-otmaroc2024@gmail.com-1-1-768x768.png",768,768,true],"large":["https:\/\/otmaroc.com\/wp-content\/uploads\/2025\/05\/www.otmaroc.com-0623512008-otmaroc2024@gmail.com-1-1-1024x1024.png",1024,1024,true],"1536x1536":["https:\/\/otmaroc.com\/wp-content\/uploads\/2025\/05\/www.otmaroc.com-0623512008-otmaroc2024@gmail.com-1-1.png",1080,1080,false],"2048x2048":["https:\/\/otmaroc.com\/wp-content\/uploads\/2025\/05\/www.otmaroc.com-0623512008-otmaroc2024@gmail.com-1-1.png",1080,1080,false],"trp-custom-language-flag":["https:\/\/otmaroc.com\/wp-content\/uploads\/2025\/05\/www.otmaroc.com-0623512008-otmaroc2024@gmail.com-1-1-12x12.png",12,12,true],"woocommerce_thumbnail":["https:\/\/otmaroc.com\/wp-content\/uploads\/2025\/05\/www.otmaroc.com-0623512008-otmaroc2024@gmail.com-1-1-300x300.png",300,300,true],"woocommerce_single":["https:\/\/otmaroc.com\/wp-content\/uploads\/2025\/05\/www.otmaroc.com-0623512008-otmaroc2024@gmail.com-1-1-600x600.png",600,600,true],"woocommerce_gallery_thumbnail":["https:\/\/otmaroc.com\/wp-content\/uploads\/2025\/05\/www.otmaroc.com-0623512008-otmaroc2024@gmail.com-1-1-100x100.png",100,100,true],"dgwt-wcas-product-suggestion":["https:\/\/otmaroc.com\/wp-content\/uploads\/2025\/05\/www.otmaroc.com-0623512008-otmaroc2024@gmail.com-1-1-64x64.png",64,64,true]},"uagb_author_info":{"display_name":"othmane iptv","author_link":"https:\/\/otmaroc.com\/ar\/author\/"},"uagb_comment_info":1,"uagb_excerpt":"Un jeu de construction intelligent et amusant pour les enfants qui permet de cr\u00e9er des tentes 3D, des cabanes et des structures vari\u00e9es \u00e0 l\u2019infini.","jetpack_sharing_enabled":true,"_links":{"self":[{"href":"https:\/\/otmaroc.com\/ar\/wp-json\/wp\/v2\/product\/4728"}],"collection":[{"href":"https:\/\/otmaroc.com\/ar\/wp-json\/wp\/v2\/product"}],"about":[{"href":"https:\/\/otmaroc.com\/ar\/wp-json\/wp\/v2\/types\/product"}],"replies":[{"embeddable":true,"href":"https:\/\/otmaroc.com\/ar\/wp-json\/wp\/v2\/comments?post=4728"}],"wp:featuredmedia":[{"embeddable":true,"href":"https:\/\/otmaroc.com\/ar\/wp-json\/wp\/v2\/media\/4737"}],"wp:attachment":[{"href":"https:\/\/otmaroc.com\/ar\/wp-json\/wp\/v2\/media?parent=4728"}],"wp:term":[{"taxonomy":"product_cat","embeddable":true,"href":"https:\/\/otmaroc.com\/ar\/wp-json\/wp\/v2\/product_cat?post=4728"},{"taxonomy":"product_tag","embeddable":true,"href":"https:\/\/otmaroc.com\/ar\/wp-json\/wp\/v2\/product_tag?post=4728"}],"curies":[{"name":"wp","href":"https:\/\/api.w.org\/{rel}","templated":true}]}}