{"id":4609,"date":"2025-04-23T10:38:02","date_gmt":"2025-04-23T10:38:02","guid":{"rendered":"https:\/\/otmaroc.com\/?post_type=product&#038;p=4609"},"modified":"2025-04-23T10:41:42","modified_gmt":"2025-04-23T10:41:42","slug":"manchon-de-compression-genou-orthese-elastique","status":"publish","type":"product","link":"https:\/\/otmaroc.com\/ar\/product\/manchon-de-compression-genou-orthese-elastique\/","title":{"rendered":"Manchon de Compression Genou  \u2013 Orth\u00e8se \u00c9lastique"},"content":{"rendered":"<h3 class=\"\" data-start=\"999\" data-end=\"1051\"><img loading=\"lazy\" decoding=\"async\" class=\"alignnone size-medium wp-image-2689\" src=\"https:\/\/adaptmaroc.com\/wp-content\/uploads\/2025\/04\/S7ea6969cc7764514bd100f42c731f1f17-300x300.avif\" alt=\"\" width=\"300\" height=\"300\" \/><\/h3>\n<p class=\"\" data-start=\"1052\" data-end=\"1276\">Le <strong data-start=\"1055\" data-end=\"1101\">manchon de compression pour genou Veidoorn<\/strong> est con\u00e7u pour offrir un soutien optimal lors de vos activit\u00e9s sportives. Gr\u00e2ce \u00e0 ses ressorts int\u00e9gr\u00e9s, il am\u00e9liore la stabilit\u00e9 du genou et r\u00e9duit les risques de blessures.<\/p>\n<h3 class=\"\" data-start=\"999\" data-end=\"1051\"><img loading=\"lazy\" decoding=\"async\" class=\"alignnone size-medium wp-image-2690\" src=\"https:\/\/adaptmaroc.com\/wp-content\/uploads\/2025\/04\/S9f8d34fa6f564cd2a15374a39003a4781-300x300.avif\" alt=\"\" width=\"300\" height=\"300\" \/><\/h3>\n<p class=\"\" data-start=\"1278\" data-end=\"1661\">\u2705 <strong data-start=\"1280\" data-end=\"1301\">Ressorts int\u00e9gr\u00e9s<\/strong> pour un soutien renforc\u00e9<br data-start=\"1326\" data-end=\"1329\" \/>\u2705 <strong data-start=\"1331\" data-end=\"1356\">Compression \u00e9lastique<\/strong> pour une meilleure circulation sanguine<br data-start=\"1396\" data-end=\"1399\" \/>\u2705 <strong data-start=\"1401\" data-end=\"1420\">Confort optimal<\/strong> gr\u00e2ce \u00e0 sa conception ergonomique\u2705 <strong data-start=\"1459\" data-end=\"1519\">Id\u00e9al pour le basket, la course, le volley et le fitness<\/strong><br data-start=\"1519\" data-end=\"1522\" \/>\u2705 <strong data-start=\"1524\" data-end=\"1559\">Disponible en plusieurs tailles<\/strong> pour s&rsquo;adapter \u00e0 tous<br data-start=\"1581\" data-end=\"1584\" \/>\u2705 <strong data-start=\"1586\" data-end=\"1619\">Facile \u00e0 enfiler et \u00e0 retirer<\/strong><br data-start=\"1619\" data-end=\"1622\" \/>\u2705 <strong data-start=\"1624\" data-end=\"1661\">Livraison rapide partout au Maroc<\/strong><\/p>\n<h3 class=\"\" data-start=\"999\" data-end=\"1051\"><img loading=\"lazy\" decoding=\"async\" class=\"alignnone size-medium wp-image-2688\" src=\"https:\/\/adaptmaroc.com\/wp-content\/uploads\/2025\/04\/He2eeea272e3d4b8ab9cfad8246e76298t-300x300.jpg\" alt=\"\" width=\"300\" height=\"300\" \/><\/h3>","protected":false},"excerpt":{"rendered":"<p>Manchon de compression pour genou Veidoorn, con\u00e7u pour offrir un soutien \u00e9lastique et une meilleure stabilit\u00e9 lors des activit\u00e9s sportives. Id\u00e9al pour le basket, la course, le volley et le fitness. Livraison rapide au Maroc.<\/p>","protected":false},"featured_media":4618,"comment_status":"open","ping_status":"closed","template":"","meta":{"_uag_custom_page_level_css":"","site-sidebar-layout":"default","site-content-layout":"","ast-site-content-layout":"default","site-content-style":"default","site-sidebar-style":"default","ast-global-header-display":"","ast-banner-title-visibility":"","ast-main-header-display":"","ast-hfb-above-header-display":"","ast-hfb-below-header-display":"","ast-hfb-mobile-header-display":"","site-post-title":"","ast-breadcrumbs-content":"","ast-featured-img":"","footer-sml-layout":"","theme-transparent-header-meta":"default","adv-header-id-meta":"","stick-header-meta":"","header-above-stick-meta":"","header-main-stick-meta":"","header-below-stick-meta":"","astra-migrate-meta-layouts":"set","ast-page-background-enabled":"default","ast-page-background-meta":{"desktop":{"background-color":"","background-image":"","background-repeat":"repeat","background-position":"center center","background-size":"auto","background-attachment":"scroll","background-type":"","background-media":"","overlay-type":"","overlay-color":"","overlay-opacity":"","overlay-gradient":""},"tablet":{"background-color":"","background-image":"","background-repeat":"repeat","background-position":"center center","background-size":"auto","background-attachment":"scroll","background-type":"","background-media":"","overlay-type":"","overlay-color":"","overlay-opacity":"","overlay-gradient":""},"mobile":{"background-color":"","background-image":"","background-repeat":"repeat","background-position":"center center","background-size":"auto","background-attachment":"scroll","background-type":"","background-media":"","overlay-type":"","overlay-color":"","overlay-opacity":"","overlay-gradient":""}},"ast-content-background-meta":{"desktop":{"background-color":"var(--ast-global-color-5)","background-image":"","background-repeat":"repeat","background-position":"center center","background-size":"auto","background-attachment":"scroll","background-type":"","background-media":"","overlay-type":"","overlay-color":"","overlay-opacity":"","overlay-gradient":""},"tablet":{"background-color":"var(--ast-global-color-5)","background-image":"","background-repeat":"repeat","background-position":"center center","background-size":"auto","background-attachment":"scroll","background-type":"","background-media":"","overlay-type":"","overlay-color":"","overlay-opacity":"","overlay-gradient":""},"mobile":{"background-color":"var(--ast-global-color-5)","background-image":"","background-repeat":"repeat","background-position":"center center","background-size":"auto","background-attachment":"scroll","background-type":"","background-media":"","overlay-type":"","overlay-color":"","overlay-opacity":"","overlay-gradient":""}}},"product_cat":[31,78,83,54,125,82,63],"product_tag":[],"class_list":{"0":"post-4609","1":"product","2":"type-product","3":"status-publish","4":"has-post-thumbnail","6":"product_cat-les-aides-techniques","7":"product_cat-materiel-de-kinesitherapie","8":"product_cat-mobilite","9":"product_cat-ortheses-attelles","10":"product_cat-ortheses-attelles-genoux","11":"product_cat-tous-les-aides-techniques","12":"product_cat-tous-les-produits","13":"desktop-align-left","14":"tablet-align-left","15":"mobile-align-left","17":"first","18":"instock","19":"shipping-taxable","20":"purchasable","21":"product-type-variable","22":"has-default-attributes"},"yoast_head":"<!-- This site is optimized with the Yoast SEO plugin v23.5 - https:\/\/yoast.com\/wordpress\/plugins\/seo\/ -->\n<title>Manchon de Compression Genou \u2013 Orth\u00e8se \u00c9lastique au Maroc<\/title>\n<meta name=\"description\" content=\"Manchon de compression pour genou Veidoorn avec ressorts int\u00e9gr\u00e9s. Offre un soutien optimal et am\u00e9liore la stabilit\u00e9 du genou. au Maroc.\" \/>\n<meta name=\"robots\" content=\"index, follow, max-snippet:-1, max-image-preview:large, max-video-preview:-1\" \/>\n<link rel=\"canonical\" href=\"https:\/\/otmaroc.com\/ar\/product\/manchon-de-compression-genou-orthese-elastique\/\" \/>\n<meta property=\"og:locale\" content=\"ar_AR\" \/>\n<meta property=\"og:type\" content=\"article\" \/>\n<meta property=\"og:title\" content=\"Manchon de Compression Genou \u2013 Orth\u00e8se \u00c9lastique au Maroc\" \/>\n<meta property=\"og:description\" content=\"Manchon de compression pour genou Veidoorn avec ressorts int\u00e9gr\u00e9s. Offre un soutien optimal et am\u00e9liore la stabilit\u00e9 du genou. au Maroc.\" \/>\n<meta property=\"og:url\" content=\"https:\/\/otmaroc.com\/ar\/product\/manchon-de-compression-genou-orthese-elastique\/\" \/>\n<meta property=\"og:site_name\" content=\"OTMAROC\" \/>\n<meta property=\"article:publisher\" content=\"https:\/\/www.facebook.com\/profile.php?id=61565107472257\" \/>\n<meta property=\"article:modified_time\" content=\"2025-04-23T10:41:42+00:00\" \/>\n<meta property=\"og:image\" content=\"https:\/\/otmaroc.com\/wp-content\/uploads\/2025\/04\/www.otmaroc.com-0623512008-otmaroc2024@gmail.com-2.png\" \/>\n\t<meta property=\"og:image:width\" content=\"1080\" \/>\n\t<meta property=\"og:image:height\" content=\"1080\" \/>\n\t<meta property=\"og:image:type\" content=\"image\/png\" \/>\n<meta name=\"twitter:card\" content=\"summary_large_image\" \/>\n<meta name=\"twitter:label1\" content=\"\u0648\u0642\u062a \u0627\u0644\u0642\u0631\u0627\u0621\u0629 \u0627\u0644\u0645\u064f\u0642\u062f\u0651\u0631\" \/>\n\t<meta name=\"twitter:data1\" content=\"\u062f\u0642\u064a\u0642\u062a\u0627\u0646\" \/>\n<script type=\"application\/ld+json\" class=\"yoast-schema-graph\">{\"@context\":\"https:\/\/schema.org\",\"@graph\":[{\"@type\":\"WebPage\",\"@id\":\"https:\/\/otmaroc.com\/product\/manchon-de-compression-genou-orthese-elastique\/\",\"url\":\"https:\/\/otmaroc.com\/product\/manchon-de-compression-genou-orthese-elastique\/\",\"name\":\"Manchon de Compression Genou \u2013 Orth\u00e8se \u00c9lastique au Maroc\",\"isPartOf\":{\"@id\":\"https:\/\/otmaroc.com\/#website\"},\"primaryImageOfPage\":{\"@id\":\"https:\/\/otmaroc.com\/product\/manchon-de-compression-genou-orthese-elastique\/#primaryimage\"},\"image\":{\"@id\":\"https:\/\/otmaroc.com\/product\/manchon-de-compression-genou-orthese-elastique\/#primaryimage\"},\"thumbnailUrl\":\"https:\/\/otmaroc.com\/wp-content\/uploads\/2025\/04\/www.otmaroc.com-0623512008-otmaroc2024@gmail.com-2.png\",\"datePublished\":\"2025-04-23T10:38:02+00:00\",\"dateModified\":\"2025-04-23T10:41:42+00:00\",\"description\":\"Manchon de compression pour genou Veidoorn avec ressorts int\u00e9gr\u00e9s. Offre un soutien optimal et am\u00e9liore la stabilit\u00e9 du genou. au Maroc.\",\"breadcrumb\":{\"@id\":\"https:\/\/otmaroc.com\/product\/manchon-de-compression-genou-orthese-elastique\/#breadcrumb\"},\"inLanguage\":\"ar\",\"potentialAction\":[{\"@type\":\"ReadAction\",\"target\":[\"https:\/\/otmaroc.com\/product\/manchon-de-compression-genou-orthese-elastique\/\"]}]},{\"@type\":\"ImageObject\",\"inLanguage\":\"ar\",\"@id\":\"https:\/\/otmaroc.com\/product\/manchon-de-compression-genou-orthese-elastique\/#primaryimage\",\"url\":\"https:\/\/otmaroc.com\/wp-content\/uploads\/2025\/04\/www.otmaroc.com-0623512008-otmaroc2024@gmail.com-2.png\",\"contentUrl\":\"https:\/\/otmaroc.com\/wp-content\/uploads\/2025\/04\/www.otmaroc.com-0623512008-otmaroc2024@gmail.com-2.png\",\"width\":1080,\"height\":1080},{\"@type\":\"BreadcrumbList\",\"@id\":\"https:\/\/otmaroc.com\/product\/manchon-de-compression-genou-orthese-elastique\/#breadcrumb\",\"itemListElement\":[{\"@type\":\"ListItem\",\"position\":1,\"name\":\"Home\",\"item\":\"https:\/\/otmaroc.com\/\"},{\"@type\":\"ListItem\",\"position\":2,\"name\":\"Products\",\"item\":\"https:\/\/otmaroc.com\/store\/\"},{\"@type\":\"ListItem\",\"position\":3,\"name\":\"Manchon de Compression Genou \u2013 Orth\u00e8se \u00c9lastique\"}]},{\"@type\":\"WebSite\",\"@id\":\"https:\/\/otmaroc.com\/#website\",\"url\":\"https:\/\/otmaroc.com\/\",\"name\":\"OTMAROC\",\"description\":\"The number one website in morocco for occupational therapy\",\"publisher\":{\"@id\":\"https:\/\/otmaroc.com\/#organization\"},\"potentialAction\":[{\"@type\":\"SearchAction\",\"target\":{\"@type\":\"EntryPoint\",\"urlTemplate\":\"https:\/\/otmaroc.com\/?s={search_term_string}\"},\"query-input\":{\"@type\":\"PropertyValueSpecification\",\"valueRequired\":true,\"valueName\":\"search_term_string\"}}],\"inLanguage\":\"ar\"},{\"@type\":\"Organization\",\"@id\":\"https:\/\/otmaroc.com\/#organization\",\"name\":\"OTMAROC\",\"url\":\"https:\/\/otmaroc.com\/\",\"logo\":{\"@type\":\"ImageObject\",\"inLanguage\":\"ar\",\"@id\":\"https:\/\/otmaroc.com\/#\/schema\/logo\/image\/\",\"url\":\"https:\/\/otmaroc.com\/wp-content\/uploads\/2024\/08\/cropped-cropped-Black_White_Yellow_Simple_Initial_Name_Logo-removebg-preview-2.png\",\"contentUrl\":\"https:\/\/otmaroc.com\/wp-content\/uploads\/2024\/08\/cropped-cropped-Black_White_Yellow_Simple_Initial_Name_Logo-removebg-preview-2.png\",\"width\":298,\"height\":192,\"caption\":\"OTMAROC\"},\"image\":{\"@id\":\"https:\/\/otmaroc.com\/#\/schema\/logo\/image\/\"},\"sameAs\":[\"https:\/\/www.facebook.com\/profile.php?id=61565107472257\",\"https:\/\/www.instagram.com\/otmaroc2024\/\",\"https:\/\/www.youtube.com\/@othmaneksaibar6763\",\"https:\/\/api.whatsapp.com\/send?phone=2120623512008\"]}]}<\/script>\n<!-- \/ Yoast SEO plugin. -->","yoast_head_json":{"title":"Manchon de Compression Genou \u2013 Orth\u00e8se \u00c9lastique au Maroc","description":"Manchon de compression pour genou Veidoorn avec ressorts int\u00e9gr\u00e9s. Offre un soutien optimal et am\u00e9liore la stabilit\u00e9 du genou. au Maroc.","robots":{"index":"index","follow":"follow","max-snippet":"max-snippet:-1","max-image-preview":"max-image-preview:large","max-video-preview":"max-video-preview:-1"},"canonical":"https:\/\/otmaroc.com\/ar\/product\/manchon-de-compression-genou-orthese-elastique\/","og_locale":"ar_AR","og_type":"article","og_title":"Manchon de Compression Genou \u2013 Orth\u00e8se \u00c9lastique au Maroc","og_description":"Manchon de compression pour genou Veidoorn avec ressorts int\u00e9gr\u00e9s. Offre un soutien optimal et am\u00e9liore la stabilit\u00e9 du genou. au Maroc.","og_url":"https:\/\/otmaroc.com\/ar\/product\/manchon-de-compression-genou-orthese-elastique\/","og_site_name":"OTMAROC","article_publisher":"https:\/\/www.facebook.com\/profile.php?id=61565107472257","article_modified_time":"2025-04-23T10:41:42+00:00","og_image":[{"width":1080,"height":1080,"url":"https:\/\/otmaroc.com\/wp-content\/uploads\/2025\/04\/www.otmaroc.com-0623512008-otmaroc2024@gmail.com-2.png","type":"image\/png"}],"twitter_card":"summary_large_image","twitter_misc":{"\u0648\u0642\u062a \u0627\u0644\u0642\u0631\u0627\u0621\u0629 \u0627\u0644\u0645\u064f\u0642\u062f\u0651\u0631":"\u062f\u0642\u064a\u0642\u062a\u0627\u0646"},"schema":{"@context":"https:\/\/schema.org","@graph":[{"@type":"WebPage","@id":"https:\/\/otmaroc.com\/product\/manchon-de-compression-genou-orthese-elastique\/","url":"https:\/\/otmaroc.com\/product\/manchon-de-compression-genou-orthese-elastique\/","name":"Manchon de Compression Genou \u2013 Orth\u00e8se \u00c9lastique au Maroc","isPartOf":{"@id":"https:\/\/otmaroc.com\/#website"},"primaryImageOfPage":{"@id":"https:\/\/otmaroc.com\/product\/manchon-de-compression-genou-orthese-elastique\/#primaryimage"},"image":{"@id":"https:\/\/otmaroc.com\/product\/manchon-de-compression-genou-orthese-elastique\/#primaryimage"},"thumbnailUrl":"https:\/\/otmaroc.com\/wp-content\/uploads\/2025\/04\/www.otmaroc.com-0623512008-otmaroc2024@gmail.com-2.png","datePublished":"2025-04-23T10:38:02+00:00","dateModified":"2025-04-23T10:41:42+00:00","description":"Manchon de compression pour genou Veidoorn avec ressorts int\u00e9gr\u00e9s. Offre un soutien optimal et am\u00e9liore la stabilit\u00e9 du genou. au Maroc.","breadcrumb":{"@id":"https:\/\/otmaroc.com\/product\/manchon-de-compression-genou-orthese-elastique\/#breadcrumb"},"inLanguage":"ar","potentialAction":[{"@type":"ReadAction","target":["https:\/\/otmaroc.com\/product\/manchon-de-compression-genou-orthese-elastique\/"]}]},{"@type":"ImageObject","inLanguage":"ar","@id":"https:\/\/otmaroc.com\/product\/manchon-de-compression-genou-orthese-elastique\/#primaryimage","url":"https:\/\/otmaroc.com\/wp-content\/uploads\/2025\/04\/www.otmaroc.com-0623512008-otmaroc2024@gmail.com-2.png","contentUrl":"https:\/\/otmaroc.com\/wp-content\/uploads\/2025\/04\/www.otmaroc.com-0623512008-otmaroc2024@gmail.com-2.png","width":1080,"height":1080},{"@type":"BreadcrumbList","@id":"https:\/\/otmaroc.com\/product\/manchon-de-compression-genou-orthese-elastique\/#breadcrumb","itemListElement":[{"@type":"ListItem","position":1,"name":"Home","item":"https:\/\/otmaroc.com\/"},{"@type":"ListItem","position":2,"name":"Products","item":"https:\/\/otmaroc.com\/store\/"},{"@type":"ListItem","position":3,"name":"Manchon de Compression Genou \u2013 Orth\u00e8se \u00c9lastique"}]},{"@type":"WebSite","@id":"https:\/\/otmaroc.com\/#website","url":"https:\/\/otmaroc.com\/","name":"OTMAROC","description":"The number one website in morocco for occupational therapy","publisher":{"@id":"https:\/\/otmaroc.com\/#organization"},"potentialAction":[{"@type":"SearchAction","target":{"@type":"EntryPoint","urlTemplate":"https:\/\/otmaroc.com\/?s={search_term_string}"},"query-input":{"@type":"PropertyValueSpecification","valueRequired":true,"valueName":"search_term_string"}}],"inLanguage":"ar"},{"@type":"Organization","@id":"https:\/\/otmaroc.com\/#organization","name":"OTMAROC","url":"https:\/\/otmaroc.com\/","logo":{"@type":"ImageObject","inLanguage":"ar","@id":"https:\/\/otmaroc.com\/#\/schema\/logo\/image\/","url":"https:\/\/otmaroc.com\/wp-content\/uploads\/2024\/08\/cropped-cropped-Black_White_Yellow_Simple_Initial_Name_Logo-removebg-preview-2.png","contentUrl":"https:\/\/otmaroc.com\/wp-content\/uploads\/2024\/08\/cropped-cropped-Black_White_Yellow_Simple_Initial_Name_Logo-removebg-preview-2.png","width":298,"height":192,"caption":"OTMAROC"},"image":{"@id":"https:\/\/otmaroc.com\/#\/schema\/logo\/image\/"},"sameAs":["https:\/\/www.facebook.com\/profile.php?id=61565107472257","https:\/\/www.instagram.com\/otmaroc2024\/","https:\/\/www.youtube.com\/@othmaneksaibar6763","https:\/\/api.whatsapp.com\/send?phone=2120623512008"]}]}},"uagb_featured_image_src":{"full":["https:\/\/otmaroc.com\/wp-content\/uploads\/2025\/04\/www.otmaroc.com-0623512008-otmaroc2024@gmail.com-2.png",1080,1080,false],"thumbnail":["https:\/\/otmaroc.com\/wp-content\/uploads\/2025\/04\/www.otmaroc.com-0623512008-otmaroc2024@gmail.com-2-150x150.png",150,150,true],"medium":["https:\/\/otmaroc.com\/wp-content\/uploads\/2025\/04\/www.otmaroc.com-0623512008-otmaroc2024@gmail.com-2-300x300.png",300,300,true],"medium_large":["https:\/\/otmaroc.com\/wp-content\/uploads\/2025\/04\/www.otmaroc.com-0623512008-otmaroc2024@gmail.com-2-768x768.png",768,768,true],"large":["https:\/\/otmaroc.com\/wp-content\/uploads\/2025\/04\/www.otmaroc.com-0623512008-otmaroc2024@gmail.com-2-1024x1024.png",1024,1024,true],"1536x1536":["https:\/\/otmaroc.com\/wp-content\/uploads\/2025\/04\/www.otmaroc.com-0623512008-otmaroc2024@gmail.com-2.png",1080,1080,false],"2048x2048":["https:\/\/otmaroc.com\/wp-content\/uploads\/2025\/04\/www.otmaroc.com-0623512008-otmaroc2024@gmail.com-2.png",1080,1080,false],"trp-custom-language-flag":["https:\/\/otmaroc.com\/wp-content\/uploads\/2025\/04\/www.otmaroc.com-0623512008-otmaroc2024@gmail.com-2-12x12.png",12,12,true],"woocommerce_thumbnail":["https:\/\/otmaroc.com\/wp-content\/uploads\/2025\/04\/www.otmaroc.com-0623512008-otmaroc2024@gmail.com-2-300x300.png",300,300,true],"woocommerce_single":["https:\/\/otmaroc.com\/wp-content\/uploads\/2025\/04\/www.otmaroc.com-0623512008-otmaroc2024@gmail.com-2-600x600.png",600,600,true],"woocommerce_gallery_thumbnail":["https:\/\/otmaroc.com\/wp-content\/uploads\/2025\/04\/www.otmaroc.com-0623512008-otmaroc2024@gmail.com-2-100x100.png",100,100,true],"dgwt-wcas-product-suggestion":["https:\/\/otmaroc.com\/wp-content\/uploads\/2025\/04\/www.otmaroc.com-0623512008-otmaroc2024@gmail.com-2-64x64.png",64,64,true]},"uagb_author_info":{"display_name":"othmane iptv","author_link":"https:\/\/otmaroc.com\/ar\/author\/"},"uagb_comment_info":0,"uagb_excerpt":"Manchon de compression pour genou Veidoorn, con\u00e7u pour offrir un soutien \u00e9lastique et une meilleure stabilit\u00e9 lors des activit\u00e9s sportives. Id\u00e9al pour le basket, la course, le volley et le fitness. Livraison rapide au Maroc.","jetpack_sharing_enabled":true,"_links":{"self":[{"href":"https:\/\/otmaroc.com\/ar\/wp-json\/wp\/v2\/product\/4609"}],"collection":[{"href":"https:\/\/otmaroc.com\/ar\/wp-json\/wp\/v2\/product"}],"about":[{"href":"https:\/\/otmaroc.com\/ar\/wp-json\/wp\/v2\/types\/product"}],"replies":[{"embeddable":true,"href":"https:\/\/otmaroc.com\/ar\/wp-json\/wp\/v2\/comments?post=4609"}],"wp:featuredmedia":[{"embeddable":true,"href":"https:\/\/otmaroc.com\/ar\/wp-json\/wp\/v2\/media\/4618"}],"wp:attachment":[{"href":"https:\/\/otmaroc.com\/ar\/wp-json\/wp\/v2\/media?parent=4609"}],"wp:term":[{"taxonomy":"product_cat","embeddable":true,"href":"https:\/\/otmaroc.com\/ar\/wp-json\/wp\/v2\/product_cat?post=4609"},{"taxonomy":"product_tag","embeddable":true,"href":"https:\/\/otmaroc.com\/ar\/wp-json\/wp\/v2\/product_tag?post=4609"}],"curies":[{"name":"wp","href":"https:\/\/api.w.org\/{rel}","templated":true}]}}