{"id":4589,"date":"2025-04-22T11:32:40","date_gmt":"2025-04-22T11:32:40","guid":{"rendered":"https:\/\/otmaroc.com\/?post_type=product&#038;p=4589"},"modified":"2025-04-22T11:32:40","modified_gmt":"2025-04-22T11:32:40","slug":"pistolet-de-massage-musculaire","status":"publish","type":"product","link":"https:\/\/otmaroc.com\/ar\/product\/pistolet-de-massage-musculaire\/","title":{"rendered":"Pistolet de Massage Musculaire"},"content":{"rendered":"<p data-start=\"952\" data-end=\"1194\">\u00a0\u00a0<img loading=\"lazy\" decoding=\"async\" class=\"alignnone size-medium wp-image-2621\" src=\"https:\/\/adaptmaroc.com\/wp-content\/uploads\/2025\/04\/9RftqN4H4xai7Dz6XoAkvcjXKh5My2YQSCZi8tS4-300x300.jpg\" alt=\"\" width=\"300\" height=\"300\" \/><img loading=\"lazy\" decoding=\"async\" class=\"alignnone size-medium wp-image-2624\" src=\"https:\/\/adaptmaroc.com\/wp-content\/uploads\/2025\/04\/Pistolet-de-Massage-a-Quatre-Tetes-4-300x300.webp\" alt=\"\" width=\"300\" height=\"300\" \/><\/p>\n<p class=\"\" data-start=\"952\" data-end=\"1194\">Profitez d\u2019un massage musculaire professionnel \u00e0 la maison gr\u00e2ce \u00e0 ce <strong data-start=\"1022\" data-end=\"1041\">pistolet fascia<\/strong> haute performance.<\/p>\n<p class=\"\" data-start=\"952\" data-end=\"1194\">Il aide \u00e0 soulager les tensions, am\u00e9liorer la circulation sanguine et acc\u00e9l\u00e9rer la r\u00e9cup\u00e9ration apr\u00e8s le sport ou une longue journ\u00e9e.<\/p>\n<p data-start=\"952\" data-end=\"1194\"><img loading=\"lazy\" decoding=\"async\" class=\"alignnone wp-image-2622\" src=\"https:\/\/adaptmaroc.com\/wp-content\/uploads\/2025\/04\/FfakalTtrdHlgetx5QCQ5GukH6WUG9RyE0f09K7V-300x300.jpg\" alt=\"\" width=\"224\" height=\"224\" \/><img loading=\"lazy\" decoding=\"async\" class=\"alignnone wp-image-2625\" src=\"https:\/\/adaptmaroc.com\/wp-content\/uploads\/2025\/04\/qGqUbmezebXZJM73yFUqd2jvcxnB7yfxMlKbJ4qe-300x300.jpg\" alt=\"\" width=\"236\" height=\"236\" \/><img loading=\"lazy\" decoding=\"async\" class=\"alignnone wp-image-2620\" src=\"https:\/\/adaptmaroc.com\/wp-content\/uploads\/2025\/04\/8D8snX2qL6IC4FuEuEKYN5EG9oJ5ht80euc9vQaG-300x300.jpg\" alt=\"\" width=\"215\" height=\"215\" \/><\/p>\n<p class=\"\" data-start=\"952\" data-end=\"1194\">\u2705 6 \u00e0 30 vitesses r\u00e9glables selon les mod\u00e8les<br data-start=\"1299\" data-end=\"1302\" \/>\u2705 Moteur silencieux et puissant<br data-start=\"1333\" data-end=\"1336\" \/>\u2705 Batterie rechargeable longue dur\u00e9e<br data-start=\"1372\" data-end=\"1375\" \/>\u2705 \u00c9cran LCD<br data-start=\"1409\" data-end=\"1412\" \/>\u2705 L\u00e9ger, compact et facile \u00e0 transporter<br data-start=\"1452\" data-end=\"1455\" \/>\u2705 Id\u00e9al pour les sportifs, kin\u00e9s, coachs ou usage personnel<br data-start=\"1514\" data-end=\"1517\" \/>\u2705 \u062a\u0648\u0635\u064a\u0644 \u0633\u0631\u064a\u0639 \u0641\u064a \u062c\u0645\u064a\u0639 \u0623\u0646\u062d\u0627\u0621 \u0627\u0644\u0645\u063a\u0631\u0628<\/p>\n<p data-start=\"952\" data-end=\"1194\">","protected":false},"excerpt":{"rendered":"<p>Pistolet de massage musculaire pour d\u00e9tendre, r\u00e9cup\u00e9rer et soulager les douleurs apr\u00e8s l\u2019entra\u00eenement. L\u00e9ger, efficace et silencieux.<\/p>","protected":false},"featured_media":4591,"comment_status":"open","ping_status":"closed","template":"","meta":{"_uag_custom_page_level_css":"","site-sidebar-layout":"default","site-content-layout":"","ast-site-content-layout":"default","site-content-style":"default","site-sidebar-style":"default","ast-global-header-display":"","ast-banner-title-visibility":"","ast-main-header-display":"","ast-hfb-above-header-display":"","ast-hfb-below-header-display":"","ast-hfb-mobile-header-display":"","site-post-title":"","ast-breadcrumbs-content":"","ast-featured-img":"","footer-sml-layout":"","theme-transparent-header-meta":"default","adv-header-id-meta":"","stick-header-meta":"","header-above-stick-meta":"","header-main-stick-meta":"","header-below-stick-meta":"","astra-migrate-meta-layouts":"set","ast-page-background-enabled":"default","ast-page-background-meta":{"desktop":{"background-color":"","background-image":"","background-repeat":"repeat","background-position":"center center","background-size":"auto","background-attachment":"scroll","background-type":"","background-media":"","overlay-type":"","overlay-color":"","overlay-opacity":"","overlay-gradient":""},"tablet":{"background-color":"","background-image":"","background-repeat":"repeat","background-position":"center center","background-size":"auto","background-attachment":"scroll","background-type":"","background-media":"","overlay-type":"","overlay-color":"","overlay-opacity":"","overlay-gradient":""},"mobile":{"background-color":"","background-image":"","background-repeat":"repeat","background-position":"center center","background-size":"auto","background-attachment":"scroll","background-type":"","background-media":"","overlay-type":"","overlay-color":"","overlay-opacity":"","overlay-gradient":""}},"ast-content-background-meta":{"desktop":{"background-color":"var(--ast-global-color-5)","background-image":"","background-repeat":"repeat","background-position":"center center","background-size":"auto","background-attachment":"scroll","background-type":"","background-media":"","overlay-type":"","overlay-color":"","overlay-opacity":"","overlay-gradient":""},"tablet":{"background-color":"var(--ast-global-color-5)","background-image":"","background-repeat":"repeat","background-position":"center center","background-size":"auto","background-attachment":"scroll","background-type":"","background-media":"","overlay-type":"","overlay-color":"","overlay-opacity":"","overlay-gradient":""},"mobile":{"background-color":"var(--ast-global-color-5)","background-image":"","background-repeat":"repeat","background-position":"center center","background-size":"auto","background-attachment":"scroll","background-type":"","background-media":"","overlay-type":"","overlay-color":"","overlay-opacity":"","overlay-gradient":""}}},"product_cat":[97,98,78,79,42,113,100,142,63,114,116],"product_tag":[],"class_list":{"0":"post-4589","1":"product","2":"type-product","3":"status-publish","4":"has-post-thumbnail","6":"product_cat-appareils-machines","7":"product_cat-reeducation-sensori-motrice","8":"product_cat-materiel-de-kinesitherapie","9":"product_cat-materiel-de-psychomotricite","10":"product_cat-materiel-de-reeducation","11":"product_cat-materiel-de-reeducation-vie-quotidienne","12":"product_cat-renforcement-musculaire","13":"product_cat-tous-appareils-machines","14":"product_cat-tous-les-produits","15":"product_cat-tout-le-materiel-de-kinesitherapie","16":"product_cat-tout-le-materiel-de-reeducation","17":"desktop-align-left","18":"tablet-align-left","19":"mobile-align-left","21":"first","22":"instock","23":"shipping-taxable","24":"purchasable","25":"product-type-simple"},"yoast_head":"<!-- This site is optimized with the Yoast SEO plugin v23.5 - https:\/\/yoast.com\/wordpress\/plugins\/seo\/ -->\n<title>Pistolet de Massage Musculaire au Maroc<\/title>\n<meta name=\"description\" content=\"Soulagez vos muscles avec ce pistolet fascia puissant. 6 t\u00eates, plusieurs vitesses, silencieux et rechargeable. Livraison rapide au Maro\" \/>\n<meta name=\"robots\" content=\"index, follow, max-snippet:-1, max-image-preview:large, max-video-preview:-1\" \/>\n<link rel=\"canonical\" href=\"https:\/\/otmaroc.com\/ar\/product\/pistolet-de-massage-musculaire\/\" \/>\n<meta property=\"og:locale\" content=\"ar_AR\" \/>\n<meta property=\"og:type\" content=\"article\" \/>\n<meta property=\"og:title\" content=\"Pistolet de Massage Musculaire au Maroc\" \/>\n<meta property=\"og:description\" content=\"Soulagez vos muscles avec ce pistolet fascia puissant. 6 t\u00eates, plusieurs vitesses, silencieux et rechargeable. Livraison rapide au Maro\" \/>\n<meta property=\"og:url\" content=\"https:\/\/otmaroc.com\/ar\/product\/pistolet-de-massage-musculaire\/\" \/>\n<meta property=\"og:site_name\" content=\"OTMAROC\" \/>\n<meta property=\"article:publisher\" content=\"https:\/\/www.facebook.com\/profile.php?id=61565107472257\" \/>\n<meta property=\"og:image\" content=\"https:\/\/otmaroc.com\/wp-content\/uploads\/2025\/04\/www.otmaroc.com-0623512008-otmaroc2024@gmail.com-1-2.png\" \/>\n\t<meta property=\"og:image:width\" content=\"1080\" \/>\n\t<meta property=\"og:image:height\" content=\"1080\" \/>\n\t<meta property=\"og:image:type\" content=\"image\/png\" \/>\n<meta name=\"twitter:card\" content=\"summary_large_image\" \/>\n<meta name=\"twitter:label1\" content=\"\u0648\u0642\u062a \u0627\u0644\u0642\u0631\u0627\u0621\u0629 \u0627\u0644\u0645\u064f\u0642\u062f\u0651\u0631\" \/>\n\t<meta name=\"twitter:data1\" content=\"\u062f\u0642\u064a\u0642\u062a\u0627\u0646\" \/>\n<script type=\"application\/ld+json\" class=\"yoast-schema-graph\">{\"@context\":\"https:\/\/schema.org\",\"@graph\":[{\"@type\":\"WebPage\",\"@id\":\"https:\/\/otmaroc.com\/product\/pistolet-de-massage-musculaire\/\",\"url\":\"https:\/\/otmaroc.com\/product\/pistolet-de-massage-musculaire\/\",\"name\":\"Pistolet de Massage Musculaire au Maroc\",\"isPartOf\":{\"@id\":\"https:\/\/otmaroc.com\/#website\"},\"primaryImageOfPage\":{\"@id\":\"https:\/\/otmaroc.com\/product\/pistolet-de-massage-musculaire\/#primaryimage\"},\"image\":{\"@id\":\"https:\/\/otmaroc.com\/product\/pistolet-de-massage-musculaire\/#primaryimage\"},\"thumbnailUrl\":\"https:\/\/otmaroc.com\/wp-content\/uploads\/2025\/04\/www.otmaroc.com-0623512008-otmaroc2024@gmail.com-1-2.png\",\"datePublished\":\"2025-04-22T11:32:40+00:00\",\"dateModified\":\"2025-04-22T11:32:40+00:00\",\"description\":\"Soulagez vos muscles avec ce pistolet fascia puissant. 6 t\u00eates, plusieurs vitesses, silencieux et rechargeable. Livraison rapide au Maro\",\"breadcrumb\":{\"@id\":\"https:\/\/otmaroc.com\/product\/pistolet-de-massage-musculaire\/#breadcrumb\"},\"inLanguage\":\"ar\",\"potentialAction\":[{\"@type\":\"ReadAction\",\"target\":[\"https:\/\/otmaroc.com\/product\/pistolet-de-massage-musculaire\/\"]}]},{\"@type\":\"ImageObject\",\"inLanguage\":\"ar\",\"@id\":\"https:\/\/otmaroc.com\/product\/pistolet-de-massage-musculaire\/#primaryimage\",\"url\":\"https:\/\/otmaroc.com\/wp-content\/uploads\/2025\/04\/www.otmaroc.com-0623512008-otmaroc2024@gmail.com-1-2.png\",\"contentUrl\":\"https:\/\/otmaroc.com\/wp-content\/uploads\/2025\/04\/www.otmaroc.com-0623512008-otmaroc2024@gmail.com-1-2.png\",\"width\":1080,\"height\":1080},{\"@type\":\"BreadcrumbList\",\"@id\":\"https:\/\/otmaroc.com\/product\/pistolet-de-massage-musculaire\/#breadcrumb\",\"itemListElement\":[{\"@type\":\"ListItem\",\"position\":1,\"name\":\"Home\",\"item\":\"https:\/\/otmaroc.com\/\"},{\"@type\":\"ListItem\",\"position\":2,\"name\":\"Products\",\"item\":\"https:\/\/otmaroc.com\/store\/\"},{\"@type\":\"ListItem\",\"position\":3,\"name\":\"Pistolet de Massage Musculaire\"}]},{\"@type\":\"WebSite\",\"@id\":\"https:\/\/otmaroc.com\/#website\",\"url\":\"https:\/\/otmaroc.com\/\",\"name\":\"OTMAROC\",\"description\":\"The number one website in morocco for occupational therapy\",\"publisher\":{\"@id\":\"https:\/\/otmaroc.com\/#organization\"},\"potentialAction\":[{\"@type\":\"SearchAction\",\"target\":{\"@type\":\"EntryPoint\",\"urlTemplate\":\"https:\/\/otmaroc.com\/?s={search_term_string}\"},\"query-input\":{\"@type\":\"PropertyValueSpecification\",\"valueRequired\":true,\"valueName\":\"search_term_string\"}}],\"inLanguage\":\"ar\"},{\"@type\":\"Organization\",\"@id\":\"https:\/\/otmaroc.com\/#organization\",\"name\":\"OTMAROC\",\"url\":\"https:\/\/otmaroc.com\/\",\"logo\":{\"@type\":\"ImageObject\",\"inLanguage\":\"ar\",\"@id\":\"https:\/\/otmaroc.com\/#\/schema\/logo\/image\/\",\"url\":\"https:\/\/otmaroc.com\/wp-content\/uploads\/2024\/08\/cropped-cropped-Black_White_Yellow_Simple_Initial_Name_Logo-removebg-preview-2.png\",\"contentUrl\":\"https:\/\/otmaroc.com\/wp-content\/uploads\/2024\/08\/cropped-cropped-Black_White_Yellow_Simple_Initial_Name_Logo-removebg-preview-2.png\",\"width\":298,\"height\":192,\"caption\":\"OTMAROC\"},\"image\":{\"@id\":\"https:\/\/otmaroc.com\/#\/schema\/logo\/image\/\"},\"sameAs\":[\"https:\/\/www.facebook.com\/profile.php?id=61565107472257\",\"https:\/\/www.instagram.com\/otmaroc2024\/\",\"https:\/\/www.youtube.com\/@othmaneksaibar6763\",\"https:\/\/api.whatsapp.com\/send?phone=2120623512008\"]}]}<\/script>\n<!-- \/ Yoast SEO plugin. -->","yoast_head_json":{"title":"Pistolet de Massage Musculaire au Maroc","description":"Soulagez vos muscles avec ce pistolet fascia puissant. 6 t\u00eates, plusieurs vitesses, silencieux et rechargeable. Livraison rapide au Maro","robots":{"index":"index","follow":"follow","max-snippet":"max-snippet:-1","max-image-preview":"max-image-preview:large","max-video-preview":"max-video-preview:-1"},"canonical":"https:\/\/otmaroc.com\/ar\/product\/pistolet-de-massage-musculaire\/","og_locale":"ar_AR","og_type":"article","og_title":"Pistolet de Massage Musculaire au Maroc","og_description":"Soulagez vos muscles avec ce pistolet fascia puissant. 6 t\u00eates, plusieurs vitesses, silencieux et rechargeable. Livraison rapide au Maro","og_url":"https:\/\/otmaroc.com\/ar\/product\/pistolet-de-massage-musculaire\/","og_site_name":"OTMAROC","article_publisher":"https:\/\/www.facebook.com\/profile.php?id=61565107472257","og_image":[{"width":1080,"height":1080,"url":"https:\/\/otmaroc.com\/wp-content\/uploads\/2025\/04\/www.otmaroc.com-0623512008-otmaroc2024@gmail.com-1-2.png","type":"image\/png"}],"twitter_card":"summary_large_image","twitter_misc":{"\u0648\u0642\u062a \u0627\u0644\u0642\u0631\u0627\u0621\u0629 \u0627\u0644\u0645\u064f\u0642\u062f\u0651\u0631":"\u062f\u0642\u064a\u0642\u062a\u0627\u0646"},"schema":{"@context":"https:\/\/schema.org","@graph":[{"@type":"WebPage","@id":"https:\/\/otmaroc.com\/product\/pistolet-de-massage-musculaire\/","url":"https:\/\/otmaroc.com\/product\/pistolet-de-massage-musculaire\/","name":"Pistolet de Massage Musculaire au Maroc","isPartOf":{"@id":"https:\/\/otmaroc.com\/#website"},"primaryImageOfPage":{"@id":"https:\/\/otmaroc.com\/product\/pistolet-de-massage-musculaire\/#primaryimage"},"image":{"@id":"https:\/\/otmaroc.com\/product\/pistolet-de-massage-musculaire\/#primaryimage"},"thumbnailUrl":"https:\/\/otmaroc.com\/wp-content\/uploads\/2025\/04\/www.otmaroc.com-0623512008-otmaroc2024@gmail.com-1-2.png","datePublished":"2025-04-22T11:32:40+00:00","dateModified":"2025-04-22T11:32:40+00:00","description":"Soulagez vos muscles avec ce pistolet fascia puissant. 6 t\u00eates, plusieurs vitesses, silencieux et rechargeable. Livraison rapide au Maro","breadcrumb":{"@id":"https:\/\/otmaroc.com\/product\/pistolet-de-massage-musculaire\/#breadcrumb"},"inLanguage":"ar","potentialAction":[{"@type":"ReadAction","target":["https:\/\/otmaroc.com\/product\/pistolet-de-massage-musculaire\/"]}]},{"@type":"ImageObject","inLanguage":"ar","@id":"https:\/\/otmaroc.com\/product\/pistolet-de-massage-musculaire\/#primaryimage","url":"https:\/\/otmaroc.com\/wp-content\/uploads\/2025\/04\/www.otmaroc.com-0623512008-otmaroc2024@gmail.com-1-2.png","contentUrl":"https:\/\/otmaroc.com\/wp-content\/uploads\/2025\/04\/www.otmaroc.com-0623512008-otmaroc2024@gmail.com-1-2.png","width":1080,"height":1080},{"@type":"BreadcrumbList","@id":"https:\/\/otmaroc.com\/product\/pistolet-de-massage-musculaire\/#breadcrumb","itemListElement":[{"@type":"ListItem","position":1,"name":"Home","item":"https:\/\/otmaroc.com\/"},{"@type":"ListItem","position":2,"name":"Products","item":"https:\/\/otmaroc.com\/store\/"},{"@type":"ListItem","position":3,"name":"Pistolet de Massage Musculaire"}]},{"@type":"WebSite","@id":"https:\/\/otmaroc.com\/#website","url":"https:\/\/otmaroc.com\/","name":"OTMAROC","description":"The number one website in morocco for occupational therapy","publisher":{"@id":"https:\/\/otmaroc.com\/#organization"},"potentialAction":[{"@type":"SearchAction","target":{"@type":"EntryPoint","urlTemplate":"https:\/\/otmaroc.com\/?s={search_term_string}"},"query-input":{"@type":"PropertyValueSpecification","valueRequired":true,"valueName":"search_term_string"}}],"inLanguage":"ar"},{"@type":"Organization","@id":"https:\/\/otmaroc.com\/#organization","name":"OTMAROC","url":"https:\/\/otmaroc.com\/","logo":{"@type":"ImageObject","inLanguage":"ar","@id":"https:\/\/otmaroc.com\/#\/schema\/logo\/image\/","url":"https:\/\/otmaroc.com\/wp-content\/uploads\/2024\/08\/cropped-cropped-Black_White_Yellow_Simple_Initial_Name_Logo-removebg-preview-2.png","contentUrl":"https:\/\/otmaroc.com\/wp-content\/uploads\/2024\/08\/cropped-cropped-Black_White_Yellow_Simple_Initial_Name_Logo-removebg-preview-2.png","width":298,"height":192,"caption":"OTMAROC"},"image":{"@id":"https:\/\/otmaroc.com\/#\/schema\/logo\/image\/"},"sameAs":["https:\/\/www.facebook.com\/profile.php?id=61565107472257","https:\/\/www.instagram.com\/otmaroc2024\/","https:\/\/www.youtube.com\/@othmaneksaibar6763","https:\/\/api.whatsapp.com\/send?phone=2120623512008"]}]}},"uagb_featured_image_src":{"full":["https:\/\/otmaroc.com\/wp-content\/uploads\/2025\/04\/www.otmaroc.com-0623512008-otmaroc2024@gmail.com-1-2.png",1080,1080,false],"thumbnail":["https:\/\/otmaroc.com\/wp-content\/uploads\/2025\/04\/www.otmaroc.com-0623512008-otmaroc2024@gmail.com-1-2-150x150.png",150,150,true],"medium":["https:\/\/otmaroc.com\/wp-content\/uploads\/2025\/04\/www.otmaroc.com-0623512008-otmaroc2024@gmail.com-1-2-300x300.png",300,300,true],"medium_large":["https:\/\/otmaroc.com\/wp-content\/uploads\/2025\/04\/www.otmaroc.com-0623512008-otmaroc2024@gmail.com-1-2-768x768.png",768,768,true],"large":["https:\/\/otmaroc.com\/wp-content\/uploads\/2025\/04\/www.otmaroc.com-0623512008-otmaroc2024@gmail.com-1-2-1024x1024.png",1024,1024,true],"1536x1536":["https:\/\/otmaroc.com\/wp-content\/uploads\/2025\/04\/www.otmaroc.com-0623512008-otmaroc2024@gmail.com-1-2.png",1080,1080,false],"2048x2048":["https:\/\/otmaroc.com\/wp-content\/uploads\/2025\/04\/www.otmaroc.com-0623512008-otmaroc2024@gmail.com-1-2.png",1080,1080,false],"trp-custom-language-flag":["https:\/\/otmaroc.com\/wp-content\/uploads\/2025\/04\/www.otmaroc.com-0623512008-otmaroc2024@gmail.com-1-2-12x12.png",12,12,true],"woocommerce_thumbnail":["https:\/\/otmaroc.com\/wp-content\/uploads\/2025\/04\/www.otmaroc.com-0623512008-otmaroc2024@gmail.com-1-2-300x300.png",300,300,true],"woocommerce_single":["https:\/\/otmaroc.com\/wp-content\/uploads\/2025\/04\/www.otmaroc.com-0623512008-otmaroc2024@gmail.com-1-2-600x600.png",600,600,true],"woocommerce_gallery_thumbnail":["https:\/\/otmaroc.com\/wp-content\/uploads\/2025\/04\/www.otmaroc.com-0623512008-otmaroc2024@gmail.com-1-2-100x100.png",100,100,true],"dgwt-wcas-product-suggestion":["https:\/\/otmaroc.com\/wp-content\/uploads\/2025\/04\/www.otmaroc.com-0623512008-otmaroc2024@gmail.com-1-2-64x64.png",64,64,true]},"uagb_author_info":{"display_name":"othmane iptv","author_link":"https:\/\/otmaroc.com\/ar\/author\/"},"uagb_comment_info":0,"uagb_excerpt":"Pistolet de massage musculaire pour d\u00e9tendre, r\u00e9cup\u00e9rer et soulager les douleurs apr\u00e8s l\u2019entra\u00eenement. L\u00e9ger, efficace et silencieux.","jetpack_sharing_enabled":true,"_links":{"self":[{"href":"https:\/\/otmaroc.com\/ar\/wp-json\/wp\/v2\/product\/4589"}],"collection":[{"href":"https:\/\/otmaroc.com\/ar\/wp-json\/wp\/v2\/product"}],"about":[{"href":"https:\/\/otmaroc.com\/ar\/wp-json\/wp\/v2\/types\/product"}],"replies":[{"embeddable":true,"href":"https:\/\/otmaroc.com\/ar\/wp-json\/wp\/v2\/comments?post=4589"}],"wp:featuredmedia":[{"embeddable":true,"href":"https:\/\/otmaroc.com\/ar\/wp-json\/wp\/v2\/media\/4591"}],"wp:attachment":[{"href":"https:\/\/otmaroc.com\/ar\/wp-json\/wp\/v2\/media?parent=4589"}],"wp:term":[{"taxonomy":"product_cat","embeddable":true,"href":"https:\/\/otmaroc.com\/ar\/wp-json\/wp\/v2\/product_cat?post=4589"},{"taxonomy":"product_tag","embeddable":true,"href":"https:\/\/otmaroc.com\/ar\/wp-json\/wp\/v2\/product_tag?post=4589"}],"curies":[{"name":"wp","href":"https:\/\/api.w.org\/{rel}","templated":true}]}}