{"id":4571,"date":"2025-04-21T13:20:26","date_gmt":"2025-04-21T13:20:26","guid":{"rendered":"https:\/\/otmaroc.com\/?post_type=product&#038;p=4571"},"modified":"2025-04-29T17:40:15","modified_gmt":"2025-04-29T17:40:15","slug":"coussin-lombaire-ergonomique","status":"publish","type":"product","link":"https:\/\/otmaroc.com\/ar\/product\/coussin-lombaire-ergonomique\/","title":{"rendered":"\u0648\u0633\u0627\u062f\u0629 \u062a\u0635\u062d\u064a\u062d \u0648\u0636\u0639\u064a\u0629 \u0627\u0644\u0638\u0647\u0631"},"content":{"rendered":"<p class=\"\" data-start=\"556\" data-end=\"823\"><img loading=\"lazy\" decoding=\"async\" class=\"alignnone size-medium wp-image-4704\" src=\"https:\/\/otmaroc.com\/wp-content\/uploads\/2025\/04\/61BozF5LFL._AC_SL1500_-300x300.jpg\" alt=\"\" width=\"300\" height=\"300\" srcset=\"https:\/\/otmaroc.com\/wp-content\/uploads\/2025\/04\/61BozF5LFL._AC_SL1500_-300x300.jpg 300w, https:\/\/otmaroc.com\/wp-content\/uploads\/2025\/04\/61BozF5LFL._AC_SL1500_-1024x1024.jpg 1024w, https:\/\/otmaroc.com\/wp-content\/uploads\/2025\/04\/61BozF5LFL._AC_SL1500_-150x150.jpg 150w, https:\/\/otmaroc.com\/wp-content\/uploads\/2025\/04\/61BozF5LFL._AC_SL1500_-768x768.jpg 768w, https:\/\/otmaroc.com\/wp-content\/uploads\/2025\/04\/61BozF5LFL._AC_SL1500_-12x12.jpg 12w, https:\/\/otmaroc.com\/wp-content\/uploads\/2025\/04\/61BozF5LFL._AC_SL1500_-600x600.jpg 600w, https:\/\/otmaroc.com\/wp-content\/uploads\/2025\/04\/61BozF5LFL._AC_SL1500_-100x100.jpg 100w, https:\/\/otmaroc.com\/wp-content\/uploads\/2025\/04\/61BozF5LFL._AC_SL1500_-64x64.jpg 64w, https:\/\/otmaroc.com\/wp-content\/uploads\/2025\/04\/61BozF5LFL._AC_SL1500_.jpg 1500w\" sizes=\"(max-width: 300px) 100vw, 300px\" \/><\/p>\n<p class=\" translation-block\" data-start=\"556\" data-end=\"823\">\u062a\u0645 \u062a\u0635\u0645\u064a\u0645 \u0648\u0633\u0627\u062f\u0629 \u062f\u0639\u0645 \u0623\u0633\u0641\u0644 \u0627\u0644\u0638\u0647\u0631 \u0627\u0644\u0645\u0631\u064a\u062d\u0629 \u0647\u0630\u0647 \u0644\u062a\u0648\u0641\u064a\u0631 \u0627\u0644\u0631\u0627\u062d\u0629 \u0627\u0644\u0645\u062b\u0627\u0644\u064a\u0629 \u0643\u0644 \u064a\u0648\u0645.<\/p>\n<p data-start=\"556\" data-end=\"823\"><img loading=\"lazy\" decoding=\"async\" class=\"alignnone size-medium wp-image-4707\" src=\"https:\/\/otmaroc.com\/wp-content\/uploads\/2025\/04\/61UddLxtOCL._AC_SL1500_-300x257.jpg\" alt=\"\" width=\"300\" height=\"257\" srcset=\"https:\/\/otmaroc.com\/wp-content\/uploads\/2025\/04\/61UddLxtOCL._AC_SL1500_-300x257.jpg 300w, https:\/\/otmaroc.com\/wp-content\/uploads\/2025\/04\/61UddLxtOCL._AC_SL1500_-1024x876.jpg 1024w, https:\/\/otmaroc.com\/wp-content\/uploads\/2025\/04\/61UddLxtOCL._AC_SL1500_-768x657.jpg 768w, https:\/\/otmaroc.com\/wp-content\/uploads\/2025\/04\/61UddLxtOCL._AC_SL1500_-14x12.jpg 14w, https:\/\/otmaroc.com\/wp-content\/uploads\/2025\/04\/61UddLxtOCL._AC_SL1500_-600x513.jpg 600w, https:\/\/otmaroc.com\/wp-content\/uploads\/2025\/04\/61UddLxtOCL._AC_SL1500_-64x55.jpg 64w, https:\/\/otmaroc.com\/wp-content\/uploads\/2025\/04\/61UddLxtOCL._AC_SL1500_.jpg 1378w\" sizes=\"(max-width: 300px) 100vw, 300px\" \/><\/p>\n<p class=\"\" data-start=\"556\" data-end=\"823\">\u064a\u062a\u0648\u0627\u0641\u0642 \u0645\u0639 \u0627\u0644\u0634\u0643\u0644 \u0627\u0644\u0637\u0628\u064a\u0639\u064a \u0644\u0644\u0639\u0645\u0648\u062f \u0627\u0644\u0641\u0642\u0631\u064a \u0644\u062a\u062e\u0641\u064a\u0641 \u0622\u0644\u0627\u0645 \u0623\u0633\u0641\u0644 \u0627\u0644\u0638\u0647\u0631 \u0648\u062a\u062d\u0633\u064a\u0646 \u0627\u0644\u0648\u0636\u0639\u064a\u0629\u060c \u0633\u0648\u0627\u0621 \u0641\u064a \u0627\u0644\u0645\u0646\u0632\u0644 \u0623\u0648 \u0641\u064a \u0627\u0644\u0645\u0643\u062a\u0628 \u0623\u0648 \u0641\u064a \u0627\u0644\u0633\u064a\u0627\u0631\u0629.<\/p>\n<p data-start=\"556\" data-end=\"823\"><img loading=\"lazy\" decoding=\"async\" class=\"alignnone size-medium wp-image-4708\" src=\"https:\/\/otmaroc.com\/wp-content\/uploads\/2025\/04\/61YYKtW5EQL._AC_SL1500_-300x300.jpg\" alt=\"\" width=\"300\" height=\"300\" srcset=\"https:\/\/otmaroc.com\/wp-content\/uploads\/2025\/04\/61YYKtW5EQL._AC_SL1500_-300x300.jpg 300w, https:\/\/otmaroc.com\/wp-content\/uploads\/2025\/04\/61YYKtW5EQL._AC_SL1500_-1020x1024.jpg 1020w, https:\/\/otmaroc.com\/wp-content\/uploads\/2025\/04\/61YYKtW5EQL._AC_SL1500_-150x150.jpg 150w, https:\/\/otmaroc.com\/wp-content\/uploads\/2025\/04\/61YYKtW5EQL._AC_SL1500_-768x771.jpg 768w, https:\/\/otmaroc.com\/wp-content\/uploads\/2025\/04\/61YYKtW5EQL._AC_SL1500_-12x12.jpg 12w, https:\/\/otmaroc.com\/wp-content\/uploads\/2025\/04\/61YYKtW5EQL._AC_SL1500_-600x602.jpg 600w, https:\/\/otmaroc.com\/wp-content\/uploads\/2025\/04\/61YYKtW5EQL._AC_SL1500_-100x100.jpg 100w, https:\/\/otmaroc.com\/wp-content\/uploads\/2025\/04\/61YYKtW5EQL._AC_SL1500_-64x64.jpg 64w, https:\/\/otmaroc.com\/wp-content\/uploads\/2025\/04\/61YYKtW5EQL._AC_SL1500_.jpg 1491w\" sizes=\"(max-width: 300px) 100vw, 300px\" \/><\/p>\n<p class=\"\" data-start=\"556\" data-end=\"823\">\u2705 Housse respirante et lavable<\/p>\n<p class=\"\" data-start=\"556\" data-end=\"823\"><img loading=\"lazy\" decoding=\"async\" class=\"alignnone size-medium wp-image-4705\" src=\"https:\/\/otmaroc.com\/wp-content\/uploads\/2025\/04\/61CWB9I0bDL._AC_SL1500_-290x300.jpg\" alt=\"\" width=\"290\" height=\"300\" srcset=\"https:\/\/otmaroc.com\/wp-content\/uploads\/2025\/04\/61CWB9I0bDL._AC_SL1500_-290x300.jpg 290w, https:\/\/otmaroc.com\/wp-content\/uploads\/2025\/04\/61CWB9I0bDL._AC_SL1500_-989x1024.jpg 989w, https:\/\/otmaroc.com\/wp-content\/uploads\/2025\/04\/61CWB9I0bDL._AC_SL1500_-768x795.jpg 768w, https:\/\/otmaroc.com\/wp-content\/uploads\/2025\/04\/61CWB9I0bDL._AC_SL1500_-12x12.jpg 12w, https:\/\/otmaroc.com\/wp-content\/uploads\/2025\/04\/61CWB9I0bDL._AC_SL1500_-600x621.jpg 600w, https:\/\/otmaroc.com\/wp-content\/uploads\/2025\/04\/61CWB9I0bDL._AC_SL1500_-64x66.jpg 64w, https:\/\/otmaroc.com\/wp-content\/uploads\/2025\/04\/61CWB9I0bDL._AC_SL1500_.jpg 1272w\" sizes=\"(max-width: 290px) 100vw, 290px\" \/><\/p>\n<p class=\"\" data-start=\"556\" data-end=\"823\"><img loading=\"lazy\" decoding=\"async\" class=\"alignnone size-medium wp-image-4706\" src=\"https:\/\/otmaroc.com\/wp-content\/uploads\/2025\/04\/61Qb2CWokDL._AC_SL1500_-300x288.jpg\" alt=\"\" width=\"300\" height=\"288\" srcset=\"https:\/\/otmaroc.com\/wp-content\/uploads\/2025\/04\/61Qb2CWokDL._AC_SL1500_-300x288.jpg 300w, https:\/\/otmaroc.com\/wp-content\/uploads\/2025\/04\/61Qb2CWokDL._AC_SL1500_-1024x982.jpg 1024w, https:\/\/otmaroc.com\/wp-content\/uploads\/2025\/04\/61Qb2CWokDL._AC_SL1500_-768x736.jpg 768w, https:\/\/otmaroc.com\/wp-content\/uploads\/2025\/04\/61Qb2CWokDL._AC_SL1500_-13x12.jpg 13w, https:\/\/otmaroc.com\/wp-content\/uploads\/2025\/04\/61Qb2CWokDL._AC_SL1500_-600x575.jpg 600w, https:\/\/otmaroc.com\/wp-content\/uploads\/2025\/04\/61Qb2CWokDL._AC_SL1500_-64x61.jpg 64w, https:\/\/otmaroc.com\/wp-content\/uploads\/2025\/04\/61Qb2CWokDL._AC_SL1500_.jpg 1500w\" sizes=\"(max-width: 300px) 100vw, 300px\" \/><br data-start=\"899\" data-end=\"902\" \/>\u2705 fixation facile sur chaise ou si\u00e8ge autoT<\/p>\n<p class=\"\" data-start=\"556\" data-end=\"823\">\u2705 Design ergonomique adapt\u00e9 \u00e0 la courbure naturelle du dos<br data-start=\"1027\" data-end=\"1030\" \/>\u2705 Soulage les tensions musculaires et pr\u00e9vient les douleurs chroniques<\/p>\n<p class=\"\" data-start=\"556\" data-end=\"823\"><img loading=\"lazy\" decoding=\"async\" class=\"alignnone wp-image-2643\" src=\"https:\/\/adaptmaroc.com\/wp-content\/uploads\/2025\/04\/S217f53e93e8a4504a5053fd8e368774eJ-e1745167006178-265x300.avif\" alt=\"\" width=\"330\" height=\"373\" \/><br data-start=\"1100\" data-end=\"1103\" \/>\u2705 Id\u00e9al pour les longues heures de travail assis ou les trajets prolong\u00e9s<br data-start=\"1176\" data-end=\"1179\" \/>\u2705 Convient pour les adultes, seniors, femmes enceintes, etc.<br data-start=\"1239\" data-end=\"1242\" \/>\u2705 Livraison rapide et paiement \u00e0 la livraison partout au Maroc<\/p>","protected":false},"excerpt":{"rendered":"<p>\u0648\u0633\u0627\u062f\u0629 \u062f\u0639\u0645 \u0623\u0633\u0641\u0644 \u0627\u0644\u0638\u0647\u0631\u060c \u0645\u062b\u0627\u0644\u064a\u0629 \u0644\u062a\u062e\u0641\u064a\u0641 \u0622\u0644\u0627\u0645 \u0627\u0644\u0638\u0647\u0631 \u0648\u062a\u062d\u0633\u064a\u0646 \u0627\u0644\u0648\u0636\u0639\u064a\u0629. \u0645\u062b\u0627\u0644\u064a \u0644\u0643\u0631\u0633\u064a \u0627\u0644\u0645\u0643\u062a\u0628 \u0623\u0648 \u0645\u0642\u0639\u062f \u0627\u0644\u0633\u064a\u0627\u0631\u0629. \u062a\u0633\u0644\u064a\u0645 \u0633\u0631\u064a\u0639 \u0625\u0644\u0649 \u0627\u0644\u0645\u063a\u0631\u0628.<\/p>","protected":false},"featured_media":4575,"comment_status":"open","ping_status":"closed","template":"","meta":{"_uag_custom_page_level_css":"","site-sidebar-layout":"default","site-content-layout":"","ast-site-content-layout":"default","site-content-style":"default","site-sidebar-style":"default","ast-global-header-display":"","ast-banner-title-visibility":"","ast-main-header-display":"","ast-hfb-above-header-display":"","ast-hfb-below-header-display":"","ast-hfb-mobile-header-display":"","site-post-title":"","ast-breadcrumbs-content":"","ast-featured-img":"","footer-sml-layout":"","theme-transparent-header-meta":"default","adv-header-id-meta":"","stick-header-meta":"","header-above-stick-meta":"","header-main-stick-meta":"","header-below-stick-meta":"","astra-migrate-meta-layouts":"set","ast-page-background-enabled":"default","ast-page-background-meta":{"desktop":{"background-color":"","background-image":"","background-repeat":"repeat","background-position":"center center","background-size":"auto","background-attachment":"scroll","background-type":"","background-media":"","overlay-type":"","overlay-color":"","overlay-opacity":"","overlay-gradient":""},"tablet":{"background-color":"","background-image":"","background-repeat":"repeat","background-position":"center center","background-size":"auto","background-attachment":"scroll","background-type":"","background-media":"","overlay-type":"","overlay-color":"","overlay-opacity":"","overlay-gradient":""},"mobile":{"background-color":"","background-image":"","background-repeat":"repeat","background-position":"center center","background-size":"auto","background-attachment":"scroll","background-type":"","background-media":"","overlay-type":"","overlay-color":"","overlay-opacity":"","overlay-gradient":""}},"ast-content-background-meta":{"desktop":{"background-color":"var(--ast-global-color-5)","background-image":"","background-repeat":"repeat","background-position":"center center","background-size":"auto","background-attachment":"scroll","background-type":"","background-media":"","overlay-type":"","overlay-color":"","overlay-opacity":"","overlay-gradient":""},"tablet":{"background-color":"var(--ast-global-color-5)","background-image":"","background-repeat":"repeat","background-position":"center center","background-size":"auto","background-attachment":"scroll","background-type":"","background-media":"","overlay-type":"","overlay-color":"","overlay-opacity":"","overlay-gradient":""},"mobile":{"background-color":"var(--ast-global-color-5)","background-image":"","background-repeat":"repeat","background-position":"center center","background-size":"auto","background-attachment":"scroll","background-type":"","background-media":"","overlay-type":"","overlay-color":"","overlay-opacity":"","overlay-gradient":""}}},"product_cat":[111,85,112,31,82,63,88],"product_tag":[],"class_list":{"0":"post-4571","1":"product","2":"type-product","3":"status-publish","4":"has-post-thumbnail","6":"product_cat-bureaux-ergonomique","7":"product_cat-chambre","8":"product_cat-coussin-ergonomique","9":"product_cat-les-aides-techniques","10":"product_cat-tous-les-aides-techniques","11":"product_cat-tous-les-produits","12":"product_cat-vie-quotidienne","13":"desktop-align-left","14":"tablet-align-left","15":"mobile-align-left","17":"first","18":"instock","19":"shipping-taxable","20":"purchasable","21":"product-type-variable","22":"has-default-attributes"},"yoast_head":"<!-- This site is optimized with the Yoast SEO plugin v23.5 - https:\/\/yoast.com\/wordpress\/plugins\/seo\/ -->\n<title>Coussin de Soutien Lombaire au Maroc<\/title>\n<meta name=\"description\" content=\"Coussin lombaire ergonomique pour chaise ou voiture. Soulage les douleurs dorsales et am\u00e9liore la posture. Livraison rapide partout au Maroc.\" \/>\n<meta name=\"robots\" content=\"index, follow, max-snippet:-1, max-image-preview:large, max-video-preview:-1\" \/>\n<link rel=\"canonical\" href=\"https:\/\/otmaroc.com\/ar\/product\/coussin-lombaire-ergonomique\/\" \/>\n<meta property=\"og:locale\" content=\"ar_AR\" \/>\n<meta property=\"og:type\" content=\"article\" \/>\n<meta property=\"og:title\" content=\"Coussin de Soutien Lombaire au Maroc\" \/>\n<meta property=\"og:description\" content=\"Coussin lombaire ergonomique pour chaise ou voiture. Soulage les douleurs dorsales et am\u00e9liore la posture. Livraison rapide partout au Maroc.\" \/>\n<meta property=\"og:url\" content=\"https:\/\/otmaroc.com\/ar\/product\/coussin-lombaire-ergonomique\/\" \/>\n<meta property=\"og:site_name\" content=\"OTMAROC\" \/>\n<meta property=\"article:publisher\" content=\"https:\/\/www.facebook.com\/profile.php?id=61565107472257\" \/>\n<meta property=\"article:modified_time\" content=\"2025-04-29T17:40:15+00:00\" \/>\n<meta property=\"og:image\" content=\"https:\/\/otmaroc.com\/wp-content\/uploads\/2025\/04\/www.otmaroc.com-0623512008-otmaroc2024@gmail.com-119.png\" \/>\n\t<meta property=\"og:image:width\" content=\"1080\" \/>\n\t<meta property=\"og:image:height\" content=\"1080\" \/>\n\t<meta property=\"og:image:type\" content=\"image\/png\" \/>\n<meta name=\"twitter:card\" content=\"summary_large_image\" \/>\n<meta name=\"twitter:label1\" content=\"\u0648\u0642\u062a \u0627\u0644\u0642\u0631\u0627\u0621\u0629 \u0627\u0644\u0645\u064f\u0642\u062f\u0651\u0631\" \/>\n\t<meta name=\"twitter:data1\" content=\"\u062f\u0642\u064a\u0642\u062a\u0627\u0646\" \/>\n<script type=\"application\/ld+json\" class=\"yoast-schema-graph\">{\"@context\":\"https:\/\/schema.org\",\"@graph\":[{\"@type\":\"WebPage\",\"@id\":\"https:\/\/otmaroc.com\/product\/coussin-lombaire-ergonomique\/\",\"url\":\"https:\/\/otmaroc.com\/product\/coussin-lombaire-ergonomique\/\",\"name\":\"Coussin de Soutien Lombaire au Maroc\",\"isPartOf\":{\"@id\":\"https:\/\/otmaroc.com\/#website\"},\"primaryImageOfPage\":{\"@id\":\"https:\/\/otmaroc.com\/product\/coussin-lombaire-ergonomique\/#primaryimage\"},\"image\":{\"@id\":\"https:\/\/otmaroc.com\/product\/coussin-lombaire-ergonomique\/#primaryimage\"},\"thumbnailUrl\":\"https:\/\/otmaroc.com\/wp-content\/uploads\/2025\/04\/www.otmaroc.com-0623512008-otmaroc2024@gmail.com-119.png\",\"datePublished\":\"2025-04-21T13:20:26+00:00\",\"dateModified\":\"2025-04-29T17:40:15+00:00\",\"description\":\"Coussin lombaire ergonomique pour chaise ou voiture. Soulage les douleurs dorsales et am\u00e9liore la posture. Livraison rapide partout au Maroc.\",\"breadcrumb\":{\"@id\":\"https:\/\/otmaroc.com\/product\/coussin-lombaire-ergonomique\/#breadcrumb\"},\"inLanguage\":\"ar\",\"potentialAction\":[{\"@type\":\"ReadAction\",\"target\":[\"https:\/\/otmaroc.com\/product\/coussin-lombaire-ergonomique\/\"]}]},{\"@type\":\"ImageObject\",\"inLanguage\":\"ar\",\"@id\":\"https:\/\/otmaroc.com\/product\/coussin-lombaire-ergonomique\/#primaryimage\",\"url\":\"https:\/\/otmaroc.com\/wp-content\/uploads\/2025\/04\/www.otmaroc.com-0623512008-otmaroc2024@gmail.com-119.png\",\"contentUrl\":\"https:\/\/otmaroc.com\/wp-content\/uploads\/2025\/04\/www.otmaroc.com-0623512008-otmaroc2024@gmail.com-119.png\",\"width\":1080,\"height\":1080},{\"@type\":\"BreadcrumbList\",\"@id\":\"https:\/\/otmaroc.com\/product\/coussin-lombaire-ergonomique\/#breadcrumb\",\"itemListElement\":[{\"@type\":\"ListItem\",\"position\":1,\"name\":\"Home\",\"item\":\"https:\/\/otmaroc.com\/\"},{\"@type\":\"ListItem\",\"position\":2,\"name\":\"Products\",\"item\":\"https:\/\/otmaroc.com\/store\/\"},{\"@type\":\"ListItem\",\"position\":3,\"name\":\"Coussin Lombaire Ergonomique\"}]},{\"@type\":\"WebSite\",\"@id\":\"https:\/\/otmaroc.com\/#website\",\"url\":\"https:\/\/otmaroc.com\/\",\"name\":\"OTMAROC\",\"description\":\"The number one website in morocco for occupational therapy\",\"publisher\":{\"@id\":\"https:\/\/otmaroc.com\/#organization\"},\"potentialAction\":[{\"@type\":\"SearchAction\",\"target\":{\"@type\":\"EntryPoint\",\"urlTemplate\":\"https:\/\/otmaroc.com\/?s={search_term_string}\"},\"query-input\":{\"@type\":\"PropertyValueSpecification\",\"valueRequired\":true,\"valueName\":\"search_term_string\"}}],\"inLanguage\":\"ar\"},{\"@type\":\"Organization\",\"@id\":\"https:\/\/otmaroc.com\/#organization\",\"name\":\"OTMAROC\",\"url\":\"https:\/\/otmaroc.com\/\",\"logo\":{\"@type\":\"ImageObject\",\"inLanguage\":\"ar\",\"@id\":\"https:\/\/otmaroc.com\/#\/schema\/logo\/image\/\",\"url\":\"https:\/\/otmaroc.com\/wp-content\/uploads\/2024\/08\/cropped-cropped-Black_White_Yellow_Simple_Initial_Name_Logo-removebg-preview-2.png\",\"contentUrl\":\"https:\/\/otmaroc.com\/wp-content\/uploads\/2024\/08\/cropped-cropped-Black_White_Yellow_Simple_Initial_Name_Logo-removebg-preview-2.png\",\"width\":298,\"height\":192,\"caption\":\"OTMAROC\"},\"image\":{\"@id\":\"https:\/\/otmaroc.com\/#\/schema\/logo\/image\/\"},\"sameAs\":[\"https:\/\/www.facebook.com\/profile.php?id=61565107472257\",\"https:\/\/www.instagram.com\/otmaroc2024\/\",\"https:\/\/www.youtube.com\/@othmaneksaibar6763\",\"https:\/\/api.whatsapp.com\/send?phone=2120623512008\"]}]}<\/script>\n<!-- \/ Yoast SEO plugin. -->","yoast_head_json":{"title":"Coussin de Soutien Lombaire au Maroc","description":"Coussin lombaire ergonomique pour chaise ou voiture. Soulage les douleurs dorsales et am\u00e9liore la posture. Livraison rapide partout au Maroc.","robots":{"index":"index","follow":"follow","max-snippet":"max-snippet:-1","max-image-preview":"max-image-preview:large","max-video-preview":"max-video-preview:-1"},"canonical":"https:\/\/otmaroc.com\/ar\/product\/coussin-lombaire-ergonomique\/","og_locale":"ar_AR","og_type":"article","og_title":"Coussin de Soutien Lombaire au Maroc","og_description":"Coussin lombaire ergonomique pour chaise ou voiture. Soulage les douleurs dorsales et am\u00e9liore la posture. Livraison rapide partout au Maroc.","og_url":"https:\/\/otmaroc.com\/ar\/product\/coussin-lombaire-ergonomique\/","og_site_name":"OTMAROC","article_publisher":"https:\/\/www.facebook.com\/profile.php?id=61565107472257","article_modified_time":"2025-04-29T17:40:15+00:00","og_image":[{"width":1080,"height":1080,"url":"https:\/\/otmaroc.com\/wp-content\/uploads\/2025\/04\/www.otmaroc.com-0623512008-otmaroc2024@gmail.com-119.png","type":"image\/png"}],"twitter_card":"summary_large_image","twitter_misc":{"\u0648\u0642\u062a \u0627\u0644\u0642\u0631\u0627\u0621\u0629 \u0627\u0644\u0645\u064f\u0642\u062f\u0651\u0631":"\u062f\u0642\u064a\u0642\u062a\u0627\u0646"},"schema":{"@context":"https:\/\/schema.org","@graph":[{"@type":"WebPage","@id":"https:\/\/otmaroc.com\/product\/coussin-lombaire-ergonomique\/","url":"https:\/\/otmaroc.com\/product\/coussin-lombaire-ergonomique\/","name":"Coussin de Soutien Lombaire au Maroc","isPartOf":{"@id":"https:\/\/otmaroc.com\/#website"},"primaryImageOfPage":{"@id":"https:\/\/otmaroc.com\/product\/coussin-lombaire-ergonomique\/#primaryimage"},"image":{"@id":"https:\/\/otmaroc.com\/product\/coussin-lombaire-ergonomique\/#primaryimage"},"thumbnailUrl":"https:\/\/otmaroc.com\/wp-content\/uploads\/2025\/04\/www.otmaroc.com-0623512008-otmaroc2024@gmail.com-119.png","datePublished":"2025-04-21T13:20:26+00:00","dateModified":"2025-04-29T17:40:15+00:00","description":"Coussin lombaire ergonomique pour chaise ou voiture. Soulage les douleurs dorsales et am\u00e9liore la posture. Livraison rapide partout au Maroc.","breadcrumb":{"@id":"https:\/\/otmaroc.com\/product\/coussin-lombaire-ergonomique\/#breadcrumb"},"inLanguage":"ar","potentialAction":[{"@type":"ReadAction","target":["https:\/\/otmaroc.com\/product\/coussin-lombaire-ergonomique\/"]}]},{"@type":"ImageObject","inLanguage":"ar","@id":"https:\/\/otmaroc.com\/product\/coussin-lombaire-ergonomique\/#primaryimage","url":"https:\/\/otmaroc.com\/wp-content\/uploads\/2025\/04\/www.otmaroc.com-0623512008-otmaroc2024@gmail.com-119.png","contentUrl":"https:\/\/otmaroc.com\/wp-content\/uploads\/2025\/04\/www.otmaroc.com-0623512008-otmaroc2024@gmail.com-119.png","width":1080,"height":1080},{"@type":"BreadcrumbList","@id":"https:\/\/otmaroc.com\/product\/coussin-lombaire-ergonomique\/#breadcrumb","itemListElement":[{"@type":"ListItem","position":1,"name":"Home","item":"https:\/\/otmaroc.com\/"},{"@type":"ListItem","position":2,"name":"Products","item":"https:\/\/otmaroc.com\/store\/"},{"@type":"ListItem","position":3,"name":"Coussin Lombaire Ergonomique"}]},{"@type":"WebSite","@id":"https:\/\/otmaroc.com\/#website","url":"https:\/\/otmaroc.com\/","name":"OTMAROC","description":"The number one website in morocco for occupational therapy","publisher":{"@id":"https:\/\/otmaroc.com\/#organization"},"potentialAction":[{"@type":"SearchAction","target":{"@type":"EntryPoint","urlTemplate":"https:\/\/otmaroc.com\/?s={search_term_string}"},"query-input":{"@type":"PropertyValueSpecification","valueRequired":true,"valueName":"search_term_string"}}],"inLanguage":"ar"},{"@type":"Organization","@id":"https:\/\/otmaroc.com\/#organization","name":"OTMAROC","url":"https:\/\/otmaroc.com\/","logo":{"@type":"ImageObject","inLanguage":"ar","@id":"https:\/\/otmaroc.com\/#\/schema\/logo\/image\/","url":"https:\/\/otmaroc.com\/wp-content\/uploads\/2024\/08\/cropped-cropped-Black_White_Yellow_Simple_Initial_Name_Logo-removebg-preview-2.png","contentUrl":"https:\/\/otmaroc.com\/wp-content\/uploads\/2024\/08\/cropped-cropped-Black_White_Yellow_Simple_Initial_Name_Logo-removebg-preview-2.png","width":298,"height":192,"caption":"OTMAROC"},"image":{"@id":"https:\/\/otmaroc.com\/#\/schema\/logo\/image\/"},"sameAs":["https:\/\/www.facebook.com\/profile.php?id=61565107472257","https:\/\/www.instagram.com\/otmaroc2024\/","https:\/\/www.youtube.com\/@othmaneksaibar6763","https:\/\/api.whatsapp.com\/send?phone=2120623512008"]}]}},"uagb_featured_image_src":{"full":["https:\/\/otmaroc.com\/wp-content\/uploads\/2025\/04\/www.otmaroc.com-0623512008-otmaroc2024@gmail.com-119.png",1080,1080,false],"thumbnail":["https:\/\/otmaroc.com\/wp-content\/uploads\/2025\/04\/www.otmaroc.com-0623512008-otmaroc2024@gmail.com-119-150x150.png",150,150,true],"medium":["https:\/\/otmaroc.com\/wp-content\/uploads\/2025\/04\/www.otmaroc.com-0623512008-otmaroc2024@gmail.com-119-300x300.png",300,300,true],"medium_large":["https:\/\/otmaroc.com\/wp-content\/uploads\/2025\/04\/www.otmaroc.com-0623512008-otmaroc2024@gmail.com-119-768x768.png",768,768,true],"large":["https:\/\/otmaroc.com\/wp-content\/uploads\/2025\/04\/www.otmaroc.com-0623512008-otmaroc2024@gmail.com-119-1024x1024.png",1024,1024,true],"1536x1536":["https:\/\/otmaroc.com\/wp-content\/uploads\/2025\/04\/www.otmaroc.com-0623512008-otmaroc2024@gmail.com-119.png",1080,1080,false],"2048x2048":["https:\/\/otmaroc.com\/wp-content\/uploads\/2025\/04\/www.otmaroc.com-0623512008-otmaroc2024@gmail.com-119.png",1080,1080,false],"trp-custom-language-flag":["https:\/\/otmaroc.com\/wp-content\/uploads\/2025\/04\/www.otmaroc.com-0623512008-otmaroc2024@gmail.com-119-12x12.png",12,12,true],"woocommerce_thumbnail":["https:\/\/otmaroc.com\/wp-content\/uploads\/2025\/04\/www.otmaroc.com-0623512008-otmaroc2024@gmail.com-119-300x300.png",300,300,true],"woocommerce_single":["https:\/\/otmaroc.com\/wp-content\/uploads\/2025\/04\/www.otmaroc.com-0623512008-otmaroc2024@gmail.com-119-600x600.png",600,600,true],"woocommerce_gallery_thumbnail":["https:\/\/otmaroc.com\/wp-content\/uploads\/2025\/04\/www.otmaroc.com-0623512008-otmaroc2024@gmail.com-119-100x100.png",100,100,true],"dgwt-wcas-product-suggestion":["https:\/\/otmaroc.com\/wp-content\/uploads\/2025\/04\/www.otmaroc.com-0623512008-otmaroc2024@gmail.com-119-64x64.png",64,64,true]},"uagb_author_info":{"display_name":"othmane iptv","author_link":"https:\/\/otmaroc.com\/ar\/author\/"},"uagb_comment_info":0,"uagb_excerpt":"Coussin de soutien lombaire, id\u00e9al pour soulager les douleurs dorsales et am\u00e9liorer la posture. Parfait pour chaise de bureau ou si\u00e8ge auto. Livraison rapide au Maroc.","jetpack_sharing_enabled":true,"_links":{"self":[{"href":"https:\/\/otmaroc.com\/ar\/wp-json\/wp\/v2\/product\/4571"}],"collection":[{"href":"https:\/\/otmaroc.com\/ar\/wp-json\/wp\/v2\/product"}],"about":[{"href":"https:\/\/otmaroc.com\/ar\/wp-json\/wp\/v2\/types\/product"}],"replies":[{"embeddable":true,"href":"https:\/\/otmaroc.com\/ar\/wp-json\/wp\/v2\/comments?post=4571"}],"wp:featuredmedia":[{"embeddable":true,"href":"https:\/\/otmaroc.com\/ar\/wp-json\/wp\/v2\/media\/4575"}],"wp:attachment":[{"href":"https:\/\/otmaroc.com\/ar\/wp-json\/wp\/v2\/media?parent=4571"}],"wp:term":[{"taxonomy":"product_cat","embeddable":true,"href":"https:\/\/otmaroc.com\/ar\/wp-json\/wp\/v2\/product_cat?post=4571"},{"taxonomy":"product_tag","embeddable":true,"href":"https:\/\/otmaroc.com\/ar\/wp-json\/wp\/v2\/product_tag?post=4571"}],"curies":[{"name":"wp","href":"https:\/\/api.w.org\/{rel}","templated":true}]}}