{"id":4556,"date":"2025-04-21T11:14:01","date_gmt":"2025-04-21T11:14:01","guid":{"rendered":"https:\/\/otmaroc.com\/?post_type=product&#038;p=4556"},"modified":"2025-04-21T11:30:06","modified_gmt":"2025-04-21T11:30:06","slug":"support-pc-portable-au-maroc","status":"publish","type":"product","link":"https:\/\/otmaroc.com\/ar\/product\/support-pc-portable-au-maroc\/","title":{"rendered":"\u062d\u0627\u0645\u0644 \u0627\u0644\u0643\u0645\u0628\u064a\u0648\u062a\u0631"},"content":{"rendered":"<p data-start=\"844\" data-end=\"1058\"><img loading=\"lazy\" decoding=\"async\" class=\"alignnone wp-image-4564\" src=\"https:\/\/otmaroc.com\/wp-content\/uploads\/2025\/04\/965bf98188e02da8222b910239c412af-159x300.jpg\" alt=\"\" width=\"206\" height=\"389\" srcset=\"https:\/\/otmaroc.com\/wp-content\/uploads\/2025\/04\/965bf98188e02da8222b910239c412af-159x300.jpg 159w, https:\/\/otmaroc.com\/wp-content\/uploads\/2025\/04\/965bf98188e02da8222b910239c412af-541x1024.jpg 541w, https:\/\/otmaroc.com\/wp-content\/uploads\/2025\/04\/965bf98188e02da8222b910239c412af-768x1454.jpg 768w, https:\/\/otmaroc.com\/wp-content\/uploads\/2025\/04\/965bf98188e02da8222b910239c412af-812x1536.jpg 812w, https:\/\/otmaroc.com\/wp-content\/uploads\/2025\/04\/965bf98188e02da8222b910239c412af-6x12.jpg 6w, https:\/\/otmaroc.com\/wp-content\/uploads\/2025\/04\/965bf98188e02da8222b910239c412af-600x1136.jpg 600w, https:\/\/otmaroc.com\/wp-content\/uploads\/2025\/04\/965bf98188e02da8222b910239c412af-64x121.jpg 64w, https:\/\/otmaroc.com\/wp-content\/uploads\/2025\/04\/965bf98188e02da8222b910239c412af.jpg 960w\" sizes=\"(max-width: 206px) 100vw, 206px\" \/> <img loading=\"lazy\" decoding=\"async\" class=\"alignnone wp-image-4559\" src=\"https:\/\/otmaroc.com\/wp-content\/uploads\/2025\/04\/2f879ae7b3d5ab5f2c4d23182caef663-175x300.jpg\" alt=\"\" width=\"226\" height=\"387\" srcset=\"https:\/\/otmaroc.com\/wp-content\/uploads\/2025\/04\/2f879ae7b3d5ab5f2c4d23182caef663-175x300.jpg 175w, https:\/\/otmaroc.com\/wp-content\/uploads\/2025\/04\/2f879ae7b3d5ab5f2c4d23182caef663-597x1024.jpg 597w, https:\/\/otmaroc.com\/wp-content\/uploads\/2025\/04\/2f879ae7b3d5ab5f2c4d23182caef663-768x1317.jpg 768w, https:\/\/otmaroc.com\/wp-content\/uploads\/2025\/04\/2f879ae7b3d5ab5f2c4d23182caef663-896x1536.jpg 896w, https:\/\/otmaroc.com\/wp-content\/uploads\/2025\/04\/2f879ae7b3d5ab5f2c4d23182caef663-7x12.jpg 7w, https:\/\/otmaroc.com\/wp-content\/uploads\/2025\/04\/2f879ae7b3d5ab5f2c4d23182caef663-600x1029.jpg 600w, https:\/\/otmaroc.com\/wp-content\/uploads\/2025\/04\/2f879ae7b3d5ab5f2c4d23182caef663-64x110.jpg 64w, https:\/\/otmaroc.com\/wp-content\/uploads\/2025\/04\/2f879ae7b3d5ab5f2c4d23182caef663.jpg 960w\" sizes=\"(max-width: 226px) 100vw, 226px\" \/><\/p>\n<p class=\" translation-block\" data-start=\"844\" data-end=\"1058\">\u0642\u0645 \u0628\u062a\u062d\u0633\u064a\u0646 \u0631\u0627\u062d\u062a\u0643 \u0628\u0627\u0633\u062a\u062e\u062f\u0627\u0645 \u062d\u0627\u0645\u0644 \u0627\u0644\u0643\u0645\u0628\u064a\u0648\u062a\u0631 \u0627\u0644\u0645\u062d\u0645\u0648\u0644 \u0627\u0644\u0645\u0631\u064a\u062d \u0647\u0630\u0627\u060c \u0627\u0644\u0645\u0635\u0645\u0645 \u0644\u062a\u062e\u0641\u064a\u0641 \u0622\u0644\u0627\u0645 \u0627\u0644\u0631\u0642\u0628\u0629 \u0648\u062a\u062d\u0633\u064a\u0646 \u062f\u0648\u0631\u0627\u0646 \u0627\u0644\u0647\u0648\u0627\u0621 \u0623\u0633\u0641\u0644 \u062c\u0647\u0627\u0632\u0643. \u064a\u0646\u0627\u0633\u0628 \u062c\u0645\u064a\u0639 \u0623\u062c\u0647\u0632\u0629 \u0627\u0644\u0643\u0645\u0628\u064a\u0648\u062a\u0631 \u0627\u0644\u0645\u062d\u0645\u0648\u0644\u0629 \u0645\u0646 10 \u0625\u0644\u0649 17 \u0628\u0648\u0635\u0629.<\/p>\n<p class=\"\" data-start=\"1060\" data-end=\"1379\">\u2705 \u0642\u0627\u0628\u0644\u0629 \u0644\u0644\u062a\u0639\u062f\u064a\u0644 \u0641\u064a \u0627\u0644\u0627\u0631\u062a\u0641\u0627\u0639 \u0648\u0627\u0644\u0632\u0627\u0648\u064a\u0629<\/p>\n<p class=\"\" data-start=\"1060\" data-end=\"1379\">\u00a0<img loading=\"lazy\" decoding=\"async\" class=\"alignnone size-medium wp-image-4560\" src=\"https:\/\/otmaroc.com\/wp-content\/uploads\/2025\/04\/3TT6eQvXHi2YWgvHNYxM2EaQpFy1XG7JFXPXaddM-300x300.jpg\" alt=\"\" width=\"300\" height=\"300\" srcset=\"https:\/\/otmaroc.com\/wp-content\/uploads\/2025\/04\/3TT6eQvXHi2YWgvHNYxM2EaQpFy1XG7JFXPXaddM-300x300.jpg 300w, https:\/\/otmaroc.com\/wp-content\/uploads\/2025\/04\/3TT6eQvXHi2YWgvHNYxM2EaQpFy1XG7JFXPXaddM-150x150.jpg 150w, https:\/\/otmaroc.com\/wp-content\/uploads\/2025\/04\/3TT6eQvXHi2YWgvHNYxM2EaQpFy1XG7JFXPXaddM-12x12.jpg 12w, https:\/\/otmaroc.com\/wp-content\/uploads\/2025\/04\/3TT6eQvXHi2YWgvHNYxM2EaQpFy1XG7JFXPXaddM-600x600.jpg 600w, https:\/\/otmaroc.com\/wp-content\/uploads\/2025\/04\/3TT6eQvXHi2YWgvHNYxM2EaQpFy1XG7JFXPXaddM-100x100.jpg 100w, https:\/\/otmaroc.com\/wp-content\/uploads\/2025\/04\/3TT6eQvXHi2YWgvHNYxM2EaQpFy1XG7JFXPXaddM-64x64.jpg 64w, https:\/\/otmaroc.com\/wp-content\/uploads\/2025\/04\/3TT6eQvXHi2YWgvHNYxM2EaQpFy1XG7JFXPXaddM.jpg 680w\" sizes=\"(max-width: 300px) 100vw, 300px\" \/><br data-start=\"1093\" data-end=\"1096\" \/>\u2705 \u0647\u064a\u0643\u0644 \u0642\u0648\u064a \u0645\u0646 \u0633\u0628\u0627\u0626\u0643 \u0627\u0644\u0623\u0644\u0648\u0645\u0646\u064a\u0648\u0645<\/p>\n<p class=\"\" data-start=\"1060\" data-end=\"1379\"><img loading=\"lazy\" decoding=\"async\" class=\"alignnone size-medium wp-image-4565\" src=\"https:\/\/otmaroc.com\/wp-content\/uploads\/2025\/04\/729186e7746e4216059c48327595f1cd-300x300.jpg\" alt=\"\" width=\"300\" height=\"300\" srcset=\"https:\/\/otmaroc.com\/wp-content\/uploads\/2025\/04\/729186e7746e4216059c48327595f1cd-300x300.jpg 300w, https:\/\/otmaroc.com\/wp-content\/uploads\/2025\/04\/729186e7746e4216059c48327595f1cd-150x150.jpg 150w, https:\/\/otmaroc.com\/wp-content\/uploads\/2025\/04\/729186e7746e4216059c48327595f1cd-768x768.jpg 768w, https:\/\/otmaroc.com\/wp-content\/uploads\/2025\/04\/729186e7746e4216059c48327595f1cd-12x12.jpg 12w, https:\/\/otmaroc.com\/wp-content\/uploads\/2025\/04\/729186e7746e4216059c48327595f1cd-600x600.jpg 600w, https:\/\/otmaroc.com\/wp-content\/uploads\/2025\/04\/729186e7746e4216059c48327595f1cd-100x100.jpg 100w, https:\/\/otmaroc.com\/wp-content\/uploads\/2025\/04\/729186e7746e4216059c48327595f1cd-64x64.jpg 64w, https:\/\/otmaroc.com\/wp-content\/uploads\/2025\/04\/729186e7746e4216059c48327595f1cd.jpg 960w\" sizes=\"(max-width: 300px) 100vw, 300px\" \/><br data-start=\"1141\" data-end=\"1144\" \/>\u2705 \u063a\u064a\u0631 \u0642\u0627\u0628\u0644\u0629 \u0644\u0644\u0627\u0646\u0632\u0644\u0627\u0642 \u0645\u0639 \u0648\u0633\u0627\u062f\u0627\u062a \u0633\u064a\u0644\u064a\u0643\u0648\u0646<br data-start=\"1180\" data-end=\"1183\" \/>\u2705 \u062a\u0635\u0645\u064a\u0645 \u0642\u0627\u0628\u0644 \u0644\u0644\u0637\u064a \u0648\u062e\u0641\u064a\u0641 \u0627\u0644\u0648\u0632\u0646 \u0644\u0644\u063a\u0627\u064a\u0629 \u0644\u0633\u0647\u0648\u0644\u0629 \u0627\u0644\u0646\u0642\u0644<br data-start=\"1239\" data-end=\"1242\" \/>\u2705 \u064a\u0639\u0632\u0632 \u062a\u0647\u0648\u064a\u0629 \u0627\u0644\u0643\u0645\u0628\u064a\u0648\u062a\u0631<\/p>\n<p class=\"\" data-start=\"1060\" data-end=\"1379\"><img loading=\"lazy\" decoding=\"async\" class=\"alignnone size-medium wp-image-4569\" src=\"https:\/\/otmaroc.com\/wp-content\/uploads\/2025\/04\/ZvlJdXcw7rnSPaAsgm3yKCPRDBNCHpP25Zdiz5d5-300x300.jpg\" alt=\"\" width=\"300\" height=\"300\" srcset=\"https:\/\/otmaroc.com\/wp-content\/uploads\/2025\/04\/ZvlJdXcw7rnSPaAsgm3yKCPRDBNCHpP25Zdiz5d5-300x300.jpg 300w, https:\/\/otmaroc.com\/wp-content\/uploads\/2025\/04\/ZvlJdXcw7rnSPaAsgm3yKCPRDBNCHpP25Zdiz5d5-150x150.jpg 150w, https:\/\/otmaroc.com\/wp-content\/uploads\/2025\/04\/ZvlJdXcw7rnSPaAsgm3yKCPRDBNCHpP25Zdiz5d5-12x12.jpg 12w, https:\/\/otmaroc.com\/wp-content\/uploads\/2025\/04\/ZvlJdXcw7rnSPaAsgm3yKCPRDBNCHpP25Zdiz5d5-600x600.jpg 600w, https:\/\/otmaroc.com\/wp-content\/uploads\/2025\/04\/ZvlJdXcw7rnSPaAsgm3yKCPRDBNCHpP25Zdiz5d5-100x100.jpg 100w, https:\/\/otmaroc.com\/wp-content\/uploads\/2025\/04\/ZvlJdXcw7rnSPaAsgm3yKCPRDBNCHpP25Zdiz5d5-64x64.jpg 64w, https:\/\/otmaroc.com\/wp-content\/uploads\/2025\/04\/ZvlJdXcw7rnSPaAsgm3yKCPRDBNCHpP25Zdiz5d5.jpg 680w\" sizes=\"(max-width: 300px) 100vw, 300px\" \/><br data-start=\"1283\" data-end=\"1286\" \/>\u2705 \u0645\u062b\u0627\u0644\u064a \u0644\u0644\u0645\u0646\u0632\u0644 \u0623\u0648 \u0627\u0644\u0645\u0643\u062a\u0628 \u0623\u0648 \u0623\u062b\u0646\u0627\u0621 \u0627\u0644\u062a\u0646\u0642\u0644<br data-start=\"1341\" data-end=\"1344\" \/>\u2705 \u062a\u0648\u0635\u064a\u0644 \u0633\u0631\u064a\u0639 \u0641\u064a \u062c\u0645\u064a\u0639 \u0623\u0646\u062d\u0627\u0621 \u0627\u0644\u0645\u063a\u0631\u0628<\/p>","protected":false},"excerpt":{"rendered":"<p>\u062d\u0627\u0645\u0644 \u0643\u0645\u0628\u064a\u0648\u062a\u0631 \u0645\u062d\u0645\u0648\u0644 \u0642\u0627\u0628\u0644 \u0644\u0644\u0637\u064a \u0648\u062a\u0639\u062f\u064a\u0644 \u0627\u0644\u0627\u0631\u062a\u0641\u0627\u0639. \u0645\u062b\u0627\u0644\u064a \u0644\u0644\u0645\u0643\u062a\u0628 \u0623\u0648 \u0627\u0644\u0645\u0646\u0632\u0644 \u0623\u0648 \u0627\u0644\u0639\u0645\u0644 \u0639\u0646 \u0628\u0639\u062f. \u062e\u0641\u064a\u0641\u0629 \u0627\u0644\u0648\u0632\u0646\u060c \u0642\u0648\u064a\u0629 \u0648\u0633\u0647\u0644\u0629 \u0627\u0644\u062d\u0645\u0644. \u0627\u0644\u062a\u0633\u0644\u064a\u0645 \u0641\u064a \u062c\u0645\u064a\u0639 \u0623\u0646\u062d\u0627\u0621 \u0627\u0644\u0645\u063a\u0631\u0628.<\/p>","protected":false},"featured_media":4568,"comment_status":"open","ping_status":"closed","template":"","meta":{"_uag_custom_page_level_css":"","site-sidebar-layout":"default","site-content-layout":"","ast-site-content-layout":"default","site-content-style":"default","site-sidebar-style":"default","ast-global-header-display":"","ast-banner-title-visibility":"","ast-main-header-display":"","ast-hfb-above-header-display":"","ast-hfb-below-header-display":"","ast-hfb-mobile-header-display":"","site-post-title":"","ast-breadcrumbs-content":"","ast-featured-img":"","footer-sml-layout":"","theme-transparent-header-meta":"default","adv-header-id-meta":"","stick-header-meta":"","header-above-stick-meta":"","header-main-stick-meta":"","header-below-stick-meta":"","astra-migrate-meta-layouts":"set","ast-page-background-enabled":"default","ast-page-background-meta":{"desktop":{"background-color":"","background-image":"","background-repeat":"repeat","background-position":"center center","background-size":"auto","background-attachment":"scroll","background-type":"","background-media":"","overlay-type":"","overlay-color":"","overlay-opacity":"","overlay-gradient":""},"tablet":{"background-color":"","background-image":"","background-repeat":"repeat","background-position":"center center","background-size":"auto","background-attachment":"scroll","background-type":"","background-media":"","overlay-type":"","overlay-color":"","overlay-opacity":"","overlay-gradient":""},"mobile":{"background-color":"","background-image":"","background-repeat":"repeat","background-position":"center center","background-size":"auto","background-attachment":"scroll","background-type":"","background-media":"","overlay-type":"","overlay-color":"","overlay-opacity":"","overlay-gradient":""}},"ast-content-background-meta":{"desktop":{"background-color":"var(--ast-global-color-5)","background-image":"","background-repeat":"repeat","background-position":"center center","background-size":"auto","background-attachment":"scroll","background-type":"","background-media":"","overlay-type":"","overlay-color":"","overlay-opacity":"","overlay-gradient":""},"tablet":{"background-color":"var(--ast-global-color-5)","background-image":"","background-repeat":"repeat","background-position":"center center","background-size":"auto","background-attachment":"scroll","background-type":"","background-media":"","overlay-type":"","overlay-color":"","overlay-opacity":"","overlay-gradient":""},"mobile":{"background-color":"var(--ast-global-color-5)","background-image":"","background-repeat":"repeat","background-position":"center center","background-size":"auto","background-attachment":"scroll","background-type":"","background-media":"","overlay-type":"","overlay-color":"","overlay-opacity":"","overlay-gradient":""}}},"product_cat":[111,31,87,82,63,88],"product_tag":[],"class_list":{"0":"post-4556","1":"product","2":"type-product","3":"status-publish","4":"has-post-thumbnail","6":"product_cat-bureaux-ergonomique","7":"product_cat-les-aides-techniques","8":"product_cat-technologie","9":"product_cat-tous-les-aides-techniques","10":"product_cat-tous-les-produits","11":"product_cat-vie-quotidienne","12":"desktop-align-left","13":"tablet-align-left","14":"mobile-align-left","16":"first","17":"instock","18":"shipping-taxable","19":"purchasable","20":"product-type-simple"},"yoast_head":"<!-- This site is optimized with the Yoast SEO plugin v23.5 - https:\/\/yoast.com\/wordpress\/plugins\/seo\/ -->\n<title>Support pour PC Portable \u2013 R\u00e9glable au Maroc<\/title>\n<meta name=\"description\" content=\"Support PC r\u00e9glable pour am\u00e9liorer votre posture et ventiler votre ordinateur. L\u00e9ger, pliable et compatible avec tous les mod\u00e8les. Livraison au Maroc.\" \/>\n<meta name=\"robots\" content=\"index, follow, max-snippet:-1, max-image-preview:large, max-video-preview:-1\" \/>\n<link rel=\"canonical\" href=\"https:\/\/otmaroc.com\/ar\/product\/support-pc-portable-au-maroc\/\" \/>\n<meta property=\"og:locale\" content=\"ar_AR\" \/>\n<meta property=\"og:type\" content=\"article\" \/>\n<meta property=\"og:title\" content=\"Support pour PC Portable \u2013 R\u00e9glable au Maroc\" \/>\n<meta property=\"og:description\" content=\"Support PC r\u00e9glable pour am\u00e9liorer votre posture et ventiler votre ordinateur. L\u00e9ger, pliable et compatible avec tous les mod\u00e8les. Livraison au Maroc.\" \/>\n<meta property=\"og:url\" content=\"https:\/\/otmaroc.com\/ar\/product\/support-pc-portable-au-maroc\/\" \/>\n<meta property=\"og:site_name\" content=\"OTMAROC\" \/>\n<meta property=\"article:publisher\" content=\"https:\/\/www.facebook.com\/profile.php?id=61565107472257\" \/>\n<meta property=\"article:modified_time\" content=\"2025-04-21T11:30:06+00:00\" \/>\n<meta property=\"og:image\" content=\"https:\/\/otmaroc.com\/wp-content\/uploads\/2025\/04\/www.otmaroc.com-0623512008-otmaroc2024@gmail.com-1-1.png\" \/>\n\t<meta property=\"og:image:width\" content=\"1080\" \/>\n\t<meta property=\"og:image:height\" content=\"1080\" \/>\n\t<meta property=\"og:image:type\" content=\"image\/png\" \/>\n<meta name=\"twitter:card\" content=\"summary_large_image\" \/>\n<meta name=\"twitter:label1\" content=\"\u0648\u0642\u062a \u0627\u0644\u0642\u0631\u0627\u0621\u0629 \u0627\u0644\u0645\u064f\u0642\u062f\u0651\u0631\" \/>\n\t<meta name=\"twitter:data1\" content=\"\u062f\u0642\u064a\u0642\u062a\u0627\u0646\" \/>\n<script type=\"application\/ld+json\" class=\"yoast-schema-graph\">{\"@context\":\"https:\/\/schema.org\",\"@graph\":[{\"@type\":\"WebPage\",\"@id\":\"https:\/\/otmaroc.com\/product\/support-pc-portable-au-maroc\/\",\"url\":\"https:\/\/otmaroc.com\/product\/support-pc-portable-au-maroc\/\",\"name\":\"Support pour PC Portable \u2013 R\u00e9glable au Maroc\",\"isPartOf\":{\"@id\":\"https:\/\/otmaroc.com\/#website\"},\"primaryImageOfPage\":{\"@id\":\"https:\/\/otmaroc.com\/product\/support-pc-portable-au-maroc\/#primaryimage\"},\"image\":{\"@id\":\"https:\/\/otmaroc.com\/product\/support-pc-portable-au-maroc\/#primaryimage\"},\"thumbnailUrl\":\"https:\/\/otmaroc.com\/wp-content\/uploads\/2025\/04\/www.otmaroc.com-0623512008-otmaroc2024@gmail.com-1-1.png\",\"datePublished\":\"2025-04-21T11:14:01+00:00\",\"dateModified\":\"2025-04-21T11:30:06+00:00\",\"description\":\"Support PC r\u00e9glable pour am\u00e9liorer votre posture et ventiler votre ordinateur. L\u00e9ger, pliable et compatible avec tous les mod\u00e8les. Livraison au Maroc.\",\"breadcrumb\":{\"@id\":\"https:\/\/otmaroc.com\/product\/support-pc-portable-au-maroc\/#breadcrumb\"},\"inLanguage\":\"ar\",\"potentialAction\":[{\"@type\":\"ReadAction\",\"target\":[\"https:\/\/otmaroc.com\/product\/support-pc-portable-au-maroc\/\"]}]},{\"@type\":\"ImageObject\",\"inLanguage\":\"ar\",\"@id\":\"https:\/\/otmaroc.com\/product\/support-pc-portable-au-maroc\/#primaryimage\",\"url\":\"https:\/\/otmaroc.com\/wp-content\/uploads\/2025\/04\/www.otmaroc.com-0623512008-otmaroc2024@gmail.com-1-1.png\",\"contentUrl\":\"https:\/\/otmaroc.com\/wp-content\/uploads\/2025\/04\/www.otmaroc.com-0623512008-otmaroc2024@gmail.com-1-1.png\",\"width\":1080,\"height\":1080},{\"@type\":\"BreadcrumbList\",\"@id\":\"https:\/\/otmaroc.com\/product\/support-pc-portable-au-maroc\/#breadcrumb\",\"itemListElement\":[{\"@type\":\"ListItem\",\"position\":1,\"name\":\"Home\",\"item\":\"https:\/\/otmaroc.com\/\"},{\"@type\":\"ListItem\",\"position\":2,\"name\":\"Products\",\"item\":\"https:\/\/otmaroc.com\/store\/\"},{\"@type\":\"ListItem\",\"position\":3,\"name\":\"Support PC Portable au Maroc\"}]},{\"@type\":\"WebSite\",\"@id\":\"https:\/\/otmaroc.com\/#website\",\"url\":\"https:\/\/otmaroc.com\/\",\"name\":\"OTMAROC\",\"description\":\"The number one website in morocco for occupational therapy\",\"publisher\":{\"@id\":\"https:\/\/otmaroc.com\/#organization\"},\"potentialAction\":[{\"@type\":\"SearchAction\",\"target\":{\"@type\":\"EntryPoint\",\"urlTemplate\":\"https:\/\/otmaroc.com\/?s={search_term_string}\"},\"query-input\":{\"@type\":\"PropertyValueSpecification\",\"valueRequired\":true,\"valueName\":\"search_term_string\"}}],\"inLanguage\":\"ar\"},{\"@type\":\"Organization\",\"@id\":\"https:\/\/otmaroc.com\/#organization\",\"name\":\"OTMAROC\",\"url\":\"https:\/\/otmaroc.com\/\",\"logo\":{\"@type\":\"ImageObject\",\"inLanguage\":\"ar\",\"@id\":\"https:\/\/otmaroc.com\/#\/schema\/logo\/image\/\",\"url\":\"https:\/\/otmaroc.com\/wp-content\/uploads\/2024\/08\/cropped-cropped-Black_White_Yellow_Simple_Initial_Name_Logo-removebg-preview-2.png\",\"contentUrl\":\"https:\/\/otmaroc.com\/wp-content\/uploads\/2024\/08\/cropped-cropped-Black_White_Yellow_Simple_Initial_Name_Logo-removebg-preview-2.png\",\"width\":298,\"height\":192,\"caption\":\"OTMAROC\"},\"image\":{\"@id\":\"https:\/\/otmaroc.com\/#\/schema\/logo\/image\/\"},\"sameAs\":[\"https:\/\/www.facebook.com\/profile.php?id=61565107472257\",\"https:\/\/www.instagram.com\/otmaroc2024\/\",\"https:\/\/www.youtube.com\/@othmaneksaibar6763\",\"https:\/\/api.whatsapp.com\/send?phone=2120623512008\"]}]}<\/script>\n<!-- \/ Yoast SEO plugin. -->","yoast_head_json":{"title":"Support pour PC Portable \u2013 R\u00e9glable au Maroc","description":"Support PC r\u00e9glable pour am\u00e9liorer votre posture et ventiler votre ordinateur. L\u00e9ger, pliable et compatible avec tous les mod\u00e8les. Livraison au Maroc.","robots":{"index":"index","follow":"follow","max-snippet":"max-snippet:-1","max-image-preview":"max-image-preview:large","max-video-preview":"max-video-preview:-1"},"canonical":"https:\/\/otmaroc.com\/ar\/product\/support-pc-portable-au-maroc\/","og_locale":"ar_AR","og_type":"article","og_title":"Support pour PC Portable \u2013 R\u00e9glable au Maroc","og_description":"Support PC r\u00e9glable pour am\u00e9liorer votre posture et ventiler votre ordinateur. L\u00e9ger, pliable et compatible avec tous les mod\u00e8les. Livraison au Maroc.","og_url":"https:\/\/otmaroc.com\/ar\/product\/support-pc-portable-au-maroc\/","og_site_name":"OTMAROC","article_publisher":"https:\/\/www.facebook.com\/profile.php?id=61565107472257","article_modified_time":"2025-04-21T11:30:06+00:00","og_image":[{"width":1080,"height":1080,"url":"https:\/\/otmaroc.com\/wp-content\/uploads\/2025\/04\/www.otmaroc.com-0623512008-otmaroc2024@gmail.com-1-1.png","type":"image\/png"}],"twitter_card":"summary_large_image","twitter_misc":{"\u0648\u0642\u062a \u0627\u0644\u0642\u0631\u0627\u0621\u0629 \u0627\u0644\u0645\u064f\u0642\u062f\u0651\u0631":"\u062f\u0642\u064a\u0642\u062a\u0627\u0646"},"schema":{"@context":"https:\/\/schema.org","@graph":[{"@type":"WebPage","@id":"https:\/\/otmaroc.com\/product\/support-pc-portable-au-maroc\/","url":"https:\/\/otmaroc.com\/product\/support-pc-portable-au-maroc\/","name":"Support pour PC Portable \u2013 R\u00e9glable au Maroc","isPartOf":{"@id":"https:\/\/otmaroc.com\/#website"},"primaryImageOfPage":{"@id":"https:\/\/otmaroc.com\/product\/support-pc-portable-au-maroc\/#primaryimage"},"image":{"@id":"https:\/\/otmaroc.com\/product\/support-pc-portable-au-maroc\/#primaryimage"},"thumbnailUrl":"https:\/\/otmaroc.com\/wp-content\/uploads\/2025\/04\/www.otmaroc.com-0623512008-otmaroc2024@gmail.com-1-1.png","datePublished":"2025-04-21T11:14:01+00:00","dateModified":"2025-04-21T11:30:06+00:00","description":"Support PC r\u00e9glable pour am\u00e9liorer votre posture et ventiler votre ordinateur. L\u00e9ger, pliable et compatible avec tous les mod\u00e8les. Livraison au Maroc.","breadcrumb":{"@id":"https:\/\/otmaroc.com\/product\/support-pc-portable-au-maroc\/#breadcrumb"},"inLanguage":"ar","potentialAction":[{"@type":"ReadAction","target":["https:\/\/otmaroc.com\/product\/support-pc-portable-au-maroc\/"]}]},{"@type":"ImageObject","inLanguage":"ar","@id":"https:\/\/otmaroc.com\/product\/support-pc-portable-au-maroc\/#primaryimage","url":"https:\/\/otmaroc.com\/wp-content\/uploads\/2025\/04\/www.otmaroc.com-0623512008-otmaroc2024@gmail.com-1-1.png","contentUrl":"https:\/\/otmaroc.com\/wp-content\/uploads\/2025\/04\/www.otmaroc.com-0623512008-otmaroc2024@gmail.com-1-1.png","width":1080,"height":1080},{"@type":"BreadcrumbList","@id":"https:\/\/otmaroc.com\/product\/support-pc-portable-au-maroc\/#breadcrumb","itemListElement":[{"@type":"ListItem","position":1,"name":"Home","item":"https:\/\/otmaroc.com\/"},{"@type":"ListItem","position":2,"name":"Products","item":"https:\/\/otmaroc.com\/store\/"},{"@type":"ListItem","position":3,"name":"Support PC Portable au Maroc"}]},{"@type":"WebSite","@id":"https:\/\/otmaroc.com\/#website","url":"https:\/\/otmaroc.com\/","name":"OTMAROC","description":"The number one website in morocco for occupational therapy","publisher":{"@id":"https:\/\/otmaroc.com\/#organization"},"potentialAction":[{"@type":"SearchAction","target":{"@type":"EntryPoint","urlTemplate":"https:\/\/otmaroc.com\/?s={search_term_string}"},"query-input":{"@type":"PropertyValueSpecification","valueRequired":true,"valueName":"search_term_string"}}],"inLanguage":"ar"},{"@type":"Organization","@id":"https:\/\/otmaroc.com\/#organization","name":"OTMAROC","url":"https:\/\/otmaroc.com\/","logo":{"@type":"ImageObject","inLanguage":"ar","@id":"https:\/\/otmaroc.com\/#\/schema\/logo\/image\/","url":"https:\/\/otmaroc.com\/wp-content\/uploads\/2024\/08\/cropped-cropped-Black_White_Yellow_Simple_Initial_Name_Logo-removebg-preview-2.png","contentUrl":"https:\/\/otmaroc.com\/wp-content\/uploads\/2024\/08\/cropped-cropped-Black_White_Yellow_Simple_Initial_Name_Logo-removebg-preview-2.png","width":298,"height":192,"caption":"OTMAROC"},"image":{"@id":"https:\/\/otmaroc.com\/#\/schema\/logo\/image\/"},"sameAs":["https:\/\/www.facebook.com\/profile.php?id=61565107472257","https:\/\/www.instagram.com\/otmaroc2024\/","https:\/\/www.youtube.com\/@othmaneksaibar6763","https:\/\/api.whatsapp.com\/send?phone=2120623512008"]}]}},"uagb_featured_image_src":{"full":["https:\/\/otmaroc.com\/wp-content\/uploads\/2025\/04\/www.otmaroc.com-0623512008-otmaroc2024@gmail.com-1-1.png",1080,1080,false],"thumbnail":["https:\/\/otmaroc.com\/wp-content\/uploads\/2025\/04\/www.otmaroc.com-0623512008-otmaroc2024@gmail.com-1-1-150x150.png",150,150,true],"medium":["https:\/\/otmaroc.com\/wp-content\/uploads\/2025\/04\/www.otmaroc.com-0623512008-otmaroc2024@gmail.com-1-1-300x300.png",300,300,true],"medium_large":["https:\/\/otmaroc.com\/wp-content\/uploads\/2025\/04\/www.otmaroc.com-0623512008-otmaroc2024@gmail.com-1-1-768x768.png",768,768,true],"large":["https:\/\/otmaroc.com\/wp-content\/uploads\/2025\/04\/www.otmaroc.com-0623512008-otmaroc2024@gmail.com-1-1-1024x1024.png",1024,1024,true],"1536x1536":["https:\/\/otmaroc.com\/wp-content\/uploads\/2025\/04\/www.otmaroc.com-0623512008-otmaroc2024@gmail.com-1-1.png",1080,1080,false],"2048x2048":["https:\/\/otmaroc.com\/wp-content\/uploads\/2025\/04\/www.otmaroc.com-0623512008-otmaroc2024@gmail.com-1-1.png",1080,1080,false],"trp-custom-language-flag":["https:\/\/otmaroc.com\/wp-content\/uploads\/2025\/04\/www.otmaroc.com-0623512008-otmaroc2024@gmail.com-1-1-12x12.png",12,12,true],"woocommerce_thumbnail":["https:\/\/otmaroc.com\/wp-content\/uploads\/2025\/04\/www.otmaroc.com-0623512008-otmaroc2024@gmail.com-1-1-300x300.png",300,300,true],"woocommerce_single":["https:\/\/otmaroc.com\/wp-content\/uploads\/2025\/04\/www.otmaroc.com-0623512008-otmaroc2024@gmail.com-1-1-600x600.png",600,600,true],"woocommerce_gallery_thumbnail":["https:\/\/otmaroc.com\/wp-content\/uploads\/2025\/04\/www.otmaroc.com-0623512008-otmaroc2024@gmail.com-1-1-100x100.png",100,100,true],"dgwt-wcas-product-suggestion":["https:\/\/otmaroc.com\/wp-content\/uploads\/2025\/04\/www.otmaroc.com-0623512008-otmaroc2024@gmail.com-1-1-64x64.png",64,64,true]},"uagb_author_info":{"display_name":"othmane iptv","author_link":"https:\/\/otmaroc.com\/ar\/author\/"},"uagb_comment_info":0,"uagb_excerpt":"Support pour ordinateur portable, pliable et r\u00e9glable en hauteur. Id\u00e9al pour bureau, maison ou t\u00e9l\u00e9travail. L\u00e9ger, solide et facile \u00e0 transporter. Livraison partout au Maroc.","jetpack_sharing_enabled":true,"_links":{"self":[{"href":"https:\/\/otmaroc.com\/ar\/wp-json\/wp\/v2\/product\/4556"}],"collection":[{"href":"https:\/\/otmaroc.com\/ar\/wp-json\/wp\/v2\/product"}],"about":[{"href":"https:\/\/otmaroc.com\/ar\/wp-json\/wp\/v2\/types\/product"}],"replies":[{"embeddable":true,"href":"https:\/\/otmaroc.com\/ar\/wp-json\/wp\/v2\/comments?post=4556"}],"wp:featuredmedia":[{"embeddable":true,"href":"https:\/\/otmaroc.com\/ar\/wp-json\/wp\/v2\/media\/4568"}],"wp:attachment":[{"href":"https:\/\/otmaroc.com\/ar\/wp-json\/wp\/v2\/media?parent=4556"}],"wp:term":[{"taxonomy":"product_cat","embeddable":true,"href":"https:\/\/otmaroc.com\/ar\/wp-json\/wp\/v2\/product_cat?post=4556"},{"taxonomy":"product_tag","embeddable":true,"href":"https:\/\/otmaroc.com\/ar\/wp-json\/wp\/v2\/product_tag?post=4556"}],"curies":[{"name":"wp","href":"https:\/\/api.w.org\/{rel}","templated":true}]}}