{"id":4531,"date":"2025-04-18T12:48:44","date_gmt":"2025-04-18T12:48:44","guid":{"rendered":"https:\/\/otmaroc.com\/?post_type=product&#038;p=4531"},"modified":"2025-04-29T17:07:23","modified_gmt":"2025-04-29T17:07:23","slug":"coupe-legumes-manuel-multifonctionnel-avec-lames-tranchantes-dechiquette-rape-et-tranche","status":"publish","type":"product","link":"https:\/\/otmaroc.com\/ar\/product\/coupe-legumes-manuel-multifonctionnel-avec-lames-tranchantes-dechiquette-rape-et-tranche\/","title":{"rendered":"\u0642\u0637\u0651\u0627\u0639\u0629 \u062e\u0636\u0627\u0631 \u064a\u062f\u0648\u064a\u0629 \u0645\u062a\u0639\u062f\u062f\u0629 \u0627\u0644\u0648\u0638\u0627\u0626\u0641 \u0628\u0634\u0641\u0631\u0627\u062a \u062d\u0627\u062f\u0629 \u2013 \u062a\u0642\u0637\u064a\u0639\u060c \u0628\u0634\u0631 \u0648\u0634\u0631\u0627\u0626\u062d"},"content":{"rendered":"<p><img loading=\"lazy\" decoding=\"async\" class=\"alignnone size-medium wp-image-4698\" src=\"https:\/\/otmaroc.com\/wp-content\/uploads\/2025\/04\/2-1-1-300x300.jpg\" alt=\"\" width=\"300\" height=\"300\" srcset=\"https:\/\/otmaroc.com\/wp-content\/uploads\/2025\/04\/2-1-1-300x300.jpg 300w, https:\/\/otmaroc.com\/wp-content\/uploads\/2025\/04\/2-1-1-150x150.jpg 150w, https:\/\/otmaroc.com\/wp-content\/uploads\/2025\/04\/2-1-1-12x12.jpg 12w, https:\/\/otmaroc.com\/wp-content\/uploads\/2025\/04\/2-1-1-600x600.jpg 600w, https:\/\/otmaroc.com\/wp-content\/uploads\/2025\/04\/2-1-1-100x100.jpg 100w, https:\/\/otmaroc.com\/wp-content\/uploads\/2025\/04\/2-1-1-64x64.jpg 64w, https:\/\/otmaroc.com\/wp-content\/uploads\/2025\/04\/2-1-1.jpg 680w\" sizes=\"(max-width: 300px) 100vw, 300px\" \/> Y<\/p>\n<p><img loading=\"lazy\" decoding=\"async\" class=\"alignnone size-medium wp-image-4702\" src=\"https:\/\/otmaroc.com\/wp-content\/uploads\/2025\/04\/7-1-300x300.jpg\" alt=\"\" width=\"300\" height=\"300\" srcset=\"https:\/\/otmaroc.com\/wp-content\/uploads\/2025\/04\/7-1-300x300.jpg 300w, https:\/\/otmaroc.com\/wp-content\/uploads\/2025\/04\/7-1-150x150.jpg 150w, https:\/\/otmaroc.com\/wp-content\/uploads\/2025\/04\/7-1-12x12.jpg 12w, https:\/\/otmaroc.com\/wp-content\/uploads\/2025\/04\/7-1-100x100.jpg 100w, https:\/\/otmaroc.com\/wp-content\/uploads\/2025\/04\/7-1-64x64.jpg 64w, https:\/\/otmaroc.com\/wp-content\/uploads\/2025\/04\/7-1.jpg 500w\" sizes=\"(max-width: 300px) 100vw, 300px\" \/><\/p>\n<p>Pr\u00e9parez vos repas plus rapidement gr\u00e2ce \u00e0 cette trancheuse \u00e0 l\u00e9gumes manuelle multifonctionnelle.<\/p>\n<p><img loading=\"lazy\" decoding=\"async\" class=\"alignnone size-medium wp-image-4697\" src=\"https:\/\/otmaroc.com\/wp-content\/uploads\/2025\/04\/pdt2_3_8_2_1_700x700_AAAAH70382_1-300x300.jpg\" alt=\"\" width=\"300\" height=\"300\" srcset=\"https:\/\/otmaroc.com\/wp-content\/uploads\/2025\/04\/pdt2_3_8_2_1_700x700_AAAAH70382_1-300x300.jpg 300w, https:\/\/otmaroc.com\/wp-content\/uploads\/2025\/04\/pdt2_3_8_2_1_700x700_AAAAH70382_1-150x150.jpg 150w, https:\/\/otmaroc.com\/wp-content\/uploads\/2025\/04\/pdt2_3_8_2_1_700x700_AAAAH70382_1-12x12.jpg 12w, https:\/\/otmaroc.com\/wp-content\/uploads\/2025\/04\/pdt2_3_8_2_1_700x700_AAAAH70382_1-600x600.jpg 600w, https:\/\/otmaroc.com\/wp-content\/uploads\/2025\/04\/pdt2_3_8_2_1_700x700_AAAAH70382_1-100x100.jpg 100w, https:\/\/otmaroc.com\/wp-content\/uploads\/2025\/04\/pdt2_3_8_2_1_700x700_AAAAH70382_1-64x64.jpg 64w, https:\/\/otmaroc.com\/wp-content\/uploads\/2025\/04\/pdt2_3_8_2_1_700x700_AAAAH70382_1.jpg 680w\" sizes=\"(max-width: 300px) 100vw, 300px\" \/><\/p>\n<p>\u00c9quip\u00e9 de lames tranchantes et interchangeables pour s&rsquo;adapter \u00e0 tous les types de l\u00e9gumes.<\/p>\n<p><img loading=\"lazy\" decoding=\"async\" class=\"alignnone size-medium wp-image-4700\" src=\"https:\/\/otmaroc.com\/wp-content\/uploads\/2025\/04\/3-2-300x300.jpg\" alt=\"\" width=\"300\" height=\"300\" srcset=\"https:\/\/otmaroc.com\/wp-content\/uploads\/2025\/04\/3-2-300x300.jpg 300w, https:\/\/otmaroc.com\/wp-content\/uploads\/2025\/04\/3-2-150x150.jpg 150w, https:\/\/otmaroc.com\/wp-content\/uploads\/2025\/04\/3-2-12x12.jpg 12w, https:\/\/otmaroc.com\/wp-content\/uploads\/2025\/04\/3-2-600x600.jpg 600w, https:\/\/otmaroc.com\/wp-content\/uploads\/2025\/04\/3-2-100x100.jpg 100w, https:\/\/otmaroc.com\/wp-content\/uploads\/2025\/04\/3-2-64x64.jpg 64w, https:\/\/otmaroc.com\/wp-content\/uploads\/2025\/04\/3-2.jpg 680w\" sizes=\"(max-width: 300px) 100vw, 300px\" \/><br \/>\n\u2705 Lames pour trancher, r\u00e2per et d\u00e9chiqueter<br \/>\n\u2705 Protection des mains et utilisation en toute s\u00e9curit\u00e9<br \/>\n\u2705 Facile \u00e0 laver et \u00e0 nettoyer<\/p>\n<p><img loading=\"lazy\" decoding=\"async\" class=\"alignnone size-medium wp-image-4701\" src=\"https:\/\/otmaroc.com\/wp-content\/uploads\/2025\/04\/6-1-300x300.jpg\" alt=\"\" width=\"300\" height=\"300\" srcset=\"https:\/\/otmaroc.com\/wp-content\/uploads\/2025\/04\/6-1-300x300.jpg 300w, https:\/\/otmaroc.com\/wp-content\/uploads\/2025\/04\/6-1-150x150.jpg 150w, https:\/\/otmaroc.com\/wp-content\/uploads\/2025\/04\/6-1-12x12.jpg 12w, https:\/\/otmaroc.com\/wp-content\/uploads\/2025\/04\/6-1-100x100.jpg 100w, https:\/\/otmaroc.com\/wp-content\/uploads\/2025\/04\/6-1-64x64.jpg 64w, https:\/\/otmaroc.com\/wp-content\/uploads\/2025\/04\/6-1.jpg 500w\" sizes=\"(max-width: 300px) 100vw, 300px\" \/><br \/>\n\u2705 Conception compacte et rangement facile<br \/>\n\u2705 Convient \u00e0 tous les types de l\u00e9gumes et de fruits<br \/>\n\u2705 Livraison rapide dans toutes les villes marocaines<\/p>","protected":false},"excerpt":{"rendered":"<p>\u0642\u0637\u0651\u0627\u0639\u0629 \u062e\u0636\u0627\u0631 \u064a\u062f\u0648\u064a\u0629 \u0628\u0634\u0641\u0631\u0627\u062a \u0645\u062a\u0639\u062f\u062f\u0629 \u0644\u062a\u0642\u0637\u064a\u0639\u060c \u0628\u0634\u0631 \u0648\u0641\u0631\u0645 \u0627\u0644\u062e\u0636\u0631 \u0628\u0633\u0647\u0648\u0644\u0629 \u0648\u0633\u0631\u0639\u0629. \u062a\u0635\u0645\u064a\u0645 \u0639\u0645\u0644\u064a \u0648\u0633\u0647\u0644 \u0627\u0644\u062a\u0646\u0638\u064a\u0641<\/p>","protected":false},"featured_media":4536,"comment_status":"open","ping_status":"closed","template":"","meta":{"_uag_custom_page_level_css":"","site-sidebar-layout":"default","site-content-layout":"","ast-site-content-layout":"default","site-content-style":"default","site-sidebar-style":"default","ast-global-header-display":"","ast-banner-title-visibility":"","ast-main-header-display":"","ast-hfb-above-header-display":"","ast-hfb-below-header-display":"","ast-hfb-mobile-header-display":"","site-post-title":"","ast-breadcrumbs-content":"","ast-featured-img":"","footer-sml-layout":"","theme-transparent-header-meta":"default","adv-header-id-meta":"","stick-header-meta":"","header-above-stick-meta":"","header-main-stick-meta":"","header-below-stick-meta":"","astra-migrate-meta-layouts":"set","ast-page-background-enabled":"default","ast-page-background-meta":{"desktop":{"background-color":"","background-image":"","background-repeat":"repeat","background-position":"center center","background-size":"auto","background-attachment":"scroll","background-type":"","background-media":"","overlay-type":"","overlay-color":"","overlay-opacity":"","overlay-gradient":""},"tablet":{"background-color":"","background-image":"","background-repeat":"repeat","background-position":"center center","background-size":"auto","background-attachment":"scroll","background-type":"","background-media":"","overlay-type":"","overlay-color":"","overlay-opacity":"","overlay-gradient":""},"mobile":{"background-color":"","background-image":"","background-repeat":"repeat","background-position":"center center","background-size":"auto","background-attachment":"scroll","background-type":"","background-media":"","overlay-type":"","overlay-color":"","overlay-opacity":"","overlay-gradient":""}},"ast-content-background-meta":{"desktop":{"background-color":"var(--ast-global-color-5)","background-image":"","background-repeat":"repeat","background-position":"center center","background-size":"auto","background-attachment":"scroll","background-type":"","background-media":"","overlay-type":"","overlay-color":"","overlay-opacity":"","overlay-gradient":""},"tablet":{"background-color":"var(--ast-global-color-5)","background-image":"","background-repeat":"repeat","background-position":"center center","background-size":"auto","background-attachment":"scroll","background-type":"","background-media":"","overlay-type":"","overlay-color":"","overlay-opacity":"","overlay-gradient":""},"mobile":{"background-color":"var(--ast-global-color-5)","background-image":"","background-repeat":"repeat","background-position":"center center","background-size":"auto","background-attachment":"scroll","background-type":"","background-media":"","overlay-type":"","overlay-color":"","overlay-opacity":"","overlay-gradient":""}}},"product_cat":[110,84,31,82,63,88],"product_tag":[],"class_list":{"0":"post-4531","1":"product","2":"type-product","3":"status-publish","4":"has-post-thumbnail","6":"product_cat-aide-a-la-prehension","7":"product_cat-cuisine","8":"product_cat-les-aides-techniques","9":"product_cat-tous-les-aides-techniques","10":"product_cat-tous-les-produits","11":"product_cat-vie-quotidienne","12":"desktop-align-left","13":"tablet-align-left","14":"mobile-align-left","16":"first","17":"instock","18":"shipping-taxable","19":"purchasable","20":"product-type-simple"},"yoast_head":"<!-- This site is optimized with the Yoast SEO plugin v23.5 - https:\/\/yoast.com\/wordpress\/plugins\/seo\/ -->\n<title>Coupe-l\u00e9gumes manuel polyvalent - | Livraison au Maroc<\/title>\n<meta name=\"description\" content=\"Achetez un coupe-l\u00e9gumes manuel multifonctionnel pour une coupe rapide et s\u00fbre. Id\u00e9al pour la cuisine marocaine. Livraison au Maroc.\" \/>\n<meta name=\"robots\" content=\"index, follow, max-snippet:-1, max-image-preview:large, max-video-preview:-1\" \/>\n<link rel=\"canonical\" href=\"https:\/\/otmaroc.com\/ar\/product\/coupe-legumes-manuel-multifonctionnel-avec-lames-tranchantes-dechiquette-rape-et-tranche\/\" \/>\n<meta property=\"og:locale\" content=\"ar_AR\" \/>\n<meta property=\"og:type\" content=\"article\" \/>\n<meta property=\"og:title\" content=\"Coupe-l\u00e9gumes manuel polyvalent - | Livraison au Maroc\" \/>\n<meta property=\"og:description\" content=\"Achetez un coupe-l\u00e9gumes manuel multifonctionnel pour une coupe rapide et s\u00fbre. Id\u00e9al pour la cuisine marocaine. Livraison au Maroc.\" \/>\n<meta property=\"og:url\" content=\"https:\/\/otmaroc.com\/ar\/product\/coupe-legumes-manuel-multifonctionnel-avec-lames-tranchantes-dechiquette-rape-et-tranche\/\" \/>\n<meta property=\"og:site_name\" content=\"OTMAROC\" \/>\n<meta property=\"article:publisher\" content=\"https:\/\/www.facebook.com\/profile.php?id=61565107472257\" \/>\n<meta property=\"article:modified_time\" content=\"2025-04-29T17:07:23+00:00\" \/>\n<meta property=\"og:image\" content=\"https:\/\/otmaroc.com\/wp-content\/uploads\/2025\/04\/www.otmaroc.com-0623512008-otmaroc2024@gmail.com-118.png\" \/>\n\t<meta property=\"og:image:width\" content=\"1080\" \/>\n\t<meta property=\"og:image:height\" content=\"1080\" \/>\n\t<meta property=\"og:image:type\" content=\"image\/png\" \/>\n<meta name=\"twitter:card\" content=\"summary_large_image\" \/>\n<meta name=\"twitter:label1\" content=\"\u0648\u0642\u062a \u0627\u0644\u0642\u0631\u0627\u0621\u0629 \u0627\u0644\u0645\u064f\u0642\u062f\u0651\u0631\" \/>\n\t<meta name=\"twitter:data1\" content=\"\u062f\u0642\u064a\u0642\u062a\u0627\u0646\" \/>\n<script type=\"application\/ld+json\" class=\"yoast-schema-graph\">{\"@context\":\"https:\/\/schema.org\",\"@graph\":[{\"@type\":\"WebPage\",\"@id\":\"https:\/\/otmaroc.com\/product\/coupe-legumes-manuel-multifonctionnel-avec-lames-tranchantes-dechiquette-rape-et-tranche\/\",\"url\":\"https:\/\/otmaroc.com\/product\/coupe-legumes-manuel-multifonctionnel-avec-lames-tranchantes-dechiquette-rape-et-tranche\/\",\"name\":\"Coupe-l\u00e9gumes manuel polyvalent - | Livraison au Maroc\",\"isPartOf\":{\"@id\":\"https:\/\/otmaroc.com\/#website\"},\"primaryImageOfPage\":{\"@id\":\"https:\/\/otmaroc.com\/product\/coupe-legumes-manuel-multifonctionnel-avec-lames-tranchantes-dechiquette-rape-et-tranche\/#primaryimage\"},\"image\":{\"@id\":\"https:\/\/otmaroc.com\/product\/coupe-legumes-manuel-multifonctionnel-avec-lames-tranchantes-dechiquette-rape-et-tranche\/#primaryimage\"},\"thumbnailUrl\":\"https:\/\/otmaroc.com\/wp-content\/uploads\/2025\/04\/www.otmaroc.com-0623512008-otmaroc2024@gmail.com-118.png\",\"datePublished\":\"2025-04-18T12:48:44+00:00\",\"dateModified\":\"2025-04-29T17:07:23+00:00\",\"description\":\"Achetez un coupe-l\u00e9gumes manuel multifonctionnel pour une coupe rapide et s\u00fbre. Id\u00e9al pour la cuisine marocaine. Livraison au Maroc.\",\"breadcrumb\":{\"@id\":\"https:\/\/otmaroc.com\/product\/coupe-legumes-manuel-multifonctionnel-avec-lames-tranchantes-dechiquette-rape-et-tranche\/#breadcrumb\"},\"inLanguage\":\"ar\",\"potentialAction\":[{\"@type\":\"ReadAction\",\"target\":[\"https:\/\/otmaroc.com\/product\/coupe-legumes-manuel-multifonctionnel-avec-lames-tranchantes-dechiquette-rape-et-tranche\/\"]}]},{\"@type\":\"ImageObject\",\"inLanguage\":\"ar\",\"@id\":\"https:\/\/otmaroc.com\/product\/coupe-legumes-manuel-multifonctionnel-avec-lames-tranchantes-dechiquette-rape-et-tranche\/#primaryimage\",\"url\":\"https:\/\/otmaroc.com\/wp-content\/uploads\/2025\/04\/www.otmaroc.com-0623512008-otmaroc2024@gmail.com-118.png\",\"contentUrl\":\"https:\/\/otmaroc.com\/wp-content\/uploads\/2025\/04\/www.otmaroc.com-0623512008-otmaroc2024@gmail.com-118.png\",\"width\":1080,\"height\":1080},{\"@type\":\"BreadcrumbList\",\"@id\":\"https:\/\/otmaroc.com\/product\/coupe-legumes-manuel-multifonctionnel-avec-lames-tranchantes-dechiquette-rape-et-tranche\/#breadcrumb\",\"itemListElement\":[{\"@type\":\"ListItem\",\"position\":1,\"name\":\"Home\",\"item\":\"https:\/\/otmaroc.com\/\"},{\"@type\":\"ListItem\",\"position\":2,\"name\":\"Products\",\"item\":\"https:\/\/otmaroc.com\/store\/\"},{\"@type\":\"ListItem\",\"position\":3,\"name\":\"Coupe-l\u00e9gumes manuel multifonctionnel avec lames tranchantes &#8211; D\u00e9chiquette, r\u00e2pe et tranche\"}]},{\"@type\":\"WebSite\",\"@id\":\"https:\/\/otmaroc.com\/#website\",\"url\":\"https:\/\/otmaroc.com\/\",\"name\":\"OTMAROC\",\"description\":\"The number one website in morocco for occupational therapy\",\"publisher\":{\"@id\":\"https:\/\/otmaroc.com\/#organization\"},\"potentialAction\":[{\"@type\":\"SearchAction\",\"target\":{\"@type\":\"EntryPoint\",\"urlTemplate\":\"https:\/\/otmaroc.com\/?s={search_term_string}\"},\"query-input\":{\"@type\":\"PropertyValueSpecification\",\"valueRequired\":true,\"valueName\":\"search_term_string\"}}],\"inLanguage\":\"ar\"},{\"@type\":\"Organization\",\"@id\":\"https:\/\/otmaroc.com\/#organization\",\"name\":\"OTMAROC\",\"url\":\"https:\/\/otmaroc.com\/\",\"logo\":{\"@type\":\"ImageObject\",\"inLanguage\":\"ar\",\"@id\":\"https:\/\/otmaroc.com\/#\/schema\/logo\/image\/\",\"url\":\"https:\/\/otmaroc.com\/wp-content\/uploads\/2024\/08\/cropped-cropped-Black_White_Yellow_Simple_Initial_Name_Logo-removebg-preview-2.png\",\"contentUrl\":\"https:\/\/otmaroc.com\/wp-content\/uploads\/2024\/08\/cropped-cropped-Black_White_Yellow_Simple_Initial_Name_Logo-removebg-preview-2.png\",\"width\":298,\"height\":192,\"caption\":\"OTMAROC\"},\"image\":{\"@id\":\"https:\/\/otmaroc.com\/#\/schema\/logo\/image\/\"},\"sameAs\":[\"https:\/\/www.facebook.com\/profile.php?id=61565107472257\",\"https:\/\/www.instagram.com\/otmaroc2024\/\",\"https:\/\/www.youtube.com\/@othmaneksaibar6763\",\"https:\/\/api.whatsapp.com\/send?phone=2120623512008\"]}]}<\/script>\n<!-- \/ Yoast SEO plugin. -->","yoast_head_json":{"title":"Coupe-l\u00e9gumes manuel polyvalent - | Livraison au Maroc","description":"Achetez un coupe-l\u00e9gumes manuel multifonctionnel pour une coupe rapide et s\u00fbre. Id\u00e9al pour la cuisine marocaine. Livraison au Maroc.","robots":{"index":"index","follow":"follow","max-snippet":"max-snippet:-1","max-image-preview":"max-image-preview:large","max-video-preview":"max-video-preview:-1"},"canonical":"https:\/\/otmaroc.com\/ar\/product\/coupe-legumes-manuel-multifonctionnel-avec-lames-tranchantes-dechiquette-rape-et-tranche\/","og_locale":"ar_AR","og_type":"article","og_title":"Coupe-l\u00e9gumes manuel polyvalent - | Livraison au Maroc","og_description":"Achetez un coupe-l\u00e9gumes manuel multifonctionnel pour une coupe rapide et s\u00fbre. Id\u00e9al pour la cuisine marocaine. Livraison au Maroc.","og_url":"https:\/\/otmaroc.com\/ar\/product\/coupe-legumes-manuel-multifonctionnel-avec-lames-tranchantes-dechiquette-rape-et-tranche\/","og_site_name":"OTMAROC","article_publisher":"https:\/\/www.facebook.com\/profile.php?id=61565107472257","article_modified_time":"2025-04-29T17:07:23+00:00","og_image":[{"width":1080,"height":1080,"url":"https:\/\/otmaroc.com\/wp-content\/uploads\/2025\/04\/www.otmaroc.com-0623512008-otmaroc2024@gmail.com-118.png","type":"image\/png"}],"twitter_card":"summary_large_image","twitter_misc":{"\u0648\u0642\u062a \u0627\u0644\u0642\u0631\u0627\u0621\u0629 \u0627\u0644\u0645\u064f\u0642\u062f\u0651\u0631":"\u062f\u0642\u064a\u0642\u062a\u0627\u0646"},"schema":{"@context":"https:\/\/schema.org","@graph":[{"@type":"WebPage","@id":"https:\/\/otmaroc.com\/product\/coupe-legumes-manuel-multifonctionnel-avec-lames-tranchantes-dechiquette-rape-et-tranche\/","url":"https:\/\/otmaroc.com\/product\/coupe-legumes-manuel-multifonctionnel-avec-lames-tranchantes-dechiquette-rape-et-tranche\/","name":"Coupe-l\u00e9gumes manuel polyvalent - | Livraison au Maroc","isPartOf":{"@id":"https:\/\/otmaroc.com\/#website"},"primaryImageOfPage":{"@id":"https:\/\/otmaroc.com\/product\/coupe-legumes-manuel-multifonctionnel-avec-lames-tranchantes-dechiquette-rape-et-tranche\/#primaryimage"},"image":{"@id":"https:\/\/otmaroc.com\/product\/coupe-legumes-manuel-multifonctionnel-avec-lames-tranchantes-dechiquette-rape-et-tranche\/#primaryimage"},"thumbnailUrl":"https:\/\/otmaroc.com\/wp-content\/uploads\/2025\/04\/www.otmaroc.com-0623512008-otmaroc2024@gmail.com-118.png","datePublished":"2025-04-18T12:48:44+00:00","dateModified":"2025-04-29T17:07:23+00:00","description":"Achetez un coupe-l\u00e9gumes manuel multifonctionnel pour une coupe rapide et s\u00fbre. Id\u00e9al pour la cuisine marocaine. Livraison au Maroc.","breadcrumb":{"@id":"https:\/\/otmaroc.com\/product\/coupe-legumes-manuel-multifonctionnel-avec-lames-tranchantes-dechiquette-rape-et-tranche\/#breadcrumb"},"inLanguage":"ar","potentialAction":[{"@type":"ReadAction","target":["https:\/\/otmaroc.com\/product\/coupe-legumes-manuel-multifonctionnel-avec-lames-tranchantes-dechiquette-rape-et-tranche\/"]}]},{"@type":"ImageObject","inLanguage":"ar","@id":"https:\/\/otmaroc.com\/product\/coupe-legumes-manuel-multifonctionnel-avec-lames-tranchantes-dechiquette-rape-et-tranche\/#primaryimage","url":"https:\/\/otmaroc.com\/wp-content\/uploads\/2025\/04\/www.otmaroc.com-0623512008-otmaroc2024@gmail.com-118.png","contentUrl":"https:\/\/otmaroc.com\/wp-content\/uploads\/2025\/04\/www.otmaroc.com-0623512008-otmaroc2024@gmail.com-118.png","width":1080,"height":1080},{"@type":"BreadcrumbList","@id":"https:\/\/otmaroc.com\/product\/coupe-legumes-manuel-multifonctionnel-avec-lames-tranchantes-dechiquette-rape-et-tranche\/#breadcrumb","itemListElement":[{"@type":"ListItem","position":1,"name":"Home","item":"https:\/\/otmaroc.com\/"},{"@type":"ListItem","position":2,"name":"Products","item":"https:\/\/otmaroc.com\/store\/"},{"@type":"ListItem","position":3,"name":"Coupe-l\u00e9gumes manuel multifonctionnel avec lames tranchantes &#8211; D\u00e9chiquette, r\u00e2pe et tranche"}]},{"@type":"WebSite","@id":"https:\/\/otmaroc.com\/#website","url":"https:\/\/otmaroc.com\/","name":"OTMAROC","description":"The number one website in morocco for occupational therapy","publisher":{"@id":"https:\/\/otmaroc.com\/#organization"},"potentialAction":[{"@type":"SearchAction","target":{"@type":"EntryPoint","urlTemplate":"https:\/\/otmaroc.com\/?s={search_term_string}"},"query-input":{"@type":"PropertyValueSpecification","valueRequired":true,"valueName":"search_term_string"}}],"inLanguage":"ar"},{"@type":"Organization","@id":"https:\/\/otmaroc.com\/#organization","name":"OTMAROC","url":"https:\/\/otmaroc.com\/","logo":{"@type":"ImageObject","inLanguage":"ar","@id":"https:\/\/otmaroc.com\/#\/schema\/logo\/image\/","url":"https:\/\/otmaroc.com\/wp-content\/uploads\/2024\/08\/cropped-cropped-Black_White_Yellow_Simple_Initial_Name_Logo-removebg-preview-2.png","contentUrl":"https:\/\/otmaroc.com\/wp-content\/uploads\/2024\/08\/cropped-cropped-Black_White_Yellow_Simple_Initial_Name_Logo-removebg-preview-2.png","width":298,"height":192,"caption":"OTMAROC"},"image":{"@id":"https:\/\/otmaroc.com\/#\/schema\/logo\/image\/"},"sameAs":["https:\/\/www.facebook.com\/profile.php?id=61565107472257","https:\/\/www.instagram.com\/otmaroc2024\/","https:\/\/www.youtube.com\/@othmaneksaibar6763","https:\/\/api.whatsapp.com\/send?phone=2120623512008"]}]}},"uagb_featured_image_src":{"full":["https:\/\/otmaroc.com\/wp-content\/uploads\/2025\/04\/www.otmaroc.com-0623512008-otmaroc2024@gmail.com-118.png",1080,1080,false],"thumbnail":["https:\/\/otmaroc.com\/wp-content\/uploads\/2025\/04\/www.otmaroc.com-0623512008-otmaroc2024@gmail.com-118-150x150.png",150,150,true],"medium":["https:\/\/otmaroc.com\/wp-content\/uploads\/2025\/04\/www.otmaroc.com-0623512008-otmaroc2024@gmail.com-118-300x300.png",300,300,true],"medium_large":["https:\/\/otmaroc.com\/wp-content\/uploads\/2025\/04\/www.otmaroc.com-0623512008-otmaroc2024@gmail.com-118-768x768.png",768,768,true],"large":["https:\/\/otmaroc.com\/wp-content\/uploads\/2025\/04\/www.otmaroc.com-0623512008-otmaroc2024@gmail.com-118-1024x1024.png",1024,1024,true],"1536x1536":["https:\/\/otmaroc.com\/wp-content\/uploads\/2025\/04\/www.otmaroc.com-0623512008-otmaroc2024@gmail.com-118.png",1080,1080,false],"2048x2048":["https:\/\/otmaroc.com\/wp-content\/uploads\/2025\/04\/www.otmaroc.com-0623512008-otmaroc2024@gmail.com-118.png",1080,1080,false],"trp-custom-language-flag":["https:\/\/otmaroc.com\/wp-content\/uploads\/2025\/04\/www.otmaroc.com-0623512008-otmaroc2024@gmail.com-118-12x12.png",12,12,true],"woocommerce_thumbnail":["https:\/\/otmaroc.com\/wp-content\/uploads\/2025\/04\/www.otmaroc.com-0623512008-otmaroc2024@gmail.com-118-300x300.png",300,300,true],"woocommerce_single":["https:\/\/otmaroc.com\/wp-content\/uploads\/2025\/04\/www.otmaroc.com-0623512008-otmaroc2024@gmail.com-118-600x600.png",600,600,true],"woocommerce_gallery_thumbnail":["https:\/\/otmaroc.com\/wp-content\/uploads\/2025\/04\/www.otmaroc.com-0623512008-otmaroc2024@gmail.com-118-100x100.png",100,100,true],"dgwt-wcas-product-suggestion":["https:\/\/otmaroc.com\/wp-content\/uploads\/2025\/04\/www.otmaroc.com-0623512008-otmaroc2024@gmail.com-118-64x64.png",64,64,true]},"uagb_author_info":{"display_name":"othmane iptv","author_link":"https:\/\/otmaroc.com\/ar\/author\/"},"uagb_comment_info":0,"uagb_excerpt":"Coupe-l\u00e9gumes manuel avec plusieurs lames pour couper, r\u00e2per et hacher les l\u00e9gumes facilement et rapidement. Conception pratique et facile \u00e0 nettoyer.","jetpack_sharing_enabled":true,"_links":{"self":[{"href":"https:\/\/otmaroc.com\/ar\/wp-json\/wp\/v2\/product\/4531"}],"collection":[{"href":"https:\/\/otmaroc.com\/ar\/wp-json\/wp\/v2\/product"}],"about":[{"href":"https:\/\/otmaroc.com\/ar\/wp-json\/wp\/v2\/types\/product"}],"replies":[{"embeddable":true,"href":"https:\/\/otmaroc.com\/ar\/wp-json\/wp\/v2\/comments?post=4531"}],"wp:featuredmedia":[{"embeddable":true,"href":"https:\/\/otmaroc.com\/ar\/wp-json\/wp\/v2\/media\/4536"}],"wp:attachment":[{"href":"https:\/\/otmaroc.com\/ar\/wp-json\/wp\/v2\/media?parent=4531"}],"wp:term":[{"taxonomy":"product_cat","embeddable":true,"href":"https:\/\/otmaroc.com\/ar\/wp-json\/wp\/v2\/product_cat?post=4531"},{"taxonomy":"product_tag","embeddable":true,"href":"https:\/\/otmaroc.com\/ar\/wp-json\/wp\/v2\/product_tag?post=4531"}],"curies":[{"name":"wp","href":"https:\/\/api.w.org\/{rel}","templated":true}]}}