{"id":4513,"date":"2025-04-17T13:22:33","date_gmt":"2025-04-17T13:22:33","guid":{"rendered":"https:\/\/otmaroc.com\/?post_type=product&#038;p=4513"},"modified":"2025-04-17T13:22:33","modified_gmt":"2025-04-17T13:22:33","slug":"coussin-en-gel-anti-escarre","status":"publish","type":"product","link":"https:\/\/otmaroc.com\/ar\/product\/coussin-en-gel-anti-escarre\/","title":{"rendered":"\u0648\u0633\u0627\u062f\u0629 \u062c\u0644 \u0645\u0636\u0627\u062f\u0629 \u0644\u0642\u0631\u062d\u0629 \u0627\u0644\u0627\u0633\u062a\u0644\u0642\u0627\u0621"},"content":{"rendered":"<ul>\n<li style=\"list-style-type: none;\">\n<ul>\n<li style=\"text-align: left;\" class=\" translation-block\">\u0645\u0631\u064a\u062d: \u0645\u0635\u0645\u0645 \u0644\u0644\u0627\u0633\u062a\u062e\u062f\u0627\u0645 \u0644\u0641\u062a\u0631\u0629 \u0637\u0648\u064a\u0644\u0629\u060c \u0645\u062b\u0627\u0644\u064a \u0644\u0643\u0631\u0627\u0633\u064a \u0627\u0644\u0645\u0643\u062a\u0628 \u0623\u0648 \u0627\u0644\u0643\u0631\u0627\u0633\u064a \u0628\u0630\u0631\u0627\u0639\u064a\u0646 \u0623\u0648 \u0645\u0642\u0627\u0639\u062f \u0627\u0644\u0633\u064a\u0627\u0631\u0629.<\/li>\n<li class=\" translation-block\">\u062a\u0642\u0646\u064a\u0629 \u0645\u0643\u0627\u0641\u062d\u0629 \u0627\u0644\u0627\u0633\u062a\u0644\u0642\u0627\u0621 \u0644\u0644\u062a\u0642\u0644\u064a\u0644 \u0645\u0646 \u0627\u0644\u0636\u063a\u0637 \u0648\u0645\u0646\u0639 \u0627\u0644\u0623\u0644\u0645.<\/li>\n<li class=\" translation-block\">\u062a\u0635\u0645\u064a\u0645 \u0645\u0631\u064a\u062d \u064a\u062f\u0639\u0645 \u0627\u0644\u0645\u0646\u0627\u0637\u0642 \u0627\u0644\u062d\u0633\u0627\u0633\u0629 \u0641\u064a \u0627\u0644\u062c\u0633\u0645.<\/li>\n<li class=\" translation-block\">\u062c\u0644 \u062a\u0642\u0648\u064a\u0645 \u0627\u0644\u0639\u0638\u0627\u0645: \u064a\u0633\u0627\u0639\u062f \u0639\u0644\u0649 \u062a\u062e\u0641\u064a\u0641 \u0627\u0644\u0636\u063a\u0637 \u0639\u0644\u0649 \u0627\u0644\u0645\u0646\u0627\u0637\u0642 \u0627\u0644\u062d\u0633\u0627\u0633\u0629 \u0648\u0645\u0646\u0639 \u0627\u0644\u0623\u0644\u0645.<\/li>\n<li class=\" translation-block\">\u0627\u0644\u0623\u0628\u0639\u0627\u062f: 37 \u00d7 30 \u00d7 4 \u0633\u0645.<\/li>\n<li class=\" translation-block\">\u0645\u062b\u0627\u0644\u064a \u0644\u0644\u0643\u0631\u0627\u0633\u064a \u0628\u0630\u0631\u0627\u0639\u064a\u0646 \u0648\u0643\u0631\u0627\u0633\u064a \u0627\u0644\u0645\u0643\u062a\u0628 \u0648\u0627\u0644\u0645\u0642\u0627\u0639\u062f \u0627\u0644\u0623\u062e\u0631\u0649 \u0627\u0644\u062a\u064a \u062a\u062a\u0637\u0644\u0628 \u0631\u0627\u062d\u0629 \u0625\u0636\u0627\u0641\u064a\u0629.<\/li>\n<li><strong>Respirant et confortable<\/strong> : la structure en gel permet une ventilation continue, garantissant fra\u00eecheur et confort pendant toute la journ\u00e9e.<\/li>\n<\/ul>\n<\/li>\n<\/ul>\n<div class=\"ast-oembed-container\" style=\"height: 100%;\"><iframe loading=\"lazy\" title=\"Learn How To Properly Use Egg Sitter Support Cushion\" width=\"500\" height=\"281\" src=\"https:\/\/www.youtube.com\/embed\/55EVRx7kLiw?feature=oembed\" frameborder=\"0\" allow=\"accelerometer; autoplay; clipboard-write; encrypted-media; gyroscope; picture-in-picture; web-share\" referrerpolicy=\"strict-origin-when-cross-origin\" allowfullscreen><\/iframe><\/div>","protected":false},"excerpt":{"rendered":"<p>\u0648\u0633\u0627\u062f\u0629 \u062c\u0644 \u0645\u0636\u0627\u062f\u0629 \u0644\u0642\u0631\u062d\u0629 \u0627\u0644\u0627\u0633\u062a\u0644\u0642\u0627\u0621 \u0627\u0644\u0645\u0635\u0645\u0645\u0629 \u0644\u0645\u0646\u0639 \u0627\u0644\u0623\u0644\u0645 \u0648\u0642\u0631\u062d \u0627\u0644\u0636\u063a\u0637 \u0648\u062a\u062e\u0641\u064a\u0641 \u0627\u0644\u0636\u063a\u0637 \u0639\u0644\u0649 \u0627\u0644\u0645\u0646\u0627\u0637\u0642 \u0627\u0644\u062d\u0633\u0627\u0633\u0629.<\/p>","protected":false},"featured_media":4514,"comment_status":"open","ping_status":"closed","template":"","meta":{"_uag_custom_page_level_css":"","site-sidebar-layout":"default","site-content-layout":"","ast-site-content-layout":"default","site-content-style":"default","site-sidebar-style":"default","ast-global-header-display":"","ast-banner-title-visibility":"","ast-main-header-display":"","ast-hfb-above-header-display":"","ast-hfb-below-header-display":"","ast-hfb-mobile-header-display":"","site-post-title":"","ast-breadcrumbs-content":"","ast-featured-img":"","footer-sml-layout":"","theme-transparent-header-meta":"default","adv-header-id-meta":"","stick-header-meta":"","header-above-stick-meta":"","header-main-stick-meta":"","header-below-stick-meta":"","astra-migrate-meta-layouts":"set","ast-page-background-enabled":"default","ast-page-background-meta":{"desktop":{"background-color":"","background-image":"","background-repeat":"repeat","background-position":"center center","background-size":"auto","background-attachment":"scroll","background-type":"","background-media":"","overlay-type":"","overlay-color":"","overlay-opacity":"","overlay-gradient":""},"tablet":{"background-color":"","background-image":"","background-repeat":"repeat","background-position":"center center","background-size":"auto","background-attachment":"scroll","background-type":"","background-media":"","overlay-type":"","overlay-color":"","overlay-opacity":"","overlay-gradient":""},"mobile":{"background-color":"","background-image":"","background-repeat":"repeat","background-position":"center center","background-size":"auto","background-attachment":"scroll","background-type":"","background-media":"","overlay-type":"","overlay-color":"","overlay-opacity":"","overlay-gradient":""}},"ast-content-background-meta":{"desktop":{"background-color":"var(--ast-global-color-5)","background-image":"","background-repeat":"repeat","background-position":"center center","background-size":"auto","background-attachment":"scroll","background-type":"","background-media":"","overlay-type":"","overlay-color":"","overlay-opacity":"","overlay-gradient":""},"tablet":{"background-color":"var(--ast-global-color-5)","background-image":"","background-repeat":"repeat","background-position":"center center","background-size":"auto","background-attachment":"scroll","background-type":"","background-media":"","overlay-type":"","overlay-color":"","overlay-opacity":"","overlay-gradient":""},"mobile":{"background-color":"var(--ast-global-color-5)","background-image":"","background-repeat":"repeat","background-position":"center center","background-size":"auto","background-attachment":"scroll","background-type":"","background-media":"","overlay-type":"","overlay-color":"","overlay-opacity":"","overlay-gradient":""}}},"product_cat":[120,111,112,106,31,82,119,63],"product_tag":[],"class_list":{"0":"post-4513","1":"product","2":"type-product","3":"status-publish","4":"has-post-thumbnail","6":"product_cat-accessoires-de-fauteuil-roulant","7":"product_cat-bureaux-ergonomique","8":"product_cat-coussin-ergonomique","9":"product_cat-fauteuil-roulant","10":"product_cat-les-aides-techniques","11":"product_cat-tous-les-aides-techniques","12":"product_cat-tous-les-fauteuil-roulant","13":"product_cat-tous-les-produits","14":"desktop-align-left","15":"tablet-align-left","16":"mobile-align-left","18":"first","19":"instock","20":"shipping-taxable","21":"purchasable","22":"product-type-simple"},"yoast_head":"<!-- This site is optimized with the Yoast SEO plugin v23.5 - https:\/\/yoast.com\/wordpress\/plugins\/seo\/ -->\n<title>Coussin en Gel Anti-Escarre au Maroc<\/title>\n<meta name=\"description\" content=\"Achetez le Coussin en Gel Anti-Escarre au Maroc con\u00e7u pour un usage prolong\u00e9,et r\u00e9duire la pression et pr\u00e9venir les douleurs et les escarres.\" \/>\n<meta name=\"robots\" content=\"index, follow, max-snippet:-1, max-image-preview:large, max-video-preview:-1\" \/>\n<link rel=\"canonical\" href=\"https:\/\/otmaroc.com\/ar\/product\/coussin-en-gel-anti-escarre\/\" \/>\n<meta property=\"og:locale\" content=\"ar_AR\" \/>\n<meta property=\"og:type\" content=\"article\" \/>\n<meta property=\"og:title\" content=\"Coussin en Gel Anti-Escarre au Maroc\" \/>\n<meta property=\"og:description\" content=\"Achetez le Coussin en Gel Anti-Escarre au Maroc con\u00e7u pour un usage prolong\u00e9,et r\u00e9duire la pression et pr\u00e9venir les douleurs et les escarres.\" \/>\n<meta property=\"og:url\" content=\"https:\/\/otmaroc.com\/ar\/product\/coussin-en-gel-anti-escarre\/\" \/>\n<meta property=\"og:site_name\" content=\"OTMAROC\" \/>\n<meta property=\"article:publisher\" content=\"https:\/\/www.facebook.com\/profile.php?id=61565107472257\" \/>\n<meta property=\"og:image\" content=\"https:\/\/otmaroc.com\/wp-content\/uploads\/2025\/04\/www.otmaroc.com-0623512008-otmaroc2024@gmail.com-117.png\" \/>\n\t<meta property=\"og:image:width\" content=\"1080\" \/>\n\t<meta property=\"og:image:height\" content=\"1080\" \/>\n\t<meta property=\"og:image:type\" content=\"image\/png\" \/>\n<meta name=\"twitter:card\" content=\"summary_large_image\" \/>\n<meta name=\"twitter:label1\" content=\"\u0648\u0642\u062a \u0627\u0644\u0642\u0631\u0627\u0621\u0629 \u0627\u0644\u0645\u064f\u0642\u062f\u0651\u0631\" \/>\n\t<meta name=\"twitter:data1\" content=\"\u062f\u0642\u064a\u0642\u0629 \u0648\u0627\u062d\u062f\u0629\" \/>\n<script type=\"application\/ld+json\" class=\"yoast-schema-graph\">{\"@context\":\"https:\/\/schema.org\",\"@graph\":[{\"@type\":\"WebPage\",\"@id\":\"https:\/\/otmaroc.com\/product\/coussin-en-gel-anti-escarre\/\",\"url\":\"https:\/\/otmaroc.com\/product\/coussin-en-gel-anti-escarre\/\",\"name\":\"Coussin en Gel Anti-Escarre au Maroc\",\"isPartOf\":{\"@id\":\"https:\/\/otmaroc.com\/#website\"},\"primaryImageOfPage\":{\"@id\":\"https:\/\/otmaroc.com\/product\/coussin-en-gel-anti-escarre\/#primaryimage\"},\"image\":{\"@id\":\"https:\/\/otmaroc.com\/product\/coussin-en-gel-anti-escarre\/#primaryimage\"},\"thumbnailUrl\":\"https:\/\/otmaroc.com\/wp-content\/uploads\/2025\/04\/www.otmaroc.com-0623512008-otmaroc2024@gmail.com-117.png\",\"datePublished\":\"2025-04-17T13:22:33+00:00\",\"dateModified\":\"2025-04-17T13:22:33+00:00\",\"description\":\"Achetez le Coussin en Gel Anti-Escarre au Maroc con\u00e7u pour un usage prolong\u00e9,et r\u00e9duire la pression et pr\u00e9venir les douleurs et les escarres.\",\"breadcrumb\":{\"@id\":\"https:\/\/otmaroc.com\/product\/coussin-en-gel-anti-escarre\/#breadcrumb\"},\"inLanguage\":\"ar\",\"potentialAction\":[{\"@type\":\"ReadAction\",\"target\":[\"https:\/\/otmaroc.com\/product\/coussin-en-gel-anti-escarre\/\"]}]},{\"@type\":\"ImageObject\",\"inLanguage\":\"ar\",\"@id\":\"https:\/\/otmaroc.com\/product\/coussin-en-gel-anti-escarre\/#primaryimage\",\"url\":\"https:\/\/otmaroc.com\/wp-content\/uploads\/2025\/04\/www.otmaroc.com-0623512008-otmaroc2024@gmail.com-117.png\",\"contentUrl\":\"https:\/\/otmaroc.com\/wp-content\/uploads\/2025\/04\/www.otmaroc.com-0623512008-otmaroc2024@gmail.com-117.png\",\"width\":1080,\"height\":1080},{\"@type\":\"BreadcrumbList\",\"@id\":\"https:\/\/otmaroc.com\/product\/coussin-en-gel-anti-escarre\/#breadcrumb\",\"itemListElement\":[{\"@type\":\"ListItem\",\"position\":1,\"name\":\"Home\",\"item\":\"https:\/\/otmaroc.com\/\"},{\"@type\":\"ListItem\",\"position\":2,\"name\":\"Products\",\"item\":\"https:\/\/otmaroc.com\/store\/\"},{\"@type\":\"ListItem\",\"position\":3,\"name\":\"Coussin en Gel Anti-Escarre\"}]},{\"@type\":\"WebSite\",\"@id\":\"https:\/\/otmaroc.com\/#website\",\"url\":\"https:\/\/otmaroc.com\/\",\"name\":\"OTMAROC\",\"description\":\"The number one website in morocco for occupational therapy\",\"publisher\":{\"@id\":\"https:\/\/otmaroc.com\/#organization\"},\"potentialAction\":[{\"@type\":\"SearchAction\",\"target\":{\"@type\":\"EntryPoint\",\"urlTemplate\":\"https:\/\/otmaroc.com\/?s={search_term_string}\"},\"query-input\":{\"@type\":\"PropertyValueSpecification\",\"valueRequired\":true,\"valueName\":\"search_term_string\"}}],\"inLanguage\":\"ar\"},{\"@type\":\"Organization\",\"@id\":\"https:\/\/otmaroc.com\/#organization\",\"name\":\"OTMAROC\",\"url\":\"https:\/\/otmaroc.com\/\",\"logo\":{\"@type\":\"ImageObject\",\"inLanguage\":\"ar\",\"@id\":\"https:\/\/otmaroc.com\/#\/schema\/logo\/image\/\",\"url\":\"https:\/\/otmaroc.com\/wp-content\/uploads\/2024\/08\/cropped-cropped-Black_White_Yellow_Simple_Initial_Name_Logo-removebg-preview-2.png\",\"contentUrl\":\"https:\/\/otmaroc.com\/wp-content\/uploads\/2024\/08\/cropped-cropped-Black_White_Yellow_Simple_Initial_Name_Logo-removebg-preview-2.png\",\"width\":298,\"height\":192,\"caption\":\"OTMAROC\"},\"image\":{\"@id\":\"https:\/\/otmaroc.com\/#\/schema\/logo\/image\/\"},\"sameAs\":[\"https:\/\/www.facebook.com\/profile.php?id=61565107472257\",\"https:\/\/www.instagram.com\/otmaroc2024\/\",\"https:\/\/www.youtube.com\/@othmaneksaibar6763\",\"https:\/\/api.whatsapp.com\/send?phone=2120623512008\"]}]}<\/script>\n<!-- \/ Yoast SEO plugin. -->","yoast_head_json":{"title":"Coussin en Gel Anti-Escarre au Maroc","description":"Achetez le Coussin en Gel Anti-Escarre au Maroc con\u00e7u pour un usage prolong\u00e9,et r\u00e9duire la pression et pr\u00e9venir les douleurs et les escarres.","robots":{"index":"index","follow":"follow","max-snippet":"max-snippet:-1","max-image-preview":"max-image-preview:large","max-video-preview":"max-video-preview:-1"},"canonical":"https:\/\/otmaroc.com\/ar\/product\/coussin-en-gel-anti-escarre\/","og_locale":"ar_AR","og_type":"article","og_title":"Coussin en Gel Anti-Escarre au Maroc","og_description":"Achetez le Coussin en Gel Anti-Escarre au Maroc con\u00e7u pour un usage prolong\u00e9,et r\u00e9duire la pression et pr\u00e9venir les douleurs et les escarres.","og_url":"https:\/\/otmaroc.com\/ar\/product\/coussin-en-gel-anti-escarre\/","og_site_name":"OTMAROC","article_publisher":"https:\/\/www.facebook.com\/profile.php?id=61565107472257","og_image":[{"width":1080,"height":1080,"url":"https:\/\/otmaroc.com\/wp-content\/uploads\/2025\/04\/www.otmaroc.com-0623512008-otmaroc2024@gmail.com-117.png","type":"image\/png"}],"twitter_card":"summary_large_image","twitter_misc":{"\u0648\u0642\u062a \u0627\u0644\u0642\u0631\u0627\u0621\u0629 \u0627\u0644\u0645\u064f\u0642\u062f\u0651\u0631":"\u062f\u0642\u064a\u0642\u0629 \u0648\u0627\u062d\u062f\u0629"},"schema":{"@context":"https:\/\/schema.org","@graph":[{"@type":"WebPage","@id":"https:\/\/otmaroc.com\/product\/coussin-en-gel-anti-escarre\/","url":"https:\/\/otmaroc.com\/product\/coussin-en-gel-anti-escarre\/","name":"Coussin en Gel Anti-Escarre au Maroc","isPartOf":{"@id":"https:\/\/otmaroc.com\/#website"},"primaryImageOfPage":{"@id":"https:\/\/otmaroc.com\/product\/coussin-en-gel-anti-escarre\/#primaryimage"},"image":{"@id":"https:\/\/otmaroc.com\/product\/coussin-en-gel-anti-escarre\/#primaryimage"},"thumbnailUrl":"https:\/\/otmaroc.com\/wp-content\/uploads\/2025\/04\/www.otmaroc.com-0623512008-otmaroc2024@gmail.com-117.png","datePublished":"2025-04-17T13:22:33+00:00","dateModified":"2025-04-17T13:22:33+00:00","description":"Achetez le Coussin en Gel Anti-Escarre au Maroc con\u00e7u pour un usage prolong\u00e9,et r\u00e9duire la pression et pr\u00e9venir les douleurs et les escarres.","breadcrumb":{"@id":"https:\/\/otmaroc.com\/product\/coussin-en-gel-anti-escarre\/#breadcrumb"},"inLanguage":"ar","potentialAction":[{"@type":"ReadAction","target":["https:\/\/otmaroc.com\/product\/coussin-en-gel-anti-escarre\/"]}]},{"@type":"ImageObject","inLanguage":"ar","@id":"https:\/\/otmaroc.com\/product\/coussin-en-gel-anti-escarre\/#primaryimage","url":"https:\/\/otmaroc.com\/wp-content\/uploads\/2025\/04\/www.otmaroc.com-0623512008-otmaroc2024@gmail.com-117.png","contentUrl":"https:\/\/otmaroc.com\/wp-content\/uploads\/2025\/04\/www.otmaroc.com-0623512008-otmaroc2024@gmail.com-117.png","width":1080,"height":1080},{"@type":"BreadcrumbList","@id":"https:\/\/otmaroc.com\/product\/coussin-en-gel-anti-escarre\/#breadcrumb","itemListElement":[{"@type":"ListItem","position":1,"name":"Home","item":"https:\/\/otmaroc.com\/"},{"@type":"ListItem","position":2,"name":"Products","item":"https:\/\/otmaroc.com\/store\/"},{"@type":"ListItem","position":3,"name":"Coussin en Gel Anti-Escarre"}]},{"@type":"WebSite","@id":"https:\/\/otmaroc.com\/#website","url":"https:\/\/otmaroc.com\/","name":"OTMAROC","description":"The number one website in morocco for occupational therapy","publisher":{"@id":"https:\/\/otmaroc.com\/#organization"},"potentialAction":[{"@type":"SearchAction","target":{"@type":"EntryPoint","urlTemplate":"https:\/\/otmaroc.com\/?s={search_term_string}"},"query-input":{"@type":"PropertyValueSpecification","valueRequired":true,"valueName":"search_term_string"}}],"inLanguage":"ar"},{"@type":"Organization","@id":"https:\/\/otmaroc.com\/#organization","name":"OTMAROC","url":"https:\/\/otmaroc.com\/","logo":{"@type":"ImageObject","inLanguage":"ar","@id":"https:\/\/otmaroc.com\/#\/schema\/logo\/image\/","url":"https:\/\/otmaroc.com\/wp-content\/uploads\/2024\/08\/cropped-cropped-Black_White_Yellow_Simple_Initial_Name_Logo-removebg-preview-2.png","contentUrl":"https:\/\/otmaroc.com\/wp-content\/uploads\/2024\/08\/cropped-cropped-Black_White_Yellow_Simple_Initial_Name_Logo-removebg-preview-2.png","width":298,"height":192,"caption":"OTMAROC"},"image":{"@id":"https:\/\/otmaroc.com\/#\/schema\/logo\/image\/"},"sameAs":["https:\/\/www.facebook.com\/profile.php?id=61565107472257","https:\/\/www.instagram.com\/otmaroc2024\/","https:\/\/www.youtube.com\/@othmaneksaibar6763","https:\/\/api.whatsapp.com\/send?phone=2120623512008"]}]}},"uagb_featured_image_src":{"full":["https:\/\/otmaroc.com\/wp-content\/uploads\/2025\/04\/www.otmaroc.com-0623512008-otmaroc2024@gmail.com-117.png",1080,1080,false],"thumbnail":["https:\/\/otmaroc.com\/wp-content\/uploads\/2025\/04\/www.otmaroc.com-0623512008-otmaroc2024@gmail.com-117-150x150.png",150,150,true],"medium":["https:\/\/otmaroc.com\/wp-content\/uploads\/2025\/04\/www.otmaroc.com-0623512008-otmaroc2024@gmail.com-117-300x300.png",300,300,true],"medium_large":["https:\/\/otmaroc.com\/wp-content\/uploads\/2025\/04\/www.otmaroc.com-0623512008-otmaroc2024@gmail.com-117-768x768.png",768,768,true],"large":["https:\/\/otmaroc.com\/wp-content\/uploads\/2025\/04\/www.otmaroc.com-0623512008-otmaroc2024@gmail.com-117-1024x1024.png",1024,1024,true],"1536x1536":["https:\/\/otmaroc.com\/wp-content\/uploads\/2025\/04\/www.otmaroc.com-0623512008-otmaroc2024@gmail.com-117.png",1080,1080,false],"2048x2048":["https:\/\/otmaroc.com\/wp-content\/uploads\/2025\/04\/www.otmaroc.com-0623512008-otmaroc2024@gmail.com-117.png",1080,1080,false],"trp-custom-language-flag":["https:\/\/otmaroc.com\/wp-content\/uploads\/2025\/04\/www.otmaroc.com-0623512008-otmaroc2024@gmail.com-117-12x12.png",12,12,true],"woocommerce_thumbnail":["https:\/\/otmaroc.com\/wp-content\/uploads\/2025\/04\/www.otmaroc.com-0623512008-otmaroc2024@gmail.com-117-300x300.png",300,300,true],"woocommerce_single":["https:\/\/otmaroc.com\/wp-content\/uploads\/2025\/04\/www.otmaroc.com-0623512008-otmaroc2024@gmail.com-117-600x600.png",600,600,true],"woocommerce_gallery_thumbnail":["https:\/\/otmaroc.com\/wp-content\/uploads\/2025\/04\/www.otmaroc.com-0623512008-otmaroc2024@gmail.com-117-100x100.png",100,100,true],"dgwt-wcas-product-suggestion":["https:\/\/otmaroc.com\/wp-content\/uploads\/2025\/04\/www.otmaroc.com-0623512008-otmaroc2024@gmail.com-117-64x64.png",64,64,true]},"uagb_author_info":{"display_name":"othmane iptv","author_link":"https:\/\/otmaroc.com\/ar\/author\/"},"uagb_comment_info":0,"uagb_excerpt":"Achetez le Coussin en Gel\u00a0 Anti-Escarre con\u00e7u pour pr\u00e9venir les douleurs et les escarres et soulager la pression sur les zones sensibles.","jetpack_sharing_enabled":true,"_links":{"self":[{"href":"https:\/\/otmaroc.com\/ar\/wp-json\/wp\/v2\/product\/4513"}],"collection":[{"href":"https:\/\/otmaroc.com\/ar\/wp-json\/wp\/v2\/product"}],"about":[{"href":"https:\/\/otmaroc.com\/ar\/wp-json\/wp\/v2\/types\/product"}],"replies":[{"embeddable":true,"href":"https:\/\/otmaroc.com\/ar\/wp-json\/wp\/v2\/comments?post=4513"}],"wp:featuredmedia":[{"embeddable":true,"href":"https:\/\/otmaroc.com\/ar\/wp-json\/wp\/v2\/media\/4514"}],"wp:attachment":[{"href":"https:\/\/otmaroc.com\/ar\/wp-json\/wp\/v2\/media?parent=4513"}],"wp:term":[{"taxonomy":"product_cat","embeddable":true,"href":"https:\/\/otmaroc.com\/ar\/wp-json\/wp\/v2\/product_cat?post=4513"},{"taxonomy":"product_tag","embeddable":true,"href":"https:\/\/otmaroc.com\/ar\/wp-json\/wp\/v2\/product_tag?post=4513"}],"curies":[{"name":"wp","href":"https:\/\/api.w.org\/{rel}","templated":true}]}}