{"id":4459,"date":"2025-03-29T15:05:20","date_gmt":"2025-03-29T15:05:20","guid":{"rendered":"https:\/\/otmaroc.com\/?post_type=product&#038;p=4459"},"modified":"2026-04-18T06:30:26","modified_gmt":"2026-04-18T06:30:26","slug":"busy-board-montessori-en-bois-10-en-1","status":"publish","type":"product","link":"https:\/\/otmaroc.com\/ar\/product\/busy-board-montessori-en-bois-10-en-1\/","title":{"rendered":"Busy Board Montessori en bois 10 EN 1"},"content":{"rendered":"<p>&nbsp;<\/p>\n<p><strong>Un Jeu \u00c9ducatif Montessori pour D\u00e9velopper la Motricit\u00e9 Fine et l&rsquo;Autonomie des Enfants<\/strong><\/p>\n<p>Ce jeu est con\u00e7u selon les principes Montessori pour favoriser \u00e0 la fois la motricit\u00e9 fine et l&rsquo;autonomie des enfants, tout en leur offrant une exp\u00e9rience d&rsquo;apprentissage ludique et interactive.<\/p>\n<p>La planche d&rsquo;activit\u00e9s en bois pr\u00e9sente une vari\u00e9t\u00e9 d&rsquo;exercices avec des niveaux de difficult\u00e9 progressifs. Cela permet \u00e0 l&rsquo;enfant de relever un d\u00e9fi stimulant sans \u00eatre submerg\u00e9, tout en maintenant son int\u00e9r\u00eat et sa concentration. En explorant cette planche, l\u2019enfant d\u00e9couvre diff\u00e9rentes m\u00e9thodes d\u2019ouverture et de fermeture, tout en s&rsquo;initiant \u00e0 des activit\u00e9s pratiques telles que l\u2019utilisation des horloges, le comptage, les verrous, les boucles, les boutons, les liens et m\u00eame des m\u00e9canismes de d\u00e9chirure. Autant de d\u00e9couvertes qui se font naturellement, simplement par le jeu.<\/p>\n<p>Con\u00e7u comme un outil p\u00e9dagogique Montessori, ce jouet aide les enfants \u00e0 am\u00e9liorer leur motricit\u00e9 fine, notamment gr\u00e2ce \u00e0 des exercices d&rsquo;habillement. Il constitue \u00e9galement un excellent moyen d&rsquo;initier les plus jeunes aux t\u00e2ches quotidiennes de mani\u00e8re ludique et autonome.<\/p>\n<p>Ce jeu est \u00e9galement un cadeau \u00e9ducatif id\u00e9al, qui apportera beaucoup de plaisir tout en contribuant au d\u00e9veloppement des comp\u00e9tences de votre enfant !<\/p>\n<h3>Apports \u00c9ducatifs<\/h3>\n<ul>\n<li>D\u00e9veloppe la capacit\u00e9 de manipulation et la motricit\u00e9 fine.<\/li>\n<li>Encourage l\u2019association des pi\u00e8ces du puzzle avec leurs emplacements correspondants.<\/li>\n<li>Introduit les enfants au vocabulaire et au langage.<\/li>\n<li>Stimule la perception visuelle.<\/li>\n<li>Renforce progressivement l\u2019autonomie.<\/li>\n<\/ul>\n<h3>Caract\u00e9ristiques<\/h3>\n<ul>\n<li><strong>\u00c2ge<\/strong> : Convient aux enfants \u00e0 partir de 3 ans.<\/li>\n<li><strong>Dimensions<\/strong> : 29 x 39 x 0,8 cm.<\/li>\n<\/ul>","protected":false},"excerpt":{"rendered":"<p>&nbsp; Un Jeu \u00c9ducatif Montessori pour D\u00e9velopper la Motricit\u00e9 Fine et l&rsquo;Autonomie des Enfants Ce jeu est con\u00e7u selon les principes Montessori pour favoriser \u00e0 la fois la motricit\u00e9 fine et l&rsquo;autonomie des enfants, tout en leur offrant une exp\u00e9rience d&rsquo;apprentissage ludique et interactive. La planche d&rsquo;activit\u00e9s en bois pr\u00e9sente une vari\u00e9t\u00e9 d&rsquo;exercices avec des [&hellip;]<\/p>","protected":false},"featured_media":4465,"comment_status":"open","ping_status":"closed","template":"","meta":{"_uag_custom_page_level_css":"","site-sidebar-layout":"default","site-content-layout":"","ast-site-content-layout":"default","site-content-style":"default","site-sidebar-style":"default","ast-global-header-display":"","ast-banner-title-visibility":"","ast-main-header-display":"","ast-hfb-above-header-display":"","ast-hfb-below-header-display":"","ast-hfb-mobile-header-display":"","site-post-title":"","ast-breadcrumbs-content":"","ast-featured-img":"","footer-sml-layout":"","theme-transparent-header-meta":"default","adv-header-id-meta":"","stick-header-meta":"","header-above-stick-meta":"","header-main-stick-meta":"","header-below-stick-meta":"","astra-migrate-meta-layouts":"set","ast-page-background-enabled":"default","ast-page-background-meta":{"desktop":{"background-color":"","background-image":"","background-repeat":"repeat","background-position":"center center","background-size":"auto","background-attachment":"scroll","background-type":"","background-media":"","overlay-type":"","overlay-color":"","overlay-opacity":"","overlay-gradient":""},"tablet":{"background-color":"","background-image":"","background-repeat":"repeat","background-position":"center center","background-size":"auto","background-attachment":"scroll","background-type":"","background-media":"","overlay-type":"","overlay-color":"","overlay-opacity":"","overlay-gradient":""},"mobile":{"background-color":"","background-image":"","background-repeat":"repeat","background-position":"center center","background-size":"auto","background-attachment":"scroll","background-type":"","background-media":"","overlay-type":"","overlay-color":"","overlay-opacity":"","overlay-gradient":""}},"ast-content-background-meta":{"desktop":{"background-color":"var(--ast-global-color-5)","background-image":"","background-repeat":"repeat","background-position":"center center","background-size":"auto","background-attachment":"scroll","background-type":"","background-media":"","overlay-type":"","overlay-color":"","overlay-opacity":"","overlay-gradient":""},"tablet":{"background-color":"var(--ast-global-color-5)","background-image":"","background-repeat":"repeat","background-position":"center center","background-size":"auto","background-attachment":"scroll","background-type":"","background-media":"","overlay-type":"","overlay-color":"","overlay-opacity":"","overlay-gradient":""},"mobile":{"background-color":"var(--ast-global-color-5)","background-image":"","background-repeat":"repeat","background-position":"center center","background-size":"auto","background-attachment":"scroll","background-type":"","background-media":"","overlay-type":"","overlay-color":"","overlay-opacity":"","overlay-gradient":""}}},"product_cat":[92,95,52,78,80,79,42,90,99,115,103,63,116],"product_tag":[],"class_list":{"0":"post-4459","1":"product","2":"type-product","3":"status-publish","4":"has-post-thumbnail","6":"product_cat-apprentissage","7":"product_cat-autonomie","8":"product_cat-jouets-de-therapie-au-maroc","9":"product_cat-materiel-de-kinesitherapie","10":"product_cat-materiel-de-orthophonie","11":"product_cat-materiel-de-psychomotricite","12":"product_cat-materiel-de-reeducation","13":"product_cat-motricite","14":"product_cat-reeducation-motrice","15":"product_cat-reeducation-neurologique","16":"product_cat-tous-les-jeux-educatifs-et-therapeutiques","17":"product_cat-tous-les-produits","18":"product_cat-tout-le-materiel-de-reeducation","19":"desktop-align-left","20":"tablet-align-left","21":"mobile-align-left","23":"first","24":"instock","25":"sale","26":"featured","27":"shipping-taxable","28":"purchasable","29":"product-type-simple"},"yoast_head":"<!-- This site is optimized with the Yoast SEO plugin v23.5 - https:\/\/yoast.com\/wordpress\/plugins\/seo\/ -->\n<title>Busy Board Montessori en Bois 10 EN 1 - Activit\u00e9s \u00c9ducatives pour Enfants au Maroc<\/title>\n<meta name=\"description\" content=\"D\u00e9couvrez le Busy Board Montessori en bois 10 EN 1 au Maroc, id\u00e9al pour stimuler la motricit\u00e9 fine et la cr\u00e9ativit\u00e9 des enfants. Un jouet \u00e9ducatif pour un apprentissage ludique et autonome.\" \/>\n<meta name=\"robots\" content=\"index, follow, max-snippet:-1, max-image-preview:large, max-video-preview:-1\" \/>\n<link rel=\"canonical\" href=\"https:\/\/otmaroc.com\/ar\/product\/busy-board-montessori-en-bois-10-en-1\/\" \/>\n<meta property=\"og:locale\" content=\"ar_AR\" \/>\n<meta property=\"og:type\" content=\"article\" \/>\n<meta property=\"og:title\" content=\"Busy Board Montessori en Bois 10 EN 1 - Activit\u00e9s \u00c9ducatives pour Enfants au Maroc\" \/>\n<meta property=\"og:description\" content=\"D\u00e9couvrez le Busy Board Montessori en bois 10 EN 1 au Maroc, id\u00e9al pour stimuler la motricit\u00e9 fine et la cr\u00e9ativit\u00e9 des enfants. Un jouet \u00e9ducatif pour un apprentissage ludique et autonome.\" \/>\n<meta property=\"og:url\" content=\"https:\/\/otmaroc.com\/ar\/product\/busy-board-montessori-en-bois-10-en-1\/\" \/>\n<meta property=\"og:site_name\" content=\"OTMAROC\" \/>\n<meta property=\"article:publisher\" content=\"https:\/\/www.facebook.com\/profile.php?id=61565107472257\" \/>\n<meta property=\"article:modified_time\" content=\"2026-04-18T06:30:26+00:00\" \/>\n<meta property=\"og:image\" content=\"https:\/\/otmaroc.com\/wp-content\/uploads\/2025\/03\/www.otmaroc.com-0623512008-otmaroc2024@gmail.com-114.png\" \/>\n\t<meta property=\"og:image:width\" content=\"1080\" \/>\n\t<meta property=\"og:image:height\" content=\"1080\" \/>\n\t<meta property=\"og:image:type\" content=\"image\/png\" \/>\n<meta name=\"twitter:card\" content=\"summary_large_image\" \/>\n<meta name=\"twitter:label1\" content=\"\u0648\u0642\u062a \u0627\u0644\u0642\u0631\u0627\u0621\u0629 \u0627\u0644\u0645\u064f\u0642\u062f\u0651\u0631\" \/>\n\t<meta name=\"twitter:data1\" content=\"\u062f\u0642\u064a\u0642\u062a\u0627\u0646\" \/>\n<script type=\"application\/ld+json\" class=\"yoast-schema-graph\">{\"@context\":\"https:\/\/schema.org\",\"@graph\":[{\"@type\":\"WebPage\",\"@id\":\"https:\/\/otmaroc.com\/product\/busy-board-montessori-en-bois-10-en-1\/\",\"url\":\"https:\/\/otmaroc.com\/product\/busy-board-montessori-en-bois-10-en-1\/\",\"name\":\"Busy Board Montessori en Bois 10 EN 1 - Activit\u00e9s \u00c9ducatives pour Enfants au Maroc\",\"isPartOf\":{\"@id\":\"https:\/\/otmaroc.com\/#website\"},\"primaryImageOfPage\":{\"@id\":\"https:\/\/otmaroc.com\/product\/busy-board-montessori-en-bois-10-en-1\/#primaryimage\"},\"image\":{\"@id\":\"https:\/\/otmaroc.com\/product\/busy-board-montessori-en-bois-10-en-1\/#primaryimage\"},\"thumbnailUrl\":\"https:\/\/otmaroc.com\/wp-content\/uploads\/2025\/03\/www.otmaroc.com-0623512008-otmaroc2024@gmail.com-114.png\",\"datePublished\":\"2025-03-29T15:05:20+00:00\",\"dateModified\":\"2026-04-18T06:30:26+00:00\",\"description\":\"D\u00e9couvrez le Busy Board Montessori en bois 10 EN 1 au Maroc, id\u00e9al pour stimuler la motricit\u00e9 fine et la cr\u00e9ativit\u00e9 des enfants. Un jouet \u00e9ducatif pour un apprentissage ludique et autonome.\",\"breadcrumb\":{\"@id\":\"https:\/\/otmaroc.com\/product\/busy-board-montessori-en-bois-10-en-1\/#breadcrumb\"},\"inLanguage\":\"ar\",\"potentialAction\":[{\"@type\":\"ReadAction\",\"target\":[\"https:\/\/otmaroc.com\/product\/busy-board-montessori-en-bois-10-en-1\/\"]}]},{\"@type\":\"ImageObject\",\"inLanguage\":\"ar\",\"@id\":\"https:\/\/otmaroc.com\/product\/busy-board-montessori-en-bois-10-en-1\/#primaryimage\",\"url\":\"https:\/\/otmaroc.com\/wp-content\/uploads\/2025\/03\/www.otmaroc.com-0623512008-otmaroc2024@gmail.com-114.png\",\"contentUrl\":\"https:\/\/otmaroc.com\/wp-content\/uploads\/2025\/03\/www.otmaroc.com-0623512008-otmaroc2024@gmail.com-114.png\",\"width\":1080,\"height\":1080},{\"@type\":\"BreadcrumbList\",\"@id\":\"https:\/\/otmaroc.com\/product\/busy-board-montessori-en-bois-10-en-1\/#breadcrumb\",\"itemListElement\":[{\"@type\":\"ListItem\",\"position\":1,\"name\":\"Home\",\"item\":\"https:\/\/otmaroc.com\/\"},{\"@type\":\"ListItem\",\"position\":2,\"name\":\"Products\",\"item\":\"https:\/\/otmaroc.com\/store\/\"},{\"@type\":\"ListItem\",\"position\":3,\"name\":\"Busy Board Montessori en bois 10 EN 1\"}]},{\"@type\":\"WebSite\",\"@id\":\"https:\/\/otmaroc.com\/#website\",\"url\":\"https:\/\/otmaroc.com\/\",\"name\":\"OTMAROC\",\"description\":\"The number one website in morocco for occupational therapy\",\"publisher\":{\"@id\":\"https:\/\/otmaroc.com\/#organization\"},\"potentialAction\":[{\"@type\":\"SearchAction\",\"target\":{\"@type\":\"EntryPoint\",\"urlTemplate\":\"https:\/\/otmaroc.com\/?s={search_term_string}\"},\"query-input\":{\"@type\":\"PropertyValueSpecification\",\"valueRequired\":true,\"valueName\":\"search_term_string\"}}],\"inLanguage\":\"ar\"},{\"@type\":\"Organization\",\"@id\":\"https:\/\/otmaroc.com\/#organization\",\"name\":\"OTMAROC\",\"url\":\"https:\/\/otmaroc.com\/\",\"logo\":{\"@type\":\"ImageObject\",\"inLanguage\":\"ar\",\"@id\":\"https:\/\/otmaroc.com\/#\/schema\/logo\/image\/\",\"url\":\"https:\/\/otmaroc.com\/wp-content\/uploads\/2024\/08\/cropped-cropped-Black_White_Yellow_Simple_Initial_Name_Logo-removebg-preview-2.png\",\"contentUrl\":\"https:\/\/otmaroc.com\/wp-content\/uploads\/2024\/08\/cropped-cropped-Black_White_Yellow_Simple_Initial_Name_Logo-removebg-preview-2.png\",\"width\":298,\"height\":192,\"caption\":\"OTMAROC\"},\"image\":{\"@id\":\"https:\/\/otmaroc.com\/#\/schema\/logo\/image\/\"},\"sameAs\":[\"https:\/\/www.facebook.com\/profile.php?id=61565107472257\",\"https:\/\/www.instagram.com\/otmaroc2024\/\",\"https:\/\/www.youtube.com\/@othmaneksaibar6763\",\"https:\/\/api.whatsapp.com\/send?phone=2120623512008\"]}]}<\/script>\n<!-- \/ Yoast SEO plugin. -->","yoast_head_json":{"title":"Busy Board Montessori en Bois 10 EN 1 - Activit\u00e9s \u00c9ducatives pour Enfants au Maroc","description":"D\u00e9couvrez le Busy Board Montessori en bois 10 EN 1 au Maroc, id\u00e9al pour stimuler la motricit\u00e9 fine et la cr\u00e9ativit\u00e9 des enfants. Un jouet \u00e9ducatif pour un apprentissage ludique et autonome.","robots":{"index":"index","follow":"follow","max-snippet":"max-snippet:-1","max-image-preview":"max-image-preview:large","max-video-preview":"max-video-preview:-1"},"canonical":"https:\/\/otmaroc.com\/ar\/product\/busy-board-montessori-en-bois-10-en-1\/","og_locale":"ar_AR","og_type":"article","og_title":"Busy Board Montessori en Bois 10 EN 1 - Activit\u00e9s \u00c9ducatives pour Enfants au Maroc","og_description":"D\u00e9couvrez le Busy Board Montessori en bois 10 EN 1 au Maroc, id\u00e9al pour stimuler la motricit\u00e9 fine et la cr\u00e9ativit\u00e9 des enfants. Un jouet \u00e9ducatif pour un apprentissage ludique et autonome.","og_url":"https:\/\/otmaroc.com\/ar\/product\/busy-board-montessori-en-bois-10-en-1\/","og_site_name":"OTMAROC","article_publisher":"https:\/\/www.facebook.com\/profile.php?id=61565107472257","article_modified_time":"2026-04-18T06:30:26+00:00","og_image":[{"width":1080,"height":1080,"url":"https:\/\/otmaroc.com\/wp-content\/uploads\/2025\/03\/www.otmaroc.com-0623512008-otmaroc2024@gmail.com-114.png","type":"image\/png"}],"twitter_card":"summary_large_image","twitter_misc":{"\u0648\u0642\u062a \u0627\u0644\u0642\u0631\u0627\u0621\u0629 \u0627\u0644\u0645\u064f\u0642\u062f\u0651\u0631":"\u062f\u0642\u064a\u0642\u062a\u0627\u0646"},"schema":{"@context":"https:\/\/schema.org","@graph":[{"@type":"WebPage","@id":"https:\/\/otmaroc.com\/product\/busy-board-montessori-en-bois-10-en-1\/","url":"https:\/\/otmaroc.com\/product\/busy-board-montessori-en-bois-10-en-1\/","name":"Busy Board Montessori en Bois 10 EN 1 - Activit\u00e9s \u00c9ducatives pour Enfants au Maroc","isPartOf":{"@id":"https:\/\/otmaroc.com\/#website"},"primaryImageOfPage":{"@id":"https:\/\/otmaroc.com\/product\/busy-board-montessori-en-bois-10-en-1\/#primaryimage"},"image":{"@id":"https:\/\/otmaroc.com\/product\/busy-board-montessori-en-bois-10-en-1\/#primaryimage"},"thumbnailUrl":"https:\/\/otmaroc.com\/wp-content\/uploads\/2025\/03\/www.otmaroc.com-0623512008-otmaroc2024@gmail.com-114.png","datePublished":"2025-03-29T15:05:20+00:00","dateModified":"2026-04-18T06:30:26+00:00","description":"D\u00e9couvrez le Busy Board Montessori en bois 10 EN 1 au Maroc, id\u00e9al pour stimuler la motricit\u00e9 fine et la cr\u00e9ativit\u00e9 des enfants. Un jouet \u00e9ducatif pour un apprentissage ludique et autonome.","breadcrumb":{"@id":"https:\/\/otmaroc.com\/product\/busy-board-montessori-en-bois-10-en-1\/#breadcrumb"},"inLanguage":"ar","potentialAction":[{"@type":"ReadAction","target":["https:\/\/otmaroc.com\/product\/busy-board-montessori-en-bois-10-en-1\/"]}]},{"@type":"ImageObject","inLanguage":"ar","@id":"https:\/\/otmaroc.com\/product\/busy-board-montessori-en-bois-10-en-1\/#primaryimage","url":"https:\/\/otmaroc.com\/wp-content\/uploads\/2025\/03\/www.otmaroc.com-0623512008-otmaroc2024@gmail.com-114.png","contentUrl":"https:\/\/otmaroc.com\/wp-content\/uploads\/2025\/03\/www.otmaroc.com-0623512008-otmaroc2024@gmail.com-114.png","width":1080,"height":1080},{"@type":"BreadcrumbList","@id":"https:\/\/otmaroc.com\/product\/busy-board-montessori-en-bois-10-en-1\/#breadcrumb","itemListElement":[{"@type":"ListItem","position":1,"name":"Home","item":"https:\/\/otmaroc.com\/"},{"@type":"ListItem","position":2,"name":"Products","item":"https:\/\/otmaroc.com\/store\/"},{"@type":"ListItem","position":3,"name":"Busy Board Montessori en bois 10 EN 1"}]},{"@type":"WebSite","@id":"https:\/\/otmaroc.com\/#website","url":"https:\/\/otmaroc.com\/","name":"OTMAROC","description":"The number one website in morocco for occupational therapy","publisher":{"@id":"https:\/\/otmaroc.com\/#organization"},"potentialAction":[{"@type":"SearchAction","target":{"@type":"EntryPoint","urlTemplate":"https:\/\/otmaroc.com\/?s={search_term_string}"},"query-input":{"@type":"PropertyValueSpecification","valueRequired":true,"valueName":"search_term_string"}}],"inLanguage":"ar"},{"@type":"Organization","@id":"https:\/\/otmaroc.com\/#organization","name":"OTMAROC","url":"https:\/\/otmaroc.com\/","logo":{"@type":"ImageObject","inLanguage":"ar","@id":"https:\/\/otmaroc.com\/#\/schema\/logo\/image\/","url":"https:\/\/otmaroc.com\/wp-content\/uploads\/2024\/08\/cropped-cropped-Black_White_Yellow_Simple_Initial_Name_Logo-removebg-preview-2.png","contentUrl":"https:\/\/otmaroc.com\/wp-content\/uploads\/2024\/08\/cropped-cropped-Black_White_Yellow_Simple_Initial_Name_Logo-removebg-preview-2.png","width":298,"height":192,"caption":"OTMAROC"},"image":{"@id":"https:\/\/otmaroc.com\/#\/schema\/logo\/image\/"},"sameAs":["https:\/\/www.facebook.com\/profile.php?id=61565107472257","https:\/\/www.instagram.com\/otmaroc2024\/","https:\/\/www.youtube.com\/@othmaneksaibar6763","https:\/\/api.whatsapp.com\/send?phone=2120623512008"]}]}},"uagb_featured_image_src":{"full":["https:\/\/otmaroc.com\/wp-content\/uploads\/2025\/03\/www.otmaroc.com-0623512008-otmaroc2024@gmail.com-114.png",1080,1080,false],"thumbnail":["https:\/\/otmaroc.com\/wp-content\/uploads\/2025\/03\/www.otmaroc.com-0623512008-otmaroc2024@gmail.com-114-150x150.png",150,150,true],"medium":["https:\/\/otmaroc.com\/wp-content\/uploads\/2025\/03\/www.otmaroc.com-0623512008-otmaroc2024@gmail.com-114-300x300.png",300,300,true],"medium_large":["https:\/\/otmaroc.com\/wp-content\/uploads\/2025\/03\/www.otmaroc.com-0623512008-otmaroc2024@gmail.com-114-768x768.png",768,768,true],"large":["https:\/\/otmaroc.com\/wp-content\/uploads\/2025\/03\/www.otmaroc.com-0623512008-otmaroc2024@gmail.com-114-1024x1024.png",1024,1024,true],"1536x1536":["https:\/\/otmaroc.com\/wp-content\/uploads\/2025\/03\/www.otmaroc.com-0623512008-otmaroc2024@gmail.com-114.png",1080,1080,false],"2048x2048":["https:\/\/otmaroc.com\/wp-content\/uploads\/2025\/03\/www.otmaroc.com-0623512008-otmaroc2024@gmail.com-114.png",1080,1080,false],"trp-custom-language-flag":["https:\/\/otmaroc.com\/wp-content\/uploads\/2025\/03\/www.otmaroc.com-0623512008-otmaroc2024@gmail.com-114-12x12.png",12,12,true],"woocommerce_thumbnail":["https:\/\/otmaroc.com\/wp-content\/uploads\/2025\/03\/www.otmaroc.com-0623512008-otmaroc2024@gmail.com-114-300x300.png",300,300,true],"woocommerce_single":["https:\/\/otmaroc.com\/wp-content\/uploads\/2025\/03\/www.otmaroc.com-0623512008-otmaroc2024@gmail.com-114-600x600.png",600,600,true],"woocommerce_gallery_thumbnail":["https:\/\/otmaroc.com\/wp-content\/uploads\/2025\/03\/www.otmaroc.com-0623512008-otmaroc2024@gmail.com-114-100x100.png",100,100,true],"dgwt-wcas-product-suggestion":["https:\/\/otmaroc.com\/wp-content\/uploads\/2025\/03\/www.otmaroc.com-0623512008-otmaroc2024@gmail.com-114-64x64.png",64,64,true]},"uagb_author_info":{"display_name":"othmane iptv","author_link":"https:\/\/otmaroc.com\/ar\/author\/"},"uagb_comment_info":383,"uagb_excerpt":"&nbsp; Un Jeu \u00c9ducatif Montessori pour D\u00e9velopper la Motricit\u00e9 Fine et l&rsquo;Autonomie des Enfants Ce jeu est con\u00e7u selon les principes Montessori pour favoriser \u00e0 la fois la motricit\u00e9 fine et l&rsquo;autonomie des enfants, tout en leur offrant une exp\u00e9rience d&rsquo;apprentissage ludique et interactive. La planche d&rsquo;activit\u00e9s en bois pr\u00e9sente une vari\u00e9t\u00e9 d&rsquo;exercices avec des&hellip;","jetpack_sharing_enabled":true,"_links":{"self":[{"href":"https:\/\/otmaroc.com\/ar\/wp-json\/wp\/v2\/product\/4459"}],"collection":[{"href":"https:\/\/otmaroc.com\/ar\/wp-json\/wp\/v2\/product"}],"about":[{"href":"https:\/\/otmaroc.com\/ar\/wp-json\/wp\/v2\/types\/product"}],"replies":[{"embeddable":true,"href":"https:\/\/otmaroc.com\/ar\/wp-json\/wp\/v2\/comments?post=4459"}],"wp:featuredmedia":[{"embeddable":true,"href":"https:\/\/otmaroc.com\/ar\/wp-json\/wp\/v2\/media\/4465"}],"wp:attachment":[{"href":"https:\/\/otmaroc.com\/ar\/wp-json\/wp\/v2\/media?parent=4459"}],"wp:term":[{"taxonomy":"product_cat","embeddable":true,"href":"https:\/\/otmaroc.com\/ar\/wp-json\/wp\/v2\/product_cat?post=4459"},{"taxonomy":"product_tag","embeddable":true,"href":"https:\/\/otmaroc.com\/ar\/wp-json\/wp\/v2\/product_tag?post=4459"}],"curies":[{"name":"wp","href":"https:\/\/api.w.org\/{rel}","templated":true}]}}