{"id":4454,"date":"2025-03-29T14:20:28","date_gmt":"2025-03-29T14:20:28","guid":{"rendered":"https:\/\/otmaroc.com\/?post_type=product&#038;p=4454"},"modified":"2025-05-29T09:16:02","modified_gmt":"2025-05-29T09:16:02","slug":"materiel-dorthophonie-ensemble-dexercices-de-musculation-linguale","status":"publish","type":"product","link":"https:\/\/otmaroc.com\/ar\/product\/materiel-dorthophonie-ensemble-dexercices-de-musculation-linguale\/","title":{"rendered":"Mat\u00e9riel d\u2019orthophonie ;Ensemble d\u2019Exercices de Musculation Linguale."},"content":{"rendered":"<p>Ce texte pr\u00e9sente un ensemble d&rsquo;exercices et d&rsquo;outils buccaux destin\u00e9s \u00e0 am\u00e9liorer la force de morsure, les comp\u00e9tences de mastication, la coordination de la langue, ainsi que la mobilit\u00e9 et le contr\u00f4le de la d\u00e9glutition. Voici quelques suggestions pour l&rsquo;am\u00e9liorer et le rendre plus fluide, tout en renfor\u00e7ant sa lisibilit\u00e9 :<\/p>\n<hr \/>\n<p><strong>Am\u00e9liorez la force de morsure et les comp\u00e9tences de mastication<\/strong><\/p>\n<p>L&rsquo;ensemble d&rsquo;exercices musculaires oraux a \u00e9t\u00e9 con\u00e7u pour renforcer la force de morsure, am\u00e9liorer la mastication, ainsi que la force mandibulaire, la coordination et la mobilit\u00e9 de la langue. En outre, il permet d&rsquo;\u00e9tirer la ceinture linguale, favorisant ainsi un meilleur contr\u00f4le du bolus pendant la d\u00e9glutition.<\/p>\n<h3>Fonctionnalit\u00e9s<\/h3>\n<p>Ces outils buccaux sont sp\u00e9cialement con\u00e7us pour entra\u00eener le lingual, en se concentrant sur le levage et le pressage de la langue. Ils permettent d&rsquo;\u00e9tirer le frein de la langue et d&rsquo;am\u00e9liorer le contr\u00f4le de la d\u00e9glutition, essentiels pour la r\u00e9\u00e9ducation linguistique et la prononciation.<\/p>\n<h3>Contenu de l\u2019Ensemble<\/h3>\n<ul>\n<li><strong>1 x Entra\u00eeneur en forme de I<\/strong><\/li>\n<li><strong>1 x Entra\u00eeneur en forme de T<\/strong><\/li>\n<li><strong>1 x Entra\u00eeneur en forme de C<\/strong><\/li>\n<\/ul>\n<p>Ces outils r\u00e9pondent parfaitement aux besoins d\u2019entra\u00eenement musculaire oral, qu&rsquo;ils soient destin\u00e9s aux enfants ou aux adultes.<\/p>\n<h3>Applications et Utilisation<\/h3>\n<p>Convient \u00e0 toutes les tranches d&rsquo;\u00e2ge, cet entra\u00eeneur musculaire lingual est id\u00e9al pour les enfants et les adultes d\u00e9sireux d\u2019am\u00e9liorer leur sant\u00e9 de la d\u00e9glutition. Il est particuli\u00e8rement utile pour les personnes ayant besoin de r\u00e9\u00e9ducation orale ou de prise de conscience de leur d\u00e9glutition.<\/p>\n<h3>Entra\u00eenement Correct de la Langue<\/h3>\n<ul>\n<li><strong>Entra\u00eeneur en forme de I<\/strong> : Parfait pour l\u2019entra\u00eenement lat\u00e9ral altern\u00e9 avant-arri\u00e8re de la langue.<\/li>\n<li><strong>Entra\u00eeneur en forme de T<\/strong> : Id\u00e9al pour l\u2019entra\u00eenement de la langue de haut en bas ou de gauche \u00e0 droite des dents de devant.<\/li>\n<li><strong>Entra\u00eeneur en forme de C<\/strong> : Utilis\u00e9 pour l\u2019entra\u00eenement alternatif entre la bouche et la langue.<\/li>\n<\/ul>\n<h3>Haute Qualit\u00e9 et Facilit\u00e9 de Nettoyage<\/h3>\n<p>Fabriqu\u00e9 en mat\u00e9riaux PP durables, cet ensemble d\u2019entra\u00eenement musculaire oral est con\u00e7u pour durer dans le temps. Apr\u00e8s chaque utilisation, il est facile \u00e0 nettoyer : il suffit de rincer \u00e0 l\u2019eau ti\u00e8de ou d\u2019essuyer avec une feuille de nettoyage. Pratique, hygi\u00e9nique et id\u00e9al pour un usage quotidien.<\/p>\n<p>&nbsp;<\/p>","protected":false},"excerpt":{"rendered":"<ul>\n<li><strong>Entra\u00eeneur en forme de I<\/strong> : Parfait pour l\u2019entra\u00eenement lat\u00e9ral altern\u00e9 avant-arri\u00e8re de la langue.<\/li>\n<li><strong>Entra\u00eeneur en forme de T<\/strong> : Id\u00e9al pour l\u2019entra\u00eenement de la langue de haut en bas ou de gauche \u00e0 droite des dents de devant.<\/li>\n<li><strong>Entra\u00eeneur en forme de C<\/strong> : Utilis\u00e9 pour l\u2019entra\u00eenement alternatif entre la bouche et la langue.<\/li>\n<\/ul>","protected":false},"featured_media":4458,"comment_status":"open","ping_status":"closed","template":"","meta":{"_uag_custom_page_level_css":"","site-sidebar-layout":"default","site-content-layout":"","ast-site-content-layout":"default","site-content-style":"default","site-sidebar-style":"default","ast-global-header-display":"","ast-banner-title-visibility":"","ast-main-header-display":"","ast-hfb-above-header-display":"","ast-hfb-below-header-display":"","ast-hfb-mobile-header-display":"","site-post-title":"","ast-breadcrumbs-content":"","ast-featured-img":"","footer-sml-layout":"","theme-transparent-header-meta":"default","adv-header-id-meta":"","stick-header-meta":"","header-above-stick-meta":"","header-main-stick-meta":"","header-below-stick-meta":"","astra-migrate-meta-layouts":"set","ast-page-background-enabled":"default","ast-page-background-meta":{"desktop":{"background-color":"","background-image":"","background-repeat":"repeat","background-position":"center center","background-size":"auto","background-attachment":"scroll","background-type":"","background-media":"","overlay-type":"","overlay-color":"","overlay-opacity":"","overlay-gradient":""},"tablet":{"background-color":"","background-image":"","background-repeat":"repeat","background-position":"center center","background-size":"auto","background-attachment":"scroll","background-type":"","background-media":"","overlay-type":"","overlay-color":"","overlay-opacity":"","overlay-gradient":""},"mobile":{"background-color":"","background-image":"","background-repeat":"repeat","background-position":"center center","background-size":"auto","background-attachment":"scroll","background-type":"","background-media":"","overlay-type":"","overlay-color":"","overlay-opacity":"","overlay-gradient":""}},"ast-content-background-meta":{"desktop":{"background-color":"var(--ast-global-color-5)","background-image":"","background-repeat":"repeat","background-position":"center center","background-size":"auto","background-attachment":"scroll","background-type":"","background-media":"","overlay-type":"","overlay-color":"","overlay-opacity":"","overlay-gradient":""},"tablet":{"background-color":"var(--ast-global-color-5)","background-image":"","background-repeat":"repeat","background-position":"center center","background-size":"auto","background-attachment":"scroll","background-type":"","background-media":"","overlay-type":"","overlay-color":"","overlay-opacity":"","overlay-gradient":""},"mobile":{"background-color":"var(--ast-global-color-5)","background-image":"","background-repeat":"repeat","background-position":"center center","background-size":"auto","background-attachment":"scroll","background-type":"","background-media":"","overlay-type":"","overlay-color":"","overlay-opacity":"","overlay-gradient":""}}},"product_cat":[52,91,80,103,63],"product_tag":[],"class_list":{"0":"post-4454","1":"product","2":"type-product","3":"status-publish","4":"has-post-thumbnail","6":"product_cat-jouets-de-therapie-au-maroc","7":"product_cat-langage-et-communication","8":"product_cat-materiel-de-orthophonie","9":"product_cat-tous-les-jeux-educatifs-et-therapeutiques","10":"product_cat-tous-les-produits","11":"desktop-align-left","12":"tablet-align-left","13":"mobile-align-left","15":"first","16":"outofstock","17":"sale","18":"shipping-taxable","19":"purchasable","20":"product-type-simple"},"yoast_head":"<!-- This site is optimized with the Yoast SEO plugin v23.5 - https:\/\/yoast.com\/wordpress\/plugins\/seo\/ -->\n<title>Mat\u00e9riel d&#039;Orthophonie et Exercices de Musculation Linguale au Maroc<\/title>\n<meta name=\"description\" content=\"D\u00e9couvrez notre mat\u00e9riel d&#039;orthophonie sp\u00e9cialis\u00e9 et nos exercices de musculation linguale pour am\u00e9liorer la mobilit\u00e9 et la force de la langue au Maroc. Id\u00e9al pour les enfants et adultes en r\u00e9\u00e9ducation.\" \/>\n<meta name=\"robots\" content=\"index, follow, max-snippet:-1, max-image-preview:large, max-video-preview:-1\" \/>\n<link rel=\"canonical\" href=\"https:\/\/otmaroc.com\/ar\/product\/materiel-dorthophonie-ensemble-dexercices-de-musculation-linguale\/\" \/>\n<meta property=\"og:locale\" content=\"ar_AR\" \/>\n<meta property=\"og:type\" content=\"article\" \/>\n<meta property=\"og:title\" content=\"Mat\u00e9riel d&#039;Orthophonie et Exercices de Musculation Linguale au Maroc\" \/>\n<meta property=\"og:description\" content=\"D\u00e9couvrez notre mat\u00e9riel d&#039;orthophonie sp\u00e9cialis\u00e9 et nos exercices de musculation linguale pour am\u00e9liorer la mobilit\u00e9 et la force de la langue au Maroc. Id\u00e9al pour les enfants et adultes en r\u00e9\u00e9ducation.\" \/>\n<meta property=\"og:url\" content=\"https:\/\/otmaroc.com\/ar\/product\/materiel-dorthophonie-ensemble-dexercices-de-musculation-linguale\/\" \/>\n<meta property=\"og:site_name\" content=\"OTMAROC\" \/>\n<meta property=\"article:publisher\" content=\"https:\/\/www.facebook.com\/profile.php?id=61565107472257\" \/>\n<meta property=\"article:modified_time\" content=\"2025-05-29T09:16:02+00:00\" \/>\n<meta property=\"og:image\" content=\"https:\/\/otmaroc.com\/wp-content\/uploads\/2025\/03\/www.otmaroc.com-0623512008-otmaroc2024@gmail.com-113.png\" \/>\n\t<meta property=\"og:image:width\" content=\"1080\" \/>\n\t<meta property=\"og:image:height\" content=\"1080\" \/>\n\t<meta property=\"og:image:type\" content=\"image\/png\" \/>\n<meta name=\"twitter:card\" content=\"summary_large_image\" \/>\n<meta name=\"twitter:label1\" content=\"\u0648\u0642\u062a \u0627\u0644\u0642\u0631\u0627\u0621\u0629 \u0627\u0644\u0645\u064f\u0642\u062f\u0651\u0631\" \/>\n\t<meta name=\"twitter:data1\" content=\"3 \u062f\u0642\u0627\u0626\u0642\" \/>\n<script type=\"application\/ld+json\" class=\"yoast-schema-graph\">{\"@context\":\"https:\/\/schema.org\",\"@graph\":[{\"@type\":\"WebPage\",\"@id\":\"https:\/\/otmaroc.com\/product\/materiel-dorthophonie-ensemble-dexercices-de-musculation-linguale\/\",\"url\":\"https:\/\/otmaroc.com\/product\/materiel-dorthophonie-ensemble-dexercices-de-musculation-linguale\/\",\"name\":\"Mat\u00e9riel d'Orthophonie et Exercices de Musculation Linguale au Maroc\",\"isPartOf\":{\"@id\":\"https:\/\/otmaroc.com\/#website\"},\"primaryImageOfPage\":{\"@id\":\"https:\/\/otmaroc.com\/product\/materiel-dorthophonie-ensemble-dexercices-de-musculation-linguale\/#primaryimage\"},\"image\":{\"@id\":\"https:\/\/otmaroc.com\/product\/materiel-dorthophonie-ensemble-dexercices-de-musculation-linguale\/#primaryimage\"},\"thumbnailUrl\":\"https:\/\/otmaroc.com\/wp-content\/uploads\/2025\/03\/www.otmaroc.com-0623512008-otmaroc2024@gmail.com-113.png\",\"datePublished\":\"2025-03-29T14:20:28+00:00\",\"dateModified\":\"2025-05-29T09:16:02+00:00\",\"description\":\"D\u00e9couvrez notre mat\u00e9riel d'orthophonie sp\u00e9cialis\u00e9 et nos exercices de musculation linguale pour am\u00e9liorer la mobilit\u00e9 et la force de la langue au Maroc. Id\u00e9al pour les enfants et adultes en r\u00e9\u00e9ducation.\",\"breadcrumb\":{\"@id\":\"https:\/\/otmaroc.com\/product\/materiel-dorthophonie-ensemble-dexercices-de-musculation-linguale\/#breadcrumb\"},\"inLanguage\":\"ar\",\"potentialAction\":[{\"@type\":\"ReadAction\",\"target\":[\"https:\/\/otmaroc.com\/product\/materiel-dorthophonie-ensemble-dexercices-de-musculation-linguale\/\"]}]},{\"@type\":\"ImageObject\",\"inLanguage\":\"ar\",\"@id\":\"https:\/\/otmaroc.com\/product\/materiel-dorthophonie-ensemble-dexercices-de-musculation-linguale\/#primaryimage\",\"url\":\"https:\/\/otmaroc.com\/wp-content\/uploads\/2025\/03\/www.otmaroc.com-0623512008-otmaroc2024@gmail.com-113.png\",\"contentUrl\":\"https:\/\/otmaroc.com\/wp-content\/uploads\/2025\/03\/www.otmaroc.com-0623512008-otmaroc2024@gmail.com-113.png\",\"width\":1080,\"height\":1080},{\"@type\":\"BreadcrumbList\",\"@id\":\"https:\/\/otmaroc.com\/product\/materiel-dorthophonie-ensemble-dexercices-de-musculation-linguale\/#breadcrumb\",\"itemListElement\":[{\"@type\":\"ListItem\",\"position\":1,\"name\":\"Home\",\"item\":\"https:\/\/otmaroc.com\/\"},{\"@type\":\"ListItem\",\"position\":2,\"name\":\"Products\",\"item\":\"https:\/\/otmaroc.com\/store\/\"},{\"@type\":\"ListItem\",\"position\":3,\"name\":\"Mat\u00e9riel d\u2019orthophonie ;Ensemble d\u2019Exercices de Musculation Linguale.\"}]},{\"@type\":\"WebSite\",\"@id\":\"https:\/\/otmaroc.com\/#website\",\"url\":\"https:\/\/otmaroc.com\/\",\"name\":\"OTMAROC\",\"description\":\"The number one website in morocco for occupational therapy\",\"publisher\":{\"@id\":\"https:\/\/otmaroc.com\/#organization\"},\"potentialAction\":[{\"@type\":\"SearchAction\",\"target\":{\"@type\":\"EntryPoint\",\"urlTemplate\":\"https:\/\/otmaroc.com\/?s={search_term_string}\"},\"query-input\":{\"@type\":\"PropertyValueSpecification\",\"valueRequired\":true,\"valueName\":\"search_term_string\"}}],\"inLanguage\":\"ar\"},{\"@type\":\"Organization\",\"@id\":\"https:\/\/otmaroc.com\/#organization\",\"name\":\"OTMAROC\",\"url\":\"https:\/\/otmaroc.com\/\",\"logo\":{\"@type\":\"ImageObject\",\"inLanguage\":\"ar\",\"@id\":\"https:\/\/otmaroc.com\/#\/schema\/logo\/image\/\",\"url\":\"https:\/\/otmaroc.com\/wp-content\/uploads\/2024\/08\/cropped-cropped-Black_White_Yellow_Simple_Initial_Name_Logo-removebg-preview-2.png\",\"contentUrl\":\"https:\/\/otmaroc.com\/wp-content\/uploads\/2024\/08\/cropped-cropped-Black_White_Yellow_Simple_Initial_Name_Logo-removebg-preview-2.png\",\"width\":298,\"height\":192,\"caption\":\"OTMAROC\"},\"image\":{\"@id\":\"https:\/\/otmaroc.com\/#\/schema\/logo\/image\/\"},\"sameAs\":[\"https:\/\/www.facebook.com\/profile.php?id=61565107472257\",\"https:\/\/www.instagram.com\/otmaroc2024\/\",\"https:\/\/www.youtube.com\/@othmaneksaibar6763\",\"https:\/\/api.whatsapp.com\/send?phone=2120623512008\"]}]}<\/script>\n<!-- \/ Yoast SEO plugin. -->","yoast_head_json":{"title":"Mat\u00e9riel d'Orthophonie et Exercices de Musculation Linguale au Maroc","description":"D\u00e9couvrez notre mat\u00e9riel d'orthophonie sp\u00e9cialis\u00e9 et nos exercices de musculation linguale pour am\u00e9liorer la mobilit\u00e9 et la force de la langue au Maroc. Id\u00e9al pour les enfants et adultes en r\u00e9\u00e9ducation.","robots":{"index":"index","follow":"follow","max-snippet":"max-snippet:-1","max-image-preview":"max-image-preview:large","max-video-preview":"max-video-preview:-1"},"canonical":"https:\/\/otmaroc.com\/ar\/product\/materiel-dorthophonie-ensemble-dexercices-de-musculation-linguale\/","og_locale":"ar_AR","og_type":"article","og_title":"Mat\u00e9riel d'Orthophonie et Exercices de Musculation Linguale au Maroc","og_description":"D\u00e9couvrez notre mat\u00e9riel d'orthophonie sp\u00e9cialis\u00e9 et nos exercices de musculation linguale pour am\u00e9liorer la mobilit\u00e9 et la force de la langue au Maroc. Id\u00e9al pour les enfants et adultes en r\u00e9\u00e9ducation.","og_url":"https:\/\/otmaroc.com\/ar\/product\/materiel-dorthophonie-ensemble-dexercices-de-musculation-linguale\/","og_site_name":"OTMAROC","article_publisher":"https:\/\/www.facebook.com\/profile.php?id=61565107472257","article_modified_time":"2025-05-29T09:16:02+00:00","og_image":[{"width":1080,"height":1080,"url":"https:\/\/otmaroc.com\/wp-content\/uploads\/2025\/03\/www.otmaroc.com-0623512008-otmaroc2024@gmail.com-113.png","type":"image\/png"}],"twitter_card":"summary_large_image","twitter_misc":{"\u0648\u0642\u062a \u0627\u0644\u0642\u0631\u0627\u0621\u0629 \u0627\u0644\u0645\u064f\u0642\u062f\u0651\u0631":"3 \u062f\u0642\u0627\u0626\u0642"},"schema":{"@context":"https:\/\/schema.org","@graph":[{"@type":"WebPage","@id":"https:\/\/otmaroc.com\/product\/materiel-dorthophonie-ensemble-dexercices-de-musculation-linguale\/","url":"https:\/\/otmaroc.com\/product\/materiel-dorthophonie-ensemble-dexercices-de-musculation-linguale\/","name":"Mat\u00e9riel d'Orthophonie et Exercices de Musculation Linguale au Maroc","isPartOf":{"@id":"https:\/\/otmaroc.com\/#website"},"primaryImageOfPage":{"@id":"https:\/\/otmaroc.com\/product\/materiel-dorthophonie-ensemble-dexercices-de-musculation-linguale\/#primaryimage"},"image":{"@id":"https:\/\/otmaroc.com\/product\/materiel-dorthophonie-ensemble-dexercices-de-musculation-linguale\/#primaryimage"},"thumbnailUrl":"https:\/\/otmaroc.com\/wp-content\/uploads\/2025\/03\/www.otmaroc.com-0623512008-otmaroc2024@gmail.com-113.png","datePublished":"2025-03-29T14:20:28+00:00","dateModified":"2025-05-29T09:16:02+00:00","description":"D\u00e9couvrez notre mat\u00e9riel d'orthophonie sp\u00e9cialis\u00e9 et nos exercices de musculation linguale pour am\u00e9liorer la mobilit\u00e9 et la force de la langue au Maroc. Id\u00e9al pour les enfants et adultes en r\u00e9\u00e9ducation.","breadcrumb":{"@id":"https:\/\/otmaroc.com\/product\/materiel-dorthophonie-ensemble-dexercices-de-musculation-linguale\/#breadcrumb"},"inLanguage":"ar","potentialAction":[{"@type":"ReadAction","target":["https:\/\/otmaroc.com\/product\/materiel-dorthophonie-ensemble-dexercices-de-musculation-linguale\/"]}]},{"@type":"ImageObject","inLanguage":"ar","@id":"https:\/\/otmaroc.com\/product\/materiel-dorthophonie-ensemble-dexercices-de-musculation-linguale\/#primaryimage","url":"https:\/\/otmaroc.com\/wp-content\/uploads\/2025\/03\/www.otmaroc.com-0623512008-otmaroc2024@gmail.com-113.png","contentUrl":"https:\/\/otmaroc.com\/wp-content\/uploads\/2025\/03\/www.otmaroc.com-0623512008-otmaroc2024@gmail.com-113.png","width":1080,"height":1080},{"@type":"BreadcrumbList","@id":"https:\/\/otmaroc.com\/product\/materiel-dorthophonie-ensemble-dexercices-de-musculation-linguale\/#breadcrumb","itemListElement":[{"@type":"ListItem","position":1,"name":"Home","item":"https:\/\/otmaroc.com\/"},{"@type":"ListItem","position":2,"name":"Products","item":"https:\/\/otmaroc.com\/store\/"},{"@type":"ListItem","position":3,"name":"Mat\u00e9riel d\u2019orthophonie ;Ensemble d\u2019Exercices de Musculation Linguale."}]},{"@type":"WebSite","@id":"https:\/\/otmaroc.com\/#website","url":"https:\/\/otmaroc.com\/","name":"OTMAROC","description":"The number one website in morocco for occupational therapy","publisher":{"@id":"https:\/\/otmaroc.com\/#organization"},"potentialAction":[{"@type":"SearchAction","target":{"@type":"EntryPoint","urlTemplate":"https:\/\/otmaroc.com\/?s={search_term_string}"},"query-input":{"@type":"PropertyValueSpecification","valueRequired":true,"valueName":"search_term_string"}}],"inLanguage":"ar"},{"@type":"Organization","@id":"https:\/\/otmaroc.com\/#organization","name":"OTMAROC","url":"https:\/\/otmaroc.com\/","logo":{"@type":"ImageObject","inLanguage":"ar","@id":"https:\/\/otmaroc.com\/#\/schema\/logo\/image\/","url":"https:\/\/otmaroc.com\/wp-content\/uploads\/2024\/08\/cropped-cropped-Black_White_Yellow_Simple_Initial_Name_Logo-removebg-preview-2.png","contentUrl":"https:\/\/otmaroc.com\/wp-content\/uploads\/2024\/08\/cropped-cropped-Black_White_Yellow_Simple_Initial_Name_Logo-removebg-preview-2.png","width":298,"height":192,"caption":"OTMAROC"},"image":{"@id":"https:\/\/otmaroc.com\/#\/schema\/logo\/image\/"},"sameAs":["https:\/\/www.facebook.com\/profile.php?id=61565107472257","https:\/\/www.instagram.com\/otmaroc2024\/","https:\/\/www.youtube.com\/@othmaneksaibar6763","https:\/\/api.whatsapp.com\/send?phone=2120623512008"]}]}},"uagb_featured_image_src":{"full":["https:\/\/otmaroc.com\/wp-content\/uploads\/2025\/03\/www.otmaroc.com-0623512008-otmaroc2024@gmail.com-113.png",1080,1080,false],"thumbnail":["https:\/\/otmaroc.com\/wp-content\/uploads\/2025\/03\/www.otmaroc.com-0623512008-otmaroc2024@gmail.com-113-150x150.png",150,150,true],"medium":["https:\/\/otmaroc.com\/wp-content\/uploads\/2025\/03\/www.otmaroc.com-0623512008-otmaroc2024@gmail.com-113-300x300.png",300,300,true],"medium_large":["https:\/\/otmaroc.com\/wp-content\/uploads\/2025\/03\/www.otmaroc.com-0623512008-otmaroc2024@gmail.com-113-768x768.png",768,768,true],"large":["https:\/\/otmaroc.com\/wp-content\/uploads\/2025\/03\/www.otmaroc.com-0623512008-otmaroc2024@gmail.com-113-1024x1024.png",1024,1024,true],"1536x1536":["https:\/\/otmaroc.com\/wp-content\/uploads\/2025\/03\/www.otmaroc.com-0623512008-otmaroc2024@gmail.com-113.png",1080,1080,false],"2048x2048":["https:\/\/otmaroc.com\/wp-content\/uploads\/2025\/03\/www.otmaroc.com-0623512008-otmaroc2024@gmail.com-113.png",1080,1080,false],"trp-custom-language-flag":["https:\/\/otmaroc.com\/wp-content\/uploads\/2025\/03\/www.otmaroc.com-0623512008-otmaroc2024@gmail.com-113-12x12.png",12,12,true],"woocommerce_thumbnail":["https:\/\/otmaroc.com\/wp-content\/uploads\/2025\/03\/www.otmaroc.com-0623512008-otmaroc2024@gmail.com-113-300x300.png",300,300,true],"woocommerce_single":["https:\/\/otmaroc.com\/wp-content\/uploads\/2025\/03\/www.otmaroc.com-0623512008-otmaroc2024@gmail.com-113-600x600.png",600,600,true],"woocommerce_gallery_thumbnail":["https:\/\/otmaroc.com\/wp-content\/uploads\/2025\/03\/www.otmaroc.com-0623512008-otmaroc2024@gmail.com-113-100x100.png",100,100,true],"dgwt-wcas-product-suggestion":["https:\/\/otmaroc.com\/wp-content\/uploads\/2025\/03\/www.otmaroc.com-0623512008-otmaroc2024@gmail.com-113-64x64.png",64,64,true]},"uagb_author_info":{"display_name":"othmane iptv","author_link":"https:\/\/otmaroc.com\/ar\/author\/"},"uagb_comment_info":0,"uagb_excerpt":"Entra\u00eeneur en forme de I : Parfait pour l\u2019entra\u00eenement lat\u00e9ral altern\u00e9 avant-arri\u00e8re de la langue. Entra\u00eeneur en forme de T : Id\u00e9al pour l\u2019entra\u00eenement de la langue de haut en bas ou de gauche \u00e0 droite des dents de devant. Entra\u00eeneur en forme de C : Utilis\u00e9 pour l\u2019entra\u00eenement alternatif entre la bouche et la&hellip;","jetpack_sharing_enabled":true,"_links":{"self":[{"href":"https:\/\/otmaroc.com\/ar\/wp-json\/wp\/v2\/product\/4454"}],"collection":[{"href":"https:\/\/otmaroc.com\/ar\/wp-json\/wp\/v2\/product"}],"about":[{"href":"https:\/\/otmaroc.com\/ar\/wp-json\/wp\/v2\/types\/product"}],"replies":[{"embeddable":true,"href":"https:\/\/otmaroc.com\/ar\/wp-json\/wp\/v2\/comments?post=4454"}],"wp:featuredmedia":[{"embeddable":true,"href":"https:\/\/otmaroc.com\/ar\/wp-json\/wp\/v2\/media\/4458"}],"wp:attachment":[{"href":"https:\/\/otmaroc.com\/ar\/wp-json\/wp\/v2\/media?parent=4454"}],"wp:term":[{"taxonomy":"product_cat","embeddable":true,"href":"https:\/\/otmaroc.com\/ar\/wp-json\/wp\/v2\/product_cat?post=4454"},{"taxonomy":"product_tag","embeddable":true,"href":"https:\/\/otmaroc.com\/ar\/wp-json\/wp\/v2\/product_tag?post=4454"}],"curies":[{"name":"wp","href":"https:\/\/api.w.org\/{rel}","templated":true}]}}