{"id":4387,"date":"2025-03-15T14:03:07","date_gmt":"2025-03-15T14:03:07","guid":{"rendered":"https:\/\/otmaroc.com\/?post_type=product&#038;p=4387"},"modified":"2025-08-04T03:27:49","modified_gmt":"2025-08-04T03:27:49","slug":"mini-velo-pedalier-pliable-mini-bike","status":"publish","type":"product","link":"https:\/\/otmaroc.com\/ar\/product\/mini-velo-pedalier-pliable-mini-bike\/","title":{"rendered":"\u062f\u0631\u0627\u062c\u0629 \u0627\u0644\u062a\u0645\u0631\u064a\u0646 \u0627\u0644\u0645\u062d\u0645\u0648\u0644\u0629"},"content":{"rendered":"<p style=\"text-align: center;\"><strong>\u064a\u062a\u064a\u062d<\/strong> <strong>\u0644\u0643 \u062c\u0647\u0627\u0632 \u062a\u0645\u0627\u0631\u064a\u0646 \u0627\u0644\u062f\u0648\u0627\u0633\u0629 \u0627\u0644\u0642\u0627\u0628\u0644 \u0644\u0644\u0637\u064a \u0647\u0630\u0627 \u0623\u062f\u0627\u0621 \u062a\u0645\u0627\u0631\u064a\u0646 \u0627\u0644\u0633\u0627\u0642 \u0648\u0627\u0644\u0630\u0631\u0627\u0639 \u0628\u0634\u0643\u0644 \u0645\u0631\u064a\u062d \u0645\u0646 \u0643\u0631\u0633\u064a \u0628\u0630\u0631\u0627\u0639\u064a\u0646 \u0623\u0648 \u0623\u0631\u064a\u0643\u0629<\/strong><\/p>\n<p style=\"text-align: center;\"><strong>. \u062e\u0641\u064a\u0641 \u0627\u0644\u0648\u0632\u0646 \u0639\u0645\u0644\u064a \u0648\u0633\u0647\u0644 \u0627\u0644\u062a\u062e\u0632\u064a\u0646\u060c \u0648\u0645\u0646\u0627\u0633\u0628 \u0644\u0644\u0631\u062c\u0627\u0644 \u0648\u0627\u0644\u0646\u0633\u0627\u0621. <\/strong><\/p>\n<p style=\"text-align: center;\"><strong>\u0623\u0628\u0639\u0627\u062f\u0647 \u0639\u0646\u062f \u0641\u062a\u062d\u0647 \u0647\u064a 37 \u00d7 48 \u00d7 26 \u0633\u0645\u060c \u0648\u0639\u0646\u062f \u0637\u064a\u0647 \u064a\u0635\u0628\u062d\u00a0 37 \u00d7 18 \u00d7 18 \u0633\u0645.<\/strong><\/p>\n<p style=\"text-align: center;\"><img loading=\"lazy\" decoding=\"async\" class=\"alignnone size-medium wp-image-4548\" src=\"https:\/\/otmaroc.com\/wp-content\/uploads\/2025\/03\/81xyRGKopWL._AC_SL1500-300x300.jpg\" alt=\"\" width=\"300\" height=\"300\" srcset=\"https:\/\/otmaroc.com\/wp-content\/uploads\/2025\/03\/81xyRGKopWL._AC_SL1500-300x300.jpg 300w, https:\/\/otmaroc.com\/wp-content\/uploads\/2025\/03\/81xyRGKopWL._AC_SL1500-1024x1024.jpg 1024w, https:\/\/otmaroc.com\/wp-content\/uploads\/2025\/03\/81xyRGKopWL._AC_SL1500-150x150.jpg 150w, https:\/\/otmaroc.com\/wp-content\/uploads\/2025\/03\/81xyRGKopWL._AC_SL1500-768x768.jpg 768w, https:\/\/otmaroc.com\/wp-content\/uploads\/2025\/03\/81xyRGKopWL._AC_SL1500-12x12.jpg 12w, https:\/\/otmaroc.com\/wp-content\/uploads\/2025\/03\/81xyRGKopWL._AC_SL1500-600x600.jpg 600w, https:\/\/otmaroc.com\/wp-content\/uploads\/2025\/03\/81xyRGKopWL._AC_SL1500-100x100.jpg 100w, https:\/\/otmaroc.com\/wp-content\/uploads\/2025\/03\/81xyRGKopWL._AC_SL1500-64x64.jpg 64w, https:\/\/otmaroc.com\/wp-content\/uploads\/2025\/03\/81xyRGKopWL._AC_SL1500.jpg 1500w\" sizes=\"(max-width: 300px) 100vw, 300px\" \/><\/p>\n<p style=\"text-align: center;\"><strong>\u064a\u0639\u0645\u0644 \u062c\u0647\u0627\u0632 \u062a\u0645\u0627\u0631\u064a\u0646 \u0627\u0644\u062f\u0648\u0627\u0633\u0629 \u0627\u0644\u0635\u063a\u064a\u0631 \u0647\u0630\u0627 \u0639\u0644\u0649 \u062a\u062d\u0641\u064a\u0632 \u0627\u0644\u062f\u0648\u0631\u0629 \u0627\u0644\u062f\u0645\u0648\u064a\u0629\u060c \u0648\u062a\u062d\u0633\u064a\u0646 \u0642\u0648\u0629 \u0627\u0644\u0639\u0636\u0644\u0627\u062a \u0648\u0627\u0644\u062a\u0646\u0633\u064a\u0642\u060c \u0645\u0645\u0627 \u064a\u0648\u0641\u0631 \u062a\u0645\u0631\u064a\u0646\u064b\u0627 \u0643\u0627\u0645\u0644\u0627\u064b \u0644\u0644\u0630\u0631\u0627\u0639\u064a\u0646 \u0648\u0627\u0644\u0633\u0627\u0642\u064a\u0646. <\/strong><\/p>\n<p style=\"text-align: center;\"><strong>\u0645\u062b\u0627\u0644\u064a \u0644\u0643\u0628\u0627\u0631 \u0627\u0644\u0633\u0646 \u0623\u0648 \u0623\u0648\u0644\u0626\u0643 \u0627\u0644\u0630\u064a\u0646 \u064a\u0628\u062f\u0623\u0648\u0646 \u0628\u0631\u0646\u0627\u0645\u062c\u064b\u0627 \u0644\u0644\u062a\u0645\u0631\u064a\u0646.<\/strong><\/p>\n<p style=\"text-align: center;\"><strong>\u064a\u0648\u0641\u0631 \u0645\u0633\u062a\u0648\u064a\u0627\u062a \u0645\u062e\u062a\u0644\u0641\u0629 \u0645\u0646 \u0627\u0644\u0643\u062b\u0627\u0641\u0629 \u0628\u0641\u0636\u0644 \u0627\u0644\u0645\u0642\u0627\u0648\u0645\u0629 \u0627\u0644\u0642\u0627\u0628\u0644\u0629 \u0644\u0644\u062a\u0639\u062f\u064a\u0644 \u0645\u0646 \u062e\u0644\u0627\u0644 \u0627\u0644\u0645\u0642\u0628\u0636. \u0628\u0627\u0644\u0625\u0636\u0627\u0641\u0629 \u0625\u0644\u0649 \u0630\u0644\u0643\u060c \u062a\u0645 \u062a\u062c\u0647\u064a\u0632\u0647 \u0628\u0639\u062f\u0627\u062f \u0631\u0642\u0645\u064a \u064a\u0639\u0631\u0636 \u0627\u0644\u0648\u0642\u062a \u0648\u0639\u062f\u062f \u0627\u0644\u0644\u0641\u0627\u062a \u0648\u0627\u0644\u0633\u0631\u0639\u0629 \u0648\u0627\u0644\u0633\u0639\u0631\u0627\u062a \u0627\u0644\u062d\u0631\u0627\u0631\u064a\u0629 \u0627\u0644\u0645\u062d\u0631\u0648\u0642\u0629.<\/strong><\/p>\n<p style=\"text-align: center;\"><img loading=\"lazy\" decoding=\"async\" class=\"alignnone size-medium wp-image-4547\" src=\"https:\/\/otmaroc.com\/wp-content\/uploads\/2025\/03\/D_NQ_NP_2X_933088-MLU79112388192_092024-F-280x300.webp\" alt=\"\" width=\"280\" height=\"300\" srcset=\"https:\/\/otmaroc.com\/wp-content\/uploads\/2025\/03\/D_NQ_NP_2X_933088-MLU79112388192_092024-F-280x300.webp 280w, https:\/\/otmaroc.com\/wp-content\/uploads\/2025\/03\/D_NQ_NP_2X_933088-MLU79112388192_092024-F-956x1024.webp 956w, https:\/\/otmaroc.com\/wp-content\/uploads\/2025\/03\/D_NQ_NP_2X_933088-MLU79112388192_092024-F-768x822.webp 768w, https:\/\/otmaroc.com\/wp-content\/uploads\/2025\/03\/D_NQ_NP_2X_933088-MLU79112388192_092024-F-11x12.webp 11w, https:\/\/otmaroc.com\/wp-content\/uploads\/2025\/03\/D_NQ_NP_2X_933088-MLU79112388192_092024-F-600x642.webp 600w, https:\/\/otmaroc.com\/wp-content\/uploads\/2025\/03\/D_NQ_NP_2X_933088-MLU79112388192_092024-F-64x69.webp 64w, https:\/\/otmaroc.com\/wp-content\/uploads\/2025\/03\/D_NQ_NP_2X_933088-MLU79112388192_092024-F.webp 1119w\" sizes=\"(max-width: 280px) 100vw, 280px\" \/><\/p>\n<p style=\"text-align: center;\"><strong>\u0622\u0644\u064a\u0629 \u0627\u0644\u0637\u064a \u0648\u062c\u0647\u0627\u0632 \u0627\u0644\u0623\u0645\u0627\u0646 \u062a\u0636\u0645\u0646 \u0627\u0644\u0627\u0633\u062a\u062e\u062f\u0627\u0645 \u0627\u0644\u0628\u0633\u064a\u0637 \u0648\u0627\u0644\u0645\u0648\u062b\u0648\u0642.<\/strong><\/p>\n<p><img loading=\"lazy\" decoding=\"async\" class=\"alignnone size-medium wp-image-4549 aligncenter\" src=\"https:\/\/otmaroc.com\/wp-content\/uploads\/2025\/03\/715ao4C9mjL._AC_SL1500-300x300.webp\" alt=\"\" width=\"300\" height=\"300\" srcset=\"https:\/\/otmaroc.com\/wp-content\/uploads\/2025\/03\/715ao4C9mjL._AC_SL1500-300x300.webp 300w, https:\/\/otmaroc.com\/wp-content\/uploads\/2025\/03\/715ao4C9mjL._AC_SL1500-150x150.webp 150w, https:\/\/otmaroc.com\/wp-content\/uploads\/2025\/03\/715ao4C9mjL._AC_SL1500-768x768.webp 768w, https:\/\/otmaroc.com\/wp-content\/uploads\/2025\/03\/715ao4C9mjL._AC_SL1500-12x12.webp 12w, https:\/\/otmaroc.com\/wp-content\/uploads\/2025\/03\/715ao4C9mjL._AC_SL1500-600x600.webp 600w, https:\/\/otmaroc.com\/wp-content\/uploads\/2025\/03\/715ao4C9mjL._AC_SL1500-100x100.webp 100w, https:\/\/otmaroc.com\/wp-content\/uploads\/2025\/03\/715ao4C9mjL._AC_SL1500-64x64.webp 64w, https:\/\/otmaroc.com\/wp-content\/uploads\/2025\/03\/715ao4C9mjL._AC_SL1500.webp 990w\" sizes=\"(max-width: 300px) 100vw, 300px\" \/><\/p>","protected":false},"excerpt":{"rendered":"<p style=\"text-align: center;\"><strong>.\u064a\u062a\u064a\u062d \u0644\u0643 \u062c\u0647\u0627\u0632 \u062a\u0645\u0627\u0631\u064a\u0646 \u0627\u0644\u062f\u0648\u0627\u0633\u0629 \u0627\u0644\u0642\u0627\u0628\u0644 \u0644\u0644\u0637\u064a \u0647\u0630\u0627 \u0623\u062f\u0627\u0621 \u062a\u0645\u0627\u0631\u064a\u0646 \u0627\u0644\u0633\u0627\u0642 \u0648\u0627\u0644\u0630\u0631\u0627\u0639 \u0644\u062a\u062d\u0641\u064a\u0632 \u0627\u0644\u062f\u0648\u0631\u0629 \u0627\u0644\u062f\u0645\u0648\u064a\u0629, \u00a0\u064a\u062d\u0633\u0646 \u0642\u0648\u0629 \u0627\u0644\u0639\u0636\u0644\u0627\u062a \u0648\u0627\u0644\u062a\u0646\u0633\u064a\u0642<\/strong><\/p>\n<p style=\"text-align: center;\"><span style=\"color: #3ead3e;\"><strong>\u0627\u0644\u062a\u0648\u0635\u064a\u0644 \u0628\u0627\u0644\u0645\u062c\u0627\u0646 \u0648\u0627\u0644\u062f\u0641\u0639 \u0639\u0646\u062f \u0627\u0644\u0627\u0633\u062a\u0644\u0627\u0645<\/strong><\/span>\u2705<\/p>","protected":false},"featured_media":4394,"comment_status":"open","ping_status":"closed","template":"","meta":{"_uag_custom_page_level_css":"","site-sidebar-layout":"default","site-content-layout":"","ast-site-content-layout":"default","site-content-style":"default","site-sidebar-style":"default","ast-global-header-display":"","ast-banner-title-visibility":"","ast-main-header-display":"","ast-hfb-above-header-display":"","ast-hfb-below-header-display":"","ast-hfb-mobile-header-display":"","site-post-title":"","ast-breadcrumbs-content":"","ast-featured-img":"","footer-sml-layout":"","theme-transparent-header-meta":"default","adv-header-id-meta":"","stick-header-meta":"","header-above-stick-meta":"","header-main-stick-meta":"","header-below-stick-meta":"","astra-migrate-meta-layouts":"set","ast-page-background-enabled":"default","ast-page-background-meta":{"desktop":{"background-color":"","background-image":"","background-repeat":"repeat","background-position":"center center","background-size":"auto","background-attachment":"scroll","background-type":"","background-media":"","overlay-type":"","overlay-color":"","overlay-opacity":"","overlay-gradient":""},"tablet":{"background-color":"","background-image":"","background-repeat":"repeat","background-position":"center center","background-size":"auto","background-attachment":"scroll","background-type":"","background-media":"","overlay-type":"","overlay-color":"","overlay-opacity":"","overlay-gradient":""},"mobile":{"background-color":"","background-image":"","background-repeat":"repeat","background-position":"center center","background-size":"auto","background-attachment":"scroll","background-type":"","background-media":"","overlay-type":"","overlay-color":"","overlay-opacity":"","overlay-gradient":""}},"ast-content-background-meta":{"desktop":{"background-color":"var(--ast-global-color-5)","background-image":"","background-repeat":"repeat","background-position":"center center","background-size":"auto","background-attachment":"scroll","background-type":"","background-media":"","overlay-type":"","overlay-color":"","overlay-opacity":"","overlay-gradient":""},"tablet":{"background-color":"var(--ast-global-color-5)","background-image":"","background-repeat":"repeat","background-position":"center center","background-size":"auto","background-attachment":"scroll","background-type":"","background-media":"","overlay-type":"","overlay-color":"","overlay-opacity":"","overlay-gradient":""},"mobile":{"background-color":"var(--ast-global-color-5)","background-image":"","background-repeat":"repeat","background-position":"center center","background-size":"auto","background-attachment":"scroll","background-type":"","background-media":"","overlay-type":"","overlay-color":"","overlay-opacity":"","overlay-gradient":""}}},"product_cat":[98,78,79,42,113,99,115,100,63,114,116,88],"product_tag":[],"class_list":{"0":"post-4387","1":"product","2":"type-product","3":"status-publish","4":"has-post-thumbnail","6":"product_cat-reeducation-sensori-motrice","7":"product_cat-materiel-de-kinesitherapie","8":"product_cat-materiel-de-psychomotricite","9":"product_cat-materiel-de-reeducation","10":"product_cat-materiel-de-reeducation-vie-quotidienne","11":"product_cat-reeducation-motrice","12":"product_cat-reeducation-neurologique","13":"product_cat-renforcement-musculaire","14":"product_cat-tous-les-produits","15":"product_cat-tout-le-materiel-de-kinesitherapie","16":"product_cat-tout-le-materiel-de-reeducation","17":"product_cat-vie-quotidienne","18":"desktop-align-left","19":"tablet-align-left","20":"mobile-align-left","22":"first","23":"instock","24":"featured","25":"shipping-taxable","26":"purchasable","27":"product-type-variable","28":"has-default-attributes"},"yoast_head":"<!-- This site is optimized with the Yoast SEO plugin v23.5 - https:\/\/yoast.com\/wordpress\/plugins\/seo\/ -->\n<title>Mini V\u00e9lo- Mini Bike- p\u00e9dalier pliable au Maroc<\/title>\n<meta name=\"description\" content=\"Achetez Mini V\u00e9lo- Mini Bike au Maroc permet de r\u00e9aliser des exercices pour les jambes et les bras confortablement , il stimule la circulation sanguine, am\u00e9liore la force musculaire et la coordination.\" \/>\n<meta name=\"robots\" content=\"index, follow, max-snippet:-1, max-image-preview:large, max-video-preview:-1\" \/>\n<link rel=\"canonical\" href=\"https:\/\/otmaroc.com\/ar\/product\/mini-velo-pedalier-pliable-mini-bike\/\" \/>\n<meta property=\"og:locale\" content=\"ar_AR\" \/>\n<meta property=\"og:type\" content=\"article\" \/>\n<meta property=\"og:title\" content=\"Mini V\u00e9lo- Mini Bike- p\u00e9dalier pliable au Maroc\" \/>\n<meta property=\"og:description\" content=\"Achetez Mini V\u00e9lo- Mini Bike au Maroc permet de r\u00e9aliser des exercices pour les jambes et les bras confortablement , il stimule la circulation sanguine, am\u00e9liore la force musculaire et la coordination.\" \/>\n<meta property=\"og:url\" content=\"https:\/\/otmaroc.com\/ar\/product\/mini-velo-pedalier-pliable-mini-bike\/\" \/>\n<meta property=\"og:site_name\" content=\"OTMAROC\" \/>\n<meta property=\"article:publisher\" content=\"https:\/\/www.facebook.com\/profile.php?id=61565107472257\" \/>\n<meta property=\"article:modified_time\" content=\"2025-08-04T03:27:49+00:00\" \/>\n<meta property=\"og:image\" content=\"https:\/\/otmaroc.com\/wp-content\/uploads\/2025\/03\/www.otmaroc.com-0623512008-otmaroc2024@gmail.com-102.png\" \/>\n\t<meta property=\"og:image:width\" content=\"1080\" \/>\n\t<meta property=\"og:image:height\" content=\"1080\" \/>\n\t<meta property=\"og:image:type\" content=\"image\/png\" \/>\n<meta name=\"twitter:card\" content=\"summary_large_image\" \/>\n<meta name=\"twitter:label1\" content=\"\u0648\u0642\u062a \u0627\u0644\u0642\u0631\u0627\u0621\u0629 \u0627\u0644\u0645\u064f\u0642\u062f\u0651\u0631\" \/>\n\t<meta name=\"twitter:data1\" content=\"\u062f\u0642\u064a\u0642\u062a\u0627\u0646\" \/>\n<script type=\"application\/ld+json\" class=\"yoast-schema-graph\">{\"@context\":\"https:\/\/schema.org\",\"@graph\":[{\"@type\":\"WebPage\",\"@id\":\"https:\/\/otmaroc.com\/product\/mini-velo-pedalier-pliable-mini-bike\/\",\"url\":\"https:\/\/otmaroc.com\/product\/mini-velo-pedalier-pliable-mini-bike\/\",\"name\":\"Mini V\u00e9lo- Mini Bike- p\u00e9dalier pliable au Maroc\",\"isPartOf\":{\"@id\":\"https:\/\/otmaroc.com\/#website\"},\"primaryImageOfPage\":{\"@id\":\"https:\/\/otmaroc.com\/product\/mini-velo-pedalier-pliable-mini-bike\/#primaryimage\"},\"image\":{\"@id\":\"https:\/\/otmaroc.com\/product\/mini-velo-pedalier-pliable-mini-bike\/#primaryimage\"},\"thumbnailUrl\":\"https:\/\/otmaroc.com\/wp-content\/uploads\/2025\/03\/www.otmaroc.com-0623512008-otmaroc2024@gmail.com-102.png\",\"datePublished\":\"2025-03-15T14:03:07+00:00\",\"dateModified\":\"2025-08-04T03:27:49+00:00\",\"description\":\"Achetez Mini V\u00e9lo- Mini Bike au Maroc permet de r\u00e9aliser des exercices pour les jambes et les bras confortablement , il stimule la circulation sanguine, am\u00e9liore la force musculaire et la coordination.\",\"breadcrumb\":{\"@id\":\"https:\/\/otmaroc.com\/product\/mini-velo-pedalier-pliable-mini-bike\/#breadcrumb\"},\"inLanguage\":\"ar\",\"potentialAction\":[{\"@type\":\"ReadAction\",\"target\":[\"https:\/\/otmaroc.com\/product\/mini-velo-pedalier-pliable-mini-bike\/\"]}]},{\"@type\":\"ImageObject\",\"inLanguage\":\"ar\",\"@id\":\"https:\/\/otmaroc.com\/product\/mini-velo-pedalier-pliable-mini-bike\/#primaryimage\",\"url\":\"https:\/\/otmaroc.com\/wp-content\/uploads\/2025\/03\/www.otmaroc.com-0623512008-otmaroc2024@gmail.com-102.png\",\"contentUrl\":\"https:\/\/otmaroc.com\/wp-content\/uploads\/2025\/03\/www.otmaroc.com-0623512008-otmaroc2024@gmail.com-102.png\",\"width\":1080,\"height\":1080},{\"@type\":\"BreadcrumbList\",\"@id\":\"https:\/\/otmaroc.com\/product\/mini-velo-pedalier-pliable-mini-bike\/#breadcrumb\",\"itemListElement\":[{\"@type\":\"ListItem\",\"position\":1,\"name\":\"Home\",\"item\":\"https:\/\/otmaroc.com\/\"},{\"@type\":\"ListItem\",\"position\":2,\"name\":\"Products\",\"item\":\"https:\/\/otmaroc.com\/store\/\"},{\"@type\":\"ListItem\",\"position\":3,\"name\":\"\u062f\u0631\u0627\u062c\u0629 \u0627\u0644\u062a\u0645\u0631\u064a\u0646 \u0627\u0644\u0645\u062d\u0645\u0648\u0644\u0629\"}]},{\"@type\":\"WebSite\",\"@id\":\"https:\/\/otmaroc.com\/#website\",\"url\":\"https:\/\/otmaroc.com\/\",\"name\":\"OTMAROC\",\"description\":\"The number one website in morocco for occupational therapy\",\"publisher\":{\"@id\":\"https:\/\/otmaroc.com\/#organization\"},\"potentialAction\":[{\"@type\":\"SearchAction\",\"target\":{\"@type\":\"EntryPoint\",\"urlTemplate\":\"https:\/\/otmaroc.com\/?s={search_term_string}\"},\"query-input\":{\"@type\":\"PropertyValueSpecification\",\"valueRequired\":true,\"valueName\":\"search_term_string\"}}],\"inLanguage\":\"ar\"},{\"@type\":\"Organization\",\"@id\":\"https:\/\/otmaroc.com\/#organization\",\"name\":\"OTMAROC\",\"url\":\"https:\/\/otmaroc.com\/\",\"logo\":{\"@type\":\"ImageObject\",\"inLanguage\":\"ar\",\"@id\":\"https:\/\/otmaroc.com\/#\/schema\/logo\/image\/\",\"url\":\"https:\/\/otmaroc.com\/wp-content\/uploads\/2024\/08\/cropped-cropped-Black_White_Yellow_Simple_Initial_Name_Logo-removebg-preview-2.png\",\"contentUrl\":\"https:\/\/otmaroc.com\/wp-content\/uploads\/2024\/08\/cropped-cropped-Black_White_Yellow_Simple_Initial_Name_Logo-removebg-preview-2.png\",\"width\":298,\"height\":192,\"caption\":\"OTMAROC\"},\"image\":{\"@id\":\"https:\/\/otmaroc.com\/#\/schema\/logo\/image\/\"},\"sameAs\":[\"https:\/\/www.facebook.com\/profile.php?id=61565107472257\",\"https:\/\/www.instagram.com\/otmaroc2024\/\",\"https:\/\/www.youtube.com\/@othmaneksaibar6763\",\"https:\/\/api.whatsapp.com\/send?phone=2120623512008\"]}]}<\/script>\n<!-- \/ Yoast SEO plugin. -->","yoast_head_json":{"title":"Mini V\u00e9lo- Mini Bike- p\u00e9dalier pliable au Maroc","description":"Achetez Mini V\u00e9lo- Mini Bike au Maroc permet de r\u00e9aliser des exercices pour les jambes et les bras confortablement , il stimule la circulation sanguine, am\u00e9liore la force musculaire et la coordination.","robots":{"index":"index","follow":"follow","max-snippet":"max-snippet:-1","max-image-preview":"max-image-preview:large","max-video-preview":"max-video-preview:-1"},"canonical":"https:\/\/otmaroc.com\/ar\/product\/mini-velo-pedalier-pliable-mini-bike\/","og_locale":"ar_AR","og_type":"article","og_title":"Mini V\u00e9lo- Mini Bike- p\u00e9dalier pliable au Maroc","og_description":"Achetez Mini V\u00e9lo- Mini Bike au Maroc permet de r\u00e9aliser des exercices pour les jambes et les bras confortablement , il stimule la circulation sanguine, am\u00e9liore la force musculaire et la coordination.","og_url":"https:\/\/otmaroc.com\/ar\/product\/mini-velo-pedalier-pliable-mini-bike\/","og_site_name":"OTMAROC","article_publisher":"https:\/\/www.facebook.com\/profile.php?id=61565107472257","article_modified_time":"2025-08-04T03:27:49+00:00","og_image":[{"width":1080,"height":1080,"url":"https:\/\/otmaroc.com\/wp-content\/uploads\/2025\/03\/www.otmaroc.com-0623512008-otmaroc2024@gmail.com-102.png","type":"image\/png"}],"twitter_card":"summary_large_image","twitter_misc":{"\u0648\u0642\u062a \u0627\u0644\u0642\u0631\u0627\u0621\u0629 \u0627\u0644\u0645\u064f\u0642\u062f\u0651\u0631":"\u062f\u0642\u064a\u0642\u062a\u0627\u0646"},"schema":{"@context":"https:\/\/schema.org","@graph":[{"@type":"WebPage","@id":"https:\/\/otmaroc.com\/product\/mini-velo-pedalier-pliable-mini-bike\/","url":"https:\/\/otmaroc.com\/product\/mini-velo-pedalier-pliable-mini-bike\/","name":"Mini V\u00e9lo- Mini Bike- p\u00e9dalier pliable au Maroc","isPartOf":{"@id":"https:\/\/otmaroc.com\/#website"},"primaryImageOfPage":{"@id":"https:\/\/otmaroc.com\/product\/mini-velo-pedalier-pliable-mini-bike\/#primaryimage"},"image":{"@id":"https:\/\/otmaroc.com\/product\/mini-velo-pedalier-pliable-mini-bike\/#primaryimage"},"thumbnailUrl":"https:\/\/otmaroc.com\/wp-content\/uploads\/2025\/03\/www.otmaroc.com-0623512008-otmaroc2024@gmail.com-102.png","datePublished":"2025-03-15T14:03:07+00:00","dateModified":"2025-08-04T03:27:49+00:00","description":"Achetez Mini V\u00e9lo- Mini Bike au Maroc permet de r\u00e9aliser des exercices pour les jambes et les bras confortablement , il stimule la circulation sanguine, am\u00e9liore la force musculaire et la coordination.","breadcrumb":{"@id":"https:\/\/otmaroc.com\/product\/mini-velo-pedalier-pliable-mini-bike\/#breadcrumb"},"inLanguage":"ar","potentialAction":[{"@type":"ReadAction","target":["https:\/\/otmaroc.com\/product\/mini-velo-pedalier-pliable-mini-bike\/"]}]},{"@type":"ImageObject","inLanguage":"ar","@id":"https:\/\/otmaroc.com\/product\/mini-velo-pedalier-pliable-mini-bike\/#primaryimage","url":"https:\/\/otmaroc.com\/wp-content\/uploads\/2025\/03\/www.otmaroc.com-0623512008-otmaroc2024@gmail.com-102.png","contentUrl":"https:\/\/otmaroc.com\/wp-content\/uploads\/2025\/03\/www.otmaroc.com-0623512008-otmaroc2024@gmail.com-102.png","width":1080,"height":1080},{"@type":"BreadcrumbList","@id":"https:\/\/otmaroc.com\/product\/mini-velo-pedalier-pliable-mini-bike\/#breadcrumb","itemListElement":[{"@type":"ListItem","position":1,"name":"Home","item":"https:\/\/otmaroc.com\/"},{"@type":"ListItem","position":2,"name":"Products","item":"https:\/\/otmaroc.com\/store\/"},{"@type":"ListItem","position":3,"name":"\u062f\u0631\u0627\u062c\u0629 \u0627\u0644\u062a\u0645\u0631\u064a\u0646 \u0627\u0644\u0645\u062d\u0645\u0648\u0644\u0629"}]},{"@type":"WebSite","@id":"https:\/\/otmaroc.com\/#website","url":"https:\/\/otmaroc.com\/","name":"OTMAROC","description":"The number one website in morocco for occupational therapy","publisher":{"@id":"https:\/\/otmaroc.com\/#organization"},"potentialAction":[{"@type":"SearchAction","target":{"@type":"EntryPoint","urlTemplate":"https:\/\/otmaroc.com\/?s={search_term_string}"},"query-input":{"@type":"PropertyValueSpecification","valueRequired":true,"valueName":"search_term_string"}}],"inLanguage":"ar"},{"@type":"Organization","@id":"https:\/\/otmaroc.com\/#organization","name":"OTMAROC","url":"https:\/\/otmaroc.com\/","logo":{"@type":"ImageObject","inLanguage":"ar","@id":"https:\/\/otmaroc.com\/#\/schema\/logo\/image\/","url":"https:\/\/otmaroc.com\/wp-content\/uploads\/2024\/08\/cropped-cropped-Black_White_Yellow_Simple_Initial_Name_Logo-removebg-preview-2.png","contentUrl":"https:\/\/otmaroc.com\/wp-content\/uploads\/2024\/08\/cropped-cropped-Black_White_Yellow_Simple_Initial_Name_Logo-removebg-preview-2.png","width":298,"height":192,"caption":"OTMAROC"},"image":{"@id":"https:\/\/otmaroc.com\/#\/schema\/logo\/image\/"},"sameAs":["https:\/\/www.facebook.com\/profile.php?id=61565107472257","https:\/\/www.instagram.com\/otmaroc2024\/","https:\/\/www.youtube.com\/@othmaneksaibar6763","https:\/\/api.whatsapp.com\/send?phone=2120623512008"]}]}},"uagb_featured_image_src":{"full":["https:\/\/otmaroc.com\/wp-content\/uploads\/2025\/03\/www.otmaroc.com-0623512008-otmaroc2024@gmail.com-102.png",1080,1080,false],"thumbnail":["https:\/\/otmaroc.com\/wp-content\/uploads\/2025\/03\/www.otmaroc.com-0623512008-otmaroc2024@gmail.com-102-150x150.png",150,150,true],"medium":["https:\/\/otmaroc.com\/wp-content\/uploads\/2025\/03\/www.otmaroc.com-0623512008-otmaroc2024@gmail.com-102-300x300.png",300,300,true],"medium_large":["https:\/\/otmaroc.com\/wp-content\/uploads\/2025\/03\/www.otmaroc.com-0623512008-otmaroc2024@gmail.com-102-768x768.png",768,768,true],"large":["https:\/\/otmaroc.com\/wp-content\/uploads\/2025\/03\/www.otmaroc.com-0623512008-otmaroc2024@gmail.com-102-1024x1024.png",1024,1024,true],"1536x1536":["https:\/\/otmaroc.com\/wp-content\/uploads\/2025\/03\/www.otmaroc.com-0623512008-otmaroc2024@gmail.com-102.png",1080,1080,false],"2048x2048":["https:\/\/otmaroc.com\/wp-content\/uploads\/2025\/03\/www.otmaroc.com-0623512008-otmaroc2024@gmail.com-102.png",1080,1080,false],"trp-custom-language-flag":["https:\/\/otmaroc.com\/wp-content\/uploads\/2025\/03\/www.otmaroc.com-0623512008-otmaroc2024@gmail.com-102-12x12.png",12,12,true],"woocommerce_thumbnail":["https:\/\/otmaroc.com\/wp-content\/uploads\/2025\/03\/www.otmaroc.com-0623512008-otmaroc2024@gmail.com-102-300x300.png",300,300,true],"woocommerce_single":["https:\/\/otmaroc.com\/wp-content\/uploads\/2025\/03\/www.otmaroc.com-0623512008-otmaroc2024@gmail.com-102-600x600.png",600,600,true],"woocommerce_gallery_thumbnail":["https:\/\/otmaroc.com\/wp-content\/uploads\/2025\/03\/www.otmaroc.com-0623512008-otmaroc2024@gmail.com-102-100x100.png",100,100,true],"dgwt-wcas-product-suggestion":["https:\/\/otmaroc.com\/wp-content\/uploads\/2025\/03\/www.otmaroc.com-0623512008-otmaroc2024@gmail.com-102-64x64.png",64,64,true]},"uagb_author_info":{"display_name":"othmane iptv","author_link":"https:\/\/otmaroc.com\/ar\/author\/"},"uagb_comment_info":1,"uagb_excerpt":".\u064a\u062a\u064a\u062d \u0644\u0643 \u062c\u0647\u0627\u0632 \u062a\u0645\u0627\u0631\u064a\u0646 \u0627\u0644\u062f\u0648\u0627\u0633\u0629 \u0627\u0644\u0642\u0627\u0628\u0644 \u0644\u0644\u0637\u064a \u0647\u0630\u0627 \u0623\u062f\u0627\u0621 \u062a\u0645\u0627\u0631\u064a\u0646 \u0627\u0644\u0633\u0627\u0642 \u0648\u0627\u0644\u0630\u0631\u0627\u0639 \u0644\u062a\u062d\u0641\u064a\u0632 \u0627\u0644\u062f\u0648\u0631\u0629 \u0627\u0644\u062f\u0645\u0648\u064a\u0629, \u00a0\u064a\u062d\u0633\u0646 \u0642\u0648\u0629 \u0627\u0644\u0639\u0636\u0644\u0627\u062a \u0648\u0627\u0644\u062a\u0646\u0633\u064a\u0642 \u0627\u0644\u062a\u0648\u0635\u064a\u0644 \u0628\u0627\u0644\u0645\u062c\u0627\u0646 \u0648\u0627\u0644\u062f\u0641\u0639 \u0639\u0646\u062f \u0627\u0644\u0627\u0633\u062a\u0644\u0627\u0645\u2705","jetpack_sharing_enabled":true,"_links":{"self":[{"href":"https:\/\/otmaroc.com\/ar\/wp-json\/wp\/v2\/product\/4387"}],"collection":[{"href":"https:\/\/otmaroc.com\/ar\/wp-json\/wp\/v2\/product"}],"about":[{"href":"https:\/\/otmaroc.com\/ar\/wp-json\/wp\/v2\/types\/product"}],"replies":[{"embeddable":true,"href":"https:\/\/otmaroc.com\/ar\/wp-json\/wp\/v2\/comments?post=4387"}],"wp:featuredmedia":[{"embeddable":true,"href":"https:\/\/otmaroc.com\/ar\/wp-json\/wp\/v2\/media\/4394"}],"wp:attachment":[{"href":"https:\/\/otmaroc.com\/ar\/wp-json\/wp\/v2\/media?parent=4387"}],"wp:term":[{"taxonomy":"product_cat","embeddable":true,"href":"https:\/\/otmaroc.com\/ar\/wp-json\/wp\/v2\/product_cat?post=4387"},{"taxonomy":"product_tag","embeddable":true,"href":"https:\/\/otmaroc.com\/ar\/wp-json\/wp\/v2\/product_tag?post=4387"}],"curies":[{"name":"wp","href":"https:\/\/api.w.org\/{rel}","templated":true}]}}