{"id":4379,"date":"2025-03-14T14:21:26","date_gmt":"2025-03-14T14:21:26","guid":{"rendered":"https:\/\/otmaroc.com\/?post_type=product&#038;p=4379"},"modified":"2025-03-14T14:21:26","modified_gmt":"2025-03-14T14:21:26","slug":"lot-de-4-cerceaux-plats-70cm","status":"publish","type":"product","link":"https:\/\/otmaroc.com\/ar\/product\/lot-de-4-cerceaux-plats-70cm\/","title":{"rendered":"Lot de 4 cerceaux plats \u2013 70cm"},"content":{"rendered":"<p><strong>Kit de Motricit\u00e9 pour Enfants \u2013 D\u00e9velopper l&rsquo;\u00c9quilibre et la Coordination<\/strong><\/p>\n<p>Les enfants en bas \u00e2ge ont besoin de mat\u00e9riel adapt\u00e9 pour d\u00e9velopper leur motricit\u00e9 et favoriser leur \u00e9veil en toute s\u00e9curit\u00e9. Que ce soit pour des activit\u00e9s int\u00e9rieures ou ext\u00e9rieures, en collectif ou en individuel, l\u2019installation d\u2019un parcours de motricit\u00e9 est id\u00e9ale pour aider les enfants \u00e0 se d\u00e9fouler tout en garantissant leur s\u00e9curit\u00e9. Ce kit offre des jeux d\u2019adresse, d\u2019\u00e9quilibre, en opposition ou en coop\u00e9ration, parfaits pour stimuler leur d\u00e9veloppement physique et mental.<\/p>\n<p><strong>Ce kit contient<\/strong> :<\/p>\n<ul>\n<li>4 cerceaux plats en plastique color\u00e9 de 70 cm<br \/>\nLes cerceaux peuvent \u00eatre utilis\u00e9s pour des exercices d\u2019entra\u00eenement individuel ou des activit\u00e9s de sauts et de course, adapt\u00e9s aux enfants de tout \u00e2ge.<\/li>\n<\/ul>\n<p><strong>Apports \u00e9ducatifs<\/strong><\/p>\n<ul>\n<li><strong>D\u00e9veloppement de la motricit\u00e9 globale<\/strong> : Ce kit aide \u00e0 am\u00e9liorer les habilit\u00e9s motrices des enfants en leur permettant de r\u00e9aliser des mouvements vari\u00e9s.<\/li>\n<li><strong>Travail de l\u2019\u00e9quilibre et de la coordination<\/strong> : Il stimule le sens de l\u2019\u00e9quilibre et de la balance de l\u2019enfant.<\/li>\n<li><strong>Stimulation de l\u2019activit\u00e9 physique et de l\u2019endurance<\/strong> : En encourageant l\u2019exercice physique, il favorise le renforcement du corps et l\u2019endurance des enfants.<\/li>\n<\/ul>\n<p><strong>Caract\u00e9ristiques<\/strong><\/p>\n<ul>\n<li><strong>Couleurs<\/strong> : Les couleurs des cerceaux sont en fonction du stock disponible.<\/li>\n<\/ul>","protected":false},"excerpt":{"rendered":"<ul>\n<li>D\u00e9velopper la motricit\u00e9 globale et les habilit\u00e9s motrices<\/li>\n<li>Travailler le sens de l\u2019\u00e9quilibre et de balance de l\u2019enfant<\/li>\n<li>Stimuler l\u2019activit\u00e9 physique et l\u2019endurance<\/li>\n<\/ul>","protected":false},"featured_media":4385,"comment_status":"open","ping_status":"closed","template":"","meta":{"_uag_custom_page_level_css":"","site-sidebar-layout":"default","site-content-layout":"","ast-site-content-layout":"default","site-content-style":"default","site-sidebar-style":"default","ast-global-header-display":"","ast-banner-title-visibility":"","ast-main-header-display":"","ast-hfb-above-header-display":"","ast-hfb-below-header-display":"","ast-hfb-mobile-header-display":"","site-post-title":"","ast-breadcrumbs-content":"","ast-featured-img":"","footer-sml-layout":"","theme-transparent-header-meta":"default","adv-header-id-meta":"","stick-header-meta":"","header-above-stick-meta":"","header-main-stick-meta":"","header-below-stick-meta":"","astra-migrate-meta-layouts":"set","ast-page-background-enabled":"default","ast-page-background-meta":{"desktop":{"background-color":"","background-image":"","background-repeat":"repeat","background-position":"center center","background-size":"auto","background-attachment":"scroll","background-type":"","background-media":"","overlay-type":"","overlay-color":"","overlay-opacity":"","overlay-gradient":""},"tablet":{"background-color":"","background-image":"","background-repeat":"repeat","background-position":"center center","background-size":"auto","background-attachment":"scroll","background-type":"","background-media":"","overlay-type":"","overlay-color":"","overlay-opacity":"","overlay-gradient":""},"mobile":{"background-color":"","background-image":"","background-repeat":"repeat","background-position":"center center","background-size":"auto","background-attachment":"scroll","background-type":"","background-media":"","overlay-type":"","overlay-color":"","overlay-opacity":"","overlay-gradient":""}},"ast-content-background-meta":{"desktop":{"background-color":"var(--ast-global-color-5)","background-image":"","background-repeat":"repeat","background-position":"center center","background-size":"auto","background-attachment":"scroll","background-type":"","background-media":"","overlay-type":"","overlay-color":"","overlay-opacity":"","overlay-gradient":""},"tablet":{"background-color":"var(--ast-global-color-5)","background-image":"","background-repeat":"repeat","background-position":"center center","background-size":"auto","background-attachment":"scroll","background-type":"","background-media":"","overlay-type":"","overlay-color":"","overlay-opacity":"","overlay-gradient":""},"mobile":{"background-color":"var(--ast-global-color-5)","background-image":"","background-repeat":"repeat","background-position":"center center","background-size":"auto","background-attachment":"scroll","background-type":"","background-media":"","overlay-type":"","overlay-color":"","overlay-opacity":"","overlay-gradient":""}}},"product_cat":[52,98,78,80,79,42,90,99,115,63,114,116],"product_tag":[],"class_list":{"0":"post-4379","1":"product","2":"type-product","3":"status-publish","4":"has-post-thumbnail","6":"product_cat-jouets-de-therapie-au-maroc","7":"product_cat-reeducation-sensori-motrice","8":"product_cat-materiel-de-kinesitherapie","9":"product_cat-materiel-de-orthophonie","10":"product_cat-materiel-de-psychomotricite","11":"product_cat-materiel-de-reeducation","12":"product_cat-motricite","13":"product_cat-reeducation-motrice","14":"product_cat-reeducation-neurologique","15":"product_cat-tous-les-produits","16":"product_cat-tout-le-materiel-de-kinesitherapie","17":"product_cat-tout-le-materiel-de-reeducation","18":"desktop-align-left","19":"tablet-align-left","20":"mobile-align-left","22":"first","23":"instock","24":"sale","25":"shipping-taxable","26":"purchasable","27":"product-type-simple"},"yoast_head":"<!-- This site is optimized with the Yoast SEO plugin v23.5 - https:\/\/yoast.com\/wordpress\/plugins\/seo\/ -->\n<title>Lot de 4 cerceaux plats 70\u00a0cm au Maroc<\/title>\n<meta name=\"description\" content=\"Encouragez l&#039;activit\u00e9 physique de votre enfant avec ce lot de 4 cerceaux plats de 70\u00a0cm. D\u00e9velopper la motricit\u00e9 globale et les habilit\u00e9s motrices au Maroc\" \/>\n<meta name=\"robots\" content=\"index, follow, max-snippet:-1, max-image-preview:large, max-video-preview:-1\" \/>\n<link rel=\"canonical\" href=\"https:\/\/otmaroc.com\/ar\/product\/lot-de-4-cerceaux-plats-70cm\/\" \/>\n<meta property=\"og:locale\" content=\"ar_AR\" \/>\n<meta property=\"og:type\" content=\"article\" \/>\n<meta property=\"og:title\" content=\"Lot de 4 cerceaux plats 70\u00a0cm au Maroc\" \/>\n<meta property=\"og:description\" content=\"Encouragez l&#039;activit\u00e9 physique de votre enfant avec ce lot de 4 cerceaux plats de 70\u00a0cm. D\u00e9velopper la motricit\u00e9 globale et les habilit\u00e9s motrices au Maroc\" \/>\n<meta property=\"og:url\" content=\"https:\/\/otmaroc.com\/ar\/product\/lot-de-4-cerceaux-plats-70cm\/\" \/>\n<meta property=\"og:site_name\" content=\"OTMAROC\" \/>\n<meta property=\"article:publisher\" content=\"https:\/\/www.facebook.com\/profile.php?id=61565107472257\" \/>\n<meta property=\"og:image\" content=\"https:\/\/otmaroc.com\/wp-content\/uploads\/2025\/03\/www.otmaroc.com-0623512008-otmaroc2024@gmail.com-101.png\" \/>\n\t<meta property=\"og:image:width\" content=\"1080\" \/>\n\t<meta property=\"og:image:height\" content=\"1080\" \/>\n\t<meta property=\"og:image:type\" content=\"image\/png\" \/>\n<meta name=\"twitter:card\" content=\"summary_large_image\" \/>\n<meta name=\"twitter:label1\" content=\"\u0648\u0642\u062a \u0627\u0644\u0642\u0631\u0627\u0621\u0629 \u0627\u0644\u0645\u064f\u0642\u062f\u0651\u0631\" \/>\n\t<meta name=\"twitter:data1\" content=\"\u062f\u0642\u064a\u0642\u062a\u0627\u0646\" \/>\n<script type=\"application\/ld+json\" class=\"yoast-schema-graph\">{\"@context\":\"https:\/\/schema.org\",\"@graph\":[{\"@type\":\"WebPage\",\"@id\":\"https:\/\/otmaroc.com\/product\/lot-de-4-cerceaux-plats-70cm\/\",\"url\":\"https:\/\/otmaroc.com\/product\/lot-de-4-cerceaux-plats-70cm\/\",\"name\":\"Lot de 4 cerceaux plats 70\u00a0cm au Maroc\",\"isPartOf\":{\"@id\":\"https:\/\/otmaroc.com\/#website\"},\"primaryImageOfPage\":{\"@id\":\"https:\/\/otmaroc.com\/product\/lot-de-4-cerceaux-plats-70cm\/#primaryimage\"},\"image\":{\"@id\":\"https:\/\/otmaroc.com\/product\/lot-de-4-cerceaux-plats-70cm\/#primaryimage\"},\"thumbnailUrl\":\"https:\/\/otmaroc.com\/wp-content\/uploads\/2025\/03\/www.otmaroc.com-0623512008-otmaroc2024@gmail.com-101.png\",\"datePublished\":\"2025-03-14T14:21:26+00:00\",\"dateModified\":\"2025-03-14T14:21:26+00:00\",\"description\":\"Encouragez l'activit\u00e9 physique de votre enfant avec ce lot de 4 cerceaux plats de 70\u00a0cm. D\u00e9velopper la motricit\u00e9 globale et les habilit\u00e9s motrices au Maroc\",\"breadcrumb\":{\"@id\":\"https:\/\/otmaroc.com\/product\/lot-de-4-cerceaux-plats-70cm\/#breadcrumb\"},\"inLanguage\":\"ar\",\"potentialAction\":[{\"@type\":\"ReadAction\",\"target\":[\"https:\/\/otmaroc.com\/product\/lot-de-4-cerceaux-plats-70cm\/\"]}]},{\"@type\":\"ImageObject\",\"inLanguage\":\"ar\",\"@id\":\"https:\/\/otmaroc.com\/product\/lot-de-4-cerceaux-plats-70cm\/#primaryimage\",\"url\":\"https:\/\/otmaroc.com\/wp-content\/uploads\/2025\/03\/www.otmaroc.com-0623512008-otmaroc2024@gmail.com-101.png\",\"contentUrl\":\"https:\/\/otmaroc.com\/wp-content\/uploads\/2025\/03\/www.otmaroc.com-0623512008-otmaroc2024@gmail.com-101.png\",\"width\":1080,\"height\":1080},{\"@type\":\"BreadcrumbList\",\"@id\":\"https:\/\/otmaroc.com\/product\/lot-de-4-cerceaux-plats-70cm\/#breadcrumb\",\"itemListElement\":[{\"@type\":\"ListItem\",\"position\":1,\"name\":\"Home\",\"item\":\"https:\/\/otmaroc.com\/\"},{\"@type\":\"ListItem\",\"position\":2,\"name\":\"Products\",\"item\":\"https:\/\/otmaroc.com\/store\/\"},{\"@type\":\"ListItem\",\"position\":3,\"name\":\"Lot de 4 cerceaux plats \u2013 70cm\"}]},{\"@type\":\"WebSite\",\"@id\":\"https:\/\/otmaroc.com\/#website\",\"url\":\"https:\/\/otmaroc.com\/\",\"name\":\"OTMAROC\",\"description\":\"The number one website in morocco for occupational therapy\",\"publisher\":{\"@id\":\"https:\/\/otmaroc.com\/#organization\"},\"potentialAction\":[{\"@type\":\"SearchAction\",\"target\":{\"@type\":\"EntryPoint\",\"urlTemplate\":\"https:\/\/otmaroc.com\/?s={search_term_string}\"},\"query-input\":{\"@type\":\"PropertyValueSpecification\",\"valueRequired\":true,\"valueName\":\"search_term_string\"}}],\"inLanguage\":\"ar\"},{\"@type\":\"Organization\",\"@id\":\"https:\/\/otmaroc.com\/#organization\",\"name\":\"OTMAROC\",\"url\":\"https:\/\/otmaroc.com\/\",\"logo\":{\"@type\":\"ImageObject\",\"inLanguage\":\"ar\",\"@id\":\"https:\/\/otmaroc.com\/#\/schema\/logo\/image\/\",\"url\":\"https:\/\/otmaroc.com\/wp-content\/uploads\/2024\/08\/cropped-cropped-Black_White_Yellow_Simple_Initial_Name_Logo-removebg-preview-2.png\",\"contentUrl\":\"https:\/\/otmaroc.com\/wp-content\/uploads\/2024\/08\/cropped-cropped-Black_White_Yellow_Simple_Initial_Name_Logo-removebg-preview-2.png\",\"width\":298,\"height\":192,\"caption\":\"OTMAROC\"},\"image\":{\"@id\":\"https:\/\/otmaroc.com\/#\/schema\/logo\/image\/\"},\"sameAs\":[\"https:\/\/www.facebook.com\/profile.php?id=61565107472257\",\"https:\/\/www.instagram.com\/otmaroc2024\/\",\"https:\/\/www.youtube.com\/@othmaneksaibar6763\",\"https:\/\/api.whatsapp.com\/send?phone=2120623512008\"]}]}<\/script>\n<!-- \/ Yoast SEO plugin. -->","yoast_head_json":{"title":"Lot de 4 cerceaux plats 70\u00a0cm au Maroc","description":"Encouragez l'activit\u00e9 physique de votre enfant avec ce lot de 4 cerceaux plats de 70\u00a0cm. D\u00e9velopper la motricit\u00e9 globale et les habilit\u00e9s motrices au Maroc","robots":{"index":"index","follow":"follow","max-snippet":"max-snippet:-1","max-image-preview":"max-image-preview:large","max-video-preview":"max-video-preview:-1"},"canonical":"https:\/\/otmaroc.com\/ar\/product\/lot-de-4-cerceaux-plats-70cm\/","og_locale":"ar_AR","og_type":"article","og_title":"Lot de 4 cerceaux plats 70\u00a0cm au Maroc","og_description":"Encouragez l'activit\u00e9 physique de votre enfant avec ce lot de 4 cerceaux plats de 70\u00a0cm. D\u00e9velopper la motricit\u00e9 globale et les habilit\u00e9s motrices au Maroc","og_url":"https:\/\/otmaroc.com\/ar\/product\/lot-de-4-cerceaux-plats-70cm\/","og_site_name":"OTMAROC","article_publisher":"https:\/\/www.facebook.com\/profile.php?id=61565107472257","og_image":[{"width":1080,"height":1080,"url":"https:\/\/otmaroc.com\/wp-content\/uploads\/2025\/03\/www.otmaroc.com-0623512008-otmaroc2024@gmail.com-101.png","type":"image\/png"}],"twitter_card":"summary_large_image","twitter_misc":{"\u0648\u0642\u062a \u0627\u0644\u0642\u0631\u0627\u0621\u0629 \u0627\u0644\u0645\u064f\u0642\u062f\u0651\u0631":"\u062f\u0642\u064a\u0642\u062a\u0627\u0646"},"schema":{"@context":"https:\/\/schema.org","@graph":[{"@type":"WebPage","@id":"https:\/\/otmaroc.com\/product\/lot-de-4-cerceaux-plats-70cm\/","url":"https:\/\/otmaroc.com\/product\/lot-de-4-cerceaux-plats-70cm\/","name":"Lot de 4 cerceaux plats 70\u00a0cm au Maroc","isPartOf":{"@id":"https:\/\/otmaroc.com\/#website"},"primaryImageOfPage":{"@id":"https:\/\/otmaroc.com\/product\/lot-de-4-cerceaux-plats-70cm\/#primaryimage"},"image":{"@id":"https:\/\/otmaroc.com\/product\/lot-de-4-cerceaux-plats-70cm\/#primaryimage"},"thumbnailUrl":"https:\/\/otmaroc.com\/wp-content\/uploads\/2025\/03\/www.otmaroc.com-0623512008-otmaroc2024@gmail.com-101.png","datePublished":"2025-03-14T14:21:26+00:00","dateModified":"2025-03-14T14:21:26+00:00","description":"Encouragez l'activit\u00e9 physique de votre enfant avec ce lot de 4 cerceaux plats de 70\u00a0cm. D\u00e9velopper la motricit\u00e9 globale et les habilit\u00e9s motrices au Maroc","breadcrumb":{"@id":"https:\/\/otmaroc.com\/product\/lot-de-4-cerceaux-plats-70cm\/#breadcrumb"},"inLanguage":"ar","potentialAction":[{"@type":"ReadAction","target":["https:\/\/otmaroc.com\/product\/lot-de-4-cerceaux-plats-70cm\/"]}]},{"@type":"ImageObject","inLanguage":"ar","@id":"https:\/\/otmaroc.com\/product\/lot-de-4-cerceaux-plats-70cm\/#primaryimage","url":"https:\/\/otmaroc.com\/wp-content\/uploads\/2025\/03\/www.otmaroc.com-0623512008-otmaroc2024@gmail.com-101.png","contentUrl":"https:\/\/otmaroc.com\/wp-content\/uploads\/2025\/03\/www.otmaroc.com-0623512008-otmaroc2024@gmail.com-101.png","width":1080,"height":1080},{"@type":"BreadcrumbList","@id":"https:\/\/otmaroc.com\/product\/lot-de-4-cerceaux-plats-70cm\/#breadcrumb","itemListElement":[{"@type":"ListItem","position":1,"name":"Home","item":"https:\/\/otmaroc.com\/"},{"@type":"ListItem","position":2,"name":"Products","item":"https:\/\/otmaroc.com\/store\/"},{"@type":"ListItem","position":3,"name":"Lot de 4 cerceaux plats \u2013 70cm"}]},{"@type":"WebSite","@id":"https:\/\/otmaroc.com\/#website","url":"https:\/\/otmaroc.com\/","name":"OTMAROC","description":"The number one website in morocco for occupational therapy","publisher":{"@id":"https:\/\/otmaroc.com\/#organization"},"potentialAction":[{"@type":"SearchAction","target":{"@type":"EntryPoint","urlTemplate":"https:\/\/otmaroc.com\/?s={search_term_string}"},"query-input":{"@type":"PropertyValueSpecification","valueRequired":true,"valueName":"search_term_string"}}],"inLanguage":"ar"},{"@type":"Organization","@id":"https:\/\/otmaroc.com\/#organization","name":"OTMAROC","url":"https:\/\/otmaroc.com\/","logo":{"@type":"ImageObject","inLanguage":"ar","@id":"https:\/\/otmaroc.com\/#\/schema\/logo\/image\/","url":"https:\/\/otmaroc.com\/wp-content\/uploads\/2024\/08\/cropped-cropped-Black_White_Yellow_Simple_Initial_Name_Logo-removebg-preview-2.png","contentUrl":"https:\/\/otmaroc.com\/wp-content\/uploads\/2024\/08\/cropped-cropped-Black_White_Yellow_Simple_Initial_Name_Logo-removebg-preview-2.png","width":298,"height":192,"caption":"OTMAROC"},"image":{"@id":"https:\/\/otmaroc.com\/#\/schema\/logo\/image\/"},"sameAs":["https:\/\/www.facebook.com\/profile.php?id=61565107472257","https:\/\/www.instagram.com\/otmaroc2024\/","https:\/\/www.youtube.com\/@othmaneksaibar6763","https:\/\/api.whatsapp.com\/send?phone=2120623512008"]}]}},"uagb_featured_image_src":{"full":["https:\/\/otmaroc.com\/wp-content\/uploads\/2025\/03\/www.otmaroc.com-0623512008-otmaroc2024@gmail.com-101.png",1080,1080,false],"thumbnail":["https:\/\/otmaroc.com\/wp-content\/uploads\/2025\/03\/www.otmaroc.com-0623512008-otmaroc2024@gmail.com-101-150x150.png",150,150,true],"medium":["https:\/\/otmaroc.com\/wp-content\/uploads\/2025\/03\/www.otmaroc.com-0623512008-otmaroc2024@gmail.com-101-300x300.png",300,300,true],"medium_large":["https:\/\/otmaroc.com\/wp-content\/uploads\/2025\/03\/www.otmaroc.com-0623512008-otmaroc2024@gmail.com-101-768x768.png",768,768,true],"large":["https:\/\/otmaroc.com\/wp-content\/uploads\/2025\/03\/www.otmaroc.com-0623512008-otmaroc2024@gmail.com-101-1024x1024.png",1024,1024,true],"1536x1536":["https:\/\/otmaroc.com\/wp-content\/uploads\/2025\/03\/www.otmaroc.com-0623512008-otmaroc2024@gmail.com-101.png",1080,1080,false],"2048x2048":["https:\/\/otmaroc.com\/wp-content\/uploads\/2025\/03\/www.otmaroc.com-0623512008-otmaroc2024@gmail.com-101.png",1080,1080,false],"trp-custom-language-flag":["https:\/\/otmaroc.com\/wp-content\/uploads\/2025\/03\/www.otmaroc.com-0623512008-otmaroc2024@gmail.com-101-12x12.png",12,12,true],"woocommerce_thumbnail":["https:\/\/otmaroc.com\/wp-content\/uploads\/2025\/03\/www.otmaroc.com-0623512008-otmaroc2024@gmail.com-101-300x300.png",300,300,true],"woocommerce_single":["https:\/\/otmaroc.com\/wp-content\/uploads\/2025\/03\/www.otmaroc.com-0623512008-otmaroc2024@gmail.com-101-600x600.png",600,600,true],"woocommerce_gallery_thumbnail":["https:\/\/otmaroc.com\/wp-content\/uploads\/2025\/03\/www.otmaroc.com-0623512008-otmaroc2024@gmail.com-101-100x100.png",100,100,true],"dgwt-wcas-product-suggestion":["https:\/\/otmaroc.com\/wp-content\/uploads\/2025\/03\/www.otmaroc.com-0623512008-otmaroc2024@gmail.com-101-64x64.png",64,64,true]},"uagb_author_info":{"display_name":"othmane iptv","author_link":"https:\/\/otmaroc.com\/ar\/author\/"},"uagb_comment_info":0,"uagb_excerpt":"D\u00e9velopper la motricit\u00e9 globale et les habilit\u00e9s motrices Travailler le sens de l\u2019\u00e9quilibre et de balance de l\u2019enfant Stimuler l\u2019activit\u00e9 physique et l\u2019endurance","jetpack_sharing_enabled":true,"_links":{"self":[{"href":"https:\/\/otmaroc.com\/ar\/wp-json\/wp\/v2\/product\/4379"}],"collection":[{"href":"https:\/\/otmaroc.com\/ar\/wp-json\/wp\/v2\/product"}],"about":[{"href":"https:\/\/otmaroc.com\/ar\/wp-json\/wp\/v2\/types\/product"}],"replies":[{"embeddable":true,"href":"https:\/\/otmaroc.com\/ar\/wp-json\/wp\/v2\/comments?post=4379"}],"wp:featuredmedia":[{"embeddable":true,"href":"https:\/\/otmaroc.com\/ar\/wp-json\/wp\/v2\/media\/4385"}],"wp:attachment":[{"href":"https:\/\/otmaroc.com\/ar\/wp-json\/wp\/v2\/media?parent=4379"}],"wp:term":[{"taxonomy":"product_cat","embeddable":true,"href":"https:\/\/otmaroc.com\/ar\/wp-json\/wp\/v2\/product_cat?post=4379"},{"taxonomy":"product_tag","embeddable":true,"href":"https:\/\/otmaroc.com\/ar\/wp-json\/wp\/v2\/product_tag?post=4379"}],"curies":[{"name":"wp","href":"https:\/\/api.w.org\/{rel}","templated":true}]}}