{"id":4374,"date":"2025-03-14T13:28:27","date_gmt":"2025-03-14T13:28:27","guid":{"rendered":"https:\/\/otmaroc.com\/?post_type=product&#038;p=4374"},"modified":"2025-03-14T13:28:27","modified_gmt":"2025-03-14T13:28:27","slug":"puzzle-chiffre-60-pieces-apprendre-les-chiffres-0-20","status":"publish","type":"product","link":"https:\/\/otmaroc.com\/ar\/product\/puzzle-chiffre-60-pieces-apprendre-les-chiffres-0-20\/","title":{"rendered":"Puzzle chiffre \u2013 60 Pieces \u2013 Apprendre les chiffres 0 \u2013 20"},"content":{"rendered":"<p data-start=\"0\" data-end=\"90\"><strong data-start=\"0\" data-end=\"90\">Jeu \u00c9ducatif pour Enfants \u2013 D\u00e9velopper les Comp\u00e9tences Cognitives et la Motricit\u00e9 Fine<\/strong><\/p>\n<p data-start=\"92\" data-end=\"443\">D\u00e9couvrez ce jeu \u00e9ducatif amusant et simple, con\u00e7u pour aider les enfants \u00e0 d\u00e9velopper leurs capacit\u00e9s d\u2019association, de raisonnement et d\u2019observation \u00e0 travers des sujets vari\u00e9s. Parfait pour les premiers apprentissages en maternelle, ce jeu favorise un apprentissage ludique et progressif, tout en incitant les enfants \u00e0 apprendre tout en s\u2019amusant.<\/p>\n<p data-start=\"445\" data-end=\"466\"><strong data-start=\"445\" data-end=\"466\">Apports \u00c9ducatifs<\/strong><\/p>\n<ul data-start=\"468\" data-end=\"1769\">\n<li data-start=\"468\" data-end=\"781\">\n<p data-start=\"470\" data-end=\"781\"><strong data-start=\"470\" data-end=\"514\">D\u00e9veloppement des comp\u00e9tences cognitives<\/strong><br data-start=\"514\" data-end=\"517\" \/>Ce jeu stimule les enfants \u00e0 associer des \u00e9l\u00e9ments, ce qui favorise le d\u00e9veloppement de leur logique et de leur raisonnement. Ils apprennent \u00e0 travers le jeu, ce qui facilite l\u2019int\u00e9gration des concepts et renforce leur compr\u00e9hension des relations entre les objets.<\/p>\n<\/li>\n<li data-start=\"783\" data-end=\"1038\">\n<p data-start=\"785\" data-end=\"1038\"><strong data-start=\"785\" data-end=\"822\">Am\u00e9lioration de la motricit\u00e9 fine<\/strong><br data-start=\"822\" data-end=\"825\" \/>En jouant, les enfants renforcent les muscles de leurs mains, ce qui favorise la dext\u00e9rit\u00e9. Cela les aide \u00e9galement \u00e0 mieux contr\u00f4ler leurs mouvements, un atout pour leurs futures activit\u00e9s manuelles et cr\u00e9atives.<\/p>\n<\/li>\n<li data-start=\"1040\" data-end=\"1429\">\n<p data-start=\"1042\" data-end=\"1429\"><strong data-start=\"1042\" data-end=\"1105\">Renforcement de la concentration et de l\u2019attention visuelle<\/strong><br data-start=\"1105\" data-end=\"1108\" \/>Ce jeu aide les enfants \u00e0 am\u00e9liorer leur capacit\u00e9 d\u2019observation et \u00e0 se concentrer sur des d\u00e9tails visuels sp\u00e9cifiques. Cette pratique leur permet de d\u00e9velopper leur attention \u00e0 long terme, essentielle pour leur parcours scolaire. Ainsi, ils deviennent plus attentifs aux \u00e9l\u00e9ments visuels de leur environnement quotidien.<\/p>\n<\/li>\n<li data-start=\"1431\" data-end=\"1769\">\n<p data-start=\"1433\" data-end=\"1769\"><strong data-start=\"1433\" data-end=\"1476\">Encouragement \u00e0 l\u2019apprentissage ludique<\/strong><br data-start=\"1476\" data-end=\"1479\" \/>Le contenu vari\u00e9 de ce jeu capte l\u2019int\u00e9r\u00eat des enfants et stimule leur motivation \u00e0 apprendre. Il leur permet de se divertir tout en apprenant, rendant l\u2019apprentissage \u00e0 la fois agr\u00e9able et attractif. Cela les aide \u00e0 rester engag\u00e9s de mani\u00e8re spontan\u00e9e dans leurs activit\u00e9s d\u2019apprentissage.<\/p>\n<\/li>\n<\/ul>\n<p data-start=\"1771\" data-end=\"1800\"><strong data-start=\"1771\" data-end=\"1798\">Caract\u00e9ristiques du Jeu<\/strong><\/p>\n<ul data-start=\"1801\" data-end=\"1988\">\n<li data-start=\"1801\" data-end=\"1828\"><strong data-start=\"1803\" data-end=\"1814\">Contenu<\/strong> : 60 pi\u00e8ces<\/li>\n<li data-start=\"1829\" data-end=\"1871\"><strong data-start=\"1831\" data-end=\"1849\">\u00c2ge recommand\u00e9<\/strong> : \u00c0 partir de 2 ans<\/li>\n<li data-start=\"1872\" data-end=\"1909\"><strong data-start=\"1874\" data-end=\"1888\">Dimensions<\/strong> : 23,5 \u00d7 18 \u00d7 4 cm<\/li>\n<li data-start=\"1910\" data-end=\"1988\"><strong data-start=\"1912\" data-end=\"1925\">Livraison<\/strong> : Disponible \u00e0 Casablanca et dans toutes les villes du Maroc<\/li>\n<\/ul>\n<p data-start=\"1990\" data-end=\"2329\" data-is-last-node=\"\" data-is-only-node=\"\"><strong data-start=\"1990\" data-end=\"2011\">Id\u00e9es d\u2019Activit\u00e9s<\/strong><br data-start=\"2011\" data-end=\"2014\" \/>Ce jeu est id\u00e9al pour des activit\u00e9s individuelles ou de groupe, favorisant la coordination et la r\u00e9flexion des plus jeunes. Il encourage \u00e9galement l\u2019interaction sociale lorsqu\u2019il est jou\u00e9 en groupe. D\u00e9couvrez \u00e9galement nos autres jeux \u00e9ducatifs pour enrichir l\u2019apprentissage de votre enfant et l\u2019aider \u00e0 progresser.<\/p>","protected":false},"excerpt":{"rendered":"<p>Aidez votre enfant \u00e0 ma\u00eetriser les chiffres de 0 \u00e0 20 avec ce puzzle de 60 pi\u00e8ces, combinant apprentissage et divertissement.<\/p>","protected":false},"featured_media":4377,"comment_status":"open","ping_status":"closed","template":"","meta":{"_uag_custom_page_level_css":"","site-sidebar-layout":"default","site-content-layout":"","ast-site-content-layout":"default","site-content-style":"default","site-sidebar-style":"default","ast-global-header-display":"","ast-banner-title-visibility":"","ast-main-header-display":"","ast-hfb-above-header-display":"","ast-hfb-below-header-display":"","ast-hfb-mobile-header-display":"","site-post-title":"","ast-breadcrumbs-content":"","ast-featured-img":"","footer-sml-layout":"","theme-transparent-header-meta":"default","adv-header-id-meta":"","stick-header-meta":"","header-above-stick-meta":"","header-main-stick-meta":"","header-below-stick-meta":"","astra-migrate-meta-layouts":"set","ast-page-background-enabled":"default","ast-page-background-meta":{"desktop":{"background-color":"","background-image":"","background-repeat":"repeat","background-position":"center center","background-size":"auto","background-attachment":"scroll","background-type":"","background-media":"","overlay-type":"","overlay-color":"","overlay-opacity":"","overlay-gradient":""},"tablet":{"background-color":"","background-image":"","background-repeat":"repeat","background-position":"center center","background-size":"auto","background-attachment":"scroll","background-type":"","background-media":"","overlay-type":"","overlay-color":"","overlay-opacity":"","overlay-gradient":""},"mobile":{"background-color":"","background-image":"","background-repeat":"repeat","background-position":"center center","background-size":"auto","background-attachment":"scroll","background-type":"","background-media":"","overlay-type":"","overlay-color":"","overlay-opacity":"","overlay-gradient":""}},"ast-content-background-meta":{"desktop":{"background-color":"var(--ast-global-color-5)","background-image":"","background-repeat":"repeat","background-position":"center center","background-size":"auto","background-attachment":"scroll","background-type":"","background-media":"","overlay-type":"","overlay-color":"","overlay-opacity":"","overlay-gradient":""},"tablet":{"background-color":"var(--ast-global-color-5)","background-image":"","background-repeat":"repeat","background-position":"center center","background-size":"auto","background-attachment":"scroll","background-type":"","background-media":"","overlay-type":"","overlay-color":"","overlay-opacity":"","overlay-gradient":""},"mobile":{"background-color":"var(--ast-global-color-5)","background-image":"","background-repeat":"repeat","background-position":"center center","background-size":"auto","background-attachment":"scroll","background-type":"","background-media":"","overlay-type":"","overlay-color":"","overlay-opacity":"","overlay-gradient":""}}},"product_cat":[92,146,52,80,79,103,63],"product_tag":[],"class_list":{"0":"post-4374","1":"product","2":"type-product","3":"status-publish","4":"has-post-thumbnail","6":"product_cat-apprentissage","7":"product_cat-calcul","8":"product_cat-jouets-de-therapie-au-maroc","9":"product_cat-materiel-de-orthophonie","10":"product_cat-materiel-de-psychomotricite","11":"product_cat-tous-les-jeux-educatifs-et-therapeutiques","12":"product_cat-tous-les-produits","13":"desktop-align-left","14":"tablet-align-left","15":"mobile-align-left","17":"first","18":"instock","19":"sale","20":"shipping-taxable","21":"purchasable","22":"product-type-simple"},"yoast_head":"<!-- This site is optimized with the Yoast SEO plugin v23.5 - https:\/\/yoast.com\/wordpress\/plugins\/seo\/ -->\n<title>Puzzle chiffre \u2013 60 Pieces \u2013 Apprendre les chiffres 0 \u2013 20 au Maroc<\/title>\n<meta name=\"description\" content=\"Aidez votre enfant \u00e0 ma\u00eetriser les chiffres de 0 \u00e0 20 avec ce puzzle de 60 pi\u00e8ces, combinant apprentissage et divertissement.&quot;\" \/>\n<meta name=\"robots\" content=\"index, follow, max-snippet:-1, max-image-preview:large, max-video-preview:-1\" \/>\n<link rel=\"canonical\" href=\"https:\/\/otmaroc.com\/ar\/product\/puzzle-chiffre-60-pieces-apprendre-les-chiffres-0-20\/\" \/>\n<meta property=\"og:locale\" content=\"ar_AR\" \/>\n<meta property=\"og:type\" content=\"article\" \/>\n<meta property=\"og:title\" content=\"Puzzle chiffre \u2013 60 Pieces \u2013 Apprendre les chiffres 0 \u2013 20 au Maroc\" \/>\n<meta property=\"og:description\" content=\"Aidez votre enfant \u00e0 ma\u00eetriser les chiffres de 0 \u00e0 20 avec ce puzzle de 60 pi\u00e8ces, combinant apprentissage et divertissement.&quot;\" \/>\n<meta property=\"og:url\" content=\"https:\/\/otmaroc.com\/ar\/product\/puzzle-chiffre-60-pieces-apprendre-les-chiffres-0-20\/\" \/>\n<meta property=\"og:site_name\" content=\"OTMAROC\" \/>\n<meta property=\"article:publisher\" content=\"https:\/\/www.facebook.com\/profile.php?id=61565107472257\" \/>\n<meta property=\"og:image\" content=\"https:\/\/otmaroc.com\/wp-content\/uploads\/2025\/03\/www.otmaroc.com-0623512008-otmaroc2024@gmail.com-100.png\" \/>\n\t<meta property=\"og:image:width\" content=\"1080\" \/>\n\t<meta property=\"og:image:height\" content=\"1080\" \/>\n\t<meta property=\"og:image:type\" content=\"image\/png\" \/>\n<meta name=\"twitter:card\" content=\"summary_large_image\" \/>\n<meta name=\"twitter:label1\" content=\"\u0648\u0642\u062a \u0627\u0644\u0642\u0631\u0627\u0621\u0629 \u0627\u0644\u0645\u064f\u0642\u062f\u0651\u0631\" \/>\n\t<meta name=\"twitter:data1\" content=\"\u062f\u0642\u064a\u0642\u062a\u0627\u0646\" \/>\n<script type=\"application\/ld+json\" class=\"yoast-schema-graph\">{\"@context\":\"https:\/\/schema.org\",\"@graph\":[{\"@type\":\"WebPage\",\"@id\":\"https:\/\/otmaroc.com\/product\/puzzle-chiffre-60-pieces-apprendre-les-chiffres-0-20\/\",\"url\":\"https:\/\/otmaroc.com\/product\/puzzle-chiffre-60-pieces-apprendre-les-chiffres-0-20\/\",\"name\":\"Puzzle chiffre \u2013 60 Pieces \u2013 Apprendre les chiffres 0 \u2013 20 au Maroc\",\"isPartOf\":{\"@id\":\"https:\/\/otmaroc.com\/#website\"},\"primaryImageOfPage\":{\"@id\":\"https:\/\/otmaroc.com\/product\/puzzle-chiffre-60-pieces-apprendre-les-chiffres-0-20\/#primaryimage\"},\"image\":{\"@id\":\"https:\/\/otmaroc.com\/product\/puzzle-chiffre-60-pieces-apprendre-les-chiffres-0-20\/#primaryimage\"},\"thumbnailUrl\":\"https:\/\/otmaroc.com\/wp-content\/uploads\/2025\/03\/www.otmaroc.com-0623512008-otmaroc2024@gmail.com-100.png\",\"datePublished\":\"2025-03-14T13:28:27+00:00\",\"dateModified\":\"2025-03-14T13:28:27+00:00\",\"description\":\"Aidez votre enfant \u00e0 ma\u00eetriser les chiffres de 0 \u00e0 20 avec ce puzzle de 60 pi\u00e8ces, combinant apprentissage et divertissement.\\\"\",\"breadcrumb\":{\"@id\":\"https:\/\/otmaroc.com\/product\/puzzle-chiffre-60-pieces-apprendre-les-chiffres-0-20\/#breadcrumb\"},\"inLanguage\":\"ar\",\"potentialAction\":[{\"@type\":\"ReadAction\",\"target\":[\"https:\/\/otmaroc.com\/product\/puzzle-chiffre-60-pieces-apprendre-les-chiffres-0-20\/\"]}]},{\"@type\":\"ImageObject\",\"inLanguage\":\"ar\",\"@id\":\"https:\/\/otmaroc.com\/product\/puzzle-chiffre-60-pieces-apprendre-les-chiffres-0-20\/#primaryimage\",\"url\":\"https:\/\/otmaroc.com\/wp-content\/uploads\/2025\/03\/www.otmaroc.com-0623512008-otmaroc2024@gmail.com-100.png\",\"contentUrl\":\"https:\/\/otmaroc.com\/wp-content\/uploads\/2025\/03\/www.otmaroc.com-0623512008-otmaroc2024@gmail.com-100.png\",\"width\":1080,\"height\":1080},{\"@type\":\"BreadcrumbList\",\"@id\":\"https:\/\/otmaroc.com\/product\/puzzle-chiffre-60-pieces-apprendre-les-chiffres-0-20\/#breadcrumb\",\"itemListElement\":[{\"@type\":\"ListItem\",\"position\":1,\"name\":\"Home\",\"item\":\"https:\/\/otmaroc.com\/\"},{\"@type\":\"ListItem\",\"position\":2,\"name\":\"Products\",\"item\":\"https:\/\/otmaroc.com\/store\/\"},{\"@type\":\"ListItem\",\"position\":3,\"name\":\"Puzzle chiffre \u2013 60 Pieces \u2013 Apprendre les chiffres 0 \u2013 20\"}]},{\"@type\":\"WebSite\",\"@id\":\"https:\/\/otmaroc.com\/#website\",\"url\":\"https:\/\/otmaroc.com\/\",\"name\":\"OTMAROC\",\"description\":\"The number one website in morocco for occupational therapy\",\"publisher\":{\"@id\":\"https:\/\/otmaroc.com\/#organization\"},\"potentialAction\":[{\"@type\":\"SearchAction\",\"target\":{\"@type\":\"EntryPoint\",\"urlTemplate\":\"https:\/\/otmaroc.com\/?s={search_term_string}\"},\"query-input\":{\"@type\":\"PropertyValueSpecification\",\"valueRequired\":true,\"valueName\":\"search_term_string\"}}],\"inLanguage\":\"ar\"},{\"@type\":\"Organization\",\"@id\":\"https:\/\/otmaroc.com\/#organization\",\"name\":\"OTMAROC\",\"url\":\"https:\/\/otmaroc.com\/\",\"logo\":{\"@type\":\"ImageObject\",\"inLanguage\":\"ar\",\"@id\":\"https:\/\/otmaroc.com\/#\/schema\/logo\/image\/\",\"url\":\"https:\/\/otmaroc.com\/wp-content\/uploads\/2024\/08\/cropped-cropped-Black_White_Yellow_Simple_Initial_Name_Logo-removebg-preview-2.png\",\"contentUrl\":\"https:\/\/otmaroc.com\/wp-content\/uploads\/2024\/08\/cropped-cropped-Black_White_Yellow_Simple_Initial_Name_Logo-removebg-preview-2.png\",\"width\":298,\"height\":192,\"caption\":\"OTMAROC\"},\"image\":{\"@id\":\"https:\/\/otmaroc.com\/#\/schema\/logo\/image\/\"},\"sameAs\":[\"https:\/\/www.facebook.com\/profile.php?id=61565107472257\",\"https:\/\/www.instagram.com\/otmaroc2024\/\",\"https:\/\/www.youtube.com\/@othmaneksaibar6763\",\"https:\/\/api.whatsapp.com\/send?phone=2120623512008\"]}]}<\/script>\n<!-- \/ Yoast SEO plugin. -->","yoast_head_json":{"title":"Puzzle chiffre \u2013 60 Pieces \u2013 Apprendre les chiffres 0 \u2013 20 au Maroc","description":"Aidez votre enfant \u00e0 ma\u00eetriser les chiffres de 0 \u00e0 20 avec ce puzzle de 60 pi\u00e8ces, combinant apprentissage et divertissement.\"","robots":{"index":"index","follow":"follow","max-snippet":"max-snippet:-1","max-image-preview":"max-image-preview:large","max-video-preview":"max-video-preview:-1"},"canonical":"https:\/\/otmaroc.com\/ar\/product\/puzzle-chiffre-60-pieces-apprendre-les-chiffres-0-20\/","og_locale":"ar_AR","og_type":"article","og_title":"Puzzle chiffre \u2013 60 Pieces \u2013 Apprendre les chiffres 0 \u2013 20 au Maroc","og_description":"Aidez votre enfant \u00e0 ma\u00eetriser les chiffres de 0 \u00e0 20 avec ce puzzle de 60 pi\u00e8ces, combinant apprentissage et divertissement.\"","og_url":"https:\/\/otmaroc.com\/ar\/product\/puzzle-chiffre-60-pieces-apprendre-les-chiffres-0-20\/","og_site_name":"OTMAROC","article_publisher":"https:\/\/www.facebook.com\/profile.php?id=61565107472257","og_image":[{"width":1080,"height":1080,"url":"https:\/\/otmaroc.com\/wp-content\/uploads\/2025\/03\/www.otmaroc.com-0623512008-otmaroc2024@gmail.com-100.png","type":"image\/png"}],"twitter_card":"summary_large_image","twitter_misc":{"\u0648\u0642\u062a \u0627\u0644\u0642\u0631\u0627\u0621\u0629 \u0627\u0644\u0645\u064f\u0642\u062f\u0651\u0631":"\u062f\u0642\u064a\u0642\u062a\u0627\u0646"},"schema":{"@context":"https:\/\/schema.org","@graph":[{"@type":"WebPage","@id":"https:\/\/otmaroc.com\/product\/puzzle-chiffre-60-pieces-apprendre-les-chiffres-0-20\/","url":"https:\/\/otmaroc.com\/product\/puzzle-chiffre-60-pieces-apprendre-les-chiffres-0-20\/","name":"Puzzle chiffre \u2013 60 Pieces \u2013 Apprendre les chiffres 0 \u2013 20 au Maroc","isPartOf":{"@id":"https:\/\/otmaroc.com\/#website"},"primaryImageOfPage":{"@id":"https:\/\/otmaroc.com\/product\/puzzle-chiffre-60-pieces-apprendre-les-chiffres-0-20\/#primaryimage"},"image":{"@id":"https:\/\/otmaroc.com\/product\/puzzle-chiffre-60-pieces-apprendre-les-chiffres-0-20\/#primaryimage"},"thumbnailUrl":"https:\/\/otmaroc.com\/wp-content\/uploads\/2025\/03\/www.otmaroc.com-0623512008-otmaroc2024@gmail.com-100.png","datePublished":"2025-03-14T13:28:27+00:00","dateModified":"2025-03-14T13:28:27+00:00","description":"Aidez votre enfant \u00e0 ma\u00eetriser les chiffres de 0 \u00e0 20 avec ce puzzle de 60 pi\u00e8ces, combinant apprentissage et divertissement.\"","breadcrumb":{"@id":"https:\/\/otmaroc.com\/product\/puzzle-chiffre-60-pieces-apprendre-les-chiffres-0-20\/#breadcrumb"},"inLanguage":"ar","potentialAction":[{"@type":"ReadAction","target":["https:\/\/otmaroc.com\/product\/puzzle-chiffre-60-pieces-apprendre-les-chiffres-0-20\/"]}]},{"@type":"ImageObject","inLanguage":"ar","@id":"https:\/\/otmaroc.com\/product\/puzzle-chiffre-60-pieces-apprendre-les-chiffres-0-20\/#primaryimage","url":"https:\/\/otmaroc.com\/wp-content\/uploads\/2025\/03\/www.otmaroc.com-0623512008-otmaroc2024@gmail.com-100.png","contentUrl":"https:\/\/otmaroc.com\/wp-content\/uploads\/2025\/03\/www.otmaroc.com-0623512008-otmaroc2024@gmail.com-100.png","width":1080,"height":1080},{"@type":"BreadcrumbList","@id":"https:\/\/otmaroc.com\/product\/puzzle-chiffre-60-pieces-apprendre-les-chiffres-0-20\/#breadcrumb","itemListElement":[{"@type":"ListItem","position":1,"name":"Home","item":"https:\/\/otmaroc.com\/"},{"@type":"ListItem","position":2,"name":"Products","item":"https:\/\/otmaroc.com\/store\/"},{"@type":"ListItem","position":3,"name":"Puzzle chiffre \u2013 60 Pieces \u2013 Apprendre les chiffres 0 \u2013 20"}]},{"@type":"WebSite","@id":"https:\/\/otmaroc.com\/#website","url":"https:\/\/otmaroc.com\/","name":"OTMAROC","description":"The number one website in morocco for occupational therapy","publisher":{"@id":"https:\/\/otmaroc.com\/#organization"},"potentialAction":[{"@type":"SearchAction","target":{"@type":"EntryPoint","urlTemplate":"https:\/\/otmaroc.com\/?s={search_term_string}"},"query-input":{"@type":"PropertyValueSpecification","valueRequired":true,"valueName":"search_term_string"}}],"inLanguage":"ar"},{"@type":"Organization","@id":"https:\/\/otmaroc.com\/#organization","name":"OTMAROC","url":"https:\/\/otmaroc.com\/","logo":{"@type":"ImageObject","inLanguage":"ar","@id":"https:\/\/otmaroc.com\/#\/schema\/logo\/image\/","url":"https:\/\/otmaroc.com\/wp-content\/uploads\/2024\/08\/cropped-cropped-Black_White_Yellow_Simple_Initial_Name_Logo-removebg-preview-2.png","contentUrl":"https:\/\/otmaroc.com\/wp-content\/uploads\/2024\/08\/cropped-cropped-Black_White_Yellow_Simple_Initial_Name_Logo-removebg-preview-2.png","width":298,"height":192,"caption":"OTMAROC"},"image":{"@id":"https:\/\/otmaroc.com\/#\/schema\/logo\/image\/"},"sameAs":["https:\/\/www.facebook.com\/profile.php?id=61565107472257","https:\/\/www.instagram.com\/otmaroc2024\/","https:\/\/www.youtube.com\/@othmaneksaibar6763","https:\/\/api.whatsapp.com\/send?phone=2120623512008"]}]}},"uagb_featured_image_src":{"full":["https:\/\/otmaroc.com\/wp-content\/uploads\/2025\/03\/www.otmaroc.com-0623512008-otmaroc2024@gmail.com-100.png",1080,1080,false],"thumbnail":["https:\/\/otmaroc.com\/wp-content\/uploads\/2025\/03\/www.otmaroc.com-0623512008-otmaroc2024@gmail.com-100-150x150.png",150,150,true],"medium":["https:\/\/otmaroc.com\/wp-content\/uploads\/2025\/03\/www.otmaroc.com-0623512008-otmaroc2024@gmail.com-100-300x300.png",300,300,true],"medium_large":["https:\/\/otmaroc.com\/wp-content\/uploads\/2025\/03\/www.otmaroc.com-0623512008-otmaroc2024@gmail.com-100-768x768.png",768,768,true],"large":["https:\/\/otmaroc.com\/wp-content\/uploads\/2025\/03\/www.otmaroc.com-0623512008-otmaroc2024@gmail.com-100-1024x1024.png",1024,1024,true],"1536x1536":["https:\/\/otmaroc.com\/wp-content\/uploads\/2025\/03\/www.otmaroc.com-0623512008-otmaroc2024@gmail.com-100.png",1080,1080,false],"2048x2048":["https:\/\/otmaroc.com\/wp-content\/uploads\/2025\/03\/www.otmaroc.com-0623512008-otmaroc2024@gmail.com-100.png",1080,1080,false],"trp-custom-language-flag":["https:\/\/otmaroc.com\/wp-content\/uploads\/2025\/03\/www.otmaroc.com-0623512008-otmaroc2024@gmail.com-100-12x12.png",12,12,true],"woocommerce_thumbnail":["https:\/\/otmaroc.com\/wp-content\/uploads\/2025\/03\/www.otmaroc.com-0623512008-otmaroc2024@gmail.com-100-300x300.png",300,300,true],"woocommerce_single":["https:\/\/otmaroc.com\/wp-content\/uploads\/2025\/03\/www.otmaroc.com-0623512008-otmaroc2024@gmail.com-100-600x600.png",600,600,true],"woocommerce_gallery_thumbnail":["https:\/\/otmaroc.com\/wp-content\/uploads\/2025\/03\/www.otmaroc.com-0623512008-otmaroc2024@gmail.com-100-100x100.png",100,100,true],"dgwt-wcas-product-suggestion":["https:\/\/otmaroc.com\/wp-content\/uploads\/2025\/03\/www.otmaroc.com-0623512008-otmaroc2024@gmail.com-100-64x64.png",64,64,true]},"uagb_author_info":{"display_name":"othmane iptv","author_link":"https:\/\/otmaroc.com\/ar\/author\/"},"uagb_comment_info":0,"uagb_excerpt":"Aidez votre enfant \u00e0 ma\u00eetriser les chiffres de 0 \u00e0 20 avec ce puzzle de 60 pi\u00e8ces, combinant apprentissage et divertissement.","jetpack_sharing_enabled":true,"_links":{"self":[{"href":"https:\/\/otmaroc.com\/ar\/wp-json\/wp\/v2\/product\/4374"}],"collection":[{"href":"https:\/\/otmaroc.com\/ar\/wp-json\/wp\/v2\/product"}],"about":[{"href":"https:\/\/otmaroc.com\/ar\/wp-json\/wp\/v2\/types\/product"}],"replies":[{"embeddable":true,"href":"https:\/\/otmaroc.com\/ar\/wp-json\/wp\/v2\/comments?post=4374"}],"wp:featuredmedia":[{"embeddable":true,"href":"https:\/\/otmaroc.com\/ar\/wp-json\/wp\/v2\/media\/4377"}],"wp:attachment":[{"href":"https:\/\/otmaroc.com\/ar\/wp-json\/wp\/v2\/media?parent=4374"}],"wp:term":[{"taxonomy":"product_cat","embeddable":true,"href":"https:\/\/otmaroc.com\/ar\/wp-json\/wp\/v2\/product_cat?post=4374"},{"taxonomy":"product_tag","embeddable":true,"href":"https:\/\/otmaroc.com\/ar\/wp-json\/wp\/v2\/product_tag?post=4374"}],"curies":[{"name":"wp","href":"https:\/\/api.w.org\/{rel}","templated":true}]}}