{"id":4364,"date":"2025-03-13T12:23:58","date_gmt":"2025-03-13T12:23:58","guid":{"rendered":"https:\/\/otmaroc.com\/?post_type=product&#038;p=4364"},"modified":"2025-03-13T12:23:58","modified_gmt":"2025-03-13T12:23:58","slug":"kit-de-motricite-vis-et-ecrous","status":"publish","type":"product","link":"https:\/\/otmaroc.com\/ar\/product\/kit-de-motricite-vis-et-ecrous\/","title":{"rendered":"kit de motricit\u00e9 vis et \u00e9crous"},"content":{"rendered":"<p><strong>Description du jeu \u00e9ducatif<\/strong><br \/>\nCe kit de vis et \u00e9crous de diff\u00e9rentes formes permet aux enfants de s\u2019amuser tout en d\u00e9veloppant leur reconnaissance des formes, des couleurs, ainsi que leur logique, motricit\u00e9 et dext\u00e9rit\u00e9. Les 20 pi\u00e8ces de ce jouet sont en bois naturel, offrant une exp\u00e9rience tactile et visuelle agr\u00e9able. Un cadeau parfait qui assurera des moments ludiques et \u00e9ducatifs pour les enfants.<\/p>\n<p><strong>Apports \u00e9ducatifs<\/strong><br \/>\nCe jeu est id\u00e9al pour une utilisation \u00e0 l\u2019\u00e9cole ou \u00e0 la maison, que ce soit pour jouer seul ou en groupe. Il est parfaitement adapt\u00e9 \u00e0 la m\u00e9thode Montessori, favorisant l&rsquo;autonomie des enfants en fonction de leurs int\u00e9r\u00eats et besoins. Ce coffret de vis et \u00e9crous aide les enfants \u00e0 d\u00e9velopper leur cognition, leur imagination, leur coordination main-\u0153il, leurs habilet\u00e9s motrices et leur cr\u00e9ativit\u00e9, tout en offrant un moment agr\u00e9able d&rsquo;apprentissage.<\/p>\n<p><strong>Caract\u00e9ristiques du jeu<\/strong><\/p>\n<ul>\n<li><strong>Contenu<\/strong> : 20 pi\u00e8ces<\/li>\n<li><strong>\u00c2ge recommand\u00e9<\/strong> : \u00c0 partir de 3 ans<\/li>\n<li><strong>Dimensions<\/strong> : 23 x 18 x 6 cm<\/li>\n<\/ul>","protected":false},"excerpt":{"rendered":"<p>Stimulez la dext\u00e9rit\u00e9 manuelle et la coordination de votre enfant avec notre kit de motricit\u00e9 vis et \u00e9crous.<\/p>","protected":false},"featured_media":4365,"comment_status":"open","ping_status":"closed","template":"","meta":{"_uag_custom_page_level_css":"","site-sidebar-layout":"default","site-content-layout":"","ast-site-content-layout":"default","site-content-style":"default","site-sidebar-style":"default","ast-global-header-display":"","ast-banner-title-visibility":"","ast-main-header-display":"","ast-hfb-above-header-display":"","ast-hfb-below-header-display":"","ast-hfb-mobile-header-display":"","site-post-title":"","ast-breadcrumbs-content":"","ast-featured-img":"","footer-sml-layout":"","theme-transparent-header-meta":"default","adv-header-id-meta":"","stick-header-meta":"","header-above-stick-meta":"","header-main-stick-meta":"","header-below-stick-meta":"","astra-migrate-meta-layouts":"set","ast-page-background-enabled":"default","ast-page-background-meta":{"desktop":{"background-color":"","background-image":"","background-repeat":"repeat","background-position":"center center","background-size":"auto","background-attachment":"scroll","background-type":"","background-media":"","overlay-type":"","overlay-color":"","overlay-opacity":"","overlay-gradient":""},"tablet":{"background-color":"","background-image":"","background-repeat":"repeat","background-position":"center center","background-size":"auto","background-attachment":"scroll","background-type":"","background-media":"","overlay-type":"","overlay-color":"","overlay-opacity":"","overlay-gradient":""},"mobile":{"background-color":"","background-image":"","background-repeat":"repeat","background-position":"center center","background-size":"auto","background-attachment":"scroll","background-type":"","background-media":"","overlay-type":"","overlay-color":"","overlay-opacity":"","overlay-gradient":""}},"ast-content-background-meta":{"desktop":{"background-color":"var(--ast-global-color-5)","background-image":"","background-repeat":"repeat","background-position":"center center","background-size":"auto","background-attachment":"scroll","background-type":"","background-media":"","overlay-type":"","overlay-color":"","overlay-opacity":"","overlay-gradient":""},"tablet":{"background-color":"var(--ast-global-color-5)","background-image":"","background-repeat":"repeat","background-position":"center center","background-size":"auto","background-attachment":"scroll","background-type":"","background-media":"","overlay-type":"","overlay-color":"","overlay-opacity":"","overlay-gradient":""},"mobile":{"background-color":"var(--ast-global-color-5)","background-image":"","background-repeat":"repeat","background-position":"center center","background-size":"auto","background-attachment":"scroll","background-type":"","background-media":"","overlay-type":"","overlay-color":"","overlay-opacity":"","overlay-gradient":""}}},"product_cat":[52,78,79,42,90,99,115,100,103,63,114,116],"product_tag":[],"class_list":{"0":"post-4364","1":"product","2":"type-product","3":"status-publish","4":"has-post-thumbnail","6":"product_cat-jouets-de-therapie-au-maroc","7":"product_cat-materiel-de-kinesitherapie","8":"product_cat-materiel-de-psychomotricite","9":"product_cat-materiel-de-reeducation","10":"product_cat-motricite","11":"product_cat-reeducation-motrice","12":"product_cat-reeducation-neurologique","13":"product_cat-renforcement-musculaire","14":"product_cat-tous-les-jeux-educatifs-et-therapeutiques","15":"product_cat-tous-les-produits","16":"product_cat-tout-le-materiel-de-kinesitherapie","17":"product_cat-tout-le-materiel-de-reeducation","18":"desktop-align-left","19":"tablet-align-left","20":"mobile-align-left","22":"first","23":"instock","24":"sale","25":"shipping-taxable","26":"purchasable","27":"product-type-simple"},"yoast_head":"<!-- This site is optimized with the Yoast SEO plugin v23.5 - https:\/\/yoast.com\/wordpress\/plugins\/seo\/ -->\n<title>Kit de motricit\u00e9 avec vis et \u00e9crous pour enfants au Maroc<\/title>\n<meta name=\"description\" content=\"Stimulez la dext\u00e9rit\u00e9 manuelle et la coordination de votre enfant avec notre kit de motricit\u00e9 vis et \u00e9crous, disponible au Maroc.&quot;\" \/>\n<meta name=\"robots\" content=\"index, follow, max-snippet:-1, max-image-preview:large, max-video-preview:-1\" \/>\n<link rel=\"canonical\" href=\"https:\/\/otmaroc.com\/ar\/product\/kit-de-motricite-vis-et-ecrous\/\" \/>\n<meta property=\"og:locale\" content=\"ar_AR\" \/>\n<meta property=\"og:type\" content=\"article\" \/>\n<meta property=\"og:title\" content=\"Kit de motricit\u00e9 avec vis et \u00e9crous pour enfants au Maroc\" \/>\n<meta property=\"og:description\" content=\"Stimulez la dext\u00e9rit\u00e9 manuelle et la coordination de votre enfant avec notre kit de motricit\u00e9 vis et \u00e9crous, disponible au Maroc.&quot;\" \/>\n<meta property=\"og:url\" content=\"https:\/\/otmaroc.com\/ar\/product\/kit-de-motricite-vis-et-ecrous\/\" \/>\n<meta property=\"og:site_name\" content=\"OTMAROC\" \/>\n<meta property=\"article:publisher\" content=\"https:\/\/www.facebook.com\/profile.php?id=61565107472257\" \/>\n<meta property=\"og:image\" content=\"https:\/\/otmaroc.com\/wp-content\/uploads\/2025\/03\/www.otmaroc.com-0623512008-otmaroc2024@gmail.com-98.png\" \/>\n\t<meta property=\"og:image:width\" content=\"1080\" \/>\n\t<meta property=\"og:image:height\" content=\"1080\" \/>\n\t<meta property=\"og:image:type\" content=\"image\/png\" \/>\n<meta name=\"twitter:card\" content=\"summary_large_image\" \/>\n<meta name=\"twitter:label1\" content=\"\u0648\u0642\u062a \u0627\u0644\u0642\u0631\u0627\u0621\u0629 \u0627\u0644\u0645\u064f\u0642\u062f\u0651\u0631\" \/>\n\t<meta name=\"twitter:data1\" content=\"\u062f\u0642\u064a\u0642\u062a\u0627\u0646\" \/>\n<script type=\"application\/ld+json\" class=\"yoast-schema-graph\">{\"@context\":\"https:\/\/schema.org\",\"@graph\":[{\"@type\":\"WebPage\",\"@id\":\"https:\/\/otmaroc.com\/product\/kit-de-motricite-vis-et-ecrous\/\",\"url\":\"https:\/\/otmaroc.com\/product\/kit-de-motricite-vis-et-ecrous\/\",\"name\":\"Kit de motricit\u00e9 avec vis et \u00e9crous pour enfants au Maroc\",\"isPartOf\":{\"@id\":\"https:\/\/otmaroc.com\/#website\"},\"primaryImageOfPage\":{\"@id\":\"https:\/\/otmaroc.com\/product\/kit-de-motricite-vis-et-ecrous\/#primaryimage\"},\"image\":{\"@id\":\"https:\/\/otmaroc.com\/product\/kit-de-motricite-vis-et-ecrous\/#primaryimage\"},\"thumbnailUrl\":\"https:\/\/otmaroc.com\/wp-content\/uploads\/2025\/03\/www.otmaroc.com-0623512008-otmaroc2024@gmail.com-98.png\",\"datePublished\":\"2025-03-13T12:23:58+00:00\",\"dateModified\":\"2025-03-13T12:23:58+00:00\",\"description\":\"Stimulez la dext\u00e9rit\u00e9 manuelle et la coordination de votre enfant avec notre kit de motricit\u00e9 vis et \u00e9crous, disponible au Maroc.\\\"\",\"breadcrumb\":{\"@id\":\"https:\/\/otmaroc.com\/product\/kit-de-motricite-vis-et-ecrous\/#breadcrumb\"},\"inLanguage\":\"ar\",\"potentialAction\":[{\"@type\":\"ReadAction\",\"target\":[\"https:\/\/otmaroc.com\/product\/kit-de-motricite-vis-et-ecrous\/\"]}]},{\"@type\":\"ImageObject\",\"inLanguage\":\"ar\",\"@id\":\"https:\/\/otmaroc.com\/product\/kit-de-motricite-vis-et-ecrous\/#primaryimage\",\"url\":\"https:\/\/otmaroc.com\/wp-content\/uploads\/2025\/03\/www.otmaroc.com-0623512008-otmaroc2024@gmail.com-98.png\",\"contentUrl\":\"https:\/\/otmaroc.com\/wp-content\/uploads\/2025\/03\/www.otmaroc.com-0623512008-otmaroc2024@gmail.com-98.png\",\"width\":1080,\"height\":1080},{\"@type\":\"BreadcrumbList\",\"@id\":\"https:\/\/otmaroc.com\/product\/kit-de-motricite-vis-et-ecrous\/#breadcrumb\",\"itemListElement\":[{\"@type\":\"ListItem\",\"position\":1,\"name\":\"Home\",\"item\":\"https:\/\/otmaroc.com\/\"},{\"@type\":\"ListItem\",\"position\":2,\"name\":\"Products\",\"item\":\"https:\/\/otmaroc.com\/store\/\"},{\"@type\":\"ListItem\",\"position\":3,\"name\":\"kit de motricit\u00e9 vis et \u00e9crous\"}]},{\"@type\":\"WebSite\",\"@id\":\"https:\/\/otmaroc.com\/#website\",\"url\":\"https:\/\/otmaroc.com\/\",\"name\":\"OTMAROC\",\"description\":\"The number one website in morocco for occupational therapy\",\"publisher\":{\"@id\":\"https:\/\/otmaroc.com\/#organization\"},\"potentialAction\":[{\"@type\":\"SearchAction\",\"target\":{\"@type\":\"EntryPoint\",\"urlTemplate\":\"https:\/\/otmaroc.com\/?s={search_term_string}\"},\"query-input\":{\"@type\":\"PropertyValueSpecification\",\"valueRequired\":true,\"valueName\":\"search_term_string\"}}],\"inLanguage\":\"ar\"},{\"@type\":\"Organization\",\"@id\":\"https:\/\/otmaroc.com\/#organization\",\"name\":\"OTMAROC\",\"url\":\"https:\/\/otmaroc.com\/\",\"logo\":{\"@type\":\"ImageObject\",\"inLanguage\":\"ar\",\"@id\":\"https:\/\/otmaroc.com\/#\/schema\/logo\/image\/\",\"url\":\"https:\/\/otmaroc.com\/wp-content\/uploads\/2024\/08\/cropped-cropped-Black_White_Yellow_Simple_Initial_Name_Logo-removebg-preview-2.png\",\"contentUrl\":\"https:\/\/otmaroc.com\/wp-content\/uploads\/2024\/08\/cropped-cropped-Black_White_Yellow_Simple_Initial_Name_Logo-removebg-preview-2.png\",\"width\":298,\"height\":192,\"caption\":\"OTMAROC\"},\"image\":{\"@id\":\"https:\/\/otmaroc.com\/#\/schema\/logo\/image\/\"},\"sameAs\":[\"https:\/\/www.facebook.com\/profile.php?id=61565107472257\",\"https:\/\/www.instagram.com\/otmaroc2024\/\",\"https:\/\/www.youtube.com\/@othmaneksaibar6763\",\"https:\/\/api.whatsapp.com\/send?phone=2120623512008\"]}]}<\/script>\n<!-- \/ Yoast SEO plugin. -->","yoast_head_json":{"title":"Kit de motricit\u00e9 avec vis et \u00e9crous pour enfants au Maroc","description":"Stimulez la dext\u00e9rit\u00e9 manuelle et la coordination de votre enfant avec notre kit de motricit\u00e9 vis et \u00e9crous, disponible au Maroc.\"","robots":{"index":"index","follow":"follow","max-snippet":"max-snippet:-1","max-image-preview":"max-image-preview:large","max-video-preview":"max-video-preview:-1"},"canonical":"https:\/\/otmaroc.com\/ar\/product\/kit-de-motricite-vis-et-ecrous\/","og_locale":"ar_AR","og_type":"article","og_title":"Kit de motricit\u00e9 avec vis et \u00e9crous pour enfants au Maroc","og_description":"Stimulez la dext\u00e9rit\u00e9 manuelle et la coordination de votre enfant avec notre kit de motricit\u00e9 vis et \u00e9crous, disponible au Maroc.\"","og_url":"https:\/\/otmaroc.com\/ar\/product\/kit-de-motricite-vis-et-ecrous\/","og_site_name":"OTMAROC","article_publisher":"https:\/\/www.facebook.com\/profile.php?id=61565107472257","og_image":[{"width":1080,"height":1080,"url":"https:\/\/otmaroc.com\/wp-content\/uploads\/2025\/03\/www.otmaroc.com-0623512008-otmaroc2024@gmail.com-98.png","type":"image\/png"}],"twitter_card":"summary_large_image","twitter_misc":{"\u0648\u0642\u062a \u0627\u0644\u0642\u0631\u0627\u0621\u0629 \u0627\u0644\u0645\u064f\u0642\u062f\u0651\u0631":"\u062f\u0642\u064a\u0642\u062a\u0627\u0646"},"schema":{"@context":"https:\/\/schema.org","@graph":[{"@type":"WebPage","@id":"https:\/\/otmaroc.com\/product\/kit-de-motricite-vis-et-ecrous\/","url":"https:\/\/otmaroc.com\/product\/kit-de-motricite-vis-et-ecrous\/","name":"Kit de motricit\u00e9 avec vis et \u00e9crous pour enfants au Maroc","isPartOf":{"@id":"https:\/\/otmaroc.com\/#website"},"primaryImageOfPage":{"@id":"https:\/\/otmaroc.com\/product\/kit-de-motricite-vis-et-ecrous\/#primaryimage"},"image":{"@id":"https:\/\/otmaroc.com\/product\/kit-de-motricite-vis-et-ecrous\/#primaryimage"},"thumbnailUrl":"https:\/\/otmaroc.com\/wp-content\/uploads\/2025\/03\/www.otmaroc.com-0623512008-otmaroc2024@gmail.com-98.png","datePublished":"2025-03-13T12:23:58+00:00","dateModified":"2025-03-13T12:23:58+00:00","description":"Stimulez la dext\u00e9rit\u00e9 manuelle et la coordination de votre enfant avec notre kit de motricit\u00e9 vis et \u00e9crous, disponible au Maroc.\"","breadcrumb":{"@id":"https:\/\/otmaroc.com\/product\/kit-de-motricite-vis-et-ecrous\/#breadcrumb"},"inLanguage":"ar","potentialAction":[{"@type":"ReadAction","target":["https:\/\/otmaroc.com\/product\/kit-de-motricite-vis-et-ecrous\/"]}]},{"@type":"ImageObject","inLanguage":"ar","@id":"https:\/\/otmaroc.com\/product\/kit-de-motricite-vis-et-ecrous\/#primaryimage","url":"https:\/\/otmaroc.com\/wp-content\/uploads\/2025\/03\/www.otmaroc.com-0623512008-otmaroc2024@gmail.com-98.png","contentUrl":"https:\/\/otmaroc.com\/wp-content\/uploads\/2025\/03\/www.otmaroc.com-0623512008-otmaroc2024@gmail.com-98.png","width":1080,"height":1080},{"@type":"BreadcrumbList","@id":"https:\/\/otmaroc.com\/product\/kit-de-motricite-vis-et-ecrous\/#breadcrumb","itemListElement":[{"@type":"ListItem","position":1,"name":"Home","item":"https:\/\/otmaroc.com\/"},{"@type":"ListItem","position":2,"name":"Products","item":"https:\/\/otmaroc.com\/store\/"},{"@type":"ListItem","position":3,"name":"kit de motricit\u00e9 vis et \u00e9crous"}]},{"@type":"WebSite","@id":"https:\/\/otmaroc.com\/#website","url":"https:\/\/otmaroc.com\/","name":"OTMAROC","description":"The number one website in morocco for occupational therapy","publisher":{"@id":"https:\/\/otmaroc.com\/#organization"},"potentialAction":[{"@type":"SearchAction","target":{"@type":"EntryPoint","urlTemplate":"https:\/\/otmaroc.com\/?s={search_term_string}"},"query-input":{"@type":"PropertyValueSpecification","valueRequired":true,"valueName":"search_term_string"}}],"inLanguage":"ar"},{"@type":"Organization","@id":"https:\/\/otmaroc.com\/#organization","name":"OTMAROC","url":"https:\/\/otmaroc.com\/","logo":{"@type":"ImageObject","inLanguage":"ar","@id":"https:\/\/otmaroc.com\/#\/schema\/logo\/image\/","url":"https:\/\/otmaroc.com\/wp-content\/uploads\/2024\/08\/cropped-cropped-Black_White_Yellow_Simple_Initial_Name_Logo-removebg-preview-2.png","contentUrl":"https:\/\/otmaroc.com\/wp-content\/uploads\/2024\/08\/cropped-cropped-Black_White_Yellow_Simple_Initial_Name_Logo-removebg-preview-2.png","width":298,"height":192,"caption":"OTMAROC"},"image":{"@id":"https:\/\/otmaroc.com\/#\/schema\/logo\/image\/"},"sameAs":["https:\/\/www.facebook.com\/profile.php?id=61565107472257","https:\/\/www.instagram.com\/otmaroc2024\/","https:\/\/www.youtube.com\/@othmaneksaibar6763","https:\/\/api.whatsapp.com\/send?phone=2120623512008"]}]}},"uagb_featured_image_src":{"full":["https:\/\/otmaroc.com\/wp-content\/uploads\/2025\/03\/www.otmaroc.com-0623512008-otmaroc2024@gmail.com-98.png",1080,1080,false],"thumbnail":["https:\/\/otmaroc.com\/wp-content\/uploads\/2025\/03\/www.otmaroc.com-0623512008-otmaroc2024@gmail.com-98-150x150.png",150,150,true],"medium":["https:\/\/otmaroc.com\/wp-content\/uploads\/2025\/03\/www.otmaroc.com-0623512008-otmaroc2024@gmail.com-98-300x300.png",300,300,true],"medium_large":["https:\/\/otmaroc.com\/wp-content\/uploads\/2025\/03\/www.otmaroc.com-0623512008-otmaroc2024@gmail.com-98-768x768.png",768,768,true],"large":["https:\/\/otmaroc.com\/wp-content\/uploads\/2025\/03\/www.otmaroc.com-0623512008-otmaroc2024@gmail.com-98-1024x1024.png",1024,1024,true],"1536x1536":["https:\/\/otmaroc.com\/wp-content\/uploads\/2025\/03\/www.otmaroc.com-0623512008-otmaroc2024@gmail.com-98.png",1080,1080,false],"2048x2048":["https:\/\/otmaroc.com\/wp-content\/uploads\/2025\/03\/www.otmaroc.com-0623512008-otmaroc2024@gmail.com-98.png",1080,1080,false],"trp-custom-language-flag":["https:\/\/otmaroc.com\/wp-content\/uploads\/2025\/03\/www.otmaroc.com-0623512008-otmaroc2024@gmail.com-98-12x12.png",12,12,true],"woocommerce_thumbnail":["https:\/\/otmaroc.com\/wp-content\/uploads\/2025\/03\/www.otmaroc.com-0623512008-otmaroc2024@gmail.com-98-300x300.png",300,300,true],"woocommerce_single":["https:\/\/otmaroc.com\/wp-content\/uploads\/2025\/03\/www.otmaroc.com-0623512008-otmaroc2024@gmail.com-98-600x600.png",600,600,true],"woocommerce_gallery_thumbnail":["https:\/\/otmaroc.com\/wp-content\/uploads\/2025\/03\/www.otmaroc.com-0623512008-otmaroc2024@gmail.com-98-100x100.png",100,100,true],"dgwt-wcas-product-suggestion":["https:\/\/otmaroc.com\/wp-content\/uploads\/2025\/03\/www.otmaroc.com-0623512008-otmaroc2024@gmail.com-98-64x64.png",64,64,true]},"uagb_author_info":{"display_name":"othmane iptv","author_link":"https:\/\/otmaroc.com\/ar\/author\/"},"uagb_comment_info":0,"uagb_excerpt":"Stimulez la dext\u00e9rit\u00e9 manuelle et la coordination de votre enfant avec notre kit de motricit\u00e9 vis et \u00e9crous.","jetpack_sharing_enabled":true,"_links":{"self":[{"href":"https:\/\/otmaroc.com\/ar\/wp-json\/wp\/v2\/product\/4364"}],"collection":[{"href":"https:\/\/otmaroc.com\/ar\/wp-json\/wp\/v2\/product"}],"about":[{"href":"https:\/\/otmaroc.com\/ar\/wp-json\/wp\/v2\/types\/product"}],"replies":[{"embeddable":true,"href":"https:\/\/otmaroc.com\/ar\/wp-json\/wp\/v2\/comments?post=4364"}],"wp:featuredmedia":[{"embeddable":true,"href":"https:\/\/otmaroc.com\/ar\/wp-json\/wp\/v2\/media\/4365"}],"wp:attachment":[{"href":"https:\/\/otmaroc.com\/ar\/wp-json\/wp\/v2\/media?parent=4364"}],"wp:term":[{"taxonomy":"product_cat","embeddable":true,"href":"https:\/\/otmaroc.com\/ar\/wp-json\/wp\/v2\/product_cat?post=4364"},{"taxonomy":"product_tag","embeddable":true,"href":"https:\/\/otmaroc.com\/ar\/wp-json\/wp\/v2\/product_tag?post=4364"}],"curies":[{"name":"wp","href":"https:\/\/api.w.org\/{rel}","templated":true}]}}