{"id":4346,"date":"2025-03-12T11:15:58","date_gmt":"2025-03-12T11:15:58","guid":{"rendered":"https:\/\/otmaroc.com\/?post_type=product&#038;p=4346"},"modified":"2025-08-04T03:29:29","modified_gmt":"2025-08-04T03:29:29","slug":"parcours-de-motricite-small","status":"publish","type":"product","link":"https:\/\/otmaroc.com\/ar\/product\/parcours-de-motricite-small\/","title":{"rendered":"Parcours de motricit\u00e9 Small"},"content":{"rendered":"<p><strong>Description du kit de psychomotricit\u00e9 pour enfant :<\/strong><\/p>\n<p>Les enfants en bas \u00e2ge ont besoin de mat\u00e9riel adapt\u00e9 pour d\u00e9velopper leur motricit\u00e9 et favoriser leur \u00e9veil en toute s\u00e9curit\u00e9. Que ce soit pour des activit\u00e9s en int\u00e9rieur ou en ext\u00e9rieur, en groupe ou en individuel, l\u2019installation d\u2019un parcours de motricit\u00e9 est id\u00e9ale pour aider les enfants \u00e0 se d\u00e9fouler en toute s\u00e9curit\u00e9.<\/p>\n<p>Ce kit essentiel permet de cr\u00e9er des parcours vari\u00e9s et de travailler la motricit\u00e9 de mani\u00e8re ludique et dynamique. Gr\u00e2ce \u00e0 ses composants modulables, vous pouvez ajuster les hauteurs et l&rsquo;espacement des ateliers, ce qui permet de s&rsquo;adapter aux besoins et capacit\u00e9s de chaque enfant.<\/p>\n<p>Les kits et modules d\u2019\u00e9veil Playfun sont con\u00e7us pour les \u00e9coles maternelles et primaires, les clubs de babygym, les cr\u00e8ches et les associations pour enfants \u00e0 besoins sp\u00e9cifiques, offrant une solution id\u00e9ale pour les professionnels de la petite enfance.<\/p>\n<p><strong>Ce kit contient :<\/strong><\/p>\n<ul>\n<li>1 lot de 50 plots<\/li>\n<li>10 cerceaux plats en plastique color\u00e9 de 60 cm<\/li>\n<li>10 plots standards en PVC color\u00e9 de 30 cm<\/li>\n<\/ul>\n<p><strong>Apports \u00e9ducatifs :<\/strong><\/p>\n<ul>\n<li><strong>D\u00e9veloppement de la motricit\u00e9 globale<\/strong> et des habilet\u00e9s motrices des enfants<\/li>\n<li><strong>Am\u00e9lioration du sens de l\u2019\u00e9quilibre<\/strong> et de la coordination<\/li>\n<li><strong>Stimulation de l\u2019activit\u00e9 physique<\/strong> et de l\u2019endurance<\/li>\n<\/ul>\n<p>Ce kit de psychomotricit\u00e9 permet de proposer des activit\u00e9s vari\u00e9es et stimulantes, favorisant le d\u00e9veloppement physique, moteur et l\u2019\u00e9veil des enfants dans un environnement s\u00fbr et amusant.<\/p>","protected":false},"excerpt":{"rendered":"<p>Id\u00e9al pour des parcours de motricit\u00e9 \u00e9ducatifs et ludiques.<\/p>","protected":false},"featured_media":4348,"comment_status":"open","ping_status":"closed","template":"","meta":{"_uag_custom_page_level_css":"","site-sidebar-layout":"default","site-content-layout":"","ast-site-content-layout":"default","site-content-style":"default","site-sidebar-style":"default","ast-global-header-display":"","ast-banner-title-visibility":"","ast-main-header-display":"","ast-hfb-above-header-display":"","ast-hfb-below-header-display":"","ast-hfb-mobile-header-display":"","site-post-title":"","ast-breadcrumbs-content":"","ast-featured-img":"","footer-sml-layout":"","theme-transparent-header-meta":"default","adv-header-id-meta":"","stick-header-meta":"","header-above-stick-meta":"","header-main-stick-meta":"","header-below-stick-meta":"","astra-migrate-meta-layouts":"set","ast-page-background-enabled":"default","ast-page-background-meta":{"desktop":{"background-color":"","background-image":"","background-repeat":"repeat","background-position":"center center","background-size":"auto","background-attachment":"scroll","background-type":"","background-media":"","overlay-type":"","overlay-color":"","overlay-opacity":"","overlay-gradient":""},"tablet":{"background-color":"","background-image":"","background-repeat":"repeat","background-position":"center center","background-size":"auto","background-attachment":"scroll","background-type":"","background-media":"","overlay-type":"","overlay-color":"","overlay-opacity":"","overlay-gradient":""},"mobile":{"background-color":"","background-image":"","background-repeat":"repeat","background-position":"center center","background-size":"auto","background-attachment":"scroll","background-type":"","background-media":"","overlay-type":"","overlay-color":"","overlay-opacity":"","overlay-gradient":""}},"ast-content-background-meta":{"desktop":{"background-color":"var(--ast-global-color-5)","background-image":"","background-repeat":"repeat","background-position":"center center","background-size":"auto","background-attachment":"scroll","background-type":"","background-media":"","overlay-type":"","overlay-color":"","overlay-opacity":"","overlay-gradient":""},"tablet":{"background-color":"var(--ast-global-color-5)","background-image":"","background-repeat":"repeat","background-position":"center center","background-size":"auto","background-attachment":"scroll","background-type":"","background-media":"","overlay-type":"","overlay-color":"","overlay-opacity":"","overlay-gradient":""},"mobile":{"background-color":"var(--ast-global-color-5)","background-image":"","background-repeat":"repeat","background-position":"center center","background-size":"auto","background-attachment":"scroll","background-type":"","background-media":"","overlay-type":"","overlay-color":"","overlay-opacity":"","overlay-gradient":""}}},"product_cat":[52,98,78,79,42,90,99,115,100,103,63,114,116],"product_tag":[],"class_list":{"0":"post-4346","1":"product","2":"type-product","3":"status-publish","4":"has-post-thumbnail","6":"product_cat-jouets-de-therapie-au-maroc","7":"product_cat-reeducation-sensori-motrice","8":"product_cat-materiel-de-kinesitherapie","9":"product_cat-materiel-de-psychomotricite","10":"product_cat-materiel-de-reeducation","11":"product_cat-motricite","12":"product_cat-reeducation-motrice","13":"product_cat-reeducation-neurologique","14":"product_cat-renforcement-musculaire","15":"product_cat-tous-les-jeux-educatifs-et-therapeutiques","16":"product_cat-tous-les-produits","17":"product_cat-tout-le-materiel-de-kinesitherapie","18":"product_cat-tout-le-materiel-de-reeducation","19":"desktop-align-left","20":"tablet-align-left","21":"mobile-align-left","23":"first","24":"instock","25":"featured","26":"shipping-taxable","27":"purchasable","28":"product-type-simple"},"yoast_head":"<!-- This site is optimized with the Yoast SEO plugin v23.5 - https:\/\/yoast.com\/wordpress\/plugins\/seo\/ -->\n<title>Kit de Psychomotricit\u00e9 Small \u2013 Parcours de Motricit\u00e9 au Maroc<\/title>\n<meta name=\"description\" content=\"D\u00e9veloppez la motricit\u00e9 de votre enfant avec notre kit de psychomotricit\u00e9 small. Id\u00e9al pour des parcours de motricit\u00e9 \u00e9ducatifs et ludiques au Maroc.\" \/>\n<meta name=\"robots\" content=\"index, follow, max-snippet:-1, max-image-preview:large, max-video-preview:-1\" \/>\n<link rel=\"canonical\" href=\"https:\/\/otmaroc.com\/ar\/product\/parcours-de-motricite-small\/\" \/>\n<meta property=\"og:locale\" content=\"ar_AR\" \/>\n<meta property=\"og:type\" content=\"article\" \/>\n<meta property=\"og:title\" content=\"Kit de Psychomotricit\u00e9 Small \u2013 Parcours de Motricit\u00e9 au Maroc\" \/>\n<meta property=\"og:description\" content=\"D\u00e9veloppez la motricit\u00e9 de votre enfant avec notre kit de psychomotricit\u00e9 small. Id\u00e9al pour des parcours de motricit\u00e9 \u00e9ducatifs et ludiques au Maroc.\" \/>\n<meta property=\"og:url\" content=\"https:\/\/otmaroc.com\/ar\/product\/parcours-de-motricite-small\/\" \/>\n<meta property=\"og:site_name\" content=\"OTMAROC\" \/>\n<meta property=\"article:publisher\" content=\"https:\/\/www.facebook.com\/profile.php?id=61565107472257\" \/>\n<meta property=\"article:modified_time\" content=\"2025-08-04T03:29:29+00:00\" \/>\n<meta property=\"og:image\" content=\"https:\/\/otmaroc.com\/wp-content\/uploads\/2025\/03\/www.otmaroc.com-0623512008-otmaroc2024@gmail.com-95.png\" \/>\n\t<meta property=\"og:image:width\" content=\"1080\" \/>\n\t<meta property=\"og:image:height\" content=\"1080\" \/>\n\t<meta property=\"og:image:type\" content=\"image\/png\" \/>\n<meta name=\"twitter:card\" content=\"summary_large_image\" \/>\n<meta name=\"twitter:label1\" content=\"\u0648\u0642\u062a \u0627\u0644\u0642\u0631\u0627\u0621\u0629 \u0627\u0644\u0645\u064f\u0642\u062f\u0651\u0631\" \/>\n\t<meta name=\"twitter:data1\" content=\"\u062f\u0642\u064a\u0642\u062a\u0627\u0646\" \/>\n<script type=\"application\/ld+json\" class=\"yoast-schema-graph\">{\"@context\":\"https:\/\/schema.org\",\"@graph\":[{\"@type\":\"WebPage\",\"@id\":\"https:\/\/otmaroc.com\/product\/parcours-de-motricite-small\/\",\"url\":\"https:\/\/otmaroc.com\/product\/parcours-de-motricite-small\/\",\"name\":\"Kit de Psychomotricit\u00e9 Small \u2013 Parcours de Motricit\u00e9 au Maroc\",\"isPartOf\":{\"@id\":\"https:\/\/otmaroc.com\/#website\"},\"primaryImageOfPage\":{\"@id\":\"https:\/\/otmaroc.com\/product\/parcours-de-motricite-small\/#primaryimage\"},\"image\":{\"@id\":\"https:\/\/otmaroc.com\/product\/parcours-de-motricite-small\/#primaryimage\"},\"thumbnailUrl\":\"https:\/\/otmaroc.com\/wp-content\/uploads\/2025\/03\/www.otmaroc.com-0623512008-otmaroc2024@gmail.com-95.png\",\"datePublished\":\"2025-03-12T11:15:58+00:00\",\"dateModified\":\"2025-08-04T03:29:29+00:00\",\"description\":\"D\u00e9veloppez la motricit\u00e9 de votre enfant avec notre kit de psychomotricit\u00e9 small. Id\u00e9al pour des parcours de motricit\u00e9 \u00e9ducatifs et ludiques au Maroc.\",\"breadcrumb\":{\"@id\":\"https:\/\/otmaroc.com\/product\/parcours-de-motricite-small\/#breadcrumb\"},\"inLanguage\":\"ar\",\"potentialAction\":[{\"@type\":\"ReadAction\",\"target\":[\"https:\/\/otmaroc.com\/product\/parcours-de-motricite-small\/\"]}]},{\"@type\":\"ImageObject\",\"inLanguage\":\"ar\",\"@id\":\"https:\/\/otmaroc.com\/product\/parcours-de-motricite-small\/#primaryimage\",\"url\":\"https:\/\/otmaroc.com\/wp-content\/uploads\/2025\/03\/www.otmaroc.com-0623512008-otmaroc2024@gmail.com-95.png\",\"contentUrl\":\"https:\/\/otmaroc.com\/wp-content\/uploads\/2025\/03\/www.otmaroc.com-0623512008-otmaroc2024@gmail.com-95.png\",\"width\":1080,\"height\":1080},{\"@type\":\"BreadcrumbList\",\"@id\":\"https:\/\/otmaroc.com\/product\/parcours-de-motricite-small\/#breadcrumb\",\"itemListElement\":[{\"@type\":\"ListItem\",\"position\":1,\"name\":\"Home\",\"item\":\"https:\/\/otmaroc.com\/\"},{\"@type\":\"ListItem\",\"position\":2,\"name\":\"Products\",\"item\":\"https:\/\/otmaroc.com\/store\/\"},{\"@type\":\"ListItem\",\"position\":3,\"name\":\"Parcours de motricit\u00e9 Small\"}]},{\"@type\":\"WebSite\",\"@id\":\"https:\/\/otmaroc.com\/#website\",\"url\":\"https:\/\/otmaroc.com\/\",\"name\":\"OTMAROC\",\"description\":\"The number one website in morocco for occupational therapy\",\"publisher\":{\"@id\":\"https:\/\/otmaroc.com\/#organization\"},\"potentialAction\":[{\"@type\":\"SearchAction\",\"target\":{\"@type\":\"EntryPoint\",\"urlTemplate\":\"https:\/\/otmaroc.com\/?s={search_term_string}\"},\"query-input\":{\"@type\":\"PropertyValueSpecification\",\"valueRequired\":true,\"valueName\":\"search_term_string\"}}],\"inLanguage\":\"ar\"},{\"@type\":\"Organization\",\"@id\":\"https:\/\/otmaroc.com\/#organization\",\"name\":\"OTMAROC\",\"url\":\"https:\/\/otmaroc.com\/\",\"logo\":{\"@type\":\"ImageObject\",\"inLanguage\":\"ar\",\"@id\":\"https:\/\/otmaroc.com\/#\/schema\/logo\/image\/\",\"url\":\"https:\/\/otmaroc.com\/wp-content\/uploads\/2024\/08\/cropped-cropped-Black_White_Yellow_Simple_Initial_Name_Logo-removebg-preview-2.png\",\"contentUrl\":\"https:\/\/otmaroc.com\/wp-content\/uploads\/2024\/08\/cropped-cropped-Black_White_Yellow_Simple_Initial_Name_Logo-removebg-preview-2.png\",\"width\":298,\"height\":192,\"caption\":\"OTMAROC\"},\"image\":{\"@id\":\"https:\/\/otmaroc.com\/#\/schema\/logo\/image\/\"},\"sameAs\":[\"https:\/\/www.facebook.com\/profile.php?id=61565107472257\",\"https:\/\/www.instagram.com\/otmaroc2024\/\",\"https:\/\/www.youtube.com\/@othmaneksaibar6763\",\"https:\/\/api.whatsapp.com\/send?phone=2120623512008\"]}]}<\/script>\n<!-- \/ Yoast SEO plugin. -->","yoast_head_json":{"title":"Kit de Psychomotricit\u00e9 Small \u2013 Parcours de Motricit\u00e9 au Maroc","description":"D\u00e9veloppez la motricit\u00e9 de votre enfant avec notre kit de psychomotricit\u00e9 small. Id\u00e9al pour des parcours de motricit\u00e9 \u00e9ducatifs et ludiques au Maroc.","robots":{"index":"index","follow":"follow","max-snippet":"max-snippet:-1","max-image-preview":"max-image-preview:large","max-video-preview":"max-video-preview:-1"},"canonical":"https:\/\/otmaroc.com\/ar\/product\/parcours-de-motricite-small\/","og_locale":"ar_AR","og_type":"article","og_title":"Kit de Psychomotricit\u00e9 Small \u2013 Parcours de Motricit\u00e9 au Maroc","og_description":"D\u00e9veloppez la motricit\u00e9 de votre enfant avec notre kit de psychomotricit\u00e9 small. Id\u00e9al pour des parcours de motricit\u00e9 \u00e9ducatifs et ludiques au Maroc.","og_url":"https:\/\/otmaroc.com\/ar\/product\/parcours-de-motricite-small\/","og_site_name":"OTMAROC","article_publisher":"https:\/\/www.facebook.com\/profile.php?id=61565107472257","article_modified_time":"2025-08-04T03:29:29+00:00","og_image":[{"width":1080,"height":1080,"url":"https:\/\/otmaroc.com\/wp-content\/uploads\/2025\/03\/www.otmaroc.com-0623512008-otmaroc2024@gmail.com-95.png","type":"image\/png"}],"twitter_card":"summary_large_image","twitter_misc":{"\u0648\u0642\u062a \u0627\u0644\u0642\u0631\u0627\u0621\u0629 \u0627\u0644\u0645\u064f\u0642\u062f\u0651\u0631":"\u062f\u0642\u064a\u0642\u062a\u0627\u0646"},"schema":{"@context":"https:\/\/schema.org","@graph":[{"@type":"WebPage","@id":"https:\/\/otmaroc.com\/product\/parcours-de-motricite-small\/","url":"https:\/\/otmaroc.com\/product\/parcours-de-motricite-small\/","name":"Kit de Psychomotricit\u00e9 Small \u2013 Parcours de Motricit\u00e9 au Maroc","isPartOf":{"@id":"https:\/\/otmaroc.com\/#website"},"primaryImageOfPage":{"@id":"https:\/\/otmaroc.com\/product\/parcours-de-motricite-small\/#primaryimage"},"image":{"@id":"https:\/\/otmaroc.com\/product\/parcours-de-motricite-small\/#primaryimage"},"thumbnailUrl":"https:\/\/otmaroc.com\/wp-content\/uploads\/2025\/03\/www.otmaroc.com-0623512008-otmaroc2024@gmail.com-95.png","datePublished":"2025-03-12T11:15:58+00:00","dateModified":"2025-08-04T03:29:29+00:00","description":"D\u00e9veloppez la motricit\u00e9 de votre enfant avec notre kit de psychomotricit\u00e9 small. Id\u00e9al pour des parcours de motricit\u00e9 \u00e9ducatifs et ludiques au Maroc.","breadcrumb":{"@id":"https:\/\/otmaroc.com\/product\/parcours-de-motricite-small\/#breadcrumb"},"inLanguage":"ar","potentialAction":[{"@type":"ReadAction","target":["https:\/\/otmaroc.com\/product\/parcours-de-motricite-small\/"]}]},{"@type":"ImageObject","inLanguage":"ar","@id":"https:\/\/otmaroc.com\/product\/parcours-de-motricite-small\/#primaryimage","url":"https:\/\/otmaroc.com\/wp-content\/uploads\/2025\/03\/www.otmaroc.com-0623512008-otmaroc2024@gmail.com-95.png","contentUrl":"https:\/\/otmaroc.com\/wp-content\/uploads\/2025\/03\/www.otmaroc.com-0623512008-otmaroc2024@gmail.com-95.png","width":1080,"height":1080},{"@type":"BreadcrumbList","@id":"https:\/\/otmaroc.com\/product\/parcours-de-motricite-small\/#breadcrumb","itemListElement":[{"@type":"ListItem","position":1,"name":"Home","item":"https:\/\/otmaroc.com\/"},{"@type":"ListItem","position":2,"name":"Products","item":"https:\/\/otmaroc.com\/store\/"},{"@type":"ListItem","position":3,"name":"Parcours de motricit\u00e9 Small"}]},{"@type":"WebSite","@id":"https:\/\/otmaroc.com\/#website","url":"https:\/\/otmaroc.com\/","name":"OTMAROC","description":"The number one website in morocco for occupational therapy","publisher":{"@id":"https:\/\/otmaroc.com\/#organization"},"potentialAction":[{"@type":"SearchAction","target":{"@type":"EntryPoint","urlTemplate":"https:\/\/otmaroc.com\/?s={search_term_string}"},"query-input":{"@type":"PropertyValueSpecification","valueRequired":true,"valueName":"search_term_string"}}],"inLanguage":"ar"},{"@type":"Organization","@id":"https:\/\/otmaroc.com\/#organization","name":"OTMAROC","url":"https:\/\/otmaroc.com\/","logo":{"@type":"ImageObject","inLanguage":"ar","@id":"https:\/\/otmaroc.com\/#\/schema\/logo\/image\/","url":"https:\/\/otmaroc.com\/wp-content\/uploads\/2024\/08\/cropped-cropped-Black_White_Yellow_Simple_Initial_Name_Logo-removebg-preview-2.png","contentUrl":"https:\/\/otmaroc.com\/wp-content\/uploads\/2024\/08\/cropped-cropped-Black_White_Yellow_Simple_Initial_Name_Logo-removebg-preview-2.png","width":298,"height":192,"caption":"OTMAROC"},"image":{"@id":"https:\/\/otmaroc.com\/#\/schema\/logo\/image\/"},"sameAs":["https:\/\/www.facebook.com\/profile.php?id=61565107472257","https:\/\/www.instagram.com\/otmaroc2024\/","https:\/\/www.youtube.com\/@othmaneksaibar6763","https:\/\/api.whatsapp.com\/send?phone=2120623512008"]}]}},"uagb_featured_image_src":{"full":["https:\/\/otmaroc.com\/wp-content\/uploads\/2025\/03\/www.otmaroc.com-0623512008-otmaroc2024@gmail.com-95.png",1080,1080,false],"thumbnail":["https:\/\/otmaroc.com\/wp-content\/uploads\/2025\/03\/www.otmaroc.com-0623512008-otmaroc2024@gmail.com-95-150x150.png",150,150,true],"medium":["https:\/\/otmaroc.com\/wp-content\/uploads\/2025\/03\/www.otmaroc.com-0623512008-otmaroc2024@gmail.com-95-300x300.png",300,300,true],"medium_large":["https:\/\/otmaroc.com\/wp-content\/uploads\/2025\/03\/www.otmaroc.com-0623512008-otmaroc2024@gmail.com-95-768x768.png",768,768,true],"large":["https:\/\/otmaroc.com\/wp-content\/uploads\/2025\/03\/www.otmaroc.com-0623512008-otmaroc2024@gmail.com-95-1024x1024.png",1024,1024,true],"1536x1536":["https:\/\/otmaroc.com\/wp-content\/uploads\/2025\/03\/www.otmaroc.com-0623512008-otmaroc2024@gmail.com-95.png",1080,1080,false],"2048x2048":["https:\/\/otmaroc.com\/wp-content\/uploads\/2025\/03\/www.otmaroc.com-0623512008-otmaroc2024@gmail.com-95.png",1080,1080,false],"trp-custom-language-flag":["https:\/\/otmaroc.com\/wp-content\/uploads\/2025\/03\/www.otmaroc.com-0623512008-otmaroc2024@gmail.com-95-12x12.png",12,12,true],"woocommerce_thumbnail":["https:\/\/otmaroc.com\/wp-content\/uploads\/2025\/03\/www.otmaroc.com-0623512008-otmaroc2024@gmail.com-95-300x300.png",300,300,true],"woocommerce_single":["https:\/\/otmaroc.com\/wp-content\/uploads\/2025\/03\/www.otmaroc.com-0623512008-otmaroc2024@gmail.com-95-600x600.png",600,600,true],"woocommerce_gallery_thumbnail":["https:\/\/otmaroc.com\/wp-content\/uploads\/2025\/03\/www.otmaroc.com-0623512008-otmaroc2024@gmail.com-95-100x100.png",100,100,true],"dgwt-wcas-product-suggestion":["https:\/\/otmaroc.com\/wp-content\/uploads\/2025\/03\/www.otmaroc.com-0623512008-otmaroc2024@gmail.com-95-64x64.png",64,64,true]},"uagb_author_info":{"display_name":"othmane iptv","author_link":"https:\/\/otmaroc.com\/ar\/author\/"},"uagb_comment_info":1,"uagb_excerpt":"Id\u00e9al pour des parcours de motricit\u00e9 \u00e9ducatifs et ludiques.","jetpack_sharing_enabled":true,"_links":{"self":[{"href":"https:\/\/otmaroc.com\/ar\/wp-json\/wp\/v2\/product\/4346"}],"collection":[{"href":"https:\/\/otmaroc.com\/ar\/wp-json\/wp\/v2\/product"}],"about":[{"href":"https:\/\/otmaroc.com\/ar\/wp-json\/wp\/v2\/types\/product"}],"replies":[{"embeddable":true,"href":"https:\/\/otmaroc.com\/ar\/wp-json\/wp\/v2\/comments?post=4346"}],"wp:featuredmedia":[{"embeddable":true,"href":"https:\/\/otmaroc.com\/ar\/wp-json\/wp\/v2\/media\/4348"}],"wp:attachment":[{"href":"https:\/\/otmaroc.com\/ar\/wp-json\/wp\/v2\/media?parent=4346"}],"wp:term":[{"taxonomy":"product_cat","embeddable":true,"href":"https:\/\/otmaroc.com\/ar\/wp-json\/wp\/v2\/product_cat?post=4346"},{"taxonomy":"product_tag","embeddable":true,"href":"https:\/\/otmaroc.com\/ar\/wp-json\/wp\/v2\/product_tag?post=4346"}],"curies":[{"name":"wp","href":"https:\/\/api.w.org\/{rel}","templated":true}]}}