{"id":4332,"date":"2025-03-12T10:13:09","date_gmt":"2025-03-12T10:13:09","guid":{"rendered":"https:\/\/otmaroc.com\/?post_type=product&#038;p=4332"},"modified":"2025-08-04T03:29:04","modified_gmt":"2025-08-04T03:29:04","slug":"parcours-de-motricite-large","status":"publish","type":"product","link":"https:\/\/otmaroc.com\/ar\/product\/parcours-de-motricite-large\/","title":{"rendered":"Parcours de motricit\u00e9  Large"},"content":{"rendered":"<p data-start=\"0\" data-end=\"57\"><strong data-start=\"0\" data-end=\"57\">Description du mat\u00e9riel de psychomotricit\u00e9 et sport :<\/strong><\/p>\n<p data-start=\"59\" data-end=\"401\">Les enfants en bas \u00e2ge ont besoin de mat\u00e9riel adapt\u00e9 pour d\u00e9velopper leur motricit\u00e9 et favoriser leur \u00e9veil en toute s\u00e9curit\u00e9. Que ce soit pour des activit\u00e9s en int\u00e9rieur ou en ext\u00e9rieur, en groupe ou en individuel, l&rsquo;installation d&rsquo;un parcours de motricit\u00e9 est id\u00e9ale pour permettre aux enfants de se d\u00e9fouler tout en assurant leur s\u00e9curit\u00e9.<\/p>\n<p data-start=\"403\" data-end=\"686\">Ce kit essentiel permet de cr\u00e9er des parcours vari\u00e9s et d&rsquo;adapter les ateliers aux diff\u00e9rents niveaux de d\u00e9veloppement. Gr\u00e2ce \u00e0 ses composants modulables, vous pouvez ajuster les hauteurs et l&rsquo;espacement des diff\u00e9rents \u00e9l\u00e9ments du parcours pour r\u00e9pondre aux besoins de chaque enfant.<\/p>\n<p data-start=\"688\" data-end=\"909\">Les kits et modules d\u2019\u00e9veil Playfun sont destin\u00e9s \u00e0 tous les professionnels de la petite enfance : \u00e9coles maternelles et primaires, clubs de babygym, cr\u00e8ches, ainsi que les associations pour enfants \u00e0 besoins sp\u00e9cifiques.<\/p>\n<p data-start=\"911\" data-end=\"964\"><span style=\"color: #ff6600;\"><strong data-start=\"911\" data-end=\"964\">Contenu du mat\u00e9riel de psychomotricit\u00e9 et sport :<\/strong><\/span><\/p>\n<ul data-start=\"966\" data-end=\"1196\">\n<li data-start=\"966\" data-end=\"1046\"><span style=\"color: #ff6600;\">5 lots de haies compl\u00e8tes ajustables (10 c\u00f4nes perc\u00e9s et 5 jalons de 100 cm)<\/span><\/li>\n<li data-start=\"1047\" data-end=\"1068\"><span style=\"color: #ff6600;\">1 lot de 50 plots<\/span><\/li>\n<li data-start=\"1069\" data-end=\"1119\"><span style=\"color: #ff6600;\">12 cerceaux plats en plastique color\u00e9 de 60 cm<\/span><\/li>\n<li data-start=\"1120\" data-end=\"1165\"><span style=\"color: #ff6600;\">12 plots standards en PVC color\u00e9 de 30 cm<\/span><\/li>\n<li data-start=\"1166\" data-end=\"1196\"><span style=\"color: #ff6600;\">1 \u00e9chelle de rythme de 6 m<\/span><\/li>\n<\/ul>\n<p data-start=\"1198\" data-end=\"1261\"><strong data-start=\"1198\" data-end=\"1261\">Apports \u00e9ducatifs du mat\u00e9riel de psychomotricit\u00e9 et sport :<\/strong><\/p>\n<ul data-start=\"1263\" data-end=\"1485\">\n<li data-start=\"1263\" data-end=\"1346\"><strong data-start=\"1265\" data-end=\"1306\">D\u00e9veloppement de la motricit\u00e9 globale<\/strong> et des habilet\u00e9s motrices des enfants<\/li>\n<li data-start=\"1347\" data-end=\"1424\"><strong data-start=\"1349\" data-end=\"1388\">Am\u00e9lioration du sens de l\u2019\u00e9quilibre<\/strong> et de la coordination de l\u2019enfant<\/li>\n<li data-start=\"1425\" data-end=\"1485\"><strong data-start=\"1427\" data-end=\"1465\">Stimulation de l\u2019activit\u00e9 physique<\/strong> et de l\u2019endurance<\/li>\n<\/ul>\n<p data-start=\"1487\" data-end=\"1549\"><strong data-start=\"1487\" data-end=\"1549\">Caract\u00e9ristiques du mat\u00e9riel de psychomotricit\u00e9 et sport :<\/strong><\/p>\n<ul data-start=\"1551\" data-end=\"1748\">\n<li data-start=\"1551\" data-end=\"1617\"><strong data-start=\"1553\" data-end=\"1565\">Couleurs<\/strong> : Les couleurs peuvent varier selon les arrivages<\/li>\n<li data-start=\"1618\" data-end=\"1705\"><strong data-start=\"1620\" data-end=\"1642\">Livraison gratuite<\/strong> : Disponible \u00e0 Casablanca et dans toutes les villes du Maroc<\/li>\n<li data-start=\"1706\" data-end=\"1748\"><strong data-start=\"1708\" data-end=\"1726\">\u00c2ge recommand\u00e9<\/strong> : \u00c0 partir de 3 ans<\/li>\n<\/ul>\n<p data-start=\"1750\" data-end=\"1917\" data-is-last-node=\"\" data-is-only-node=\"\">Ce mat\u00e9riel de psychomotricit\u00e9 est parfait pour encourager le d\u00e9veloppement physique et moteur des enfants tout en assurant des heures d&rsquo;amusement et d\u2019apprentissage !<\/p>","protected":false},"excerpt":{"rendered":"<p>id\u00e9al pour cr\u00e9er des parcours de motricit\u00e9 ludiques et \u00e9ducatifs. Stimule la coordination et l&rsquo;agilit\u00e9.<\/p>","protected":false},"featured_media":4352,"comment_status":"open","ping_status":"closed","template":"","meta":{"_uag_custom_page_level_css":"","site-sidebar-layout":"default","site-content-layout":"","ast-site-content-layout":"default","site-content-style":"default","site-sidebar-style":"default","ast-global-header-display":"","ast-banner-title-visibility":"","ast-main-header-display":"","ast-hfb-above-header-display":"","ast-hfb-below-header-display":"","ast-hfb-mobile-header-display":"","site-post-title":"","ast-breadcrumbs-content":"","ast-featured-img":"","footer-sml-layout":"","theme-transparent-header-meta":"default","adv-header-id-meta":"","stick-header-meta":"","header-above-stick-meta":"","header-main-stick-meta":"","header-below-stick-meta":"","astra-migrate-meta-layouts":"set","ast-page-background-enabled":"default","ast-page-background-meta":{"desktop":{"background-color":"","background-image":"","background-repeat":"repeat","background-position":"center center","background-size":"auto","background-attachment":"scroll","background-type":"","background-media":"","overlay-type":"","overlay-color":"","overlay-opacity":"","overlay-gradient":""},"tablet":{"background-color":"","background-image":"","background-repeat":"repeat","background-position":"center center","background-size":"auto","background-attachment":"scroll","background-type":"","background-media":"","overlay-type":"","overlay-color":"","overlay-opacity":"","overlay-gradient":""},"mobile":{"background-color":"","background-image":"","background-repeat":"repeat","background-position":"center center","background-size":"auto","background-attachment":"scroll","background-type":"","background-media":"","overlay-type":"","overlay-color":"","overlay-opacity":"","overlay-gradient":""}},"ast-content-background-meta":{"desktop":{"background-color":"var(--ast-global-color-5)","background-image":"","background-repeat":"repeat","background-position":"center center","background-size":"auto","background-attachment":"scroll","background-type":"","background-media":"","overlay-type":"","overlay-color":"","overlay-opacity":"","overlay-gradient":""},"tablet":{"background-color":"var(--ast-global-color-5)","background-image":"","background-repeat":"repeat","background-position":"center center","background-size":"auto","background-attachment":"scroll","background-type":"","background-media":"","overlay-type":"","overlay-color":"","overlay-opacity":"","overlay-gradient":""},"mobile":{"background-color":"var(--ast-global-color-5)","background-image":"","background-repeat":"repeat","background-position":"center center","background-size":"auto","background-attachment":"scroll","background-type":"","background-media":"","overlay-type":"","overlay-color":"","overlay-opacity":"","overlay-gradient":""}}},"product_cat":[52,98,78,79,42,90,99,115,103,63,114,116],"product_tag":[],"class_list":{"0":"post-4332","1":"product","2":"type-product","3":"status-publish","4":"has-post-thumbnail","6":"product_cat-jouets-de-therapie-au-maroc","7":"product_cat-reeducation-sensori-motrice","8":"product_cat-materiel-de-kinesitherapie","9":"product_cat-materiel-de-psychomotricite","10":"product_cat-materiel-de-reeducation","11":"product_cat-motricite","12":"product_cat-reeducation-motrice","13":"product_cat-reeducation-neurologique","14":"product_cat-tous-les-jeux-educatifs-et-therapeutiques","15":"product_cat-tous-les-produits","16":"product_cat-tout-le-materiel-de-kinesitherapie","17":"product_cat-tout-le-materiel-de-reeducation","18":"desktop-align-left","19":"tablet-align-left","20":"mobile-align-left","22":"first","23":"instock","24":"featured","25":"shipping-taxable","26":"purchasable","27":"product-type-simple"},"yoast_head":"<!-- This site is optimized with the Yoast SEO plugin v23.5 - https:\/\/yoast.com\/wordpress\/plugins\/seo\/ -->\n<title>Kit de Psychomotricit\u00e9 Large - Parcours de Motricit\u00e9 au Maroc<\/title>\n<meta name=\"description\" content=\"Kit de psychomotricit\u00e9 large pour enfants, id\u00e9al pour cr\u00e9er des parcours de motricit\u00e9 ludiques et \u00e9ducatifs au Maroc. Stimule la coordination et l&#039;agilit\u00e9.\" \/>\n<meta name=\"robots\" content=\"index, follow, max-snippet:-1, max-image-preview:large, max-video-preview:-1\" \/>\n<link rel=\"canonical\" href=\"https:\/\/otmaroc.com\/ar\/product\/parcours-de-motricite-large\/\" \/>\n<meta property=\"og:locale\" content=\"ar_AR\" \/>\n<meta property=\"og:type\" content=\"article\" \/>\n<meta property=\"og:title\" content=\"Kit de Psychomotricit\u00e9 Large - Parcours de Motricit\u00e9 au Maroc\" \/>\n<meta property=\"og:description\" content=\"Kit de psychomotricit\u00e9 large pour enfants, id\u00e9al pour cr\u00e9er des parcours de motricit\u00e9 ludiques et \u00e9ducatifs au Maroc. Stimule la coordination et l&#039;agilit\u00e9.\" \/>\n<meta property=\"og:url\" content=\"https:\/\/otmaroc.com\/ar\/product\/parcours-de-motricite-large\/\" \/>\n<meta property=\"og:site_name\" content=\"OTMAROC\" \/>\n<meta property=\"article:publisher\" content=\"https:\/\/www.facebook.com\/profile.php?id=61565107472257\" \/>\n<meta property=\"article:modified_time\" content=\"2025-08-04T03:29:04+00:00\" \/>\n<meta property=\"og:image\" content=\"https:\/\/otmaroc.com\/wp-content\/uploads\/2025\/03\/www.otmaroc.com-0623512008-otmaroc2024@gmail.com-96.png\" \/>\n\t<meta property=\"og:image:width\" content=\"1080\" \/>\n\t<meta property=\"og:image:height\" content=\"1080\" \/>\n\t<meta property=\"og:image:type\" content=\"image\/png\" \/>\n<meta name=\"twitter:card\" content=\"summary_large_image\" \/>\n<meta name=\"twitter:label1\" content=\"\u0648\u0642\u062a \u0627\u0644\u0642\u0631\u0627\u0621\u0629 \u0627\u0644\u0645\u064f\u0642\u062f\u0651\u0631\" \/>\n\t<meta name=\"twitter:data1\" content=\"\u062f\u0642\u064a\u0642\u062a\u0627\u0646\" \/>\n<script type=\"application\/ld+json\" class=\"yoast-schema-graph\">{\"@context\":\"https:\/\/schema.org\",\"@graph\":[{\"@type\":\"WebPage\",\"@id\":\"https:\/\/otmaroc.com\/product\/parcours-de-motricite-large\/\",\"url\":\"https:\/\/otmaroc.com\/product\/parcours-de-motricite-large\/\",\"name\":\"Kit de Psychomotricit\u00e9 Large - Parcours de Motricit\u00e9 au Maroc\",\"isPartOf\":{\"@id\":\"https:\/\/otmaroc.com\/#website\"},\"primaryImageOfPage\":{\"@id\":\"https:\/\/otmaroc.com\/product\/parcours-de-motricite-large\/#primaryimage\"},\"image\":{\"@id\":\"https:\/\/otmaroc.com\/product\/parcours-de-motricite-large\/#primaryimage\"},\"thumbnailUrl\":\"https:\/\/otmaroc.com\/wp-content\/uploads\/2025\/03\/www.otmaroc.com-0623512008-otmaroc2024@gmail.com-96.png\",\"datePublished\":\"2025-03-12T10:13:09+00:00\",\"dateModified\":\"2025-08-04T03:29:04+00:00\",\"description\":\"Kit de psychomotricit\u00e9 large pour enfants, id\u00e9al pour cr\u00e9er des parcours de motricit\u00e9 ludiques et \u00e9ducatifs au Maroc. Stimule la coordination et l'agilit\u00e9.\",\"breadcrumb\":{\"@id\":\"https:\/\/otmaroc.com\/product\/parcours-de-motricite-large\/#breadcrumb\"},\"inLanguage\":\"ar\",\"potentialAction\":[{\"@type\":\"ReadAction\",\"target\":[\"https:\/\/otmaroc.com\/product\/parcours-de-motricite-large\/\"]}]},{\"@type\":\"ImageObject\",\"inLanguage\":\"ar\",\"@id\":\"https:\/\/otmaroc.com\/product\/parcours-de-motricite-large\/#primaryimage\",\"url\":\"https:\/\/otmaroc.com\/wp-content\/uploads\/2025\/03\/www.otmaroc.com-0623512008-otmaroc2024@gmail.com-96.png\",\"contentUrl\":\"https:\/\/otmaroc.com\/wp-content\/uploads\/2025\/03\/www.otmaroc.com-0623512008-otmaroc2024@gmail.com-96.png\",\"width\":1080,\"height\":1080},{\"@type\":\"BreadcrumbList\",\"@id\":\"https:\/\/otmaroc.com\/product\/parcours-de-motricite-large\/#breadcrumb\",\"itemListElement\":[{\"@type\":\"ListItem\",\"position\":1,\"name\":\"Home\",\"item\":\"https:\/\/otmaroc.com\/\"},{\"@type\":\"ListItem\",\"position\":2,\"name\":\"Products\",\"item\":\"https:\/\/otmaroc.com\/store\/\"},{\"@type\":\"ListItem\",\"position\":3,\"name\":\"Parcours de motricit\u00e9 Large\"}]},{\"@type\":\"WebSite\",\"@id\":\"https:\/\/otmaroc.com\/#website\",\"url\":\"https:\/\/otmaroc.com\/\",\"name\":\"OTMAROC\",\"description\":\"The number one website in morocco for occupational therapy\",\"publisher\":{\"@id\":\"https:\/\/otmaroc.com\/#organization\"},\"potentialAction\":[{\"@type\":\"SearchAction\",\"target\":{\"@type\":\"EntryPoint\",\"urlTemplate\":\"https:\/\/otmaroc.com\/?s={search_term_string}\"},\"query-input\":{\"@type\":\"PropertyValueSpecification\",\"valueRequired\":true,\"valueName\":\"search_term_string\"}}],\"inLanguage\":\"ar\"},{\"@type\":\"Organization\",\"@id\":\"https:\/\/otmaroc.com\/#organization\",\"name\":\"OTMAROC\",\"url\":\"https:\/\/otmaroc.com\/\",\"logo\":{\"@type\":\"ImageObject\",\"inLanguage\":\"ar\",\"@id\":\"https:\/\/otmaroc.com\/#\/schema\/logo\/image\/\",\"url\":\"https:\/\/otmaroc.com\/wp-content\/uploads\/2024\/08\/cropped-cropped-Black_White_Yellow_Simple_Initial_Name_Logo-removebg-preview-2.png\",\"contentUrl\":\"https:\/\/otmaroc.com\/wp-content\/uploads\/2024\/08\/cropped-cropped-Black_White_Yellow_Simple_Initial_Name_Logo-removebg-preview-2.png\",\"width\":298,\"height\":192,\"caption\":\"OTMAROC\"},\"image\":{\"@id\":\"https:\/\/otmaroc.com\/#\/schema\/logo\/image\/\"},\"sameAs\":[\"https:\/\/www.facebook.com\/profile.php?id=61565107472257\",\"https:\/\/www.instagram.com\/otmaroc2024\/\",\"https:\/\/www.youtube.com\/@othmaneksaibar6763\",\"https:\/\/api.whatsapp.com\/send?phone=2120623512008\"]}]}<\/script>\n<!-- \/ Yoast SEO plugin. -->","yoast_head_json":{"title":"Kit de Psychomotricit\u00e9 Large - Parcours de Motricit\u00e9 au Maroc","description":"Kit de psychomotricit\u00e9 large pour enfants, id\u00e9al pour cr\u00e9er des parcours de motricit\u00e9 ludiques et \u00e9ducatifs au Maroc. Stimule la coordination et l'agilit\u00e9.","robots":{"index":"index","follow":"follow","max-snippet":"max-snippet:-1","max-image-preview":"max-image-preview:large","max-video-preview":"max-video-preview:-1"},"canonical":"https:\/\/otmaroc.com\/ar\/product\/parcours-de-motricite-large\/","og_locale":"ar_AR","og_type":"article","og_title":"Kit de Psychomotricit\u00e9 Large - Parcours de Motricit\u00e9 au Maroc","og_description":"Kit de psychomotricit\u00e9 large pour enfants, id\u00e9al pour cr\u00e9er des parcours de motricit\u00e9 ludiques et \u00e9ducatifs au Maroc. Stimule la coordination et l'agilit\u00e9.","og_url":"https:\/\/otmaroc.com\/ar\/product\/parcours-de-motricite-large\/","og_site_name":"OTMAROC","article_publisher":"https:\/\/www.facebook.com\/profile.php?id=61565107472257","article_modified_time":"2025-08-04T03:29:04+00:00","og_image":[{"width":1080,"height":1080,"url":"https:\/\/otmaroc.com\/wp-content\/uploads\/2025\/03\/www.otmaroc.com-0623512008-otmaroc2024@gmail.com-96.png","type":"image\/png"}],"twitter_card":"summary_large_image","twitter_misc":{"\u0648\u0642\u062a \u0627\u0644\u0642\u0631\u0627\u0621\u0629 \u0627\u0644\u0645\u064f\u0642\u062f\u0651\u0631":"\u062f\u0642\u064a\u0642\u062a\u0627\u0646"},"schema":{"@context":"https:\/\/schema.org","@graph":[{"@type":"WebPage","@id":"https:\/\/otmaroc.com\/product\/parcours-de-motricite-large\/","url":"https:\/\/otmaroc.com\/product\/parcours-de-motricite-large\/","name":"Kit de Psychomotricit\u00e9 Large - Parcours de Motricit\u00e9 au Maroc","isPartOf":{"@id":"https:\/\/otmaroc.com\/#website"},"primaryImageOfPage":{"@id":"https:\/\/otmaroc.com\/product\/parcours-de-motricite-large\/#primaryimage"},"image":{"@id":"https:\/\/otmaroc.com\/product\/parcours-de-motricite-large\/#primaryimage"},"thumbnailUrl":"https:\/\/otmaroc.com\/wp-content\/uploads\/2025\/03\/www.otmaroc.com-0623512008-otmaroc2024@gmail.com-96.png","datePublished":"2025-03-12T10:13:09+00:00","dateModified":"2025-08-04T03:29:04+00:00","description":"Kit de psychomotricit\u00e9 large pour enfants, id\u00e9al pour cr\u00e9er des parcours de motricit\u00e9 ludiques et \u00e9ducatifs au Maroc. Stimule la coordination et l'agilit\u00e9.","breadcrumb":{"@id":"https:\/\/otmaroc.com\/product\/parcours-de-motricite-large\/#breadcrumb"},"inLanguage":"ar","potentialAction":[{"@type":"ReadAction","target":["https:\/\/otmaroc.com\/product\/parcours-de-motricite-large\/"]}]},{"@type":"ImageObject","inLanguage":"ar","@id":"https:\/\/otmaroc.com\/product\/parcours-de-motricite-large\/#primaryimage","url":"https:\/\/otmaroc.com\/wp-content\/uploads\/2025\/03\/www.otmaroc.com-0623512008-otmaroc2024@gmail.com-96.png","contentUrl":"https:\/\/otmaroc.com\/wp-content\/uploads\/2025\/03\/www.otmaroc.com-0623512008-otmaroc2024@gmail.com-96.png","width":1080,"height":1080},{"@type":"BreadcrumbList","@id":"https:\/\/otmaroc.com\/product\/parcours-de-motricite-large\/#breadcrumb","itemListElement":[{"@type":"ListItem","position":1,"name":"Home","item":"https:\/\/otmaroc.com\/"},{"@type":"ListItem","position":2,"name":"Products","item":"https:\/\/otmaroc.com\/store\/"},{"@type":"ListItem","position":3,"name":"Parcours de motricit\u00e9 Large"}]},{"@type":"WebSite","@id":"https:\/\/otmaroc.com\/#website","url":"https:\/\/otmaroc.com\/","name":"OTMAROC","description":"The number one website in morocco for occupational therapy","publisher":{"@id":"https:\/\/otmaroc.com\/#organization"},"potentialAction":[{"@type":"SearchAction","target":{"@type":"EntryPoint","urlTemplate":"https:\/\/otmaroc.com\/?s={search_term_string}"},"query-input":{"@type":"PropertyValueSpecification","valueRequired":true,"valueName":"search_term_string"}}],"inLanguage":"ar"},{"@type":"Organization","@id":"https:\/\/otmaroc.com\/#organization","name":"OTMAROC","url":"https:\/\/otmaroc.com\/","logo":{"@type":"ImageObject","inLanguage":"ar","@id":"https:\/\/otmaroc.com\/#\/schema\/logo\/image\/","url":"https:\/\/otmaroc.com\/wp-content\/uploads\/2024\/08\/cropped-cropped-Black_White_Yellow_Simple_Initial_Name_Logo-removebg-preview-2.png","contentUrl":"https:\/\/otmaroc.com\/wp-content\/uploads\/2024\/08\/cropped-cropped-Black_White_Yellow_Simple_Initial_Name_Logo-removebg-preview-2.png","width":298,"height":192,"caption":"OTMAROC"},"image":{"@id":"https:\/\/otmaroc.com\/#\/schema\/logo\/image\/"},"sameAs":["https:\/\/www.facebook.com\/profile.php?id=61565107472257","https:\/\/www.instagram.com\/otmaroc2024\/","https:\/\/www.youtube.com\/@othmaneksaibar6763","https:\/\/api.whatsapp.com\/send?phone=2120623512008"]}]}},"uagb_featured_image_src":{"full":["https:\/\/otmaroc.com\/wp-content\/uploads\/2025\/03\/www.otmaroc.com-0623512008-otmaroc2024@gmail.com-96.png",1080,1080,false],"thumbnail":["https:\/\/otmaroc.com\/wp-content\/uploads\/2025\/03\/www.otmaroc.com-0623512008-otmaroc2024@gmail.com-96-150x150.png",150,150,true],"medium":["https:\/\/otmaroc.com\/wp-content\/uploads\/2025\/03\/www.otmaroc.com-0623512008-otmaroc2024@gmail.com-96-300x300.png",300,300,true],"medium_large":["https:\/\/otmaroc.com\/wp-content\/uploads\/2025\/03\/www.otmaroc.com-0623512008-otmaroc2024@gmail.com-96-768x768.png",768,768,true],"large":["https:\/\/otmaroc.com\/wp-content\/uploads\/2025\/03\/www.otmaroc.com-0623512008-otmaroc2024@gmail.com-96-1024x1024.png",1024,1024,true],"1536x1536":["https:\/\/otmaroc.com\/wp-content\/uploads\/2025\/03\/www.otmaroc.com-0623512008-otmaroc2024@gmail.com-96.png",1080,1080,false],"2048x2048":["https:\/\/otmaroc.com\/wp-content\/uploads\/2025\/03\/www.otmaroc.com-0623512008-otmaroc2024@gmail.com-96.png",1080,1080,false],"trp-custom-language-flag":["https:\/\/otmaroc.com\/wp-content\/uploads\/2025\/03\/www.otmaroc.com-0623512008-otmaroc2024@gmail.com-96-12x12.png",12,12,true],"woocommerce_thumbnail":["https:\/\/otmaroc.com\/wp-content\/uploads\/2025\/03\/www.otmaroc.com-0623512008-otmaroc2024@gmail.com-96-300x300.png",300,300,true],"woocommerce_single":["https:\/\/otmaroc.com\/wp-content\/uploads\/2025\/03\/www.otmaroc.com-0623512008-otmaroc2024@gmail.com-96-600x600.png",600,600,true],"woocommerce_gallery_thumbnail":["https:\/\/otmaroc.com\/wp-content\/uploads\/2025\/03\/www.otmaroc.com-0623512008-otmaroc2024@gmail.com-96-100x100.png",100,100,true],"dgwt-wcas-product-suggestion":["https:\/\/otmaroc.com\/wp-content\/uploads\/2025\/03\/www.otmaroc.com-0623512008-otmaroc2024@gmail.com-96-64x64.png",64,64,true]},"uagb_author_info":{"display_name":"othmane iptv","author_link":"https:\/\/otmaroc.com\/ar\/author\/"},"uagb_comment_info":2,"uagb_excerpt":"id\u00e9al pour cr\u00e9er des parcours de motricit\u00e9 ludiques et \u00e9ducatifs. Stimule la coordination et l'agilit\u00e9.","jetpack_sharing_enabled":true,"_links":{"self":[{"href":"https:\/\/otmaroc.com\/ar\/wp-json\/wp\/v2\/product\/4332"}],"collection":[{"href":"https:\/\/otmaroc.com\/ar\/wp-json\/wp\/v2\/product"}],"about":[{"href":"https:\/\/otmaroc.com\/ar\/wp-json\/wp\/v2\/types\/product"}],"replies":[{"embeddable":true,"href":"https:\/\/otmaroc.com\/ar\/wp-json\/wp\/v2\/comments?post=4332"}],"wp:featuredmedia":[{"embeddable":true,"href":"https:\/\/otmaroc.com\/ar\/wp-json\/wp\/v2\/media\/4352"}],"wp:attachment":[{"href":"https:\/\/otmaroc.com\/ar\/wp-json\/wp\/v2\/media?parent=4332"}],"wp:term":[{"taxonomy":"product_cat","embeddable":true,"href":"https:\/\/otmaroc.com\/ar\/wp-json\/wp\/v2\/product_cat?post=4332"},{"taxonomy":"product_tag","embeddable":true,"href":"https:\/\/otmaroc.com\/ar\/wp-json\/wp\/v2\/product_tag?post=4332"}],"curies":[{"name":"wp","href":"https:\/\/api.w.org\/{rel}","templated":true}]}}