{"id":4325,"date":"2025-03-11T14:23:50","date_gmt":"2025-03-11T14:23:50","guid":{"rendered":"https:\/\/otmaroc.com\/?post_type=product&#038;p=4325"},"modified":"2025-03-11T14:25:02","modified_gmt":"2025-03-11T14:25:02","slug":"ensemble-de-50-balles-souples-multicolores","status":"publish","type":"product","link":"https:\/\/otmaroc.com\/ar\/product\/ensemble-de-50-balles-souples-multicolores\/","title":{"rendered":"Ensemble de 50 balles souples multicolores"},"content":{"rendered":"<p><strong>Description :<\/strong><\/p>\n<p>Offrez \u00e0 votre enfant l\u2019exp\u00e9rience ludique et color\u00e9e des aires de jeux et piscines \u00e0 balles avec ce lot de 50 balles multicolores. Ces balles peuvent \u00eatre utilis\u00e9es dans une piscine \u00e0 balles, une tente de jeu, un toboggan, ou tout simplement pour des jeux individuels, pour encore plus de plaisir !<\/p>\n<p>Les nombreuses configurations de jeux possibles permettent aux enfants de bouger et de d\u00e9velopper leurs comp\u00e9tences motrices, tout en \u00e9vitant d\u2019avoir \u00e0 chercher un espace sp\u00e9cifique pour leurs activit\u00e9s. Ce jeu est id\u00e9al pour favoriser l\u2019activit\u00e9 physique tout en s\u2019amusant.<\/p>\n<p><strong>Apports \u00e9ducatifs :<\/strong><\/p>\n<ul>\n<li><strong>D\u00e9veloppement de la motricit\u00e9 globale<\/strong> et des habilet\u00e9s motrices des enfants<\/li>\n<li><strong>Am\u00e9lioration de la discrimination visuelle<\/strong> des diff\u00e9rentes couleurs<\/li>\n<li><strong>Stimulation de l\u2019activit\u00e9 physique<\/strong> et de l\u2019endurance<\/li>\n<\/ul>\n<p><strong>Caract\u00e9ristiques des balles :<\/strong><\/p>\n<ul>\n<li><strong>Nombre de pi\u00e8ces<\/strong> : 50<\/li>\n<li><strong>Couleur<\/strong> : Les couleurs peuvent varier selon les arrivages<\/li>\n<\/ul>\n<p>Un excellent choix pour encourager le mouvement et l&rsquo;amusement tout en d\u00e9veloppant diverses comp\u00e9tences chez les enfants !<\/p>","protected":false},"excerpt":{"rendered":"<p>D\u00e9couvrez notre ensemble de 50 balles souples multicolores, parfait pour les jeux \u00e9ducatifs, la motricit\u00e9 et les activit\u00e9s ludiques.<\/p>\n<p><span style=\"color: #ff6600;\">Disponible en pr\u00e9commande:\u00a0<\/span>contactez-nous pour commander<\/p>","protected":false},"featured_media":4331,"comment_status":"open","ping_status":"closed","template":"","meta":{"_uag_custom_page_level_css":"","site-sidebar-layout":"default","site-content-layout":"","ast-site-content-layout":"default","site-content-style":"default","site-sidebar-style":"default","ast-global-header-display":"","ast-banner-title-visibility":"","ast-main-header-display":"","ast-hfb-above-header-display":"","ast-hfb-below-header-display":"","ast-hfb-mobile-header-display":"","site-post-title":"","ast-breadcrumbs-content":"","ast-featured-img":"","footer-sml-layout":"","theme-transparent-header-meta":"default","adv-header-id-meta":"","stick-header-meta":"","header-above-stick-meta":"","header-main-stick-meta":"","header-below-stick-meta":"","astra-migrate-meta-layouts":"set","ast-page-background-enabled":"default","ast-page-background-meta":{"desktop":{"background-color":"","background-image":"","background-repeat":"repeat","background-position":"center center","background-size":"auto","background-attachment":"scroll","background-type":"","background-media":"","overlay-type":"","overlay-color":"","overlay-opacity":"","overlay-gradient":""},"tablet":{"background-color":"","background-image":"","background-repeat":"repeat","background-position":"center center","background-size":"auto","background-attachment":"scroll","background-type":"","background-media":"","overlay-type":"","overlay-color":"","overlay-opacity":"","overlay-gradient":""},"mobile":{"background-color":"","background-image":"","background-repeat":"repeat","background-position":"center center","background-size":"auto","background-attachment":"scroll","background-type":"","background-media":"","overlay-type":"","overlay-color":"","overlay-opacity":"","overlay-gradient":""}},"ast-content-background-meta":{"desktop":{"background-color":"var(--ast-global-color-5)","background-image":"","background-repeat":"repeat","background-position":"center center","background-size":"auto","background-attachment":"scroll","background-type":"","background-media":"","overlay-type":"","overlay-color":"","overlay-opacity":"","overlay-gradient":""},"tablet":{"background-color":"var(--ast-global-color-5)","background-image":"","background-repeat":"repeat","background-position":"center center","background-size":"auto","background-attachment":"scroll","background-type":"","background-media":"","overlay-type":"","overlay-color":"","overlay-opacity":"","overlay-gradient":""},"mobile":{"background-color":"var(--ast-global-color-5)","background-image":"","background-repeat":"repeat","background-position":"center center","background-size":"auto","background-attachment":"scroll","background-type":"","background-media":"","overlay-type":"","overlay-color":"","overlay-opacity":"","overlay-gradient":""}}},"product_cat":[52,98,78,79,42,90,99,89,103,63,114,116],"product_tag":[],"class_list":{"0":"post-4325","1":"product","2":"type-product","3":"status-publish","4":"has-post-thumbnail","6":"product_cat-jouets-de-therapie-au-maroc","7":"product_cat-reeducation-sensori-motrice","8":"product_cat-materiel-de-kinesitherapie","9":"product_cat-materiel-de-psychomotricite","10":"product_cat-materiel-de-reeducation","11":"product_cat-motricite","12":"product_cat-reeducation-motrice","13":"product_cat-sensorialite","14":"product_cat-tous-les-jeux-educatifs-et-therapeutiques","15":"product_cat-tous-les-produits","16":"product_cat-tout-le-materiel-de-kinesitherapie","17":"product_cat-tout-le-materiel-de-reeducation","18":"desktop-align-left","19":"tablet-align-left","20":"mobile-align-left","22":"first","23":"onbackorder","24":"shipping-taxable","25":"product-type-simple"},"yoast_head":"<!-- This site is optimized with the Yoast SEO plugin v23.5 - https:\/\/yoast.com\/wordpress\/plugins\/seo\/ -->\n<title>Ensemble de 50 Balles Souples Multicolores au Maroc<\/title>\n<meta name=\"description\" content=\"D\u00e9couvrez notre ensemble de 50 balles souples multicolores, parfait pour les jeux \u00e9ducatifs, la motricit\u00e9 et les activit\u00e9s ludiques au Maroc.\" \/>\n<meta name=\"robots\" content=\"index, follow, max-snippet:-1, max-image-preview:large, max-video-preview:-1\" \/>\n<link rel=\"canonical\" href=\"https:\/\/otmaroc.com\/ar\/product\/ensemble-de-50-balles-souples-multicolores\/\" \/>\n<meta property=\"og:locale\" content=\"ar_AR\" \/>\n<meta property=\"og:type\" content=\"article\" \/>\n<meta property=\"og:title\" content=\"Ensemble de 50 Balles Souples Multicolores au Maroc\" \/>\n<meta property=\"og:description\" content=\"D\u00e9couvrez notre ensemble de 50 balles souples multicolores, parfait pour les jeux \u00e9ducatifs, la motricit\u00e9 et les activit\u00e9s ludiques au Maroc.\" \/>\n<meta property=\"og:url\" content=\"https:\/\/otmaroc.com\/ar\/product\/ensemble-de-50-balles-souples-multicolores\/\" \/>\n<meta property=\"og:site_name\" content=\"OTMAROC\" \/>\n<meta property=\"article:publisher\" content=\"https:\/\/www.facebook.com\/profile.php?id=61565107472257\" \/>\n<meta property=\"article:modified_time\" content=\"2025-03-11T14:25:02+00:00\" \/>\n<meta property=\"og:image\" content=\"https:\/\/otmaroc.com\/wp-content\/uploads\/2025\/03\/www.otmaroc.com-0623512008-otmaroc2024@gmail.com-92.png\" \/>\n\t<meta property=\"og:image:width\" content=\"1080\" \/>\n\t<meta property=\"og:image:height\" content=\"1080\" \/>\n\t<meta property=\"og:image:type\" content=\"image\/png\" \/>\n<meta name=\"twitter:card\" content=\"summary_large_image\" \/>\n<meta name=\"twitter:label1\" content=\"\u0648\u0642\u062a \u0627\u0644\u0642\u0631\u0627\u0621\u0629 \u0627\u0644\u0645\u064f\u0642\u062f\u0651\u0631\" \/>\n\t<meta name=\"twitter:data1\" content=\"\u062f\u0642\u064a\u0642\u0629 \u0648\u0627\u062d\u062f\u0629\" \/>\n<script type=\"application\/ld+json\" class=\"yoast-schema-graph\">{\"@context\":\"https:\/\/schema.org\",\"@graph\":[{\"@type\":\"WebPage\",\"@id\":\"https:\/\/otmaroc.com\/product\/ensemble-de-50-balles-souples-multicolores\/\",\"url\":\"https:\/\/otmaroc.com\/product\/ensemble-de-50-balles-souples-multicolores\/\",\"name\":\"Ensemble de 50 Balles Souples Multicolores au Maroc\",\"isPartOf\":{\"@id\":\"https:\/\/otmaroc.com\/#website\"},\"primaryImageOfPage\":{\"@id\":\"https:\/\/otmaroc.com\/product\/ensemble-de-50-balles-souples-multicolores\/#primaryimage\"},\"image\":{\"@id\":\"https:\/\/otmaroc.com\/product\/ensemble-de-50-balles-souples-multicolores\/#primaryimage\"},\"thumbnailUrl\":\"https:\/\/otmaroc.com\/wp-content\/uploads\/2025\/03\/www.otmaroc.com-0623512008-otmaroc2024@gmail.com-92.png\",\"datePublished\":\"2025-03-11T14:23:50+00:00\",\"dateModified\":\"2025-03-11T14:25:02+00:00\",\"description\":\"D\u00e9couvrez notre ensemble de 50 balles souples multicolores, parfait pour les jeux \u00e9ducatifs, la motricit\u00e9 et les activit\u00e9s ludiques au Maroc.\",\"breadcrumb\":{\"@id\":\"https:\/\/otmaroc.com\/product\/ensemble-de-50-balles-souples-multicolores\/#breadcrumb\"},\"inLanguage\":\"ar\",\"potentialAction\":[{\"@type\":\"ReadAction\",\"target\":[\"https:\/\/otmaroc.com\/product\/ensemble-de-50-balles-souples-multicolores\/\"]}]},{\"@type\":\"ImageObject\",\"inLanguage\":\"ar\",\"@id\":\"https:\/\/otmaroc.com\/product\/ensemble-de-50-balles-souples-multicolores\/#primaryimage\",\"url\":\"https:\/\/otmaroc.com\/wp-content\/uploads\/2025\/03\/www.otmaroc.com-0623512008-otmaroc2024@gmail.com-92.png\",\"contentUrl\":\"https:\/\/otmaroc.com\/wp-content\/uploads\/2025\/03\/www.otmaroc.com-0623512008-otmaroc2024@gmail.com-92.png\",\"width\":1080,\"height\":1080},{\"@type\":\"BreadcrumbList\",\"@id\":\"https:\/\/otmaroc.com\/product\/ensemble-de-50-balles-souples-multicolores\/#breadcrumb\",\"itemListElement\":[{\"@type\":\"ListItem\",\"position\":1,\"name\":\"Home\",\"item\":\"https:\/\/otmaroc.com\/\"},{\"@type\":\"ListItem\",\"position\":2,\"name\":\"Products\",\"item\":\"https:\/\/otmaroc.com\/store\/\"},{\"@type\":\"ListItem\",\"position\":3,\"name\":\"Ensemble de 50 balles souples multicolores\"}]},{\"@type\":\"WebSite\",\"@id\":\"https:\/\/otmaroc.com\/#website\",\"url\":\"https:\/\/otmaroc.com\/\",\"name\":\"OTMAROC\",\"description\":\"The number one website in morocco for occupational therapy\",\"publisher\":{\"@id\":\"https:\/\/otmaroc.com\/#organization\"},\"potentialAction\":[{\"@type\":\"SearchAction\",\"target\":{\"@type\":\"EntryPoint\",\"urlTemplate\":\"https:\/\/otmaroc.com\/?s={search_term_string}\"},\"query-input\":{\"@type\":\"PropertyValueSpecification\",\"valueRequired\":true,\"valueName\":\"search_term_string\"}}],\"inLanguage\":\"ar\"},{\"@type\":\"Organization\",\"@id\":\"https:\/\/otmaroc.com\/#organization\",\"name\":\"OTMAROC\",\"url\":\"https:\/\/otmaroc.com\/\",\"logo\":{\"@type\":\"ImageObject\",\"inLanguage\":\"ar\",\"@id\":\"https:\/\/otmaroc.com\/#\/schema\/logo\/image\/\",\"url\":\"https:\/\/otmaroc.com\/wp-content\/uploads\/2024\/08\/cropped-cropped-Black_White_Yellow_Simple_Initial_Name_Logo-removebg-preview-2.png\",\"contentUrl\":\"https:\/\/otmaroc.com\/wp-content\/uploads\/2024\/08\/cropped-cropped-Black_White_Yellow_Simple_Initial_Name_Logo-removebg-preview-2.png\",\"width\":298,\"height\":192,\"caption\":\"OTMAROC\"},\"image\":{\"@id\":\"https:\/\/otmaroc.com\/#\/schema\/logo\/image\/\"},\"sameAs\":[\"https:\/\/www.facebook.com\/profile.php?id=61565107472257\",\"https:\/\/www.instagram.com\/otmaroc2024\/\",\"https:\/\/www.youtube.com\/@othmaneksaibar6763\",\"https:\/\/api.whatsapp.com\/send?phone=2120623512008\"]}]}<\/script>\n<!-- \/ Yoast SEO plugin. -->","yoast_head_json":{"title":"Ensemble de 50 Balles Souples Multicolores au Maroc","description":"D\u00e9couvrez notre ensemble de 50 balles souples multicolores, parfait pour les jeux \u00e9ducatifs, la motricit\u00e9 et les activit\u00e9s ludiques au Maroc.","robots":{"index":"index","follow":"follow","max-snippet":"max-snippet:-1","max-image-preview":"max-image-preview:large","max-video-preview":"max-video-preview:-1"},"canonical":"https:\/\/otmaroc.com\/ar\/product\/ensemble-de-50-balles-souples-multicolores\/","og_locale":"ar_AR","og_type":"article","og_title":"Ensemble de 50 Balles Souples Multicolores au Maroc","og_description":"D\u00e9couvrez notre ensemble de 50 balles souples multicolores, parfait pour les jeux \u00e9ducatifs, la motricit\u00e9 et les activit\u00e9s ludiques au Maroc.","og_url":"https:\/\/otmaroc.com\/ar\/product\/ensemble-de-50-balles-souples-multicolores\/","og_site_name":"OTMAROC","article_publisher":"https:\/\/www.facebook.com\/profile.php?id=61565107472257","article_modified_time":"2025-03-11T14:25:02+00:00","og_image":[{"width":1080,"height":1080,"url":"https:\/\/otmaroc.com\/wp-content\/uploads\/2025\/03\/www.otmaroc.com-0623512008-otmaroc2024@gmail.com-92.png","type":"image\/png"}],"twitter_card":"summary_large_image","twitter_misc":{"\u0648\u0642\u062a \u0627\u0644\u0642\u0631\u0627\u0621\u0629 \u0627\u0644\u0645\u064f\u0642\u062f\u0651\u0631":"\u062f\u0642\u064a\u0642\u0629 \u0648\u0627\u062d\u062f\u0629"},"schema":{"@context":"https:\/\/schema.org","@graph":[{"@type":"WebPage","@id":"https:\/\/otmaroc.com\/product\/ensemble-de-50-balles-souples-multicolores\/","url":"https:\/\/otmaroc.com\/product\/ensemble-de-50-balles-souples-multicolores\/","name":"Ensemble de 50 Balles Souples Multicolores au Maroc","isPartOf":{"@id":"https:\/\/otmaroc.com\/#website"},"primaryImageOfPage":{"@id":"https:\/\/otmaroc.com\/product\/ensemble-de-50-balles-souples-multicolores\/#primaryimage"},"image":{"@id":"https:\/\/otmaroc.com\/product\/ensemble-de-50-balles-souples-multicolores\/#primaryimage"},"thumbnailUrl":"https:\/\/otmaroc.com\/wp-content\/uploads\/2025\/03\/www.otmaroc.com-0623512008-otmaroc2024@gmail.com-92.png","datePublished":"2025-03-11T14:23:50+00:00","dateModified":"2025-03-11T14:25:02+00:00","description":"D\u00e9couvrez notre ensemble de 50 balles souples multicolores, parfait pour les jeux \u00e9ducatifs, la motricit\u00e9 et les activit\u00e9s ludiques au Maroc.","breadcrumb":{"@id":"https:\/\/otmaroc.com\/product\/ensemble-de-50-balles-souples-multicolores\/#breadcrumb"},"inLanguage":"ar","potentialAction":[{"@type":"ReadAction","target":["https:\/\/otmaroc.com\/product\/ensemble-de-50-balles-souples-multicolores\/"]}]},{"@type":"ImageObject","inLanguage":"ar","@id":"https:\/\/otmaroc.com\/product\/ensemble-de-50-balles-souples-multicolores\/#primaryimage","url":"https:\/\/otmaroc.com\/wp-content\/uploads\/2025\/03\/www.otmaroc.com-0623512008-otmaroc2024@gmail.com-92.png","contentUrl":"https:\/\/otmaroc.com\/wp-content\/uploads\/2025\/03\/www.otmaroc.com-0623512008-otmaroc2024@gmail.com-92.png","width":1080,"height":1080},{"@type":"BreadcrumbList","@id":"https:\/\/otmaroc.com\/product\/ensemble-de-50-balles-souples-multicolores\/#breadcrumb","itemListElement":[{"@type":"ListItem","position":1,"name":"Home","item":"https:\/\/otmaroc.com\/"},{"@type":"ListItem","position":2,"name":"Products","item":"https:\/\/otmaroc.com\/store\/"},{"@type":"ListItem","position":3,"name":"Ensemble de 50 balles souples multicolores"}]},{"@type":"WebSite","@id":"https:\/\/otmaroc.com\/#website","url":"https:\/\/otmaroc.com\/","name":"OTMAROC","description":"The number one website in morocco for occupational therapy","publisher":{"@id":"https:\/\/otmaroc.com\/#organization"},"potentialAction":[{"@type":"SearchAction","target":{"@type":"EntryPoint","urlTemplate":"https:\/\/otmaroc.com\/?s={search_term_string}"},"query-input":{"@type":"PropertyValueSpecification","valueRequired":true,"valueName":"search_term_string"}}],"inLanguage":"ar"},{"@type":"Organization","@id":"https:\/\/otmaroc.com\/#organization","name":"OTMAROC","url":"https:\/\/otmaroc.com\/","logo":{"@type":"ImageObject","inLanguage":"ar","@id":"https:\/\/otmaroc.com\/#\/schema\/logo\/image\/","url":"https:\/\/otmaroc.com\/wp-content\/uploads\/2024\/08\/cropped-cropped-Black_White_Yellow_Simple_Initial_Name_Logo-removebg-preview-2.png","contentUrl":"https:\/\/otmaroc.com\/wp-content\/uploads\/2024\/08\/cropped-cropped-Black_White_Yellow_Simple_Initial_Name_Logo-removebg-preview-2.png","width":298,"height":192,"caption":"OTMAROC"},"image":{"@id":"https:\/\/otmaroc.com\/#\/schema\/logo\/image\/"},"sameAs":["https:\/\/www.facebook.com\/profile.php?id=61565107472257","https:\/\/www.instagram.com\/otmaroc2024\/","https:\/\/www.youtube.com\/@othmaneksaibar6763","https:\/\/api.whatsapp.com\/send?phone=2120623512008"]}]}},"uagb_featured_image_src":{"full":["https:\/\/otmaroc.com\/wp-content\/uploads\/2025\/03\/www.otmaroc.com-0623512008-otmaroc2024@gmail.com-92.png",1080,1080,false],"thumbnail":["https:\/\/otmaroc.com\/wp-content\/uploads\/2025\/03\/www.otmaroc.com-0623512008-otmaroc2024@gmail.com-92-150x150.png",150,150,true],"medium":["https:\/\/otmaroc.com\/wp-content\/uploads\/2025\/03\/www.otmaroc.com-0623512008-otmaroc2024@gmail.com-92-300x300.png",300,300,true],"medium_large":["https:\/\/otmaroc.com\/wp-content\/uploads\/2025\/03\/www.otmaroc.com-0623512008-otmaroc2024@gmail.com-92-768x768.png",768,768,true],"large":["https:\/\/otmaroc.com\/wp-content\/uploads\/2025\/03\/www.otmaroc.com-0623512008-otmaroc2024@gmail.com-92-1024x1024.png",1024,1024,true],"1536x1536":["https:\/\/otmaroc.com\/wp-content\/uploads\/2025\/03\/www.otmaroc.com-0623512008-otmaroc2024@gmail.com-92.png",1080,1080,false],"2048x2048":["https:\/\/otmaroc.com\/wp-content\/uploads\/2025\/03\/www.otmaroc.com-0623512008-otmaroc2024@gmail.com-92.png",1080,1080,false],"trp-custom-language-flag":["https:\/\/otmaroc.com\/wp-content\/uploads\/2025\/03\/www.otmaroc.com-0623512008-otmaroc2024@gmail.com-92-12x12.png",12,12,true],"woocommerce_thumbnail":["https:\/\/otmaroc.com\/wp-content\/uploads\/2025\/03\/www.otmaroc.com-0623512008-otmaroc2024@gmail.com-92-300x300.png",300,300,true],"woocommerce_single":["https:\/\/otmaroc.com\/wp-content\/uploads\/2025\/03\/www.otmaroc.com-0623512008-otmaroc2024@gmail.com-92-600x600.png",600,600,true],"woocommerce_gallery_thumbnail":["https:\/\/otmaroc.com\/wp-content\/uploads\/2025\/03\/www.otmaroc.com-0623512008-otmaroc2024@gmail.com-92-100x100.png",100,100,true],"dgwt-wcas-product-suggestion":["https:\/\/otmaroc.com\/wp-content\/uploads\/2025\/03\/www.otmaroc.com-0623512008-otmaroc2024@gmail.com-92-64x64.png",64,64,true]},"uagb_author_info":{"display_name":"othmane iptv","author_link":"https:\/\/otmaroc.com\/ar\/author\/"},"uagb_comment_info":0,"uagb_excerpt":"D\u00e9couvrez notre ensemble de 50 balles souples multicolores, parfait pour les jeux \u00e9ducatifs, la motricit\u00e9 et les activit\u00e9s ludiques. Disponible en pr\u00e9commande:\u00a0contactez-nous pour commander","jetpack_sharing_enabled":true,"_links":{"self":[{"href":"https:\/\/otmaroc.com\/ar\/wp-json\/wp\/v2\/product\/4325"}],"collection":[{"href":"https:\/\/otmaroc.com\/ar\/wp-json\/wp\/v2\/product"}],"about":[{"href":"https:\/\/otmaroc.com\/ar\/wp-json\/wp\/v2\/types\/product"}],"replies":[{"embeddable":true,"href":"https:\/\/otmaroc.com\/ar\/wp-json\/wp\/v2\/comments?post=4325"}],"wp:featuredmedia":[{"embeddable":true,"href":"https:\/\/otmaroc.com\/ar\/wp-json\/wp\/v2\/media\/4331"}],"wp:attachment":[{"href":"https:\/\/otmaroc.com\/ar\/wp-json\/wp\/v2\/media?parent=4325"}],"wp:term":[{"taxonomy":"product_cat","embeddable":true,"href":"https:\/\/otmaroc.com\/ar\/wp-json\/wp\/v2\/product_cat?post=4325"},{"taxonomy":"product_tag","embeddable":true,"href":"https:\/\/otmaroc.com\/ar\/wp-json\/wp\/v2\/product_tag?post=4325"}],"curies":[{"name":"wp","href":"https:\/\/api.w.org\/{rel}","templated":true}]}}