{"id":4317,"date":"2025-03-11T11:48:28","date_gmt":"2025-03-11T11:48:28","guid":{"rendered":"https:\/\/otmaroc.com\/?post_type=product&#038;p=4317"},"modified":"2025-04-08T12:00:46","modified_gmt":"2025-04-08T12:00:46","slug":"coussin-de-posture-anti-stress-tdah-hyperactivite","status":"publish","type":"product","link":"https:\/\/otmaroc.com\/ar\/product\/coussin-de-posture-anti-stress-tdah-hyperactivite\/","title":{"rendered":"Coussin de posture anti-stress \u2013 TDAH Hyperactivit\u00e9"},"content":{"rendered":"<p><strong>Descriptif du coussin posture :<\/strong><\/p>\n<p>Votre enfant a du mal \u00e0 rester en place ou aime bouger constamment ? Le coussin posture est la solution id\u00e9ale ! Ce coussin sensoriel et ergonomique est con\u00e7u pour am\u00e9liorer la posture et la concentration des enfants tout en offrant une exp\u00e9rience de mouvement apaisant.<\/p>\n<p>Plac\u00e9e sur une chaise, cette assise dynamique permet \u00e0 votre enfant de r\u00e9aliser des micro-mouvements tout en restant assis. Une face du coussin est dot\u00e9e de picots pour stimuler tactilement, tandis que l\u2019autre est lisse. Ces ajustements de posture continus sont tr\u00e8s b\u00e9n\u00e9fiques, en particulier pour les enfants ayant des besoins sensoriels ou ceux souffrant de troubles de l\u2019attention (TDAH), avec ou sans hyperactivit\u00e9.<\/p>\n<p>Ce qui rend ce coussin unique, c\u2019est qu\u2019il offre une base instable mais pas trop, contrairement \u00e0 des objets comme la balle de psychomotricit\u00e9. Il permet aux enfants de bouger suffisamment sans perdre l\u2019\u00e9quilibre, tout en restant discrets et sans perturber les autres.<\/p>\n<p>Le coussin se gonfle selon les pr\u00e9f\u00e9rences de chacun, permettant aux corps de s&rsquo;ajuster continuellement pour am\u00e9liorer la posture et favoriser les mouvements.<\/p>\n<p><strong>Apports \u00e9ducatifs :<\/strong><\/p>\n<ul>\n<li><strong>D\u00e9veloppement de la motricit\u00e9 globale<\/strong> et des habilet\u00e9s motrices des enfants<\/li>\n<li><strong>Am\u00e9lioration du sens de l\u2019\u00e9quilibre<\/strong> et de la coordination<\/li>\n<li><strong>Stimulation de la concentration<\/strong> et de l\u2019attention<\/li>\n<li><strong>Am\u00e9lioration de la posture<\/strong> de l\u2019enfant<\/li>\n<\/ul>\n<p><strong>Caract\u00e9ristiques du coussin posture :<\/strong><\/p>\n<ul>\n<li><strong>\u00c2ge recommand\u00e9<\/strong> : 3 ans et plus<\/li>\n<li><strong>Dimensions<\/strong> : 34 cm de diam\u00e8tre<\/li>\n<li><strong>Couleur<\/strong> : Gris<\/li>\n<li><strong>Contenu<\/strong> : 1 coussin de posture anti-stress (sans la seringue)<\/li>\n<\/ul>\n<p>Ce coussin posture est un excellent outil pour aider les enfants \u00e0 am\u00e9liorer leur concentration, leur posture et \u00e0 r\u00e9pondre \u00e0 leurs besoins sensoriels de mani\u00e8re calme et efficace.<\/p>","protected":false},"excerpt":{"rendered":"<p>Soulagez le stress et am\u00e9liorez la concentration avec notre coussin de posture anti-stress, sp\u00e9cialement con\u00e7u pour les enfants et adultes atteints de TDAH et d&rsquo;hyperactivit\u00e9. Id\u00e9al pour un meilleur confort et une posture optimale.<\/p>\n<p><span style=\"color: #ff6600;\">Disponible en pr\u00e9commande:\u00a0<\/span>contactez-nous pour commander<\/p>","protected":false},"featured_media":4318,"comment_status":"open","ping_status":"closed","template":"","meta":{"_uag_custom_page_level_css":"","site-sidebar-layout":"default","site-content-layout":"","ast-site-content-layout":"default","site-content-style":"default","site-sidebar-style":"default","ast-global-header-display":"","ast-banner-title-visibility":"","ast-main-header-display":"","ast-hfb-above-header-display":"","ast-hfb-below-header-display":"","ast-hfb-mobile-header-display":"","site-post-title":"","ast-breadcrumbs-content":"","ast-featured-img":"","footer-sml-layout":"","theme-transparent-header-meta":"default","adv-header-id-meta":"","stick-header-meta":"","header-above-stick-meta":"","header-main-stick-meta":"","header-below-stick-meta":"","astra-migrate-meta-layouts":"set","ast-page-background-enabled":"default","ast-page-background-meta":{"desktop":{"background-color":"","background-image":"","background-repeat":"repeat","background-position":"center center","background-size":"auto","background-attachment":"scroll","background-type":"","background-media":"","overlay-type":"","overlay-color":"","overlay-opacity":"","overlay-gradient":""},"tablet":{"background-color":"","background-image":"","background-repeat":"repeat","background-position":"center center","background-size":"auto","background-attachment":"scroll","background-type":"","background-media":"","overlay-type":"","overlay-color":"","overlay-opacity":"","overlay-gradient":""},"mobile":{"background-color":"","background-image":"","background-repeat":"repeat","background-position":"center center","background-size":"auto","background-attachment":"scroll","background-type":"","background-media":"","overlay-type":"","overlay-color":"","overlay-opacity":"","overlay-gradient":""}},"ast-content-background-meta":{"desktop":{"background-color":"var(--ast-global-color-5)","background-image":"","background-repeat":"repeat","background-position":"center center","background-size":"auto","background-attachment":"scroll","background-type":"","background-media":"","overlay-type":"","overlay-color":"","overlay-opacity":"","overlay-gradient":""},"tablet":{"background-color":"var(--ast-global-color-5)","background-image":"","background-repeat":"repeat","background-position":"center center","background-size":"auto","background-attachment":"scroll","background-type":"","background-media":"","overlay-type":"","overlay-color":"","overlay-opacity":"","overlay-gradient":""},"mobile":{"background-color":"var(--ast-global-color-5)","background-image":"","background-repeat":"repeat","background-position":"center center","background-size":"auto","background-attachment":"scroll","background-type":"","background-media":"","overlay-type":"","overlay-color":"","overlay-opacity":"","overlay-gradient":""}}},"product_cat":[111,112,135,147,52,98,31,78,80,79,42,113,127,90,99,115,89,82,103,63,143,114,116,88],"product_tag":[],"class_list":{"0":"post-4317","1":"product","2":"type-product","3":"status-publish","4":"has-post-thumbnail","6":"product_cat-bureaux-ergonomique","7":"product_cat-coussin-ergonomique","8":"product_cat-coussins-de-positionnement","9":"product_cat-ecriture","10":"product_cat-jouets-de-therapie-au-maroc","11":"product_cat-reeducation-sensori-motrice","12":"product_cat-les-aides-techniques","13":"product_cat-materiel-de-kinesitherapie","14":"product_cat-materiel-de-orthophonie","15":"product_cat-materiel-de-psychomotricite","16":"product_cat-materiel-de-reeducation","17":"product_cat-materiel-de-reeducation-vie-quotidienne","18":"product_cat-mobilier-de-cabinet","19":"product_cat-motricite","20":"product_cat-reeducation-motrice","21":"product_cat-reeducation-neurologique","22":"product_cat-sensorialite","23":"product_cat-tous-les-aides-techniques","24":"product_cat-tous-les-jeux-educatifs-et-therapeutiques","25":"product_cat-tous-les-produits","26":"product_cat-tous-mobiliers","27":"product_cat-tout-le-materiel-de-kinesitherapie","28":"product_cat-tout-le-materiel-de-reeducation","29":"product_cat-vie-quotidienne","30":"desktop-align-left","31":"tablet-align-left","32":"mobile-align-left","34":"first","35":"onbackorder","36":"sale","37":"shipping-taxable","38":"purchasable","39":"product-type-simple"},"yoast_head":"<!-- This site is optimized with the Yoast SEO plugin v23.5 - https:\/\/yoast.com\/wordpress\/plugins\/seo\/ -->\n<title>Coussin de Posture Anti-Stress pour TDAH et Hyperactivit\u00e9 au Maroc<\/title>\n<meta name=\"description\" content=\"Soulagez le stress et am\u00e9liorez la concentration avec notre coussin de posture anti-stress, sp\u00e9cialement con\u00e7u pour les enfants et adultes atteints de TDAH et d&#039;hyperactivit\u00e9. Id\u00e9al pour un meilleur confort et une posture optimale. Disponible au Maroc,\" \/>\n<meta name=\"robots\" content=\"index, follow, max-snippet:-1, max-image-preview:large, max-video-preview:-1\" \/>\n<link rel=\"canonical\" href=\"https:\/\/otmaroc.com\/ar\/product\/coussin-de-posture-anti-stress-tdah-hyperactivite\/\" \/>\n<meta property=\"og:locale\" content=\"ar_AR\" \/>\n<meta property=\"og:type\" content=\"article\" \/>\n<meta property=\"og:title\" content=\"Coussin de Posture Anti-Stress pour TDAH et Hyperactivit\u00e9 au Maroc\" \/>\n<meta property=\"og:description\" content=\"Soulagez le stress et am\u00e9liorez la concentration avec notre coussin de posture anti-stress, sp\u00e9cialement con\u00e7u pour les enfants et adultes atteints de TDAH et d&#039;hyperactivit\u00e9. Id\u00e9al pour un meilleur confort et une posture optimale. Disponible au Maroc,\" \/>\n<meta property=\"og:url\" content=\"https:\/\/otmaroc.com\/ar\/product\/coussin-de-posture-anti-stress-tdah-hyperactivite\/\" \/>\n<meta property=\"og:site_name\" content=\"OTMAROC\" \/>\n<meta property=\"article:publisher\" content=\"https:\/\/www.facebook.com\/profile.php?id=61565107472257\" \/>\n<meta property=\"article:modified_time\" content=\"2025-04-08T12:00:46+00:00\" \/>\n<meta property=\"og:image\" content=\"https:\/\/otmaroc.com\/wp-content\/uploads\/2025\/03\/www.otmaroc.com-0623512008-otmaroc2024@gmail.com-91.png\" \/>\n\t<meta property=\"og:image:width\" content=\"1080\" \/>\n\t<meta property=\"og:image:height\" content=\"1080\" \/>\n\t<meta property=\"og:image:type\" content=\"image\/png\" \/>\n<meta name=\"twitter:card\" content=\"summary_large_image\" \/>\n<meta name=\"twitter:label1\" content=\"\u0648\u0642\u062a \u0627\u0644\u0642\u0631\u0627\u0621\u0629 \u0627\u0644\u0645\u064f\u0642\u062f\u0651\u0631\" \/>\n\t<meta name=\"twitter:data1\" content=\"\u062f\u0642\u064a\u0642\u062a\u0627\u0646\" \/>\n<script type=\"application\/ld+json\" class=\"yoast-schema-graph\">{\"@context\":\"https:\/\/schema.org\",\"@graph\":[{\"@type\":\"WebPage\",\"@id\":\"https:\/\/otmaroc.com\/product\/coussin-de-posture-anti-stress-tdah-hyperactivite\/\",\"url\":\"https:\/\/otmaroc.com\/product\/coussin-de-posture-anti-stress-tdah-hyperactivite\/\",\"name\":\"Coussin de Posture Anti-Stress pour TDAH et Hyperactivit\u00e9 au Maroc\",\"isPartOf\":{\"@id\":\"https:\/\/otmaroc.com\/#website\"},\"primaryImageOfPage\":{\"@id\":\"https:\/\/otmaroc.com\/product\/coussin-de-posture-anti-stress-tdah-hyperactivite\/#primaryimage\"},\"image\":{\"@id\":\"https:\/\/otmaroc.com\/product\/coussin-de-posture-anti-stress-tdah-hyperactivite\/#primaryimage\"},\"thumbnailUrl\":\"https:\/\/otmaroc.com\/wp-content\/uploads\/2025\/03\/www.otmaroc.com-0623512008-otmaroc2024@gmail.com-91.png\",\"datePublished\":\"2025-03-11T11:48:28+00:00\",\"dateModified\":\"2025-04-08T12:00:46+00:00\",\"description\":\"Soulagez le stress et am\u00e9liorez la concentration avec notre coussin de posture anti-stress, sp\u00e9cialement con\u00e7u pour les enfants et adultes atteints de TDAH et d'hyperactivit\u00e9. Id\u00e9al pour un meilleur confort et une posture optimale. Disponible au Maroc,\",\"breadcrumb\":{\"@id\":\"https:\/\/otmaroc.com\/product\/coussin-de-posture-anti-stress-tdah-hyperactivite\/#breadcrumb\"},\"inLanguage\":\"ar\",\"potentialAction\":[{\"@type\":\"ReadAction\",\"target\":[\"https:\/\/otmaroc.com\/product\/coussin-de-posture-anti-stress-tdah-hyperactivite\/\"]}]},{\"@type\":\"ImageObject\",\"inLanguage\":\"ar\",\"@id\":\"https:\/\/otmaroc.com\/product\/coussin-de-posture-anti-stress-tdah-hyperactivite\/#primaryimage\",\"url\":\"https:\/\/otmaroc.com\/wp-content\/uploads\/2025\/03\/www.otmaroc.com-0623512008-otmaroc2024@gmail.com-91.png\",\"contentUrl\":\"https:\/\/otmaroc.com\/wp-content\/uploads\/2025\/03\/www.otmaroc.com-0623512008-otmaroc2024@gmail.com-91.png\",\"width\":1080,\"height\":1080},{\"@type\":\"BreadcrumbList\",\"@id\":\"https:\/\/otmaroc.com\/product\/coussin-de-posture-anti-stress-tdah-hyperactivite\/#breadcrumb\",\"itemListElement\":[{\"@type\":\"ListItem\",\"position\":1,\"name\":\"Home\",\"item\":\"https:\/\/otmaroc.com\/\"},{\"@type\":\"ListItem\",\"position\":2,\"name\":\"Products\",\"item\":\"https:\/\/otmaroc.com\/store\/\"},{\"@type\":\"ListItem\",\"position\":3,\"name\":\"Coussin de posture anti-stress \u2013 TDAH Hyperactivit\u00e9\"}]},{\"@type\":\"WebSite\",\"@id\":\"https:\/\/otmaroc.com\/#website\",\"url\":\"https:\/\/otmaroc.com\/\",\"name\":\"OTMAROC\",\"description\":\"The number one website in morocco for occupational therapy\",\"publisher\":{\"@id\":\"https:\/\/otmaroc.com\/#organization\"},\"potentialAction\":[{\"@type\":\"SearchAction\",\"target\":{\"@type\":\"EntryPoint\",\"urlTemplate\":\"https:\/\/otmaroc.com\/?s={search_term_string}\"},\"query-input\":{\"@type\":\"PropertyValueSpecification\",\"valueRequired\":true,\"valueName\":\"search_term_string\"}}],\"inLanguage\":\"ar\"},{\"@type\":\"Organization\",\"@id\":\"https:\/\/otmaroc.com\/#organization\",\"name\":\"OTMAROC\",\"url\":\"https:\/\/otmaroc.com\/\",\"logo\":{\"@type\":\"ImageObject\",\"inLanguage\":\"ar\",\"@id\":\"https:\/\/otmaroc.com\/#\/schema\/logo\/image\/\",\"url\":\"https:\/\/otmaroc.com\/wp-content\/uploads\/2024\/08\/cropped-cropped-Black_White_Yellow_Simple_Initial_Name_Logo-removebg-preview-2.png\",\"contentUrl\":\"https:\/\/otmaroc.com\/wp-content\/uploads\/2024\/08\/cropped-cropped-Black_White_Yellow_Simple_Initial_Name_Logo-removebg-preview-2.png\",\"width\":298,\"height\":192,\"caption\":\"OTMAROC\"},\"image\":{\"@id\":\"https:\/\/otmaroc.com\/#\/schema\/logo\/image\/\"},\"sameAs\":[\"https:\/\/www.facebook.com\/profile.php?id=61565107472257\",\"https:\/\/www.instagram.com\/otmaroc2024\/\",\"https:\/\/www.youtube.com\/@othmaneksaibar6763\",\"https:\/\/api.whatsapp.com\/send?phone=2120623512008\"]}]}<\/script>\n<!-- \/ Yoast SEO plugin. -->","yoast_head_json":{"title":"Coussin de Posture Anti-Stress pour TDAH et Hyperactivit\u00e9 au Maroc","description":"Soulagez le stress et am\u00e9liorez la concentration avec notre coussin de posture anti-stress, sp\u00e9cialement con\u00e7u pour les enfants et adultes atteints de TDAH et d'hyperactivit\u00e9. Id\u00e9al pour un meilleur confort et une posture optimale. Disponible au Maroc,","robots":{"index":"index","follow":"follow","max-snippet":"max-snippet:-1","max-image-preview":"max-image-preview:large","max-video-preview":"max-video-preview:-1"},"canonical":"https:\/\/otmaroc.com\/ar\/product\/coussin-de-posture-anti-stress-tdah-hyperactivite\/","og_locale":"ar_AR","og_type":"article","og_title":"Coussin de Posture Anti-Stress pour TDAH et Hyperactivit\u00e9 au Maroc","og_description":"Soulagez le stress et am\u00e9liorez la concentration avec notre coussin de posture anti-stress, sp\u00e9cialement con\u00e7u pour les enfants et adultes atteints de TDAH et d'hyperactivit\u00e9. Id\u00e9al pour un meilleur confort et une posture optimale. Disponible au Maroc,","og_url":"https:\/\/otmaroc.com\/ar\/product\/coussin-de-posture-anti-stress-tdah-hyperactivite\/","og_site_name":"OTMAROC","article_publisher":"https:\/\/www.facebook.com\/profile.php?id=61565107472257","article_modified_time":"2025-04-08T12:00:46+00:00","og_image":[{"width":1080,"height":1080,"url":"https:\/\/otmaroc.com\/wp-content\/uploads\/2025\/03\/www.otmaroc.com-0623512008-otmaroc2024@gmail.com-91.png","type":"image\/png"}],"twitter_card":"summary_large_image","twitter_misc":{"\u0648\u0642\u062a \u0627\u0644\u0642\u0631\u0627\u0621\u0629 \u0627\u0644\u0645\u064f\u0642\u062f\u0651\u0631":"\u062f\u0642\u064a\u0642\u062a\u0627\u0646"},"schema":{"@context":"https:\/\/schema.org","@graph":[{"@type":"WebPage","@id":"https:\/\/otmaroc.com\/product\/coussin-de-posture-anti-stress-tdah-hyperactivite\/","url":"https:\/\/otmaroc.com\/product\/coussin-de-posture-anti-stress-tdah-hyperactivite\/","name":"Coussin de Posture Anti-Stress pour TDAH et Hyperactivit\u00e9 au Maroc","isPartOf":{"@id":"https:\/\/otmaroc.com\/#website"},"primaryImageOfPage":{"@id":"https:\/\/otmaroc.com\/product\/coussin-de-posture-anti-stress-tdah-hyperactivite\/#primaryimage"},"image":{"@id":"https:\/\/otmaroc.com\/product\/coussin-de-posture-anti-stress-tdah-hyperactivite\/#primaryimage"},"thumbnailUrl":"https:\/\/otmaroc.com\/wp-content\/uploads\/2025\/03\/www.otmaroc.com-0623512008-otmaroc2024@gmail.com-91.png","datePublished":"2025-03-11T11:48:28+00:00","dateModified":"2025-04-08T12:00:46+00:00","description":"Soulagez le stress et am\u00e9liorez la concentration avec notre coussin de posture anti-stress, sp\u00e9cialement con\u00e7u pour les enfants et adultes atteints de TDAH et d'hyperactivit\u00e9. Id\u00e9al pour un meilleur confort et une posture optimale. Disponible au Maroc,","breadcrumb":{"@id":"https:\/\/otmaroc.com\/product\/coussin-de-posture-anti-stress-tdah-hyperactivite\/#breadcrumb"},"inLanguage":"ar","potentialAction":[{"@type":"ReadAction","target":["https:\/\/otmaroc.com\/product\/coussin-de-posture-anti-stress-tdah-hyperactivite\/"]}]},{"@type":"ImageObject","inLanguage":"ar","@id":"https:\/\/otmaroc.com\/product\/coussin-de-posture-anti-stress-tdah-hyperactivite\/#primaryimage","url":"https:\/\/otmaroc.com\/wp-content\/uploads\/2025\/03\/www.otmaroc.com-0623512008-otmaroc2024@gmail.com-91.png","contentUrl":"https:\/\/otmaroc.com\/wp-content\/uploads\/2025\/03\/www.otmaroc.com-0623512008-otmaroc2024@gmail.com-91.png","width":1080,"height":1080},{"@type":"BreadcrumbList","@id":"https:\/\/otmaroc.com\/product\/coussin-de-posture-anti-stress-tdah-hyperactivite\/#breadcrumb","itemListElement":[{"@type":"ListItem","position":1,"name":"Home","item":"https:\/\/otmaroc.com\/"},{"@type":"ListItem","position":2,"name":"Products","item":"https:\/\/otmaroc.com\/store\/"},{"@type":"ListItem","position":3,"name":"Coussin de posture anti-stress \u2013 TDAH Hyperactivit\u00e9"}]},{"@type":"WebSite","@id":"https:\/\/otmaroc.com\/#website","url":"https:\/\/otmaroc.com\/","name":"OTMAROC","description":"The number one website in morocco for occupational therapy","publisher":{"@id":"https:\/\/otmaroc.com\/#organization"},"potentialAction":[{"@type":"SearchAction","target":{"@type":"EntryPoint","urlTemplate":"https:\/\/otmaroc.com\/?s={search_term_string}"},"query-input":{"@type":"PropertyValueSpecification","valueRequired":true,"valueName":"search_term_string"}}],"inLanguage":"ar"},{"@type":"Organization","@id":"https:\/\/otmaroc.com\/#organization","name":"OTMAROC","url":"https:\/\/otmaroc.com\/","logo":{"@type":"ImageObject","inLanguage":"ar","@id":"https:\/\/otmaroc.com\/#\/schema\/logo\/image\/","url":"https:\/\/otmaroc.com\/wp-content\/uploads\/2024\/08\/cropped-cropped-Black_White_Yellow_Simple_Initial_Name_Logo-removebg-preview-2.png","contentUrl":"https:\/\/otmaroc.com\/wp-content\/uploads\/2024\/08\/cropped-cropped-Black_White_Yellow_Simple_Initial_Name_Logo-removebg-preview-2.png","width":298,"height":192,"caption":"OTMAROC"},"image":{"@id":"https:\/\/otmaroc.com\/#\/schema\/logo\/image\/"},"sameAs":["https:\/\/www.facebook.com\/profile.php?id=61565107472257","https:\/\/www.instagram.com\/otmaroc2024\/","https:\/\/www.youtube.com\/@othmaneksaibar6763","https:\/\/api.whatsapp.com\/send?phone=2120623512008"]}]}},"uagb_featured_image_src":{"full":["https:\/\/otmaroc.com\/wp-content\/uploads\/2025\/03\/www.otmaroc.com-0623512008-otmaroc2024@gmail.com-91.png",1080,1080,false],"thumbnail":["https:\/\/otmaroc.com\/wp-content\/uploads\/2025\/03\/www.otmaroc.com-0623512008-otmaroc2024@gmail.com-91-150x150.png",150,150,true],"medium":["https:\/\/otmaroc.com\/wp-content\/uploads\/2025\/03\/www.otmaroc.com-0623512008-otmaroc2024@gmail.com-91-300x300.png",300,300,true],"medium_large":["https:\/\/otmaroc.com\/wp-content\/uploads\/2025\/03\/www.otmaroc.com-0623512008-otmaroc2024@gmail.com-91-768x768.png",768,768,true],"large":["https:\/\/otmaroc.com\/wp-content\/uploads\/2025\/03\/www.otmaroc.com-0623512008-otmaroc2024@gmail.com-91-1024x1024.png",1024,1024,true],"1536x1536":["https:\/\/otmaroc.com\/wp-content\/uploads\/2025\/03\/www.otmaroc.com-0623512008-otmaroc2024@gmail.com-91.png",1080,1080,false],"2048x2048":["https:\/\/otmaroc.com\/wp-content\/uploads\/2025\/03\/www.otmaroc.com-0623512008-otmaroc2024@gmail.com-91.png",1080,1080,false],"trp-custom-language-flag":["https:\/\/otmaroc.com\/wp-content\/uploads\/2025\/03\/www.otmaroc.com-0623512008-otmaroc2024@gmail.com-91-12x12.png",12,12,true],"woocommerce_thumbnail":["https:\/\/otmaroc.com\/wp-content\/uploads\/2025\/03\/www.otmaroc.com-0623512008-otmaroc2024@gmail.com-91-300x300.png",300,300,true],"woocommerce_single":["https:\/\/otmaroc.com\/wp-content\/uploads\/2025\/03\/www.otmaroc.com-0623512008-otmaroc2024@gmail.com-91-600x600.png",600,600,true],"woocommerce_gallery_thumbnail":["https:\/\/otmaroc.com\/wp-content\/uploads\/2025\/03\/www.otmaroc.com-0623512008-otmaroc2024@gmail.com-91-100x100.png",100,100,true],"dgwt-wcas-product-suggestion":["https:\/\/otmaroc.com\/wp-content\/uploads\/2025\/03\/www.otmaroc.com-0623512008-otmaroc2024@gmail.com-91-64x64.png",64,64,true]},"uagb_author_info":{"display_name":"othmane iptv","author_link":"https:\/\/otmaroc.com\/ar\/author\/"},"uagb_comment_info":0,"uagb_excerpt":"Soulagez le stress et am\u00e9liorez la concentration avec notre coussin de posture anti-stress, sp\u00e9cialement con\u00e7u pour les enfants et adultes atteints de TDAH et d'hyperactivit\u00e9. Id\u00e9al pour un meilleur confort et une posture optimale. Disponible en pr\u00e9commande:\u00a0contactez-nous pour commander","jetpack_sharing_enabled":true,"_links":{"self":[{"href":"https:\/\/otmaroc.com\/ar\/wp-json\/wp\/v2\/product\/4317"}],"collection":[{"href":"https:\/\/otmaroc.com\/ar\/wp-json\/wp\/v2\/product"}],"about":[{"href":"https:\/\/otmaroc.com\/ar\/wp-json\/wp\/v2\/types\/product"}],"replies":[{"embeddable":true,"href":"https:\/\/otmaroc.com\/ar\/wp-json\/wp\/v2\/comments?post=4317"}],"wp:featuredmedia":[{"embeddable":true,"href":"https:\/\/otmaroc.com\/ar\/wp-json\/wp\/v2\/media\/4318"}],"wp:attachment":[{"href":"https:\/\/otmaroc.com\/ar\/wp-json\/wp\/v2\/media?parent=4317"}],"wp:term":[{"taxonomy":"product_cat","embeddable":true,"href":"https:\/\/otmaroc.com\/ar\/wp-json\/wp\/v2\/product_cat?post=4317"},{"taxonomy":"product_tag","embeddable":true,"href":"https:\/\/otmaroc.com\/ar\/wp-json\/wp\/v2\/product_tag?post=4317"}],"curies":[{"name":"wp","href":"https:\/\/api.w.org\/{rel}","templated":true}]}}