{"id":4311,"date":"2025-03-11T10:13:50","date_gmt":"2025-03-11T10:13:50","guid":{"rendered":"https:\/\/otmaroc.com\/?post_type=product&#038;p=4311"},"modified":"2025-08-04T03:26:20","modified_gmt":"2025-08-04T03:26:20","slug":"dome-dequilibre-a-picots-parcours-psychomotricite-pour-enfant-lot-de-2","status":"publish","type":"product","link":"https:\/\/otmaroc.com\/ar\/product\/dome-dequilibre-a-picots-parcours-psychomotricite-pour-enfant-lot-de-2\/","title":{"rendered":"Dome d\u2019\u00e9quilibre \u00e0 picots parcours psychomotricit\u00e9 pour enfant \u2013 Lot de 2"},"content":{"rendered":"<p><strong>Descriptif de la planche d\u2019\u00e9quilibre :<\/strong><\/p>\n<p>Le d\u00f4me d\u2019\u00e9quilibre est un outil parfait pour les exercices visant \u00e0 renforcer la cheville, le tronc, ainsi que pour am\u00e9liorer la stabilit\u00e9, la coordination et l\u2019\u00e9quilibre. Il est incroyablement polyvalent et permet de solliciter des muscles qui ne sont pas activ\u00e9s avec une planche d\u2019\u00e9quilibre traditionnelle.<\/p>\n<p>La technique de base consiste \u00e0 se d\u00e9placer d\u2019un d\u00f4me \u00e0 l\u2019autre tout en maintenant l\u2019\u00e9quilibre et sans tomber. Ces mouvements stimulent les muscles stabilisateurs tout en favorisant l\u2019am\u00e9lioration de l\u2019\u00e9quilibre, de la coordination et du contr\u00f4le moteur.<\/p>\n<p>Le dessous de la planche est con\u00e7u en caoutchouc antid\u00e9rapant, ce qui permet un mouvement fluide tout en prot\u00e9geant la surface du sol. Le dessus de la planche comporte des picots qui offrent un l\u00e9ger massage aux pieds.<\/p>\n<p>Gr\u00e2ce \u00e0 son design, cette planche est id\u00e9ale pour une utilisation en int\u00e9rieur, comme dans une salle de gym ou de psychomotricit\u00e9, mais aussi en ext\u00e9rieur, que ce soit dans le jardin, la cour de r\u00e9cr\u00e9ation ou tout autre espace de jeux.<\/p>\n<p><strong>Apports \u00e9ducatifs de la planche d\u2019\u00e9quilibre :<\/strong><\/p>\n<ul>\n<li><strong>D\u00e9veloppement de la motricit\u00e9 globale<\/strong> et des habilet\u00e9s motrices des enfants<\/li>\n<li><strong>Am\u00e9lioration du sens de l\u2019\u00e9quilibre<\/strong> et de la coordination de l\u2019enfant<\/li>\n<li><strong>Stimulation de l\u2019activit\u00e9 physique<\/strong> et de l\u2019endurance<\/li>\n<\/ul>\n<p><strong>Caract\u00e9ristiques de la planche d\u2019\u00e9quilibre :<\/strong><\/p>\n<ul>\n<li><strong>Dimensions<\/strong> : diam\u00e8tre 16 cm<\/li>\n<li><strong>Nombre de pi\u00e8ces<\/strong> : 2 pi\u00e8ces<\/li>\n<li><strong>\u00c2ge recommand\u00e9<\/strong> : \u00c0 partir de 3 ans<\/li>\n<li><strong>Couleur<\/strong> : Les couleurs varient en fonction des arrivages<\/li>\n<\/ul>\n<p>La planche d\u2019\u00e9quilibre est un excellent outil pour encourager les enfants \u00e0 d\u00e9velopper leurs comp\u00e9tences motrices tout en s\u2019amusant de mani\u00e8re active et s\u00fbre.<\/p>","protected":false},"excerpt":{"rendered":"<p>Stimulez l&rsquo;\u00e9quilibre et la coordination de votre enfant avec notre lot de 2 d\u00f4mes d&rsquo;\u00e9quilibre \u00e0 picots pour parcours psychomotricit\u00e9. Un outil ludique et \u00e9ducatif.<\/p>","protected":false},"featured_media":4315,"comment_status":"open","ping_status":"closed","template":"","meta":{"_uag_custom_page_level_css":"","site-sidebar-layout":"default","site-content-layout":"","ast-site-content-layout":"default","site-content-style":"default","site-sidebar-style":"default","ast-global-header-display":"","ast-banner-title-visibility":"","ast-main-header-display":"","ast-hfb-above-header-display":"","ast-hfb-below-header-display":"","ast-hfb-mobile-header-display":"","site-post-title":"","ast-breadcrumbs-content":"","ast-featured-img":"","footer-sml-layout":"","theme-transparent-header-meta":"default","adv-header-id-meta":"","stick-header-meta":"","header-above-stick-meta":"","header-main-stick-meta":"","header-below-stick-meta":"","astra-migrate-meta-layouts":"set","ast-page-background-enabled":"default","ast-page-background-meta":{"desktop":{"background-color":"","background-image":"","background-repeat":"repeat","background-position":"center center","background-size":"auto","background-attachment":"scroll","background-type":"","background-media":"","overlay-type":"","overlay-color":"","overlay-opacity":"","overlay-gradient":""},"tablet":{"background-color":"","background-image":"","background-repeat":"repeat","background-position":"center center","background-size":"auto","background-attachment":"scroll","background-type":"","background-media":"","overlay-type":"","overlay-color":"","overlay-opacity":"","overlay-gradient":""},"mobile":{"background-color":"","background-image":"","background-repeat":"repeat","background-position":"center center","background-size":"auto","background-attachment":"scroll","background-type":"","background-media":"","overlay-type":"","overlay-color":"","overlay-opacity":"","overlay-gradient":""}},"ast-content-background-meta":{"desktop":{"background-color":"var(--ast-global-color-5)","background-image":"","background-repeat":"repeat","background-position":"center center","background-size":"auto","background-attachment":"scroll","background-type":"","background-media":"","overlay-type":"","overlay-color":"","overlay-opacity":"","overlay-gradient":""},"tablet":{"background-color":"var(--ast-global-color-5)","background-image":"","background-repeat":"repeat","background-position":"center center","background-size":"auto","background-attachment":"scroll","background-type":"","background-media":"","overlay-type":"","overlay-color":"","overlay-opacity":"","overlay-gradient":""},"mobile":{"background-color":"var(--ast-global-color-5)","background-image":"","background-repeat":"repeat","background-position":"center center","background-size":"auto","background-attachment":"scroll","background-type":"","background-media":"","overlay-type":"","overlay-color":"","overlay-opacity":"","overlay-gradient":""}}},"product_cat":[52,98,78,80,79,42,90,99,115,100,89,63,114,116],"product_tag":[],"class_list":{"0":"post-4311","1":"product","2":"type-product","3":"status-publish","4":"has-post-thumbnail","6":"product_cat-jouets-de-therapie-au-maroc","7":"product_cat-reeducation-sensori-motrice","8":"product_cat-materiel-de-kinesitherapie","9":"product_cat-materiel-de-orthophonie","10":"product_cat-materiel-de-psychomotricite","11":"product_cat-materiel-de-reeducation","12":"product_cat-motricite","13":"product_cat-reeducation-motrice","14":"product_cat-reeducation-neurologique","15":"product_cat-renforcement-musculaire","16":"product_cat-sensorialite","17":"product_cat-tous-les-produits","18":"product_cat-tout-le-materiel-de-kinesitherapie","19":"product_cat-tout-le-materiel-de-reeducation","20":"desktop-align-left","21":"tablet-align-left","22":"mobile-align-left","24":"first","25":"instock","26":"sale","27":"featured","28":"shipping-taxable","29":"purchasable","30":"product-type-simple"},"yoast_head":"<!-- This site is optimized with the Yoast SEO plugin v23.5 - https:\/\/yoast.com\/wordpress\/plugins\/seo\/ -->\n<title>D\u00f4me d\u2019\u00c9quilibre \u00e0 Picots pour Enfants Lot de 2 au Maroc<\/title>\n<meta name=\"description\" content=\"Stimulez l&#039;\u00e9quilibre et la coordination de votre enfant avec notre lot de 2 d\u00f4mes d&#039;\u00e9quilibre \u00e0 picots pour parcours psychomotricit\u00e9. Un outil ludique et \u00e9ducatif au Maroc\" \/>\n<meta name=\"robots\" content=\"index, follow, max-snippet:-1, max-image-preview:large, max-video-preview:-1\" \/>\n<link rel=\"canonical\" href=\"https:\/\/otmaroc.com\/ar\/product\/dome-dequilibre-a-picots-parcours-psychomotricite-pour-enfant-lot-de-2\/\" \/>\n<meta property=\"og:locale\" content=\"ar_AR\" \/>\n<meta property=\"og:type\" content=\"article\" \/>\n<meta property=\"og:title\" content=\"D\u00f4me d\u2019\u00c9quilibre \u00e0 Picots pour Enfants Lot de 2 au Maroc\" \/>\n<meta property=\"og:description\" content=\"Stimulez l&#039;\u00e9quilibre et la coordination de votre enfant avec notre lot de 2 d\u00f4mes d&#039;\u00e9quilibre \u00e0 picots pour parcours psychomotricit\u00e9. Un outil ludique et \u00e9ducatif au Maroc\" \/>\n<meta property=\"og:url\" content=\"https:\/\/otmaroc.com\/ar\/product\/dome-dequilibre-a-picots-parcours-psychomotricite-pour-enfant-lot-de-2\/\" \/>\n<meta property=\"og:site_name\" content=\"OTMAROC\" \/>\n<meta property=\"article:publisher\" content=\"https:\/\/www.facebook.com\/profile.php?id=61565107472257\" \/>\n<meta property=\"article:modified_time\" content=\"2025-08-04T03:26:20+00:00\" \/>\n<meta property=\"og:image\" content=\"https:\/\/otmaroc.com\/wp-content\/uploads\/2025\/03\/www.otmaroc.com-0623512008-otmaroc2024@gmail.com-90.png\" \/>\n\t<meta property=\"og:image:width\" content=\"1080\" \/>\n\t<meta property=\"og:image:height\" content=\"1080\" \/>\n\t<meta property=\"og:image:type\" content=\"image\/png\" \/>\n<meta name=\"twitter:card\" content=\"summary_large_image\" \/>\n<meta name=\"twitter:label1\" content=\"\u0648\u0642\u062a \u0627\u0644\u0642\u0631\u0627\u0621\u0629 \u0627\u0644\u0645\u064f\u0642\u062f\u0651\u0631\" \/>\n\t<meta name=\"twitter:data1\" content=\"\u062f\u0642\u064a\u0642\u062a\u0627\u0646\" \/>\n<script type=\"application\/ld+json\" class=\"yoast-schema-graph\">{\"@context\":\"https:\/\/schema.org\",\"@graph\":[{\"@type\":\"WebPage\",\"@id\":\"https:\/\/otmaroc.com\/product\/dome-dequilibre-a-picots-parcours-psychomotricite-pour-enfant-lot-de-2\/\",\"url\":\"https:\/\/otmaroc.com\/product\/dome-dequilibre-a-picots-parcours-psychomotricite-pour-enfant-lot-de-2\/\",\"name\":\"D\u00f4me d\u2019\u00c9quilibre \u00e0 Picots pour Enfants Lot de 2 au Maroc\",\"isPartOf\":{\"@id\":\"https:\/\/otmaroc.com\/#website\"},\"primaryImageOfPage\":{\"@id\":\"https:\/\/otmaroc.com\/product\/dome-dequilibre-a-picots-parcours-psychomotricite-pour-enfant-lot-de-2\/#primaryimage\"},\"image\":{\"@id\":\"https:\/\/otmaroc.com\/product\/dome-dequilibre-a-picots-parcours-psychomotricite-pour-enfant-lot-de-2\/#primaryimage\"},\"thumbnailUrl\":\"https:\/\/otmaroc.com\/wp-content\/uploads\/2025\/03\/www.otmaroc.com-0623512008-otmaroc2024@gmail.com-90.png\",\"datePublished\":\"2025-03-11T10:13:50+00:00\",\"dateModified\":\"2025-08-04T03:26:20+00:00\",\"description\":\"Stimulez l'\u00e9quilibre et la coordination de votre enfant avec notre lot de 2 d\u00f4mes d'\u00e9quilibre \u00e0 picots pour parcours psychomotricit\u00e9. Un outil ludique et \u00e9ducatif au Maroc\",\"breadcrumb\":{\"@id\":\"https:\/\/otmaroc.com\/product\/dome-dequilibre-a-picots-parcours-psychomotricite-pour-enfant-lot-de-2\/#breadcrumb\"},\"inLanguage\":\"ar\",\"potentialAction\":[{\"@type\":\"ReadAction\",\"target\":[\"https:\/\/otmaroc.com\/product\/dome-dequilibre-a-picots-parcours-psychomotricite-pour-enfant-lot-de-2\/\"]}]},{\"@type\":\"ImageObject\",\"inLanguage\":\"ar\",\"@id\":\"https:\/\/otmaroc.com\/product\/dome-dequilibre-a-picots-parcours-psychomotricite-pour-enfant-lot-de-2\/#primaryimage\",\"url\":\"https:\/\/otmaroc.com\/wp-content\/uploads\/2025\/03\/www.otmaroc.com-0623512008-otmaroc2024@gmail.com-90.png\",\"contentUrl\":\"https:\/\/otmaroc.com\/wp-content\/uploads\/2025\/03\/www.otmaroc.com-0623512008-otmaroc2024@gmail.com-90.png\",\"width\":1080,\"height\":1080},{\"@type\":\"BreadcrumbList\",\"@id\":\"https:\/\/otmaroc.com\/product\/dome-dequilibre-a-picots-parcours-psychomotricite-pour-enfant-lot-de-2\/#breadcrumb\",\"itemListElement\":[{\"@type\":\"ListItem\",\"position\":1,\"name\":\"Home\",\"item\":\"https:\/\/otmaroc.com\/\"},{\"@type\":\"ListItem\",\"position\":2,\"name\":\"Products\",\"item\":\"https:\/\/otmaroc.com\/store\/\"},{\"@type\":\"ListItem\",\"position\":3,\"name\":\"Dome d\u2019\u00e9quilibre \u00e0 picots parcours psychomotricit\u00e9 pour enfant \u2013 Lot de 2\"}]},{\"@type\":\"WebSite\",\"@id\":\"https:\/\/otmaroc.com\/#website\",\"url\":\"https:\/\/otmaroc.com\/\",\"name\":\"OTMAROC\",\"description\":\"The number one website in morocco for occupational therapy\",\"publisher\":{\"@id\":\"https:\/\/otmaroc.com\/#organization\"},\"potentialAction\":[{\"@type\":\"SearchAction\",\"target\":{\"@type\":\"EntryPoint\",\"urlTemplate\":\"https:\/\/otmaroc.com\/?s={search_term_string}\"},\"query-input\":{\"@type\":\"PropertyValueSpecification\",\"valueRequired\":true,\"valueName\":\"search_term_string\"}}],\"inLanguage\":\"ar\"},{\"@type\":\"Organization\",\"@id\":\"https:\/\/otmaroc.com\/#organization\",\"name\":\"OTMAROC\",\"url\":\"https:\/\/otmaroc.com\/\",\"logo\":{\"@type\":\"ImageObject\",\"inLanguage\":\"ar\",\"@id\":\"https:\/\/otmaroc.com\/#\/schema\/logo\/image\/\",\"url\":\"https:\/\/otmaroc.com\/wp-content\/uploads\/2024\/08\/cropped-cropped-Black_White_Yellow_Simple_Initial_Name_Logo-removebg-preview-2.png\",\"contentUrl\":\"https:\/\/otmaroc.com\/wp-content\/uploads\/2024\/08\/cropped-cropped-Black_White_Yellow_Simple_Initial_Name_Logo-removebg-preview-2.png\",\"width\":298,\"height\":192,\"caption\":\"OTMAROC\"},\"image\":{\"@id\":\"https:\/\/otmaroc.com\/#\/schema\/logo\/image\/\"},\"sameAs\":[\"https:\/\/www.facebook.com\/profile.php?id=61565107472257\",\"https:\/\/www.instagram.com\/otmaroc2024\/\",\"https:\/\/www.youtube.com\/@othmaneksaibar6763\",\"https:\/\/api.whatsapp.com\/send?phone=2120623512008\"]}]}<\/script>\n<!-- \/ Yoast SEO plugin. -->","yoast_head_json":{"title":"D\u00f4me d\u2019\u00c9quilibre \u00e0 Picots pour Enfants Lot de 2 au Maroc","description":"Stimulez l'\u00e9quilibre et la coordination de votre enfant avec notre lot de 2 d\u00f4mes d'\u00e9quilibre \u00e0 picots pour parcours psychomotricit\u00e9. Un outil ludique et \u00e9ducatif au Maroc","robots":{"index":"index","follow":"follow","max-snippet":"max-snippet:-1","max-image-preview":"max-image-preview:large","max-video-preview":"max-video-preview:-1"},"canonical":"https:\/\/otmaroc.com\/ar\/product\/dome-dequilibre-a-picots-parcours-psychomotricite-pour-enfant-lot-de-2\/","og_locale":"ar_AR","og_type":"article","og_title":"D\u00f4me d\u2019\u00c9quilibre \u00e0 Picots pour Enfants Lot de 2 au Maroc","og_description":"Stimulez l'\u00e9quilibre et la coordination de votre enfant avec notre lot de 2 d\u00f4mes d'\u00e9quilibre \u00e0 picots pour parcours psychomotricit\u00e9. Un outil ludique et \u00e9ducatif au Maroc","og_url":"https:\/\/otmaroc.com\/ar\/product\/dome-dequilibre-a-picots-parcours-psychomotricite-pour-enfant-lot-de-2\/","og_site_name":"OTMAROC","article_publisher":"https:\/\/www.facebook.com\/profile.php?id=61565107472257","article_modified_time":"2025-08-04T03:26:20+00:00","og_image":[{"width":1080,"height":1080,"url":"https:\/\/otmaroc.com\/wp-content\/uploads\/2025\/03\/www.otmaroc.com-0623512008-otmaroc2024@gmail.com-90.png","type":"image\/png"}],"twitter_card":"summary_large_image","twitter_misc":{"\u0648\u0642\u062a \u0627\u0644\u0642\u0631\u0627\u0621\u0629 \u0627\u0644\u0645\u064f\u0642\u062f\u0651\u0631":"\u062f\u0642\u064a\u0642\u062a\u0627\u0646"},"schema":{"@context":"https:\/\/schema.org","@graph":[{"@type":"WebPage","@id":"https:\/\/otmaroc.com\/product\/dome-dequilibre-a-picots-parcours-psychomotricite-pour-enfant-lot-de-2\/","url":"https:\/\/otmaroc.com\/product\/dome-dequilibre-a-picots-parcours-psychomotricite-pour-enfant-lot-de-2\/","name":"D\u00f4me d\u2019\u00c9quilibre \u00e0 Picots pour Enfants Lot de 2 au Maroc","isPartOf":{"@id":"https:\/\/otmaroc.com\/#website"},"primaryImageOfPage":{"@id":"https:\/\/otmaroc.com\/product\/dome-dequilibre-a-picots-parcours-psychomotricite-pour-enfant-lot-de-2\/#primaryimage"},"image":{"@id":"https:\/\/otmaroc.com\/product\/dome-dequilibre-a-picots-parcours-psychomotricite-pour-enfant-lot-de-2\/#primaryimage"},"thumbnailUrl":"https:\/\/otmaroc.com\/wp-content\/uploads\/2025\/03\/www.otmaroc.com-0623512008-otmaroc2024@gmail.com-90.png","datePublished":"2025-03-11T10:13:50+00:00","dateModified":"2025-08-04T03:26:20+00:00","description":"Stimulez l'\u00e9quilibre et la coordination de votre enfant avec notre lot de 2 d\u00f4mes d'\u00e9quilibre \u00e0 picots pour parcours psychomotricit\u00e9. Un outil ludique et \u00e9ducatif au Maroc","breadcrumb":{"@id":"https:\/\/otmaroc.com\/product\/dome-dequilibre-a-picots-parcours-psychomotricite-pour-enfant-lot-de-2\/#breadcrumb"},"inLanguage":"ar","potentialAction":[{"@type":"ReadAction","target":["https:\/\/otmaroc.com\/product\/dome-dequilibre-a-picots-parcours-psychomotricite-pour-enfant-lot-de-2\/"]}]},{"@type":"ImageObject","inLanguage":"ar","@id":"https:\/\/otmaroc.com\/product\/dome-dequilibre-a-picots-parcours-psychomotricite-pour-enfant-lot-de-2\/#primaryimage","url":"https:\/\/otmaroc.com\/wp-content\/uploads\/2025\/03\/www.otmaroc.com-0623512008-otmaroc2024@gmail.com-90.png","contentUrl":"https:\/\/otmaroc.com\/wp-content\/uploads\/2025\/03\/www.otmaroc.com-0623512008-otmaroc2024@gmail.com-90.png","width":1080,"height":1080},{"@type":"BreadcrumbList","@id":"https:\/\/otmaroc.com\/product\/dome-dequilibre-a-picots-parcours-psychomotricite-pour-enfant-lot-de-2\/#breadcrumb","itemListElement":[{"@type":"ListItem","position":1,"name":"Home","item":"https:\/\/otmaroc.com\/"},{"@type":"ListItem","position":2,"name":"Products","item":"https:\/\/otmaroc.com\/store\/"},{"@type":"ListItem","position":3,"name":"Dome d\u2019\u00e9quilibre \u00e0 picots parcours psychomotricit\u00e9 pour enfant \u2013 Lot de 2"}]},{"@type":"WebSite","@id":"https:\/\/otmaroc.com\/#website","url":"https:\/\/otmaroc.com\/","name":"OTMAROC","description":"The number one website in morocco for occupational therapy","publisher":{"@id":"https:\/\/otmaroc.com\/#organization"},"potentialAction":[{"@type":"SearchAction","target":{"@type":"EntryPoint","urlTemplate":"https:\/\/otmaroc.com\/?s={search_term_string}"},"query-input":{"@type":"PropertyValueSpecification","valueRequired":true,"valueName":"search_term_string"}}],"inLanguage":"ar"},{"@type":"Organization","@id":"https:\/\/otmaroc.com\/#organization","name":"OTMAROC","url":"https:\/\/otmaroc.com\/","logo":{"@type":"ImageObject","inLanguage":"ar","@id":"https:\/\/otmaroc.com\/#\/schema\/logo\/image\/","url":"https:\/\/otmaroc.com\/wp-content\/uploads\/2024\/08\/cropped-cropped-Black_White_Yellow_Simple_Initial_Name_Logo-removebg-preview-2.png","contentUrl":"https:\/\/otmaroc.com\/wp-content\/uploads\/2024\/08\/cropped-cropped-Black_White_Yellow_Simple_Initial_Name_Logo-removebg-preview-2.png","width":298,"height":192,"caption":"OTMAROC"},"image":{"@id":"https:\/\/otmaroc.com\/#\/schema\/logo\/image\/"},"sameAs":["https:\/\/www.facebook.com\/profile.php?id=61565107472257","https:\/\/www.instagram.com\/otmaroc2024\/","https:\/\/www.youtube.com\/@othmaneksaibar6763","https:\/\/api.whatsapp.com\/send?phone=2120623512008"]}]}},"uagb_featured_image_src":{"full":["https:\/\/otmaroc.com\/wp-content\/uploads\/2025\/03\/www.otmaroc.com-0623512008-otmaroc2024@gmail.com-90.png",1080,1080,false],"thumbnail":["https:\/\/otmaroc.com\/wp-content\/uploads\/2025\/03\/www.otmaroc.com-0623512008-otmaroc2024@gmail.com-90-150x150.png",150,150,true],"medium":["https:\/\/otmaroc.com\/wp-content\/uploads\/2025\/03\/www.otmaroc.com-0623512008-otmaroc2024@gmail.com-90-300x300.png",300,300,true],"medium_large":["https:\/\/otmaroc.com\/wp-content\/uploads\/2025\/03\/www.otmaroc.com-0623512008-otmaroc2024@gmail.com-90-768x768.png",768,768,true],"large":["https:\/\/otmaroc.com\/wp-content\/uploads\/2025\/03\/www.otmaroc.com-0623512008-otmaroc2024@gmail.com-90-1024x1024.png",1024,1024,true],"1536x1536":["https:\/\/otmaroc.com\/wp-content\/uploads\/2025\/03\/www.otmaroc.com-0623512008-otmaroc2024@gmail.com-90.png",1080,1080,false],"2048x2048":["https:\/\/otmaroc.com\/wp-content\/uploads\/2025\/03\/www.otmaroc.com-0623512008-otmaroc2024@gmail.com-90.png",1080,1080,false],"trp-custom-language-flag":["https:\/\/otmaroc.com\/wp-content\/uploads\/2025\/03\/www.otmaroc.com-0623512008-otmaroc2024@gmail.com-90-12x12.png",12,12,true],"woocommerce_thumbnail":["https:\/\/otmaroc.com\/wp-content\/uploads\/2025\/03\/www.otmaroc.com-0623512008-otmaroc2024@gmail.com-90-300x300.png",300,300,true],"woocommerce_single":["https:\/\/otmaroc.com\/wp-content\/uploads\/2025\/03\/www.otmaroc.com-0623512008-otmaroc2024@gmail.com-90-600x600.png",600,600,true],"woocommerce_gallery_thumbnail":["https:\/\/otmaroc.com\/wp-content\/uploads\/2025\/03\/www.otmaroc.com-0623512008-otmaroc2024@gmail.com-90-100x100.png",100,100,true],"dgwt-wcas-product-suggestion":["https:\/\/otmaroc.com\/wp-content\/uploads\/2025\/03\/www.otmaroc.com-0623512008-otmaroc2024@gmail.com-90-64x64.png",64,64,true]},"uagb_author_info":{"display_name":"othmane iptv","author_link":"https:\/\/otmaroc.com\/ar\/author\/"},"uagb_comment_info":2,"uagb_excerpt":"Stimulez l'\u00e9quilibre et la coordination de votre enfant avec notre lot de 2 d\u00f4mes d'\u00e9quilibre \u00e0 picots pour parcours psychomotricit\u00e9. Un outil ludique et \u00e9ducatif.","jetpack_sharing_enabled":true,"_links":{"self":[{"href":"https:\/\/otmaroc.com\/ar\/wp-json\/wp\/v2\/product\/4311"}],"collection":[{"href":"https:\/\/otmaroc.com\/ar\/wp-json\/wp\/v2\/product"}],"about":[{"href":"https:\/\/otmaroc.com\/ar\/wp-json\/wp\/v2\/types\/product"}],"replies":[{"embeddable":true,"href":"https:\/\/otmaroc.com\/ar\/wp-json\/wp\/v2\/comments?post=4311"}],"wp:featuredmedia":[{"embeddable":true,"href":"https:\/\/otmaroc.com\/ar\/wp-json\/wp\/v2\/media\/4315"}],"wp:attachment":[{"href":"https:\/\/otmaroc.com\/ar\/wp-json\/wp\/v2\/media?parent=4311"}],"wp:term":[{"taxonomy":"product_cat","embeddable":true,"href":"https:\/\/otmaroc.com\/ar\/wp-json\/wp\/v2\/product_cat?post=4311"},{"taxonomy":"product_tag","embeddable":true,"href":"https:\/\/otmaroc.com\/ar\/wp-json\/wp\/v2\/product_tag?post=4311"}],"curies":[{"name":"wp","href":"https:\/\/api.w.org\/{rel}","templated":true}]}}