{"id":4279,"date":"2025-03-10T13:54:30","date_gmt":"2025-03-10T13:54:30","guid":{"rendered":"https:\/\/otmaroc.com\/?post_type=product&#038;p=4279"},"modified":"2025-03-29T23:02:32","modified_gmt":"2025-03-29T23:02:32","slug":"planche-montessori-a-enfiler-en-batons-cartes-modeles","status":"publish","type":"product","link":"https:\/\/otmaroc.com\/ar\/product\/planche-montessori-a-enfiler-en-batons-cartes-modeles\/","title":{"rendered":"Planche Montessori \u00e0 enfiler en b\u00e2tons &#038; cartes mod\u00e8les."},"content":{"rendered":"<p data-start=\"111\" data-end=\"520\"><strong data-start=\"111\" data-end=\"170\">Planche Montessori \u00e0 enfiler en b\u00e2tons &amp; cartes mod\u00e8les<\/strong><br data-start=\"170\" data-end=\"173\" \/>Offrez \u00e0 votre enfant un moyen amusant de d\u00e9velopper sa motricit\u00e9 fine avec la Planche Montessori \u00e0 enfiler en b\u00e2tons. Cette bo\u00eete contient une planche en bois carr\u00e9, dot\u00e9e de plusieurs trous pour y ins\u00e9rer des b\u00e2tons multicolores et deux lacets. L\u2019objectif est de reproduire les formes pr\u00e9sentes sur les cartes \u00e0 motifs en utilisant ces \u00e9l\u00e9ments.<\/p>\n<p data-start=\"522\" data-end=\"673\">Ce jeu attire l\u2019attention de l\u2019enfant tout en stimulant son imagination et sa cr\u00e9ativit\u00e9, tout en favorisant la concentration et la dext\u00e9rit\u00e9 manuelle.<\/p>\n<p data-start=\"675\" data-end=\"916\">La Planche Montessori \u00e0 enfiler en b\u00e2tons est un outil id\u00e9al pour l\u2019apprentissage des formes g\u00e9om\u00e9triques simples (triangle, carr\u00e9, rectangle, etc.), mais aussi pour des concepts plus complexes comme la sym\u00e9trie, les angles ou les fractions.<\/p>\n<p data-start=\"918\" data-end=\"1048\">Con\u00e7u selon les principes de la m\u00e9thode Montessori, ce jeu \u00e9ducatif offre de nombreux avantages pour le d\u00e9veloppement de l\u2019enfant.<\/p>\n<p data-start=\"1050\" data-end=\"1075\"><strong data-start=\"1050\" data-end=\"1073\">Apports \u00e9ducatifs :<\/strong><\/p>\n<ul data-start=\"1076\" data-end=\"1338\">\n<li data-start=\"1076\" data-end=\"1164\">D\u00e9veloppe la capacit\u00e9 d\u2019observation, la concentration et la r\u00e9solution de probl\u00e8mes.<\/li>\n<li data-start=\"1165\" data-end=\"1227\">Permet de comprendre les syst\u00e8mes d\u2019enfilage et de la\u00e7age.<\/li>\n<li data-start=\"1228\" data-end=\"1286\">Stimule la motricit\u00e9 fine et la coordination main-\u0153il.<\/li>\n<li data-start=\"1287\" data-end=\"1338\">Enrichit le vocabulaire et stimule l\u2019imagination.<\/li>\n<\/ul>\n<p data-start=\"1340\" data-end=\"1364\"><strong data-start=\"1340\" data-end=\"1362\">Caract\u00e9ristiques :<\/strong><\/p>\n<ul data-start=\"1365\" data-end=\"1514\">\n<li data-start=\"1365\" data-end=\"1403\">\u00c2ge recommand\u00e9 : \u00e0 partir de 3 ans<\/li>\n<li data-start=\"1404\" data-end=\"1472\">Contenu : 15 b\u00e2tons, 2 lacets, 10 cartes recto-verso de 23&#215;23 cm<\/li>\n<li data-start=\"1473\" data-end=\"1514\">Dimensions de la bo\u00eete : 24 x 23 x 4 cm<\/li>\n<\/ul>","protected":false},"excerpt":{"rendered":"<p>D\u00e9couvrez la planche Montessori \u00e0 enfiler en b\u00e2tons, id\u00e9ale pour stimuler la motricit\u00e9 fine et la cr\u00e9ativit\u00e9 de vos enfants. Livr\u00e9e avec des cartes mod\u00e8les pour un apprentissage amusant et p\u00e9dagogique. Disponible au Maroc.<\/p>","protected":false},"featured_media":4284,"comment_status":"open","ping_status":"closed","template":"","meta":{"_uag_custom_page_level_css":"","site-sidebar-layout":"default","site-content-layout":"","ast-site-content-layout":"default","site-content-style":"default","site-sidebar-style":"default","ast-global-header-display":"","ast-banner-title-visibility":"","ast-main-header-display":"","ast-hfb-above-header-display":"","ast-hfb-below-header-display":"","ast-hfb-mobile-header-display":"","site-post-title":"","ast-breadcrumbs-content":"","ast-featured-img":"","footer-sml-layout":"","theme-transparent-header-meta":"default","adv-header-id-meta":"","stick-header-meta":"","header-above-stick-meta":"","header-main-stick-meta":"","header-below-stick-meta":"","astra-migrate-meta-layouts":"set","ast-page-background-enabled":"default","ast-page-background-meta":{"desktop":{"background-color":"","background-image":"","background-repeat":"repeat","background-position":"center center","background-size":"auto","background-attachment":"scroll","background-type":"","background-media":"","overlay-type":"","overlay-color":"","overlay-opacity":"","overlay-gradient":""},"tablet":{"background-color":"","background-image":"","background-repeat":"repeat","background-position":"center center","background-size":"auto","background-attachment":"scroll","background-type":"","background-media":"","overlay-type":"","overlay-color":"","overlay-opacity":"","overlay-gradient":""},"mobile":{"background-color":"","background-image":"","background-repeat":"repeat","background-position":"center center","background-size":"auto","background-attachment":"scroll","background-type":"","background-media":"","overlay-type":"","overlay-color":"","overlay-opacity":"","overlay-gradient":""}},"ast-content-background-meta":{"desktop":{"background-color":"var(--ast-global-color-5)","background-image":"","background-repeat":"repeat","background-position":"center center","background-size":"auto","background-attachment":"scroll","background-type":"","background-media":"","overlay-type":"","overlay-color":"","overlay-opacity":"","overlay-gradient":""},"tablet":{"background-color":"var(--ast-global-color-5)","background-image":"","background-repeat":"repeat","background-position":"center center","background-size":"auto","background-attachment":"scroll","background-type":"","background-media":"","overlay-type":"","overlay-color":"","overlay-opacity":"","overlay-gradient":""},"mobile":{"background-color":"var(--ast-global-color-5)","background-image":"","background-repeat":"repeat","background-position":"center center","background-size":"auto","background-attachment":"scroll","background-type":"","background-media":"","overlay-type":"","overlay-color":"","overlay-opacity":"","overlay-gradient":""}}},"product_cat":[94,147,52,78,80,79,42,90,99,103,63,114,116],"product_tag":[],"class_list":{"0":"post-4279","1":"product","2":"type-product","3":"status-publish","4":"has-post-thumbnail","6":"product_cat-creativite","7":"product_cat-ecriture","8":"product_cat-jouets-de-therapie-au-maroc","9":"product_cat-materiel-de-kinesitherapie","10":"product_cat-materiel-de-orthophonie","11":"product_cat-materiel-de-psychomotricite","12":"product_cat-materiel-de-reeducation","13":"product_cat-motricite","14":"product_cat-reeducation-motrice","15":"product_cat-tous-les-jeux-educatifs-et-therapeutiques","16":"product_cat-tous-les-produits","17":"product_cat-tout-le-materiel-de-kinesitherapie","18":"product_cat-tout-le-materiel-de-reeducation","19":"desktop-align-left","20":"tablet-align-left","21":"mobile-align-left","23":"first","24":"instock","25":"featured","26":"shipping-taxable","27":"purchasable","28":"product-type-simple"},"yoast_head":"<!-- This site is optimized with the Yoast SEO plugin v23.5 - https:\/\/yoast.com\/wordpress\/plugins\/seo\/ -->\n<title>Planche Montessori \u00e0 Enfiler en B\u00e2tons &amp; Cartes Mod\u00e8les au Maroc<\/title>\n<meta name=\"description\" content=\"D\u00e9couvrez la planche Montessori \u00e0 enfiler en b\u00e2tons, id\u00e9ale pour stimuler la motricit\u00e9 fine et la cr\u00e9ativit\u00e9 de vos enfants. Livr\u00e9e avec des cartes mod\u00e8les pour un apprentissage amusant et p\u00e9dagogique. Disponible au Maroc.\" \/>\n<meta name=\"robots\" content=\"index, follow, max-snippet:-1, max-image-preview:large, max-video-preview:-1\" \/>\n<link rel=\"canonical\" href=\"https:\/\/otmaroc.com\/ar\/product\/planche-montessori-a-enfiler-en-batons-cartes-modeles\/\" \/>\n<meta property=\"og:locale\" content=\"ar_AR\" \/>\n<meta property=\"og:type\" content=\"article\" \/>\n<meta property=\"og:title\" content=\"Planche Montessori \u00e0 Enfiler en B\u00e2tons &amp; Cartes Mod\u00e8les au Maroc\" \/>\n<meta property=\"og:description\" content=\"D\u00e9couvrez la planche Montessori \u00e0 enfiler en b\u00e2tons, id\u00e9ale pour stimuler la motricit\u00e9 fine et la cr\u00e9ativit\u00e9 de vos enfants. Livr\u00e9e avec des cartes mod\u00e8les pour un apprentissage amusant et p\u00e9dagogique. Disponible au Maroc.\" \/>\n<meta property=\"og:url\" content=\"https:\/\/otmaroc.com\/ar\/product\/planche-montessori-a-enfiler-en-batons-cartes-modeles\/\" \/>\n<meta property=\"og:site_name\" content=\"OTMAROC\" \/>\n<meta property=\"article:publisher\" content=\"https:\/\/www.facebook.com\/profile.php?id=61565107472257\" \/>\n<meta property=\"article:modified_time\" content=\"2025-03-29T23:02:32+00:00\" \/>\n<meta property=\"og:image\" content=\"https:\/\/otmaroc.com\/wp-content\/uploads\/2025\/03\/www.otmaroc.com-0623512008-otmaroc2024@gmail.com-85.png\" \/>\n\t<meta property=\"og:image:width\" content=\"1080\" \/>\n\t<meta property=\"og:image:height\" content=\"1080\" \/>\n\t<meta property=\"og:image:type\" content=\"image\/png\" \/>\n<meta name=\"twitter:card\" content=\"summary_large_image\" \/>\n<meta name=\"twitter:label1\" content=\"\u0648\u0642\u062a \u0627\u0644\u0642\u0631\u0627\u0621\u0629 \u0627\u0644\u0645\u064f\u0642\u062f\u0651\u0631\" \/>\n\t<meta name=\"twitter:data1\" content=\"\u062f\u0642\u064a\u0642\u062a\u0627\u0646\" \/>\n<script type=\"application\/ld+json\" class=\"yoast-schema-graph\">{\"@context\":\"https:\/\/schema.org\",\"@graph\":[{\"@type\":\"WebPage\",\"@id\":\"https:\/\/otmaroc.com\/product\/planche-montessori-a-enfiler-en-batons-cartes-modeles\/\",\"url\":\"https:\/\/otmaroc.com\/product\/planche-montessori-a-enfiler-en-batons-cartes-modeles\/\",\"name\":\"Planche Montessori \u00e0 Enfiler en B\u00e2tons & Cartes Mod\u00e8les au Maroc\",\"isPartOf\":{\"@id\":\"https:\/\/otmaroc.com\/#website\"},\"primaryImageOfPage\":{\"@id\":\"https:\/\/otmaroc.com\/product\/planche-montessori-a-enfiler-en-batons-cartes-modeles\/#primaryimage\"},\"image\":{\"@id\":\"https:\/\/otmaroc.com\/product\/planche-montessori-a-enfiler-en-batons-cartes-modeles\/#primaryimage\"},\"thumbnailUrl\":\"https:\/\/otmaroc.com\/wp-content\/uploads\/2025\/03\/www.otmaroc.com-0623512008-otmaroc2024@gmail.com-85.png\",\"datePublished\":\"2025-03-10T13:54:30+00:00\",\"dateModified\":\"2025-03-29T23:02:32+00:00\",\"description\":\"D\u00e9couvrez la planche Montessori \u00e0 enfiler en b\u00e2tons, id\u00e9ale pour stimuler la motricit\u00e9 fine et la cr\u00e9ativit\u00e9 de vos enfants. Livr\u00e9e avec des cartes mod\u00e8les pour un apprentissage amusant et p\u00e9dagogique. Disponible au Maroc.\",\"breadcrumb\":{\"@id\":\"https:\/\/otmaroc.com\/product\/planche-montessori-a-enfiler-en-batons-cartes-modeles\/#breadcrumb\"},\"inLanguage\":\"ar\",\"potentialAction\":[{\"@type\":\"ReadAction\",\"target\":[\"https:\/\/otmaroc.com\/product\/planche-montessori-a-enfiler-en-batons-cartes-modeles\/\"]}]},{\"@type\":\"ImageObject\",\"inLanguage\":\"ar\",\"@id\":\"https:\/\/otmaroc.com\/product\/planche-montessori-a-enfiler-en-batons-cartes-modeles\/#primaryimage\",\"url\":\"https:\/\/otmaroc.com\/wp-content\/uploads\/2025\/03\/www.otmaroc.com-0623512008-otmaroc2024@gmail.com-85.png\",\"contentUrl\":\"https:\/\/otmaroc.com\/wp-content\/uploads\/2025\/03\/www.otmaroc.com-0623512008-otmaroc2024@gmail.com-85.png\",\"width\":1080,\"height\":1080},{\"@type\":\"BreadcrumbList\",\"@id\":\"https:\/\/otmaroc.com\/product\/planche-montessori-a-enfiler-en-batons-cartes-modeles\/#breadcrumb\",\"itemListElement\":[{\"@type\":\"ListItem\",\"position\":1,\"name\":\"Home\",\"item\":\"https:\/\/otmaroc.com\/\"},{\"@type\":\"ListItem\",\"position\":2,\"name\":\"Products\",\"item\":\"https:\/\/otmaroc.com\/store\/\"},{\"@type\":\"ListItem\",\"position\":3,\"name\":\"Planche Montessori \u00e0 enfiler en b\u00e2tons &#038; cartes mod\u00e8les.\"}]},{\"@type\":\"WebSite\",\"@id\":\"https:\/\/otmaroc.com\/#website\",\"url\":\"https:\/\/otmaroc.com\/\",\"name\":\"OTMAROC\",\"description\":\"The number one website in morocco for occupational therapy\",\"publisher\":{\"@id\":\"https:\/\/otmaroc.com\/#organization\"},\"potentialAction\":[{\"@type\":\"SearchAction\",\"target\":{\"@type\":\"EntryPoint\",\"urlTemplate\":\"https:\/\/otmaroc.com\/?s={search_term_string}\"},\"query-input\":{\"@type\":\"PropertyValueSpecification\",\"valueRequired\":true,\"valueName\":\"search_term_string\"}}],\"inLanguage\":\"ar\"},{\"@type\":\"Organization\",\"@id\":\"https:\/\/otmaroc.com\/#organization\",\"name\":\"OTMAROC\",\"url\":\"https:\/\/otmaroc.com\/\",\"logo\":{\"@type\":\"ImageObject\",\"inLanguage\":\"ar\",\"@id\":\"https:\/\/otmaroc.com\/#\/schema\/logo\/image\/\",\"url\":\"https:\/\/otmaroc.com\/wp-content\/uploads\/2024\/08\/cropped-cropped-Black_White_Yellow_Simple_Initial_Name_Logo-removebg-preview-2.png\",\"contentUrl\":\"https:\/\/otmaroc.com\/wp-content\/uploads\/2024\/08\/cropped-cropped-Black_White_Yellow_Simple_Initial_Name_Logo-removebg-preview-2.png\",\"width\":298,\"height\":192,\"caption\":\"OTMAROC\"},\"image\":{\"@id\":\"https:\/\/otmaroc.com\/#\/schema\/logo\/image\/\"},\"sameAs\":[\"https:\/\/www.facebook.com\/profile.php?id=61565107472257\",\"https:\/\/www.instagram.com\/otmaroc2024\/\",\"https:\/\/www.youtube.com\/@othmaneksaibar6763\",\"https:\/\/api.whatsapp.com\/send?phone=2120623512008\"]}]}<\/script>\n<!-- \/ Yoast SEO plugin. -->","yoast_head_json":{"title":"Planche Montessori \u00e0 Enfiler en B\u00e2tons & Cartes Mod\u00e8les au Maroc","description":"D\u00e9couvrez la planche Montessori \u00e0 enfiler en b\u00e2tons, id\u00e9ale pour stimuler la motricit\u00e9 fine et la cr\u00e9ativit\u00e9 de vos enfants. Livr\u00e9e avec des cartes mod\u00e8les pour un apprentissage amusant et p\u00e9dagogique. Disponible au Maroc.","robots":{"index":"index","follow":"follow","max-snippet":"max-snippet:-1","max-image-preview":"max-image-preview:large","max-video-preview":"max-video-preview:-1"},"canonical":"https:\/\/otmaroc.com\/ar\/product\/planche-montessori-a-enfiler-en-batons-cartes-modeles\/","og_locale":"ar_AR","og_type":"article","og_title":"Planche Montessori \u00e0 Enfiler en B\u00e2tons & Cartes Mod\u00e8les au Maroc","og_description":"D\u00e9couvrez la planche Montessori \u00e0 enfiler en b\u00e2tons, id\u00e9ale pour stimuler la motricit\u00e9 fine et la cr\u00e9ativit\u00e9 de vos enfants. Livr\u00e9e avec des cartes mod\u00e8les pour un apprentissage amusant et p\u00e9dagogique. Disponible au Maroc.","og_url":"https:\/\/otmaroc.com\/ar\/product\/planche-montessori-a-enfiler-en-batons-cartes-modeles\/","og_site_name":"OTMAROC","article_publisher":"https:\/\/www.facebook.com\/profile.php?id=61565107472257","article_modified_time":"2025-03-29T23:02:32+00:00","og_image":[{"width":1080,"height":1080,"url":"https:\/\/otmaroc.com\/wp-content\/uploads\/2025\/03\/www.otmaroc.com-0623512008-otmaroc2024@gmail.com-85.png","type":"image\/png"}],"twitter_card":"summary_large_image","twitter_misc":{"\u0648\u0642\u062a \u0627\u0644\u0642\u0631\u0627\u0621\u0629 \u0627\u0644\u0645\u064f\u0642\u062f\u0651\u0631":"\u062f\u0642\u064a\u0642\u062a\u0627\u0646"},"schema":{"@context":"https:\/\/schema.org","@graph":[{"@type":"WebPage","@id":"https:\/\/otmaroc.com\/product\/planche-montessori-a-enfiler-en-batons-cartes-modeles\/","url":"https:\/\/otmaroc.com\/product\/planche-montessori-a-enfiler-en-batons-cartes-modeles\/","name":"Planche Montessori \u00e0 Enfiler en B\u00e2tons & Cartes Mod\u00e8les au Maroc","isPartOf":{"@id":"https:\/\/otmaroc.com\/#website"},"primaryImageOfPage":{"@id":"https:\/\/otmaroc.com\/product\/planche-montessori-a-enfiler-en-batons-cartes-modeles\/#primaryimage"},"image":{"@id":"https:\/\/otmaroc.com\/product\/planche-montessori-a-enfiler-en-batons-cartes-modeles\/#primaryimage"},"thumbnailUrl":"https:\/\/otmaroc.com\/wp-content\/uploads\/2025\/03\/www.otmaroc.com-0623512008-otmaroc2024@gmail.com-85.png","datePublished":"2025-03-10T13:54:30+00:00","dateModified":"2025-03-29T23:02:32+00:00","description":"D\u00e9couvrez la planche Montessori \u00e0 enfiler en b\u00e2tons, id\u00e9ale pour stimuler la motricit\u00e9 fine et la cr\u00e9ativit\u00e9 de vos enfants. Livr\u00e9e avec des cartes mod\u00e8les pour un apprentissage amusant et p\u00e9dagogique. Disponible au Maroc.","breadcrumb":{"@id":"https:\/\/otmaroc.com\/product\/planche-montessori-a-enfiler-en-batons-cartes-modeles\/#breadcrumb"},"inLanguage":"ar","potentialAction":[{"@type":"ReadAction","target":["https:\/\/otmaroc.com\/product\/planche-montessori-a-enfiler-en-batons-cartes-modeles\/"]}]},{"@type":"ImageObject","inLanguage":"ar","@id":"https:\/\/otmaroc.com\/product\/planche-montessori-a-enfiler-en-batons-cartes-modeles\/#primaryimage","url":"https:\/\/otmaroc.com\/wp-content\/uploads\/2025\/03\/www.otmaroc.com-0623512008-otmaroc2024@gmail.com-85.png","contentUrl":"https:\/\/otmaroc.com\/wp-content\/uploads\/2025\/03\/www.otmaroc.com-0623512008-otmaroc2024@gmail.com-85.png","width":1080,"height":1080},{"@type":"BreadcrumbList","@id":"https:\/\/otmaroc.com\/product\/planche-montessori-a-enfiler-en-batons-cartes-modeles\/#breadcrumb","itemListElement":[{"@type":"ListItem","position":1,"name":"Home","item":"https:\/\/otmaroc.com\/"},{"@type":"ListItem","position":2,"name":"Products","item":"https:\/\/otmaroc.com\/store\/"},{"@type":"ListItem","position":3,"name":"Planche Montessori \u00e0 enfiler en b\u00e2tons &#038; cartes mod\u00e8les."}]},{"@type":"WebSite","@id":"https:\/\/otmaroc.com\/#website","url":"https:\/\/otmaroc.com\/","name":"OTMAROC","description":"The number one website in morocco for occupational therapy","publisher":{"@id":"https:\/\/otmaroc.com\/#organization"},"potentialAction":[{"@type":"SearchAction","target":{"@type":"EntryPoint","urlTemplate":"https:\/\/otmaroc.com\/?s={search_term_string}"},"query-input":{"@type":"PropertyValueSpecification","valueRequired":true,"valueName":"search_term_string"}}],"inLanguage":"ar"},{"@type":"Organization","@id":"https:\/\/otmaroc.com\/#organization","name":"OTMAROC","url":"https:\/\/otmaroc.com\/","logo":{"@type":"ImageObject","inLanguage":"ar","@id":"https:\/\/otmaroc.com\/#\/schema\/logo\/image\/","url":"https:\/\/otmaroc.com\/wp-content\/uploads\/2024\/08\/cropped-cropped-Black_White_Yellow_Simple_Initial_Name_Logo-removebg-preview-2.png","contentUrl":"https:\/\/otmaroc.com\/wp-content\/uploads\/2024\/08\/cropped-cropped-Black_White_Yellow_Simple_Initial_Name_Logo-removebg-preview-2.png","width":298,"height":192,"caption":"OTMAROC"},"image":{"@id":"https:\/\/otmaroc.com\/#\/schema\/logo\/image\/"},"sameAs":["https:\/\/www.facebook.com\/profile.php?id=61565107472257","https:\/\/www.instagram.com\/otmaroc2024\/","https:\/\/www.youtube.com\/@othmaneksaibar6763","https:\/\/api.whatsapp.com\/send?phone=2120623512008"]}]}},"uagb_featured_image_src":{"full":["https:\/\/otmaroc.com\/wp-content\/uploads\/2025\/03\/www.otmaroc.com-0623512008-otmaroc2024@gmail.com-85.png",1080,1080,false],"thumbnail":["https:\/\/otmaroc.com\/wp-content\/uploads\/2025\/03\/www.otmaroc.com-0623512008-otmaroc2024@gmail.com-85-150x150.png",150,150,true],"medium":["https:\/\/otmaroc.com\/wp-content\/uploads\/2025\/03\/www.otmaroc.com-0623512008-otmaroc2024@gmail.com-85-300x300.png",300,300,true],"medium_large":["https:\/\/otmaroc.com\/wp-content\/uploads\/2025\/03\/www.otmaroc.com-0623512008-otmaroc2024@gmail.com-85-768x768.png",768,768,true],"large":["https:\/\/otmaroc.com\/wp-content\/uploads\/2025\/03\/www.otmaroc.com-0623512008-otmaroc2024@gmail.com-85-1024x1024.png",1024,1024,true],"1536x1536":["https:\/\/otmaroc.com\/wp-content\/uploads\/2025\/03\/www.otmaroc.com-0623512008-otmaroc2024@gmail.com-85.png",1080,1080,false],"2048x2048":["https:\/\/otmaroc.com\/wp-content\/uploads\/2025\/03\/www.otmaroc.com-0623512008-otmaroc2024@gmail.com-85.png",1080,1080,false],"trp-custom-language-flag":["https:\/\/otmaroc.com\/wp-content\/uploads\/2025\/03\/www.otmaroc.com-0623512008-otmaroc2024@gmail.com-85-12x12.png",12,12,true],"woocommerce_thumbnail":["https:\/\/otmaroc.com\/wp-content\/uploads\/2025\/03\/www.otmaroc.com-0623512008-otmaroc2024@gmail.com-85-300x300.png",300,300,true],"woocommerce_single":["https:\/\/otmaroc.com\/wp-content\/uploads\/2025\/03\/www.otmaroc.com-0623512008-otmaroc2024@gmail.com-85-600x600.png",600,600,true],"woocommerce_gallery_thumbnail":["https:\/\/otmaroc.com\/wp-content\/uploads\/2025\/03\/www.otmaroc.com-0623512008-otmaroc2024@gmail.com-85-100x100.png",100,100,true],"dgwt-wcas-product-suggestion":["https:\/\/otmaroc.com\/wp-content\/uploads\/2025\/03\/www.otmaroc.com-0623512008-otmaroc2024@gmail.com-85-64x64.png",64,64,true]},"uagb_author_info":{"display_name":"othmane iptv","author_link":"https:\/\/otmaroc.com\/ar\/author\/"},"uagb_comment_info":0,"uagb_excerpt":"D\u00e9couvrez la planche Montessori \u00e0 enfiler en b\u00e2tons, id\u00e9ale pour stimuler la motricit\u00e9 fine et la cr\u00e9ativit\u00e9 de vos enfants. Livr\u00e9e avec des cartes mod\u00e8les pour un apprentissage amusant et p\u00e9dagogique. Disponible au Maroc.","jetpack_sharing_enabled":true,"_links":{"self":[{"href":"https:\/\/otmaroc.com\/ar\/wp-json\/wp\/v2\/product\/4279"}],"collection":[{"href":"https:\/\/otmaroc.com\/ar\/wp-json\/wp\/v2\/product"}],"about":[{"href":"https:\/\/otmaroc.com\/ar\/wp-json\/wp\/v2\/types\/product"}],"replies":[{"embeddable":true,"href":"https:\/\/otmaroc.com\/ar\/wp-json\/wp\/v2\/comments?post=4279"}],"wp:featuredmedia":[{"embeddable":true,"href":"https:\/\/otmaroc.com\/ar\/wp-json\/wp\/v2\/media\/4284"}],"wp:attachment":[{"href":"https:\/\/otmaroc.com\/ar\/wp-json\/wp\/v2\/media?parent=4279"}],"wp:term":[{"taxonomy":"product_cat","embeddable":true,"href":"https:\/\/otmaroc.com\/ar\/wp-json\/wp\/v2\/product_cat?post=4279"},{"taxonomy":"product_tag","embeddable":true,"href":"https:\/\/otmaroc.com\/ar\/wp-json\/wp\/v2\/product_tag?post=4279"}],"curies":[{"name":"wp","href":"https:\/\/api.w.org\/{rel}","templated":true}]}}