{"id":4273,"date":"2025-03-10T13:22:37","date_gmt":"2025-03-10T13:22:37","guid":{"rendered":"https:\/\/otmaroc.com\/?post_type=product&#038;p=4273"},"modified":"2025-03-10T13:35:07","modified_gmt":"2025-03-10T13:35:07","slug":"montessori-pre-ecriture-plateau-de-sable-et-cartes-rugueuses-montessori","status":"publish","type":"product","link":"https:\/\/otmaroc.com\/ar\/product\/montessori-pre-ecriture-plateau-de-sable-et-cartes-rugueuses-montessori\/","title":{"rendered":"Montessori pr\u00e9-\u00e9criture \u2013 Plateau de sable et cartes rugueuses Montessori"},"content":{"rendered":"<p>&nbsp;<\/p>\n<p>Ce jeu \u00e9ducatif Montessori est con\u00e7u pour initier les tout-petits \u00e0 l\u2019\u00e9criture, tout en suivant les principes de la m\u00e9thode Montessori, en collaboration avec des enseignants sp\u00e9cialis\u00e9s. Le coffret comprend de grandes cartes imprim\u00e9es de motifs g\u00e9om\u00e9triques, \u00e0 la fois courbes et anguleux, dont le relief permet aux enfants de les explorer par le toucher.<\/p>\n<p>Les enfants pourront ensuite reproduire ces motifs sur du sable color\u00e9, en utilisant le couvercle de la bo\u00eete comme support de jeu pour r\u00e9pandre le sable. De plus, le coffret inclut une ardoise, des craies et une \u00e9ponge, permettant \u00e0 l\u2019enfant de retracer les motifs sur une surface effa\u00e7able.<\/p>\n<p>Un manuel illustr\u00e9 est \u00e9galement fourni pour guider les parents dans l\u2019utilisation de ces activit\u00e9s et soutenir l\u2019apprentissage de leur enfant.<\/p>\n<p><strong>Apports \u00e9ducatifs :<\/strong><\/p>\n<ul>\n<li>D\u00e9veloppement du sens de l\u2019observation, de la logique et de la m\u00e9moire<\/li>\n<li>Apprentissage de l\u2019\u00e9criture et des premiers trac\u00e9s<\/li>\n<li>Travail sur la motricit\u00e9 fine et la dext\u00e9rit\u00e9<\/li>\n<\/ul>\n<p><strong>Caract\u00e9ristiques du jeu :<\/strong><\/p>\n<ul>\n<li>\u00c2ge recommand\u00e9 : \u00e0 partir de 4 ans<\/li>\n<li>Dimensions : 28 x 24,5 x 8,5 cm<\/li>\n<\/ul>","protected":false},"excerpt":{"rendered":"<p>Encouragez l&rsquo;apprentissage de la pr\u00e9-\u00e9criture avec le plateau de sable et les cartes rugueuses Montessori. Id\u00e9al pour d\u00e9velopper la motricit\u00e9 fine et la reconnaissance des lettres chez les enfants.<\/p>\n<div class=\"woocommerce-product-details__short-description\">\n<p><span style=\"color: #ff6600;\">Disponible en pr\u00e9commande:<\/span>\u00a0contactez-nous pour commander<\/p>\n<\/div>","protected":false},"featured_media":4278,"comment_status":"open","ping_status":"closed","template":"","meta":{"_uag_custom_page_level_css":"","site-sidebar-layout":"default","site-content-layout":"","ast-site-content-layout":"default","site-content-style":"default","site-sidebar-style":"default","ast-global-header-display":"","ast-banner-title-visibility":"","ast-main-header-display":"","ast-hfb-above-header-display":"","ast-hfb-below-header-display":"","ast-hfb-mobile-header-display":"","site-post-title":"","ast-breadcrumbs-content":"","ast-featured-img":"","footer-sml-layout":"","theme-transparent-header-meta":"default","adv-header-id-meta":"","stick-header-meta":"","header-above-stick-meta":"","header-main-stick-meta":"","header-below-stick-meta":"","astra-migrate-meta-layouts":"set","ast-page-background-enabled":"default","ast-page-background-meta":{"desktop":{"background-color":"","background-image":"","background-repeat":"repeat","background-position":"center center","background-size":"auto","background-attachment":"scroll","background-type":"","background-media":"","overlay-type":"","overlay-color":"","overlay-opacity":"","overlay-gradient":""},"tablet":{"background-color":"","background-image":"","background-repeat":"repeat","background-position":"center center","background-size":"auto","background-attachment":"scroll","background-type":"","background-media":"","overlay-type":"","overlay-color":"","overlay-opacity":"","overlay-gradient":""},"mobile":{"background-color":"","background-image":"","background-repeat":"repeat","background-position":"center center","background-size":"auto","background-attachment":"scroll","background-type":"","background-media":"","overlay-type":"","overlay-color":"","overlay-opacity":"","overlay-gradient":""}},"ast-content-background-meta":{"desktop":{"background-color":"var(--ast-global-color-5)","background-image":"","background-repeat":"repeat","background-position":"center center","background-size":"auto","background-attachment":"scroll","background-type":"","background-media":"","overlay-type":"","overlay-color":"","overlay-opacity":"","overlay-gradient":""},"tablet":{"background-color":"var(--ast-global-color-5)","background-image":"","background-repeat":"repeat","background-position":"center center","background-size":"auto","background-attachment":"scroll","background-type":"","background-media":"","overlay-type":"","overlay-color":"","overlay-opacity":"","overlay-gradient":""},"mobile":{"background-color":"var(--ast-global-color-5)","background-image":"","background-repeat":"repeat","background-position":"center center","background-size":"auto","background-attachment":"scroll","background-type":"","background-media":"","overlay-type":"","overlay-color":"","overlay-opacity":"","overlay-gradient":""}}},"product_cat":[92,95,146,94,147,52,98,80,79,42,90,99,115,89,103,63,116],"product_tag":[],"class_list":{"0":"post-4273","1":"product","2":"type-product","3":"status-publish","4":"has-post-thumbnail","6":"product_cat-apprentissage","7":"product_cat-autonomie","8":"product_cat-calcul","9":"product_cat-creativite","10":"product_cat-ecriture","11":"product_cat-jouets-de-therapie-au-maroc","12":"product_cat-reeducation-sensori-motrice","13":"product_cat-materiel-de-orthophonie","14":"product_cat-materiel-de-psychomotricite","15":"product_cat-materiel-de-reeducation","16":"product_cat-motricite","17":"product_cat-reeducation-motrice","18":"product_cat-reeducation-neurologique","19":"product_cat-sensorialite","20":"product_cat-tous-les-jeux-educatifs-et-therapeutiques","21":"product_cat-tous-les-produits","22":"product_cat-tout-le-materiel-de-reeducation","23":"desktop-align-left","24":"tablet-align-left","25":"mobile-align-left","27":"first","28":"onbackorder","29":"sale","30":"shipping-taxable","31":"purchasable","32":"product-type-simple"},"yoast_head":"<!-- This site is optimized with the Yoast SEO plugin v23.5 - https:\/\/yoast.com\/wordpress\/plugins\/seo\/ -->\n<title>Montessori Pr\u00e9-\u00c9criture \u2013 Plateau de Sable et Cartes au Maroc<\/title>\n<meta name=\"description\" content=\"Encouragez l&#039;apprentissage de la pr\u00e9-\u00e9criture avec le plateau de sable et les cartes rugueuses Montessori. Id\u00e9al pour d\u00e9velopper la motricit\u00e9 fine et la reconnaissance des lettres chez les enfants. Disponibles au Maroc !\" \/>\n<meta name=\"robots\" content=\"index, follow, max-snippet:-1, max-image-preview:large, max-video-preview:-1\" \/>\n<link rel=\"canonical\" href=\"https:\/\/otmaroc.com\/ar\/product\/montessori-pre-ecriture-plateau-de-sable-et-cartes-rugueuses-montessori\/\" \/>\n<meta property=\"og:locale\" content=\"ar_AR\" \/>\n<meta property=\"og:type\" content=\"article\" \/>\n<meta property=\"og:title\" content=\"Montessori Pr\u00e9-\u00c9criture \u2013 Plateau de Sable et Cartes au Maroc\" \/>\n<meta property=\"og:description\" content=\"Encouragez l&#039;apprentissage de la pr\u00e9-\u00e9criture avec le plateau de sable et les cartes rugueuses Montessori. Id\u00e9al pour d\u00e9velopper la motricit\u00e9 fine et la reconnaissance des lettres chez les enfants. Disponibles au Maroc !\" \/>\n<meta property=\"og:url\" content=\"https:\/\/otmaroc.com\/ar\/product\/montessori-pre-ecriture-plateau-de-sable-et-cartes-rugueuses-montessori\/\" \/>\n<meta property=\"og:site_name\" content=\"OTMAROC\" \/>\n<meta property=\"article:publisher\" content=\"https:\/\/www.facebook.com\/profile.php?id=61565107472257\" \/>\n<meta property=\"article:modified_time\" content=\"2025-03-10T13:35:07+00:00\" \/>\n<meta property=\"og:image\" content=\"https:\/\/otmaroc.com\/wp-content\/uploads\/2025\/03\/www.otmaroc.com-0623512008-otmaroc2024@gmail.com-84.png\" \/>\n\t<meta property=\"og:image:width\" content=\"1080\" \/>\n\t<meta property=\"og:image:height\" content=\"1080\" \/>\n\t<meta property=\"og:image:type\" content=\"image\/png\" \/>\n<meta name=\"twitter:card\" content=\"summary_large_image\" \/>\n<meta name=\"twitter:label1\" content=\"\u0648\u0642\u062a \u0627\u0644\u0642\u0631\u0627\u0621\u0629 \u0627\u0644\u0645\u064f\u0642\u062f\u0651\u0631\" \/>\n\t<meta name=\"twitter:data1\" content=\"\u062f\u0642\u064a\u0642\u062a\u0627\u0646\" \/>\n<script type=\"application\/ld+json\" class=\"yoast-schema-graph\">{\"@context\":\"https:\/\/schema.org\",\"@graph\":[{\"@type\":\"WebPage\",\"@id\":\"https:\/\/otmaroc.com\/product\/montessori-pre-ecriture-plateau-de-sable-et-cartes-rugueuses-montessori\/\",\"url\":\"https:\/\/otmaroc.com\/product\/montessori-pre-ecriture-plateau-de-sable-et-cartes-rugueuses-montessori\/\",\"name\":\"Montessori Pr\u00e9-\u00c9criture \u2013 Plateau de Sable et Cartes au Maroc\",\"isPartOf\":{\"@id\":\"https:\/\/otmaroc.com\/#website\"},\"primaryImageOfPage\":{\"@id\":\"https:\/\/otmaroc.com\/product\/montessori-pre-ecriture-plateau-de-sable-et-cartes-rugueuses-montessori\/#primaryimage\"},\"image\":{\"@id\":\"https:\/\/otmaroc.com\/product\/montessori-pre-ecriture-plateau-de-sable-et-cartes-rugueuses-montessori\/#primaryimage\"},\"thumbnailUrl\":\"https:\/\/otmaroc.com\/wp-content\/uploads\/2025\/03\/www.otmaroc.com-0623512008-otmaroc2024@gmail.com-84.png\",\"datePublished\":\"2025-03-10T13:22:37+00:00\",\"dateModified\":\"2025-03-10T13:35:07+00:00\",\"description\":\"Encouragez l'apprentissage de la pr\u00e9-\u00e9criture avec le plateau de sable et les cartes rugueuses Montessori. Id\u00e9al pour d\u00e9velopper la motricit\u00e9 fine et la reconnaissance des lettres chez les enfants. Disponibles au Maroc !\",\"breadcrumb\":{\"@id\":\"https:\/\/otmaroc.com\/product\/montessori-pre-ecriture-plateau-de-sable-et-cartes-rugueuses-montessori\/#breadcrumb\"},\"inLanguage\":\"ar\",\"potentialAction\":[{\"@type\":\"ReadAction\",\"target\":[\"https:\/\/otmaroc.com\/product\/montessori-pre-ecriture-plateau-de-sable-et-cartes-rugueuses-montessori\/\"]}]},{\"@type\":\"ImageObject\",\"inLanguage\":\"ar\",\"@id\":\"https:\/\/otmaroc.com\/product\/montessori-pre-ecriture-plateau-de-sable-et-cartes-rugueuses-montessori\/#primaryimage\",\"url\":\"https:\/\/otmaroc.com\/wp-content\/uploads\/2025\/03\/www.otmaroc.com-0623512008-otmaroc2024@gmail.com-84.png\",\"contentUrl\":\"https:\/\/otmaroc.com\/wp-content\/uploads\/2025\/03\/www.otmaroc.com-0623512008-otmaroc2024@gmail.com-84.png\",\"width\":1080,\"height\":1080},{\"@type\":\"BreadcrumbList\",\"@id\":\"https:\/\/otmaroc.com\/product\/montessori-pre-ecriture-plateau-de-sable-et-cartes-rugueuses-montessori\/#breadcrumb\",\"itemListElement\":[{\"@type\":\"ListItem\",\"position\":1,\"name\":\"Home\",\"item\":\"https:\/\/otmaroc.com\/\"},{\"@type\":\"ListItem\",\"position\":2,\"name\":\"Products\",\"item\":\"https:\/\/otmaroc.com\/store\/\"},{\"@type\":\"ListItem\",\"position\":3,\"name\":\"Montessori pr\u00e9-\u00e9criture \u2013 Plateau de sable et cartes rugueuses Montessori\"}]},{\"@type\":\"WebSite\",\"@id\":\"https:\/\/otmaroc.com\/#website\",\"url\":\"https:\/\/otmaroc.com\/\",\"name\":\"OTMAROC\",\"description\":\"The number one website in morocco for occupational therapy\",\"publisher\":{\"@id\":\"https:\/\/otmaroc.com\/#organization\"},\"potentialAction\":[{\"@type\":\"SearchAction\",\"target\":{\"@type\":\"EntryPoint\",\"urlTemplate\":\"https:\/\/otmaroc.com\/?s={search_term_string}\"},\"query-input\":{\"@type\":\"PropertyValueSpecification\",\"valueRequired\":true,\"valueName\":\"search_term_string\"}}],\"inLanguage\":\"ar\"},{\"@type\":\"Organization\",\"@id\":\"https:\/\/otmaroc.com\/#organization\",\"name\":\"OTMAROC\",\"url\":\"https:\/\/otmaroc.com\/\",\"logo\":{\"@type\":\"ImageObject\",\"inLanguage\":\"ar\",\"@id\":\"https:\/\/otmaroc.com\/#\/schema\/logo\/image\/\",\"url\":\"https:\/\/otmaroc.com\/wp-content\/uploads\/2024\/08\/cropped-cropped-Black_White_Yellow_Simple_Initial_Name_Logo-removebg-preview-2.png\",\"contentUrl\":\"https:\/\/otmaroc.com\/wp-content\/uploads\/2024\/08\/cropped-cropped-Black_White_Yellow_Simple_Initial_Name_Logo-removebg-preview-2.png\",\"width\":298,\"height\":192,\"caption\":\"OTMAROC\"},\"image\":{\"@id\":\"https:\/\/otmaroc.com\/#\/schema\/logo\/image\/\"},\"sameAs\":[\"https:\/\/www.facebook.com\/profile.php?id=61565107472257\",\"https:\/\/www.instagram.com\/otmaroc2024\/\",\"https:\/\/www.youtube.com\/@othmaneksaibar6763\",\"https:\/\/api.whatsapp.com\/send?phone=2120623512008\"]}]}<\/script>\n<!-- \/ Yoast SEO plugin. -->","yoast_head_json":{"title":"Montessori Pr\u00e9-\u00c9criture \u2013 Plateau de Sable et Cartes au Maroc","description":"Encouragez l'apprentissage de la pr\u00e9-\u00e9criture avec le plateau de sable et les cartes rugueuses Montessori. Id\u00e9al pour d\u00e9velopper la motricit\u00e9 fine et la reconnaissance des lettres chez les enfants. Disponibles au Maroc !","robots":{"index":"index","follow":"follow","max-snippet":"max-snippet:-1","max-image-preview":"max-image-preview:large","max-video-preview":"max-video-preview:-1"},"canonical":"https:\/\/otmaroc.com\/ar\/product\/montessori-pre-ecriture-plateau-de-sable-et-cartes-rugueuses-montessori\/","og_locale":"ar_AR","og_type":"article","og_title":"Montessori Pr\u00e9-\u00c9criture \u2013 Plateau de Sable et Cartes au Maroc","og_description":"Encouragez l'apprentissage de la pr\u00e9-\u00e9criture avec le plateau de sable et les cartes rugueuses Montessori. Id\u00e9al pour d\u00e9velopper la motricit\u00e9 fine et la reconnaissance des lettres chez les enfants. Disponibles au Maroc !","og_url":"https:\/\/otmaroc.com\/ar\/product\/montessori-pre-ecriture-plateau-de-sable-et-cartes-rugueuses-montessori\/","og_site_name":"OTMAROC","article_publisher":"https:\/\/www.facebook.com\/profile.php?id=61565107472257","article_modified_time":"2025-03-10T13:35:07+00:00","og_image":[{"width":1080,"height":1080,"url":"https:\/\/otmaroc.com\/wp-content\/uploads\/2025\/03\/www.otmaroc.com-0623512008-otmaroc2024@gmail.com-84.png","type":"image\/png"}],"twitter_card":"summary_large_image","twitter_misc":{"\u0648\u0642\u062a \u0627\u0644\u0642\u0631\u0627\u0621\u0629 \u0627\u0644\u0645\u064f\u0642\u062f\u0651\u0631":"\u062f\u0642\u064a\u0642\u062a\u0627\u0646"},"schema":{"@context":"https:\/\/schema.org","@graph":[{"@type":"WebPage","@id":"https:\/\/otmaroc.com\/product\/montessori-pre-ecriture-plateau-de-sable-et-cartes-rugueuses-montessori\/","url":"https:\/\/otmaroc.com\/product\/montessori-pre-ecriture-plateau-de-sable-et-cartes-rugueuses-montessori\/","name":"Montessori Pr\u00e9-\u00c9criture \u2013 Plateau de Sable et Cartes au Maroc","isPartOf":{"@id":"https:\/\/otmaroc.com\/#website"},"primaryImageOfPage":{"@id":"https:\/\/otmaroc.com\/product\/montessori-pre-ecriture-plateau-de-sable-et-cartes-rugueuses-montessori\/#primaryimage"},"image":{"@id":"https:\/\/otmaroc.com\/product\/montessori-pre-ecriture-plateau-de-sable-et-cartes-rugueuses-montessori\/#primaryimage"},"thumbnailUrl":"https:\/\/otmaroc.com\/wp-content\/uploads\/2025\/03\/www.otmaroc.com-0623512008-otmaroc2024@gmail.com-84.png","datePublished":"2025-03-10T13:22:37+00:00","dateModified":"2025-03-10T13:35:07+00:00","description":"Encouragez l'apprentissage de la pr\u00e9-\u00e9criture avec le plateau de sable et les cartes rugueuses Montessori. Id\u00e9al pour d\u00e9velopper la motricit\u00e9 fine et la reconnaissance des lettres chez les enfants. Disponibles au Maroc !","breadcrumb":{"@id":"https:\/\/otmaroc.com\/product\/montessori-pre-ecriture-plateau-de-sable-et-cartes-rugueuses-montessori\/#breadcrumb"},"inLanguage":"ar","potentialAction":[{"@type":"ReadAction","target":["https:\/\/otmaroc.com\/product\/montessori-pre-ecriture-plateau-de-sable-et-cartes-rugueuses-montessori\/"]}]},{"@type":"ImageObject","inLanguage":"ar","@id":"https:\/\/otmaroc.com\/product\/montessori-pre-ecriture-plateau-de-sable-et-cartes-rugueuses-montessori\/#primaryimage","url":"https:\/\/otmaroc.com\/wp-content\/uploads\/2025\/03\/www.otmaroc.com-0623512008-otmaroc2024@gmail.com-84.png","contentUrl":"https:\/\/otmaroc.com\/wp-content\/uploads\/2025\/03\/www.otmaroc.com-0623512008-otmaroc2024@gmail.com-84.png","width":1080,"height":1080},{"@type":"BreadcrumbList","@id":"https:\/\/otmaroc.com\/product\/montessori-pre-ecriture-plateau-de-sable-et-cartes-rugueuses-montessori\/#breadcrumb","itemListElement":[{"@type":"ListItem","position":1,"name":"Home","item":"https:\/\/otmaroc.com\/"},{"@type":"ListItem","position":2,"name":"Products","item":"https:\/\/otmaroc.com\/store\/"},{"@type":"ListItem","position":3,"name":"Montessori pr\u00e9-\u00e9criture \u2013 Plateau de sable et cartes rugueuses Montessori"}]},{"@type":"WebSite","@id":"https:\/\/otmaroc.com\/#website","url":"https:\/\/otmaroc.com\/","name":"OTMAROC","description":"The number one website in morocco for occupational therapy","publisher":{"@id":"https:\/\/otmaroc.com\/#organization"},"potentialAction":[{"@type":"SearchAction","target":{"@type":"EntryPoint","urlTemplate":"https:\/\/otmaroc.com\/?s={search_term_string}"},"query-input":{"@type":"PropertyValueSpecification","valueRequired":true,"valueName":"search_term_string"}}],"inLanguage":"ar"},{"@type":"Organization","@id":"https:\/\/otmaroc.com\/#organization","name":"OTMAROC","url":"https:\/\/otmaroc.com\/","logo":{"@type":"ImageObject","inLanguage":"ar","@id":"https:\/\/otmaroc.com\/#\/schema\/logo\/image\/","url":"https:\/\/otmaroc.com\/wp-content\/uploads\/2024\/08\/cropped-cropped-Black_White_Yellow_Simple_Initial_Name_Logo-removebg-preview-2.png","contentUrl":"https:\/\/otmaroc.com\/wp-content\/uploads\/2024\/08\/cropped-cropped-Black_White_Yellow_Simple_Initial_Name_Logo-removebg-preview-2.png","width":298,"height":192,"caption":"OTMAROC"},"image":{"@id":"https:\/\/otmaroc.com\/#\/schema\/logo\/image\/"},"sameAs":["https:\/\/www.facebook.com\/profile.php?id=61565107472257","https:\/\/www.instagram.com\/otmaroc2024\/","https:\/\/www.youtube.com\/@othmaneksaibar6763","https:\/\/api.whatsapp.com\/send?phone=2120623512008"]}]}},"uagb_featured_image_src":{"full":["https:\/\/otmaroc.com\/wp-content\/uploads\/2025\/03\/www.otmaroc.com-0623512008-otmaroc2024@gmail.com-84.png",1080,1080,false],"thumbnail":["https:\/\/otmaroc.com\/wp-content\/uploads\/2025\/03\/www.otmaroc.com-0623512008-otmaroc2024@gmail.com-84-150x150.png",150,150,true],"medium":["https:\/\/otmaroc.com\/wp-content\/uploads\/2025\/03\/www.otmaroc.com-0623512008-otmaroc2024@gmail.com-84-300x300.png",300,300,true],"medium_large":["https:\/\/otmaroc.com\/wp-content\/uploads\/2025\/03\/www.otmaroc.com-0623512008-otmaroc2024@gmail.com-84-768x768.png",768,768,true],"large":["https:\/\/otmaroc.com\/wp-content\/uploads\/2025\/03\/www.otmaroc.com-0623512008-otmaroc2024@gmail.com-84-1024x1024.png",1024,1024,true],"1536x1536":["https:\/\/otmaroc.com\/wp-content\/uploads\/2025\/03\/www.otmaroc.com-0623512008-otmaroc2024@gmail.com-84.png",1080,1080,false],"2048x2048":["https:\/\/otmaroc.com\/wp-content\/uploads\/2025\/03\/www.otmaroc.com-0623512008-otmaroc2024@gmail.com-84.png",1080,1080,false],"trp-custom-language-flag":["https:\/\/otmaroc.com\/wp-content\/uploads\/2025\/03\/www.otmaroc.com-0623512008-otmaroc2024@gmail.com-84-12x12.png",12,12,true],"woocommerce_thumbnail":["https:\/\/otmaroc.com\/wp-content\/uploads\/2025\/03\/www.otmaroc.com-0623512008-otmaroc2024@gmail.com-84-300x300.png",300,300,true],"woocommerce_single":["https:\/\/otmaroc.com\/wp-content\/uploads\/2025\/03\/www.otmaroc.com-0623512008-otmaroc2024@gmail.com-84-600x600.png",600,600,true],"woocommerce_gallery_thumbnail":["https:\/\/otmaroc.com\/wp-content\/uploads\/2025\/03\/www.otmaroc.com-0623512008-otmaroc2024@gmail.com-84-100x100.png",100,100,true],"dgwt-wcas-product-suggestion":["https:\/\/otmaroc.com\/wp-content\/uploads\/2025\/03\/www.otmaroc.com-0623512008-otmaroc2024@gmail.com-84-64x64.png",64,64,true]},"uagb_author_info":{"display_name":"othmane iptv","author_link":"https:\/\/otmaroc.com\/ar\/author\/"},"uagb_comment_info":0,"uagb_excerpt":"Encouragez l'apprentissage de la pr\u00e9-\u00e9criture avec le plateau de sable et les cartes rugueuses Montessori. Id\u00e9al pour d\u00e9velopper la motricit\u00e9 fine et la reconnaissance des lettres chez les enfants. Disponible en pr\u00e9commande:\u00a0contactez-nous pour commander","jetpack_sharing_enabled":true,"_links":{"self":[{"href":"https:\/\/otmaroc.com\/ar\/wp-json\/wp\/v2\/product\/4273"}],"collection":[{"href":"https:\/\/otmaroc.com\/ar\/wp-json\/wp\/v2\/product"}],"about":[{"href":"https:\/\/otmaroc.com\/ar\/wp-json\/wp\/v2\/types\/product"}],"replies":[{"embeddable":true,"href":"https:\/\/otmaroc.com\/ar\/wp-json\/wp\/v2\/comments?post=4273"}],"wp:featuredmedia":[{"embeddable":true,"href":"https:\/\/otmaroc.com\/ar\/wp-json\/wp\/v2\/media\/4278"}],"wp:attachment":[{"href":"https:\/\/otmaroc.com\/ar\/wp-json\/wp\/v2\/media?parent=4273"}],"wp:term":[{"taxonomy":"product_cat","embeddable":true,"href":"https:\/\/otmaroc.com\/ar\/wp-json\/wp\/v2\/product_cat?post=4273"},{"taxonomy":"product_tag","embeddable":true,"href":"https:\/\/otmaroc.com\/ar\/wp-json\/wp\/v2\/product_tag?post=4273"}],"curies":[{"name":"wp","href":"https:\/\/api.w.org\/{rel}","templated":true}]}}