{"id":4267,"date":"2025-03-10T12:40:23","date_gmt":"2025-03-10T12:40:23","guid":{"rendered":"https:\/\/otmaroc.com\/?post_type=product&#038;p=4267"},"modified":"2025-03-10T12:40:23","modified_gmt":"2025-03-10T12:40:23","slug":"jouet-en-bois-multifonction-3-en-1-calendrier-en-bois-battons-en-bois-boulier-mathematique","status":"publish","type":"product","link":"https:\/\/otmaroc.com\/ar\/product\/jouet-en-bois-multifonction-3-en-1-calendrier-en-bois-battons-en-bois-boulier-mathematique\/","title":{"rendered":"Jouet en bois multifonction 3 en 1 : Calendrier en bois \u2013 Battons en bois \u2013 Boulier math\u00e9matique"},"content":{"rendered":"<p>&nbsp;<\/p>\n<p>Ce magnifique calendrier en bois est un outil multifonction id\u00e9al pour les petits curieux d\u00e8s 3 ans. Il permet d&rsquo;apprendre de mani\u00e8re ludique les jours de la semaine, les mois, l&rsquo;heure, les saisons, la m\u00e9t\u00e9o et bien plus encore. Votre enfant pourra facilement m\u00e9moriser des \u00e9v\u00e9nements comme l&rsquo;heure du go\u00fbter ou le jour o\u00f9 il va chez grand-m\u00e8re !<\/p>\n<p>Ce calendrier est parfait pour am\u00e9liorer les comp\u00e9tences scolaires des enfants en maternelle tout en faisant travailler leurs petites mains. Il favorise \u00e9galement l\u2019apprentissage de la lecture de l\u2019heure et du rep\u00e9rage dans le temps, tout en \u00e9tant utile pour reconna\u00eetre les couleurs, les chiffres, les jours de la semaine et les mois.<\/p>\n<p>Une id\u00e9e de cadeau \u00e0 la fois originale et \u00e9ducative pour les enfants !<\/p>\n<p><strong>Apports \u00e9ducatifs du calendrier en bois :<\/strong><\/p>\n<ul>\n<li>D\u00e9veloppement de l\u2019observation, de la logique et de la m\u00e9moire<\/li>\n<li>Apprentissage des premiers chiffres et des quantit\u00e9s associ\u00e9es en math\u00e9matiques<\/li>\n<li>Pratique de la lecture de l\u2019heure et du rep\u00e9rage dans le temps<\/li>\n<li>Compr\u00e9hension des notions d\u2019association logique et travail sur l\u2019encastrement, la motricit\u00e9 fine et la dext\u00e9rit\u00e9<\/li>\n<\/ul>\n<p><strong>Caract\u00e9ristiques du calendrier en bois :<\/strong><\/p>\n<ul>\n<li>\u00c2ge recommand\u00e9 : \u00e0 partir de 3 ans<\/li>\n<li>Dimensions : 28 \u00d7 25 \u00d7 2 cm<\/li>\n<li>NB : le calendrier est en anglais<\/li>\n<\/ul>","protected":false},"excerpt":{"rendered":"<p>D\u00e9couvrez ce jouet en bois multifonction 3 en 1 : un calendrier, des battons en bois et un boulier math\u00e9matique pour stimuler l&rsquo;apprentissage des enfants. Un jouet \u00e9ducatif complet au Maroc !<\/p>","protected":false},"featured_media":4272,"comment_status":"open","ping_status":"closed","template":"","meta":{"_uag_custom_page_level_css":"","site-sidebar-layout":"default","site-content-layout":"","ast-site-content-layout":"default","site-content-style":"default","site-sidebar-style":"default","ast-global-header-display":"","ast-banner-title-visibility":"","ast-main-header-display":"","ast-hfb-above-header-display":"","ast-hfb-below-header-display":"","ast-hfb-mobile-header-display":"","site-post-title":"","ast-breadcrumbs-content":"","ast-featured-img":"","footer-sml-layout":"","theme-transparent-header-meta":"default","adv-header-id-meta":"","stick-header-meta":"","header-above-stick-meta":"","header-main-stick-meta":"","header-below-stick-meta":"","astra-migrate-meta-layouts":"set","ast-page-background-enabled":"default","ast-page-background-meta":{"desktop":{"background-color":"","background-image":"","background-repeat":"repeat","background-position":"center center","background-size":"auto","background-attachment":"scroll","background-type":"","background-media":"","overlay-type":"","overlay-color":"","overlay-opacity":"","overlay-gradient":""},"tablet":{"background-color":"","background-image":"","background-repeat":"repeat","background-position":"center center","background-size":"auto","background-attachment":"scroll","background-type":"","background-media":"","overlay-type":"","overlay-color":"","overlay-opacity":"","overlay-gradient":""},"mobile":{"background-color":"","background-image":"","background-repeat":"repeat","background-position":"center center","background-size":"auto","background-attachment":"scroll","background-type":"","background-media":"","overlay-type":"","overlay-color":"","overlay-opacity":"","overlay-gradient":""}},"ast-content-background-meta":{"desktop":{"background-color":"var(--ast-global-color-5)","background-image":"","background-repeat":"repeat","background-position":"center center","background-size":"auto","background-attachment":"scroll","background-type":"","background-media":"","overlay-type":"","overlay-color":"","overlay-opacity":"","overlay-gradient":""},"tablet":{"background-color":"var(--ast-global-color-5)","background-image":"","background-repeat":"repeat","background-position":"center center","background-size":"auto","background-attachment":"scroll","background-type":"","background-media":"","overlay-type":"","overlay-color":"","overlay-opacity":"","overlay-gradient":""},"mobile":{"background-color":"var(--ast-global-color-5)","background-image":"","background-repeat":"repeat","background-position":"center center","background-size":"auto","background-attachment":"scroll","background-type":"","background-media":"","overlay-type":"","overlay-color":"","overlay-opacity":"","overlay-gradient":""}}},"product_cat":[92,146,52,80,79,103,63],"product_tag":[],"class_list":{"0":"post-4267","1":"product","2":"type-product","3":"status-publish","4":"has-post-thumbnail","6":"product_cat-apprentissage","7":"product_cat-calcul","8":"product_cat-jouets-de-therapie-au-maroc","9":"product_cat-materiel-de-orthophonie","10":"product_cat-materiel-de-psychomotricite","11":"product_cat-tous-les-jeux-educatifs-et-therapeutiques","12":"product_cat-tous-les-produits","13":"desktop-align-left","14":"tablet-align-left","15":"mobile-align-left","17":"first","18":"instock","19":"sale","20":"shipping-taxable","21":"purchasable","22":"product-type-simple"},"yoast_head":"<!-- This site is optimized with the Yoast SEO plugin v23.5 - https:\/\/yoast.com\/wordpress\/plugins\/seo\/ -->\n<title>Jouet en Bois Multifonction 3 en 1 \u2013 Calendrier, Battons et Boulier Math\u00e9matique au Maroc<\/title>\n<meta name=\"description\" content=\"D\u00e9couvrez ce jouet en bois multifonction 3 en 1 : un calendrier, des battons en bois et un boulier math\u00e9matique pour stimuler l&#039;apprentissage des enfants. Un jouet \u00e9ducatif complet au Maroc !\" \/>\n<meta name=\"robots\" content=\"index, follow, max-snippet:-1, max-image-preview:large, max-video-preview:-1\" \/>\n<link rel=\"canonical\" href=\"https:\/\/otmaroc.com\/ar\/product\/jouet-en-bois-multifonction-3-en-1-calendrier-en-bois-battons-en-bois-boulier-mathematique\/\" \/>\n<meta property=\"og:locale\" content=\"ar_AR\" \/>\n<meta property=\"og:type\" content=\"article\" \/>\n<meta property=\"og:title\" content=\"Jouet en Bois Multifonction 3 en 1 \u2013 Calendrier, Battons et Boulier Math\u00e9matique au Maroc\" \/>\n<meta property=\"og:description\" content=\"D\u00e9couvrez ce jouet en bois multifonction 3 en 1 : un calendrier, des battons en bois et un boulier math\u00e9matique pour stimuler l&#039;apprentissage des enfants. Un jouet \u00e9ducatif complet au Maroc !\" \/>\n<meta property=\"og:url\" content=\"https:\/\/otmaroc.com\/ar\/product\/jouet-en-bois-multifonction-3-en-1-calendrier-en-bois-battons-en-bois-boulier-mathematique\/\" \/>\n<meta property=\"og:site_name\" content=\"OTMAROC\" \/>\n<meta property=\"article:publisher\" content=\"https:\/\/www.facebook.com\/profile.php?id=61565107472257\" \/>\n<meta property=\"og:image\" content=\"https:\/\/otmaroc.com\/wp-content\/uploads\/2025\/03\/www.otmaroc.com-0623512008-otmaroc2024@gmail.com-83.png\" \/>\n\t<meta property=\"og:image:width\" content=\"1080\" \/>\n\t<meta property=\"og:image:height\" content=\"1080\" \/>\n\t<meta property=\"og:image:type\" content=\"image\/png\" \/>\n<meta name=\"twitter:card\" content=\"summary_large_image\" \/>\n<meta name=\"twitter:label1\" content=\"\u0648\u0642\u062a \u0627\u0644\u0642\u0631\u0627\u0621\u0629 \u0627\u0644\u0645\u064f\u0642\u062f\u0651\u0631\" \/>\n\t<meta name=\"twitter:data1\" content=\"\u062f\u0642\u064a\u0642\u062a\u0627\u0646\" \/>\n<script type=\"application\/ld+json\" class=\"yoast-schema-graph\">{\"@context\":\"https:\/\/schema.org\",\"@graph\":[{\"@type\":\"WebPage\",\"@id\":\"https:\/\/otmaroc.com\/product\/jouet-en-bois-multifonction-3-en-1-calendrier-en-bois-battons-en-bois-boulier-mathematique\/\",\"url\":\"https:\/\/otmaroc.com\/product\/jouet-en-bois-multifonction-3-en-1-calendrier-en-bois-battons-en-bois-boulier-mathematique\/\",\"name\":\"Jouet en Bois Multifonction 3 en 1 \u2013 Calendrier, Battons et Boulier Math\u00e9matique au Maroc\",\"isPartOf\":{\"@id\":\"https:\/\/otmaroc.com\/#website\"},\"primaryImageOfPage\":{\"@id\":\"https:\/\/otmaroc.com\/product\/jouet-en-bois-multifonction-3-en-1-calendrier-en-bois-battons-en-bois-boulier-mathematique\/#primaryimage\"},\"image\":{\"@id\":\"https:\/\/otmaroc.com\/product\/jouet-en-bois-multifonction-3-en-1-calendrier-en-bois-battons-en-bois-boulier-mathematique\/#primaryimage\"},\"thumbnailUrl\":\"https:\/\/otmaroc.com\/wp-content\/uploads\/2025\/03\/www.otmaroc.com-0623512008-otmaroc2024@gmail.com-83.png\",\"datePublished\":\"2025-03-10T12:40:23+00:00\",\"dateModified\":\"2025-03-10T12:40:23+00:00\",\"description\":\"D\u00e9couvrez ce jouet en bois multifonction 3 en 1 : un calendrier, des battons en bois et un boulier math\u00e9matique pour stimuler l'apprentissage des enfants. Un jouet \u00e9ducatif complet au Maroc !\",\"breadcrumb\":{\"@id\":\"https:\/\/otmaroc.com\/product\/jouet-en-bois-multifonction-3-en-1-calendrier-en-bois-battons-en-bois-boulier-mathematique\/#breadcrumb\"},\"inLanguage\":\"ar\",\"potentialAction\":[{\"@type\":\"ReadAction\",\"target\":[\"https:\/\/otmaroc.com\/product\/jouet-en-bois-multifonction-3-en-1-calendrier-en-bois-battons-en-bois-boulier-mathematique\/\"]}]},{\"@type\":\"ImageObject\",\"inLanguage\":\"ar\",\"@id\":\"https:\/\/otmaroc.com\/product\/jouet-en-bois-multifonction-3-en-1-calendrier-en-bois-battons-en-bois-boulier-mathematique\/#primaryimage\",\"url\":\"https:\/\/otmaroc.com\/wp-content\/uploads\/2025\/03\/www.otmaroc.com-0623512008-otmaroc2024@gmail.com-83.png\",\"contentUrl\":\"https:\/\/otmaroc.com\/wp-content\/uploads\/2025\/03\/www.otmaroc.com-0623512008-otmaroc2024@gmail.com-83.png\",\"width\":1080,\"height\":1080},{\"@type\":\"BreadcrumbList\",\"@id\":\"https:\/\/otmaroc.com\/product\/jouet-en-bois-multifonction-3-en-1-calendrier-en-bois-battons-en-bois-boulier-mathematique\/#breadcrumb\",\"itemListElement\":[{\"@type\":\"ListItem\",\"position\":1,\"name\":\"Home\",\"item\":\"https:\/\/otmaroc.com\/\"},{\"@type\":\"ListItem\",\"position\":2,\"name\":\"Products\",\"item\":\"https:\/\/otmaroc.com\/store\/\"},{\"@type\":\"ListItem\",\"position\":3,\"name\":\"Jouet en bois multifonction 3 en 1 : Calendrier en bois \u2013 Battons en bois \u2013 Boulier math\u00e9matique\"}]},{\"@type\":\"WebSite\",\"@id\":\"https:\/\/otmaroc.com\/#website\",\"url\":\"https:\/\/otmaroc.com\/\",\"name\":\"OTMAROC\",\"description\":\"The number one website in morocco for occupational therapy\",\"publisher\":{\"@id\":\"https:\/\/otmaroc.com\/#organization\"},\"potentialAction\":[{\"@type\":\"SearchAction\",\"target\":{\"@type\":\"EntryPoint\",\"urlTemplate\":\"https:\/\/otmaroc.com\/?s={search_term_string}\"},\"query-input\":{\"@type\":\"PropertyValueSpecification\",\"valueRequired\":true,\"valueName\":\"search_term_string\"}}],\"inLanguage\":\"ar\"},{\"@type\":\"Organization\",\"@id\":\"https:\/\/otmaroc.com\/#organization\",\"name\":\"OTMAROC\",\"url\":\"https:\/\/otmaroc.com\/\",\"logo\":{\"@type\":\"ImageObject\",\"inLanguage\":\"ar\",\"@id\":\"https:\/\/otmaroc.com\/#\/schema\/logo\/image\/\",\"url\":\"https:\/\/otmaroc.com\/wp-content\/uploads\/2024\/08\/cropped-cropped-Black_White_Yellow_Simple_Initial_Name_Logo-removebg-preview-2.png\",\"contentUrl\":\"https:\/\/otmaroc.com\/wp-content\/uploads\/2024\/08\/cropped-cropped-Black_White_Yellow_Simple_Initial_Name_Logo-removebg-preview-2.png\",\"width\":298,\"height\":192,\"caption\":\"OTMAROC\"},\"image\":{\"@id\":\"https:\/\/otmaroc.com\/#\/schema\/logo\/image\/\"},\"sameAs\":[\"https:\/\/www.facebook.com\/profile.php?id=61565107472257\",\"https:\/\/www.instagram.com\/otmaroc2024\/\",\"https:\/\/www.youtube.com\/@othmaneksaibar6763\",\"https:\/\/api.whatsapp.com\/send?phone=2120623512008\"]}]}<\/script>\n<!-- \/ Yoast SEO plugin. -->","yoast_head_json":{"title":"Jouet en Bois Multifonction 3 en 1 \u2013 Calendrier, Battons et Boulier Math\u00e9matique au Maroc","description":"D\u00e9couvrez ce jouet en bois multifonction 3 en 1 : un calendrier, des battons en bois et un boulier math\u00e9matique pour stimuler l'apprentissage des enfants. Un jouet \u00e9ducatif complet au Maroc !","robots":{"index":"index","follow":"follow","max-snippet":"max-snippet:-1","max-image-preview":"max-image-preview:large","max-video-preview":"max-video-preview:-1"},"canonical":"https:\/\/otmaroc.com\/ar\/product\/jouet-en-bois-multifonction-3-en-1-calendrier-en-bois-battons-en-bois-boulier-mathematique\/","og_locale":"ar_AR","og_type":"article","og_title":"Jouet en Bois Multifonction 3 en 1 \u2013 Calendrier, Battons et Boulier Math\u00e9matique au Maroc","og_description":"D\u00e9couvrez ce jouet en bois multifonction 3 en 1 : un calendrier, des battons en bois et un boulier math\u00e9matique pour stimuler l'apprentissage des enfants. Un jouet \u00e9ducatif complet au Maroc !","og_url":"https:\/\/otmaroc.com\/ar\/product\/jouet-en-bois-multifonction-3-en-1-calendrier-en-bois-battons-en-bois-boulier-mathematique\/","og_site_name":"OTMAROC","article_publisher":"https:\/\/www.facebook.com\/profile.php?id=61565107472257","og_image":[{"width":1080,"height":1080,"url":"https:\/\/otmaroc.com\/wp-content\/uploads\/2025\/03\/www.otmaroc.com-0623512008-otmaroc2024@gmail.com-83.png","type":"image\/png"}],"twitter_card":"summary_large_image","twitter_misc":{"\u0648\u0642\u062a \u0627\u0644\u0642\u0631\u0627\u0621\u0629 \u0627\u0644\u0645\u064f\u0642\u062f\u0651\u0631":"\u062f\u0642\u064a\u0642\u062a\u0627\u0646"},"schema":{"@context":"https:\/\/schema.org","@graph":[{"@type":"WebPage","@id":"https:\/\/otmaroc.com\/product\/jouet-en-bois-multifonction-3-en-1-calendrier-en-bois-battons-en-bois-boulier-mathematique\/","url":"https:\/\/otmaroc.com\/product\/jouet-en-bois-multifonction-3-en-1-calendrier-en-bois-battons-en-bois-boulier-mathematique\/","name":"Jouet en Bois Multifonction 3 en 1 \u2013 Calendrier, Battons et Boulier Math\u00e9matique au Maroc","isPartOf":{"@id":"https:\/\/otmaroc.com\/#website"},"primaryImageOfPage":{"@id":"https:\/\/otmaroc.com\/product\/jouet-en-bois-multifonction-3-en-1-calendrier-en-bois-battons-en-bois-boulier-mathematique\/#primaryimage"},"image":{"@id":"https:\/\/otmaroc.com\/product\/jouet-en-bois-multifonction-3-en-1-calendrier-en-bois-battons-en-bois-boulier-mathematique\/#primaryimage"},"thumbnailUrl":"https:\/\/otmaroc.com\/wp-content\/uploads\/2025\/03\/www.otmaroc.com-0623512008-otmaroc2024@gmail.com-83.png","datePublished":"2025-03-10T12:40:23+00:00","dateModified":"2025-03-10T12:40:23+00:00","description":"D\u00e9couvrez ce jouet en bois multifonction 3 en 1 : un calendrier, des battons en bois et un boulier math\u00e9matique pour stimuler l'apprentissage des enfants. Un jouet \u00e9ducatif complet au Maroc !","breadcrumb":{"@id":"https:\/\/otmaroc.com\/product\/jouet-en-bois-multifonction-3-en-1-calendrier-en-bois-battons-en-bois-boulier-mathematique\/#breadcrumb"},"inLanguage":"ar","potentialAction":[{"@type":"ReadAction","target":["https:\/\/otmaroc.com\/product\/jouet-en-bois-multifonction-3-en-1-calendrier-en-bois-battons-en-bois-boulier-mathematique\/"]}]},{"@type":"ImageObject","inLanguage":"ar","@id":"https:\/\/otmaroc.com\/product\/jouet-en-bois-multifonction-3-en-1-calendrier-en-bois-battons-en-bois-boulier-mathematique\/#primaryimage","url":"https:\/\/otmaroc.com\/wp-content\/uploads\/2025\/03\/www.otmaroc.com-0623512008-otmaroc2024@gmail.com-83.png","contentUrl":"https:\/\/otmaroc.com\/wp-content\/uploads\/2025\/03\/www.otmaroc.com-0623512008-otmaroc2024@gmail.com-83.png","width":1080,"height":1080},{"@type":"BreadcrumbList","@id":"https:\/\/otmaroc.com\/product\/jouet-en-bois-multifonction-3-en-1-calendrier-en-bois-battons-en-bois-boulier-mathematique\/#breadcrumb","itemListElement":[{"@type":"ListItem","position":1,"name":"Home","item":"https:\/\/otmaroc.com\/"},{"@type":"ListItem","position":2,"name":"Products","item":"https:\/\/otmaroc.com\/store\/"},{"@type":"ListItem","position":3,"name":"Jouet en bois multifonction 3 en 1 : Calendrier en bois \u2013 Battons en bois \u2013 Boulier math\u00e9matique"}]},{"@type":"WebSite","@id":"https:\/\/otmaroc.com\/#website","url":"https:\/\/otmaroc.com\/","name":"OTMAROC","description":"The number one website in morocco for occupational therapy","publisher":{"@id":"https:\/\/otmaroc.com\/#organization"},"potentialAction":[{"@type":"SearchAction","target":{"@type":"EntryPoint","urlTemplate":"https:\/\/otmaroc.com\/?s={search_term_string}"},"query-input":{"@type":"PropertyValueSpecification","valueRequired":true,"valueName":"search_term_string"}}],"inLanguage":"ar"},{"@type":"Organization","@id":"https:\/\/otmaroc.com\/#organization","name":"OTMAROC","url":"https:\/\/otmaroc.com\/","logo":{"@type":"ImageObject","inLanguage":"ar","@id":"https:\/\/otmaroc.com\/#\/schema\/logo\/image\/","url":"https:\/\/otmaroc.com\/wp-content\/uploads\/2024\/08\/cropped-cropped-Black_White_Yellow_Simple_Initial_Name_Logo-removebg-preview-2.png","contentUrl":"https:\/\/otmaroc.com\/wp-content\/uploads\/2024\/08\/cropped-cropped-Black_White_Yellow_Simple_Initial_Name_Logo-removebg-preview-2.png","width":298,"height":192,"caption":"OTMAROC"},"image":{"@id":"https:\/\/otmaroc.com\/#\/schema\/logo\/image\/"},"sameAs":["https:\/\/www.facebook.com\/profile.php?id=61565107472257","https:\/\/www.instagram.com\/otmaroc2024\/","https:\/\/www.youtube.com\/@othmaneksaibar6763","https:\/\/api.whatsapp.com\/send?phone=2120623512008"]}]}},"uagb_featured_image_src":{"full":["https:\/\/otmaroc.com\/wp-content\/uploads\/2025\/03\/www.otmaroc.com-0623512008-otmaroc2024@gmail.com-83.png",1080,1080,false],"thumbnail":["https:\/\/otmaroc.com\/wp-content\/uploads\/2025\/03\/www.otmaroc.com-0623512008-otmaroc2024@gmail.com-83-150x150.png",150,150,true],"medium":["https:\/\/otmaroc.com\/wp-content\/uploads\/2025\/03\/www.otmaroc.com-0623512008-otmaroc2024@gmail.com-83-300x300.png",300,300,true],"medium_large":["https:\/\/otmaroc.com\/wp-content\/uploads\/2025\/03\/www.otmaroc.com-0623512008-otmaroc2024@gmail.com-83-768x768.png",768,768,true],"large":["https:\/\/otmaroc.com\/wp-content\/uploads\/2025\/03\/www.otmaroc.com-0623512008-otmaroc2024@gmail.com-83-1024x1024.png",1024,1024,true],"1536x1536":["https:\/\/otmaroc.com\/wp-content\/uploads\/2025\/03\/www.otmaroc.com-0623512008-otmaroc2024@gmail.com-83.png",1080,1080,false],"2048x2048":["https:\/\/otmaroc.com\/wp-content\/uploads\/2025\/03\/www.otmaroc.com-0623512008-otmaroc2024@gmail.com-83.png",1080,1080,false],"trp-custom-language-flag":["https:\/\/otmaroc.com\/wp-content\/uploads\/2025\/03\/www.otmaroc.com-0623512008-otmaroc2024@gmail.com-83-12x12.png",12,12,true],"woocommerce_thumbnail":["https:\/\/otmaroc.com\/wp-content\/uploads\/2025\/03\/www.otmaroc.com-0623512008-otmaroc2024@gmail.com-83-300x300.png",300,300,true],"woocommerce_single":["https:\/\/otmaroc.com\/wp-content\/uploads\/2025\/03\/www.otmaroc.com-0623512008-otmaroc2024@gmail.com-83-600x600.png",600,600,true],"woocommerce_gallery_thumbnail":["https:\/\/otmaroc.com\/wp-content\/uploads\/2025\/03\/www.otmaroc.com-0623512008-otmaroc2024@gmail.com-83-100x100.png",100,100,true],"dgwt-wcas-product-suggestion":["https:\/\/otmaroc.com\/wp-content\/uploads\/2025\/03\/www.otmaroc.com-0623512008-otmaroc2024@gmail.com-83-64x64.png",64,64,true]},"uagb_author_info":{"display_name":"othmane iptv","author_link":"https:\/\/otmaroc.com\/ar\/author\/"},"uagb_comment_info":0,"uagb_excerpt":"D\u00e9couvrez ce jouet en bois multifonction 3 en 1 : un calendrier, des battons en bois et un boulier math\u00e9matique pour stimuler l'apprentissage des enfants. Un jouet \u00e9ducatif complet au Maroc !","jetpack_sharing_enabled":true,"_links":{"self":[{"href":"https:\/\/otmaroc.com\/ar\/wp-json\/wp\/v2\/product\/4267"}],"collection":[{"href":"https:\/\/otmaroc.com\/ar\/wp-json\/wp\/v2\/product"}],"about":[{"href":"https:\/\/otmaroc.com\/ar\/wp-json\/wp\/v2\/types\/product"}],"replies":[{"embeddable":true,"href":"https:\/\/otmaroc.com\/ar\/wp-json\/wp\/v2\/comments?post=4267"}],"wp:featuredmedia":[{"embeddable":true,"href":"https:\/\/otmaroc.com\/ar\/wp-json\/wp\/v2\/media\/4272"}],"wp:attachment":[{"href":"https:\/\/otmaroc.com\/ar\/wp-json\/wp\/v2\/media?parent=4267"}],"wp:term":[{"taxonomy":"product_cat","embeddable":true,"href":"https:\/\/otmaroc.com\/ar\/wp-json\/wp\/v2\/product_cat?post=4267"},{"taxonomy":"product_tag","embeddable":true,"href":"https:\/\/otmaroc.com\/ar\/wp-json\/wp\/v2\/product_tag?post=4267"}],"curies":[{"name":"wp","href":"https:\/\/api.w.org\/{rel}","templated":true}]}}