{"id":4263,"date":"2025-03-10T12:11:36","date_gmt":"2025-03-10T12:11:36","guid":{"rendered":"https:\/\/otmaroc.com\/?post_type=product&#038;p=4263"},"modified":"2025-04-23T11:20:00","modified_gmt":"2025-04-23T11:20:00","slug":"jeu-educatif-de-lacage-et-motricite-fine-vie-pratique-montessori","status":"publish","type":"product","link":"https:\/\/otmaroc.com\/ar\/product\/jeu-educatif-de-lacage-et-motricite-fine-vie-pratique-montessori\/","title":{"rendered":"Jeu \u00e9ducatif de la\u00e7age et motricit\u00e9 fine \u2013 vie pratique Montessori"},"content":{"rendered":"<p>&nbsp;<\/p>\n<p>Les petits amoureux des animaux vont adorer ce puzzle cr\u00e9atif ! Les plaquettes peuvent \u00eatre lac\u00e9es selon les envies de votre enfant ou en suivant le mod\u00e8le illustr\u00e9. Ce jeu ludique permet \u00e0 votre enfant de cr\u00e9er des sc\u00e8nes vari\u00e9es et captivantes \u00e0 chaque utilisation.<\/p>\n<p>Ce puzzle \u00e9ducatif offre une approche amusante pour enseigner le la\u00e7age, une comp\u00e9tence importante, tout en d\u00e9veloppant la motricit\u00e9 fine.<\/p>\n<p>Inspir\u00e9e de la m\u00e9thode Montessori, cette planche d&rsquo;activit\u00e9s fait partie de la cat\u00e9gorie \u00ab\u00a0vie pratique\u00a0\u00bb et aide \u00e0 renforcer les comp\u00e9tences motrices et la coordination, tout en mettant l&rsquo;accent sur l&rsquo;habillage.<\/p>\n<p>Un cadeau parfait qui ravira les enfants et leur permettra d&rsquo;apprendre tout en s&rsquo;amusant !<\/p>\n<p><strong>Apports \u00e9ducatifs :<\/strong><\/p>\n<ul>\n<li>D\u00e9veloppement de la motricit\u00e9 fine et de la capacit\u00e9 de manipulation<\/li>\n<li>Apprentissage du placement des pi\u00e8ces du puzzle et de leur association<\/li>\n<li>Initiation au langage et au vocabulaire<\/li>\n<li>Am\u00e9lioration de la perception visuelle, particuli\u00e8rement b\u00e9n\u00e9fique pour les enfants en maternelle, autistes ou ayant des besoins sp\u00e9cifiques<\/li>\n<li>Renforcement de l&rsquo;autonomie des enfants<\/li>\n<\/ul>\n<p><strong>Caract\u00e9ristiques :<\/strong><\/p>\n<ul>\n<li>Nombre de pi\u00e8ces : 27<\/li>\n<li>\u00c2ge recommand\u00e9 : \u00e0 partir de 3 ans<\/li>\n<li>Dimensions : 30 x 23 x 1 cm<\/li>\n<\/ul>","protected":false},"excerpt":{"rendered":"<p>Parfait pour am\u00e9liorer la motricit\u00e9 fine et la coordination tout en s&rsquo;amusant. Id\u00e9al pour les tout-petits.<\/p>","protected":false},"featured_media":4266,"comment_status":"open","ping_status":"closed","template":"","meta":{"_uag_custom_page_level_css":"","site-sidebar-layout":"default","site-content-layout":"","ast-site-content-layout":"default","site-content-style":"default","site-sidebar-style":"default","ast-global-header-display":"","ast-banner-title-visibility":"","ast-main-header-display":"","ast-hfb-above-header-display":"","ast-hfb-below-header-display":"","ast-hfb-mobile-header-display":"","site-post-title":"","ast-breadcrumbs-content":"","ast-featured-img":"","footer-sml-layout":"","theme-transparent-header-meta":"default","adv-header-id-meta":"","stick-header-meta":"","header-above-stick-meta":"","header-main-stick-meta":"","header-below-stick-meta":"","astra-migrate-meta-layouts":"set","ast-page-background-enabled":"default","ast-page-background-meta":{"desktop":{"background-color":"","background-image":"","background-repeat":"repeat","background-position":"center center","background-size":"auto","background-attachment":"scroll","background-type":"","background-media":"","overlay-type":"","overlay-color":"","overlay-opacity":"","overlay-gradient":""},"tablet":{"background-color":"","background-image":"","background-repeat":"repeat","background-position":"center center","background-size":"auto","background-attachment":"scroll","background-type":"","background-media":"","overlay-type":"","overlay-color":"","overlay-opacity":"","overlay-gradient":""},"mobile":{"background-color":"","background-image":"","background-repeat":"repeat","background-position":"center center","background-size":"auto","background-attachment":"scroll","background-type":"","background-media":"","overlay-type":"","overlay-color":"","overlay-opacity":"","overlay-gradient":""}},"ast-content-background-meta":{"desktop":{"background-color":"var(--ast-global-color-5)","background-image":"","background-repeat":"repeat","background-position":"center center","background-size":"auto","background-attachment":"scroll","background-type":"","background-media":"","overlay-type":"","overlay-color":"","overlay-opacity":"","overlay-gradient":""},"tablet":{"background-color":"var(--ast-global-color-5)","background-image":"","background-repeat":"repeat","background-position":"center center","background-size":"auto","background-attachment":"scroll","background-type":"","background-media":"","overlay-type":"","overlay-color":"","overlay-opacity":"","overlay-gradient":""},"mobile":{"background-color":"var(--ast-global-color-5)","background-image":"","background-repeat":"repeat","background-position":"center center","background-size":"auto","background-attachment":"scroll","background-type":"","background-media":"","overlay-type":"","overlay-color":"","overlay-opacity":"","overlay-gradient":""}}},"product_cat":[52,80,79,90,103,63],"product_tag":[],"class_list":{"0":"post-4263","1":"product","2":"type-product","3":"status-publish","4":"has-post-thumbnail","6":"product_cat-jouets-de-therapie-au-maroc","7":"product_cat-materiel-de-orthophonie","8":"product_cat-materiel-de-psychomotricite","9":"product_cat-motricite","10":"product_cat-tous-les-jeux-educatifs-et-therapeutiques","11":"product_cat-tous-les-produits","12":"desktop-align-left","13":"tablet-align-left","14":"mobile-align-left","16":"first","17":"outofstock","18":"sale","19":"shipping-taxable","20":"purchasable","21":"product-type-simple"},"yoast_head":"<!-- This site is optimized with the Yoast SEO plugin v23.5 - https:\/\/yoast.com\/wordpress\/plugins\/seo\/ -->\n<title>Jeu \u00e9ducatif de la\u00e7age et motricit\u00e9 fine \u2013 vie pratique Montessori au Maroc<\/title>\n<meta name=\"description\" content=\"Offrez \u00e0 votre enfant le jeu \u00e9ducatif de la\u00e7age inspir\u00e9 de la m\u00e9thode Montessori. Parfait pour am\u00e9liorer la motricit\u00e9 fine et la coordination tout en s&#039;amusant. Id\u00e9al pour les tout-petits au Maroc !\" \/>\n<meta name=\"robots\" content=\"index, follow, max-snippet:-1, max-image-preview:large, max-video-preview:-1\" \/>\n<link rel=\"canonical\" href=\"https:\/\/otmaroc.com\/ar\/product\/jeu-educatif-de-lacage-et-motricite-fine-vie-pratique-montessori\/\" \/>\n<meta property=\"og:locale\" content=\"ar_AR\" \/>\n<meta property=\"og:type\" content=\"article\" \/>\n<meta property=\"og:title\" content=\"Jeu \u00e9ducatif de la\u00e7age et motricit\u00e9 fine \u2013 vie pratique Montessori au Maroc\" \/>\n<meta property=\"og:description\" content=\"Offrez \u00e0 votre enfant le jeu \u00e9ducatif de la\u00e7age inspir\u00e9 de la m\u00e9thode Montessori. Parfait pour am\u00e9liorer la motricit\u00e9 fine et la coordination tout en s&#039;amusant. Id\u00e9al pour les tout-petits au Maroc !\" \/>\n<meta property=\"og:url\" content=\"https:\/\/otmaroc.com\/ar\/product\/jeu-educatif-de-lacage-et-motricite-fine-vie-pratique-montessori\/\" \/>\n<meta property=\"og:site_name\" content=\"OTMAROC\" \/>\n<meta property=\"article:publisher\" content=\"https:\/\/www.facebook.com\/profile.php?id=61565107472257\" \/>\n<meta property=\"article:modified_time\" content=\"2025-04-23T11:20:00+00:00\" \/>\n<meta property=\"og:image\" content=\"https:\/\/otmaroc.com\/wp-content\/uploads\/2025\/03\/www.otmaroc.com-0623512008-otmaroc2024@gmail.com-82.png\" \/>\n\t<meta property=\"og:image:width\" content=\"1080\" \/>\n\t<meta property=\"og:image:height\" content=\"1080\" \/>\n\t<meta property=\"og:image:type\" content=\"image\/png\" \/>\n<meta name=\"twitter:card\" content=\"summary_large_image\" \/>\n<meta name=\"twitter:label1\" content=\"\u0648\u0642\u062a \u0627\u0644\u0642\u0631\u0627\u0621\u0629 \u0627\u0644\u0645\u064f\u0642\u062f\u0651\u0631\" \/>\n\t<meta name=\"twitter:data1\" content=\"\u062f\u0642\u064a\u0642\u062a\u0627\u0646\" \/>\n<script type=\"application\/ld+json\" class=\"yoast-schema-graph\">{\"@context\":\"https:\/\/schema.org\",\"@graph\":[{\"@type\":\"WebPage\",\"@id\":\"https:\/\/otmaroc.com\/product\/jeu-educatif-de-lacage-et-motricite-fine-vie-pratique-montessori\/\",\"url\":\"https:\/\/otmaroc.com\/product\/jeu-educatif-de-lacage-et-motricite-fine-vie-pratique-montessori\/\",\"name\":\"Jeu \u00e9ducatif de la\u00e7age et motricit\u00e9 fine \u2013 vie pratique Montessori au Maroc\",\"isPartOf\":{\"@id\":\"https:\/\/otmaroc.com\/#website\"},\"primaryImageOfPage\":{\"@id\":\"https:\/\/otmaroc.com\/product\/jeu-educatif-de-lacage-et-motricite-fine-vie-pratique-montessori\/#primaryimage\"},\"image\":{\"@id\":\"https:\/\/otmaroc.com\/product\/jeu-educatif-de-lacage-et-motricite-fine-vie-pratique-montessori\/#primaryimage\"},\"thumbnailUrl\":\"https:\/\/otmaroc.com\/wp-content\/uploads\/2025\/03\/www.otmaroc.com-0623512008-otmaroc2024@gmail.com-82.png\",\"datePublished\":\"2025-03-10T12:11:36+00:00\",\"dateModified\":\"2025-04-23T11:20:00+00:00\",\"description\":\"Offrez \u00e0 votre enfant le jeu \u00e9ducatif de la\u00e7age inspir\u00e9 de la m\u00e9thode Montessori. Parfait pour am\u00e9liorer la motricit\u00e9 fine et la coordination tout en s'amusant. Id\u00e9al pour les tout-petits au Maroc !\",\"breadcrumb\":{\"@id\":\"https:\/\/otmaroc.com\/product\/jeu-educatif-de-lacage-et-motricite-fine-vie-pratique-montessori\/#breadcrumb\"},\"inLanguage\":\"ar\",\"potentialAction\":[{\"@type\":\"ReadAction\",\"target\":[\"https:\/\/otmaroc.com\/product\/jeu-educatif-de-lacage-et-motricite-fine-vie-pratique-montessori\/\"]}]},{\"@type\":\"ImageObject\",\"inLanguage\":\"ar\",\"@id\":\"https:\/\/otmaroc.com\/product\/jeu-educatif-de-lacage-et-motricite-fine-vie-pratique-montessori\/#primaryimage\",\"url\":\"https:\/\/otmaroc.com\/wp-content\/uploads\/2025\/03\/www.otmaroc.com-0623512008-otmaroc2024@gmail.com-82.png\",\"contentUrl\":\"https:\/\/otmaroc.com\/wp-content\/uploads\/2025\/03\/www.otmaroc.com-0623512008-otmaroc2024@gmail.com-82.png\",\"width\":1080,\"height\":1080},{\"@type\":\"BreadcrumbList\",\"@id\":\"https:\/\/otmaroc.com\/product\/jeu-educatif-de-lacage-et-motricite-fine-vie-pratique-montessori\/#breadcrumb\",\"itemListElement\":[{\"@type\":\"ListItem\",\"position\":1,\"name\":\"Home\",\"item\":\"https:\/\/otmaroc.com\/\"},{\"@type\":\"ListItem\",\"position\":2,\"name\":\"Products\",\"item\":\"https:\/\/otmaroc.com\/store\/\"},{\"@type\":\"ListItem\",\"position\":3,\"name\":\"Jeu \u00e9ducatif de la\u00e7age et motricit\u00e9 fine \u2013 vie pratique Montessori\"}]},{\"@type\":\"WebSite\",\"@id\":\"https:\/\/otmaroc.com\/#website\",\"url\":\"https:\/\/otmaroc.com\/\",\"name\":\"OTMAROC\",\"description\":\"The number one website in morocco for occupational therapy\",\"publisher\":{\"@id\":\"https:\/\/otmaroc.com\/#organization\"},\"potentialAction\":[{\"@type\":\"SearchAction\",\"target\":{\"@type\":\"EntryPoint\",\"urlTemplate\":\"https:\/\/otmaroc.com\/?s={search_term_string}\"},\"query-input\":{\"@type\":\"PropertyValueSpecification\",\"valueRequired\":true,\"valueName\":\"search_term_string\"}}],\"inLanguage\":\"ar\"},{\"@type\":\"Organization\",\"@id\":\"https:\/\/otmaroc.com\/#organization\",\"name\":\"OTMAROC\",\"url\":\"https:\/\/otmaroc.com\/\",\"logo\":{\"@type\":\"ImageObject\",\"inLanguage\":\"ar\",\"@id\":\"https:\/\/otmaroc.com\/#\/schema\/logo\/image\/\",\"url\":\"https:\/\/otmaroc.com\/wp-content\/uploads\/2024\/08\/cropped-cropped-Black_White_Yellow_Simple_Initial_Name_Logo-removebg-preview-2.png\",\"contentUrl\":\"https:\/\/otmaroc.com\/wp-content\/uploads\/2024\/08\/cropped-cropped-Black_White_Yellow_Simple_Initial_Name_Logo-removebg-preview-2.png\",\"width\":298,\"height\":192,\"caption\":\"OTMAROC\"},\"image\":{\"@id\":\"https:\/\/otmaroc.com\/#\/schema\/logo\/image\/\"},\"sameAs\":[\"https:\/\/www.facebook.com\/profile.php?id=61565107472257\",\"https:\/\/www.instagram.com\/otmaroc2024\/\",\"https:\/\/www.youtube.com\/@othmaneksaibar6763\",\"https:\/\/api.whatsapp.com\/send?phone=2120623512008\"]}]}<\/script>\n<!-- \/ Yoast SEO plugin. -->","yoast_head_json":{"title":"Jeu \u00e9ducatif de la\u00e7age et motricit\u00e9 fine \u2013 vie pratique Montessori au Maroc","description":"Offrez \u00e0 votre enfant le jeu \u00e9ducatif de la\u00e7age inspir\u00e9 de la m\u00e9thode Montessori. Parfait pour am\u00e9liorer la motricit\u00e9 fine et la coordination tout en s'amusant. Id\u00e9al pour les tout-petits au Maroc !","robots":{"index":"index","follow":"follow","max-snippet":"max-snippet:-1","max-image-preview":"max-image-preview:large","max-video-preview":"max-video-preview:-1"},"canonical":"https:\/\/otmaroc.com\/ar\/product\/jeu-educatif-de-lacage-et-motricite-fine-vie-pratique-montessori\/","og_locale":"ar_AR","og_type":"article","og_title":"Jeu \u00e9ducatif de la\u00e7age et motricit\u00e9 fine \u2013 vie pratique Montessori au Maroc","og_description":"Offrez \u00e0 votre enfant le jeu \u00e9ducatif de la\u00e7age inspir\u00e9 de la m\u00e9thode Montessori. Parfait pour am\u00e9liorer la motricit\u00e9 fine et la coordination tout en s'amusant. Id\u00e9al pour les tout-petits au Maroc !","og_url":"https:\/\/otmaroc.com\/ar\/product\/jeu-educatif-de-lacage-et-motricite-fine-vie-pratique-montessori\/","og_site_name":"OTMAROC","article_publisher":"https:\/\/www.facebook.com\/profile.php?id=61565107472257","article_modified_time":"2025-04-23T11:20:00+00:00","og_image":[{"width":1080,"height":1080,"url":"https:\/\/otmaroc.com\/wp-content\/uploads\/2025\/03\/www.otmaroc.com-0623512008-otmaroc2024@gmail.com-82.png","type":"image\/png"}],"twitter_card":"summary_large_image","twitter_misc":{"\u0648\u0642\u062a \u0627\u0644\u0642\u0631\u0627\u0621\u0629 \u0627\u0644\u0645\u064f\u0642\u062f\u0651\u0631":"\u062f\u0642\u064a\u0642\u062a\u0627\u0646"},"schema":{"@context":"https:\/\/schema.org","@graph":[{"@type":"WebPage","@id":"https:\/\/otmaroc.com\/product\/jeu-educatif-de-lacage-et-motricite-fine-vie-pratique-montessori\/","url":"https:\/\/otmaroc.com\/product\/jeu-educatif-de-lacage-et-motricite-fine-vie-pratique-montessori\/","name":"Jeu \u00e9ducatif de la\u00e7age et motricit\u00e9 fine \u2013 vie pratique Montessori au Maroc","isPartOf":{"@id":"https:\/\/otmaroc.com\/#website"},"primaryImageOfPage":{"@id":"https:\/\/otmaroc.com\/product\/jeu-educatif-de-lacage-et-motricite-fine-vie-pratique-montessori\/#primaryimage"},"image":{"@id":"https:\/\/otmaroc.com\/product\/jeu-educatif-de-lacage-et-motricite-fine-vie-pratique-montessori\/#primaryimage"},"thumbnailUrl":"https:\/\/otmaroc.com\/wp-content\/uploads\/2025\/03\/www.otmaroc.com-0623512008-otmaroc2024@gmail.com-82.png","datePublished":"2025-03-10T12:11:36+00:00","dateModified":"2025-04-23T11:20:00+00:00","description":"Offrez \u00e0 votre enfant le jeu \u00e9ducatif de la\u00e7age inspir\u00e9 de la m\u00e9thode Montessori. Parfait pour am\u00e9liorer la motricit\u00e9 fine et la coordination tout en s'amusant. Id\u00e9al pour les tout-petits au Maroc !","breadcrumb":{"@id":"https:\/\/otmaroc.com\/product\/jeu-educatif-de-lacage-et-motricite-fine-vie-pratique-montessori\/#breadcrumb"},"inLanguage":"ar","potentialAction":[{"@type":"ReadAction","target":["https:\/\/otmaroc.com\/product\/jeu-educatif-de-lacage-et-motricite-fine-vie-pratique-montessori\/"]}]},{"@type":"ImageObject","inLanguage":"ar","@id":"https:\/\/otmaroc.com\/product\/jeu-educatif-de-lacage-et-motricite-fine-vie-pratique-montessori\/#primaryimage","url":"https:\/\/otmaroc.com\/wp-content\/uploads\/2025\/03\/www.otmaroc.com-0623512008-otmaroc2024@gmail.com-82.png","contentUrl":"https:\/\/otmaroc.com\/wp-content\/uploads\/2025\/03\/www.otmaroc.com-0623512008-otmaroc2024@gmail.com-82.png","width":1080,"height":1080},{"@type":"BreadcrumbList","@id":"https:\/\/otmaroc.com\/product\/jeu-educatif-de-lacage-et-motricite-fine-vie-pratique-montessori\/#breadcrumb","itemListElement":[{"@type":"ListItem","position":1,"name":"Home","item":"https:\/\/otmaroc.com\/"},{"@type":"ListItem","position":2,"name":"Products","item":"https:\/\/otmaroc.com\/store\/"},{"@type":"ListItem","position":3,"name":"Jeu \u00e9ducatif de la\u00e7age et motricit\u00e9 fine \u2013 vie pratique Montessori"}]},{"@type":"WebSite","@id":"https:\/\/otmaroc.com\/#website","url":"https:\/\/otmaroc.com\/","name":"OTMAROC","description":"The number one website in morocco for occupational therapy","publisher":{"@id":"https:\/\/otmaroc.com\/#organization"},"potentialAction":[{"@type":"SearchAction","target":{"@type":"EntryPoint","urlTemplate":"https:\/\/otmaroc.com\/?s={search_term_string}"},"query-input":{"@type":"PropertyValueSpecification","valueRequired":true,"valueName":"search_term_string"}}],"inLanguage":"ar"},{"@type":"Organization","@id":"https:\/\/otmaroc.com\/#organization","name":"OTMAROC","url":"https:\/\/otmaroc.com\/","logo":{"@type":"ImageObject","inLanguage":"ar","@id":"https:\/\/otmaroc.com\/#\/schema\/logo\/image\/","url":"https:\/\/otmaroc.com\/wp-content\/uploads\/2024\/08\/cropped-cropped-Black_White_Yellow_Simple_Initial_Name_Logo-removebg-preview-2.png","contentUrl":"https:\/\/otmaroc.com\/wp-content\/uploads\/2024\/08\/cropped-cropped-Black_White_Yellow_Simple_Initial_Name_Logo-removebg-preview-2.png","width":298,"height":192,"caption":"OTMAROC"},"image":{"@id":"https:\/\/otmaroc.com\/#\/schema\/logo\/image\/"},"sameAs":["https:\/\/www.facebook.com\/profile.php?id=61565107472257","https:\/\/www.instagram.com\/otmaroc2024\/","https:\/\/www.youtube.com\/@othmaneksaibar6763","https:\/\/api.whatsapp.com\/send?phone=2120623512008"]}]}},"uagb_featured_image_src":{"full":["https:\/\/otmaroc.com\/wp-content\/uploads\/2025\/03\/www.otmaroc.com-0623512008-otmaroc2024@gmail.com-82.png",1080,1080,false],"thumbnail":["https:\/\/otmaroc.com\/wp-content\/uploads\/2025\/03\/www.otmaroc.com-0623512008-otmaroc2024@gmail.com-82-150x150.png",150,150,true],"medium":["https:\/\/otmaroc.com\/wp-content\/uploads\/2025\/03\/www.otmaroc.com-0623512008-otmaroc2024@gmail.com-82-300x300.png",300,300,true],"medium_large":["https:\/\/otmaroc.com\/wp-content\/uploads\/2025\/03\/www.otmaroc.com-0623512008-otmaroc2024@gmail.com-82-768x768.png",768,768,true],"large":["https:\/\/otmaroc.com\/wp-content\/uploads\/2025\/03\/www.otmaroc.com-0623512008-otmaroc2024@gmail.com-82-1024x1024.png",1024,1024,true],"1536x1536":["https:\/\/otmaroc.com\/wp-content\/uploads\/2025\/03\/www.otmaroc.com-0623512008-otmaroc2024@gmail.com-82.png",1080,1080,false],"2048x2048":["https:\/\/otmaroc.com\/wp-content\/uploads\/2025\/03\/www.otmaroc.com-0623512008-otmaroc2024@gmail.com-82.png",1080,1080,false],"trp-custom-language-flag":["https:\/\/otmaroc.com\/wp-content\/uploads\/2025\/03\/www.otmaroc.com-0623512008-otmaroc2024@gmail.com-82-12x12.png",12,12,true],"woocommerce_thumbnail":["https:\/\/otmaroc.com\/wp-content\/uploads\/2025\/03\/www.otmaroc.com-0623512008-otmaroc2024@gmail.com-82-300x300.png",300,300,true],"woocommerce_single":["https:\/\/otmaroc.com\/wp-content\/uploads\/2025\/03\/www.otmaroc.com-0623512008-otmaroc2024@gmail.com-82-600x600.png",600,600,true],"woocommerce_gallery_thumbnail":["https:\/\/otmaroc.com\/wp-content\/uploads\/2025\/03\/www.otmaroc.com-0623512008-otmaroc2024@gmail.com-82-100x100.png",100,100,true],"dgwt-wcas-product-suggestion":["https:\/\/otmaroc.com\/wp-content\/uploads\/2025\/03\/www.otmaroc.com-0623512008-otmaroc2024@gmail.com-82-64x64.png",64,64,true]},"uagb_author_info":{"display_name":"othmane iptv","author_link":"https:\/\/otmaroc.com\/ar\/author\/"},"uagb_comment_info":0,"uagb_excerpt":"Parfait pour am\u00e9liorer la motricit\u00e9 fine et la coordination tout en s'amusant. Id\u00e9al pour les tout-petits.","jetpack_sharing_enabled":true,"_links":{"self":[{"href":"https:\/\/otmaroc.com\/ar\/wp-json\/wp\/v2\/product\/4263"}],"collection":[{"href":"https:\/\/otmaroc.com\/ar\/wp-json\/wp\/v2\/product"}],"about":[{"href":"https:\/\/otmaroc.com\/ar\/wp-json\/wp\/v2\/types\/product"}],"replies":[{"embeddable":true,"href":"https:\/\/otmaroc.com\/ar\/wp-json\/wp\/v2\/comments?post=4263"}],"wp:featuredmedia":[{"embeddable":true,"href":"https:\/\/otmaroc.com\/ar\/wp-json\/wp\/v2\/media\/4266"}],"wp:attachment":[{"href":"https:\/\/otmaroc.com\/ar\/wp-json\/wp\/v2\/media?parent=4263"}],"wp:term":[{"taxonomy":"product_cat","embeddable":true,"href":"https:\/\/otmaroc.com\/ar\/wp-json\/wp\/v2\/product_cat?post=4263"},{"taxonomy":"product_tag","embeddable":true,"href":"https:\/\/otmaroc.com\/ar\/wp-json\/wp\/v2\/product_tag?post=4263"}],"curies":[{"name":"wp","href":"https:\/\/api.w.org\/{rel}","templated":true}]}}