{"id":4255,"date":"2025-03-09T02:08:26","date_gmt":"2025-03-09T02:08:26","guid":{"rendered":"https:\/\/otmaroc.com\/?post_type=product&#038;p=4255"},"modified":"2025-03-09T02:10:03","modified_gmt":"2025-03-09T02:10:03","slug":"jeu-decouverte-du-corps-humain-garcon","status":"publish","type":"product","link":"https:\/\/otmaroc.com\/ar\/product\/jeu-decouverte-du-corps-humain-garcon\/","title":{"rendered":"Jeu d\u00e9couverte du corps humain \u2013 gar\u00e7on"},"content":{"rendered":"<p>&nbsp;<\/p>\n<p>Un jeu captivant pour explorer l\u2019int\u00e9rieur et l\u2019ext\u00e9rieur du corps humain ! L\u2019apprentissage se fait par la superposition de diff\u00e9rents \u00e9l\u00e9ments (cartes repr\u00e9sentant les \u201corganes\u201d, \u201cmembres\u201d, etc.), permettant aux enfants de comprendre les diff\u00e9rentes parties du corps. Les cartes incluent les d\u00e9signations des parties du corps en <strong>anglais<\/strong>, offrant une opportunit\u00e9 d\u2019enrichir le vocabulaire dans une langue \u00e9trang\u00e8re.<\/p>\n<p><strong>Apports \u00e9ducatifs :<\/strong><\/p>\n<ul>\n<li>D\u00e9veloppement du sens de l\u2019observation, de la logique et de la m\u00e9moire<\/li>\n<li>Apprentissage des diff\u00e9rents organes et membres du corps humain<\/li>\n<li>Exercices de lecture des noms des parties du corps<\/li>\n<li>Travail sur l\u2019association logique entre les parties du corps et leur nomenclature<\/li>\n<li>Am\u00e9lioration de la motricit\u00e9 fine et de la dext\u00e9rit\u00e9<\/li>\n<\/ul>\n<p><strong>Caract\u00e9ristiques :<\/strong><\/p>\n<ul>\n<li>\u00c2ge recommand\u00e9 : \u00e0 partir de 3 ans<\/li>\n<li>Dimensions : 26 x 18 x 5 cm<\/li>\n<\/ul>","protected":false},"excerpt":{"rendered":"<p>Explorez le corps humain de mani\u00e8re ludique avec ce jeu \u00e9ducatif con\u00e7u pour les gar\u00e7ons. Id\u00e9al pour \u00e9veiller leur curiosit\u00e9, il permet d\u2019apprendre l\u2019anatomie et le fonctionnement du corps de fa\u00e7on interactive et amusante. Convient aux enfants d\u00e8s 4 ans.<\/p>\n<p><span style=\"color: #ff6600;\">Disponible en pr\u00e9commande:<\/span>\u00a0contactez-nous pour commander<\/p>","protected":false},"featured_media":4256,"comment_status":"open","ping_status":"closed","template":"","meta":{"_uag_custom_page_level_css":"","site-sidebar-layout":"default","site-content-layout":"","ast-site-content-layout":"default","site-content-style":"default","site-sidebar-style":"default","ast-global-header-display":"","ast-banner-title-visibility":"","ast-main-header-display":"","ast-hfb-above-header-display":"","ast-hfb-below-header-display":"","ast-hfb-mobile-header-display":"","site-post-title":"","ast-breadcrumbs-content":"","ast-featured-img":"","footer-sml-layout":"","theme-transparent-header-meta":"default","adv-header-id-meta":"","stick-header-meta":"","header-above-stick-meta":"","header-main-stick-meta":"","header-below-stick-meta":"","astra-migrate-meta-layouts":"set","ast-page-background-enabled":"default","ast-page-background-meta":{"desktop":{"background-color":"","background-image":"","background-repeat":"repeat","background-position":"center center","background-size":"auto","background-attachment":"scroll","background-type":"","background-media":"","overlay-type":"","overlay-color":"","overlay-opacity":"","overlay-gradient":""},"tablet":{"background-color":"","background-image":"","background-repeat":"repeat","background-position":"center center","background-size":"auto","background-attachment":"scroll","background-type":"","background-media":"","overlay-type":"","overlay-color":"","overlay-opacity":"","overlay-gradient":""},"mobile":{"background-color":"","background-image":"","background-repeat":"repeat","background-position":"center center","background-size":"auto","background-attachment":"scroll","background-type":"","background-media":"","overlay-type":"","overlay-color":"","overlay-opacity":"","overlay-gradient":""}},"ast-content-background-meta":{"desktop":{"background-color":"var(--ast-global-color-5)","background-image":"","background-repeat":"repeat","background-position":"center center","background-size":"auto","background-attachment":"scroll","background-type":"","background-media":"","overlay-type":"","overlay-color":"","overlay-opacity":"","overlay-gradient":""},"tablet":{"background-color":"var(--ast-global-color-5)","background-image":"","background-repeat":"repeat","background-position":"center center","background-size":"auto","background-attachment":"scroll","background-type":"","background-media":"","overlay-type":"","overlay-color":"","overlay-opacity":"","overlay-gradient":""},"mobile":{"background-color":"var(--ast-global-color-5)","background-image":"","background-repeat":"repeat","background-position":"center center","background-size":"auto","background-attachment":"scroll","background-type":"","background-media":"","overlay-type":"","overlay-color":"","overlay-opacity":"","overlay-gradient":""}}},"product_cat":[92,52,80,79,89,63],"product_tag":[],"class_list":{"0":"post-4255","1":"product","2":"type-product","3":"status-publish","4":"has-post-thumbnail","6":"product_cat-apprentissage","7":"product_cat-jouets-de-therapie-au-maroc","8":"product_cat-materiel-de-orthophonie","9":"product_cat-materiel-de-psychomotricite","10":"product_cat-sensorialite","11":"product_cat-tous-les-produits","12":"desktop-align-left","13":"tablet-align-left","14":"mobile-align-left","16":"first","17":"onbackorder","18":"shipping-taxable","19":"product-type-simple"},"yoast_head":"<!-- This site is optimized with the Yoast SEO plugin v23.5 - https:\/\/yoast.com\/wordpress\/plugins\/seo\/ -->\n<title>Jeu D\u00e9couverte du Corps Humain \u2013 Gar\u00e7on au Maroc<\/title>\n<meta name=\"description\" content=\"Explorez le corps humain de mani\u00e8re ludique avec ce jeu \u00e9ducatif con\u00e7u pour les gar\u00e7ons. Id\u00e9al pour \u00e9veiller leur curiosit\u00e9, il permet d\u2019apprendre l\u2019anatomie et le fonctionnement du corps de fa\u00e7on interactive et amusante. Convient aux enfants d\u00e8s 4 ans. Disponible au Maroc.\" \/>\n<meta name=\"robots\" content=\"index, follow, max-snippet:-1, max-image-preview:large, max-video-preview:-1\" \/>\n<link rel=\"canonical\" href=\"https:\/\/otmaroc.com\/ar\/product\/jeu-decouverte-du-corps-humain-garcon\/\" \/>\n<meta property=\"og:locale\" content=\"ar_AR\" \/>\n<meta property=\"og:type\" content=\"article\" \/>\n<meta property=\"og:title\" content=\"Jeu D\u00e9couverte du Corps Humain \u2013 Gar\u00e7on au Maroc\" \/>\n<meta property=\"og:description\" content=\"Explorez le corps humain de mani\u00e8re ludique avec ce jeu \u00e9ducatif con\u00e7u pour les gar\u00e7ons. Id\u00e9al pour \u00e9veiller leur curiosit\u00e9, il permet d\u2019apprendre l\u2019anatomie et le fonctionnement du corps de fa\u00e7on interactive et amusante. Convient aux enfants d\u00e8s 4 ans. Disponible au Maroc.\" \/>\n<meta property=\"og:url\" content=\"https:\/\/otmaroc.com\/ar\/product\/jeu-decouverte-du-corps-humain-garcon\/\" \/>\n<meta property=\"og:site_name\" content=\"OTMAROC\" \/>\n<meta property=\"article:publisher\" content=\"https:\/\/www.facebook.com\/profile.php?id=61565107472257\" \/>\n<meta property=\"article:modified_time\" content=\"2025-03-09T02:10:03+00:00\" \/>\n<meta property=\"og:image\" content=\"https:\/\/otmaroc.com\/wp-content\/uploads\/2025\/03\/www.otmaroc.com-0623512008-otmaroc2024@gmail.com-80.png\" \/>\n\t<meta property=\"og:image:width\" content=\"1080\" \/>\n\t<meta property=\"og:image:height\" content=\"1080\" \/>\n\t<meta property=\"og:image:type\" content=\"image\/png\" \/>\n<meta name=\"twitter:card\" content=\"summary_large_image\" \/>\n<meta name=\"twitter:label1\" content=\"\u0648\u0642\u062a \u0627\u0644\u0642\u0631\u0627\u0621\u0629 \u0627\u0644\u0645\u064f\u0642\u062f\u0651\u0631\" \/>\n\t<meta name=\"twitter:data1\" content=\"\u062f\u0642\u064a\u0642\u0629 \u0648\u0627\u062d\u062f\u0629\" \/>\n<script type=\"application\/ld+json\" class=\"yoast-schema-graph\">{\"@context\":\"https:\/\/schema.org\",\"@graph\":[{\"@type\":\"WebPage\",\"@id\":\"https:\/\/otmaroc.com\/product\/jeu-decouverte-du-corps-humain-garcon\/\",\"url\":\"https:\/\/otmaroc.com\/product\/jeu-decouverte-du-corps-humain-garcon\/\",\"name\":\"Jeu D\u00e9couverte du Corps Humain \u2013 Gar\u00e7on au Maroc\",\"isPartOf\":{\"@id\":\"https:\/\/otmaroc.com\/#website\"},\"primaryImageOfPage\":{\"@id\":\"https:\/\/otmaroc.com\/product\/jeu-decouverte-du-corps-humain-garcon\/#primaryimage\"},\"image\":{\"@id\":\"https:\/\/otmaroc.com\/product\/jeu-decouverte-du-corps-humain-garcon\/#primaryimage\"},\"thumbnailUrl\":\"https:\/\/otmaroc.com\/wp-content\/uploads\/2025\/03\/www.otmaroc.com-0623512008-otmaroc2024@gmail.com-80.png\",\"datePublished\":\"2025-03-09T02:08:26+00:00\",\"dateModified\":\"2025-03-09T02:10:03+00:00\",\"description\":\"Explorez le corps humain de mani\u00e8re ludique avec ce jeu \u00e9ducatif con\u00e7u pour les gar\u00e7ons. Id\u00e9al pour \u00e9veiller leur curiosit\u00e9, il permet d\u2019apprendre l\u2019anatomie et le fonctionnement du corps de fa\u00e7on interactive et amusante. Convient aux enfants d\u00e8s 4 ans. Disponible au Maroc.\",\"breadcrumb\":{\"@id\":\"https:\/\/otmaroc.com\/product\/jeu-decouverte-du-corps-humain-garcon\/#breadcrumb\"},\"inLanguage\":\"ar\",\"potentialAction\":[{\"@type\":\"ReadAction\",\"target\":[\"https:\/\/otmaroc.com\/product\/jeu-decouverte-du-corps-humain-garcon\/\"]}]},{\"@type\":\"ImageObject\",\"inLanguage\":\"ar\",\"@id\":\"https:\/\/otmaroc.com\/product\/jeu-decouverte-du-corps-humain-garcon\/#primaryimage\",\"url\":\"https:\/\/otmaroc.com\/wp-content\/uploads\/2025\/03\/www.otmaroc.com-0623512008-otmaroc2024@gmail.com-80.png\",\"contentUrl\":\"https:\/\/otmaroc.com\/wp-content\/uploads\/2025\/03\/www.otmaroc.com-0623512008-otmaroc2024@gmail.com-80.png\",\"width\":1080,\"height\":1080},{\"@type\":\"BreadcrumbList\",\"@id\":\"https:\/\/otmaroc.com\/product\/jeu-decouverte-du-corps-humain-garcon\/#breadcrumb\",\"itemListElement\":[{\"@type\":\"ListItem\",\"position\":1,\"name\":\"Home\",\"item\":\"https:\/\/otmaroc.com\/\"},{\"@type\":\"ListItem\",\"position\":2,\"name\":\"Products\",\"item\":\"https:\/\/otmaroc.com\/store\/\"},{\"@type\":\"ListItem\",\"position\":3,\"name\":\"Jeu d\u00e9couverte du corps humain \u2013 gar\u00e7on\"}]},{\"@type\":\"WebSite\",\"@id\":\"https:\/\/otmaroc.com\/#website\",\"url\":\"https:\/\/otmaroc.com\/\",\"name\":\"OTMAROC\",\"description\":\"The number one website in morocco for occupational therapy\",\"publisher\":{\"@id\":\"https:\/\/otmaroc.com\/#organization\"},\"potentialAction\":[{\"@type\":\"SearchAction\",\"target\":{\"@type\":\"EntryPoint\",\"urlTemplate\":\"https:\/\/otmaroc.com\/?s={search_term_string}\"},\"query-input\":{\"@type\":\"PropertyValueSpecification\",\"valueRequired\":true,\"valueName\":\"search_term_string\"}}],\"inLanguage\":\"ar\"},{\"@type\":\"Organization\",\"@id\":\"https:\/\/otmaroc.com\/#organization\",\"name\":\"OTMAROC\",\"url\":\"https:\/\/otmaroc.com\/\",\"logo\":{\"@type\":\"ImageObject\",\"inLanguage\":\"ar\",\"@id\":\"https:\/\/otmaroc.com\/#\/schema\/logo\/image\/\",\"url\":\"https:\/\/otmaroc.com\/wp-content\/uploads\/2024\/08\/cropped-cropped-Black_White_Yellow_Simple_Initial_Name_Logo-removebg-preview-2.png\",\"contentUrl\":\"https:\/\/otmaroc.com\/wp-content\/uploads\/2024\/08\/cropped-cropped-Black_White_Yellow_Simple_Initial_Name_Logo-removebg-preview-2.png\",\"width\":298,\"height\":192,\"caption\":\"OTMAROC\"},\"image\":{\"@id\":\"https:\/\/otmaroc.com\/#\/schema\/logo\/image\/\"},\"sameAs\":[\"https:\/\/www.facebook.com\/profile.php?id=61565107472257\",\"https:\/\/www.instagram.com\/otmaroc2024\/\",\"https:\/\/www.youtube.com\/@othmaneksaibar6763\",\"https:\/\/api.whatsapp.com\/send?phone=2120623512008\"]}]}<\/script>\n<!-- \/ Yoast SEO plugin. -->","yoast_head_json":{"title":"Jeu D\u00e9couverte du Corps Humain \u2013 Gar\u00e7on au Maroc","description":"Explorez le corps humain de mani\u00e8re ludique avec ce jeu \u00e9ducatif con\u00e7u pour les gar\u00e7ons. Id\u00e9al pour \u00e9veiller leur curiosit\u00e9, il permet d\u2019apprendre l\u2019anatomie et le fonctionnement du corps de fa\u00e7on interactive et amusante. Convient aux enfants d\u00e8s 4 ans. Disponible au Maroc.","robots":{"index":"index","follow":"follow","max-snippet":"max-snippet:-1","max-image-preview":"max-image-preview:large","max-video-preview":"max-video-preview:-1"},"canonical":"https:\/\/otmaroc.com\/ar\/product\/jeu-decouverte-du-corps-humain-garcon\/","og_locale":"ar_AR","og_type":"article","og_title":"Jeu D\u00e9couverte du Corps Humain \u2013 Gar\u00e7on au Maroc","og_description":"Explorez le corps humain de mani\u00e8re ludique avec ce jeu \u00e9ducatif con\u00e7u pour les gar\u00e7ons. Id\u00e9al pour \u00e9veiller leur curiosit\u00e9, il permet d\u2019apprendre l\u2019anatomie et le fonctionnement du corps de fa\u00e7on interactive et amusante. Convient aux enfants d\u00e8s 4 ans. Disponible au Maroc.","og_url":"https:\/\/otmaroc.com\/ar\/product\/jeu-decouverte-du-corps-humain-garcon\/","og_site_name":"OTMAROC","article_publisher":"https:\/\/www.facebook.com\/profile.php?id=61565107472257","article_modified_time":"2025-03-09T02:10:03+00:00","og_image":[{"width":1080,"height":1080,"url":"https:\/\/otmaroc.com\/wp-content\/uploads\/2025\/03\/www.otmaroc.com-0623512008-otmaroc2024@gmail.com-80.png","type":"image\/png"}],"twitter_card":"summary_large_image","twitter_misc":{"\u0648\u0642\u062a \u0627\u0644\u0642\u0631\u0627\u0621\u0629 \u0627\u0644\u0645\u064f\u0642\u062f\u0651\u0631":"\u062f\u0642\u064a\u0642\u0629 \u0648\u0627\u062d\u062f\u0629"},"schema":{"@context":"https:\/\/schema.org","@graph":[{"@type":"WebPage","@id":"https:\/\/otmaroc.com\/product\/jeu-decouverte-du-corps-humain-garcon\/","url":"https:\/\/otmaroc.com\/product\/jeu-decouverte-du-corps-humain-garcon\/","name":"Jeu D\u00e9couverte du Corps Humain \u2013 Gar\u00e7on au Maroc","isPartOf":{"@id":"https:\/\/otmaroc.com\/#website"},"primaryImageOfPage":{"@id":"https:\/\/otmaroc.com\/product\/jeu-decouverte-du-corps-humain-garcon\/#primaryimage"},"image":{"@id":"https:\/\/otmaroc.com\/product\/jeu-decouverte-du-corps-humain-garcon\/#primaryimage"},"thumbnailUrl":"https:\/\/otmaroc.com\/wp-content\/uploads\/2025\/03\/www.otmaroc.com-0623512008-otmaroc2024@gmail.com-80.png","datePublished":"2025-03-09T02:08:26+00:00","dateModified":"2025-03-09T02:10:03+00:00","description":"Explorez le corps humain de mani\u00e8re ludique avec ce jeu \u00e9ducatif con\u00e7u pour les gar\u00e7ons. Id\u00e9al pour \u00e9veiller leur curiosit\u00e9, il permet d\u2019apprendre l\u2019anatomie et le fonctionnement du corps de fa\u00e7on interactive et amusante. Convient aux enfants d\u00e8s 4 ans. Disponible au Maroc.","breadcrumb":{"@id":"https:\/\/otmaroc.com\/product\/jeu-decouverte-du-corps-humain-garcon\/#breadcrumb"},"inLanguage":"ar","potentialAction":[{"@type":"ReadAction","target":["https:\/\/otmaroc.com\/product\/jeu-decouverte-du-corps-humain-garcon\/"]}]},{"@type":"ImageObject","inLanguage":"ar","@id":"https:\/\/otmaroc.com\/product\/jeu-decouverte-du-corps-humain-garcon\/#primaryimage","url":"https:\/\/otmaroc.com\/wp-content\/uploads\/2025\/03\/www.otmaroc.com-0623512008-otmaroc2024@gmail.com-80.png","contentUrl":"https:\/\/otmaroc.com\/wp-content\/uploads\/2025\/03\/www.otmaroc.com-0623512008-otmaroc2024@gmail.com-80.png","width":1080,"height":1080},{"@type":"BreadcrumbList","@id":"https:\/\/otmaroc.com\/product\/jeu-decouverte-du-corps-humain-garcon\/#breadcrumb","itemListElement":[{"@type":"ListItem","position":1,"name":"Home","item":"https:\/\/otmaroc.com\/"},{"@type":"ListItem","position":2,"name":"Products","item":"https:\/\/otmaroc.com\/store\/"},{"@type":"ListItem","position":3,"name":"Jeu d\u00e9couverte du corps humain \u2013 gar\u00e7on"}]},{"@type":"WebSite","@id":"https:\/\/otmaroc.com\/#website","url":"https:\/\/otmaroc.com\/","name":"OTMAROC","description":"The number one website in morocco for occupational therapy","publisher":{"@id":"https:\/\/otmaroc.com\/#organization"},"potentialAction":[{"@type":"SearchAction","target":{"@type":"EntryPoint","urlTemplate":"https:\/\/otmaroc.com\/?s={search_term_string}"},"query-input":{"@type":"PropertyValueSpecification","valueRequired":true,"valueName":"search_term_string"}}],"inLanguage":"ar"},{"@type":"Organization","@id":"https:\/\/otmaroc.com\/#organization","name":"OTMAROC","url":"https:\/\/otmaroc.com\/","logo":{"@type":"ImageObject","inLanguage":"ar","@id":"https:\/\/otmaroc.com\/#\/schema\/logo\/image\/","url":"https:\/\/otmaroc.com\/wp-content\/uploads\/2024\/08\/cropped-cropped-Black_White_Yellow_Simple_Initial_Name_Logo-removebg-preview-2.png","contentUrl":"https:\/\/otmaroc.com\/wp-content\/uploads\/2024\/08\/cropped-cropped-Black_White_Yellow_Simple_Initial_Name_Logo-removebg-preview-2.png","width":298,"height":192,"caption":"OTMAROC"},"image":{"@id":"https:\/\/otmaroc.com\/#\/schema\/logo\/image\/"},"sameAs":["https:\/\/www.facebook.com\/profile.php?id=61565107472257","https:\/\/www.instagram.com\/otmaroc2024\/","https:\/\/www.youtube.com\/@othmaneksaibar6763","https:\/\/api.whatsapp.com\/send?phone=2120623512008"]}]}},"uagb_featured_image_src":{"full":["https:\/\/otmaroc.com\/wp-content\/uploads\/2025\/03\/www.otmaroc.com-0623512008-otmaroc2024@gmail.com-80.png",1080,1080,false],"thumbnail":["https:\/\/otmaroc.com\/wp-content\/uploads\/2025\/03\/www.otmaroc.com-0623512008-otmaroc2024@gmail.com-80-150x150.png",150,150,true],"medium":["https:\/\/otmaroc.com\/wp-content\/uploads\/2025\/03\/www.otmaroc.com-0623512008-otmaroc2024@gmail.com-80-300x300.png",300,300,true],"medium_large":["https:\/\/otmaroc.com\/wp-content\/uploads\/2025\/03\/www.otmaroc.com-0623512008-otmaroc2024@gmail.com-80-768x768.png",768,768,true],"large":["https:\/\/otmaroc.com\/wp-content\/uploads\/2025\/03\/www.otmaroc.com-0623512008-otmaroc2024@gmail.com-80-1024x1024.png",1024,1024,true],"1536x1536":["https:\/\/otmaroc.com\/wp-content\/uploads\/2025\/03\/www.otmaroc.com-0623512008-otmaroc2024@gmail.com-80.png",1080,1080,false],"2048x2048":["https:\/\/otmaroc.com\/wp-content\/uploads\/2025\/03\/www.otmaroc.com-0623512008-otmaroc2024@gmail.com-80.png",1080,1080,false],"trp-custom-language-flag":["https:\/\/otmaroc.com\/wp-content\/uploads\/2025\/03\/www.otmaroc.com-0623512008-otmaroc2024@gmail.com-80-12x12.png",12,12,true],"woocommerce_thumbnail":["https:\/\/otmaroc.com\/wp-content\/uploads\/2025\/03\/www.otmaroc.com-0623512008-otmaroc2024@gmail.com-80-300x300.png",300,300,true],"woocommerce_single":["https:\/\/otmaroc.com\/wp-content\/uploads\/2025\/03\/www.otmaroc.com-0623512008-otmaroc2024@gmail.com-80-600x600.png",600,600,true],"woocommerce_gallery_thumbnail":["https:\/\/otmaroc.com\/wp-content\/uploads\/2025\/03\/www.otmaroc.com-0623512008-otmaroc2024@gmail.com-80-100x100.png",100,100,true],"dgwt-wcas-product-suggestion":["https:\/\/otmaroc.com\/wp-content\/uploads\/2025\/03\/www.otmaroc.com-0623512008-otmaroc2024@gmail.com-80-64x64.png",64,64,true]},"uagb_author_info":{"display_name":"othmane iptv","author_link":"https:\/\/otmaroc.com\/ar\/author\/"},"uagb_comment_info":0,"uagb_excerpt":"Explorez le corps humain de mani\u00e8re ludique avec ce jeu \u00e9ducatif con\u00e7u pour les gar\u00e7ons. Id\u00e9al pour \u00e9veiller leur curiosit\u00e9, il permet d\u2019apprendre l\u2019anatomie et le fonctionnement du corps de fa\u00e7on interactive et amusante. Convient aux enfants d\u00e8s 4 ans. Disponible en pr\u00e9commande:\u00a0contactez-nous pour commander","jetpack_sharing_enabled":true,"_links":{"self":[{"href":"https:\/\/otmaroc.com\/ar\/wp-json\/wp\/v2\/product\/4255"}],"collection":[{"href":"https:\/\/otmaroc.com\/ar\/wp-json\/wp\/v2\/product"}],"about":[{"href":"https:\/\/otmaroc.com\/ar\/wp-json\/wp\/v2\/types\/product"}],"replies":[{"embeddable":true,"href":"https:\/\/otmaroc.com\/ar\/wp-json\/wp\/v2\/comments?post=4255"}],"wp:featuredmedia":[{"embeddable":true,"href":"https:\/\/otmaroc.com\/ar\/wp-json\/wp\/v2\/media\/4256"}],"wp:attachment":[{"href":"https:\/\/otmaroc.com\/ar\/wp-json\/wp\/v2\/media?parent=4255"}],"wp:term":[{"taxonomy":"product_cat","embeddable":true,"href":"https:\/\/otmaroc.com\/ar\/wp-json\/wp\/v2\/product_cat?post=4255"},{"taxonomy":"product_tag","embeddable":true,"href":"https:\/\/otmaroc.com\/ar\/wp-json\/wp\/v2\/product_tag?post=4255"}],"curies":[{"name":"wp","href":"https:\/\/api.w.org\/{rel}","templated":true}]}}