{"id":4246,"date":"2025-03-09T01:50:59","date_gmt":"2025-03-09T01:50:59","guid":{"rendered":"https:\/\/otmaroc.com\/?post_type=product&#038;p=4246"},"modified":"2025-03-09T01:51:00","modified_gmt":"2025-03-09T01:51:00","slug":"jeu-decouverte-du-corps-humain-fille","status":"publish","type":"product","link":"https:\/\/otmaroc.com\/ar\/product\/jeu-decouverte-du-corps-humain-fille\/","title":{"rendered":"Jeu d\u00e9couverte du corps humain \u2013 fille"},"content":{"rendered":"<p><strong>Jeu Montessori : D\u00e9couverte du Corps Humain<\/strong><\/p>\n<p>Un jeu fascinant pour explorer l&rsquo;int\u00e9rieur et l&rsquo;ext\u00e9rieur du corps humain ! Gr\u00e2ce \u00e0 la superposition des diff\u00e9rents \u00e9l\u00e9ments, tels que les cartes repr\u00e9sentant les \u201corganes\u201d, \u201cmembres\u201d, etc., les enfants d\u00e9couvrent de mani\u00e8re ludique les diff\u00e9rentes parties du corps humain. Les d\u00e9signations des parties du corps sont \u00e9galement fournies en anglais, permettant d\u2019enrichir le vocabulaire des enfants.<\/p>\n<p><strong>Apports \u00e9ducatifs :<\/strong><\/p>\n<ul>\n<li>D\u00e9veloppement du sens de l\u2019observation, de la logique et de la m\u00e9moire<\/li>\n<li>Apprentissage du corps humain, de ses diff\u00e9rents organes et membres<\/li>\n<li>Exercices de lecture des noms des parties du corps<\/li>\n<li>Travail sur l&rsquo;association logique entre les diff\u00e9rentes parties du corps et leur nomenclature<\/li>\n<li>Stimulation de la motricit\u00e9 fine et de la dext\u00e9rit\u00e9<\/li>\n<\/ul>\n<p><strong>Caract\u00e9ristiques :<\/strong><\/p>\n<ul>\n<li>\u00c2ge recommand\u00e9 : \u00e0 partir de 3 ans<\/li>\n<li>Dimensions : 26 x 18 x 5 cm<\/li>\n<\/ul>","protected":false},"excerpt":{"rendered":"<p>Id\u00e9al pour \u00e9veiller sa curiosit\u00e9, ce jeu interactif permet d\u2019apprendre de mani\u00e8re ludique l\u2019anatomie et le fonctionnement du corps humain. Parfait pour les enfants \u00e0 partir de 4 ans.<\/p>","protected":false},"featured_media":4250,"comment_status":"open","ping_status":"closed","template":"","meta":{"_uag_custom_page_level_css":"","site-sidebar-layout":"default","site-content-layout":"","ast-site-content-layout":"default","site-content-style":"default","site-sidebar-style":"default","ast-global-header-display":"","ast-banner-title-visibility":"","ast-main-header-display":"","ast-hfb-above-header-display":"","ast-hfb-below-header-display":"","ast-hfb-mobile-header-display":"","site-post-title":"","ast-breadcrumbs-content":"","ast-featured-img":"","footer-sml-layout":"","theme-transparent-header-meta":"default","adv-header-id-meta":"","stick-header-meta":"","header-above-stick-meta":"","header-main-stick-meta":"","header-below-stick-meta":"","astra-migrate-meta-layouts":"set","ast-page-background-enabled":"default","ast-page-background-meta":{"desktop":{"background-color":"","background-image":"","background-repeat":"repeat","background-position":"center center","background-size":"auto","background-attachment":"scroll","background-type":"","background-media":"","overlay-type":"","overlay-color":"","overlay-opacity":"","overlay-gradient":""},"tablet":{"background-color":"","background-image":"","background-repeat":"repeat","background-position":"center center","background-size":"auto","background-attachment":"scroll","background-type":"","background-media":"","overlay-type":"","overlay-color":"","overlay-opacity":"","overlay-gradient":""},"mobile":{"background-color":"","background-image":"","background-repeat":"repeat","background-position":"center center","background-size":"auto","background-attachment":"scroll","background-type":"","background-media":"","overlay-type":"","overlay-color":"","overlay-opacity":"","overlay-gradient":""}},"ast-content-background-meta":{"desktop":{"background-color":"var(--ast-global-color-5)","background-image":"","background-repeat":"repeat","background-position":"center center","background-size":"auto","background-attachment":"scroll","background-type":"","background-media":"","overlay-type":"","overlay-color":"","overlay-opacity":"","overlay-gradient":""},"tablet":{"background-color":"var(--ast-global-color-5)","background-image":"","background-repeat":"repeat","background-position":"center center","background-size":"auto","background-attachment":"scroll","background-type":"","background-media":"","overlay-type":"","overlay-color":"","overlay-opacity":"","overlay-gradient":""},"mobile":{"background-color":"var(--ast-global-color-5)","background-image":"","background-repeat":"repeat","background-position":"center center","background-size":"auto","background-attachment":"scroll","background-type":"","background-media":"","overlay-type":"","overlay-color":"","overlay-opacity":"","overlay-gradient":""}}},"product_cat":[92,52,80,79,89,103,63],"product_tag":[],"class_list":{"0":"post-4246","1":"product","2":"type-product","3":"status-publish","4":"has-post-thumbnail","6":"product_cat-apprentissage","7":"product_cat-jouets-de-therapie-au-maroc","8":"product_cat-materiel-de-orthophonie","9":"product_cat-materiel-de-psychomotricite","10":"product_cat-sensorialite","11":"product_cat-tous-les-jeux-educatifs-et-therapeutiques","12":"product_cat-tous-les-produits","13":"desktop-align-left","14":"tablet-align-left","15":"mobile-align-left","17":"first","18":"instock","19":"sale","20":"shipping-taxable","21":"purchasable","22":"product-type-simple"},"yoast_head":"<!-- This site is optimized with the Yoast SEO plugin v23.5 - https:\/\/yoast.com\/wordpress\/plugins\/seo\/ -->\n<title>Jeu D\u00e9couverte du Corps Humain \u2013 \u00c9ducatif pour Fille au Maroc<\/title>\n<meta name=\"description\" content=\"Offrez \u00e0 votre fille une exp\u00e9rience \u00e9ducative avec ce jeu de d\u00e9couverte du corps humain. Id\u00e9al pour \u00e9veiller sa curiosit\u00e9, ce jeu interactif permet d\u2019apprendre de mani\u00e8re ludique l\u2019anatomie et le fonctionnement du corps humain. Parfait pour les enfants \u00e0 partir de 4 ans. Disponible au Maroc.\" \/>\n<meta name=\"robots\" content=\"index, follow, max-snippet:-1, max-image-preview:large, max-video-preview:-1\" \/>\n<link rel=\"canonical\" href=\"https:\/\/otmaroc.com\/ar\/product\/jeu-decouverte-du-corps-humain-fille\/\" \/>\n<meta property=\"og:locale\" content=\"ar_AR\" \/>\n<meta property=\"og:type\" content=\"article\" \/>\n<meta property=\"og:title\" content=\"Jeu D\u00e9couverte du Corps Humain \u2013 \u00c9ducatif pour Fille au Maroc\" \/>\n<meta property=\"og:description\" content=\"Offrez \u00e0 votre fille une exp\u00e9rience \u00e9ducative avec ce jeu de d\u00e9couverte du corps humain. Id\u00e9al pour \u00e9veiller sa curiosit\u00e9, ce jeu interactif permet d\u2019apprendre de mani\u00e8re ludique l\u2019anatomie et le fonctionnement du corps humain. Parfait pour les enfants \u00e0 partir de 4 ans. Disponible au Maroc.\" \/>\n<meta property=\"og:url\" content=\"https:\/\/otmaroc.com\/ar\/product\/jeu-decouverte-du-corps-humain-fille\/\" \/>\n<meta property=\"og:site_name\" content=\"OTMAROC\" \/>\n<meta property=\"article:publisher\" content=\"https:\/\/www.facebook.com\/profile.php?id=61565107472257\" \/>\n<meta property=\"article:modified_time\" content=\"2025-03-09T01:51:00+00:00\" \/>\n<meta property=\"og:image\" content=\"https:\/\/otmaroc.com\/wp-content\/uploads\/2025\/03\/www.otmaroc.com-0623512008-otmaroc2024@gmail.com-79.png\" \/>\n\t<meta property=\"og:image:width\" content=\"1080\" \/>\n\t<meta property=\"og:image:height\" content=\"1080\" \/>\n\t<meta property=\"og:image:type\" content=\"image\/png\" \/>\n<meta name=\"twitter:card\" content=\"summary_large_image\" \/>\n<meta name=\"twitter:label1\" content=\"\u0648\u0642\u062a \u0627\u0644\u0642\u0631\u0627\u0621\u0629 \u0627\u0644\u0645\u064f\u0642\u062f\u0651\u0631\" \/>\n\t<meta name=\"twitter:data1\" content=\"\u062f\u0642\u064a\u0642\u0629 \u0648\u0627\u062d\u062f\u0629\" \/>\n<script type=\"application\/ld+json\" class=\"yoast-schema-graph\">{\"@context\":\"https:\/\/schema.org\",\"@graph\":[{\"@type\":\"WebPage\",\"@id\":\"https:\/\/otmaroc.com\/product\/jeu-decouverte-du-corps-humain-fille\/\",\"url\":\"https:\/\/otmaroc.com\/product\/jeu-decouverte-du-corps-humain-fille\/\",\"name\":\"Jeu D\u00e9couverte du Corps Humain \u2013 \u00c9ducatif pour Fille au Maroc\",\"isPartOf\":{\"@id\":\"https:\/\/otmaroc.com\/#website\"},\"primaryImageOfPage\":{\"@id\":\"https:\/\/otmaroc.com\/product\/jeu-decouverte-du-corps-humain-fille\/#primaryimage\"},\"image\":{\"@id\":\"https:\/\/otmaroc.com\/product\/jeu-decouverte-du-corps-humain-fille\/#primaryimage\"},\"thumbnailUrl\":\"https:\/\/otmaroc.com\/wp-content\/uploads\/2025\/03\/www.otmaroc.com-0623512008-otmaroc2024@gmail.com-79.png\",\"datePublished\":\"2025-03-09T01:50:59+00:00\",\"dateModified\":\"2025-03-09T01:51:00+00:00\",\"description\":\"Offrez \u00e0 votre fille une exp\u00e9rience \u00e9ducative avec ce jeu de d\u00e9couverte du corps humain. Id\u00e9al pour \u00e9veiller sa curiosit\u00e9, ce jeu interactif permet d\u2019apprendre de mani\u00e8re ludique l\u2019anatomie et le fonctionnement du corps humain. Parfait pour les enfants \u00e0 partir de 4 ans. Disponible au Maroc.\",\"breadcrumb\":{\"@id\":\"https:\/\/otmaroc.com\/product\/jeu-decouverte-du-corps-humain-fille\/#breadcrumb\"},\"inLanguage\":\"ar\",\"potentialAction\":[{\"@type\":\"ReadAction\",\"target\":[\"https:\/\/otmaroc.com\/product\/jeu-decouverte-du-corps-humain-fille\/\"]}]},{\"@type\":\"ImageObject\",\"inLanguage\":\"ar\",\"@id\":\"https:\/\/otmaroc.com\/product\/jeu-decouverte-du-corps-humain-fille\/#primaryimage\",\"url\":\"https:\/\/otmaroc.com\/wp-content\/uploads\/2025\/03\/www.otmaroc.com-0623512008-otmaroc2024@gmail.com-79.png\",\"contentUrl\":\"https:\/\/otmaroc.com\/wp-content\/uploads\/2025\/03\/www.otmaroc.com-0623512008-otmaroc2024@gmail.com-79.png\",\"width\":1080,\"height\":1080},{\"@type\":\"BreadcrumbList\",\"@id\":\"https:\/\/otmaroc.com\/product\/jeu-decouverte-du-corps-humain-fille\/#breadcrumb\",\"itemListElement\":[{\"@type\":\"ListItem\",\"position\":1,\"name\":\"Home\",\"item\":\"https:\/\/otmaroc.com\/\"},{\"@type\":\"ListItem\",\"position\":2,\"name\":\"Products\",\"item\":\"https:\/\/otmaroc.com\/store\/\"},{\"@type\":\"ListItem\",\"position\":3,\"name\":\"Jeu d\u00e9couverte du corps humain \u2013 fille\"}]},{\"@type\":\"WebSite\",\"@id\":\"https:\/\/otmaroc.com\/#website\",\"url\":\"https:\/\/otmaroc.com\/\",\"name\":\"OTMAROC\",\"description\":\"The number one website in morocco for occupational therapy\",\"publisher\":{\"@id\":\"https:\/\/otmaroc.com\/#organization\"},\"potentialAction\":[{\"@type\":\"SearchAction\",\"target\":{\"@type\":\"EntryPoint\",\"urlTemplate\":\"https:\/\/otmaroc.com\/?s={search_term_string}\"},\"query-input\":{\"@type\":\"PropertyValueSpecification\",\"valueRequired\":true,\"valueName\":\"search_term_string\"}}],\"inLanguage\":\"ar\"},{\"@type\":\"Organization\",\"@id\":\"https:\/\/otmaroc.com\/#organization\",\"name\":\"OTMAROC\",\"url\":\"https:\/\/otmaroc.com\/\",\"logo\":{\"@type\":\"ImageObject\",\"inLanguage\":\"ar\",\"@id\":\"https:\/\/otmaroc.com\/#\/schema\/logo\/image\/\",\"url\":\"https:\/\/otmaroc.com\/wp-content\/uploads\/2024\/08\/cropped-cropped-Black_White_Yellow_Simple_Initial_Name_Logo-removebg-preview-2.png\",\"contentUrl\":\"https:\/\/otmaroc.com\/wp-content\/uploads\/2024\/08\/cropped-cropped-Black_White_Yellow_Simple_Initial_Name_Logo-removebg-preview-2.png\",\"width\":298,\"height\":192,\"caption\":\"OTMAROC\"},\"image\":{\"@id\":\"https:\/\/otmaroc.com\/#\/schema\/logo\/image\/\"},\"sameAs\":[\"https:\/\/www.facebook.com\/profile.php?id=61565107472257\",\"https:\/\/www.instagram.com\/otmaroc2024\/\",\"https:\/\/www.youtube.com\/@othmaneksaibar6763\",\"https:\/\/api.whatsapp.com\/send?phone=2120623512008\"]}]}<\/script>\n<!-- \/ Yoast SEO plugin. -->","yoast_head_json":{"title":"Jeu D\u00e9couverte du Corps Humain \u2013 \u00c9ducatif pour Fille au Maroc","description":"Offrez \u00e0 votre fille une exp\u00e9rience \u00e9ducative avec ce jeu de d\u00e9couverte du corps humain. Id\u00e9al pour \u00e9veiller sa curiosit\u00e9, ce jeu interactif permet d\u2019apprendre de mani\u00e8re ludique l\u2019anatomie et le fonctionnement du corps humain. Parfait pour les enfants \u00e0 partir de 4 ans. Disponible au Maroc.","robots":{"index":"index","follow":"follow","max-snippet":"max-snippet:-1","max-image-preview":"max-image-preview:large","max-video-preview":"max-video-preview:-1"},"canonical":"https:\/\/otmaroc.com\/ar\/product\/jeu-decouverte-du-corps-humain-fille\/","og_locale":"ar_AR","og_type":"article","og_title":"Jeu D\u00e9couverte du Corps Humain \u2013 \u00c9ducatif pour Fille au Maroc","og_description":"Offrez \u00e0 votre fille une exp\u00e9rience \u00e9ducative avec ce jeu de d\u00e9couverte du corps humain. Id\u00e9al pour \u00e9veiller sa curiosit\u00e9, ce jeu interactif permet d\u2019apprendre de mani\u00e8re ludique l\u2019anatomie et le fonctionnement du corps humain. Parfait pour les enfants \u00e0 partir de 4 ans. Disponible au Maroc.","og_url":"https:\/\/otmaroc.com\/ar\/product\/jeu-decouverte-du-corps-humain-fille\/","og_site_name":"OTMAROC","article_publisher":"https:\/\/www.facebook.com\/profile.php?id=61565107472257","article_modified_time":"2025-03-09T01:51:00+00:00","og_image":[{"width":1080,"height":1080,"url":"https:\/\/otmaroc.com\/wp-content\/uploads\/2025\/03\/www.otmaroc.com-0623512008-otmaroc2024@gmail.com-79.png","type":"image\/png"}],"twitter_card":"summary_large_image","twitter_misc":{"\u0648\u0642\u062a \u0627\u0644\u0642\u0631\u0627\u0621\u0629 \u0627\u0644\u0645\u064f\u0642\u062f\u0651\u0631":"\u062f\u0642\u064a\u0642\u0629 \u0648\u0627\u062d\u062f\u0629"},"schema":{"@context":"https:\/\/schema.org","@graph":[{"@type":"WebPage","@id":"https:\/\/otmaroc.com\/product\/jeu-decouverte-du-corps-humain-fille\/","url":"https:\/\/otmaroc.com\/product\/jeu-decouverte-du-corps-humain-fille\/","name":"Jeu D\u00e9couverte du Corps Humain \u2013 \u00c9ducatif pour Fille au Maroc","isPartOf":{"@id":"https:\/\/otmaroc.com\/#website"},"primaryImageOfPage":{"@id":"https:\/\/otmaroc.com\/product\/jeu-decouverte-du-corps-humain-fille\/#primaryimage"},"image":{"@id":"https:\/\/otmaroc.com\/product\/jeu-decouverte-du-corps-humain-fille\/#primaryimage"},"thumbnailUrl":"https:\/\/otmaroc.com\/wp-content\/uploads\/2025\/03\/www.otmaroc.com-0623512008-otmaroc2024@gmail.com-79.png","datePublished":"2025-03-09T01:50:59+00:00","dateModified":"2025-03-09T01:51:00+00:00","description":"Offrez \u00e0 votre fille une exp\u00e9rience \u00e9ducative avec ce jeu de d\u00e9couverte du corps humain. Id\u00e9al pour \u00e9veiller sa curiosit\u00e9, ce jeu interactif permet d\u2019apprendre de mani\u00e8re ludique l\u2019anatomie et le fonctionnement du corps humain. Parfait pour les enfants \u00e0 partir de 4 ans. Disponible au Maroc.","breadcrumb":{"@id":"https:\/\/otmaroc.com\/product\/jeu-decouverte-du-corps-humain-fille\/#breadcrumb"},"inLanguage":"ar","potentialAction":[{"@type":"ReadAction","target":["https:\/\/otmaroc.com\/product\/jeu-decouverte-du-corps-humain-fille\/"]}]},{"@type":"ImageObject","inLanguage":"ar","@id":"https:\/\/otmaroc.com\/product\/jeu-decouverte-du-corps-humain-fille\/#primaryimage","url":"https:\/\/otmaroc.com\/wp-content\/uploads\/2025\/03\/www.otmaroc.com-0623512008-otmaroc2024@gmail.com-79.png","contentUrl":"https:\/\/otmaroc.com\/wp-content\/uploads\/2025\/03\/www.otmaroc.com-0623512008-otmaroc2024@gmail.com-79.png","width":1080,"height":1080},{"@type":"BreadcrumbList","@id":"https:\/\/otmaroc.com\/product\/jeu-decouverte-du-corps-humain-fille\/#breadcrumb","itemListElement":[{"@type":"ListItem","position":1,"name":"Home","item":"https:\/\/otmaroc.com\/"},{"@type":"ListItem","position":2,"name":"Products","item":"https:\/\/otmaroc.com\/store\/"},{"@type":"ListItem","position":3,"name":"Jeu d\u00e9couverte du corps humain \u2013 fille"}]},{"@type":"WebSite","@id":"https:\/\/otmaroc.com\/#website","url":"https:\/\/otmaroc.com\/","name":"OTMAROC","description":"The number one website in morocco for occupational therapy","publisher":{"@id":"https:\/\/otmaroc.com\/#organization"},"potentialAction":[{"@type":"SearchAction","target":{"@type":"EntryPoint","urlTemplate":"https:\/\/otmaroc.com\/?s={search_term_string}"},"query-input":{"@type":"PropertyValueSpecification","valueRequired":true,"valueName":"search_term_string"}}],"inLanguage":"ar"},{"@type":"Organization","@id":"https:\/\/otmaroc.com\/#organization","name":"OTMAROC","url":"https:\/\/otmaroc.com\/","logo":{"@type":"ImageObject","inLanguage":"ar","@id":"https:\/\/otmaroc.com\/#\/schema\/logo\/image\/","url":"https:\/\/otmaroc.com\/wp-content\/uploads\/2024\/08\/cropped-cropped-Black_White_Yellow_Simple_Initial_Name_Logo-removebg-preview-2.png","contentUrl":"https:\/\/otmaroc.com\/wp-content\/uploads\/2024\/08\/cropped-cropped-Black_White_Yellow_Simple_Initial_Name_Logo-removebg-preview-2.png","width":298,"height":192,"caption":"OTMAROC"},"image":{"@id":"https:\/\/otmaroc.com\/#\/schema\/logo\/image\/"},"sameAs":["https:\/\/www.facebook.com\/profile.php?id=61565107472257","https:\/\/www.instagram.com\/otmaroc2024\/","https:\/\/www.youtube.com\/@othmaneksaibar6763","https:\/\/api.whatsapp.com\/send?phone=2120623512008"]}]}},"uagb_featured_image_src":{"full":["https:\/\/otmaroc.com\/wp-content\/uploads\/2025\/03\/www.otmaroc.com-0623512008-otmaroc2024@gmail.com-79.png",1080,1080,false],"thumbnail":["https:\/\/otmaroc.com\/wp-content\/uploads\/2025\/03\/www.otmaroc.com-0623512008-otmaroc2024@gmail.com-79-150x150.png",150,150,true],"medium":["https:\/\/otmaroc.com\/wp-content\/uploads\/2025\/03\/www.otmaroc.com-0623512008-otmaroc2024@gmail.com-79-300x300.png",300,300,true],"medium_large":["https:\/\/otmaroc.com\/wp-content\/uploads\/2025\/03\/www.otmaroc.com-0623512008-otmaroc2024@gmail.com-79-768x768.png",768,768,true],"large":["https:\/\/otmaroc.com\/wp-content\/uploads\/2025\/03\/www.otmaroc.com-0623512008-otmaroc2024@gmail.com-79-1024x1024.png",1024,1024,true],"1536x1536":["https:\/\/otmaroc.com\/wp-content\/uploads\/2025\/03\/www.otmaroc.com-0623512008-otmaroc2024@gmail.com-79.png",1080,1080,false],"2048x2048":["https:\/\/otmaroc.com\/wp-content\/uploads\/2025\/03\/www.otmaroc.com-0623512008-otmaroc2024@gmail.com-79.png",1080,1080,false],"trp-custom-language-flag":["https:\/\/otmaroc.com\/wp-content\/uploads\/2025\/03\/www.otmaroc.com-0623512008-otmaroc2024@gmail.com-79-12x12.png",12,12,true],"woocommerce_thumbnail":["https:\/\/otmaroc.com\/wp-content\/uploads\/2025\/03\/www.otmaroc.com-0623512008-otmaroc2024@gmail.com-79-300x300.png",300,300,true],"woocommerce_single":["https:\/\/otmaroc.com\/wp-content\/uploads\/2025\/03\/www.otmaroc.com-0623512008-otmaroc2024@gmail.com-79-600x600.png",600,600,true],"woocommerce_gallery_thumbnail":["https:\/\/otmaroc.com\/wp-content\/uploads\/2025\/03\/www.otmaroc.com-0623512008-otmaroc2024@gmail.com-79-100x100.png",100,100,true],"dgwt-wcas-product-suggestion":["https:\/\/otmaroc.com\/wp-content\/uploads\/2025\/03\/www.otmaroc.com-0623512008-otmaroc2024@gmail.com-79-64x64.png",64,64,true]},"uagb_author_info":{"display_name":"othmane iptv","author_link":"https:\/\/otmaroc.com\/ar\/author\/"},"uagb_comment_info":0,"uagb_excerpt":"Id\u00e9al pour \u00e9veiller sa curiosit\u00e9, ce jeu interactif permet d\u2019apprendre de mani\u00e8re ludique l\u2019anatomie et le fonctionnement du corps humain. Parfait pour les enfants \u00e0 partir de 4 ans.","jetpack_sharing_enabled":true,"_links":{"self":[{"href":"https:\/\/otmaroc.com\/ar\/wp-json\/wp\/v2\/product\/4246"}],"collection":[{"href":"https:\/\/otmaroc.com\/ar\/wp-json\/wp\/v2\/product"}],"about":[{"href":"https:\/\/otmaroc.com\/ar\/wp-json\/wp\/v2\/types\/product"}],"replies":[{"embeddable":true,"href":"https:\/\/otmaroc.com\/ar\/wp-json\/wp\/v2\/comments?post=4246"}],"wp:featuredmedia":[{"embeddable":true,"href":"https:\/\/otmaroc.com\/ar\/wp-json\/wp\/v2\/media\/4250"}],"wp:attachment":[{"href":"https:\/\/otmaroc.com\/ar\/wp-json\/wp\/v2\/media?parent=4246"}],"wp:term":[{"taxonomy":"product_cat","embeddable":true,"href":"https:\/\/otmaroc.com\/ar\/wp-json\/wp\/v2\/product_cat?post=4246"},{"taxonomy":"product_tag","embeddable":true,"href":"https:\/\/otmaroc.com\/ar\/wp-json\/wp\/v2\/product_tag?post=4246"}],"curies":[{"name":"wp","href":"https:\/\/api.w.org\/{rel}","templated":true}]}}