{"id":4234,"date":"2025-03-07T14:21:02","date_gmt":"2025-03-07T14:21:02","guid":{"rendered":"https:\/\/otmaroc.com\/?post_type=product&#038;p=4234"},"modified":"2025-03-29T23:02:45","modified_gmt":"2025-03-29T23:02:45","slug":"geoboard-montessori-clous-et-elastiques-avec-cartes-modele","status":"publish","type":"product","link":"https:\/\/otmaroc.com\/ar\/product\/geoboard-montessori-clous-et-elastiques-avec-cartes-modele\/","title":{"rendered":"G\u00e9oboard Montessori Clous et \u00c9lastiques avec cartes mod\u00e8le"},"content":{"rendered":"<p><strong>G\u00e9oboard Montessori \u00e0 Clous et \u00c9lastiques avec Cartes Mod\u00e8les<\/strong><\/p>\n<p>Apprenez \u00e0 votre enfant \u00e0 d\u00e9velopper sa motricit\u00e9 fine avec ce g\u00e9oboard Montessori \u00e0 clous et \u00e9lastiques. La bo\u00eete contient un g\u00e9oboard en bois de forme carr\u00e9e, des gros piquets en bois et des \u00e9lastiques multicolores. L\u2019objectif est de reproduire des formes g\u00e9om\u00e9triques sur le g\u00e9oboard en suivant les mod\u00e8les des cartes \u00e0 motifs.<\/p>\n<p>Ce g\u00e9oboard Montessori stimule la curiosit\u00e9 de l&rsquo;enfant et favorise son imagination, tout en am\u00e9liorant sa dext\u00e9rit\u00e9 manuelle et sa capacit\u00e9 de concentration.<\/p>\n<p>Id\u00e9al pour enseigner des formes simples (triangle, carr\u00e9, rectangle, etc.), mais aussi des concepts plus avanc\u00e9s comme la sym\u00e9trie, les angles et les fractions.<\/p>\n<p>D\u00e9velopp\u00e9 selon les principes de la m\u00e9thode Montessori, ce jeu \u00e9ducatif encourage un apprentissage actif et autonome.<\/p>\n<p><strong>Apports \u00e9ducatifs du G\u00e9oboard Montessori \u00e0 Clous et \u00c9lastiques :<\/strong><\/p>\n<ul>\n<li>D\u00e9veloppement du sens de l\u2019observation et de la concentration<\/li>\n<li>Apprentissage des syst\u00e8mes d\u2019enfilage et de la\u00e7age<\/li>\n<li>Stimulation de la motricit\u00e9 fine<\/li>\n<li>Enrichissement du vocabulaire et de l\u2019imagination de l\u2019enfant<\/li>\n<\/ul>\n<p><strong>Caract\u00e9ristiques du produit :<\/strong><\/p>\n<ul>\n<li>\u00c2ge recommand\u00e9 : \u00e0 partir de 3 ans<\/li>\n<li>Dimensions : 19 x 14 cm<\/li>\n<li>Livraison disponible \u00e0 Casablanca et dans toutes les villes du Maroc<\/li>\n<\/ul>","protected":false},"excerpt":{"rendered":"<p>Stimulez la cr\u00e9ativit\u00e9 et la motricit\u00e9 fine de votre enfant avec ce G\u00e9oboard Montessori. Compos\u00e9 de clous et d\u2019\u00e9lastiques, accompagn\u00e9 de cartes mod\u00e8les.<\/p>","protected":false},"featured_media":4240,"comment_status":"open","ping_status":"closed","template":"","meta":{"_uag_custom_page_level_css":"","site-sidebar-layout":"default","site-content-layout":"","ast-site-content-layout":"default","site-content-style":"default","site-sidebar-style":"default","ast-global-header-display":"","ast-banner-title-visibility":"","ast-main-header-display":"","ast-hfb-above-header-display":"","ast-hfb-below-header-display":"","ast-hfb-mobile-header-display":"","site-post-title":"","ast-breadcrumbs-content":"","ast-featured-img":"","footer-sml-layout":"","theme-transparent-header-meta":"default","adv-header-id-meta":"","stick-header-meta":"","header-above-stick-meta":"","header-main-stick-meta":"","header-below-stick-meta":"","astra-migrate-meta-layouts":"set","ast-page-background-enabled":"default","ast-page-background-meta":{"desktop":{"background-color":"","background-image":"","background-repeat":"repeat","background-position":"center center","background-size":"auto","background-attachment":"scroll","background-type":"","background-media":"","overlay-type":"","overlay-color":"","overlay-opacity":"","overlay-gradient":""},"tablet":{"background-color":"","background-image":"","background-repeat":"repeat","background-position":"center center","background-size":"auto","background-attachment":"scroll","background-type":"","background-media":"","overlay-type":"","overlay-color":"","overlay-opacity":"","overlay-gradient":""},"mobile":{"background-color":"","background-image":"","background-repeat":"repeat","background-position":"center center","background-size":"auto","background-attachment":"scroll","background-type":"","background-media":"","overlay-type":"","overlay-color":"","overlay-opacity":"","overlay-gradient":""}},"ast-content-background-meta":{"desktop":{"background-color":"var(--ast-global-color-5)","background-image":"","background-repeat":"repeat","background-position":"center center","background-size":"auto","background-attachment":"scroll","background-type":"","background-media":"","overlay-type":"","overlay-color":"","overlay-opacity":"","overlay-gradient":""},"tablet":{"background-color":"var(--ast-global-color-5)","background-image":"","background-repeat":"repeat","background-position":"center center","background-size":"auto","background-attachment":"scroll","background-type":"","background-media":"","overlay-type":"","overlay-color":"","overlay-opacity":"","overlay-gradient":""},"mobile":{"background-color":"var(--ast-global-color-5)","background-image":"","background-repeat":"repeat","background-position":"center center","background-size":"auto","background-attachment":"scroll","background-type":"","background-media":"","overlay-type":"","overlay-color":"","overlay-opacity":"","overlay-gradient":""}}},"product_cat":[52,79,42,90,99,115,103,63,116],"product_tag":[],"class_list":{"0":"post-4234","1":"product","2":"type-product","3":"status-publish","4":"has-post-thumbnail","6":"product_cat-jouets-de-therapie-au-maroc","7":"product_cat-materiel-de-psychomotricite","8":"product_cat-materiel-de-reeducation","9":"product_cat-motricite","10":"product_cat-reeducation-motrice","11":"product_cat-reeducation-neurologique","12":"product_cat-tous-les-jeux-educatifs-et-therapeutiques","13":"product_cat-tous-les-produits","14":"product_cat-tout-le-materiel-de-reeducation","15":"desktop-align-left","16":"tablet-align-left","17":"mobile-align-left","19":"first","20":"instock","21":"sale","22":"featured","23":"shipping-taxable","24":"purchasable","25":"product-type-simple"},"yoast_head":"<!-- This site is optimized with the Yoast SEO plugin v23.5 - https:\/\/yoast.com\/wordpress\/plugins\/seo\/ -->\n<title>G\u00e9oboard Montessori Clous et \u00c9lastiques avec cartes mod\u00e8le au Maroc<\/title>\n<meta name=\"description\" content=\"Stimulez la cr\u00e9ativit\u00e9 et la motricit\u00e9 fine de votre enfant avec ce G\u00e9oboard Montessori. Compos\u00e9 de clous et d\u2019\u00e9lastiques, accompagn\u00e9 de cartes mod\u00e8les, Disponible au Maroc.\" \/>\n<meta name=\"robots\" content=\"index, follow, max-snippet:-1, max-image-preview:large, max-video-preview:-1\" \/>\n<link rel=\"canonical\" href=\"https:\/\/otmaroc.com\/ar\/product\/geoboard-montessori-clous-et-elastiques-avec-cartes-modele\/\" \/>\n<meta property=\"og:locale\" content=\"ar_AR\" \/>\n<meta property=\"og:type\" content=\"article\" \/>\n<meta property=\"og:title\" content=\"G\u00e9oboard Montessori Clous et \u00c9lastiques avec cartes mod\u00e8le au Maroc\" \/>\n<meta property=\"og:description\" content=\"Stimulez la cr\u00e9ativit\u00e9 et la motricit\u00e9 fine de votre enfant avec ce G\u00e9oboard Montessori. Compos\u00e9 de clous et d\u2019\u00e9lastiques, accompagn\u00e9 de cartes mod\u00e8les, Disponible au Maroc.\" \/>\n<meta property=\"og:url\" content=\"https:\/\/otmaroc.com\/ar\/product\/geoboard-montessori-clous-et-elastiques-avec-cartes-modele\/\" \/>\n<meta property=\"og:site_name\" content=\"OTMAROC\" \/>\n<meta property=\"article:publisher\" content=\"https:\/\/www.facebook.com\/profile.php?id=61565107472257\" \/>\n<meta property=\"article:modified_time\" content=\"2025-03-29T23:02:45+00:00\" \/>\n<meta property=\"og:image\" content=\"https:\/\/otmaroc.com\/wp-content\/uploads\/2025\/03\/www.otmaroc.com-0623512008-otmaroc2024@gmail.com-77.png\" \/>\n\t<meta property=\"og:image:width\" content=\"1080\" \/>\n\t<meta property=\"og:image:height\" content=\"1080\" \/>\n\t<meta property=\"og:image:type\" content=\"image\/png\" \/>\n<meta name=\"twitter:card\" content=\"summary_large_image\" \/>\n<meta name=\"twitter:label1\" content=\"\u0648\u0642\u062a \u0627\u0644\u0642\u0631\u0627\u0621\u0629 \u0627\u0644\u0645\u064f\u0642\u062f\u0651\u0631\" \/>\n\t<meta name=\"twitter:data1\" content=\"\u062f\u0642\u064a\u0642\u062a\u0627\u0646\" \/>\n<script type=\"application\/ld+json\" class=\"yoast-schema-graph\">{\"@context\":\"https:\/\/schema.org\",\"@graph\":[{\"@type\":\"WebPage\",\"@id\":\"https:\/\/otmaroc.com\/product\/geoboard-montessori-clous-et-elastiques-avec-cartes-modele\/\",\"url\":\"https:\/\/otmaroc.com\/product\/geoboard-montessori-clous-et-elastiques-avec-cartes-modele\/\",\"name\":\"G\u00e9oboard Montessori Clous et \u00c9lastiques avec cartes mod\u00e8le au Maroc\",\"isPartOf\":{\"@id\":\"https:\/\/otmaroc.com\/#website\"},\"primaryImageOfPage\":{\"@id\":\"https:\/\/otmaroc.com\/product\/geoboard-montessori-clous-et-elastiques-avec-cartes-modele\/#primaryimage\"},\"image\":{\"@id\":\"https:\/\/otmaroc.com\/product\/geoboard-montessori-clous-et-elastiques-avec-cartes-modele\/#primaryimage\"},\"thumbnailUrl\":\"https:\/\/otmaroc.com\/wp-content\/uploads\/2025\/03\/www.otmaroc.com-0623512008-otmaroc2024@gmail.com-77.png\",\"datePublished\":\"2025-03-07T14:21:02+00:00\",\"dateModified\":\"2025-03-29T23:02:45+00:00\",\"description\":\"Stimulez la cr\u00e9ativit\u00e9 et la motricit\u00e9 fine de votre enfant avec ce G\u00e9oboard Montessori. Compos\u00e9 de clous et d\u2019\u00e9lastiques, accompagn\u00e9 de cartes mod\u00e8les, Disponible au Maroc.\",\"breadcrumb\":{\"@id\":\"https:\/\/otmaroc.com\/product\/geoboard-montessori-clous-et-elastiques-avec-cartes-modele\/#breadcrumb\"},\"inLanguage\":\"ar\",\"potentialAction\":[{\"@type\":\"ReadAction\",\"target\":[\"https:\/\/otmaroc.com\/product\/geoboard-montessori-clous-et-elastiques-avec-cartes-modele\/\"]}]},{\"@type\":\"ImageObject\",\"inLanguage\":\"ar\",\"@id\":\"https:\/\/otmaroc.com\/product\/geoboard-montessori-clous-et-elastiques-avec-cartes-modele\/#primaryimage\",\"url\":\"https:\/\/otmaroc.com\/wp-content\/uploads\/2025\/03\/www.otmaroc.com-0623512008-otmaroc2024@gmail.com-77.png\",\"contentUrl\":\"https:\/\/otmaroc.com\/wp-content\/uploads\/2025\/03\/www.otmaroc.com-0623512008-otmaroc2024@gmail.com-77.png\",\"width\":1080,\"height\":1080},{\"@type\":\"BreadcrumbList\",\"@id\":\"https:\/\/otmaroc.com\/product\/geoboard-montessori-clous-et-elastiques-avec-cartes-modele\/#breadcrumb\",\"itemListElement\":[{\"@type\":\"ListItem\",\"position\":1,\"name\":\"Home\",\"item\":\"https:\/\/otmaroc.com\/\"},{\"@type\":\"ListItem\",\"position\":2,\"name\":\"Products\",\"item\":\"https:\/\/otmaroc.com\/store\/\"},{\"@type\":\"ListItem\",\"position\":3,\"name\":\"G\u00e9oboard Montessori Clous et \u00c9lastiques avec cartes mod\u00e8le\"}]},{\"@type\":\"WebSite\",\"@id\":\"https:\/\/otmaroc.com\/#website\",\"url\":\"https:\/\/otmaroc.com\/\",\"name\":\"OTMAROC\",\"description\":\"The number one website in morocco for occupational therapy\",\"publisher\":{\"@id\":\"https:\/\/otmaroc.com\/#organization\"},\"potentialAction\":[{\"@type\":\"SearchAction\",\"target\":{\"@type\":\"EntryPoint\",\"urlTemplate\":\"https:\/\/otmaroc.com\/?s={search_term_string}\"},\"query-input\":{\"@type\":\"PropertyValueSpecification\",\"valueRequired\":true,\"valueName\":\"search_term_string\"}}],\"inLanguage\":\"ar\"},{\"@type\":\"Organization\",\"@id\":\"https:\/\/otmaroc.com\/#organization\",\"name\":\"OTMAROC\",\"url\":\"https:\/\/otmaroc.com\/\",\"logo\":{\"@type\":\"ImageObject\",\"inLanguage\":\"ar\",\"@id\":\"https:\/\/otmaroc.com\/#\/schema\/logo\/image\/\",\"url\":\"https:\/\/otmaroc.com\/wp-content\/uploads\/2024\/08\/cropped-cropped-Black_White_Yellow_Simple_Initial_Name_Logo-removebg-preview-2.png\",\"contentUrl\":\"https:\/\/otmaroc.com\/wp-content\/uploads\/2024\/08\/cropped-cropped-Black_White_Yellow_Simple_Initial_Name_Logo-removebg-preview-2.png\",\"width\":298,\"height\":192,\"caption\":\"OTMAROC\"},\"image\":{\"@id\":\"https:\/\/otmaroc.com\/#\/schema\/logo\/image\/\"},\"sameAs\":[\"https:\/\/www.facebook.com\/profile.php?id=61565107472257\",\"https:\/\/www.instagram.com\/otmaroc2024\/\",\"https:\/\/www.youtube.com\/@othmaneksaibar6763\",\"https:\/\/api.whatsapp.com\/send?phone=2120623512008\"]}]}<\/script>\n<!-- \/ Yoast SEO plugin. -->","yoast_head_json":{"title":"G\u00e9oboard Montessori Clous et \u00c9lastiques avec cartes mod\u00e8le au Maroc","description":"Stimulez la cr\u00e9ativit\u00e9 et la motricit\u00e9 fine de votre enfant avec ce G\u00e9oboard Montessori. Compos\u00e9 de clous et d\u2019\u00e9lastiques, accompagn\u00e9 de cartes mod\u00e8les, Disponible au Maroc.","robots":{"index":"index","follow":"follow","max-snippet":"max-snippet:-1","max-image-preview":"max-image-preview:large","max-video-preview":"max-video-preview:-1"},"canonical":"https:\/\/otmaroc.com\/ar\/product\/geoboard-montessori-clous-et-elastiques-avec-cartes-modele\/","og_locale":"ar_AR","og_type":"article","og_title":"G\u00e9oboard Montessori Clous et \u00c9lastiques avec cartes mod\u00e8le au Maroc","og_description":"Stimulez la cr\u00e9ativit\u00e9 et la motricit\u00e9 fine de votre enfant avec ce G\u00e9oboard Montessori. Compos\u00e9 de clous et d\u2019\u00e9lastiques, accompagn\u00e9 de cartes mod\u00e8les, Disponible au Maroc.","og_url":"https:\/\/otmaroc.com\/ar\/product\/geoboard-montessori-clous-et-elastiques-avec-cartes-modele\/","og_site_name":"OTMAROC","article_publisher":"https:\/\/www.facebook.com\/profile.php?id=61565107472257","article_modified_time":"2025-03-29T23:02:45+00:00","og_image":[{"width":1080,"height":1080,"url":"https:\/\/otmaroc.com\/wp-content\/uploads\/2025\/03\/www.otmaroc.com-0623512008-otmaroc2024@gmail.com-77.png","type":"image\/png"}],"twitter_card":"summary_large_image","twitter_misc":{"\u0648\u0642\u062a \u0627\u0644\u0642\u0631\u0627\u0621\u0629 \u0627\u0644\u0645\u064f\u0642\u062f\u0651\u0631":"\u062f\u0642\u064a\u0642\u062a\u0627\u0646"},"schema":{"@context":"https:\/\/schema.org","@graph":[{"@type":"WebPage","@id":"https:\/\/otmaroc.com\/product\/geoboard-montessori-clous-et-elastiques-avec-cartes-modele\/","url":"https:\/\/otmaroc.com\/product\/geoboard-montessori-clous-et-elastiques-avec-cartes-modele\/","name":"G\u00e9oboard Montessori Clous et \u00c9lastiques avec cartes mod\u00e8le au Maroc","isPartOf":{"@id":"https:\/\/otmaroc.com\/#website"},"primaryImageOfPage":{"@id":"https:\/\/otmaroc.com\/product\/geoboard-montessori-clous-et-elastiques-avec-cartes-modele\/#primaryimage"},"image":{"@id":"https:\/\/otmaroc.com\/product\/geoboard-montessori-clous-et-elastiques-avec-cartes-modele\/#primaryimage"},"thumbnailUrl":"https:\/\/otmaroc.com\/wp-content\/uploads\/2025\/03\/www.otmaroc.com-0623512008-otmaroc2024@gmail.com-77.png","datePublished":"2025-03-07T14:21:02+00:00","dateModified":"2025-03-29T23:02:45+00:00","description":"Stimulez la cr\u00e9ativit\u00e9 et la motricit\u00e9 fine de votre enfant avec ce G\u00e9oboard Montessori. Compos\u00e9 de clous et d\u2019\u00e9lastiques, accompagn\u00e9 de cartes mod\u00e8les, Disponible au Maroc.","breadcrumb":{"@id":"https:\/\/otmaroc.com\/product\/geoboard-montessori-clous-et-elastiques-avec-cartes-modele\/#breadcrumb"},"inLanguage":"ar","potentialAction":[{"@type":"ReadAction","target":["https:\/\/otmaroc.com\/product\/geoboard-montessori-clous-et-elastiques-avec-cartes-modele\/"]}]},{"@type":"ImageObject","inLanguage":"ar","@id":"https:\/\/otmaroc.com\/product\/geoboard-montessori-clous-et-elastiques-avec-cartes-modele\/#primaryimage","url":"https:\/\/otmaroc.com\/wp-content\/uploads\/2025\/03\/www.otmaroc.com-0623512008-otmaroc2024@gmail.com-77.png","contentUrl":"https:\/\/otmaroc.com\/wp-content\/uploads\/2025\/03\/www.otmaroc.com-0623512008-otmaroc2024@gmail.com-77.png","width":1080,"height":1080},{"@type":"BreadcrumbList","@id":"https:\/\/otmaroc.com\/product\/geoboard-montessori-clous-et-elastiques-avec-cartes-modele\/#breadcrumb","itemListElement":[{"@type":"ListItem","position":1,"name":"Home","item":"https:\/\/otmaroc.com\/"},{"@type":"ListItem","position":2,"name":"Products","item":"https:\/\/otmaroc.com\/store\/"},{"@type":"ListItem","position":3,"name":"G\u00e9oboard Montessori Clous et \u00c9lastiques avec cartes mod\u00e8le"}]},{"@type":"WebSite","@id":"https:\/\/otmaroc.com\/#website","url":"https:\/\/otmaroc.com\/","name":"OTMAROC","description":"The number one website in morocco for occupational therapy","publisher":{"@id":"https:\/\/otmaroc.com\/#organization"},"potentialAction":[{"@type":"SearchAction","target":{"@type":"EntryPoint","urlTemplate":"https:\/\/otmaroc.com\/?s={search_term_string}"},"query-input":{"@type":"PropertyValueSpecification","valueRequired":true,"valueName":"search_term_string"}}],"inLanguage":"ar"},{"@type":"Organization","@id":"https:\/\/otmaroc.com\/#organization","name":"OTMAROC","url":"https:\/\/otmaroc.com\/","logo":{"@type":"ImageObject","inLanguage":"ar","@id":"https:\/\/otmaroc.com\/#\/schema\/logo\/image\/","url":"https:\/\/otmaroc.com\/wp-content\/uploads\/2024\/08\/cropped-cropped-Black_White_Yellow_Simple_Initial_Name_Logo-removebg-preview-2.png","contentUrl":"https:\/\/otmaroc.com\/wp-content\/uploads\/2024\/08\/cropped-cropped-Black_White_Yellow_Simple_Initial_Name_Logo-removebg-preview-2.png","width":298,"height":192,"caption":"OTMAROC"},"image":{"@id":"https:\/\/otmaroc.com\/#\/schema\/logo\/image\/"},"sameAs":["https:\/\/www.facebook.com\/profile.php?id=61565107472257","https:\/\/www.instagram.com\/otmaroc2024\/","https:\/\/www.youtube.com\/@othmaneksaibar6763","https:\/\/api.whatsapp.com\/send?phone=2120623512008"]}]}},"uagb_featured_image_src":{"full":["https:\/\/otmaroc.com\/wp-content\/uploads\/2025\/03\/www.otmaroc.com-0623512008-otmaroc2024@gmail.com-77.png",1080,1080,false],"thumbnail":["https:\/\/otmaroc.com\/wp-content\/uploads\/2025\/03\/www.otmaroc.com-0623512008-otmaroc2024@gmail.com-77-150x150.png",150,150,true],"medium":["https:\/\/otmaroc.com\/wp-content\/uploads\/2025\/03\/www.otmaroc.com-0623512008-otmaroc2024@gmail.com-77-300x300.png",300,300,true],"medium_large":["https:\/\/otmaroc.com\/wp-content\/uploads\/2025\/03\/www.otmaroc.com-0623512008-otmaroc2024@gmail.com-77-768x768.png",768,768,true],"large":["https:\/\/otmaroc.com\/wp-content\/uploads\/2025\/03\/www.otmaroc.com-0623512008-otmaroc2024@gmail.com-77-1024x1024.png",1024,1024,true],"1536x1536":["https:\/\/otmaroc.com\/wp-content\/uploads\/2025\/03\/www.otmaroc.com-0623512008-otmaroc2024@gmail.com-77.png",1080,1080,false],"2048x2048":["https:\/\/otmaroc.com\/wp-content\/uploads\/2025\/03\/www.otmaroc.com-0623512008-otmaroc2024@gmail.com-77.png",1080,1080,false],"trp-custom-language-flag":["https:\/\/otmaroc.com\/wp-content\/uploads\/2025\/03\/www.otmaroc.com-0623512008-otmaroc2024@gmail.com-77-12x12.png",12,12,true],"woocommerce_thumbnail":["https:\/\/otmaroc.com\/wp-content\/uploads\/2025\/03\/www.otmaroc.com-0623512008-otmaroc2024@gmail.com-77-300x300.png",300,300,true],"woocommerce_single":["https:\/\/otmaroc.com\/wp-content\/uploads\/2025\/03\/www.otmaroc.com-0623512008-otmaroc2024@gmail.com-77-600x600.png",600,600,true],"woocommerce_gallery_thumbnail":["https:\/\/otmaroc.com\/wp-content\/uploads\/2025\/03\/www.otmaroc.com-0623512008-otmaroc2024@gmail.com-77-100x100.png",100,100,true],"dgwt-wcas-product-suggestion":["https:\/\/otmaroc.com\/wp-content\/uploads\/2025\/03\/www.otmaroc.com-0623512008-otmaroc2024@gmail.com-77-64x64.png",64,64,true]},"uagb_author_info":{"display_name":"othmane iptv","author_link":"https:\/\/otmaroc.com\/ar\/author\/"},"uagb_comment_info":0,"uagb_excerpt":"Stimulez la cr\u00e9ativit\u00e9 et la motricit\u00e9 fine de votre enfant avec ce G\u00e9oboard Montessori. Compos\u00e9 de clous et d\u2019\u00e9lastiques, accompagn\u00e9 de cartes mod\u00e8les.","jetpack_sharing_enabled":true,"_links":{"self":[{"href":"https:\/\/otmaroc.com\/ar\/wp-json\/wp\/v2\/product\/4234"}],"collection":[{"href":"https:\/\/otmaroc.com\/ar\/wp-json\/wp\/v2\/product"}],"about":[{"href":"https:\/\/otmaroc.com\/ar\/wp-json\/wp\/v2\/types\/product"}],"replies":[{"embeddable":true,"href":"https:\/\/otmaroc.com\/ar\/wp-json\/wp\/v2\/comments?post=4234"}],"wp:featuredmedia":[{"embeddable":true,"href":"https:\/\/otmaroc.com\/ar\/wp-json\/wp\/v2\/media\/4240"}],"wp:attachment":[{"href":"https:\/\/otmaroc.com\/ar\/wp-json\/wp\/v2\/media?parent=4234"}],"wp:term":[{"taxonomy":"product_cat","embeddable":true,"href":"https:\/\/otmaroc.com\/ar\/wp-json\/wp\/v2\/product_cat?post=4234"},{"taxonomy":"product_tag","embeddable":true,"href":"https:\/\/otmaroc.com\/ar\/wp-json\/wp\/v2\/product_tag?post=4234"}],"curies":[{"name":"wp","href":"https:\/\/api.w.org\/{rel}","templated":true}]}}