{"id":4227,"date":"2025-03-07T13:03:31","date_gmt":"2025-03-07T13:03:31","guid":{"rendered":"https:\/\/otmaroc.com\/?post_type=product&#038;p=4227"},"modified":"2025-03-07T13:03:31","modified_gmt":"2025-03-07T13:03:31","slug":"bracelet-anti-stress-hyperactivite-fidget-toy-pop-it","status":"publish","type":"product","link":"https:\/\/otmaroc.com\/ar\/product\/bracelet-anti-stress-hyperactivite-fidget-toy-pop-it\/","title":{"rendered":"Bracelet anti stress Hyperactivit\u00e9 \u2013 Fidget toy POP IT"},"content":{"rendered":"<p><strong>Description du jeu anti-stress<\/strong><br \/>\nOffrez \u00e0 vos mains un moment de plaisir avec ce jeu anti-stress facile \u00e0 manipuler ! Compact et l\u00e9ger, il se transporte partout. Gr\u00e2ce \u00e0 son petit trou, il s\u2019adapte parfaitement \u00e0 la main de votre enfant. Id\u00e9al pour tous : parents-enfants, personnes \u00e2g\u00e9es, \u00e9tudiants et adultes.<\/p>\n<p><strong>Apports \u00e9ducatifs :<\/strong><\/p>\n<ul>\n<li>D\u00e9veloppe l\u2019\u00e9veil sensoriel tactile.<\/li>\n<li>Favorise la motricit\u00e9 fine et renforce les muscles des mains.<\/li>\n<li>Stimule le calme, la concentration et la relaxation.<\/li>\n<\/ul>\n<p><strong>Caract\u00e9ristiques :<\/strong><\/p>\n<ul>\n<li>\u00c2ge : D\u00e8s 3 ans<\/li>\n<li>Dimensions : 10 x 1 cm<\/li>\n<\/ul>","protected":false},"excerpt":{"rendered":"<p>Description du jeu anti-stress Offrez \u00e0 vos mains un moment de plaisir avec ce jeu anti-stress facile \u00e0 manipuler ! Compact et l\u00e9ger, il se transporte partout. Gr\u00e2ce \u00e0 son petit trou, il s\u2019adapte parfaitement \u00e0 la main de votre enfant. Id\u00e9al pour tous : parents-enfants, personnes \u00e2g\u00e9es, \u00e9tudiants et adultes. Apports \u00e9ducatifs : D\u00e9veloppe [&hellip;]<\/p>","protected":false},"featured_media":4230,"comment_status":"open","ping_status":"closed","template":"","meta":{"_uag_custom_page_level_css":"","site-sidebar-layout":"default","site-content-layout":"","ast-site-content-layout":"default","site-content-style":"default","site-sidebar-style":"default","ast-global-header-display":"","ast-banner-title-visibility":"","ast-main-header-display":"","ast-hfb-above-header-display":"","ast-hfb-below-header-display":"","ast-hfb-mobile-header-display":"","site-post-title":"","ast-breadcrumbs-content":"","ast-featured-img":"","footer-sml-layout":"","theme-transparent-header-meta":"default","adv-header-id-meta":"","stick-header-meta":"","header-above-stick-meta":"","header-main-stick-meta":"","header-below-stick-meta":"","astra-migrate-meta-layouts":"set","ast-page-background-enabled":"default","ast-page-background-meta":{"desktop":{"background-color":"","background-image":"","background-repeat":"repeat","background-position":"center center","background-size":"auto","background-attachment":"scroll","background-type":"","background-media":"","overlay-type":"","overlay-color":"","overlay-opacity":"","overlay-gradient":""},"tablet":{"background-color":"","background-image":"","background-repeat":"repeat","background-position":"center center","background-size":"auto","background-attachment":"scroll","background-type":"","background-media":"","overlay-type":"","overlay-color":"","overlay-opacity":"","overlay-gradient":""},"mobile":{"background-color":"","background-image":"","background-repeat":"repeat","background-position":"center center","background-size":"auto","background-attachment":"scroll","background-type":"","background-media":"","overlay-type":"","overlay-color":"","overlay-opacity":"","overlay-gradient":""}},"ast-content-background-meta":{"desktop":{"background-color":"var(--ast-global-color-5)","background-image":"","background-repeat":"repeat","background-position":"center center","background-size":"auto","background-attachment":"scroll","background-type":"","background-media":"","overlay-type":"","overlay-color":"","overlay-opacity":"","overlay-gradient":""},"tablet":{"background-color":"var(--ast-global-color-5)","background-image":"","background-repeat":"repeat","background-position":"center center","background-size":"auto","background-attachment":"scroll","background-type":"","background-media":"","overlay-type":"","overlay-color":"","overlay-opacity":"","overlay-gradient":""},"mobile":{"background-color":"var(--ast-global-color-5)","background-image":"","background-repeat":"repeat","background-position":"center center","background-size":"auto","background-attachment":"scroll","background-type":"","background-media":"","overlay-type":"","overlay-color":"","overlay-opacity":"","overlay-gradient":""}}},"product_cat":[52,80,79,90,89,82,103,63],"product_tag":[],"class_list":{"0":"post-4227","1":"product","2":"type-product","3":"status-publish","4":"has-post-thumbnail","6":"product_cat-jouets-de-therapie-au-maroc","7":"product_cat-materiel-de-orthophonie","8":"product_cat-materiel-de-psychomotricite","9":"product_cat-motricite","10":"product_cat-sensorialite","11":"product_cat-tous-les-aides-techniques","12":"product_cat-tous-les-jeux-educatifs-et-therapeutiques","13":"product_cat-tous-les-produits","14":"desktop-align-left","15":"tablet-align-left","16":"mobile-align-left","18":"first","19":"instock","20":"sale","21":"shipping-taxable","22":"purchasable","23":"product-type-simple"},"yoast_head":"<!-- This site is optimized with the Yoast SEO plugin v23.5 - https:\/\/yoast.com\/wordpress\/plugins\/seo\/ -->\n<title>Bracelet Anti-Stress Hyperactivit\u00e9 - Fidget Toy POP IT au Maroc<\/title>\n<meta name=\"description\" content=\"Le Bracelet Anti-Stress POP IT est l&#039;accessoire id\u00e9al pour r\u00e9duire le stress et l&#039;hyperactivit\u00e9. Parfait pour enfants et adultes, il offre une exp\u00e9rience tactile apaisante et am\u00e9liore la concentration. Disponibilit\u00e9 au Maroc.\" \/>\n<meta name=\"robots\" content=\"index, follow, max-snippet:-1, max-image-preview:large, max-video-preview:-1\" \/>\n<link rel=\"canonical\" href=\"https:\/\/otmaroc.com\/ar\/product\/bracelet-anti-stress-hyperactivite-fidget-toy-pop-it\/\" \/>\n<meta property=\"og:locale\" content=\"ar_AR\" \/>\n<meta property=\"og:type\" content=\"article\" \/>\n<meta property=\"og:title\" content=\"Bracelet Anti-Stress Hyperactivit\u00e9 - Fidget Toy POP IT au Maroc\" \/>\n<meta property=\"og:description\" content=\"Le Bracelet Anti-Stress POP IT est l&#039;accessoire id\u00e9al pour r\u00e9duire le stress et l&#039;hyperactivit\u00e9. Parfait pour enfants et adultes, il offre une exp\u00e9rience tactile apaisante et am\u00e9liore la concentration. Disponibilit\u00e9 au Maroc.\" \/>\n<meta property=\"og:url\" content=\"https:\/\/otmaroc.com\/ar\/product\/bracelet-anti-stress-hyperactivite-fidget-toy-pop-it\/\" \/>\n<meta property=\"og:site_name\" content=\"OTMAROC\" \/>\n<meta property=\"article:publisher\" content=\"https:\/\/www.facebook.com\/profile.php?id=61565107472257\" \/>\n<meta property=\"og:image\" content=\"https:\/\/otmaroc.com\/wp-content\/uploads\/2025\/03\/www.otmaroc.com-0623512008-otmaroc2024@gmail.com-75.png\" \/>\n\t<meta property=\"og:image:width\" content=\"1080\" \/>\n\t<meta property=\"og:image:height\" content=\"1080\" \/>\n\t<meta property=\"og:image:type\" content=\"image\/png\" \/>\n<meta name=\"twitter:card\" content=\"summary_large_image\" \/>\n<meta name=\"twitter:label1\" content=\"\u0648\u0642\u062a \u0627\u0644\u0642\u0631\u0627\u0621\u0629 \u0627\u0644\u0645\u064f\u0642\u062f\u0651\u0631\" \/>\n\t<meta name=\"twitter:data1\" content=\"\u062f\u0642\u064a\u0642\u0629 \u0648\u0627\u062d\u062f\u0629\" \/>\n<script type=\"application\/ld+json\" class=\"yoast-schema-graph\">{\"@context\":\"https:\/\/schema.org\",\"@graph\":[{\"@type\":\"WebPage\",\"@id\":\"https:\/\/otmaroc.com\/product\/bracelet-anti-stress-hyperactivite-fidget-toy-pop-it\/\",\"url\":\"https:\/\/otmaroc.com\/product\/bracelet-anti-stress-hyperactivite-fidget-toy-pop-it\/\",\"name\":\"Bracelet Anti-Stress Hyperactivit\u00e9 - Fidget Toy POP IT au Maroc\",\"isPartOf\":{\"@id\":\"https:\/\/otmaroc.com\/#website\"},\"primaryImageOfPage\":{\"@id\":\"https:\/\/otmaroc.com\/product\/bracelet-anti-stress-hyperactivite-fidget-toy-pop-it\/#primaryimage\"},\"image\":{\"@id\":\"https:\/\/otmaroc.com\/product\/bracelet-anti-stress-hyperactivite-fidget-toy-pop-it\/#primaryimage\"},\"thumbnailUrl\":\"https:\/\/otmaroc.com\/wp-content\/uploads\/2025\/03\/www.otmaroc.com-0623512008-otmaroc2024@gmail.com-75.png\",\"datePublished\":\"2025-03-07T13:03:31+00:00\",\"dateModified\":\"2025-03-07T13:03:31+00:00\",\"description\":\"Le Bracelet Anti-Stress POP IT est l'accessoire id\u00e9al pour r\u00e9duire le stress et l'hyperactivit\u00e9. Parfait pour enfants et adultes, il offre une exp\u00e9rience tactile apaisante et am\u00e9liore la concentration. Disponibilit\u00e9 au Maroc.\",\"breadcrumb\":{\"@id\":\"https:\/\/otmaroc.com\/product\/bracelet-anti-stress-hyperactivite-fidget-toy-pop-it\/#breadcrumb\"},\"inLanguage\":\"ar\",\"potentialAction\":[{\"@type\":\"ReadAction\",\"target\":[\"https:\/\/otmaroc.com\/product\/bracelet-anti-stress-hyperactivite-fidget-toy-pop-it\/\"]}]},{\"@type\":\"ImageObject\",\"inLanguage\":\"ar\",\"@id\":\"https:\/\/otmaroc.com\/product\/bracelet-anti-stress-hyperactivite-fidget-toy-pop-it\/#primaryimage\",\"url\":\"https:\/\/otmaroc.com\/wp-content\/uploads\/2025\/03\/www.otmaroc.com-0623512008-otmaroc2024@gmail.com-75.png\",\"contentUrl\":\"https:\/\/otmaroc.com\/wp-content\/uploads\/2025\/03\/www.otmaroc.com-0623512008-otmaroc2024@gmail.com-75.png\",\"width\":1080,\"height\":1080},{\"@type\":\"BreadcrumbList\",\"@id\":\"https:\/\/otmaroc.com\/product\/bracelet-anti-stress-hyperactivite-fidget-toy-pop-it\/#breadcrumb\",\"itemListElement\":[{\"@type\":\"ListItem\",\"position\":1,\"name\":\"Home\",\"item\":\"https:\/\/otmaroc.com\/\"},{\"@type\":\"ListItem\",\"position\":2,\"name\":\"Products\",\"item\":\"https:\/\/otmaroc.com\/store\/\"},{\"@type\":\"ListItem\",\"position\":3,\"name\":\"Bracelet anti stress Hyperactivit\u00e9 \u2013 Fidget toy POP IT\"}]},{\"@type\":\"WebSite\",\"@id\":\"https:\/\/otmaroc.com\/#website\",\"url\":\"https:\/\/otmaroc.com\/\",\"name\":\"OTMAROC\",\"description\":\"The number one website in morocco for occupational therapy\",\"publisher\":{\"@id\":\"https:\/\/otmaroc.com\/#organization\"},\"potentialAction\":[{\"@type\":\"SearchAction\",\"target\":{\"@type\":\"EntryPoint\",\"urlTemplate\":\"https:\/\/otmaroc.com\/?s={search_term_string}\"},\"query-input\":{\"@type\":\"PropertyValueSpecification\",\"valueRequired\":true,\"valueName\":\"search_term_string\"}}],\"inLanguage\":\"ar\"},{\"@type\":\"Organization\",\"@id\":\"https:\/\/otmaroc.com\/#organization\",\"name\":\"OTMAROC\",\"url\":\"https:\/\/otmaroc.com\/\",\"logo\":{\"@type\":\"ImageObject\",\"inLanguage\":\"ar\",\"@id\":\"https:\/\/otmaroc.com\/#\/schema\/logo\/image\/\",\"url\":\"https:\/\/otmaroc.com\/wp-content\/uploads\/2024\/08\/cropped-cropped-Black_White_Yellow_Simple_Initial_Name_Logo-removebg-preview-2.png\",\"contentUrl\":\"https:\/\/otmaroc.com\/wp-content\/uploads\/2024\/08\/cropped-cropped-Black_White_Yellow_Simple_Initial_Name_Logo-removebg-preview-2.png\",\"width\":298,\"height\":192,\"caption\":\"OTMAROC\"},\"image\":{\"@id\":\"https:\/\/otmaroc.com\/#\/schema\/logo\/image\/\"},\"sameAs\":[\"https:\/\/www.facebook.com\/profile.php?id=61565107472257\",\"https:\/\/www.instagram.com\/otmaroc2024\/\",\"https:\/\/www.youtube.com\/@othmaneksaibar6763\",\"https:\/\/api.whatsapp.com\/send?phone=2120623512008\"]}]}<\/script>\n<!-- \/ Yoast SEO plugin. -->","yoast_head_json":{"title":"Bracelet Anti-Stress Hyperactivit\u00e9 - Fidget Toy POP IT au Maroc","description":"Le Bracelet Anti-Stress POP IT est l'accessoire id\u00e9al pour r\u00e9duire le stress et l'hyperactivit\u00e9. Parfait pour enfants et adultes, il offre une exp\u00e9rience tactile apaisante et am\u00e9liore la concentration. Disponibilit\u00e9 au Maroc.","robots":{"index":"index","follow":"follow","max-snippet":"max-snippet:-1","max-image-preview":"max-image-preview:large","max-video-preview":"max-video-preview:-1"},"canonical":"https:\/\/otmaroc.com\/ar\/product\/bracelet-anti-stress-hyperactivite-fidget-toy-pop-it\/","og_locale":"ar_AR","og_type":"article","og_title":"Bracelet Anti-Stress Hyperactivit\u00e9 - Fidget Toy POP IT au Maroc","og_description":"Le Bracelet Anti-Stress POP IT est l'accessoire id\u00e9al pour r\u00e9duire le stress et l'hyperactivit\u00e9. Parfait pour enfants et adultes, il offre une exp\u00e9rience tactile apaisante et am\u00e9liore la concentration. Disponibilit\u00e9 au Maroc.","og_url":"https:\/\/otmaroc.com\/ar\/product\/bracelet-anti-stress-hyperactivite-fidget-toy-pop-it\/","og_site_name":"OTMAROC","article_publisher":"https:\/\/www.facebook.com\/profile.php?id=61565107472257","og_image":[{"width":1080,"height":1080,"url":"https:\/\/otmaroc.com\/wp-content\/uploads\/2025\/03\/www.otmaroc.com-0623512008-otmaroc2024@gmail.com-75.png","type":"image\/png"}],"twitter_card":"summary_large_image","twitter_misc":{"\u0648\u0642\u062a \u0627\u0644\u0642\u0631\u0627\u0621\u0629 \u0627\u0644\u0645\u064f\u0642\u062f\u0651\u0631":"\u062f\u0642\u064a\u0642\u0629 \u0648\u0627\u062d\u062f\u0629"},"schema":{"@context":"https:\/\/schema.org","@graph":[{"@type":"WebPage","@id":"https:\/\/otmaroc.com\/product\/bracelet-anti-stress-hyperactivite-fidget-toy-pop-it\/","url":"https:\/\/otmaroc.com\/product\/bracelet-anti-stress-hyperactivite-fidget-toy-pop-it\/","name":"Bracelet Anti-Stress Hyperactivit\u00e9 - Fidget Toy POP IT au Maroc","isPartOf":{"@id":"https:\/\/otmaroc.com\/#website"},"primaryImageOfPage":{"@id":"https:\/\/otmaroc.com\/product\/bracelet-anti-stress-hyperactivite-fidget-toy-pop-it\/#primaryimage"},"image":{"@id":"https:\/\/otmaroc.com\/product\/bracelet-anti-stress-hyperactivite-fidget-toy-pop-it\/#primaryimage"},"thumbnailUrl":"https:\/\/otmaroc.com\/wp-content\/uploads\/2025\/03\/www.otmaroc.com-0623512008-otmaroc2024@gmail.com-75.png","datePublished":"2025-03-07T13:03:31+00:00","dateModified":"2025-03-07T13:03:31+00:00","description":"Le Bracelet Anti-Stress POP IT est l'accessoire id\u00e9al pour r\u00e9duire le stress et l'hyperactivit\u00e9. Parfait pour enfants et adultes, il offre une exp\u00e9rience tactile apaisante et am\u00e9liore la concentration. Disponibilit\u00e9 au Maroc.","breadcrumb":{"@id":"https:\/\/otmaroc.com\/product\/bracelet-anti-stress-hyperactivite-fidget-toy-pop-it\/#breadcrumb"},"inLanguage":"ar","potentialAction":[{"@type":"ReadAction","target":["https:\/\/otmaroc.com\/product\/bracelet-anti-stress-hyperactivite-fidget-toy-pop-it\/"]}]},{"@type":"ImageObject","inLanguage":"ar","@id":"https:\/\/otmaroc.com\/product\/bracelet-anti-stress-hyperactivite-fidget-toy-pop-it\/#primaryimage","url":"https:\/\/otmaroc.com\/wp-content\/uploads\/2025\/03\/www.otmaroc.com-0623512008-otmaroc2024@gmail.com-75.png","contentUrl":"https:\/\/otmaroc.com\/wp-content\/uploads\/2025\/03\/www.otmaroc.com-0623512008-otmaroc2024@gmail.com-75.png","width":1080,"height":1080},{"@type":"BreadcrumbList","@id":"https:\/\/otmaroc.com\/product\/bracelet-anti-stress-hyperactivite-fidget-toy-pop-it\/#breadcrumb","itemListElement":[{"@type":"ListItem","position":1,"name":"Home","item":"https:\/\/otmaroc.com\/"},{"@type":"ListItem","position":2,"name":"Products","item":"https:\/\/otmaroc.com\/store\/"},{"@type":"ListItem","position":3,"name":"Bracelet anti stress Hyperactivit\u00e9 \u2013 Fidget toy POP IT"}]},{"@type":"WebSite","@id":"https:\/\/otmaroc.com\/#website","url":"https:\/\/otmaroc.com\/","name":"OTMAROC","description":"The number one website in morocco for occupational therapy","publisher":{"@id":"https:\/\/otmaroc.com\/#organization"},"potentialAction":[{"@type":"SearchAction","target":{"@type":"EntryPoint","urlTemplate":"https:\/\/otmaroc.com\/?s={search_term_string}"},"query-input":{"@type":"PropertyValueSpecification","valueRequired":true,"valueName":"search_term_string"}}],"inLanguage":"ar"},{"@type":"Organization","@id":"https:\/\/otmaroc.com\/#organization","name":"OTMAROC","url":"https:\/\/otmaroc.com\/","logo":{"@type":"ImageObject","inLanguage":"ar","@id":"https:\/\/otmaroc.com\/#\/schema\/logo\/image\/","url":"https:\/\/otmaroc.com\/wp-content\/uploads\/2024\/08\/cropped-cropped-Black_White_Yellow_Simple_Initial_Name_Logo-removebg-preview-2.png","contentUrl":"https:\/\/otmaroc.com\/wp-content\/uploads\/2024\/08\/cropped-cropped-Black_White_Yellow_Simple_Initial_Name_Logo-removebg-preview-2.png","width":298,"height":192,"caption":"OTMAROC"},"image":{"@id":"https:\/\/otmaroc.com\/#\/schema\/logo\/image\/"},"sameAs":["https:\/\/www.facebook.com\/profile.php?id=61565107472257","https:\/\/www.instagram.com\/otmaroc2024\/","https:\/\/www.youtube.com\/@othmaneksaibar6763","https:\/\/api.whatsapp.com\/send?phone=2120623512008"]}]}},"uagb_featured_image_src":{"full":["https:\/\/otmaroc.com\/wp-content\/uploads\/2025\/03\/www.otmaroc.com-0623512008-otmaroc2024@gmail.com-75.png",1080,1080,false],"thumbnail":["https:\/\/otmaroc.com\/wp-content\/uploads\/2025\/03\/www.otmaroc.com-0623512008-otmaroc2024@gmail.com-75-150x150.png",150,150,true],"medium":["https:\/\/otmaroc.com\/wp-content\/uploads\/2025\/03\/www.otmaroc.com-0623512008-otmaroc2024@gmail.com-75-300x300.png",300,300,true],"medium_large":["https:\/\/otmaroc.com\/wp-content\/uploads\/2025\/03\/www.otmaroc.com-0623512008-otmaroc2024@gmail.com-75-768x768.png",768,768,true],"large":["https:\/\/otmaroc.com\/wp-content\/uploads\/2025\/03\/www.otmaroc.com-0623512008-otmaroc2024@gmail.com-75-1024x1024.png",1024,1024,true],"1536x1536":["https:\/\/otmaroc.com\/wp-content\/uploads\/2025\/03\/www.otmaroc.com-0623512008-otmaroc2024@gmail.com-75.png",1080,1080,false],"2048x2048":["https:\/\/otmaroc.com\/wp-content\/uploads\/2025\/03\/www.otmaroc.com-0623512008-otmaroc2024@gmail.com-75.png",1080,1080,false],"trp-custom-language-flag":["https:\/\/otmaroc.com\/wp-content\/uploads\/2025\/03\/www.otmaroc.com-0623512008-otmaroc2024@gmail.com-75-12x12.png",12,12,true],"woocommerce_thumbnail":["https:\/\/otmaroc.com\/wp-content\/uploads\/2025\/03\/www.otmaroc.com-0623512008-otmaroc2024@gmail.com-75-300x300.png",300,300,true],"woocommerce_single":["https:\/\/otmaroc.com\/wp-content\/uploads\/2025\/03\/www.otmaroc.com-0623512008-otmaroc2024@gmail.com-75-600x600.png",600,600,true],"woocommerce_gallery_thumbnail":["https:\/\/otmaroc.com\/wp-content\/uploads\/2025\/03\/www.otmaroc.com-0623512008-otmaroc2024@gmail.com-75-100x100.png",100,100,true],"dgwt-wcas-product-suggestion":["https:\/\/otmaroc.com\/wp-content\/uploads\/2025\/03\/www.otmaroc.com-0623512008-otmaroc2024@gmail.com-75-64x64.png",64,64,true]},"uagb_author_info":{"display_name":"othmane iptv","author_link":"https:\/\/otmaroc.com\/ar\/author\/"},"uagb_comment_info":0,"uagb_excerpt":"Description du jeu anti-stress Offrez \u00e0 vos mains un moment de plaisir avec ce jeu anti-stress facile \u00e0 manipuler ! Compact et l\u00e9ger, il se transporte partout. Gr\u00e2ce \u00e0 son petit trou, il s\u2019adapte parfaitement \u00e0 la main de votre enfant. Id\u00e9al pour tous : parents-enfants, personnes \u00e2g\u00e9es, \u00e9tudiants et adultes. Apports \u00e9ducatifs : D\u00e9veloppe&hellip;","jetpack_sharing_enabled":true,"_links":{"self":[{"href":"https:\/\/otmaroc.com\/ar\/wp-json\/wp\/v2\/product\/4227"}],"collection":[{"href":"https:\/\/otmaroc.com\/ar\/wp-json\/wp\/v2\/product"}],"about":[{"href":"https:\/\/otmaroc.com\/ar\/wp-json\/wp\/v2\/types\/product"}],"replies":[{"embeddable":true,"href":"https:\/\/otmaroc.com\/ar\/wp-json\/wp\/v2\/comments?post=4227"}],"wp:featuredmedia":[{"embeddable":true,"href":"https:\/\/otmaroc.com\/ar\/wp-json\/wp\/v2\/media\/4230"}],"wp:attachment":[{"href":"https:\/\/otmaroc.com\/ar\/wp-json\/wp\/v2\/media?parent=4227"}],"wp:term":[{"taxonomy":"product_cat","embeddable":true,"href":"https:\/\/otmaroc.com\/ar\/wp-json\/wp\/v2\/product_cat?post=4227"},{"taxonomy":"product_tag","embeddable":true,"href":"https:\/\/otmaroc.com\/ar\/wp-json\/wp\/v2\/product_tag?post=4227"}],"curies":[{"name":"wp","href":"https:\/\/api.w.org\/{rel}","templated":true}]}}