{"id":4218,"date":"2025-03-06T14:14:11","date_gmt":"2025-03-06T14:14:11","guid":{"rendered":"https:\/\/otmaroc.com\/?post_type=product&#038;p=4218"},"modified":"2025-03-06T14:14:11","modified_gmt":"2025-03-06T14:14:11","slug":"busy-board-2-tableau-dactivites-montessori-pour-enfants","status":"publish","type":"product","link":"https:\/\/otmaroc.com\/ar\/product\/busy-board-2-tableau-dactivites-montessori-pour-enfants\/","title":{"rendered":"Busy Board 2 : Tableau d\u2019Activit\u00e9s Montessori pour Enfants"},"content":{"rendered":"<p data-start=\"187\" data-end=\"292\">\n<h3 data-start=\"294\" data-end=\"325\"><strong data-start=\"298\" data-end=\"325\">Description Technique :<\/strong><\/h3>\n<p data-start=\"326\" data-end=\"1076\">Le <strong data-start=\"329\" data-end=\"345\">Busy Board 2<\/strong> est un tableau d\u2019activit\u00e9s Montessori con\u00e7u pour stimuler l\u2019\u00e9veil et le d\u00e9veloppement cognitif des enfants. Avec une vari\u00e9t\u00e9 d&rsquo;activit\u00e9s ludiques et \u00e9ducatives, il permet aux tout-petits de d\u00e9velopper leur motricit\u00e9 fine, leur coordination \u0153il-main et leur ind\u00e9pendance. Ce tableau robuste, fabriqu\u00e9 \u00e0 partir de mat\u00e9riaux s\u00fbrs et durables, est id\u00e9al pour les enfants \u00e0 partir de 18 mois. Il comprend des \u00e9l\u00e9ments interactifs tels que des fermetures, des boutons, des interrupteurs et des vis, qui favorisent l&rsquo;apprentissage autonome tout en captivant l\u2019attention des enfants. Ce <strong data-start=\"925\" data-end=\"959\">tableau d&rsquo;activit\u00e9s Montessori<\/strong> encourage les enfants \u00e0 explorer, \u00e0 r\u00e9soudre des probl\u00e8mes et \u00e0 d\u00e9couvrir de nouvelles comp\u00e9tences \u00e0 travers le jeu.<\/p>\n<h3 data-start=\"1078\" data-end=\"1104\"><strong data-start=\"1082\" data-end=\"1104\">Meta-description :<\/strong><\/h3>\n<p data-start=\"1105\" data-end=\"1301\">D\u00e9couvrez le <strong data-start=\"1118\" data-end=\"1134\">Busy Board 2<\/strong>, un tableau Montessori interactif pour enfants. Id\u00e9al pour le d\u00e9veloppement de la motricit\u00e9 fine, la coordination et l&rsquo;ind\u00e9pendance. Convient aux enfants d\u00e8s 18 mois.<\/p>","protected":false},"excerpt":{"rendered":"<p>D\u00e9couvrez le Busy Board 2 , un tableau Montessori interactif pour enfants. Id\u00e9al pour stimuler la motricit\u00e9 fine, la coordination et l&rsquo;ind\u00e9pendance<\/p>","protected":false},"featured_media":4223,"comment_status":"open","ping_status":"closed","template":"","meta":{"_uag_custom_page_level_css":"","site-sidebar-layout":"default","site-content-layout":"","ast-site-content-layout":"default","site-content-style":"default","site-sidebar-style":"default","ast-global-header-display":"","ast-banner-title-visibility":"","ast-main-header-display":"","ast-hfb-above-header-display":"","ast-hfb-below-header-display":"","ast-hfb-mobile-header-display":"","site-post-title":"","ast-breadcrumbs-content":"","ast-featured-img":"","footer-sml-layout":"","theme-transparent-header-meta":"default","adv-header-id-meta":"","stick-header-meta":"","header-above-stick-meta":"","header-main-stick-meta":"","header-below-stick-meta":"","astra-migrate-meta-layouts":"set","ast-page-background-enabled":"default","ast-page-background-meta":{"desktop":{"background-color":"","background-image":"","background-repeat":"repeat","background-position":"center center","background-size":"auto","background-attachment":"scroll","background-type":"","background-media":"","overlay-type":"","overlay-color":"","overlay-opacity":"","overlay-gradient":""},"tablet":{"background-color":"","background-image":"","background-repeat":"repeat","background-position":"center center","background-size":"auto","background-attachment":"scroll","background-type":"","background-media":"","overlay-type":"","overlay-color":"","overlay-opacity":"","overlay-gradient":""},"mobile":{"background-color":"","background-image":"","background-repeat":"repeat","background-position":"center center","background-size":"auto","background-attachment":"scroll","background-type":"","background-media":"","overlay-type":"","overlay-color":"","overlay-opacity":"","overlay-gradient":""}},"ast-content-background-meta":{"desktop":{"background-color":"var(--ast-global-color-5)","background-image":"","background-repeat":"repeat","background-position":"center center","background-size":"auto","background-attachment":"scroll","background-type":"","background-media":"","overlay-type":"","overlay-color":"","overlay-opacity":"","overlay-gradient":""},"tablet":{"background-color":"var(--ast-global-color-5)","background-image":"","background-repeat":"repeat","background-position":"center center","background-size":"auto","background-attachment":"scroll","background-type":"","background-media":"","overlay-type":"","overlay-color":"","overlay-opacity":"","overlay-gradient":""},"mobile":{"background-color":"var(--ast-global-color-5)","background-image":"","background-repeat":"repeat","background-position":"center center","background-size":"auto","background-attachment":"scroll","background-type":"","background-media":"","overlay-type":"","overlay-color":"","overlay-opacity":"","overlay-gradient":""}}},"product_cat":[92,95,52,80,79,90,103,63],"product_tag":[],"class_list":{"0":"post-4218","1":"product","2":"type-product","3":"status-publish","4":"has-post-thumbnail","6":"product_cat-apprentissage","7":"product_cat-autonomie","8":"product_cat-jouets-de-therapie-au-maroc","9":"product_cat-materiel-de-orthophonie","10":"product_cat-materiel-de-psychomotricite","11":"product_cat-motricite","12":"product_cat-tous-les-jeux-educatifs-et-therapeutiques","13":"product_cat-tous-les-produits","14":"desktop-align-left","15":"tablet-align-left","16":"mobile-align-left","18":"first","19":"instock","20":"shipping-taxable","21":"purchasable","22":"product-type-simple"},"yoast_head":"<!-- This site is optimized with the Yoast SEO plugin v23.5 - https:\/\/yoast.com\/wordpress\/plugins\/seo\/ -->\n<title>Busy Board 2 : Tableau Montessori d&#039;Activit\u00e9s \u00c9ducatives au Maroc<\/title>\n<meta name=\"description\" content=\"D\u00e9couvrez le Busy Board 2 au Maroc, un tableau Montessori interactif pour enfants. Id\u00e9al pour stimuler la motricit\u00e9 fine, la coordination et l&#039;ind\u00e9pendance.\" \/>\n<meta name=\"robots\" content=\"index, follow, max-snippet:-1, max-image-preview:large, max-video-preview:-1\" \/>\n<link rel=\"canonical\" href=\"https:\/\/otmaroc.com\/ar\/product\/busy-board-2-tableau-dactivites-montessori-pour-enfants\/\" \/>\n<meta property=\"og:locale\" content=\"ar_AR\" \/>\n<meta property=\"og:type\" content=\"article\" \/>\n<meta property=\"og:title\" content=\"Busy Board 2 : Tableau Montessori d&#039;Activit\u00e9s \u00c9ducatives au Maroc\" \/>\n<meta property=\"og:description\" content=\"D\u00e9couvrez le Busy Board 2 au Maroc, un tableau Montessori interactif pour enfants. Id\u00e9al pour stimuler la motricit\u00e9 fine, la coordination et l&#039;ind\u00e9pendance.\" \/>\n<meta property=\"og:url\" content=\"https:\/\/otmaroc.com\/ar\/product\/busy-board-2-tableau-dactivites-montessori-pour-enfants\/\" \/>\n<meta property=\"og:site_name\" content=\"OTMAROC\" \/>\n<meta property=\"article:publisher\" content=\"https:\/\/www.facebook.com\/profile.php?id=61565107472257\" \/>\n<meta property=\"og:image\" content=\"https:\/\/otmaroc.com\/wp-content\/uploads\/2025\/03\/www.otmaroc.com-0623512008-otmaroc2024@gmail.com-74.png\" \/>\n\t<meta property=\"og:image:width\" content=\"1080\" \/>\n\t<meta property=\"og:image:height\" content=\"1080\" \/>\n\t<meta property=\"og:image:type\" content=\"image\/png\" \/>\n<meta name=\"twitter:card\" content=\"summary_large_image\" \/>\n<meta name=\"twitter:label1\" content=\"\u0648\u0642\u062a \u0627\u0644\u0642\u0631\u0627\u0621\u0629 \u0627\u0644\u0645\u064f\u0642\u062f\u0651\u0631\" \/>\n\t<meta name=\"twitter:data1\" content=\"\u062f\u0642\u064a\u0642\u0629 \u0648\u0627\u062d\u062f\u0629\" \/>\n<script type=\"application\/ld+json\" class=\"yoast-schema-graph\">{\"@context\":\"https:\/\/schema.org\",\"@graph\":[{\"@type\":\"WebPage\",\"@id\":\"https:\/\/otmaroc.com\/product\/busy-board-2-tableau-dactivites-montessori-pour-enfants\/\",\"url\":\"https:\/\/otmaroc.com\/product\/busy-board-2-tableau-dactivites-montessori-pour-enfants\/\",\"name\":\"Busy Board 2 : Tableau Montessori d'Activit\u00e9s \u00c9ducatives au Maroc\",\"isPartOf\":{\"@id\":\"https:\/\/otmaroc.com\/#website\"},\"primaryImageOfPage\":{\"@id\":\"https:\/\/otmaroc.com\/product\/busy-board-2-tableau-dactivites-montessori-pour-enfants\/#primaryimage\"},\"image\":{\"@id\":\"https:\/\/otmaroc.com\/product\/busy-board-2-tableau-dactivites-montessori-pour-enfants\/#primaryimage\"},\"thumbnailUrl\":\"https:\/\/otmaroc.com\/wp-content\/uploads\/2025\/03\/www.otmaroc.com-0623512008-otmaroc2024@gmail.com-74.png\",\"datePublished\":\"2025-03-06T14:14:11+00:00\",\"dateModified\":\"2025-03-06T14:14:11+00:00\",\"description\":\"D\u00e9couvrez le Busy Board 2 au Maroc, un tableau Montessori interactif pour enfants. Id\u00e9al pour stimuler la motricit\u00e9 fine, la coordination et l'ind\u00e9pendance.\",\"breadcrumb\":{\"@id\":\"https:\/\/otmaroc.com\/product\/busy-board-2-tableau-dactivites-montessori-pour-enfants\/#breadcrumb\"},\"inLanguage\":\"ar\",\"potentialAction\":[{\"@type\":\"ReadAction\",\"target\":[\"https:\/\/otmaroc.com\/product\/busy-board-2-tableau-dactivites-montessori-pour-enfants\/\"]}]},{\"@type\":\"ImageObject\",\"inLanguage\":\"ar\",\"@id\":\"https:\/\/otmaroc.com\/product\/busy-board-2-tableau-dactivites-montessori-pour-enfants\/#primaryimage\",\"url\":\"https:\/\/otmaroc.com\/wp-content\/uploads\/2025\/03\/www.otmaroc.com-0623512008-otmaroc2024@gmail.com-74.png\",\"contentUrl\":\"https:\/\/otmaroc.com\/wp-content\/uploads\/2025\/03\/www.otmaroc.com-0623512008-otmaroc2024@gmail.com-74.png\",\"width\":1080,\"height\":1080},{\"@type\":\"BreadcrumbList\",\"@id\":\"https:\/\/otmaroc.com\/product\/busy-board-2-tableau-dactivites-montessori-pour-enfants\/#breadcrumb\",\"itemListElement\":[{\"@type\":\"ListItem\",\"position\":1,\"name\":\"Home\",\"item\":\"https:\/\/otmaroc.com\/\"},{\"@type\":\"ListItem\",\"position\":2,\"name\":\"Products\",\"item\":\"https:\/\/otmaroc.com\/store\/\"},{\"@type\":\"ListItem\",\"position\":3,\"name\":\"Busy Board 2 : Tableau d\u2019Activit\u00e9s Montessori pour Enfants\"}]},{\"@type\":\"WebSite\",\"@id\":\"https:\/\/otmaroc.com\/#website\",\"url\":\"https:\/\/otmaroc.com\/\",\"name\":\"OTMAROC\",\"description\":\"The number one website in morocco for occupational therapy\",\"publisher\":{\"@id\":\"https:\/\/otmaroc.com\/#organization\"},\"potentialAction\":[{\"@type\":\"SearchAction\",\"target\":{\"@type\":\"EntryPoint\",\"urlTemplate\":\"https:\/\/otmaroc.com\/?s={search_term_string}\"},\"query-input\":{\"@type\":\"PropertyValueSpecification\",\"valueRequired\":true,\"valueName\":\"search_term_string\"}}],\"inLanguage\":\"ar\"},{\"@type\":\"Organization\",\"@id\":\"https:\/\/otmaroc.com\/#organization\",\"name\":\"OTMAROC\",\"url\":\"https:\/\/otmaroc.com\/\",\"logo\":{\"@type\":\"ImageObject\",\"inLanguage\":\"ar\",\"@id\":\"https:\/\/otmaroc.com\/#\/schema\/logo\/image\/\",\"url\":\"https:\/\/otmaroc.com\/wp-content\/uploads\/2024\/08\/cropped-cropped-Black_White_Yellow_Simple_Initial_Name_Logo-removebg-preview-2.png\",\"contentUrl\":\"https:\/\/otmaroc.com\/wp-content\/uploads\/2024\/08\/cropped-cropped-Black_White_Yellow_Simple_Initial_Name_Logo-removebg-preview-2.png\",\"width\":298,\"height\":192,\"caption\":\"OTMAROC\"},\"image\":{\"@id\":\"https:\/\/otmaroc.com\/#\/schema\/logo\/image\/\"},\"sameAs\":[\"https:\/\/www.facebook.com\/profile.php?id=61565107472257\",\"https:\/\/www.instagram.com\/otmaroc2024\/\",\"https:\/\/www.youtube.com\/@othmaneksaibar6763\",\"https:\/\/api.whatsapp.com\/send?phone=2120623512008\"]}]}<\/script>\n<!-- \/ Yoast SEO plugin. -->","yoast_head_json":{"title":"Busy Board 2 : Tableau Montessori d'Activit\u00e9s \u00c9ducatives au Maroc","description":"D\u00e9couvrez le Busy Board 2 au Maroc, un tableau Montessori interactif pour enfants. Id\u00e9al pour stimuler la motricit\u00e9 fine, la coordination et l'ind\u00e9pendance.","robots":{"index":"index","follow":"follow","max-snippet":"max-snippet:-1","max-image-preview":"max-image-preview:large","max-video-preview":"max-video-preview:-1"},"canonical":"https:\/\/otmaroc.com\/ar\/product\/busy-board-2-tableau-dactivites-montessori-pour-enfants\/","og_locale":"ar_AR","og_type":"article","og_title":"Busy Board 2 : Tableau Montessori d'Activit\u00e9s \u00c9ducatives au Maroc","og_description":"D\u00e9couvrez le Busy Board 2 au Maroc, un tableau Montessori interactif pour enfants. Id\u00e9al pour stimuler la motricit\u00e9 fine, la coordination et l'ind\u00e9pendance.","og_url":"https:\/\/otmaroc.com\/ar\/product\/busy-board-2-tableau-dactivites-montessori-pour-enfants\/","og_site_name":"OTMAROC","article_publisher":"https:\/\/www.facebook.com\/profile.php?id=61565107472257","og_image":[{"width":1080,"height":1080,"url":"https:\/\/otmaroc.com\/wp-content\/uploads\/2025\/03\/www.otmaroc.com-0623512008-otmaroc2024@gmail.com-74.png","type":"image\/png"}],"twitter_card":"summary_large_image","twitter_misc":{"\u0648\u0642\u062a \u0627\u0644\u0642\u0631\u0627\u0621\u0629 \u0627\u0644\u0645\u064f\u0642\u062f\u0651\u0631":"\u062f\u0642\u064a\u0642\u0629 \u0648\u0627\u062d\u062f\u0629"},"schema":{"@context":"https:\/\/schema.org","@graph":[{"@type":"WebPage","@id":"https:\/\/otmaroc.com\/product\/busy-board-2-tableau-dactivites-montessori-pour-enfants\/","url":"https:\/\/otmaroc.com\/product\/busy-board-2-tableau-dactivites-montessori-pour-enfants\/","name":"Busy Board 2 : Tableau Montessori d'Activit\u00e9s \u00c9ducatives au Maroc","isPartOf":{"@id":"https:\/\/otmaroc.com\/#website"},"primaryImageOfPage":{"@id":"https:\/\/otmaroc.com\/product\/busy-board-2-tableau-dactivites-montessori-pour-enfants\/#primaryimage"},"image":{"@id":"https:\/\/otmaroc.com\/product\/busy-board-2-tableau-dactivites-montessori-pour-enfants\/#primaryimage"},"thumbnailUrl":"https:\/\/otmaroc.com\/wp-content\/uploads\/2025\/03\/www.otmaroc.com-0623512008-otmaroc2024@gmail.com-74.png","datePublished":"2025-03-06T14:14:11+00:00","dateModified":"2025-03-06T14:14:11+00:00","description":"D\u00e9couvrez le Busy Board 2 au Maroc, un tableau Montessori interactif pour enfants. Id\u00e9al pour stimuler la motricit\u00e9 fine, la coordination et l'ind\u00e9pendance.","breadcrumb":{"@id":"https:\/\/otmaroc.com\/product\/busy-board-2-tableau-dactivites-montessori-pour-enfants\/#breadcrumb"},"inLanguage":"ar","potentialAction":[{"@type":"ReadAction","target":["https:\/\/otmaroc.com\/product\/busy-board-2-tableau-dactivites-montessori-pour-enfants\/"]}]},{"@type":"ImageObject","inLanguage":"ar","@id":"https:\/\/otmaroc.com\/product\/busy-board-2-tableau-dactivites-montessori-pour-enfants\/#primaryimage","url":"https:\/\/otmaroc.com\/wp-content\/uploads\/2025\/03\/www.otmaroc.com-0623512008-otmaroc2024@gmail.com-74.png","contentUrl":"https:\/\/otmaroc.com\/wp-content\/uploads\/2025\/03\/www.otmaroc.com-0623512008-otmaroc2024@gmail.com-74.png","width":1080,"height":1080},{"@type":"BreadcrumbList","@id":"https:\/\/otmaroc.com\/product\/busy-board-2-tableau-dactivites-montessori-pour-enfants\/#breadcrumb","itemListElement":[{"@type":"ListItem","position":1,"name":"Home","item":"https:\/\/otmaroc.com\/"},{"@type":"ListItem","position":2,"name":"Products","item":"https:\/\/otmaroc.com\/store\/"},{"@type":"ListItem","position":3,"name":"Busy Board 2 : Tableau d\u2019Activit\u00e9s Montessori pour Enfants"}]},{"@type":"WebSite","@id":"https:\/\/otmaroc.com\/#website","url":"https:\/\/otmaroc.com\/","name":"OTMAROC","description":"The number one website in morocco for occupational therapy","publisher":{"@id":"https:\/\/otmaroc.com\/#organization"},"potentialAction":[{"@type":"SearchAction","target":{"@type":"EntryPoint","urlTemplate":"https:\/\/otmaroc.com\/?s={search_term_string}"},"query-input":{"@type":"PropertyValueSpecification","valueRequired":true,"valueName":"search_term_string"}}],"inLanguage":"ar"},{"@type":"Organization","@id":"https:\/\/otmaroc.com\/#organization","name":"OTMAROC","url":"https:\/\/otmaroc.com\/","logo":{"@type":"ImageObject","inLanguage":"ar","@id":"https:\/\/otmaroc.com\/#\/schema\/logo\/image\/","url":"https:\/\/otmaroc.com\/wp-content\/uploads\/2024\/08\/cropped-cropped-Black_White_Yellow_Simple_Initial_Name_Logo-removebg-preview-2.png","contentUrl":"https:\/\/otmaroc.com\/wp-content\/uploads\/2024\/08\/cropped-cropped-Black_White_Yellow_Simple_Initial_Name_Logo-removebg-preview-2.png","width":298,"height":192,"caption":"OTMAROC"},"image":{"@id":"https:\/\/otmaroc.com\/#\/schema\/logo\/image\/"},"sameAs":["https:\/\/www.facebook.com\/profile.php?id=61565107472257","https:\/\/www.instagram.com\/otmaroc2024\/","https:\/\/www.youtube.com\/@othmaneksaibar6763","https:\/\/api.whatsapp.com\/send?phone=2120623512008"]}]}},"uagb_featured_image_src":{"full":["https:\/\/otmaroc.com\/wp-content\/uploads\/2025\/03\/www.otmaroc.com-0623512008-otmaroc2024@gmail.com-74.png",1080,1080,false],"thumbnail":["https:\/\/otmaroc.com\/wp-content\/uploads\/2025\/03\/www.otmaroc.com-0623512008-otmaroc2024@gmail.com-74-150x150.png",150,150,true],"medium":["https:\/\/otmaroc.com\/wp-content\/uploads\/2025\/03\/www.otmaroc.com-0623512008-otmaroc2024@gmail.com-74-300x300.png",300,300,true],"medium_large":["https:\/\/otmaroc.com\/wp-content\/uploads\/2025\/03\/www.otmaroc.com-0623512008-otmaroc2024@gmail.com-74-768x768.png",768,768,true],"large":["https:\/\/otmaroc.com\/wp-content\/uploads\/2025\/03\/www.otmaroc.com-0623512008-otmaroc2024@gmail.com-74-1024x1024.png",1024,1024,true],"1536x1536":["https:\/\/otmaroc.com\/wp-content\/uploads\/2025\/03\/www.otmaroc.com-0623512008-otmaroc2024@gmail.com-74.png",1080,1080,false],"2048x2048":["https:\/\/otmaroc.com\/wp-content\/uploads\/2025\/03\/www.otmaroc.com-0623512008-otmaroc2024@gmail.com-74.png",1080,1080,false],"trp-custom-language-flag":["https:\/\/otmaroc.com\/wp-content\/uploads\/2025\/03\/www.otmaroc.com-0623512008-otmaroc2024@gmail.com-74-12x12.png",12,12,true],"woocommerce_thumbnail":["https:\/\/otmaroc.com\/wp-content\/uploads\/2025\/03\/www.otmaroc.com-0623512008-otmaroc2024@gmail.com-74-300x300.png",300,300,true],"woocommerce_single":["https:\/\/otmaroc.com\/wp-content\/uploads\/2025\/03\/www.otmaroc.com-0623512008-otmaroc2024@gmail.com-74-600x600.png",600,600,true],"woocommerce_gallery_thumbnail":["https:\/\/otmaroc.com\/wp-content\/uploads\/2025\/03\/www.otmaroc.com-0623512008-otmaroc2024@gmail.com-74-100x100.png",100,100,true],"dgwt-wcas-product-suggestion":["https:\/\/otmaroc.com\/wp-content\/uploads\/2025\/03\/www.otmaroc.com-0623512008-otmaroc2024@gmail.com-74-64x64.png",64,64,true]},"uagb_author_info":{"display_name":"othmane iptv","author_link":"https:\/\/otmaroc.com\/ar\/author\/"},"uagb_comment_info":0,"uagb_excerpt":"D\u00e9couvrez le Busy Board 2 , un tableau Montessori interactif pour enfants. Id\u00e9al pour stimuler la motricit\u00e9 fine, la coordination et l'ind\u00e9pendance","jetpack_sharing_enabled":true,"_links":{"self":[{"href":"https:\/\/otmaroc.com\/ar\/wp-json\/wp\/v2\/product\/4218"}],"collection":[{"href":"https:\/\/otmaroc.com\/ar\/wp-json\/wp\/v2\/product"}],"about":[{"href":"https:\/\/otmaroc.com\/ar\/wp-json\/wp\/v2\/types\/product"}],"replies":[{"embeddable":true,"href":"https:\/\/otmaroc.com\/ar\/wp-json\/wp\/v2\/comments?post=4218"}],"wp:featuredmedia":[{"embeddable":true,"href":"https:\/\/otmaroc.com\/ar\/wp-json\/wp\/v2\/media\/4223"}],"wp:attachment":[{"href":"https:\/\/otmaroc.com\/ar\/wp-json\/wp\/v2\/media?parent=4218"}],"wp:term":[{"taxonomy":"product_cat","embeddable":true,"href":"https:\/\/otmaroc.com\/ar\/wp-json\/wp\/v2\/product_cat?post=4218"},{"taxonomy":"product_tag","embeddable":true,"href":"https:\/\/otmaroc.com\/ar\/wp-json\/wp\/v2\/product_tag?post=4218"}],"curies":[{"name":"wp","href":"https:\/\/api.w.org\/{rel}","templated":true}]}}