{"id":4211,"date":"2025-03-06T12:46:18","date_gmt":"2025-03-06T12:46:18","guid":{"rendered":"https:\/\/otmaroc.com\/?post_type=product&#038;p=4211"},"modified":"2025-04-23T11:20:37","modified_gmt":"2025-04-23T11:20:37","slug":"dispositif-dentrainement-a-la-reeducation-des-doigts","status":"publish","type":"product","link":"https:\/\/otmaroc.com\/ar\/product\/dispositif-dentrainement-a-la-reeducation-des-doigts\/","title":{"rendered":"Dispositif d&rsquo;entra\u00eenement \u00e0 la r\u00e9\u00e9ducation des doigts"},"content":{"rendered":"<h3 data-start=\"267\" data-end=\"298\"><strong data-start=\"271\" data-end=\"298\">Description Technique :<\/strong><\/h3>\n<div style=\"width: 720px;\" class=\"wp-video\"><!--[if lt IE 9]><script>document.createElement('video');<\/script><![endif]-->\n<video class=\"wp-video-shortcode\" id=\"video-4211-1\" width=\"720\" height=\"1280\" preload=\"metadata\" controls=\"controls\"><source type=\"video\/mp4\" src=\"https:\/\/otmaroc.com\/wp-content\/uploads\/2025\/03\/RoboRehab-Glove\u2122\ufe0f_-Rehabilitation-Robot-Gloves-for-Stroke-Patients-with-Hand-Dysfunction.mp4?_=1\" \/><a href=\"https:\/\/otmaroc.com\/wp-content\/uploads\/2025\/03\/RoboRehab-Glove\u2122\ufe0f_-Rehabilitation-Robot-Gloves-for-Stroke-Patients-with-Hand-Dysfunction.mp4\">https:\/\/otmaroc.com\/wp-content\/uploads\/2025\/03\/RoboRehab-Glove\u2122\ufe0f_-Rehabilitation-Robot-Gloves-for-Stroke-Patients-with-Hand-Dysfunction.mp4<\/a><\/video><\/div>\n<p data-start=\"299\" data-end=\"1081\">Le <strong data-start=\"302\" data-end=\"359\">dispositif d&rsquo;entra\u00eenement \u00e0 la r\u00e9\u00e9ducation des doigts<\/strong> est un gant robotis\u00e9 innovant con\u00e7u pour aider \u00e0 la r\u00e9\u00e9ducation des mains et des doigts apr\u00e8s un AVC, une blessure ou une chirurgie. Ce gant th\u00e9rapeutique portable est dot\u00e9 de capteurs intelligents qui permettent une r\u00e9\u00e9ducation active et passive, offrant une flexibilit\u00e9 d&rsquo;utilisation \u00e0 domicile ou en clinique. Il stimule les mouvements des doigts, favorisant la r\u00e9cup\u00e9ration de la motricit\u00e9 fine. Ce produit est particuli\u00e8rement adapt\u00e9 pour les patients souffrant de faiblesse musculaire ou de raideur, en aidant \u00e0 am\u00e9liorer la circulation sanguine et la mobilit\u00e9 des articulations. Facile \u00e0 utiliser, l\u00e9ger et ergonomique, ce dispositif est un alli\u00e9 essentiel dans la r\u00e9\u00e9ducation fonctionnelle des membres sup\u00e9rieurs.<\/p>\n<p data-start=\"1110\" data-end=\"1328\">","protected":false},"excerpt":{"rendered":"<p>D\u00e9couvrez le dispositif d&rsquo;entra\u00eenement \u00e0 la r\u00e9\u00e9ducation des doigts, un gant robotis\u00e9 innovant pour la r\u00e9\u00e9ducation apr\u00e8s AVC et blessures. Id\u00e9al pour r\u00e9cup\u00e9rer mobilit\u00e9 et force dans les doigts. Disponible au Maroc.<\/p>","protected":false},"featured_media":4214,"comment_status":"open","ping_status":"closed","template":"","meta":{"_uag_custom_page_level_css":"","site-sidebar-layout":"default","site-content-layout":"","ast-site-content-layout":"default","site-content-style":"default","site-sidebar-style":"default","ast-global-header-display":"","ast-banner-title-visibility":"","ast-main-header-display":"","ast-hfb-above-header-display":"","ast-hfb-below-header-display":"","ast-hfb-mobile-header-display":"","site-post-title":"","ast-breadcrumbs-content":"","ast-featured-img":"","footer-sml-layout":"","theme-transparent-header-meta":"default","adv-header-id-meta":"","stick-header-meta":"","header-above-stick-meta":"","header-main-stick-meta":"","header-below-stick-meta":"","astra-migrate-meta-layouts":"set","ast-page-background-enabled":"default","ast-page-background-meta":{"desktop":{"background-color":"","background-image":"","background-repeat":"repeat","background-position":"center center","background-size":"auto","background-attachment":"scroll","background-type":"","background-media":"","overlay-type":"","overlay-color":"","overlay-opacity":"","overlay-gradient":""},"tablet":{"background-color":"","background-image":"","background-repeat":"repeat","background-position":"center center","background-size":"auto","background-attachment":"scroll","background-type":"","background-media":"","overlay-type":"","overlay-color":"","overlay-opacity":"","overlay-gradient":""},"mobile":{"background-color":"","background-image":"","background-repeat":"repeat","background-position":"center center","background-size":"auto","background-attachment":"scroll","background-type":"","background-media":"","overlay-type":"","overlay-color":"","overlay-opacity":"","overlay-gradient":""}},"ast-content-background-meta":{"desktop":{"background-color":"var(--ast-global-color-5)","background-image":"","background-repeat":"repeat","background-position":"center center","background-size":"auto","background-attachment":"scroll","background-type":"","background-media":"","overlay-type":"","overlay-color":"","overlay-opacity":"","overlay-gradient":""},"tablet":{"background-color":"var(--ast-global-color-5)","background-image":"","background-repeat":"repeat","background-position":"center center","background-size":"auto","background-attachment":"scroll","background-type":"","background-media":"","overlay-type":"","overlay-color":"","overlay-opacity":"","overlay-gradient":""},"mobile":{"background-color":"var(--ast-global-color-5)","background-image":"","background-repeat":"repeat","background-position":"center center","background-size":"auto","background-attachment":"scroll","background-type":"","background-media":"","overlay-type":"","overlay-color":"","overlay-opacity":"","overlay-gradient":""}}},"product_cat":[97,98,78,79,42,54,99,115,100,142,63,114,116],"product_tag":[],"class_list":{"0":"post-4211","1":"product","2":"type-product","3":"status-publish","4":"has-post-thumbnail","6":"product_cat-appareils-machines","7":"product_cat-reeducation-sensori-motrice","8":"product_cat-materiel-de-kinesitherapie","9":"product_cat-materiel-de-psychomotricite","10":"product_cat-materiel-de-reeducation","11":"product_cat-ortheses-attelles","12":"product_cat-reeducation-motrice","13":"product_cat-reeducation-neurologique","14":"product_cat-renforcement-musculaire","15":"product_cat-tous-appareils-machines","16":"product_cat-tous-les-produits","17":"product_cat-tout-le-materiel-de-kinesitherapie","18":"product_cat-tout-le-materiel-de-reeducation","19":"desktop-align-left","20":"tablet-align-left","21":"mobile-align-left","23":"first","24":"outofstock","25":"featured","26":"shipping-taxable","27":"purchasable","28":"product-type-simple"},"yoast_head":"<!-- This site is optimized with the Yoast SEO plugin v23.5 - https:\/\/yoast.com\/wordpress\/plugins\/seo\/ -->\n<title>Dispositif de R\u00e9\u00e9ducation des Doigts (Maroc)<\/title>\n<meta name=\"description\" content=\"D\u00e9couvrez le dispositif d&#039;entra\u00eenement \u00e0 la r\u00e9\u00e9ducation des doigts, un gant robotis\u00e9 innovant pour la r\u00e9\u00e9ducation apr\u00e8s AVC et blessures. Id\u00e9al pour r\u00e9cup\u00e9rer mobilit\u00e9 et force dans les doigts. Disponible au Maroc.\" \/>\n<meta name=\"robots\" content=\"index, follow, max-snippet:-1, max-image-preview:large, max-video-preview:-1\" \/>\n<link rel=\"canonical\" href=\"https:\/\/otmaroc.com\/ar\/product\/dispositif-dentrainement-a-la-reeducation-des-doigts\/\" \/>\n<meta property=\"og:locale\" content=\"ar_AR\" \/>\n<meta property=\"og:type\" content=\"article\" \/>\n<meta property=\"og:title\" content=\"Dispositif de R\u00e9\u00e9ducation des Doigts (Maroc)\" \/>\n<meta property=\"og:description\" content=\"D\u00e9couvrez le dispositif d&#039;entra\u00eenement \u00e0 la r\u00e9\u00e9ducation des doigts, un gant robotis\u00e9 innovant pour la r\u00e9\u00e9ducation apr\u00e8s AVC et blessures. Id\u00e9al pour r\u00e9cup\u00e9rer mobilit\u00e9 et force dans les doigts. Disponible au Maroc.\" \/>\n<meta property=\"og:url\" content=\"https:\/\/otmaroc.com\/ar\/product\/dispositif-dentrainement-a-la-reeducation-des-doigts\/\" \/>\n<meta property=\"og:site_name\" content=\"OTMAROC\" \/>\n<meta property=\"article:publisher\" content=\"https:\/\/www.facebook.com\/profile.php?id=61565107472257\" \/>\n<meta property=\"article:modified_time\" content=\"2025-04-23T11:20:37+00:00\" \/>\n<meta property=\"og:image\" content=\"https:\/\/otmaroc.com\/wp-content\/uploads\/2025\/03\/www.otmaroc.com-0623512008-otmaroc2024@gmail.com-73.png\" \/>\n\t<meta property=\"og:image:width\" content=\"1080\" \/>\n\t<meta property=\"og:image:height\" content=\"1080\" \/>\n\t<meta property=\"og:image:type\" content=\"image\/png\" \/>\n<meta name=\"twitter:card\" content=\"summary_large_image\" \/>\n<meta name=\"twitter:label1\" content=\"\u0648\u0642\u062a \u0627\u0644\u0642\u0631\u0627\u0621\u0629 \u0627\u0644\u0645\u064f\u0642\u062f\u0651\u0631\" \/>\n\t<meta name=\"twitter:data1\" content=\"\u062f\u0642\u064a\u0642\u0629 \u0648\u0627\u062d\u062f\u0629\" \/>\n<script type=\"application\/ld+json\" class=\"yoast-schema-graph\">{\"@context\":\"https:\/\/schema.org\",\"@graph\":[{\"@type\":\"WebPage\",\"@id\":\"https:\/\/otmaroc.com\/product\/dispositif-dentrainement-a-la-reeducation-des-doigts\/\",\"url\":\"https:\/\/otmaroc.com\/product\/dispositif-dentrainement-a-la-reeducation-des-doigts\/\",\"name\":\"Dispositif de R\u00e9\u00e9ducation des Doigts (Maroc)\",\"isPartOf\":{\"@id\":\"https:\/\/otmaroc.com\/#website\"},\"primaryImageOfPage\":{\"@id\":\"https:\/\/otmaroc.com\/product\/dispositif-dentrainement-a-la-reeducation-des-doigts\/#primaryimage\"},\"image\":{\"@id\":\"https:\/\/otmaroc.com\/product\/dispositif-dentrainement-a-la-reeducation-des-doigts\/#primaryimage\"},\"thumbnailUrl\":\"https:\/\/otmaroc.com\/wp-content\/uploads\/2025\/03\/www.otmaroc.com-0623512008-otmaroc2024@gmail.com-73.png\",\"datePublished\":\"2025-03-06T12:46:18+00:00\",\"dateModified\":\"2025-04-23T11:20:37+00:00\",\"description\":\"D\u00e9couvrez le dispositif d'entra\u00eenement \u00e0 la r\u00e9\u00e9ducation des doigts, un gant robotis\u00e9 innovant pour la r\u00e9\u00e9ducation apr\u00e8s AVC et blessures. Id\u00e9al pour r\u00e9cup\u00e9rer mobilit\u00e9 et force dans les doigts. Disponible au Maroc.\",\"breadcrumb\":{\"@id\":\"https:\/\/otmaroc.com\/product\/dispositif-dentrainement-a-la-reeducation-des-doigts\/#breadcrumb\"},\"inLanguage\":\"ar\",\"potentialAction\":[{\"@type\":\"ReadAction\",\"target\":[\"https:\/\/otmaroc.com\/product\/dispositif-dentrainement-a-la-reeducation-des-doigts\/\"]}]},{\"@type\":\"ImageObject\",\"inLanguage\":\"ar\",\"@id\":\"https:\/\/otmaroc.com\/product\/dispositif-dentrainement-a-la-reeducation-des-doigts\/#primaryimage\",\"url\":\"https:\/\/otmaroc.com\/wp-content\/uploads\/2025\/03\/www.otmaroc.com-0623512008-otmaroc2024@gmail.com-73.png\",\"contentUrl\":\"https:\/\/otmaroc.com\/wp-content\/uploads\/2025\/03\/www.otmaroc.com-0623512008-otmaroc2024@gmail.com-73.png\",\"width\":1080,\"height\":1080},{\"@type\":\"BreadcrumbList\",\"@id\":\"https:\/\/otmaroc.com\/product\/dispositif-dentrainement-a-la-reeducation-des-doigts\/#breadcrumb\",\"itemListElement\":[{\"@type\":\"ListItem\",\"position\":1,\"name\":\"Home\",\"item\":\"https:\/\/otmaroc.com\/\"},{\"@type\":\"ListItem\",\"position\":2,\"name\":\"Products\",\"item\":\"https:\/\/otmaroc.com\/store\/\"},{\"@type\":\"ListItem\",\"position\":3,\"name\":\"Dispositif d&rsquo;entra\u00eenement \u00e0 la r\u00e9\u00e9ducation des doigts\"}]},{\"@type\":\"WebSite\",\"@id\":\"https:\/\/otmaroc.com\/#website\",\"url\":\"https:\/\/otmaroc.com\/\",\"name\":\"OTMAROC\",\"description\":\"The number one website in morocco for occupational therapy\",\"publisher\":{\"@id\":\"https:\/\/otmaroc.com\/#organization\"},\"potentialAction\":[{\"@type\":\"SearchAction\",\"target\":{\"@type\":\"EntryPoint\",\"urlTemplate\":\"https:\/\/otmaroc.com\/?s={search_term_string}\"},\"query-input\":{\"@type\":\"PropertyValueSpecification\",\"valueRequired\":true,\"valueName\":\"search_term_string\"}}],\"inLanguage\":\"ar\"},{\"@type\":\"Organization\",\"@id\":\"https:\/\/otmaroc.com\/#organization\",\"name\":\"OTMAROC\",\"url\":\"https:\/\/otmaroc.com\/\",\"logo\":{\"@type\":\"ImageObject\",\"inLanguage\":\"ar\",\"@id\":\"https:\/\/otmaroc.com\/#\/schema\/logo\/image\/\",\"url\":\"https:\/\/otmaroc.com\/wp-content\/uploads\/2024\/08\/cropped-cropped-Black_White_Yellow_Simple_Initial_Name_Logo-removebg-preview-2.png\",\"contentUrl\":\"https:\/\/otmaroc.com\/wp-content\/uploads\/2024\/08\/cropped-cropped-Black_White_Yellow_Simple_Initial_Name_Logo-removebg-preview-2.png\",\"width\":298,\"height\":192,\"caption\":\"OTMAROC\"},\"image\":{\"@id\":\"https:\/\/otmaroc.com\/#\/schema\/logo\/image\/\"},\"sameAs\":[\"https:\/\/www.facebook.com\/profile.php?id=61565107472257\",\"https:\/\/www.instagram.com\/otmaroc2024\/\",\"https:\/\/www.youtube.com\/@othmaneksaibar6763\",\"https:\/\/api.whatsapp.com\/send?phone=2120623512008\"]}]}<\/script>\n<!-- \/ Yoast SEO plugin. -->","yoast_head_json":{"title":"Dispositif de R\u00e9\u00e9ducation des Doigts (Maroc)","description":"D\u00e9couvrez le dispositif d'entra\u00eenement \u00e0 la r\u00e9\u00e9ducation des doigts, un gant robotis\u00e9 innovant pour la r\u00e9\u00e9ducation apr\u00e8s AVC et blessures. Id\u00e9al pour r\u00e9cup\u00e9rer mobilit\u00e9 et force dans les doigts. Disponible au Maroc.","robots":{"index":"index","follow":"follow","max-snippet":"max-snippet:-1","max-image-preview":"max-image-preview:large","max-video-preview":"max-video-preview:-1"},"canonical":"https:\/\/otmaroc.com\/ar\/product\/dispositif-dentrainement-a-la-reeducation-des-doigts\/","og_locale":"ar_AR","og_type":"article","og_title":"Dispositif de R\u00e9\u00e9ducation des Doigts (Maroc)","og_description":"D\u00e9couvrez le dispositif d'entra\u00eenement \u00e0 la r\u00e9\u00e9ducation des doigts, un gant robotis\u00e9 innovant pour la r\u00e9\u00e9ducation apr\u00e8s AVC et blessures. Id\u00e9al pour r\u00e9cup\u00e9rer mobilit\u00e9 et force dans les doigts. Disponible au Maroc.","og_url":"https:\/\/otmaroc.com\/ar\/product\/dispositif-dentrainement-a-la-reeducation-des-doigts\/","og_site_name":"OTMAROC","article_publisher":"https:\/\/www.facebook.com\/profile.php?id=61565107472257","article_modified_time":"2025-04-23T11:20:37+00:00","og_image":[{"width":1080,"height":1080,"url":"https:\/\/otmaroc.com\/wp-content\/uploads\/2025\/03\/www.otmaroc.com-0623512008-otmaroc2024@gmail.com-73.png","type":"image\/png"}],"twitter_card":"summary_large_image","twitter_misc":{"\u0648\u0642\u062a \u0627\u0644\u0642\u0631\u0627\u0621\u0629 \u0627\u0644\u0645\u064f\u0642\u062f\u0651\u0631":"\u062f\u0642\u064a\u0642\u0629 \u0648\u0627\u062d\u062f\u0629"},"schema":{"@context":"https:\/\/schema.org","@graph":[{"@type":"WebPage","@id":"https:\/\/otmaroc.com\/product\/dispositif-dentrainement-a-la-reeducation-des-doigts\/","url":"https:\/\/otmaroc.com\/product\/dispositif-dentrainement-a-la-reeducation-des-doigts\/","name":"Dispositif de R\u00e9\u00e9ducation des Doigts (Maroc)","isPartOf":{"@id":"https:\/\/otmaroc.com\/#website"},"primaryImageOfPage":{"@id":"https:\/\/otmaroc.com\/product\/dispositif-dentrainement-a-la-reeducation-des-doigts\/#primaryimage"},"image":{"@id":"https:\/\/otmaroc.com\/product\/dispositif-dentrainement-a-la-reeducation-des-doigts\/#primaryimage"},"thumbnailUrl":"https:\/\/otmaroc.com\/wp-content\/uploads\/2025\/03\/www.otmaroc.com-0623512008-otmaroc2024@gmail.com-73.png","datePublished":"2025-03-06T12:46:18+00:00","dateModified":"2025-04-23T11:20:37+00:00","description":"D\u00e9couvrez le dispositif d'entra\u00eenement \u00e0 la r\u00e9\u00e9ducation des doigts, un gant robotis\u00e9 innovant pour la r\u00e9\u00e9ducation apr\u00e8s AVC et blessures. Id\u00e9al pour r\u00e9cup\u00e9rer mobilit\u00e9 et force dans les doigts. Disponible au Maroc.","breadcrumb":{"@id":"https:\/\/otmaroc.com\/product\/dispositif-dentrainement-a-la-reeducation-des-doigts\/#breadcrumb"},"inLanguage":"ar","potentialAction":[{"@type":"ReadAction","target":["https:\/\/otmaroc.com\/product\/dispositif-dentrainement-a-la-reeducation-des-doigts\/"]}]},{"@type":"ImageObject","inLanguage":"ar","@id":"https:\/\/otmaroc.com\/product\/dispositif-dentrainement-a-la-reeducation-des-doigts\/#primaryimage","url":"https:\/\/otmaroc.com\/wp-content\/uploads\/2025\/03\/www.otmaroc.com-0623512008-otmaroc2024@gmail.com-73.png","contentUrl":"https:\/\/otmaroc.com\/wp-content\/uploads\/2025\/03\/www.otmaroc.com-0623512008-otmaroc2024@gmail.com-73.png","width":1080,"height":1080},{"@type":"BreadcrumbList","@id":"https:\/\/otmaroc.com\/product\/dispositif-dentrainement-a-la-reeducation-des-doigts\/#breadcrumb","itemListElement":[{"@type":"ListItem","position":1,"name":"Home","item":"https:\/\/otmaroc.com\/"},{"@type":"ListItem","position":2,"name":"Products","item":"https:\/\/otmaroc.com\/store\/"},{"@type":"ListItem","position":3,"name":"Dispositif d&rsquo;entra\u00eenement \u00e0 la r\u00e9\u00e9ducation des doigts"}]},{"@type":"WebSite","@id":"https:\/\/otmaroc.com\/#website","url":"https:\/\/otmaroc.com\/","name":"OTMAROC","description":"The number one website in morocco for occupational therapy","publisher":{"@id":"https:\/\/otmaroc.com\/#organization"},"potentialAction":[{"@type":"SearchAction","target":{"@type":"EntryPoint","urlTemplate":"https:\/\/otmaroc.com\/?s={search_term_string}"},"query-input":{"@type":"PropertyValueSpecification","valueRequired":true,"valueName":"search_term_string"}}],"inLanguage":"ar"},{"@type":"Organization","@id":"https:\/\/otmaroc.com\/#organization","name":"OTMAROC","url":"https:\/\/otmaroc.com\/","logo":{"@type":"ImageObject","inLanguage":"ar","@id":"https:\/\/otmaroc.com\/#\/schema\/logo\/image\/","url":"https:\/\/otmaroc.com\/wp-content\/uploads\/2024\/08\/cropped-cropped-Black_White_Yellow_Simple_Initial_Name_Logo-removebg-preview-2.png","contentUrl":"https:\/\/otmaroc.com\/wp-content\/uploads\/2024\/08\/cropped-cropped-Black_White_Yellow_Simple_Initial_Name_Logo-removebg-preview-2.png","width":298,"height":192,"caption":"OTMAROC"},"image":{"@id":"https:\/\/otmaroc.com\/#\/schema\/logo\/image\/"},"sameAs":["https:\/\/www.facebook.com\/profile.php?id=61565107472257","https:\/\/www.instagram.com\/otmaroc2024\/","https:\/\/www.youtube.com\/@othmaneksaibar6763","https:\/\/api.whatsapp.com\/send?phone=2120623512008"]}]}},"uagb_featured_image_src":{"full":["https:\/\/otmaroc.com\/wp-content\/uploads\/2025\/03\/www.otmaroc.com-0623512008-otmaroc2024@gmail.com-73.png",1080,1080,false],"thumbnail":["https:\/\/otmaroc.com\/wp-content\/uploads\/2025\/03\/www.otmaroc.com-0623512008-otmaroc2024@gmail.com-73-150x150.png",150,150,true],"medium":["https:\/\/otmaroc.com\/wp-content\/uploads\/2025\/03\/www.otmaroc.com-0623512008-otmaroc2024@gmail.com-73-300x300.png",300,300,true],"medium_large":["https:\/\/otmaroc.com\/wp-content\/uploads\/2025\/03\/www.otmaroc.com-0623512008-otmaroc2024@gmail.com-73-768x768.png",768,768,true],"large":["https:\/\/otmaroc.com\/wp-content\/uploads\/2025\/03\/www.otmaroc.com-0623512008-otmaroc2024@gmail.com-73-1024x1024.png",1024,1024,true],"1536x1536":["https:\/\/otmaroc.com\/wp-content\/uploads\/2025\/03\/www.otmaroc.com-0623512008-otmaroc2024@gmail.com-73.png",1080,1080,false],"2048x2048":["https:\/\/otmaroc.com\/wp-content\/uploads\/2025\/03\/www.otmaroc.com-0623512008-otmaroc2024@gmail.com-73.png",1080,1080,false],"trp-custom-language-flag":["https:\/\/otmaroc.com\/wp-content\/uploads\/2025\/03\/www.otmaroc.com-0623512008-otmaroc2024@gmail.com-73-12x12.png",12,12,true],"woocommerce_thumbnail":["https:\/\/otmaroc.com\/wp-content\/uploads\/2025\/03\/www.otmaroc.com-0623512008-otmaroc2024@gmail.com-73-300x300.png",300,300,true],"woocommerce_single":["https:\/\/otmaroc.com\/wp-content\/uploads\/2025\/03\/www.otmaroc.com-0623512008-otmaroc2024@gmail.com-73-600x600.png",600,600,true],"woocommerce_gallery_thumbnail":["https:\/\/otmaroc.com\/wp-content\/uploads\/2025\/03\/www.otmaroc.com-0623512008-otmaroc2024@gmail.com-73-100x100.png",100,100,true],"dgwt-wcas-product-suggestion":["https:\/\/otmaroc.com\/wp-content\/uploads\/2025\/03\/www.otmaroc.com-0623512008-otmaroc2024@gmail.com-73-64x64.png",64,64,true]},"uagb_author_info":{"display_name":"othmane iptv","author_link":"https:\/\/otmaroc.com\/ar\/author\/"},"uagb_comment_info":1,"uagb_excerpt":"D\u00e9couvrez le dispositif d'entra\u00eenement \u00e0 la r\u00e9\u00e9ducation des doigts, un gant robotis\u00e9 innovant pour la r\u00e9\u00e9ducation apr\u00e8s AVC et blessures. Id\u00e9al pour r\u00e9cup\u00e9rer mobilit\u00e9 et force dans les doigts. Disponible au Maroc.","jetpack_sharing_enabled":true,"_links":{"self":[{"href":"https:\/\/otmaroc.com\/ar\/wp-json\/wp\/v2\/product\/4211"}],"collection":[{"href":"https:\/\/otmaroc.com\/ar\/wp-json\/wp\/v2\/product"}],"about":[{"href":"https:\/\/otmaroc.com\/ar\/wp-json\/wp\/v2\/types\/product"}],"replies":[{"embeddable":true,"href":"https:\/\/otmaroc.com\/ar\/wp-json\/wp\/v2\/comments?post=4211"}],"wp:featuredmedia":[{"embeddable":true,"href":"https:\/\/otmaroc.com\/ar\/wp-json\/wp\/v2\/media\/4214"}],"wp:attachment":[{"href":"https:\/\/otmaroc.com\/ar\/wp-json\/wp\/v2\/media?parent=4211"}],"wp:term":[{"taxonomy":"product_cat","embeddable":true,"href":"https:\/\/otmaroc.com\/ar\/wp-json\/wp\/v2\/product_cat?post=4211"},{"taxonomy":"product_tag","embeddable":true,"href":"https:\/\/otmaroc.com\/ar\/wp-json\/wp\/v2\/product_tag?post=4211"}],"curies":[{"name":"wp","href":"https:\/\/api.w.org\/{rel}","templated":true}]}}