{"id":4203,"date":"2025-03-04T14:35:23","date_gmt":"2025-03-04T14:35:23","guid":{"rendered":"https:\/\/otmaroc.com\/?post_type=product&#038;p=4203"},"modified":"2025-03-05T22:30:43","modified_gmt":"2025-03-05T22:30:43","slug":"geoboard-montessori-2-en-1-chiffres-et-lettres-clous-et-elastiques-avec-cartes-modele","status":"publish","type":"product","link":"https:\/\/otmaroc.com\/ar\/product\/geoboard-montessori-2-en-1-chiffres-et-lettres-clous-et-elastiques-avec-cartes-modele\/","title":{"rendered":"G\u00e9oboard Montessori 2 en 1 : chiffres et lettres Clous et \u00c9lastiques avec cartes mod\u00e8le."},"content":{"rendered":"<p>&nbsp;<\/p>\n<p>Offrez \u00e0 votre enfant un jeu \u00e9ducatif captivant avec le <strong>g\u00e9oboard Montessori en bois rectangulaire<\/strong>. Ce jeu inclut une section \u00e9quip\u00e9e de piquets et d&rsquo;\u00e9lastiques, ainsi que des pi\u00e8ces en bois multicolores, permettant \u00e0 votre enfant de cr\u00e9er des lettres, des chiffres et divers motifs. Un moyen ludique et cr\u00e9atif pour d\u00e9velopper des comp\u00e9tences essentielles tout en s\u2019amusant !<\/p>\n<p>Le g\u00e9oboard Montessori est con\u00e7u pour \u00e9veiller la curiosit\u00e9 des enfants, tout en favorisant le d\u00e9veloppement de leur imagination, leur dext\u00e9rit\u00e9 manuelle et leur concentration. Il est id\u00e9al pour apprendre les formes g\u00e9om\u00e9triques simples, l\u2019alphabet, les chiffres, ainsi que des concepts plus avanc\u00e9s tels que la sym\u00e9trie, les angles et les suites logiques.<\/p>\n<p><strong>Bienfaits \u00e9ducatifs :<\/strong><\/p>\n<ul>\n<li><strong>Stimuler la motricit\u00e9 fine :<\/strong> Ce jeu aide \u00e0 renforcer la coordination main-\u0153il et am\u00e9liore la pr\u00e9cision des mouvements.<\/li>\n<li><strong>D\u00e9velopper le sens de l\u2019observation et la concentration :<\/strong> Encourage la r\u00e9flexion et la patience pour cr\u00e9er des formes, des lettres et des chiffres.<\/li>\n<li><strong>Am\u00e9liorer les comp\u00e9tences de r\u00e9solution de probl\u00e8mes :<\/strong> Le g\u00e9oboard permet de comprendre des concepts tels que le la\u00e7age, les syst\u00e8mes d&rsquo;enfilage et la cr\u00e9ation de motifs.<\/li>\n<li><strong>Enrichir le vocabulaire et l\u2019imagination :<\/strong> Favorise l\u2019apprentissage des lettres, des chiffres et des formes tout en stimulant la cr\u00e9ativit\u00e9 et l\u2019imagination des enfants.<\/li>\n<\/ul>\n<p>Besoin d\u2019inspiration ? Consultez notre guide sur les bienfaits des jeux Montessori pour en savoir plus sur leur impact positif sur le d\u00e9veloppement des enfants.<\/p>\n<p><strong>Caract\u00e9ristiques du G\u00e9oboard Montessori Clous et \u00c9lastiques &amp; Cartes mod\u00e8le :<\/strong><\/p>\n<ul>\n<li><strong>\u00c2ge recommand\u00e9 :<\/strong> \u00c0 partir de 3 ans<\/li>\n<li><strong>Dimensions :<\/strong> 24 x 15 x 1,5 cm<\/li>\n<li><strong>Contenu :<\/strong>\n<ul>\n<li>1 plateau en bois<\/li>\n<li>1 feutre effa\u00e7able<\/li>\n<li>1 affiche effa\u00e7able<\/li>\n<li>20 cartes recto verso (10,5 cm x 5,5 cm)<\/li>\n<li>50 \u00e9lastiques de diff\u00e9rentes tailles<\/li>\n<li>27 barrettes en bois de tailles et couleurs vari\u00e9es<\/li>\n<\/ul>\n<\/li>\n<\/ul>\n<p>&nbsp;<\/p>\n<p>&nbsp;<\/p>","protected":false},"excerpt":{"rendered":"<p>Ce g\u00e9oboard Montessori est un excellent outil \u00e9ducatif pour encourager l&rsquo;apprentissage actif et stimulant de votre enfant, tout en d\u00e9veloppant des comp\u00e9tences pr\u00e9cieuses pour son d\u00e9veloppement global.<\/p>","protected":false},"featured_media":4206,"comment_status":"open","ping_status":"closed","template":"","meta":{"_uag_custom_page_level_css":"","site-sidebar-layout":"default","site-content-layout":"","ast-site-content-layout":"default","site-content-style":"default","site-sidebar-style":"default","ast-global-header-display":"","ast-banner-title-visibility":"","ast-main-header-display":"","ast-hfb-above-header-display":"","ast-hfb-below-header-display":"","ast-hfb-mobile-header-display":"","site-post-title":"","ast-breadcrumbs-content":"","ast-featured-img":"","footer-sml-layout":"","theme-transparent-header-meta":"default","adv-header-id-meta":"","stick-header-meta":"","header-above-stick-meta":"","header-main-stick-meta":"","header-below-stick-meta":"","astra-migrate-meta-layouts":"set","ast-page-background-enabled":"default","ast-page-background-meta":{"desktop":{"background-color":"","background-image":"","background-repeat":"repeat","background-position":"center center","background-size":"auto","background-attachment":"scroll","background-type":"","background-media":"","overlay-type":"","overlay-color":"","overlay-opacity":"","overlay-gradient":""},"tablet":{"background-color":"","background-image":"","background-repeat":"repeat","background-position":"center center","background-size":"auto","background-attachment":"scroll","background-type":"","background-media":"","overlay-type":"","overlay-color":"","overlay-opacity":"","overlay-gradient":""},"mobile":{"background-color":"","background-image":"","background-repeat":"repeat","background-position":"center center","background-size":"auto","background-attachment":"scroll","background-type":"","background-media":"","overlay-type":"","overlay-color":"","overlay-opacity":"","overlay-gradient":""}},"ast-content-background-meta":{"desktop":{"background-color":"var(--ast-global-color-5)","background-image":"","background-repeat":"repeat","background-position":"center center","background-size":"auto","background-attachment":"scroll","background-type":"","background-media":"","overlay-type":"","overlay-color":"","overlay-opacity":"","overlay-gradient":""},"tablet":{"background-color":"var(--ast-global-color-5)","background-image":"","background-repeat":"repeat","background-position":"center center","background-size":"auto","background-attachment":"scroll","background-type":"","background-media":"","overlay-type":"","overlay-color":"","overlay-opacity":"","overlay-gradient":""},"mobile":{"background-color":"var(--ast-global-color-5)","background-image":"","background-repeat":"repeat","background-position":"center center","background-size":"auto","background-attachment":"scroll","background-type":"","background-media":"","overlay-type":"","overlay-color":"","overlay-opacity":"","overlay-gradient":""}}},"product_cat":[92,94,147,52,80,79,103,63],"product_tag":[],"class_list":{"0":"post-4203","1":"product","2":"type-product","3":"status-publish","4":"has-post-thumbnail","6":"product_cat-apprentissage","7":"product_cat-creativite","8":"product_cat-ecriture","9":"product_cat-jouets-de-therapie-au-maroc","10":"product_cat-materiel-de-orthophonie","11":"product_cat-materiel-de-psychomotricite","12":"product_cat-tous-les-jeux-educatifs-et-therapeutiques","13":"product_cat-tous-les-produits","14":"desktop-align-left","15":"tablet-align-left","16":"mobile-align-left","18":"first","19":"instock","20":"shipping-taxable","21":"purchasable","22":"product-type-simple"},"yoast_head":"<!-- This site is optimized with the Yoast SEO plugin v23.5 - https:\/\/yoast.com\/wordpress\/plugins\/seo\/ -->\n<title>Geoboard Montessori 2-en-1 au Maroc<\/title>\n<meta name=\"description\" content=\"Apprenez les chiffres et les lettres de mani\u00e8re ludique avec ce Geoboard Montessori 2-en-1. Jeu \u00e9ducatif avec clous et \u00e9lastiques, id\u00e9al pour la motricit\u00e9 fine. au Maroc.\" \/>\n<meta name=\"robots\" content=\"index, follow, max-snippet:-1, max-image-preview:large, max-video-preview:-1\" \/>\n<link rel=\"canonical\" href=\"https:\/\/otmaroc.com\/ar\/product\/geoboard-montessori-2-en-1-chiffres-et-lettres-clous-et-elastiques-avec-cartes-modele\/\" \/>\n<meta property=\"og:locale\" content=\"ar_AR\" \/>\n<meta property=\"og:type\" content=\"article\" \/>\n<meta property=\"og:title\" content=\"Geoboard Montessori 2-en-1 au Maroc\" \/>\n<meta property=\"og:description\" content=\"Apprenez les chiffres et les lettres de mani\u00e8re ludique avec ce Geoboard Montessori 2-en-1. Jeu \u00e9ducatif avec clous et \u00e9lastiques, id\u00e9al pour la motricit\u00e9 fine. au Maroc.\" \/>\n<meta property=\"og:url\" content=\"https:\/\/otmaroc.com\/ar\/product\/geoboard-montessori-2-en-1-chiffres-et-lettres-clous-et-elastiques-avec-cartes-modele\/\" \/>\n<meta property=\"og:site_name\" content=\"OTMAROC\" \/>\n<meta property=\"article:publisher\" content=\"https:\/\/www.facebook.com\/profile.php?id=61565107472257\" \/>\n<meta property=\"article:modified_time\" content=\"2025-03-05T22:30:43+00:00\" \/>\n<meta property=\"og:image\" content=\"https:\/\/otmaroc.com\/wp-content\/uploads\/2025\/03\/www.otmaroc.com-0623512008-otmaroc2024@gmail.com-71.png\" \/>\n\t<meta property=\"og:image:width\" content=\"1080\" \/>\n\t<meta property=\"og:image:height\" content=\"1080\" \/>\n\t<meta property=\"og:image:type\" content=\"image\/png\" \/>\n<meta name=\"twitter:card\" content=\"summary_large_image\" \/>\n<meta name=\"twitter:label1\" content=\"\u0648\u0642\u062a \u0627\u0644\u0642\u0631\u0627\u0621\u0629 \u0627\u0644\u0645\u064f\u0642\u062f\u0651\u0631\" \/>\n\t<meta name=\"twitter:data1\" content=\"\u062f\u0642\u064a\u0642\u062a\u0627\u0646\" \/>\n<script type=\"application\/ld+json\" class=\"yoast-schema-graph\">{\"@context\":\"https:\/\/schema.org\",\"@graph\":[{\"@type\":\"WebPage\",\"@id\":\"https:\/\/otmaroc.com\/product\/geoboard-montessori-2-en-1-chiffres-et-lettres-clous-et-elastiques-avec-cartes-modele\/\",\"url\":\"https:\/\/otmaroc.com\/product\/geoboard-montessori-2-en-1-chiffres-et-lettres-clous-et-elastiques-avec-cartes-modele\/\",\"name\":\"Geoboard Montessori 2-en-1 au Maroc\",\"isPartOf\":{\"@id\":\"https:\/\/otmaroc.com\/#website\"},\"primaryImageOfPage\":{\"@id\":\"https:\/\/otmaroc.com\/product\/geoboard-montessori-2-en-1-chiffres-et-lettres-clous-et-elastiques-avec-cartes-modele\/#primaryimage\"},\"image\":{\"@id\":\"https:\/\/otmaroc.com\/product\/geoboard-montessori-2-en-1-chiffres-et-lettres-clous-et-elastiques-avec-cartes-modele\/#primaryimage\"},\"thumbnailUrl\":\"https:\/\/otmaroc.com\/wp-content\/uploads\/2025\/03\/www.otmaroc.com-0623512008-otmaroc2024@gmail.com-71.png\",\"datePublished\":\"2025-03-04T14:35:23+00:00\",\"dateModified\":\"2025-03-05T22:30:43+00:00\",\"description\":\"Apprenez les chiffres et les lettres de mani\u00e8re ludique avec ce Geoboard Montessori 2-en-1. Jeu \u00e9ducatif avec clous et \u00e9lastiques, id\u00e9al pour la motricit\u00e9 fine. au Maroc.\",\"breadcrumb\":{\"@id\":\"https:\/\/otmaroc.com\/product\/geoboard-montessori-2-en-1-chiffres-et-lettres-clous-et-elastiques-avec-cartes-modele\/#breadcrumb\"},\"inLanguage\":\"ar\",\"potentialAction\":[{\"@type\":\"ReadAction\",\"target\":[\"https:\/\/otmaroc.com\/product\/geoboard-montessori-2-en-1-chiffres-et-lettres-clous-et-elastiques-avec-cartes-modele\/\"]}]},{\"@type\":\"ImageObject\",\"inLanguage\":\"ar\",\"@id\":\"https:\/\/otmaroc.com\/product\/geoboard-montessori-2-en-1-chiffres-et-lettres-clous-et-elastiques-avec-cartes-modele\/#primaryimage\",\"url\":\"https:\/\/otmaroc.com\/wp-content\/uploads\/2025\/03\/www.otmaroc.com-0623512008-otmaroc2024@gmail.com-71.png\",\"contentUrl\":\"https:\/\/otmaroc.com\/wp-content\/uploads\/2025\/03\/www.otmaroc.com-0623512008-otmaroc2024@gmail.com-71.png\",\"width\":1080,\"height\":1080},{\"@type\":\"BreadcrumbList\",\"@id\":\"https:\/\/otmaroc.com\/product\/geoboard-montessori-2-en-1-chiffres-et-lettres-clous-et-elastiques-avec-cartes-modele\/#breadcrumb\",\"itemListElement\":[{\"@type\":\"ListItem\",\"position\":1,\"name\":\"Home\",\"item\":\"https:\/\/otmaroc.com\/\"},{\"@type\":\"ListItem\",\"position\":2,\"name\":\"Products\",\"item\":\"https:\/\/otmaroc.com\/store\/\"},{\"@type\":\"ListItem\",\"position\":3,\"name\":\"G\u00e9oboard Montessori 2 en 1 : chiffres et lettres Clous et \u00c9lastiques avec cartes mod\u00e8le.\"}]},{\"@type\":\"WebSite\",\"@id\":\"https:\/\/otmaroc.com\/#website\",\"url\":\"https:\/\/otmaroc.com\/\",\"name\":\"OTMAROC\",\"description\":\"The number one website in morocco for occupational therapy\",\"publisher\":{\"@id\":\"https:\/\/otmaroc.com\/#organization\"},\"potentialAction\":[{\"@type\":\"SearchAction\",\"target\":{\"@type\":\"EntryPoint\",\"urlTemplate\":\"https:\/\/otmaroc.com\/?s={search_term_string}\"},\"query-input\":{\"@type\":\"PropertyValueSpecification\",\"valueRequired\":true,\"valueName\":\"search_term_string\"}}],\"inLanguage\":\"ar\"},{\"@type\":\"Organization\",\"@id\":\"https:\/\/otmaroc.com\/#organization\",\"name\":\"OTMAROC\",\"url\":\"https:\/\/otmaroc.com\/\",\"logo\":{\"@type\":\"ImageObject\",\"inLanguage\":\"ar\",\"@id\":\"https:\/\/otmaroc.com\/#\/schema\/logo\/image\/\",\"url\":\"https:\/\/otmaroc.com\/wp-content\/uploads\/2024\/08\/cropped-cropped-Black_White_Yellow_Simple_Initial_Name_Logo-removebg-preview-2.png\",\"contentUrl\":\"https:\/\/otmaroc.com\/wp-content\/uploads\/2024\/08\/cropped-cropped-Black_White_Yellow_Simple_Initial_Name_Logo-removebg-preview-2.png\",\"width\":298,\"height\":192,\"caption\":\"OTMAROC\"},\"image\":{\"@id\":\"https:\/\/otmaroc.com\/#\/schema\/logo\/image\/\"},\"sameAs\":[\"https:\/\/www.facebook.com\/profile.php?id=61565107472257\",\"https:\/\/www.instagram.com\/otmaroc2024\/\",\"https:\/\/www.youtube.com\/@othmaneksaibar6763\",\"https:\/\/api.whatsapp.com\/send?phone=2120623512008\"]}]}<\/script>\n<!-- \/ Yoast SEO plugin. -->","yoast_head_json":{"title":"Geoboard Montessori 2-en-1 au Maroc","description":"Apprenez les chiffres et les lettres de mani\u00e8re ludique avec ce Geoboard Montessori 2-en-1. Jeu \u00e9ducatif avec clous et \u00e9lastiques, id\u00e9al pour la motricit\u00e9 fine. au Maroc.","robots":{"index":"index","follow":"follow","max-snippet":"max-snippet:-1","max-image-preview":"max-image-preview:large","max-video-preview":"max-video-preview:-1"},"canonical":"https:\/\/otmaroc.com\/ar\/product\/geoboard-montessori-2-en-1-chiffres-et-lettres-clous-et-elastiques-avec-cartes-modele\/","og_locale":"ar_AR","og_type":"article","og_title":"Geoboard Montessori 2-en-1 au Maroc","og_description":"Apprenez les chiffres et les lettres de mani\u00e8re ludique avec ce Geoboard Montessori 2-en-1. Jeu \u00e9ducatif avec clous et \u00e9lastiques, id\u00e9al pour la motricit\u00e9 fine. au Maroc.","og_url":"https:\/\/otmaroc.com\/ar\/product\/geoboard-montessori-2-en-1-chiffres-et-lettres-clous-et-elastiques-avec-cartes-modele\/","og_site_name":"OTMAROC","article_publisher":"https:\/\/www.facebook.com\/profile.php?id=61565107472257","article_modified_time":"2025-03-05T22:30:43+00:00","og_image":[{"width":1080,"height":1080,"url":"https:\/\/otmaroc.com\/wp-content\/uploads\/2025\/03\/www.otmaroc.com-0623512008-otmaroc2024@gmail.com-71.png","type":"image\/png"}],"twitter_card":"summary_large_image","twitter_misc":{"\u0648\u0642\u062a \u0627\u0644\u0642\u0631\u0627\u0621\u0629 \u0627\u0644\u0645\u064f\u0642\u062f\u0651\u0631":"\u062f\u0642\u064a\u0642\u062a\u0627\u0646"},"schema":{"@context":"https:\/\/schema.org","@graph":[{"@type":"WebPage","@id":"https:\/\/otmaroc.com\/product\/geoboard-montessori-2-en-1-chiffres-et-lettres-clous-et-elastiques-avec-cartes-modele\/","url":"https:\/\/otmaroc.com\/product\/geoboard-montessori-2-en-1-chiffres-et-lettres-clous-et-elastiques-avec-cartes-modele\/","name":"Geoboard Montessori 2-en-1 au Maroc","isPartOf":{"@id":"https:\/\/otmaroc.com\/#website"},"primaryImageOfPage":{"@id":"https:\/\/otmaroc.com\/product\/geoboard-montessori-2-en-1-chiffres-et-lettres-clous-et-elastiques-avec-cartes-modele\/#primaryimage"},"image":{"@id":"https:\/\/otmaroc.com\/product\/geoboard-montessori-2-en-1-chiffres-et-lettres-clous-et-elastiques-avec-cartes-modele\/#primaryimage"},"thumbnailUrl":"https:\/\/otmaroc.com\/wp-content\/uploads\/2025\/03\/www.otmaroc.com-0623512008-otmaroc2024@gmail.com-71.png","datePublished":"2025-03-04T14:35:23+00:00","dateModified":"2025-03-05T22:30:43+00:00","description":"Apprenez les chiffres et les lettres de mani\u00e8re ludique avec ce Geoboard Montessori 2-en-1. Jeu \u00e9ducatif avec clous et \u00e9lastiques, id\u00e9al pour la motricit\u00e9 fine. au Maroc.","breadcrumb":{"@id":"https:\/\/otmaroc.com\/product\/geoboard-montessori-2-en-1-chiffres-et-lettres-clous-et-elastiques-avec-cartes-modele\/#breadcrumb"},"inLanguage":"ar","potentialAction":[{"@type":"ReadAction","target":["https:\/\/otmaroc.com\/product\/geoboard-montessori-2-en-1-chiffres-et-lettres-clous-et-elastiques-avec-cartes-modele\/"]}]},{"@type":"ImageObject","inLanguage":"ar","@id":"https:\/\/otmaroc.com\/product\/geoboard-montessori-2-en-1-chiffres-et-lettres-clous-et-elastiques-avec-cartes-modele\/#primaryimage","url":"https:\/\/otmaroc.com\/wp-content\/uploads\/2025\/03\/www.otmaroc.com-0623512008-otmaroc2024@gmail.com-71.png","contentUrl":"https:\/\/otmaroc.com\/wp-content\/uploads\/2025\/03\/www.otmaroc.com-0623512008-otmaroc2024@gmail.com-71.png","width":1080,"height":1080},{"@type":"BreadcrumbList","@id":"https:\/\/otmaroc.com\/product\/geoboard-montessori-2-en-1-chiffres-et-lettres-clous-et-elastiques-avec-cartes-modele\/#breadcrumb","itemListElement":[{"@type":"ListItem","position":1,"name":"Home","item":"https:\/\/otmaroc.com\/"},{"@type":"ListItem","position":2,"name":"Products","item":"https:\/\/otmaroc.com\/store\/"},{"@type":"ListItem","position":3,"name":"G\u00e9oboard Montessori 2 en 1 : chiffres et lettres Clous et \u00c9lastiques avec cartes mod\u00e8le."}]},{"@type":"WebSite","@id":"https:\/\/otmaroc.com\/#website","url":"https:\/\/otmaroc.com\/","name":"OTMAROC","description":"The number one website in morocco for occupational therapy","publisher":{"@id":"https:\/\/otmaroc.com\/#organization"},"potentialAction":[{"@type":"SearchAction","target":{"@type":"EntryPoint","urlTemplate":"https:\/\/otmaroc.com\/?s={search_term_string}"},"query-input":{"@type":"PropertyValueSpecification","valueRequired":true,"valueName":"search_term_string"}}],"inLanguage":"ar"},{"@type":"Organization","@id":"https:\/\/otmaroc.com\/#organization","name":"OTMAROC","url":"https:\/\/otmaroc.com\/","logo":{"@type":"ImageObject","inLanguage":"ar","@id":"https:\/\/otmaroc.com\/#\/schema\/logo\/image\/","url":"https:\/\/otmaroc.com\/wp-content\/uploads\/2024\/08\/cropped-cropped-Black_White_Yellow_Simple_Initial_Name_Logo-removebg-preview-2.png","contentUrl":"https:\/\/otmaroc.com\/wp-content\/uploads\/2024\/08\/cropped-cropped-Black_White_Yellow_Simple_Initial_Name_Logo-removebg-preview-2.png","width":298,"height":192,"caption":"OTMAROC"},"image":{"@id":"https:\/\/otmaroc.com\/#\/schema\/logo\/image\/"},"sameAs":["https:\/\/www.facebook.com\/profile.php?id=61565107472257","https:\/\/www.instagram.com\/otmaroc2024\/","https:\/\/www.youtube.com\/@othmaneksaibar6763","https:\/\/api.whatsapp.com\/send?phone=2120623512008"]}]}},"uagb_featured_image_src":{"full":["https:\/\/otmaroc.com\/wp-content\/uploads\/2025\/03\/www.otmaroc.com-0623512008-otmaroc2024@gmail.com-71.png",1080,1080,false],"thumbnail":["https:\/\/otmaroc.com\/wp-content\/uploads\/2025\/03\/www.otmaroc.com-0623512008-otmaroc2024@gmail.com-71-150x150.png",150,150,true],"medium":["https:\/\/otmaroc.com\/wp-content\/uploads\/2025\/03\/www.otmaroc.com-0623512008-otmaroc2024@gmail.com-71-300x300.png",300,300,true],"medium_large":["https:\/\/otmaroc.com\/wp-content\/uploads\/2025\/03\/www.otmaroc.com-0623512008-otmaroc2024@gmail.com-71-768x768.png",768,768,true],"large":["https:\/\/otmaroc.com\/wp-content\/uploads\/2025\/03\/www.otmaroc.com-0623512008-otmaroc2024@gmail.com-71-1024x1024.png",1024,1024,true],"1536x1536":["https:\/\/otmaroc.com\/wp-content\/uploads\/2025\/03\/www.otmaroc.com-0623512008-otmaroc2024@gmail.com-71.png",1080,1080,false],"2048x2048":["https:\/\/otmaroc.com\/wp-content\/uploads\/2025\/03\/www.otmaroc.com-0623512008-otmaroc2024@gmail.com-71.png",1080,1080,false],"trp-custom-language-flag":["https:\/\/otmaroc.com\/wp-content\/uploads\/2025\/03\/www.otmaroc.com-0623512008-otmaroc2024@gmail.com-71-12x12.png",12,12,true],"woocommerce_thumbnail":["https:\/\/otmaroc.com\/wp-content\/uploads\/2025\/03\/www.otmaroc.com-0623512008-otmaroc2024@gmail.com-71-300x300.png",300,300,true],"woocommerce_single":["https:\/\/otmaroc.com\/wp-content\/uploads\/2025\/03\/www.otmaroc.com-0623512008-otmaroc2024@gmail.com-71-600x600.png",600,600,true],"woocommerce_gallery_thumbnail":["https:\/\/otmaroc.com\/wp-content\/uploads\/2025\/03\/www.otmaroc.com-0623512008-otmaroc2024@gmail.com-71-100x100.png",100,100,true],"dgwt-wcas-product-suggestion":["https:\/\/otmaroc.com\/wp-content\/uploads\/2025\/03\/www.otmaroc.com-0623512008-otmaroc2024@gmail.com-71-64x64.png",64,64,true]},"uagb_author_info":{"display_name":"othmane iptv","author_link":"https:\/\/otmaroc.com\/ar\/author\/"},"uagb_comment_info":0,"uagb_excerpt":"Ce g\u00e9oboard Montessori est un excellent outil \u00e9ducatif pour encourager l'apprentissage actif et stimulant de votre enfant, tout en d\u00e9veloppant des comp\u00e9tences pr\u00e9cieuses pour son d\u00e9veloppement global.","jetpack_sharing_enabled":true,"_links":{"self":[{"href":"https:\/\/otmaroc.com\/ar\/wp-json\/wp\/v2\/product\/4203"}],"collection":[{"href":"https:\/\/otmaroc.com\/ar\/wp-json\/wp\/v2\/product"}],"about":[{"href":"https:\/\/otmaroc.com\/ar\/wp-json\/wp\/v2\/types\/product"}],"replies":[{"embeddable":true,"href":"https:\/\/otmaroc.com\/ar\/wp-json\/wp\/v2\/comments?post=4203"}],"wp:featuredmedia":[{"embeddable":true,"href":"https:\/\/otmaroc.com\/ar\/wp-json\/wp\/v2\/media\/4206"}],"wp:attachment":[{"href":"https:\/\/otmaroc.com\/ar\/wp-json\/wp\/v2\/media?parent=4203"}],"wp:term":[{"taxonomy":"product_cat","embeddable":true,"href":"https:\/\/otmaroc.com\/ar\/wp-json\/wp\/v2\/product_cat?post=4203"},{"taxonomy":"product_tag","embeddable":true,"href":"https:\/\/otmaroc.com\/ar\/wp-json\/wp\/v2\/product_tag?post=4203"}],"curies":[{"name":"wp","href":"https:\/\/api.w.org\/{rel}","templated":true}]}}