{"id":4183,"date":"2025-03-04T13:10:57","date_gmt":"2025-03-04T13:10:57","guid":{"rendered":"https:\/\/otmaroc.com\/?post_type=product&#038;p=4183"},"modified":"2025-03-04T13:10:57","modified_gmt":"2025-03-04T13:10:57","slug":"boite-dactivites-en-bois-5-en-1-voiture-a-tirer-labyrinthe-a-perles-horloge-chiffre-a-encastrer-batonnets-en-bois","status":"publish","type":"product","link":"https:\/\/otmaroc.com\/ar\/product\/boite-dactivites-en-bois-5-en-1-voiture-a-tirer-labyrinthe-a-perles-horloge-chiffre-a-encastrer-batonnets-en-bois\/","title":{"rendered":"Bo\u00eete d\u2019activit\u00e9s en bois 5 en 1 : Voiture \u00e0 tirer \u2013 Labyrinthe \u00e0 perles \u2013 Horloge \u2013 Chiffre \u00e0 encastrer \u2013 B\u00e2tonnets en bois"},"content":{"rendered":"<p><strong>Descriptif du jouet :<\/strong><br \/>\nCe cube multi-activit\u00e9s en bois est un jeu fascinant qui stimulera l\u2019imagination, la cr\u00e9ativit\u00e9 et la motricit\u00e9 fine des enfants.<\/p>\n<p>Fabriqu\u00e9 en bois robuste, il propose cinq faces de jeu vari\u00e9es, permettant aux tout-petits d\u2019apprendre \u00e0 diff\u00e9rencier les couleurs et les formes, tout en d\u00e9veloppant leurs capacit\u00e9s visuelles et leur coordination \u0153il-main.<\/p>\n<p>Le cube offre une multitude d\u2019activit\u00e9s enrichissantes, notamment :<\/p>\n<ul>\n<li><strong>Voiture \u00e0 tirer et \u00e0 rouler<\/strong> pour d\u00e9velopper la motricit\u00e9 globale<\/li>\n<li><strong>Horloge \u00e9ducative<\/strong> pour apprendre \u00e0 lire l&rsquo;heure<\/li>\n<li><strong>Labyrinthe de perles<\/strong> pour am\u00e9liorer la motricit\u00e9 fine<\/li>\n<li><strong>Chiffres \u00e0 encastrer<\/strong> pour l\u2019apprentissage des premi\u00e8res formes g\u00e9om\u00e9triques<\/li>\n<li><strong>B\u00e2tonnets en bois<\/strong> pour aborder les premi\u00e8res bases du calcul<\/li>\n<\/ul>\n<p><strong>Apports \u00e9ducatifs :<\/strong><\/p>\n<ul>\n<li>Ce jouet a \u00e9t\u00e9 con\u00e7u pour d\u00e9velopper le sens de l\u2019observation, la logique et la m\u00e9moire de l\u2019enfant.<\/li>\n<li>Il permet l\u2019apprentissage des premi\u00e8res formes g\u00e9om\u00e9triques de base en math\u00e9matiques.<\/li>\n<li>Encourage la compr\u00e9hension des notions d\u2019association logique et travaille l\u2019encastrement, la motricit\u00e9 fine et la dext\u00e9rit\u00e9.<\/li>\n<\/ul>\n<p><strong>Caract\u00e9ristiques du jouet :<\/strong><\/p>\n<ul>\n<li><strong>\u00c2ge recommand\u00e9 :<\/strong> \u00e0 partir de 3 ans<\/li>\n<li><strong>Dimensions du cube :<\/strong> 24,5 x 24,5 x 18,5 cm<\/li>\n<li><strong>Dimensions du jouet mont\u00e9 :<\/strong> 23 x 18 x 18 cm<\/li>\n<\/ul>","protected":false},"excerpt":{"rendered":"<p>Ce cube multi-activit\u00e9s en bois est un jeu fascinant qui stimulera l\u2019imagination, la cr\u00e9ativit\u00e9 et la motricit\u00e9 fine des enfants.<\/p>","protected":false},"featured_media":4187,"comment_status":"open","ping_status":"closed","template":"","meta":{"_uag_custom_page_level_css":"","site-sidebar-layout":"default","site-content-layout":"","ast-site-content-layout":"default","site-content-style":"default","site-sidebar-style":"default","ast-global-header-display":"","ast-banner-title-visibility":"","ast-main-header-display":"","ast-hfb-above-header-display":"","ast-hfb-below-header-display":"","ast-hfb-mobile-header-display":"","site-post-title":"","ast-breadcrumbs-content":"","ast-featured-img":"","footer-sml-layout":"","theme-transparent-header-meta":"default","adv-header-id-meta":"","stick-header-meta":"","header-above-stick-meta":"","header-main-stick-meta":"","header-below-stick-meta":"","astra-migrate-meta-layouts":"set","ast-page-background-enabled":"default","ast-page-background-meta":{"desktop":{"background-color":"","background-image":"","background-repeat":"repeat","background-position":"center center","background-size":"auto","background-attachment":"scroll","background-type":"","background-media":"","overlay-type":"","overlay-color":"","overlay-opacity":"","overlay-gradient":""},"tablet":{"background-color":"","background-image":"","background-repeat":"repeat","background-position":"center center","background-size":"auto","background-attachment":"scroll","background-type":"","background-media":"","overlay-type":"","overlay-color":"","overlay-opacity":"","overlay-gradient":""},"mobile":{"background-color":"","background-image":"","background-repeat":"repeat","background-position":"center center","background-size":"auto","background-attachment":"scroll","background-type":"","background-media":"","overlay-type":"","overlay-color":"","overlay-opacity":"","overlay-gradient":""}},"ast-content-background-meta":{"desktop":{"background-color":"var(--ast-global-color-5)","background-image":"","background-repeat":"repeat","background-position":"center center","background-size":"auto","background-attachment":"scroll","background-type":"","background-media":"","overlay-type":"","overlay-color":"","overlay-opacity":"","overlay-gradient":""},"tablet":{"background-color":"var(--ast-global-color-5)","background-image":"","background-repeat":"repeat","background-position":"center center","background-size":"auto","background-attachment":"scroll","background-type":"","background-media":"","overlay-type":"","overlay-color":"","overlay-opacity":"","overlay-gradient":""},"mobile":{"background-color":"var(--ast-global-color-5)","background-image":"","background-repeat":"repeat","background-position":"center center","background-size":"auto","background-attachment":"scroll","background-type":"","background-media":"","overlay-type":"","overlay-color":"","overlay-opacity":"","overlay-gradient":""}}},"product_cat":[92,146,52,80,79,90,103,63],"product_tag":[],"class_list":{"0":"post-4183","1":"product","2":"type-product","3":"status-publish","4":"has-post-thumbnail","6":"product_cat-apprentissage","7":"product_cat-calcul","8":"product_cat-jouets-de-therapie-au-maroc","9":"product_cat-materiel-de-orthophonie","10":"product_cat-materiel-de-psychomotricite","11":"product_cat-motricite","12":"product_cat-tous-les-jeux-educatifs-et-therapeutiques","13":"product_cat-tous-les-produits","14":"desktop-align-left","15":"tablet-align-left","16":"mobile-align-left","18":"first","19":"instock","20":"sale","21":"shipping-taxable","22":"purchasable","23":"product-type-simple"},"yoast_head":"<!-- This site is optimized with the Yoast SEO plugin v23.5 - https:\/\/yoast.com\/wordpress\/plugins\/seo\/ -->\n<title>Bo\u00eete d\u2019activit\u00e9s en bois 5 en 1 au Maroc<\/title>\n<meta name=\"description\" content=\"D\u00e9couvrez la bo\u00eete d&#039;activit\u00e9s 5-en-1 Montessori : voiture \u00e0 tirer, labyrinthe \u00e0 perles, horloge, et plus encore. Un jouet \u00e9ducatif pour stimuler l&#039;apprentissage et la motricit\u00e9. au Maroc.\" \/>\n<meta name=\"robots\" content=\"index, follow, max-snippet:-1, max-image-preview:large, max-video-preview:-1\" \/>\n<link rel=\"canonical\" href=\"https:\/\/otmaroc.com\/ar\/product\/boite-dactivites-en-bois-5-en-1-voiture-a-tirer-labyrinthe-a-perles-horloge-chiffre-a-encastrer-batonnets-en-bois\/\" \/>\n<meta property=\"og:locale\" content=\"ar_AR\" \/>\n<meta property=\"og:type\" content=\"article\" \/>\n<meta property=\"og:title\" content=\"Bo\u00eete d\u2019activit\u00e9s en bois 5 en 1 au Maroc\" \/>\n<meta property=\"og:description\" content=\"D\u00e9couvrez la bo\u00eete d&#039;activit\u00e9s 5-en-1 Montessori : voiture \u00e0 tirer, labyrinthe \u00e0 perles, horloge, et plus encore. Un jouet \u00e9ducatif pour stimuler l&#039;apprentissage et la motricit\u00e9. au Maroc.\" \/>\n<meta property=\"og:url\" content=\"https:\/\/otmaroc.com\/ar\/product\/boite-dactivites-en-bois-5-en-1-voiture-a-tirer-labyrinthe-a-perles-horloge-chiffre-a-encastrer-batonnets-en-bois\/\" \/>\n<meta property=\"og:site_name\" content=\"OTMAROC\" \/>\n<meta property=\"article:publisher\" content=\"https:\/\/www.facebook.com\/profile.php?id=61565107472257\" \/>\n<meta property=\"og:image\" content=\"https:\/\/otmaroc.com\/wp-content\/uploads\/2025\/03\/www.otmaroc.com-0623512008-otmaroc2024@gmail.com-67.png\" \/>\n\t<meta property=\"og:image:width\" content=\"1080\" \/>\n\t<meta property=\"og:image:height\" content=\"1080\" \/>\n\t<meta property=\"og:image:type\" content=\"image\/png\" \/>\n<meta name=\"twitter:card\" content=\"summary_large_image\" \/>\n<meta name=\"twitter:label1\" content=\"\u0648\u0642\u062a \u0627\u0644\u0642\u0631\u0627\u0621\u0629 \u0627\u0644\u0645\u064f\u0642\u062f\u0651\u0631\" \/>\n\t<meta name=\"twitter:data1\" content=\"\u062f\u0642\u064a\u0642\u062a\u0627\u0646\" \/>\n<script type=\"application\/ld+json\" class=\"yoast-schema-graph\">{\"@context\":\"https:\/\/schema.org\",\"@graph\":[{\"@type\":\"WebPage\",\"@id\":\"https:\/\/otmaroc.com\/product\/boite-dactivites-en-bois-5-en-1-voiture-a-tirer-labyrinthe-a-perles-horloge-chiffre-a-encastrer-batonnets-en-bois\/\",\"url\":\"https:\/\/otmaroc.com\/product\/boite-dactivites-en-bois-5-en-1-voiture-a-tirer-labyrinthe-a-perles-horloge-chiffre-a-encastrer-batonnets-en-bois\/\",\"name\":\"Bo\u00eete d\u2019activit\u00e9s en bois 5 en 1 au Maroc\",\"isPartOf\":{\"@id\":\"https:\/\/otmaroc.com\/#website\"},\"primaryImageOfPage\":{\"@id\":\"https:\/\/otmaroc.com\/product\/boite-dactivites-en-bois-5-en-1-voiture-a-tirer-labyrinthe-a-perles-horloge-chiffre-a-encastrer-batonnets-en-bois\/#primaryimage\"},\"image\":{\"@id\":\"https:\/\/otmaroc.com\/product\/boite-dactivites-en-bois-5-en-1-voiture-a-tirer-labyrinthe-a-perles-horloge-chiffre-a-encastrer-batonnets-en-bois\/#primaryimage\"},\"thumbnailUrl\":\"https:\/\/otmaroc.com\/wp-content\/uploads\/2025\/03\/www.otmaroc.com-0623512008-otmaroc2024@gmail.com-67.png\",\"datePublished\":\"2025-03-04T13:10:57+00:00\",\"dateModified\":\"2025-03-04T13:10:57+00:00\",\"description\":\"D\u00e9couvrez la bo\u00eete d'activit\u00e9s 5-en-1 Montessori : voiture \u00e0 tirer, labyrinthe \u00e0 perles, horloge, et plus encore. Un jouet \u00e9ducatif pour stimuler l'apprentissage et la motricit\u00e9. au Maroc.\",\"breadcrumb\":{\"@id\":\"https:\/\/otmaroc.com\/product\/boite-dactivites-en-bois-5-en-1-voiture-a-tirer-labyrinthe-a-perles-horloge-chiffre-a-encastrer-batonnets-en-bois\/#breadcrumb\"},\"inLanguage\":\"ar\",\"potentialAction\":[{\"@type\":\"ReadAction\",\"target\":[\"https:\/\/otmaroc.com\/product\/boite-dactivites-en-bois-5-en-1-voiture-a-tirer-labyrinthe-a-perles-horloge-chiffre-a-encastrer-batonnets-en-bois\/\"]}]},{\"@type\":\"ImageObject\",\"inLanguage\":\"ar\",\"@id\":\"https:\/\/otmaroc.com\/product\/boite-dactivites-en-bois-5-en-1-voiture-a-tirer-labyrinthe-a-perles-horloge-chiffre-a-encastrer-batonnets-en-bois\/#primaryimage\",\"url\":\"https:\/\/otmaroc.com\/wp-content\/uploads\/2025\/03\/www.otmaroc.com-0623512008-otmaroc2024@gmail.com-67.png\",\"contentUrl\":\"https:\/\/otmaroc.com\/wp-content\/uploads\/2025\/03\/www.otmaroc.com-0623512008-otmaroc2024@gmail.com-67.png\",\"width\":1080,\"height\":1080},{\"@type\":\"BreadcrumbList\",\"@id\":\"https:\/\/otmaroc.com\/product\/boite-dactivites-en-bois-5-en-1-voiture-a-tirer-labyrinthe-a-perles-horloge-chiffre-a-encastrer-batonnets-en-bois\/#breadcrumb\",\"itemListElement\":[{\"@type\":\"ListItem\",\"position\":1,\"name\":\"Home\",\"item\":\"https:\/\/otmaroc.com\/\"},{\"@type\":\"ListItem\",\"position\":2,\"name\":\"Products\",\"item\":\"https:\/\/otmaroc.com\/store\/\"},{\"@type\":\"ListItem\",\"position\":3,\"name\":\"Bo\u00eete d\u2019activit\u00e9s en bois 5 en 1 : Voiture \u00e0 tirer \u2013 Labyrinthe \u00e0 perles \u2013 Horloge \u2013 Chiffre \u00e0 encastrer \u2013 B\u00e2tonnets en bois\"}]},{\"@type\":\"WebSite\",\"@id\":\"https:\/\/otmaroc.com\/#website\",\"url\":\"https:\/\/otmaroc.com\/\",\"name\":\"OTMAROC\",\"description\":\"The number one website in morocco for occupational therapy\",\"publisher\":{\"@id\":\"https:\/\/otmaroc.com\/#organization\"},\"potentialAction\":[{\"@type\":\"SearchAction\",\"target\":{\"@type\":\"EntryPoint\",\"urlTemplate\":\"https:\/\/otmaroc.com\/?s={search_term_string}\"},\"query-input\":{\"@type\":\"PropertyValueSpecification\",\"valueRequired\":true,\"valueName\":\"search_term_string\"}}],\"inLanguage\":\"ar\"},{\"@type\":\"Organization\",\"@id\":\"https:\/\/otmaroc.com\/#organization\",\"name\":\"OTMAROC\",\"url\":\"https:\/\/otmaroc.com\/\",\"logo\":{\"@type\":\"ImageObject\",\"inLanguage\":\"ar\",\"@id\":\"https:\/\/otmaroc.com\/#\/schema\/logo\/image\/\",\"url\":\"https:\/\/otmaroc.com\/wp-content\/uploads\/2024\/08\/cropped-cropped-Black_White_Yellow_Simple_Initial_Name_Logo-removebg-preview-2.png\",\"contentUrl\":\"https:\/\/otmaroc.com\/wp-content\/uploads\/2024\/08\/cropped-cropped-Black_White_Yellow_Simple_Initial_Name_Logo-removebg-preview-2.png\",\"width\":298,\"height\":192,\"caption\":\"OTMAROC\"},\"image\":{\"@id\":\"https:\/\/otmaroc.com\/#\/schema\/logo\/image\/\"},\"sameAs\":[\"https:\/\/www.facebook.com\/profile.php?id=61565107472257\",\"https:\/\/www.instagram.com\/otmaroc2024\/\",\"https:\/\/www.youtube.com\/@othmaneksaibar6763\",\"https:\/\/api.whatsapp.com\/send?phone=2120623512008\"]}]}<\/script>\n<!-- \/ Yoast SEO plugin. -->","yoast_head_json":{"title":"Bo\u00eete d\u2019activit\u00e9s en bois 5 en 1 au Maroc","description":"D\u00e9couvrez la bo\u00eete d'activit\u00e9s 5-en-1 Montessori : voiture \u00e0 tirer, labyrinthe \u00e0 perles, horloge, et plus encore. Un jouet \u00e9ducatif pour stimuler l'apprentissage et la motricit\u00e9. au Maroc.","robots":{"index":"index","follow":"follow","max-snippet":"max-snippet:-1","max-image-preview":"max-image-preview:large","max-video-preview":"max-video-preview:-1"},"canonical":"https:\/\/otmaroc.com\/ar\/product\/boite-dactivites-en-bois-5-en-1-voiture-a-tirer-labyrinthe-a-perles-horloge-chiffre-a-encastrer-batonnets-en-bois\/","og_locale":"ar_AR","og_type":"article","og_title":"Bo\u00eete d\u2019activit\u00e9s en bois 5 en 1 au Maroc","og_description":"D\u00e9couvrez la bo\u00eete d'activit\u00e9s 5-en-1 Montessori : voiture \u00e0 tirer, labyrinthe \u00e0 perles, horloge, et plus encore. Un jouet \u00e9ducatif pour stimuler l'apprentissage et la motricit\u00e9. au Maroc.","og_url":"https:\/\/otmaroc.com\/ar\/product\/boite-dactivites-en-bois-5-en-1-voiture-a-tirer-labyrinthe-a-perles-horloge-chiffre-a-encastrer-batonnets-en-bois\/","og_site_name":"OTMAROC","article_publisher":"https:\/\/www.facebook.com\/profile.php?id=61565107472257","og_image":[{"width":1080,"height":1080,"url":"https:\/\/otmaroc.com\/wp-content\/uploads\/2025\/03\/www.otmaroc.com-0623512008-otmaroc2024@gmail.com-67.png","type":"image\/png"}],"twitter_card":"summary_large_image","twitter_misc":{"\u0648\u0642\u062a \u0627\u0644\u0642\u0631\u0627\u0621\u0629 \u0627\u0644\u0645\u064f\u0642\u062f\u0651\u0631":"\u062f\u0642\u064a\u0642\u062a\u0627\u0646"},"schema":{"@context":"https:\/\/schema.org","@graph":[{"@type":"WebPage","@id":"https:\/\/otmaroc.com\/product\/boite-dactivites-en-bois-5-en-1-voiture-a-tirer-labyrinthe-a-perles-horloge-chiffre-a-encastrer-batonnets-en-bois\/","url":"https:\/\/otmaroc.com\/product\/boite-dactivites-en-bois-5-en-1-voiture-a-tirer-labyrinthe-a-perles-horloge-chiffre-a-encastrer-batonnets-en-bois\/","name":"Bo\u00eete d\u2019activit\u00e9s en bois 5 en 1 au Maroc","isPartOf":{"@id":"https:\/\/otmaroc.com\/#website"},"primaryImageOfPage":{"@id":"https:\/\/otmaroc.com\/product\/boite-dactivites-en-bois-5-en-1-voiture-a-tirer-labyrinthe-a-perles-horloge-chiffre-a-encastrer-batonnets-en-bois\/#primaryimage"},"image":{"@id":"https:\/\/otmaroc.com\/product\/boite-dactivites-en-bois-5-en-1-voiture-a-tirer-labyrinthe-a-perles-horloge-chiffre-a-encastrer-batonnets-en-bois\/#primaryimage"},"thumbnailUrl":"https:\/\/otmaroc.com\/wp-content\/uploads\/2025\/03\/www.otmaroc.com-0623512008-otmaroc2024@gmail.com-67.png","datePublished":"2025-03-04T13:10:57+00:00","dateModified":"2025-03-04T13:10:57+00:00","description":"D\u00e9couvrez la bo\u00eete d'activit\u00e9s 5-en-1 Montessori : voiture \u00e0 tirer, labyrinthe \u00e0 perles, horloge, et plus encore. Un jouet \u00e9ducatif pour stimuler l'apprentissage et la motricit\u00e9. au Maroc.","breadcrumb":{"@id":"https:\/\/otmaroc.com\/product\/boite-dactivites-en-bois-5-en-1-voiture-a-tirer-labyrinthe-a-perles-horloge-chiffre-a-encastrer-batonnets-en-bois\/#breadcrumb"},"inLanguage":"ar","potentialAction":[{"@type":"ReadAction","target":["https:\/\/otmaroc.com\/product\/boite-dactivites-en-bois-5-en-1-voiture-a-tirer-labyrinthe-a-perles-horloge-chiffre-a-encastrer-batonnets-en-bois\/"]}]},{"@type":"ImageObject","inLanguage":"ar","@id":"https:\/\/otmaroc.com\/product\/boite-dactivites-en-bois-5-en-1-voiture-a-tirer-labyrinthe-a-perles-horloge-chiffre-a-encastrer-batonnets-en-bois\/#primaryimage","url":"https:\/\/otmaroc.com\/wp-content\/uploads\/2025\/03\/www.otmaroc.com-0623512008-otmaroc2024@gmail.com-67.png","contentUrl":"https:\/\/otmaroc.com\/wp-content\/uploads\/2025\/03\/www.otmaroc.com-0623512008-otmaroc2024@gmail.com-67.png","width":1080,"height":1080},{"@type":"BreadcrumbList","@id":"https:\/\/otmaroc.com\/product\/boite-dactivites-en-bois-5-en-1-voiture-a-tirer-labyrinthe-a-perles-horloge-chiffre-a-encastrer-batonnets-en-bois\/#breadcrumb","itemListElement":[{"@type":"ListItem","position":1,"name":"Home","item":"https:\/\/otmaroc.com\/"},{"@type":"ListItem","position":2,"name":"Products","item":"https:\/\/otmaroc.com\/store\/"},{"@type":"ListItem","position":3,"name":"Bo\u00eete d\u2019activit\u00e9s en bois 5 en 1 : Voiture \u00e0 tirer \u2013 Labyrinthe \u00e0 perles \u2013 Horloge \u2013 Chiffre \u00e0 encastrer \u2013 B\u00e2tonnets en bois"}]},{"@type":"WebSite","@id":"https:\/\/otmaroc.com\/#website","url":"https:\/\/otmaroc.com\/","name":"OTMAROC","description":"The number one website in morocco for occupational therapy","publisher":{"@id":"https:\/\/otmaroc.com\/#organization"},"potentialAction":[{"@type":"SearchAction","target":{"@type":"EntryPoint","urlTemplate":"https:\/\/otmaroc.com\/?s={search_term_string}"},"query-input":{"@type":"PropertyValueSpecification","valueRequired":true,"valueName":"search_term_string"}}],"inLanguage":"ar"},{"@type":"Organization","@id":"https:\/\/otmaroc.com\/#organization","name":"OTMAROC","url":"https:\/\/otmaroc.com\/","logo":{"@type":"ImageObject","inLanguage":"ar","@id":"https:\/\/otmaroc.com\/#\/schema\/logo\/image\/","url":"https:\/\/otmaroc.com\/wp-content\/uploads\/2024\/08\/cropped-cropped-Black_White_Yellow_Simple_Initial_Name_Logo-removebg-preview-2.png","contentUrl":"https:\/\/otmaroc.com\/wp-content\/uploads\/2024\/08\/cropped-cropped-Black_White_Yellow_Simple_Initial_Name_Logo-removebg-preview-2.png","width":298,"height":192,"caption":"OTMAROC"},"image":{"@id":"https:\/\/otmaroc.com\/#\/schema\/logo\/image\/"},"sameAs":["https:\/\/www.facebook.com\/profile.php?id=61565107472257","https:\/\/www.instagram.com\/otmaroc2024\/","https:\/\/www.youtube.com\/@othmaneksaibar6763","https:\/\/api.whatsapp.com\/send?phone=2120623512008"]}]}},"uagb_featured_image_src":{"full":["https:\/\/otmaroc.com\/wp-content\/uploads\/2025\/03\/www.otmaroc.com-0623512008-otmaroc2024@gmail.com-67.png",1080,1080,false],"thumbnail":["https:\/\/otmaroc.com\/wp-content\/uploads\/2025\/03\/www.otmaroc.com-0623512008-otmaroc2024@gmail.com-67-150x150.png",150,150,true],"medium":["https:\/\/otmaroc.com\/wp-content\/uploads\/2025\/03\/www.otmaroc.com-0623512008-otmaroc2024@gmail.com-67-300x300.png",300,300,true],"medium_large":["https:\/\/otmaroc.com\/wp-content\/uploads\/2025\/03\/www.otmaroc.com-0623512008-otmaroc2024@gmail.com-67-768x768.png",768,768,true],"large":["https:\/\/otmaroc.com\/wp-content\/uploads\/2025\/03\/www.otmaroc.com-0623512008-otmaroc2024@gmail.com-67-1024x1024.png",1024,1024,true],"1536x1536":["https:\/\/otmaroc.com\/wp-content\/uploads\/2025\/03\/www.otmaroc.com-0623512008-otmaroc2024@gmail.com-67.png",1080,1080,false],"2048x2048":["https:\/\/otmaroc.com\/wp-content\/uploads\/2025\/03\/www.otmaroc.com-0623512008-otmaroc2024@gmail.com-67.png",1080,1080,false],"trp-custom-language-flag":["https:\/\/otmaroc.com\/wp-content\/uploads\/2025\/03\/www.otmaroc.com-0623512008-otmaroc2024@gmail.com-67-12x12.png",12,12,true],"woocommerce_thumbnail":["https:\/\/otmaroc.com\/wp-content\/uploads\/2025\/03\/www.otmaroc.com-0623512008-otmaroc2024@gmail.com-67-300x300.png",300,300,true],"woocommerce_single":["https:\/\/otmaroc.com\/wp-content\/uploads\/2025\/03\/www.otmaroc.com-0623512008-otmaroc2024@gmail.com-67-600x600.png",600,600,true],"woocommerce_gallery_thumbnail":["https:\/\/otmaroc.com\/wp-content\/uploads\/2025\/03\/www.otmaroc.com-0623512008-otmaroc2024@gmail.com-67-100x100.png",100,100,true],"dgwt-wcas-product-suggestion":["https:\/\/otmaroc.com\/wp-content\/uploads\/2025\/03\/www.otmaroc.com-0623512008-otmaroc2024@gmail.com-67-64x64.png",64,64,true]},"uagb_author_info":{"display_name":"othmane iptv","author_link":"https:\/\/otmaroc.com\/ar\/author\/"},"uagb_comment_info":0,"uagb_excerpt":"Ce cube multi-activit\u00e9s en bois est un jeu fascinant qui stimulera l\u2019imagination, la cr\u00e9ativit\u00e9 et la motricit\u00e9 fine des enfants.","jetpack_sharing_enabled":true,"_links":{"self":[{"href":"https:\/\/otmaroc.com\/ar\/wp-json\/wp\/v2\/product\/4183"}],"collection":[{"href":"https:\/\/otmaroc.com\/ar\/wp-json\/wp\/v2\/product"}],"about":[{"href":"https:\/\/otmaroc.com\/ar\/wp-json\/wp\/v2\/types\/product"}],"replies":[{"embeddable":true,"href":"https:\/\/otmaroc.com\/ar\/wp-json\/wp\/v2\/comments?post=4183"}],"wp:featuredmedia":[{"embeddable":true,"href":"https:\/\/otmaroc.com\/ar\/wp-json\/wp\/v2\/media\/4187"}],"wp:attachment":[{"href":"https:\/\/otmaroc.com\/ar\/wp-json\/wp\/v2\/media?parent=4183"}],"wp:term":[{"taxonomy":"product_cat","embeddable":true,"href":"https:\/\/otmaroc.com\/ar\/wp-json\/wp\/v2\/product_cat?post=4183"},{"taxonomy":"product_tag","embeddable":true,"href":"https:\/\/otmaroc.com\/ar\/wp-json\/wp\/v2\/product_tag?post=4183"}],"curies":[{"name":"wp","href":"https:\/\/api.w.org\/{rel}","templated":true}]}}