{"id":4165,"date":"2025-03-02T01:19:33","date_gmt":"2025-03-02T01:19:33","guid":{"rendered":"https:\/\/otmaroc.com\/?post_type=product&#038;p=4165"},"modified":"2025-04-23T12:09:35","modified_gmt":"2025-04-23T12:09:35","slug":"4165","status":"publish","type":"product","link":"https:\/\/otmaroc.com\/ar\/product\/4165\/","title":{"rendered":"Planche d\u2019\u00c9quilibre avec Poign\u00e9es \u2013 Wobble Board"},"content":{"rendered":"<p>&nbsp;<\/p>\n<p><strong>Description technique<\/strong> :<br \/>\nLa <strong>Planche d\u2019\u00c9quilibre avec Poign\u00e9es \u2013 Wobble Board<\/strong> est un excellent outil pour d\u00e9velopper l&rsquo;\u00e9quilibre, la coordination et la motricit\u00e9. Con\u00e7ue pour les enfants et adultes, elle permet de travailler la stabilit\u00e9 tout en offrant une exp\u00e9rience ludique. Gr\u00e2ce \u00e0 ses poign\u00e9es pratiques, elle offre un soutien suppl\u00e9mentaire pour des exercices plus vari\u00e9s et s\u00e9curis\u00e9s. Parfaite pour des s\u00e9ances de r\u00e9\u00e9ducation ou des entra\u00eenements physiques, cette planche est disponible sur OTMaroc.<\/p>\n<p>Lorsque vous \u00eates confortable \u00e0 \u00eatre debout en \u00e9quilibre sur la plateforme, d\u2019autres exercices peuvent \u00eatre effectu\u00e9s, tels que:<\/p>\n<ul>\n<li>\u00c9quilibre \u00e0 un pied (un pied sur la plateforme, l\u2019autre en l\u2019air, maintenir l\u2019\u00e9quilibre)<\/li>\n<li>Inclinaisons \u00e0 un pied (un pied sur la plateforme, l\u2019autre en l\u2019air, inclinaison avant et arri\u00e8re)<\/li>\n<li>Squats (2 pieds sur la plateforme, squats lents parall\u00e8les)<\/li>\n<li>Squat pushes (2 pieds sur la plateforme, squats lents parall\u00e8les, pouss\u00e9es d\u2019halt\u00e8res)<\/li>\n<li>Attraper un ballon (2 pieds sur la plateforme, maintenir l\u2019\u00e9quilibre tout en attrapant un ballon)<\/li>\n<\/ul>\n<p>Et bien plus.<\/p>\n<h4>Caract\u00e9ristiques de la planche d\u2019\u00e9quilibre<\/h4>\n<ul>\n<li><span data-offset-key=\"5scub-0-0\">Dimensions:\u00a0 diam\u00e8tre 40 cm<\/span><\/li>\n<li>\u00c2ge: \u00e0 partir de 3 ans<\/li>\n<li>Couleur: les couleurs varient en fonction de nos arrivages<\/li>\n<\/ul>","protected":false},"excerpt":{"rendered":"<p>la Planche d\u2019\u00c9quilibre avec Poign\u00e9es \u2013 Wobble Board. Id\u00e9ale pour am\u00e9liorer l&rsquo;\u00e9quilibre, la coordination et la motricit\u00e9 chez les enfants et adultes.<\/p>","protected":false},"featured_media":4169,"comment_status":"open","ping_status":"closed","template":"","meta":{"_uag_custom_page_level_css":"","site-sidebar-layout":"default","site-content-layout":"","ast-site-content-layout":"default","site-content-style":"default","site-sidebar-style":"default","ast-global-header-display":"","ast-banner-title-visibility":"","ast-main-header-display":"","ast-hfb-above-header-display":"","ast-hfb-below-header-display":"","ast-hfb-mobile-header-display":"","site-post-title":"","ast-breadcrumbs-content":"","ast-featured-img":"","footer-sml-layout":"","theme-transparent-header-meta":"default","adv-header-id-meta":"","stick-header-meta":"","header-above-stick-meta":"","header-main-stick-meta":"","header-below-stick-meta":"","astra-migrate-meta-layouts":"set","ast-page-background-enabled":"default","ast-page-background-meta":{"desktop":{"background-color":"","background-image":"","background-repeat":"repeat","background-position":"center center","background-size":"auto","background-attachment":"scroll","background-type":"","background-media":"","overlay-type":"","overlay-color":"","overlay-opacity":"","overlay-gradient":""},"tablet":{"background-color":"","background-image":"","background-repeat":"repeat","background-position":"center center","background-size":"auto","background-attachment":"scroll","background-type":"","background-media":"","overlay-type":"","overlay-color":"","overlay-opacity":"","overlay-gradient":""},"mobile":{"background-color":"","background-image":"","background-repeat":"repeat","background-position":"center center","background-size":"auto","background-attachment":"scroll","background-type":"","background-media":"","overlay-type":"","overlay-color":"","overlay-opacity":"","overlay-gradient":""}},"ast-content-background-meta":{"desktop":{"background-color":"var(--ast-global-color-5)","background-image":"","background-repeat":"repeat","background-position":"center center","background-size":"auto","background-attachment":"scroll","background-type":"","background-media":"","overlay-type":"","overlay-color":"","overlay-opacity":"","overlay-gradient":""},"tablet":{"background-color":"var(--ast-global-color-5)","background-image":"","background-repeat":"repeat","background-position":"center center","background-size":"auto","background-attachment":"scroll","background-type":"","background-media":"","overlay-type":"","overlay-color":"","overlay-opacity":"","overlay-gradient":""},"mobile":{"background-color":"var(--ast-global-color-5)","background-image":"","background-repeat":"repeat","background-position":"center center","background-size":"auto","background-attachment":"scroll","background-type":"","background-media":"","overlay-type":"","overlay-color":"","overlay-opacity":"","overlay-gradient":""}}},"product_cat":[52,98,78,79,42,90,99,115,100,89,103,63,114,116],"product_tag":[],"class_list":{"0":"post-4165","1":"product","2":"type-product","3":"status-publish","4":"has-post-thumbnail","6":"product_cat-jouets-de-therapie-au-maroc","7":"product_cat-reeducation-sensori-motrice","8":"product_cat-materiel-de-kinesitherapie","9":"product_cat-materiel-de-psychomotricite","10":"product_cat-materiel-de-reeducation","11":"product_cat-motricite","12":"product_cat-reeducation-motrice","13":"product_cat-reeducation-neurologique","14":"product_cat-renforcement-musculaire","15":"product_cat-sensorialite","16":"product_cat-tous-les-jeux-educatifs-et-therapeutiques","17":"product_cat-tous-les-produits","18":"product_cat-tout-le-materiel-de-kinesitherapie","19":"product_cat-tout-le-materiel-de-reeducation","20":"desktop-align-left","21":"tablet-align-left","22":"mobile-align-left","24":"first","25":"instock","26":"shipping-taxable","27":"product-type-simple"},"yoast_head":"<!-- This site is optimized with the Yoast SEO plugin v23.5 - https:\/\/yoast.com\/wordpress\/plugins\/seo\/ -->\n<title>Planche d\u2019\u00c9quilibre avec Poign\u00e9es - Wobble Board au Maroc<\/title>\n<meta name=\"description\" content=\"Achetez la Planche d\u2019\u00c9quilibre avec Poign\u00e9es \u2013 Wobble Board au Maroc. Id\u00e9ale pour am\u00e9liorer l&#039;\u00e9quilibre, la coordination et la motricit\u00e9 chez les enfants et adultes.\" \/>\n<meta name=\"robots\" content=\"index, follow, max-snippet:-1, max-image-preview:large, max-video-preview:-1\" \/>\n<link rel=\"canonical\" href=\"https:\/\/otmaroc.com\/ar\/product\/4165\/\" \/>\n<meta property=\"og:locale\" content=\"ar_AR\" \/>\n<meta property=\"og:type\" content=\"article\" \/>\n<meta property=\"og:title\" content=\"Planche d\u2019\u00c9quilibre avec Poign\u00e9es - Wobble Board au Maroc\" \/>\n<meta property=\"og:description\" content=\"Achetez la Planche d\u2019\u00c9quilibre avec Poign\u00e9es \u2013 Wobble Board au Maroc. Id\u00e9ale pour am\u00e9liorer l&#039;\u00e9quilibre, la coordination et la motricit\u00e9 chez les enfants et adultes.\" \/>\n<meta property=\"og:url\" content=\"https:\/\/otmaroc.com\/ar\/product\/4165\/\" \/>\n<meta property=\"og:site_name\" content=\"OTMAROC\" \/>\n<meta property=\"article:publisher\" content=\"https:\/\/www.facebook.com\/profile.php?id=61565107472257\" \/>\n<meta property=\"article:modified_time\" content=\"2025-04-23T12:09:35+00:00\" \/>\n<meta property=\"og:image\" content=\"https:\/\/otmaroc.com\/wp-content\/uploads\/2025\/03\/www.otmaroc.com-0623512008-otmaroc2024@gmail.com-63.png\" \/>\n\t<meta property=\"og:image:width\" content=\"1080\" \/>\n\t<meta property=\"og:image:height\" content=\"1080\" \/>\n\t<meta property=\"og:image:type\" content=\"image\/png\" \/>\n<meta name=\"twitter:card\" content=\"summary_large_image\" \/>\n<meta name=\"twitter:label1\" content=\"\u0648\u0642\u062a \u0627\u0644\u0642\u0631\u0627\u0621\u0629 \u0627\u0644\u0645\u064f\u0642\u062f\u0651\u0631\" \/>\n\t<meta name=\"twitter:data1\" content=\"\u062f\u0642\u064a\u0642\u062a\u0627\u0646\" \/>\n<script type=\"application\/ld+json\" class=\"yoast-schema-graph\">{\"@context\":\"https:\/\/schema.org\",\"@graph\":[{\"@type\":\"WebPage\",\"@id\":\"https:\/\/otmaroc.com\/product\/4165\/\",\"url\":\"https:\/\/otmaroc.com\/product\/4165\/\",\"name\":\"Planche d\u2019\u00c9quilibre avec Poign\u00e9es - Wobble Board au Maroc\",\"isPartOf\":{\"@id\":\"https:\/\/otmaroc.com\/#website\"},\"primaryImageOfPage\":{\"@id\":\"https:\/\/otmaroc.com\/product\/4165\/#primaryimage\"},\"image\":{\"@id\":\"https:\/\/otmaroc.com\/product\/4165\/#primaryimage\"},\"thumbnailUrl\":\"https:\/\/otmaroc.com\/wp-content\/uploads\/2025\/03\/www.otmaroc.com-0623512008-otmaroc2024@gmail.com-63.png\",\"datePublished\":\"2025-03-02T01:19:33+00:00\",\"dateModified\":\"2025-04-23T12:09:35+00:00\",\"description\":\"Achetez la Planche d\u2019\u00c9quilibre avec Poign\u00e9es \u2013 Wobble Board au Maroc. Id\u00e9ale pour am\u00e9liorer l'\u00e9quilibre, la coordination et la motricit\u00e9 chez les enfants et adultes.\",\"breadcrumb\":{\"@id\":\"https:\/\/otmaroc.com\/product\/4165\/#breadcrumb\"},\"inLanguage\":\"ar\",\"potentialAction\":[{\"@type\":\"ReadAction\",\"target\":[\"https:\/\/otmaroc.com\/product\/4165\/\"]}]},{\"@type\":\"ImageObject\",\"inLanguage\":\"ar\",\"@id\":\"https:\/\/otmaroc.com\/product\/4165\/#primaryimage\",\"url\":\"https:\/\/otmaroc.com\/wp-content\/uploads\/2025\/03\/www.otmaroc.com-0623512008-otmaroc2024@gmail.com-63.png\",\"contentUrl\":\"https:\/\/otmaroc.com\/wp-content\/uploads\/2025\/03\/www.otmaroc.com-0623512008-otmaroc2024@gmail.com-63.png\",\"width\":1080,\"height\":1080},{\"@type\":\"BreadcrumbList\",\"@id\":\"https:\/\/otmaroc.com\/product\/4165\/#breadcrumb\",\"itemListElement\":[{\"@type\":\"ListItem\",\"position\":1,\"name\":\"Home\",\"item\":\"https:\/\/otmaroc.com\/\"},{\"@type\":\"ListItem\",\"position\":2,\"name\":\"Products\",\"item\":\"https:\/\/otmaroc.com\/store\/\"},{\"@type\":\"ListItem\",\"position\":3,\"name\":\"Planche d\u2019\u00c9quilibre avec Poign\u00e9es \u2013 Wobble Board\"}]},{\"@type\":\"WebSite\",\"@id\":\"https:\/\/otmaroc.com\/#website\",\"url\":\"https:\/\/otmaroc.com\/\",\"name\":\"OTMAROC\",\"description\":\"The number one website in morocco for occupational therapy\",\"publisher\":{\"@id\":\"https:\/\/otmaroc.com\/#organization\"},\"potentialAction\":[{\"@type\":\"SearchAction\",\"target\":{\"@type\":\"EntryPoint\",\"urlTemplate\":\"https:\/\/otmaroc.com\/?s={search_term_string}\"},\"query-input\":{\"@type\":\"PropertyValueSpecification\",\"valueRequired\":true,\"valueName\":\"search_term_string\"}}],\"inLanguage\":\"ar\"},{\"@type\":\"Organization\",\"@id\":\"https:\/\/otmaroc.com\/#organization\",\"name\":\"OTMAROC\",\"url\":\"https:\/\/otmaroc.com\/\",\"logo\":{\"@type\":\"ImageObject\",\"inLanguage\":\"ar\",\"@id\":\"https:\/\/otmaroc.com\/#\/schema\/logo\/image\/\",\"url\":\"https:\/\/otmaroc.com\/wp-content\/uploads\/2024\/08\/cropped-cropped-Black_White_Yellow_Simple_Initial_Name_Logo-removebg-preview-2.png\",\"contentUrl\":\"https:\/\/otmaroc.com\/wp-content\/uploads\/2024\/08\/cropped-cropped-Black_White_Yellow_Simple_Initial_Name_Logo-removebg-preview-2.png\",\"width\":298,\"height\":192,\"caption\":\"OTMAROC\"},\"image\":{\"@id\":\"https:\/\/otmaroc.com\/#\/schema\/logo\/image\/\"},\"sameAs\":[\"https:\/\/www.facebook.com\/profile.php?id=61565107472257\",\"https:\/\/www.instagram.com\/otmaroc2024\/\",\"https:\/\/www.youtube.com\/@othmaneksaibar6763\",\"https:\/\/api.whatsapp.com\/send?phone=2120623512008\"]}]}<\/script>\n<!-- \/ Yoast SEO plugin. -->","yoast_head_json":{"title":"Planche d\u2019\u00c9quilibre avec Poign\u00e9es - Wobble Board au Maroc","description":"Achetez la Planche d\u2019\u00c9quilibre avec Poign\u00e9es \u2013 Wobble Board au Maroc. Id\u00e9ale pour am\u00e9liorer l'\u00e9quilibre, la coordination et la motricit\u00e9 chez les enfants et adultes.","robots":{"index":"index","follow":"follow","max-snippet":"max-snippet:-1","max-image-preview":"max-image-preview:large","max-video-preview":"max-video-preview:-1"},"canonical":"https:\/\/otmaroc.com\/ar\/product\/4165\/","og_locale":"ar_AR","og_type":"article","og_title":"Planche d\u2019\u00c9quilibre avec Poign\u00e9es - Wobble Board au Maroc","og_description":"Achetez la Planche d\u2019\u00c9quilibre avec Poign\u00e9es \u2013 Wobble Board au Maroc. Id\u00e9ale pour am\u00e9liorer l'\u00e9quilibre, la coordination et la motricit\u00e9 chez les enfants et adultes.","og_url":"https:\/\/otmaroc.com\/ar\/product\/4165\/","og_site_name":"OTMAROC","article_publisher":"https:\/\/www.facebook.com\/profile.php?id=61565107472257","article_modified_time":"2025-04-23T12:09:35+00:00","og_image":[{"width":1080,"height":1080,"url":"https:\/\/otmaroc.com\/wp-content\/uploads\/2025\/03\/www.otmaroc.com-0623512008-otmaroc2024@gmail.com-63.png","type":"image\/png"}],"twitter_card":"summary_large_image","twitter_misc":{"\u0648\u0642\u062a \u0627\u0644\u0642\u0631\u0627\u0621\u0629 \u0627\u0644\u0645\u064f\u0642\u062f\u0651\u0631":"\u062f\u0642\u064a\u0642\u062a\u0627\u0646"},"schema":{"@context":"https:\/\/schema.org","@graph":[{"@type":"WebPage","@id":"https:\/\/otmaroc.com\/product\/4165\/","url":"https:\/\/otmaroc.com\/product\/4165\/","name":"Planche d\u2019\u00c9quilibre avec Poign\u00e9es - Wobble Board au Maroc","isPartOf":{"@id":"https:\/\/otmaroc.com\/#website"},"primaryImageOfPage":{"@id":"https:\/\/otmaroc.com\/product\/4165\/#primaryimage"},"image":{"@id":"https:\/\/otmaroc.com\/product\/4165\/#primaryimage"},"thumbnailUrl":"https:\/\/otmaroc.com\/wp-content\/uploads\/2025\/03\/www.otmaroc.com-0623512008-otmaroc2024@gmail.com-63.png","datePublished":"2025-03-02T01:19:33+00:00","dateModified":"2025-04-23T12:09:35+00:00","description":"Achetez la Planche d\u2019\u00c9quilibre avec Poign\u00e9es \u2013 Wobble Board au Maroc. Id\u00e9ale pour am\u00e9liorer l'\u00e9quilibre, la coordination et la motricit\u00e9 chez les enfants et adultes.","breadcrumb":{"@id":"https:\/\/otmaroc.com\/product\/4165\/#breadcrumb"},"inLanguage":"ar","potentialAction":[{"@type":"ReadAction","target":["https:\/\/otmaroc.com\/product\/4165\/"]}]},{"@type":"ImageObject","inLanguage":"ar","@id":"https:\/\/otmaroc.com\/product\/4165\/#primaryimage","url":"https:\/\/otmaroc.com\/wp-content\/uploads\/2025\/03\/www.otmaroc.com-0623512008-otmaroc2024@gmail.com-63.png","contentUrl":"https:\/\/otmaroc.com\/wp-content\/uploads\/2025\/03\/www.otmaroc.com-0623512008-otmaroc2024@gmail.com-63.png","width":1080,"height":1080},{"@type":"BreadcrumbList","@id":"https:\/\/otmaroc.com\/product\/4165\/#breadcrumb","itemListElement":[{"@type":"ListItem","position":1,"name":"Home","item":"https:\/\/otmaroc.com\/"},{"@type":"ListItem","position":2,"name":"Products","item":"https:\/\/otmaroc.com\/store\/"},{"@type":"ListItem","position":3,"name":"Planche d\u2019\u00c9quilibre avec Poign\u00e9es \u2013 Wobble Board"}]},{"@type":"WebSite","@id":"https:\/\/otmaroc.com\/#website","url":"https:\/\/otmaroc.com\/","name":"OTMAROC","description":"The number one website in morocco for occupational therapy","publisher":{"@id":"https:\/\/otmaroc.com\/#organization"},"potentialAction":[{"@type":"SearchAction","target":{"@type":"EntryPoint","urlTemplate":"https:\/\/otmaroc.com\/?s={search_term_string}"},"query-input":{"@type":"PropertyValueSpecification","valueRequired":true,"valueName":"search_term_string"}}],"inLanguage":"ar"},{"@type":"Organization","@id":"https:\/\/otmaroc.com\/#organization","name":"OTMAROC","url":"https:\/\/otmaroc.com\/","logo":{"@type":"ImageObject","inLanguage":"ar","@id":"https:\/\/otmaroc.com\/#\/schema\/logo\/image\/","url":"https:\/\/otmaroc.com\/wp-content\/uploads\/2024\/08\/cropped-cropped-Black_White_Yellow_Simple_Initial_Name_Logo-removebg-preview-2.png","contentUrl":"https:\/\/otmaroc.com\/wp-content\/uploads\/2024\/08\/cropped-cropped-Black_White_Yellow_Simple_Initial_Name_Logo-removebg-preview-2.png","width":298,"height":192,"caption":"OTMAROC"},"image":{"@id":"https:\/\/otmaroc.com\/#\/schema\/logo\/image\/"},"sameAs":["https:\/\/www.facebook.com\/profile.php?id=61565107472257","https:\/\/www.instagram.com\/otmaroc2024\/","https:\/\/www.youtube.com\/@othmaneksaibar6763","https:\/\/api.whatsapp.com\/send?phone=2120623512008"]}]}},"uagb_featured_image_src":{"full":["https:\/\/otmaroc.com\/wp-content\/uploads\/2025\/03\/www.otmaroc.com-0623512008-otmaroc2024@gmail.com-63.png",1080,1080,false],"thumbnail":["https:\/\/otmaroc.com\/wp-content\/uploads\/2025\/03\/www.otmaroc.com-0623512008-otmaroc2024@gmail.com-63-150x150.png",150,150,true],"medium":["https:\/\/otmaroc.com\/wp-content\/uploads\/2025\/03\/www.otmaroc.com-0623512008-otmaroc2024@gmail.com-63-300x300.png",300,300,true],"medium_large":["https:\/\/otmaroc.com\/wp-content\/uploads\/2025\/03\/www.otmaroc.com-0623512008-otmaroc2024@gmail.com-63-768x768.png",768,768,true],"large":["https:\/\/otmaroc.com\/wp-content\/uploads\/2025\/03\/www.otmaroc.com-0623512008-otmaroc2024@gmail.com-63-1024x1024.png",1024,1024,true],"1536x1536":["https:\/\/otmaroc.com\/wp-content\/uploads\/2025\/03\/www.otmaroc.com-0623512008-otmaroc2024@gmail.com-63.png",1080,1080,false],"2048x2048":["https:\/\/otmaroc.com\/wp-content\/uploads\/2025\/03\/www.otmaroc.com-0623512008-otmaroc2024@gmail.com-63.png",1080,1080,false],"trp-custom-language-flag":["https:\/\/otmaroc.com\/wp-content\/uploads\/2025\/03\/www.otmaroc.com-0623512008-otmaroc2024@gmail.com-63-12x12.png",12,12,true],"woocommerce_thumbnail":["https:\/\/otmaroc.com\/wp-content\/uploads\/2025\/03\/www.otmaroc.com-0623512008-otmaroc2024@gmail.com-63-300x300.png",300,300,true],"woocommerce_single":["https:\/\/otmaroc.com\/wp-content\/uploads\/2025\/03\/www.otmaroc.com-0623512008-otmaroc2024@gmail.com-63-600x600.png",600,600,true],"woocommerce_gallery_thumbnail":["https:\/\/otmaroc.com\/wp-content\/uploads\/2025\/03\/www.otmaroc.com-0623512008-otmaroc2024@gmail.com-63-100x100.png",100,100,true],"dgwt-wcas-product-suggestion":["https:\/\/otmaroc.com\/wp-content\/uploads\/2025\/03\/www.otmaroc.com-0623512008-otmaroc2024@gmail.com-63-64x64.png",64,64,true]},"uagb_author_info":{"display_name":"othmane iptv","author_link":"https:\/\/otmaroc.com\/ar\/author\/"},"uagb_comment_info":0,"uagb_excerpt":"la Planche d\u2019\u00c9quilibre avec Poign\u00e9es \u2013 Wobble Board. Id\u00e9ale pour am\u00e9liorer l'\u00e9quilibre, la coordination et la motricit\u00e9 chez les enfants et adultes.","jetpack_sharing_enabled":true,"_links":{"self":[{"href":"https:\/\/otmaroc.com\/ar\/wp-json\/wp\/v2\/product\/4165"}],"collection":[{"href":"https:\/\/otmaroc.com\/ar\/wp-json\/wp\/v2\/product"}],"about":[{"href":"https:\/\/otmaroc.com\/ar\/wp-json\/wp\/v2\/types\/product"}],"replies":[{"embeddable":true,"href":"https:\/\/otmaroc.com\/ar\/wp-json\/wp\/v2\/comments?post=4165"}],"wp:featuredmedia":[{"embeddable":true,"href":"https:\/\/otmaroc.com\/ar\/wp-json\/wp\/v2\/media\/4169"}],"wp:attachment":[{"href":"https:\/\/otmaroc.com\/ar\/wp-json\/wp\/v2\/media?parent=4165"}],"wp:term":[{"taxonomy":"product_cat","embeddable":true,"href":"https:\/\/otmaroc.com\/ar\/wp-json\/wp\/v2\/product_cat?post=4165"},{"taxonomy":"product_tag","embeddable":true,"href":"https:\/\/otmaroc.com\/ar\/wp-json\/wp\/v2\/product_tag?post=4165"}],"curies":[{"name":"wp","href":"https:\/\/api.w.org\/{rel}","templated":true}]}}