{"id":4153,"date":"2025-03-02T00:53:08","date_gmt":"2025-03-02T00:53:08","guid":{"rendered":"https:\/\/otmaroc.com\/?post_type=product&#038;p=4153"},"modified":"2025-03-02T01:04:15","modified_gmt":"2025-03-02T01:04:15","slug":"socle-multi-fonctions-pour-jalon-et-cerceau-lot-de-4-socles-sans-cerceaux","status":"publish","type":"product","link":"https:\/\/otmaroc.com\/ar\/product\/socle-multi-fonctions-pour-jalon-et-cerceau-lot-de-4-socles-sans-cerceaux\/","title":{"rendered":"Socle multi-fonctions pour jalon et cerceau \u2013 lot de 4 socles sans cerceaux"},"content":{"rendered":"<p>&nbsp;<\/p>\n<p><strong>Description technique<\/strong> :<br \/>\nLe <strong>Socle Multi-Fonctions pour Jalon et Cerceau<\/strong> est un ensemble de 4 socles polyvalents, con\u00e7us pour \u00eatre utilis\u00e9s avec des jalons ou cerceaux, parfaits pour cr\u00e9er des parcours d&rsquo;obstacles ou des jeux de motricit\u00e9. Adapt\u00e9 pour les activit\u00e9s en ext\u00e9rieur et en int\u00e9rieur, il permet aux enfants de d\u00e9velopper leurs comp\u00e9tences en coordination et agilit\u00e9. Robustes et faciles \u00e0 utiliser, ces socles offrent une grande stabilit\u00e9 pour des jeux dynamiques. Disponible maintenant sur OTMaroc.<\/p>\n<h4><strong>Ce kit contient:<\/strong><\/h4>\n<ul>\n<li><strong>4 Socle multi-fonctions pour jalon, cerceau rond et plat<\/strong>\u00a0en plastic color\u00e9<\/li>\n<li>NB: Les couleurs sont en fonction du stock disponible<\/li>\n<li><strong>Les socles sont vendus seuls sans cerceaux. Ces derniers sont vendus s\u00e9par\u00e9ment<\/strong><\/li>\n<\/ul>\n<p>&nbsp;<\/p>","protected":false},"excerpt":{"rendered":"<p>le Socle Multi-Fonctions pour Jalon et Cerceau, id\u00e9al pour cr\u00e9er des parcours sportifs et des jeux de motricit\u00e9. Lot de 4 socles pratiques et solides pour enfants.<\/p>","protected":false},"featured_media":4158,"comment_status":"open","ping_status":"closed","template":"","meta":{"_uag_custom_page_level_css":"","site-sidebar-layout":"default","site-content-layout":"","ast-site-content-layout":"default","site-content-style":"default","site-sidebar-style":"default","ast-global-header-display":"","ast-banner-title-visibility":"","ast-main-header-display":"","ast-hfb-above-header-display":"","ast-hfb-below-header-display":"","ast-hfb-mobile-header-display":"","site-post-title":"","ast-breadcrumbs-content":"","ast-featured-img":"","footer-sml-layout":"","theme-transparent-header-meta":"default","adv-header-id-meta":"","stick-header-meta":"","header-above-stick-meta":"","header-main-stick-meta":"","header-below-stick-meta":"","astra-migrate-meta-layouts":"set","ast-page-background-enabled":"default","ast-page-background-meta":{"desktop":{"background-color":"","background-image":"","background-repeat":"repeat","background-position":"center center","background-size":"auto","background-attachment":"scroll","background-type":"","background-media":"","overlay-type":"","overlay-color":"","overlay-opacity":"","overlay-gradient":""},"tablet":{"background-color":"","background-image":"","background-repeat":"repeat","background-position":"center center","background-size":"auto","background-attachment":"scroll","background-type":"","background-media":"","overlay-type":"","overlay-color":"","overlay-opacity":"","overlay-gradient":""},"mobile":{"background-color":"","background-image":"","background-repeat":"repeat","background-position":"center center","background-size":"auto","background-attachment":"scroll","background-type":"","background-media":"","overlay-type":"","overlay-color":"","overlay-opacity":"","overlay-gradient":""}},"ast-content-background-meta":{"desktop":{"background-color":"var(--ast-global-color-5)","background-image":"","background-repeat":"repeat","background-position":"center center","background-size":"auto","background-attachment":"scroll","background-type":"","background-media":"","overlay-type":"","overlay-color":"","overlay-opacity":"","overlay-gradient":""},"tablet":{"background-color":"var(--ast-global-color-5)","background-image":"","background-repeat":"repeat","background-position":"center center","background-size":"auto","background-attachment":"scroll","background-type":"","background-media":"","overlay-type":"","overlay-color":"","overlay-opacity":"","overlay-gradient":""},"mobile":{"background-color":"var(--ast-global-color-5)","background-image":"","background-repeat":"repeat","background-position":"center center","background-size":"auto","background-attachment":"scroll","background-type":"","background-media":"","overlay-type":"","overlay-color":"","overlay-opacity":"","overlay-gradient":""}}},"product_cat":[52,78,79,42,90,99,103,63,114,116],"product_tag":[],"class_list":{"0":"post-4153","1":"product","2":"type-product","3":"status-publish","4":"has-post-thumbnail","6":"product_cat-jouets-de-therapie-au-maroc","7":"product_cat-materiel-de-kinesitherapie","8":"product_cat-materiel-de-psychomotricite","9":"product_cat-materiel-de-reeducation","10":"product_cat-motricite","11":"product_cat-reeducation-motrice","12":"product_cat-tous-les-jeux-educatifs-et-therapeutiques","13":"product_cat-tous-les-produits","14":"product_cat-tout-le-materiel-de-kinesitherapie","15":"product_cat-tout-le-materiel-de-reeducation","16":"desktop-align-left","17":"tablet-align-left","18":"mobile-align-left","20":"first","21":"instock","22":"sale","23":"shipping-taxable","24":"purchasable","25":"product-type-simple"},"yoast_head":"<!-- This site is optimized with the Yoast SEO plugin v23.5 - https:\/\/yoast.com\/wordpress\/plugins\/seo\/ -->\n<title>Socle Multi-Fonctions pour Jalon et Cerceau au Maroc<\/title>\n<meta name=\"description\" content=\"Achetez le Socle Multi-Fonctions pour Jalon et Cerceau au Maroc, id\u00e9al pour cr\u00e9er des parcours sportifs et des jeux de motricit\u00e9. Lot de 4 socles pratiques et solides pour enfants.\" \/>\n<meta name=\"robots\" content=\"index, follow, max-snippet:-1, max-image-preview:large, max-video-preview:-1\" \/>\n<link rel=\"canonical\" href=\"https:\/\/otmaroc.com\/ar\/product\/socle-multi-fonctions-pour-jalon-et-cerceau-lot-de-4-socles-sans-cerceaux\/\" \/>\n<meta property=\"og:locale\" content=\"ar_AR\" \/>\n<meta property=\"og:type\" content=\"article\" \/>\n<meta property=\"og:title\" content=\"Socle Multi-Fonctions pour Jalon et Cerceau au Maroc\" \/>\n<meta property=\"og:description\" content=\"Achetez le Socle Multi-Fonctions pour Jalon et Cerceau au Maroc, id\u00e9al pour cr\u00e9er des parcours sportifs et des jeux de motricit\u00e9. Lot de 4 socles pratiques et solides pour enfants.\" \/>\n<meta property=\"og:url\" content=\"https:\/\/otmaroc.com\/ar\/product\/socle-multi-fonctions-pour-jalon-et-cerceau-lot-de-4-socles-sans-cerceaux\/\" \/>\n<meta property=\"og:site_name\" content=\"OTMAROC\" \/>\n<meta property=\"article:publisher\" content=\"https:\/\/www.facebook.com\/profile.php?id=61565107472257\" \/>\n<meta property=\"article:modified_time\" content=\"2025-03-02T01:04:15+00:00\" \/>\n<meta property=\"og:image\" content=\"https:\/\/otmaroc.com\/wp-content\/uploads\/2025\/03\/www.otmaroc.com-0623512008-otmaroc2024@gmail.com-62.png\" \/>\n\t<meta property=\"og:image:width\" content=\"1080\" \/>\n\t<meta property=\"og:image:height\" content=\"1080\" \/>\n\t<meta property=\"og:image:type\" content=\"image\/png\" \/>\n<meta name=\"twitter:card\" content=\"summary_large_image\" \/>\n<meta name=\"twitter:label1\" content=\"\u0648\u0642\u062a \u0627\u0644\u0642\u0631\u0627\u0621\u0629 \u0627\u0644\u0645\u064f\u0642\u062f\u0651\u0631\" \/>\n\t<meta name=\"twitter:data1\" content=\"\u062f\u0642\u064a\u0642\u0629 \u0648\u0627\u062d\u062f\u0629\" \/>\n<script type=\"application\/ld+json\" class=\"yoast-schema-graph\">{\"@context\":\"https:\/\/schema.org\",\"@graph\":[{\"@type\":\"WebPage\",\"@id\":\"https:\/\/otmaroc.com\/product\/socle-multi-fonctions-pour-jalon-et-cerceau-lot-de-4-socles-sans-cerceaux\/\",\"url\":\"https:\/\/otmaroc.com\/product\/socle-multi-fonctions-pour-jalon-et-cerceau-lot-de-4-socles-sans-cerceaux\/\",\"name\":\"Socle Multi-Fonctions pour Jalon et Cerceau au Maroc\",\"isPartOf\":{\"@id\":\"https:\/\/otmaroc.com\/#website\"},\"primaryImageOfPage\":{\"@id\":\"https:\/\/otmaroc.com\/product\/socle-multi-fonctions-pour-jalon-et-cerceau-lot-de-4-socles-sans-cerceaux\/#primaryimage\"},\"image\":{\"@id\":\"https:\/\/otmaroc.com\/product\/socle-multi-fonctions-pour-jalon-et-cerceau-lot-de-4-socles-sans-cerceaux\/#primaryimage\"},\"thumbnailUrl\":\"https:\/\/otmaroc.com\/wp-content\/uploads\/2025\/03\/www.otmaroc.com-0623512008-otmaroc2024@gmail.com-62.png\",\"datePublished\":\"2025-03-02T00:53:08+00:00\",\"dateModified\":\"2025-03-02T01:04:15+00:00\",\"description\":\"Achetez le Socle Multi-Fonctions pour Jalon et Cerceau au Maroc, id\u00e9al pour cr\u00e9er des parcours sportifs et des jeux de motricit\u00e9. Lot de 4 socles pratiques et solides pour enfants.\",\"breadcrumb\":{\"@id\":\"https:\/\/otmaroc.com\/product\/socle-multi-fonctions-pour-jalon-et-cerceau-lot-de-4-socles-sans-cerceaux\/#breadcrumb\"},\"inLanguage\":\"ar\",\"potentialAction\":[{\"@type\":\"ReadAction\",\"target\":[\"https:\/\/otmaroc.com\/product\/socle-multi-fonctions-pour-jalon-et-cerceau-lot-de-4-socles-sans-cerceaux\/\"]}]},{\"@type\":\"ImageObject\",\"inLanguage\":\"ar\",\"@id\":\"https:\/\/otmaroc.com\/product\/socle-multi-fonctions-pour-jalon-et-cerceau-lot-de-4-socles-sans-cerceaux\/#primaryimage\",\"url\":\"https:\/\/otmaroc.com\/wp-content\/uploads\/2025\/03\/www.otmaroc.com-0623512008-otmaroc2024@gmail.com-62.png\",\"contentUrl\":\"https:\/\/otmaroc.com\/wp-content\/uploads\/2025\/03\/www.otmaroc.com-0623512008-otmaroc2024@gmail.com-62.png\",\"width\":1080,\"height\":1080},{\"@type\":\"BreadcrumbList\",\"@id\":\"https:\/\/otmaroc.com\/product\/socle-multi-fonctions-pour-jalon-et-cerceau-lot-de-4-socles-sans-cerceaux\/#breadcrumb\",\"itemListElement\":[{\"@type\":\"ListItem\",\"position\":1,\"name\":\"Home\",\"item\":\"https:\/\/otmaroc.com\/\"},{\"@type\":\"ListItem\",\"position\":2,\"name\":\"Products\",\"item\":\"https:\/\/otmaroc.com\/store\/\"},{\"@type\":\"ListItem\",\"position\":3,\"name\":\"Socle multi-fonctions pour jalon et cerceau \u2013 lot de 4 socles sans cerceaux\"}]},{\"@type\":\"WebSite\",\"@id\":\"https:\/\/otmaroc.com\/#website\",\"url\":\"https:\/\/otmaroc.com\/\",\"name\":\"OTMAROC\",\"description\":\"The number one website in morocco for occupational therapy\",\"publisher\":{\"@id\":\"https:\/\/otmaroc.com\/#organization\"},\"potentialAction\":[{\"@type\":\"SearchAction\",\"target\":{\"@type\":\"EntryPoint\",\"urlTemplate\":\"https:\/\/otmaroc.com\/?s={search_term_string}\"},\"query-input\":{\"@type\":\"PropertyValueSpecification\",\"valueRequired\":true,\"valueName\":\"search_term_string\"}}],\"inLanguage\":\"ar\"},{\"@type\":\"Organization\",\"@id\":\"https:\/\/otmaroc.com\/#organization\",\"name\":\"OTMAROC\",\"url\":\"https:\/\/otmaroc.com\/\",\"logo\":{\"@type\":\"ImageObject\",\"inLanguage\":\"ar\",\"@id\":\"https:\/\/otmaroc.com\/#\/schema\/logo\/image\/\",\"url\":\"https:\/\/otmaroc.com\/wp-content\/uploads\/2024\/08\/cropped-cropped-Black_White_Yellow_Simple_Initial_Name_Logo-removebg-preview-2.png\",\"contentUrl\":\"https:\/\/otmaroc.com\/wp-content\/uploads\/2024\/08\/cropped-cropped-Black_White_Yellow_Simple_Initial_Name_Logo-removebg-preview-2.png\",\"width\":298,\"height\":192,\"caption\":\"OTMAROC\"},\"image\":{\"@id\":\"https:\/\/otmaroc.com\/#\/schema\/logo\/image\/\"},\"sameAs\":[\"https:\/\/www.facebook.com\/profile.php?id=61565107472257\",\"https:\/\/www.instagram.com\/otmaroc2024\/\",\"https:\/\/www.youtube.com\/@othmaneksaibar6763\",\"https:\/\/api.whatsapp.com\/send?phone=2120623512008\"]}]}<\/script>\n<!-- \/ Yoast SEO plugin. -->","yoast_head_json":{"title":"Socle Multi-Fonctions pour Jalon et Cerceau au Maroc","description":"Achetez le Socle Multi-Fonctions pour Jalon et Cerceau au Maroc, id\u00e9al pour cr\u00e9er des parcours sportifs et des jeux de motricit\u00e9. Lot de 4 socles pratiques et solides pour enfants.","robots":{"index":"index","follow":"follow","max-snippet":"max-snippet:-1","max-image-preview":"max-image-preview:large","max-video-preview":"max-video-preview:-1"},"canonical":"https:\/\/otmaroc.com\/ar\/product\/socle-multi-fonctions-pour-jalon-et-cerceau-lot-de-4-socles-sans-cerceaux\/","og_locale":"ar_AR","og_type":"article","og_title":"Socle Multi-Fonctions pour Jalon et Cerceau au Maroc","og_description":"Achetez le Socle Multi-Fonctions pour Jalon et Cerceau au Maroc, id\u00e9al pour cr\u00e9er des parcours sportifs et des jeux de motricit\u00e9. Lot de 4 socles pratiques et solides pour enfants.","og_url":"https:\/\/otmaroc.com\/ar\/product\/socle-multi-fonctions-pour-jalon-et-cerceau-lot-de-4-socles-sans-cerceaux\/","og_site_name":"OTMAROC","article_publisher":"https:\/\/www.facebook.com\/profile.php?id=61565107472257","article_modified_time":"2025-03-02T01:04:15+00:00","og_image":[{"width":1080,"height":1080,"url":"https:\/\/otmaroc.com\/wp-content\/uploads\/2025\/03\/www.otmaroc.com-0623512008-otmaroc2024@gmail.com-62.png","type":"image\/png"}],"twitter_card":"summary_large_image","twitter_misc":{"\u0648\u0642\u062a \u0627\u0644\u0642\u0631\u0627\u0621\u0629 \u0627\u0644\u0645\u064f\u0642\u062f\u0651\u0631":"\u062f\u0642\u064a\u0642\u0629 \u0648\u0627\u062d\u062f\u0629"},"schema":{"@context":"https:\/\/schema.org","@graph":[{"@type":"WebPage","@id":"https:\/\/otmaroc.com\/product\/socle-multi-fonctions-pour-jalon-et-cerceau-lot-de-4-socles-sans-cerceaux\/","url":"https:\/\/otmaroc.com\/product\/socle-multi-fonctions-pour-jalon-et-cerceau-lot-de-4-socles-sans-cerceaux\/","name":"Socle Multi-Fonctions pour Jalon et Cerceau au Maroc","isPartOf":{"@id":"https:\/\/otmaroc.com\/#website"},"primaryImageOfPage":{"@id":"https:\/\/otmaroc.com\/product\/socle-multi-fonctions-pour-jalon-et-cerceau-lot-de-4-socles-sans-cerceaux\/#primaryimage"},"image":{"@id":"https:\/\/otmaroc.com\/product\/socle-multi-fonctions-pour-jalon-et-cerceau-lot-de-4-socles-sans-cerceaux\/#primaryimage"},"thumbnailUrl":"https:\/\/otmaroc.com\/wp-content\/uploads\/2025\/03\/www.otmaroc.com-0623512008-otmaroc2024@gmail.com-62.png","datePublished":"2025-03-02T00:53:08+00:00","dateModified":"2025-03-02T01:04:15+00:00","description":"Achetez le Socle Multi-Fonctions pour Jalon et Cerceau au Maroc, id\u00e9al pour cr\u00e9er des parcours sportifs et des jeux de motricit\u00e9. Lot de 4 socles pratiques et solides pour enfants.","breadcrumb":{"@id":"https:\/\/otmaroc.com\/product\/socle-multi-fonctions-pour-jalon-et-cerceau-lot-de-4-socles-sans-cerceaux\/#breadcrumb"},"inLanguage":"ar","potentialAction":[{"@type":"ReadAction","target":["https:\/\/otmaroc.com\/product\/socle-multi-fonctions-pour-jalon-et-cerceau-lot-de-4-socles-sans-cerceaux\/"]}]},{"@type":"ImageObject","inLanguage":"ar","@id":"https:\/\/otmaroc.com\/product\/socle-multi-fonctions-pour-jalon-et-cerceau-lot-de-4-socles-sans-cerceaux\/#primaryimage","url":"https:\/\/otmaroc.com\/wp-content\/uploads\/2025\/03\/www.otmaroc.com-0623512008-otmaroc2024@gmail.com-62.png","contentUrl":"https:\/\/otmaroc.com\/wp-content\/uploads\/2025\/03\/www.otmaroc.com-0623512008-otmaroc2024@gmail.com-62.png","width":1080,"height":1080},{"@type":"BreadcrumbList","@id":"https:\/\/otmaroc.com\/product\/socle-multi-fonctions-pour-jalon-et-cerceau-lot-de-4-socles-sans-cerceaux\/#breadcrumb","itemListElement":[{"@type":"ListItem","position":1,"name":"Home","item":"https:\/\/otmaroc.com\/"},{"@type":"ListItem","position":2,"name":"Products","item":"https:\/\/otmaroc.com\/store\/"},{"@type":"ListItem","position":3,"name":"Socle multi-fonctions pour jalon et cerceau \u2013 lot de 4 socles sans cerceaux"}]},{"@type":"WebSite","@id":"https:\/\/otmaroc.com\/#website","url":"https:\/\/otmaroc.com\/","name":"OTMAROC","description":"The number one website in morocco for occupational therapy","publisher":{"@id":"https:\/\/otmaroc.com\/#organization"},"potentialAction":[{"@type":"SearchAction","target":{"@type":"EntryPoint","urlTemplate":"https:\/\/otmaroc.com\/?s={search_term_string}"},"query-input":{"@type":"PropertyValueSpecification","valueRequired":true,"valueName":"search_term_string"}}],"inLanguage":"ar"},{"@type":"Organization","@id":"https:\/\/otmaroc.com\/#organization","name":"OTMAROC","url":"https:\/\/otmaroc.com\/","logo":{"@type":"ImageObject","inLanguage":"ar","@id":"https:\/\/otmaroc.com\/#\/schema\/logo\/image\/","url":"https:\/\/otmaroc.com\/wp-content\/uploads\/2024\/08\/cropped-cropped-Black_White_Yellow_Simple_Initial_Name_Logo-removebg-preview-2.png","contentUrl":"https:\/\/otmaroc.com\/wp-content\/uploads\/2024\/08\/cropped-cropped-Black_White_Yellow_Simple_Initial_Name_Logo-removebg-preview-2.png","width":298,"height":192,"caption":"OTMAROC"},"image":{"@id":"https:\/\/otmaroc.com\/#\/schema\/logo\/image\/"},"sameAs":["https:\/\/www.facebook.com\/profile.php?id=61565107472257","https:\/\/www.instagram.com\/otmaroc2024\/","https:\/\/www.youtube.com\/@othmaneksaibar6763","https:\/\/api.whatsapp.com\/send?phone=2120623512008"]}]}},"uagb_featured_image_src":{"full":["https:\/\/otmaroc.com\/wp-content\/uploads\/2025\/03\/www.otmaroc.com-0623512008-otmaroc2024@gmail.com-62.png",1080,1080,false],"thumbnail":["https:\/\/otmaroc.com\/wp-content\/uploads\/2025\/03\/www.otmaroc.com-0623512008-otmaroc2024@gmail.com-62-150x150.png",150,150,true],"medium":["https:\/\/otmaroc.com\/wp-content\/uploads\/2025\/03\/www.otmaroc.com-0623512008-otmaroc2024@gmail.com-62-300x300.png",300,300,true],"medium_large":["https:\/\/otmaroc.com\/wp-content\/uploads\/2025\/03\/www.otmaroc.com-0623512008-otmaroc2024@gmail.com-62-768x768.png",768,768,true],"large":["https:\/\/otmaroc.com\/wp-content\/uploads\/2025\/03\/www.otmaroc.com-0623512008-otmaroc2024@gmail.com-62-1024x1024.png",1024,1024,true],"1536x1536":["https:\/\/otmaroc.com\/wp-content\/uploads\/2025\/03\/www.otmaroc.com-0623512008-otmaroc2024@gmail.com-62.png",1080,1080,false],"2048x2048":["https:\/\/otmaroc.com\/wp-content\/uploads\/2025\/03\/www.otmaroc.com-0623512008-otmaroc2024@gmail.com-62.png",1080,1080,false],"trp-custom-language-flag":["https:\/\/otmaroc.com\/wp-content\/uploads\/2025\/03\/www.otmaroc.com-0623512008-otmaroc2024@gmail.com-62-12x12.png",12,12,true],"woocommerce_thumbnail":["https:\/\/otmaroc.com\/wp-content\/uploads\/2025\/03\/www.otmaroc.com-0623512008-otmaroc2024@gmail.com-62-300x300.png",300,300,true],"woocommerce_single":["https:\/\/otmaroc.com\/wp-content\/uploads\/2025\/03\/www.otmaroc.com-0623512008-otmaroc2024@gmail.com-62-600x600.png",600,600,true],"woocommerce_gallery_thumbnail":["https:\/\/otmaroc.com\/wp-content\/uploads\/2025\/03\/www.otmaroc.com-0623512008-otmaroc2024@gmail.com-62-100x100.png",100,100,true],"dgwt-wcas-product-suggestion":["https:\/\/otmaroc.com\/wp-content\/uploads\/2025\/03\/www.otmaroc.com-0623512008-otmaroc2024@gmail.com-62-64x64.png",64,64,true]},"uagb_author_info":{"display_name":"othmane iptv","author_link":"https:\/\/otmaroc.com\/ar\/author\/"},"uagb_comment_info":0,"uagb_excerpt":"le Socle Multi-Fonctions pour Jalon et Cerceau, id\u00e9al pour cr\u00e9er des parcours sportifs et des jeux de motricit\u00e9. Lot de 4 socles pratiques et solides pour enfants.","jetpack_sharing_enabled":true,"_links":{"self":[{"href":"https:\/\/otmaroc.com\/ar\/wp-json\/wp\/v2\/product\/4153"}],"collection":[{"href":"https:\/\/otmaroc.com\/ar\/wp-json\/wp\/v2\/product"}],"about":[{"href":"https:\/\/otmaroc.com\/ar\/wp-json\/wp\/v2\/types\/product"}],"replies":[{"embeddable":true,"href":"https:\/\/otmaroc.com\/ar\/wp-json\/wp\/v2\/comments?post=4153"}],"wp:featuredmedia":[{"embeddable":true,"href":"https:\/\/otmaroc.com\/ar\/wp-json\/wp\/v2\/media\/4158"}],"wp:attachment":[{"href":"https:\/\/otmaroc.com\/ar\/wp-json\/wp\/v2\/media?parent=4153"}],"wp:term":[{"taxonomy":"product_cat","embeddable":true,"href":"https:\/\/otmaroc.com\/ar\/wp-json\/wp\/v2\/product_cat?post=4153"},{"taxonomy":"product_tag","embeddable":true,"href":"https:\/\/otmaroc.com\/ar\/wp-json\/wp\/v2\/product_tag?post=4153"}],"curies":[{"name":"wp","href":"https:\/\/api.w.org\/{rel}","templated":true}]}}