{"id":4140,"date":"2025-03-01T20:58:28","date_gmt":"2025-03-01T20:58:28","guid":{"rendered":"https:\/\/otmaroc.com\/?post_type=product&#038;p=4140"},"modified":"2025-03-17T13:47:02","modified_gmt":"2025-03-17T13:47:02","slug":"4-cahiers-magiques-sentrainer-a-lecriture","status":"publish","type":"product","link":"https:\/\/otmaroc.com\/ar\/product\/4-cahiers-magiques-sentrainer-a-lecriture\/","title":{"rendered":"4 cahiers magiques s\u2019entrainer \u00e0 l\u2019\u00e9criture"},"content":{"rendered":"<p>&nbsp;<\/p>\n<p>Ces livres sont magiques !<\/p>\n<p>Set de 4 livres pour s\u2019entrainer \u00e0 l\u2019\u00e9criture:<\/p>\n<ol>\n<li>alphabet<\/li>\n<li>dessin<\/li>\n<li>chiffres<\/li>\n<li>math\u00e9matiques<\/li>\n<\/ol>\n<p>L&rsquo;\u00e9criture s&rsquo;efface automatiquement apr\u00e8s s\u00e9chage, ce qui les rend parfaits pour une pratique r\u00e9p\u00e9t\u00e9e. Adapt\u00e9 \u00e0 tous les \u00e2ges, il suffit d&rsquo;un peu d&rsquo;entra\u00eenement pour obtenir une belle \u00e9criture. Ce jeu \u00e9ducatif est id\u00e9al pour apprendre \u00e0 \u00e9crire facilement, de mani\u00e8re ludique et r\u00e9p\u00e9t\u00e9e.<\/p>\n<p>C\u2019est un cadeau \u00e9ducatif parfait pour les enfants d&rsquo;\u00e2ge pr\u00e9scolaire !<\/p>\n<hr \/>\n<p><strong>Avantages \u00e9ducatifs<\/strong><\/p>\n<ul>\n<li>Un jeu simple et amusant pour aider les enfants \u00e0 apprendre les premi\u00e8res \u00e9tapes de l\u2019\u00e9criture.<\/li>\n<li>Favorise la conscience phon\u00e9tique.<\/li>\n<li>Stimule les int\u00e9r\u00eats des enfants, ce qui renforce leur motivation \u00e0 apprendre.<\/li>\n<li>Aide au d\u00e9veloppement de la motricit\u00e9 fine et des muscles de la main.<\/li>\n<li>Am\u00e9liore la coordination \u0153il-main.<\/li>\n<\/ul>\n<hr \/>\n<p><strong>Caract\u00e9ristiques du produit<\/strong><\/p>\n<ul>\n<li>\u00c2ge recommand\u00e9 : \u00e0 partir de 3 ans.<\/li>\n<li>Contenu : 4 livres et un stylo.<\/li>\n<li>Dimensions : 28 x 20 cm.<\/li>\n<\/ul>","protected":false},"excerpt":{"rendered":"<p>Set de 4 livres pour s\u2019entrainer \u00e0 l\u2019\u00e9criture:<\/p>\n<ol>\n<li>alphabet<\/li>\n<li>dessin<\/li>\n<li>chiffres<\/li>\n<li>math\u00e9matiques<\/li>\n<\/ol>\n<p>un outil \u00e9ducatif pour aider les enfants \u00e0 apprendre \u00e0 \u00e9crire de mani\u00e8re ludique et interactive. Id\u00e9al pour les jeunes apprenants au Maroc.<\/p>","protected":false},"featured_media":4396,"comment_status":"open","ping_status":"closed","template":"","meta":{"_uag_custom_page_level_css":"","site-sidebar-layout":"default","site-content-layout":"","ast-site-content-layout":"default","site-content-style":"default","site-sidebar-style":"default","ast-global-header-display":"","ast-banner-title-visibility":"","ast-main-header-display":"","ast-hfb-above-header-display":"","ast-hfb-below-header-display":"","ast-hfb-mobile-header-display":"","site-post-title":"","ast-breadcrumbs-content":"","ast-featured-img":"","footer-sml-layout":"","theme-transparent-header-meta":"default","adv-header-id-meta":"","stick-header-meta":"","header-above-stick-meta":"","header-main-stick-meta":"","header-below-stick-meta":"","astra-migrate-meta-layouts":"set","ast-page-background-enabled":"default","ast-page-background-meta":{"desktop":{"background-color":"","background-image":"","background-repeat":"repeat","background-position":"center center","background-size":"auto","background-attachment":"scroll","background-type":"","background-media":"","overlay-type":"","overlay-color":"","overlay-opacity":"","overlay-gradient":""},"tablet":{"background-color":"","background-image":"","background-repeat":"repeat","background-position":"center center","background-size":"auto","background-attachment":"scroll","background-type":"","background-media":"","overlay-type":"","overlay-color":"","overlay-opacity":"","overlay-gradient":""},"mobile":{"background-color":"","background-image":"","background-repeat":"repeat","background-position":"center center","background-size":"auto","background-attachment":"scroll","background-type":"","background-media":"","overlay-type":"","overlay-color":"","overlay-opacity":"","overlay-gradient":""}},"ast-content-background-meta":{"desktop":{"background-color":"var(--ast-global-color-5)","background-image":"","background-repeat":"repeat","background-position":"center center","background-size":"auto","background-attachment":"scroll","background-type":"","background-media":"","overlay-type":"","overlay-color":"","overlay-opacity":"","overlay-gradient":""},"tablet":{"background-color":"var(--ast-global-color-5)","background-image":"","background-repeat":"repeat","background-position":"center center","background-size":"auto","background-attachment":"scroll","background-type":"","background-media":"","overlay-type":"","overlay-color":"","overlay-opacity":"","overlay-gradient":""},"mobile":{"background-color":"var(--ast-global-color-5)","background-image":"","background-repeat":"repeat","background-position":"center center","background-size":"auto","background-attachment":"scroll","background-type":"","background-media":"","overlay-type":"","overlay-color":"","overlay-opacity":"","overlay-gradient":""}}},"product_cat":[92,147,52,80,79,103,63],"product_tag":[],"class_list":{"0":"post-4140","1":"product","2":"type-product","3":"status-publish","4":"has-post-thumbnail","6":"product_cat-apprentissage","7":"product_cat-ecriture","8":"product_cat-jouets-de-therapie-au-maroc","9":"product_cat-materiel-de-orthophonie","10":"product_cat-materiel-de-psychomotricite","11":"product_cat-tous-les-jeux-educatifs-et-therapeutiques","12":"product_cat-tous-les-produits","13":"desktop-align-left","14":"tablet-align-left","15":"mobile-align-left","17":"first","18":"instock","19":"sale","20":"shipping-taxable","21":"purchasable","22":"product-type-simple"},"yoast_head":"<!-- This site is optimized with the Yoast SEO plugin v23.5 - https:\/\/yoast.com\/wordpress\/plugins\/seo\/ -->\n<title>4 Cahiers Magiques S&#039;entra\u00eener \u00e0 l&#039;\u00c9criture au Maroc<\/title>\n<meta name=\"description\" content=\"Achetez les 4 Cahiers Magiques S&#039;entra\u00eener \u00e0 l&#039;\u00c9criture au Maroc , un outil \u00e9ducatif pour aider les enfants \u00e0 apprendre \u00e0 \u00e9crire de mani\u00e8re ludique et interactive. Id\u00e9al pour les jeunes apprenants au Maroc.\" \/>\n<meta name=\"robots\" content=\"index, follow, max-snippet:-1, max-image-preview:large, max-video-preview:-1\" \/>\n<link rel=\"canonical\" href=\"https:\/\/otmaroc.com\/ar\/product\/4-cahiers-magiques-sentrainer-a-lecriture\/\" \/>\n<meta property=\"og:locale\" content=\"ar_AR\" \/>\n<meta property=\"og:type\" content=\"article\" \/>\n<meta property=\"og:title\" content=\"4 Cahiers Magiques S&#039;entra\u00eener \u00e0 l&#039;\u00c9criture au Maroc\" \/>\n<meta property=\"og:description\" content=\"Achetez les 4 Cahiers Magiques S&#039;entra\u00eener \u00e0 l&#039;\u00c9criture au Maroc , un outil \u00e9ducatif pour aider les enfants \u00e0 apprendre \u00e0 \u00e9crire de mani\u00e8re ludique et interactive. Id\u00e9al pour les jeunes apprenants au Maroc.\" \/>\n<meta property=\"og:url\" content=\"https:\/\/otmaroc.com\/ar\/product\/4-cahiers-magiques-sentrainer-a-lecriture\/\" \/>\n<meta property=\"og:site_name\" content=\"OTMAROC\" \/>\n<meta property=\"article:publisher\" content=\"https:\/\/www.facebook.com\/profile.php?id=61565107472257\" \/>\n<meta property=\"article:modified_time\" content=\"2025-03-17T13:47:02+00:00\" \/>\n<meta property=\"og:image\" content=\"https:\/\/otmaroc.com\/wp-content\/uploads\/2025\/03\/www.otmaroc.com-0623512008-otmaroc2024@gmail.com-103.png\" \/>\n\t<meta property=\"og:image:width\" content=\"1080\" \/>\n\t<meta property=\"og:image:height\" content=\"1080\" \/>\n\t<meta property=\"og:image:type\" content=\"image\/png\" \/>\n<meta name=\"twitter:card\" content=\"summary_large_image\" \/>\n<meta name=\"twitter:label1\" content=\"\u0648\u0642\u062a \u0627\u0644\u0642\u0631\u0627\u0621\u0629 \u0627\u0644\u0645\u064f\u0642\u062f\u0651\u0631\" \/>\n\t<meta name=\"twitter:data1\" content=\"\u062f\u0642\u064a\u0642\u0629 \u0648\u0627\u062d\u062f\u0629\" \/>\n<script type=\"application\/ld+json\" class=\"yoast-schema-graph\">{\"@context\":\"https:\/\/schema.org\",\"@graph\":[{\"@type\":\"WebPage\",\"@id\":\"https:\/\/otmaroc.com\/product\/4-cahiers-magiques-sentrainer-a-lecriture\/\",\"url\":\"https:\/\/otmaroc.com\/product\/4-cahiers-magiques-sentrainer-a-lecriture\/\",\"name\":\"4 Cahiers Magiques S'entra\u00eener \u00e0 l'\u00c9criture au Maroc\",\"isPartOf\":{\"@id\":\"https:\/\/otmaroc.com\/#website\"},\"primaryImageOfPage\":{\"@id\":\"https:\/\/otmaroc.com\/product\/4-cahiers-magiques-sentrainer-a-lecriture\/#primaryimage\"},\"image\":{\"@id\":\"https:\/\/otmaroc.com\/product\/4-cahiers-magiques-sentrainer-a-lecriture\/#primaryimage\"},\"thumbnailUrl\":\"https:\/\/otmaroc.com\/wp-content\/uploads\/2025\/03\/www.otmaroc.com-0623512008-otmaroc2024@gmail.com-103.png\",\"datePublished\":\"2025-03-01T20:58:28+00:00\",\"dateModified\":\"2025-03-17T13:47:02+00:00\",\"description\":\"Achetez les 4 Cahiers Magiques S'entra\u00eener \u00e0 l'\u00c9criture au Maroc , un outil \u00e9ducatif pour aider les enfants \u00e0 apprendre \u00e0 \u00e9crire de mani\u00e8re ludique et interactive. Id\u00e9al pour les jeunes apprenants au Maroc.\",\"breadcrumb\":{\"@id\":\"https:\/\/otmaroc.com\/product\/4-cahiers-magiques-sentrainer-a-lecriture\/#breadcrumb\"},\"inLanguage\":\"ar\",\"potentialAction\":[{\"@type\":\"ReadAction\",\"target\":[\"https:\/\/otmaroc.com\/product\/4-cahiers-magiques-sentrainer-a-lecriture\/\"]}]},{\"@type\":\"ImageObject\",\"inLanguage\":\"ar\",\"@id\":\"https:\/\/otmaroc.com\/product\/4-cahiers-magiques-sentrainer-a-lecriture\/#primaryimage\",\"url\":\"https:\/\/otmaroc.com\/wp-content\/uploads\/2025\/03\/www.otmaroc.com-0623512008-otmaroc2024@gmail.com-103.png\",\"contentUrl\":\"https:\/\/otmaroc.com\/wp-content\/uploads\/2025\/03\/www.otmaroc.com-0623512008-otmaroc2024@gmail.com-103.png\",\"width\":1080,\"height\":1080},{\"@type\":\"BreadcrumbList\",\"@id\":\"https:\/\/otmaroc.com\/product\/4-cahiers-magiques-sentrainer-a-lecriture\/#breadcrumb\",\"itemListElement\":[{\"@type\":\"ListItem\",\"position\":1,\"name\":\"Home\",\"item\":\"https:\/\/otmaroc.com\/\"},{\"@type\":\"ListItem\",\"position\":2,\"name\":\"Products\",\"item\":\"https:\/\/otmaroc.com\/store\/\"},{\"@type\":\"ListItem\",\"position\":3,\"name\":\"4 cahiers magiques s\u2019entrainer \u00e0 l\u2019\u00e9criture\"}]},{\"@type\":\"WebSite\",\"@id\":\"https:\/\/otmaroc.com\/#website\",\"url\":\"https:\/\/otmaroc.com\/\",\"name\":\"OTMAROC\",\"description\":\"The number one website in morocco for occupational therapy\",\"publisher\":{\"@id\":\"https:\/\/otmaroc.com\/#organization\"},\"potentialAction\":[{\"@type\":\"SearchAction\",\"target\":{\"@type\":\"EntryPoint\",\"urlTemplate\":\"https:\/\/otmaroc.com\/?s={search_term_string}\"},\"query-input\":{\"@type\":\"PropertyValueSpecification\",\"valueRequired\":true,\"valueName\":\"search_term_string\"}}],\"inLanguage\":\"ar\"},{\"@type\":\"Organization\",\"@id\":\"https:\/\/otmaroc.com\/#organization\",\"name\":\"OTMAROC\",\"url\":\"https:\/\/otmaroc.com\/\",\"logo\":{\"@type\":\"ImageObject\",\"inLanguage\":\"ar\",\"@id\":\"https:\/\/otmaroc.com\/#\/schema\/logo\/image\/\",\"url\":\"https:\/\/otmaroc.com\/wp-content\/uploads\/2024\/08\/cropped-cropped-Black_White_Yellow_Simple_Initial_Name_Logo-removebg-preview-2.png\",\"contentUrl\":\"https:\/\/otmaroc.com\/wp-content\/uploads\/2024\/08\/cropped-cropped-Black_White_Yellow_Simple_Initial_Name_Logo-removebg-preview-2.png\",\"width\":298,\"height\":192,\"caption\":\"OTMAROC\"},\"image\":{\"@id\":\"https:\/\/otmaroc.com\/#\/schema\/logo\/image\/\"},\"sameAs\":[\"https:\/\/www.facebook.com\/profile.php?id=61565107472257\",\"https:\/\/www.instagram.com\/otmaroc2024\/\",\"https:\/\/www.youtube.com\/@othmaneksaibar6763\",\"https:\/\/api.whatsapp.com\/send?phone=2120623512008\"]}]}<\/script>\n<!-- \/ Yoast SEO plugin. -->","yoast_head_json":{"title":"4 Cahiers Magiques S'entra\u00eener \u00e0 l'\u00c9criture au Maroc","description":"Achetez les 4 Cahiers Magiques S'entra\u00eener \u00e0 l'\u00c9criture au Maroc , un outil \u00e9ducatif pour aider les enfants \u00e0 apprendre \u00e0 \u00e9crire de mani\u00e8re ludique et interactive. Id\u00e9al pour les jeunes apprenants au Maroc.","robots":{"index":"index","follow":"follow","max-snippet":"max-snippet:-1","max-image-preview":"max-image-preview:large","max-video-preview":"max-video-preview:-1"},"canonical":"https:\/\/otmaroc.com\/ar\/product\/4-cahiers-magiques-sentrainer-a-lecriture\/","og_locale":"ar_AR","og_type":"article","og_title":"4 Cahiers Magiques S'entra\u00eener \u00e0 l'\u00c9criture au Maroc","og_description":"Achetez les 4 Cahiers Magiques S'entra\u00eener \u00e0 l'\u00c9criture au Maroc , un outil \u00e9ducatif pour aider les enfants \u00e0 apprendre \u00e0 \u00e9crire de mani\u00e8re ludique et interactive. Id\u00e9al pour les jeunes apprenants au Maroc.","og_url":"https:\/\/otmaroc.com\/ar\/product\/4-cahiers-magiques-sentrainer-a-lecriture\/","og_site_name":"OTMAROC","article_publisher":"https:\/\/www.facebook.com\/profile.php?id=61565107472257","article_modified_time":"2025-03-17T13:47:02+00:00","og_image":[{"width":1080,"height":1080,"url":"https:\/\/otmaroc.com\/wp-content\/uploads\/2025\/03\/www.otmaroc.com-0623512008-otmaroc2024@gmail.com-103.png","type":"image\/png"}],"twitter_card":"summary_large_image","twitter_misc":{"\u0648\u0642\u062a \u0627\u0644\u0642\u0631\u0627\u0621\u0629 \u0627\u0644\u0645\u064f\u0642\u062f\u0651\u0631":"\u062f\u0642\u064a\u0642\u0629 \u0648\u0627\u062d\u062f\u0629"},"schema":{"@context":"https:\/\/schema.org","@graph":[{"@type":"WebPage","@id":"https:\/\/otmaroc.com\/product\/4-cahiers-magiques-sentrainer-a-lecriture\/","url":"https:\/\/otmaroc.com\/product\/4-cahiers-magiques-sentrainer-a-lecriture\/","name":"4 Cahiers Magiques S'entra\u00eener \u00e0 l'\u00c9criture au Maroc","isPartOf":{"@id":"https:\/\/otmaroc.com\/#website"},"primaryImageOfPage":{"@id":"https:\/\/otmaroc.com\/product\/4-cahiers-magiques-sentrainer-a-lecriture\/#primaryimage"},"image":{"@id":"https:\/\/otmaroc.com\/product\/4-cahiers-magiques-sentrainer-a-lecriture\/#primaryimage"},"thumbnailUrl":"https:\/\/otmaroc.com\/wp-content\/uploads\/2025\/03\/www.otmaroc.com-0623512008-otmaroc2024@gmail.com-103.png","datePublished":"2025-03-01T20:58:28+00:00","dateModified":"2025-03-17T13:47:02+00:00","description":"Achetez les 4 Cahiers Magiques S'entra\u00eener \u00e0 l'\u00c9criture au Maroc , un outil \u00e9ducatif pour aider les enfants \u00e0 apprendre \u00e0 \u00e9crire de mani\u00e8re ludique et interactive. Id\u00e9al pour les jeunes apprenants au Maroc.","breadcrumb":{"@id":"https:\/\/otmaroc.com\/product\/4-cahiers-magiques-sentrainer-a-lecriture\/#breadcrumb"},"inLanguage":"ar","potentialAction":[{"@type":"ReadAction","target":["https:\/\/otmaroc.com\/product\/4-cahiers-magiques-sentrainer-a-lecriture\/"]}]},{"@type":"ImageObject","inLanguage":"ar","@id":"https:\/\/otmaroc.com\/product\/4-cahiers-magiques-sentrainer-a-lecriture\/#primaryimage","url":"https:\/\/otmaroc.com\/wp-content\/uploads\/2025\/03\/www.otmaroc.com-0623512008-otmaroc2024@gmail.com-103.png","contentUrl":"https:\/\/otmaroc.com\/wp-content\/uploads\/2025\/03\/www.otmaroc.com-0623512008-otmaroc2024@gmail.com-103.png","width":1080,"height":1080},{"@type":"BreadcrumbList","@id":"https:\/\/otmaroc.com\/product\/4-cahiers-magiques-sentrainer-a-lecriture\/#breadcrumb","itemListElement":[{"@type":"ListItem","position":1,"name":"Home","item":"https:\/\/otmaroc.com\/"},{"@type":"ListItem","position":2,"name":"Products","item":"https:\/\/otmaroc.com\/store\/"},{"@type":"ListItem","position":3,"name":"4 cahiers magiques s\u2019entrainer \u00e0 l\u2019\u00e9criture"}]},{"@type":"WebSite","@id":"https:\/\/otmaroc.com\/#website","url":"https:\/\/otmaroc.com\/","name":"OTMAROC","description":"The number one website in morocco for occupational therapy","publisher":{"@id":"https:\/\/otmaroc.com\/#organization"},"potentialAction":[{"@type":"SearchAction","target":{"@type":"EntryPoint","urlTemplate":"https:\/\/otmaroc.com\/?s={search_term_string}"},"query-input":{"@type":"PropertyValueSpecification","valueRequired":true,"valueName":"search_term_string"}}],"inLanguage":"ar"},{"@type":"Organization","@id":"https:\/\/otmaroc.com\/#organization","name":"OTMAROC","url":"https:\/\/otmaroc.com\/","logo":{"@type":"ImageObject","inLanguage":"ar","@id":"https:\/\/otmaroc.com\/#\/schema\/logo\/image\/","url":"https:\/\/otmaroc.com\/wp-content\/uploads\/2024\/08\/cropped-cropped-Black_White_Yellow_Simple_Initial_Name_Logo-removebg-preview-2.png","contentUrl":"https:\/\/otmaroc.com\/wp-content\/uploads\/2024\/08\/cropped-cropped-Black_White_Yellow_Simple_Initial_Name_Logo-removebg-preview-2.png","width":298,"height":192,"caption":"OTMAROC"},"image":{"@id":"https:\/\/otmaroc.com\/#\/schema\/logo\/image\/"},"sameAs":["https:\/\/www.facebook.com\/profile.php?id=61565107472257","https:\/\/www.instagram.com\/otmaroc2024\/","https:\/\/www.youtube.com\/@othmaneksaibar6763","https:\/\/api.whatsapp.com\/send?phone=2120623512008"]}]}},"uagb_featured_image_src":{"full":["https:\/\/otmaroc.com\/wp-content\/uploads\/2025\/03\/www.otmaroc.com-0623512008-otmaroc2024@gmail.com-103.png",1080,1080,false],"thumbnail":["https:\/\/otmaroc.com\/wp-content\/uploads\/2025\/03\/www.otmaroc.com-0623512008-otmaroc2024@gmail.com-103-150x150.png",150,150,true],"medium":["https:\/\/otmaroc.com\/wp-content\/uploads\/2025\/03\/www.otmaroc.com-0623512008-otmaroc2024@gmail.com-103-300x300.png",300,300,true],"medium_large":["https:\/\/otmaroc.com\/wp-content\/uploads\/2025\/03\/www.otmaroc.com-0623512008-otmaroc2024@gmail.com-103-768x768.png",768,768,true],"large":["https:\/\/otmaroc.com\/wp-content\/uploads\/2025\/03\/www.otmaroc.com-0623512008-otmaroc2024@gmail.com-103-1024x1024.png",1024,1024,true],"1536x1536":["https:\/\/otmaroc.com\/wp-content\/uploads\/2025\/03\/www.otmaroc.com-0623512008-otmaroc2024@gmail.com-103.png",1080,1080,false],"2048x2048":["https:\/\/otmaroc.com\/wp-content\/uploads\/2025\/03\/www.otmaroc.com-0623512008-otmaroc2024@gmail.com-103.png",1080,1080,false],"trp-custom-language-flag":["https:\/\/otmaroc.com\/wp-content\/uploads\/2025\/03\/www.otmaroc.com-0623512008-otmaroc2024@gmail.com-103-12x12.png",12,12,true],"woocommerce_thumbnail":["https:\/\/otmaroc.com\/wp-content\/uploads\/2025\/03\/www.otmaroc.com-0623512008-otmaroc2024@gmail.com-103-300x300.png",300,300,true],"woocommerce_single":["https:\/\/otmaroc.com\/wp-content\/uploads\/2025\/03\/www.otmaroc.com-0623512008-otmaroc2024@gmail.com-103-600x600.png",600,600,true],"woocommerce_gallery_thumbnail":["https:\/\/otmaroc.com\/wp-content\/uploads\/2025\/03\/www.otmaroc.com-0623512008-otmaroc2024@gmail.com-103-100x100.png",100,100,true],"dgwt-wcas-product-suggestion":["https:\/\/otmaroc.com\/wp-content\/uploads\/2025\/03\/www.otmaroc.com-0623512008-otmaroc2024@gmail.com-103-64x64.png",64,64,true]},"uagb_author_info":{"display_name":"othmane iptv","author_link":"https:\/\/otmaroc.com\/ar\/author\/"},"uagb_comment_info":0,"uagb_excerpt":"Set de 4 livres pour s\u2019entrainer \u00e0 l\u2019\u00e9criture: alphabet dessin chiffres math\u00e9matiques un outil \u00e9ducatif pour aider les enfants \u00e0 apprendre \u00e0 \u00e9crire de mani\u00e8re ludique et interactive. Id\u00e9al pour les jeunes apprenants au Maroc.","jetpack_sharing_enabled":true,"_links":{"self":[{"href":"https:\/\/otmaroc.com\/ar\/wp-json\/wp\/v2\/product\/4140"}],"collection":[{"href":"https:\/\/otmaroc.com\/ar\/wp-json\/wp\/v2\/product"}],"about":[{"href":"https:\/\/otmaroc.com\/ar\/wp-json\/wp\/v2\/types\/product"}],"replies":[{"embeddable":true,"href":"https:\/\/otmaroc.com\/ar\/wp-json\/wp\/v2\/comments?post=4140"}],"wp:featuredmedia":[{"embeddable":true,"href":"https:\/\/otmaroc.com\/ar\/wp-json\/wp\/v2\/media\/4396"}],"wp:attachment":[{"href":"https:\/\/otmaroc.com\/ar\/wp-json\/wp\/v2\/media?parent=4140"}],"wp:term":[{"taxonomy":"product_cat","embeddable":true,"href":"https:\/\/otmaroc.com\/ar\/wp-json\/wp\/v2\/product_cat?post=4140"},{"taxonomy":"product_tag","embeddable":true,"href":"https:\/\/otmaroc.com\/ar\/wp-json\/wp\/v2\/product_tag?post=4140"}],"curies":[{"name":"wp","href":"https:\/\/api.w.org\/{rel}","templated":true}]}}