{"id":3819,"date":"2025-01-26T21:15:30","date_gmt":"2025-01-26T21:15:30","guid":{"rendered":"https:\/\/otmaroc.com\/?post_type=product&#038;p=3819"},"modified":"2025-02-13T11:16:35","modified_gmt":"2025-02-13T11:16:35","slug":"tensiometre-electronique","status":"publish","type":"product","link":"https:\/\/otmaroc.com\/ar\/product\/tensiometre-electronique\/","title":{"rendered":"Tensiom\u00e8tre Electronique"},"content":{"rendered":"<p>Gr\u00e2ce \u00e0 sa fonction de compression et de d\u00e9compression intelligentes, l&rsquo;appareil ajuste automatiquement la pression du brassard pour des mesures optimales. Il mesure simultan\u00e9ment la pression art\u00e9rielle et le pouls, ce qui permet une analyse compl\u00e8te de votre sant\u00e9 cardiovasculaire.<\/p>\n<p>Id\u00e9al pour un usage \u00e0 domicile, il est aussi l\u00e9ger et portable, ce qui le rend facile \u00e0 emporter lors de vos d\u00e9placements. En outre.<\/p>\n<p><strong>Sp\u00e9cifications :<\/strong><br \/>\n&#8211; Mod\u00e8le : B02<br \/>\n&#8211; Affichage : \u00c9cran LCD<br \/>\n&#8211; Mat\u00e9riau : ABS<br \/>\n&#8211; Plage de mesure de pression : 20 mmHg \u00e0 280 mmHg<br \/>\n&#8211; Plage de mesure du pouls : 40 \u00e0 200 battements\/minute<br \/>\n&#8211; Pr\u00e9cision: Pression \u00b13 mmHg (\u00b10,4 kPa), pouls \u00b13%<br \/>\n&#8211; Tension: DC 6V<br \/>\n&#8211; Consommation d&rsquo;\u00e9nergie : 0,01W<br \/>\n&#8211; Dimensions : 118 mm x 95 mm x 65 mm<br \/>\n&#8211; Poids : 500 g<br \/>\n&#8211; Temp\u00e9rature de travail : 0\u00b0C \u00e0 40\u00b0C<br \/>\n&#8211; Humidit\u00e9 de travail: 40% \u00e0 85%<br \/>\n&#8211; Temp\u00e9rature de stockage: -20\u00b0C \u00e0 50\u00b0C<br \/>\n&#8211; Humidit\u00e9 de stockage : 15% \u00e0 90%<\/p>","protected":false},"excerpt":{"rendered":"<h6 style=\"text-align: left;\">Moniteur de pression art\u00e9rielle enti\u00e8rement automatique<\/h6>","protected":false},"featured_media":3822,"comment_status":"open","ping_status":"closed","template":"","meta":{"_uag_custom_page_level_css":"","site-sidebar-layout":"default","site-content-layout":"","ast-site-content-layout":"default","site-content-style":"default","site-sidebar-style":"default","ast-global-header-display":"","ast-banner-title-visibility":"","ast-main-header-display":"","ast-hfb-above-header-display":"","ast-hfb-below-header-display":"","ast-hfb-mobile-header-display":"","site-post-title":"","ast-breadcrumbs-content":"","ast-featured-img":"","footer-sml-layout":"","theme-transparent-header-meta":"default","adv-header-id-meta":"","stick-header-meta":"","header-above-stick-meta":"","header-main-stick-meta":"","header-below-stick-meta":"","astra-migrate-meta-layouts":"set","ast-page-background-enabled":"default","ast-page-background-meta":{"desktop":{"background-color":"","background-image":"","background-repeat":"repeat","background-position":"center center","background-size":"auto","background-attachment":"scroll","background-type":"","background-media":"","overlay-type":"","overlay-color":"","overlay-opacity":"","overlay-gradient":""},"tablet":{"background-color":"","background-image":"","background-repeat":"repeat","background-position":"center center","background-size":"auto","background-attachment":"scroll","background-type":"","background-media":"","overlay-type":"","overlay-color":"","overlay-opacity":"","overlay-gradient":""},"mobile":{"background-color":"","background-image":"","background-repeat":"repeat","background-position":"center center","background-size":"auto","background-attachment":"scroll","background-type":"","background-media":"","overlay-type":"","overlay-color":"","overlay-opacity":"","overlay-gradient":""}},"ast-content-background-meta":{"desktop":{"background-color":"var(--ast-global-color-5)","background-image":"","background-repeat":"repeat","background-position":"center center","background-size":"auto","background-attachment":"scroll","background-type":"","background-media":"","overlay-type":"","overlay-color":"","overlay-opacity":"","overlay-gradient":""},"tablet":{"background-color":"var(--ast-global-color-5)","background-image":"","background-repeat":"repeat","background-position":"center center","background-size":"auto","background-attachment":"scroll","background-type":"","background-media":"","overlay-type":"","overlay-color":"","overlay-opacity":"","overlay-gradient":""},"mobile":{"background-color":"var(--ast-global-color-5)","background-image":"","background-repeat":"repeat","background-position":"center center","background-size":"auto","background-attachment":"scroll","background-type":"","background-media":"","overlay-type":"","overlay-color":"","overlay-opacity":"","overlay-gradient":""}}},"product_cat":[24,97,31,78,87,82,63,114],"product_tag":[],"class_list":{"0":"post-3819","1":"product","2":"type-product","3":"status-publish","4":"has-post-thumbnail","6":"product_cat-uncategorized","7":"product_cat-appareils-machines","8":"product_cat-les-aides-techniques","9":"product_cat-materiel-de-kinesitherapie","10":"product_cat-technologie","11":"product_cat-tous-les-aides-techniques","12":"product_cat-tous-les-produits","13":"product_cat-tout-le-materiel-de-kinesitherapie","14":"desktop-align-left","15":"tablet-align-left","16":"mobile-align-left","18":"first","19":"instock","20":"shipping-taxable","21":"purchasable","22":"product-type-simple"},"yoast_head":"<!-- This site is optimized with the Yoast SEO plugin v23.5 - https:\/\/yoast.com\/wordpress\/plugins\/seo\/ -->\n<title>Tensiom\u00e8tre Electronique au Maroc<\/title>\n<meta name=\"description\" content=\"achetez Tensiom\u00e8tre Electronique au Maroc qui mesure simultan\u00e9ment la pression art\u00e9rielle , ce qui permet une analyse de votre sant\u00e9 cardiovasculaire.\" \/>\n<meta name=\"robots\" content=\"index, follow, max-snippet:-1, max-image-preview:large, max-video-preview:-1\" \/>\n<link rel=\"canonical\" href=\"https:\/\/otmaroc.com\/ar\/product\/tensiometre-electronique\/\" \/>\n<meta property=\"og:locale\" content=\"ar_AR\" \/>\n<meta property=\"og:type\" content=\"article\" \/>\n<meta property=\"og:title\" content=\"Tensiom\u00e8tre Electronique au Maroc\" \/>\n<meta property=\"og:description\" content=\"achetez Tensiom\u00e8tre Electronique au Maroc qui mesure simultan\u00e9ment la pression art\u00e9rielle , ce qui permet une analyse de votre sant\u00e9 cardiovasculaire.\" \/>\n<meta property=\"og:url\" content=\"https:\/\/otmaroc.com\/ar\/product\/tensiometre-electronique\/\" \/>\n<meta property=\"og:site_name\" content=\"OTMAROC\" \/>\n<meta property=\"article:publisher\" content=\"https:\/\/www.facebook.com\/profile.php?id=61565107472257\" \/>\n<meta property=\"article:modified_time\" content=\"2025-02-13T11:16:35+00:00\" \/>\n<meta property=\"og:image\" content=\"https:\/\/otmaroc.com\/wp-content\/uploads\/2025\/01\/www.otmaroc.com-0623512008-otmaroc2024@gmail.com-8.png\" \/>\n\t<meta property=\"og:image:width\" content=\"1080\" \/>\n\t<meta property=\"og:image:height\" content=\"1080\" \/>\n\t<meta property=\"og:image:type\" content=\"image\/png\" \/>\n<meta name=\"twitter:card\" content=\"summary_large_image\" \/>\n<meta name=\"twitter:label1\" content=\"\u0648\u0642\u062a \u0627\u0644\u0642\u0631\u0627\u0621\u0629 \u0627\u0644\u0645\u064f\u0642\u062f\u0651\u0631\" \/>\n\t<meta name=\"twitter:data1\" content=\"\u062f\u0642\u064a\u0642\u0629 \u0648\u0627\u062d\u062f\u0629\" \/>\n<script type=\"application\/ld+json\" class=\"yoast-schema-graph\">{\"@context\":\"https:\/\/schema.org\",\"@graph\":[{\"@type\":\"WebPage\",\"@id\":\"https:\/\/otmaroc.com\/product\/tensiometre-electronique\/\",\"url\":\"https:\/\/otmaroc.com\/product\/tensiometre-electronique\/\",\"name\":\"Tensiom\u00e8tre Electronique au Maroc\",\"isPartOf\":{\"@id\":\"https:\/\/otmaroc.com\/#website\"},\"primaryImageOfPage\":{\"@id\":\"https:\/\/otmaroc.com\/product\/tensiometre-electronique\/#primaryimage\"},\"image\":{\"@id\":\"https:\/\/otmaroc.com\/product\/tensiometre-electronique\/#primaryimage\"},\"thumbnailUrl\":\"https:\/\/otmaroc.com\/wp-content\/uploads\/2025\/01\/www.otmaroc.com-0623512008-otmaroc2024@gmail.com-8.png\",\"datePublished\":\"2025-01-26T21:15:30+00:00\",\"dateModified\":\"2025-02-13T11:16:35+00:00\",\"description\":\"achetez Tensiom\u00e8tre Electronique au Maroc qui mesure simultan\u00e9ment la pression art\u00e9rielle , ce qui permet une analyse de votre sant\u00e9 cardiovasculaire.\",\"breadcrumb\":{\"@id\":\"https:\/\/otmaroc.com\/product\/tensiometre-electronique\/#breadcrumb\"},\"inLanguage\":\"ar\",\"potentialAction\":[{\"@type\":\"ReadAction\",\"target\":[\"https:\/\/otmaroc.com\/product\/tensiometre-electronique\/\"]}]},{\"@type\":\"ImageObject\",\"inLanguage\":\"ar\",\"@id\":\"https:\/\/otmaroc.com\/product\/tensiometre-electronique\/#primaryimage\",\"url\":\"https:\/\/otmaroc.com\/wp-content\/uploads\/2025\/01\/www.otmaroc.com-0623512008-otmaroc2024@gmail.com-8.png\",\"contentUrl\":\"https:\/\/otmaroc.com\/wp-content\/uploads\/2025\/01\/www.otmaroc.com-0623512008-otmaroc2024@gmail.com-8.png\",\"width\":1080,\"height\":1080},{\"@type\":\"BreadcrumbList\",\"@id\":\"https:\/\/otmaroc.com\/product\/tensiometre-electronique\/#breadcrumb\",\"itemListElement\":[{\"@type\":\"ListItem\",\"position\":1,\"name\":\"Home\",\"item\":\"https:\/\/otmaroc.com\/\"},{\"@type\":\"ListItem\",\"position\":2,\"name\":\"Products\",\"item\":\"https:\/\/otmaroc.com\/store\/\"},{\"@type\":\"ListItem\",\"position\":3,\"name\":\"Tensiom\u00e8tre Electronique\"}]},{\"@type\":\"WebSite\",\"@id\":\"https:\/\/otmaroc.com\/#website\",\"url\":\"https:\/\/otmaroc.com\/\",\"name\":\"OTMAROC\",\"description\":\"The number one website in morocco for occupational therapy\",\"publisher\":{\"@id\":\"https:\/\/otmaroc.com\/#organization\"},\"potentialAction\":[{\"@type\":\"SearchAction\",\"target\":{\"@type\":\"EntryPoint\",\"urlTemplate\":\"https:\/\/otmaroc.com\/?s={search_term_string}\"},\"query-input\":{\"@type\":\"PropertyValueSpecification\",\"valueRequired\":true,\"valueName\":\"search_term_string\"}}],\"inLanguage\":\"ar\"},{\"@type\":\"Organization\",\"@id\":\"https:\/\/otmaroc.com\/#organization\",\"name\":\"OTMAROC\",\"url\":\"https:\/\/otmaroc.com\/\",\"logo\":{\"@type\":\"ImageObject\",\"inLanguage\":\"ar\",\"@id\":\"https:\/\/otmaroc.com\/#\/schema\/logo\/image\/\",\"url\":\"https:\/\/otmaroc.com\/wp-content\/uploads\/2024\/08\/cropped-cropped-Black_White_Yellow_Simple_Initial_Name_Logo-removebg-preview-2.png\",\"contentUrl\":\"https:\/\/otmaroc.com\/wp-content\/uploads\/2024\/08\/cropped-cropped-Black_White_Yellow_Simple_Initial_Name_Logo-removebg-preview-2.png\",\"width\":298,\"height\":192,\"caption\":\"OTMAROC\"},\"image\":{\"@id\":\"https:\/\/otmaroc.com\/#\/schema\/logo\/image\/\"},\"sameAs\":[\"https:\/\/www.facebook.com\/profile.php?id=61565107472257\",\"https:\/\/www.instagram.com\/otmaroc2024\/\",\"https:\/\/www.youtube.com\/@othmaneksaibar6763\",\"https:\/\/api.whatsapp.com\/send?phone=2120623512008\"]}]}<\/script>\n<!-- \/ Yoast SEO plugin. -->","yoast_head_json":{"title":"Tensiom\u00e8tre Electronique au Maroc","description":"achetez Tensiom\u00e8tre Electronique au Maroc qui mesure simultan\u00e9ment la pression art\u00e9rielle , ce qui permet une analyse de votre sant\u00e9 cardiovasculaire.","robots":{"index":"index","follow":"follow","max-snippet":"max-snippet:-1","max-image-preview":"max-image-preview:large","max-video-preview":"max-video-preview:-1"},"canonical":"https:\/\/otmaroc.com\/ar\/product\/tensiometre-electronique\/","og_locale":"ar_AR","og_type":"article","og_title":"Tensiom\u00e8tre Electronique au Maroc","og_description":"achetez Tensiom\u00e8tre Electronique au Maroc qui mesure simultan\u00e9ment la pression art\u00e9rielle , ce qui permet une analyse de votre sant\u00e9 cardiovasculaire.","og_url":"https:\/\/otmaroc.com\/ar\/product\/tensiometre-electronique\/","og_site_name":"OTMAROC","article_publisher":"https:\/\/www.facebook.com\/profile.php?id=61565107472257","article_modified_time":"2025-02-13T11:16:35+00:00","og_image":[{"width":1080,"height":1080,"url":"https:\/\/otmaroc.com\/wp-content\/uploads\/2025\/01\/www.otmaroc.com-0623512008-otmaroc2024@gmail.com-8.png","type":"image\/png"}],"twitter_card":"summary_large_image","twitter_misc":{"\u0648\u0642\u062a \u0627\u0644\u0642\u0631\u0627\u0621\u0629 \u0627\u0644\u0645\u064f\u0642\u062f\u0651\u0631":"\u062f\u0642\u064a\u0642\u0629 \u0648\u0627\u062d\u062f\u0629"},"schema":{"@context":"https:\/\/schema.org","@graph":[{"@type":"WebPage","@id":"https:\/\/otmaroc.com\/product\/tensiometre-electronique\/","url":"https:\/\/otmaroc.com\/product\/tensiometre-electronique\/","name":"Tensiom\u00e8tre Electronique au Maroc","isPartOf":{"@id":"https:\/\/otmaroc.com\/#website"},"primaryImageOfPage":{"@id":"https:\/\/otmaroc.com\/product\/tensiometre-electronique\/#primaryimage"},"image":{"@id":"https:\/\/otmaroc.com\/product\/tensiometre-electronique\/#primaryimage"},"thumbnailUrl":"https:\/\/otmaroc.com\/wp-content\/uploads\/2025\/01\/www.otmaroc.com-0623512008-otmaroc2024@gmail.com-8.png","datePublished":"2025-01-26T21:15:30+00:00","dateModified":"2025-02-13T11:16:35+00:00","description":"achetez Tensiom\u00e8tre Electronique au Maroc qui mesure simultan\u00e9ment la pression art\u00e9rielle , ce qui permet une analyse de votre sant\u00e9 cardiovasculaire.","breadcrumb":{"@id":"https:\/\/otmaroc.com\/product\/tensiometre-electronique\/#breadcrumb"},"inLanguage":"ar","potentialAction":[{"@type":"ReadAction","target":["https:\/\/otmaroc.com\/product\/tensiometre-electronique\/"]}]},{"@type":"ImageObject","inLanguage":"ar","@id":"https:\/\/otmaroc.com\/product\/tensiometre-electronique\/#primaryimage","url":"https:\/\/otmaroc.com\/wp-content\/uploads\/2025\/01\/www.otmaroc.com-0623512008-otmaroc2024@gmail.com-8.png","contentUrl":"https:\/\/otmaroc.com\/wp-content\/uploads\/2025\/01\/www.otmaroc.com-0623512008-otmaroc2024@gmail.com-8.png","width":1080,"height":1080},{"@type":"BreadcrumbList","@id":"https:\/\/otmaroc.com\/product\/tensiometre-electronique\/#breadcrumb","itemListElement":[{"@type":"ListItem","position":1,"name":"Home","item":"https:\/\/otmaroc.com\/"},{"@type":"ListItem","position":2,"name":"Products","item":"https:\/\/otmaroc.com\/store\/"},{"@type":"ListItem","position":3,"name":"Tensiom\u00e8tre Electronique"}]},{"@type":"WebSite","@id":"https:\/\/otmaroc.com\/#website","url":"https:\/\/otmaroc.com\/","name":"OTMAROC","description":"The number one website in morocco for occupational therapy","publisher":{"@id":"https:\/\/otmaroc.com\/#organization"},"potentialAction":[{"@type":"SearchAction","target":{"@type":"EntryPoint","urlTemplate":"https:\/\/otmaroc.com\/?s={search_term_string}"},"query-input":{"@type":"PropertyValueSpecification","valueRequired":true,"valueName":"search_term_string"}}],"inLanguage":"ar"},{"@type":"Organization","@id":"https:\/\/otmaroc.com\/#organization","name":"OTMAROC","url":"https:\/\/otmaroc.com\/","logo":{"@type":"ImageObject","inLanguage":"ar","@id":"https:\/\/otmaroc.com\/#\/schema\/logo\/image\/","url":"https:\/\/otmaroc.com\/wp-content\/uploads\/2024\/08\/cropped-cropped-Black_White_Yellow_Simple_Initial_Name_Logo-removebg-preview-2.png","contentUrl":"https:\/\/otmaroc.com\/wp-content\/uploads\/2024\/08\/cropped-cropped-Black_White_Yellow_Simple_Initial_Name_Logo-removebg-preview-2.png","width":298,"height":192,"caption":"OTMAROC"},"image":{"@id":"https:\/\/otmaroc.com\/#\/schema\/logo\/image\/"},"sameAs":["https:\/\/www.facebook.com\/profile.php?id=61565107472257","https:\/\/www.instagram.com\/otmaroc2024\/","https:\/\/www.youtube.com\/@othmaneksaibar6763","https:\/\/api.whatsapp.com\/send?phone=2120623512008"]}]}},"uagb_featured_image_src":{"full":["https:\/\/otmaroc.com\/wp-content\/uploads\/2025\/01\/www.otmaroc.com-0623512008-otmaroc2024@gmail.com-8.png",1080,1080,false],"thumbnail":["https:\/\/otmaroc.com\/wp-content\/uploads\/2025\/01\/www.otmaroc.com-0623512008-otmaroc2024@gmail.com-8-150x150.png",150,150,true],"medium":["https:\/\/otmaroc.com\/wp-content\/uploads\/2025\/01\/www.otmaroc.com-0623512008-otmaroc2024@gmail.com-8-300x300.png",300,300,true],"medium_large":["https:\/\/otmaroc.com\/wp-content\/uploads\/2025\/01\/www.otmaroc.com-0623512008-otmaroc2024@gmail.com-8-768x768.png",768,768,true],"large":["https:\/\/otmaroc.com\/wp-content\/uploads\/2025\/01\/www.otmaroc.com-0623512008-otmaroc2024@gmail.com-8-1024x1024.png",1024,1024,true],"1536x1536":["https:\/\/otmaroc.com\/wp-content\/uploads\/2025\/01\/www.otmaroc.com-0623512008-otmaroc2024@gmail.com-8.png",1080,1080,false],"2048x2048":["https:\/\/otmaroc.com\/wp-content\/uploads\/2025\/01\/www.otmaroc.com-0623512008-otmaroc2024@gmail.com-8.png",1080,1080,false],"trp-custom-language-flag":["https:\/\/otmaroc.com\/wp-content\/uploads\/2025\/01\/www.otmaroc.com-0623512008-otmaroc2024@gmail.com-8-12x12.png",12,12,true],"woocommerce_thumbnail":["https:\/\/otmaroc.com\/wp-content\/uploads\/2025\/01\/www.otmaroc.com-0623512008-otmaroc2024@gmail.com-8-300x300.png",300,300,true],"woocommerce_single":["https:\/\/otmaroc.com\/wp-content\/uploads\/2025\/01\/www.otmaroc.com-0623512008-otmaroc2024@gmail.com-8-600x600.png",600,600,true],"woocommerce_gallery_thumbnail":["https:\/\/otmaroc.com\/wp-content\/uploads\/2025\/01\/www.otmaroc.com-0623512008-otmaroc2024@gmail.com-8-100x100.png",100,100,true],"dgwt-wcas-product-suggestion":["https:\/\/otmaroc.com\/wp-content\/uploads\/2025\/01\/www.otmaroc.com-0623512008-otmaroc2024@gmail.com-8-64x64.png",64,64,true]},"uagb_author_info":{"display_name":"othmane iptv","author_link":"https:\/\/otmaroc.com\/ar\/author\/"},"uagb_comment_info":0,"uagb_excerpt":"Moniteur de pression art\u00e9rielle enti\u00e8rement automatique","jetpack_sharing_enabled":true,"_links":{"self":[{"href":"https:\/\/otmaroc.com\/ar\/wp-json\/wp\/v2\/product\/3819"}],"collection":[{"href":"https:\/\/otmaroc.com\/ar\/wp-json\/wp\/v2\/product"}],"about":[{"href":"https:\/\/otmaroc.com\/ar\/wp-json\/wp\/v2\/types\/product"}],"replies":[{"embeddable":true,"href":"https:\/\/otmaroc.com\/ar\/wp-json\/wp\/v2\/comments?post=3819"}],"wp:featuredmedia":[{"embeddable":true,"href":"https:\/\/otmaroc.com\/ar\/wp-json\/wp\/v2\/media\/3822"}],"wp:attachment":[{"href":"https:\/\/otmaroc.com\/ar\/wp-json\/wp\/v2\/media?parent=3819"}],"wp:term":[{"taxonomy":"product_cat","embeddable":true,"href":"https:\/\/otmaroc.com\/ar\/wp-json\/wp\/v2\/product_cat?post=3819"},{"taxonomy":"product_tag","embeddable":true,"href":"https:\/\/otmaroc.com\/ar\/wp-json\/wp\/v2\/product_tag?post=3819"}],"curies":[{"name":"wp","href":"https:\/\/api.w.org\/{rel}","templated":true}]}}