{"id":3815,"date":"2025-01-26T19:26:04","date_gmt":"2025-01-26T19:26:04","guid":{"rendered":"https:\/\/otmaroc.com\/?post_type=product&#038;p=3815"},"modified":"2025-04-23T11:22:57","modified_gmt":"2025-04-23T11:22:57","slug":"pince-a-long-manche-pince-a-dechets-bras-de-prehension-baton-de-prehension-pince-a-saisir-pince","status":"publish","type":"product","link":"https:\/\/otmaroc.com\/ar\/product\/pince-a-long-manche-pince-a-dechets-bras-de-prehension-baton-de-prehension-pince-a-saisir-pince\/","title":{"rendered":"Pince \u00e0 long manche, Pince \u00e0 d\u00e9chets &#8211; Bras de pr\u00e9hension &#8211; B\u00e2ton de pr\u00e9hension &#8211; Pince \u00e0 saisir &#8211; Pince"},"content":{"rendered":"<p>Avec une port\u00e9e \u00e9tendue de 80 cm, elle permet de r\u00e9cup\u00e9rer facilement des objets situ\u00e9s au sol, sur des \u00e9tag\u00e8res en hauteur, dans les pelouses, les poubelles, derri\u00e8re les meubles ou dans d&rsquo;autres endroits difficiles d&rsquo;acc\u00e8s.<\/p>\n<p>Ouverture large de 4,7 pouces : Les m\u00e2choires de la pince sont recouvertes d&rsquo;un rev\u00eatement antid\u00e9rapant qui emp\u00eache les objets de glisser, garantissant une prise ferme et s\u00e9curis\u00e9e. Elle est \u00e9galement \u00e9quip\u00e9e d&#8217;embouts magn\u00e9tiques pratiques pour attirer de petits objets m\u00e9talliques tels que cl\u00e9s, pi\u00e8ces de monnaie ou couverts.<\/p>\n<p>Capacit\u00e9 de charge de 1 kg : La structure de la pince combine acier inoxydable, aluminium l\u00e9ger et plastique ABS pour une solidit\u00e9 et une durabilit\u00e9 optimales. Sa l\u00e9g\u00e8ret\u00e9 la rend facile \u00e0 manipuler, m\u00eame lors d&rsquo;une utilisation prolong\u00e9e. Remarque : la charge maximale de la pince est de 1 kg et l\u2019attraction magn\u00e9tique est limit\u00e9e \u00e0 100 g.<\/p>\n<p>Rotation \u00e0 360 degr\u00e9s : Sa t\u00eate rotative \u00e0 360\u00b0 permet d\u2019atteindre des objets dans toutes les directions. Dot\u00e9e d&rsquo;une poign\u00e9e ergonomique rembourr\u00e9e et d\u2019une g\u00e2chette souple, elle offre un confort accru, r\u00e9duisant la fatigue des mains et des bras lors d&rsquo;une utilisation prolong\u00e9e.<\/p>","protected":false},"excerpt":{"rendered":"<p>Avec une port\u00e9e \u00e9tendue de 80 cm, elle permet de r\u00e9cup\u00e9rer facilement des objets situ\u00e9s au sol, sur des \u00e9tag\u00e8res en hauteur, dans les pelouses, les poubelles, derri\u00e8re les meubles ou dans d&rsquo;autres endroits difficiles d&rsquo;acc\u00e8s. Ouverture large de 4,7 pouces : Les m\u00e2choires de la pince sont recouvertes d&rsquo;un rev\u00eatement antid\u00e9rapant qui emp\u00eache les [&hellip;]<\/p>","protected":false},"featured_media":3818,"comment_status":"open","ping_status":"closed","template":"","meta":{"_uag_custom_page_level_css":"","site-sidebar-layout":"default","site-content-layout":"","ast-site-content-layout":"default","site-content-style":"default","site-sidebar-style":"default","ast-global-header-display":"","ast-banner-title-visibility":"","ast-main-header-display":"","ast-hfb-above-header-display":"","ast-hfb-below-header-display":"","ast-hfb-mobile-header-display":"","site-post-title":"","ast-breadcrumbs-content":"","ast-featured-img":"","footer-sml-layout":"","theme-transparent-header-meta":"default","adv-header-id-meta":"","stick-header-meta":"","header-above-stick-meta":"","header-main-stick-meta":"","header-below-stick-meta":"","astra-migrate-meta-layouts":"set","ast-page-background-enabled":"default","ast-page-background-meta":{"desktop":{"background-color":"","background-image":"","background-repeat":"repeat","background-position":"center center","background-size":"auto","background-attachment":"scroll","background-type":"","background-media":"","overlay-type":"","overlay-color":"","overlay-opacity":"","overlay-gradient":""},"tablet":{"background-color":"","background-image":"","background-repeat":"repeat","background-position":"center center","background-size":"auto","background-attachment":"scroll","background-type":"","background-media":"","overlay-type":"","overlay-color":"","overlay-opacity":"","overlay-gradient":""},"mobile":{"background-color":"","background-image":"","background-repeat":"repeat","background-position":"center center","background-size":"auto","background-attachment":"scroll","background-type":"","background-media":"","overlay-type":"","overlay-color":"","overlay-opacity":"","overlay-gradient":""}},"ast-content-background-meta":{"desktop":{"background-color":"var(--ast-global-color-5)","background-image":"","background-repeat":"repeat","background-position":"center center","background-size":"auto","background-attachment":"scroll","background-type":"","background-media":"","overlay-type":"","overlay-color":"","overlay-opacity":"","overlay-gradient":""},"tablet":{"background-color":"var(--ast-global-color-5)","background-image":"","background-repeat":"repeat","background-position":"center center","background-size":"auto","background-attachment":"scroll","background-type":"","background-media":"","overlay-type":"","overlay-color":"","overlay-opacity":"","overlay-gradient":""},"mobile":{"background-color":"var(--ast-global-color-5)","background-image":"","background-repeat":"repeat","background-position":"center center","background-size":"auto","background-attachment":"scroll","background-type":"","background-media":"","overlay-type":"","overlay-color":"","overlay-opacity":"","overlay-gradient":""}}},"product_cat":[24,109,110,85,84,31,78,42,90,99,82,63,114,116],"product_tag":[],"class_list":{"0":"post-3815","1":"product","2":"type-product","3":"status-publish","4":"has-post-thumbnail","6":"product_cat-uncategorized","7":"product_cat-aide-a-lhabillage","8":"product_cat-aide-a-la-prehension","9":"product_cat-chambre","10":"product_cat-cuisine","11":"product_cat-les-aides-techniques","12":"product_cat-materiel-de-kinesitherapie","13":"product_cat-materiel-de-reeducation","14":"product_cat-motricite","15":"product_cat-reeducation-motrice","16":"product_cat-tous-les-aides-techniques","17":"product_cat-tous-les-produits","18":"product_cat-tout-le-materiel-de-kinesitherapie","19":"product_cat-tout-le-materiel-de-reeducation","20":"desktop-align-left","21":"tablet-align-left","22":"mobile-align-left","24":"first","25":"outofstock","26":"shipping-taxable","27":"purchasable","28":"product-type-simple"},"yoast_head":"<!-- This site is optimized with the Yoast SEO plugin v23.5 - https:\/\/yoast.com\/wordpress\/plugins\/seo\/ -->\n<title>Pince \u00e0 Long Manche au Maroc<\/title>\n<meta name=\"description\" content=\"Achetez le Pince \u00e0 Long Manche au Maroc qui permet de r\u00e9cup\u00e9rer facilement des objetselle offre un confort accru, r\u00e9duisant la fatigue des mains et des bras\" \/>\n<meta name=\"robots\" content=\"index, follow, max-snippet:-1, max-image-preview:large, max-video-preview:-1\" \/>\n<link rel=\"canonical\" href=\"https:\/\/otmaroc.com\/ar\/product\/pince-a-long-manche-pince-a-dechets-bras-de-prehension-baton-de-prehension-pince-a-saisir-pince\/\" \/>\n<meta property=\"og:locale\" content=\"ar_AR\" \/>\n<meta property=\"og:type\" content=\"article\" \/>\n<meta property=\"og:title\" content=\"Pince \u00e0 Long Manche au Maroc\" \/>\n<meta property=\"og:description\" content=\"Achetez le Pince \u00e0 Long Manche au Maroc qui permet de r\u00e9cup\u00e9rer facilement des objetselle offre un confort accru, r\u00e9duisant la fatigue des mains et des bras\" \/>\n<meta property=\"og:url\" content=\"https:\/\/otmaroc.com\/ar\/product\/pince-a-long-manche-pince-a-dechets-bras-de-prehension-baton-de-prehension-pince-a-saisir-pince\/\" \/>\n<meta property=\"og:site_name\" content=\"OTMAROC\" \/>\n<meta property=\"article:publisher\" content=\"https:\/\/www.facebook.com\/profile.php?id=61565107472257\" \/>\n<meta property=\"article:modified_time\" content=\"2025-04-23T11:22:57+00:00\" \/>\n<meta property=\"og:image\" content=\"https:\/\/otmaroc.com\/wp-content\/uploads\/2025\/01\/www.otmaroc.com-0623512008-otmaroc2024@gmail.com-7.png\" \/>\n\t<meta property=\"og:image:width\" content=\"1080\" \/>\n\t<meta property=\"og:image:height\" content=\"1080\" \/>\n\t<meta property=\"og:image:type\" content=\"image\/png\" \/>\n<meta name=\"twitter:card\" content=\"summary_large_image\" \/>\n<meta name=\"twitter:label1\" content=\"\u0648\u0642\u062a \u0627\u0644\u0642\u0631\u0627\u0621\u0629 \u0627\u0644\u0645\u064f\u0642\u062f\u0651\u0631\" \/>\n\t<meta name=\"twitter:data1\" content=\"\u062f\u0642\u064a\u0642\u062a\u0627\u0646\" \/>\n<script type=\"application\/ld+json\" class=\"yoast-schema-graph\">{\"@context\":\"https:\/\/schema.org\",\"@graph\":[{\"@type\":\"WebPage\",\"@id\":\"https:\/\/otmaroc.com\/product\/pince-a-long-manche-pince-a-dechets-bras-de-prehension-baton-de-prehension-pince-a-saisir-pince\/\",\"url\":\"https:\/\/otmaroc.com\/product\/pince-a-long-manche-pince-a-dechets-bras-de-prehension-baton-de-prehension-pince-a-saisir-pince\/\",\"name\":\"Pince \u00e0 Long Manche au Maroc\",\"isPartOf\":{\"@id\":\"https:\/\/otmaroc.com\/#website\"},\"primaryImageOfPage\":{\"@id\":\"https:\/\/otmaroc.com\/product\/pince-a-long-manche-pince-a-dechets-bras-de-prehension-baton-de-prehension-pince-a-saisir-pince\/#primaryimage\"},\"image\":{\"@id\":\"https:\/\/otmaroc.com\/product\/pince-a-long-manche-pince-a-dechets-bras-de-prehension-baton-de-prehension-pince-a-saisir-pince\/#primaryimage\"},\"thumbnailUrl\":\"https:\/\/otmaroc.com\/wp-content\/uploads\/2025\/01\/www.otmaroc.com-0623512008-otmaroc2024@gmail.com-7.png\",\"datePublished\":\"2025-01-26T19:26:04+00:00\",\"dateModified\":\"2025-04-23T11:22:57+00:00\",\"description\":\"Achetez le Pince \u00e0 Long Manche au Maroc qui permet de r\u00e9cup\u00e9rer facilement des objetselle offre un confort accru, r\u00e9duisant la fatigue des mains et des bras\",\"breadcrumb\":{\"@id\":\"https:\/\/otmaroc.com\/product\/pince-a-long-manche-pince-a-dechets-bras-de-prehension-baton-de-prehension-pince-a-saisir-pince\/#breadcrumb\"},\"inLanguage\":\"ar\",\"potentialAction\":[{\"@type\":\"ReadAction\",\"target\":[\"https:\/\/otmaroc.com\/product\/pince-a-long-manche-pince-a-dechets-bras-de-prehension-baton-de-prehension-pince-a-saisir-pince\/\"]}]},{\"@type\":\"ImageObject\",\"inLanguage\":\"ar\",\"@id\":\"https:\/\/otmaroc.com\/product\/pince-a-long-manche-pince-a-dechets-bras-de-prehension-baton-de-prehension-pince-a-saisir-pince\/#primaryimage\",\"url\":\"https:\/\/otmaroc.com\/wp-content\/uploads\/2025\/01\/www.otmaroc.com-0623512008-otmaroc2024@gmail.com-7.png\",\"contentUrl\":\"https:\/\/otmaroc.com\/wp-content\/uploads\/2025\/01\/www.otmaroc.com-0623512008-otmaroc2024@gmail.com-7.png\",\"width\":1080,\"height\":1080},{\"@type\":\"BreadcrumbList\",\"@id\":\"https:\/\/otmaroc.com\/product\/pince-a-long-manche-pince-a-dechets-bras-de-prehension-baton-de-prehension-pince-a-saisir-pince\/#breadcrumb\",\"itemListElement\":[{\"@type\":\"ListItem\",\"position\":1,\"name\":\"Home\",\"item\":\"https:\/\/otmaroc.com\/\"},{\"@type\":\"ListItem\",\"position\":2,\"name\":\"Products\",\"item\":\"https:\/\/otmaroc.com\/store\/\"},{\"@type\":\"ListItem\",\"position\":3,\"name\":\"Pince \u00e0 long manche, Pince \u00e0 d\u00e9chets &#8211; Bras de pr\u00e9hension &#8211; B\u00e2ton de pr\u00e9hension &#8211; Pince \u00e0 saisir &#8211; Pince\"}]},{\"@type\":\"WebSite\",\"@id\":\"https:\/\/otmaroc.com\/#website\",\"url\":\"https:\/\/otmaroc.com\/\",\"name\":\"OTMAROC\",\"description\":\"The number one website in morocco for occupational therapy\",\"publisher\":{\"@id\":\"https:\/\/otmaroc.com\/#organization\"},\"potentialAction\":[{\"@type\":\"SearchAction\",\"target\":{\"@type\":\"EntryPoint\",\"urlTemplate\":\"https:\/\/otmaroc.com\/?s={search_term_string}\"},\"query-input\":{\"@type\":\"PropertyValueSpecification\",\"valueRequired\":true,\"valueName\":\"search_term_string\"}}],\"inLanguage\":\"ar\"},{\"@type\":\"Organization\",\"@id\":\"https:\/\/otmaroc.com\/#organization\",\"name\":\"OTMAROC\",\"url\":\"https:\/\/otmaroc.com\/\",\"logo\":{\"@type\":\"ImageObject\",\"inLanguage\":\"ar\",\"@id\":\"https:\/\/otmaroc.com\/#\/schema\/logo\/image\/\",\"url\":\"https:\/\/otmaroc.com\/wp-content\/uploads\/2024\/08\/cropped-cropped-Black_White_Yellow_Simple_Initial_Name_Logo-removebg-preview-2.png\",\"contentUrl\":\"https:\/\/otmaroc.com\/wp-content\/uploads\/2024\/08\/cropped-cropped-Black_White_Yellow_Simple_Initial_Name_Logo-removebg-preview-2.png\",\"width\":298,\"height\":192,\"caption\":\"OTMAROC\"},\"image\":{\"@id\":\"https:\/\/otmaroc.com\/#\/schema\/logo\/image\/\"},\"sameAs\":[\"https:\/\/www.facebook.com\/profile.php?id=61565107472257\",\"https:\/\/www.instagram.com\/otmaroc2024\/\",\"https:\/\/www.youtube.com\/@othmaneksaibar6763\",\"https:\/\/api.whatsapp.com\/send?phone=2120623512008\"]}]}<\/script>\n<!-- \/ Yoast SEO plugin. -->","yoast_head_json":{"title":"Pince \u00e0 Long Manche au Maroc","description":"Achetez le Pince \u00e0 Long Manche au Maroc qui permet de r\u00e9cup\u00e9rer facilement des objetselle offre un confort accru, r\u00e9duisant la fatigue des mains et des bras","robots":{"index":"index","follow":"follow","max-snippet":"max-snippet:-1","max-image-preview":"max-image-preview:large","max-video-preview":"max-video-preview:-1"},"canonical":"https:\/\/otmaroc.com\/ar\/product\/pince-a-long-manche-pince-a-dechets-bras-de-prehension-baton-de-prehension-pince-a-saisir-pince\/","og_locale":"ar_AR","og_type":"article","og_title":"Pince \u00e0 Long Manche au Maroc","og_description":"Achetez le Pince \u00e0 Long Manche au Maroc qui permet de r\u00e9cup\u00e9rer facilement des objetselle offre un confort accru, r\u00e9duisant la fatigue des mains et des bras","og_url":"https:\/\/otmaroc.com\/ar\/product\/pince-a-long-manche-pince-a-dechets-bras-de-prehension-baton-de-prehension-pince-a-saisir-pince\/","og_site_name":"OTMAROC","article_publisher":"https:\/\/www.facebook.com\/profile.php?id=61565107472257","article_modified_time":"2025-04-23T11:22:57+00:00","og_image":[{"width":1080,"height":1080,"url":"https:\/\/otmaroc.com\/wp-content\/uploads\/2025\/01\/www.otmaroc.com-0623512008-otmaroc2024@gmail.com-7.png","type":"image\/png"}],"twitter_card":"summary_large_image","twitter_misc":{"\u0648\u0642\u062a \u0627\u0644\u0642\u0631\u0627\u0621\u0629 \u0627\u0644\u0645\u064f\u0642\u062f\u0651\u0631":"\u062f\u0642\u064a\u0642\u062a\u0627\u0646"},"schema":{"@context":"https:\/\/schema.org","@graph":[{"@type":"WebPage","@id":"https:\/\/otmaroc.com\/product\/pince-a-long-manche-pince-a-dechets-bras-de-prehension-baton-de-prehension-pince-a-saisir-pince\/","url":"https:\/\/otmaroc.com\/product\/pince-a-long-manche-pince-a-dechets-bras-de-prehension-baton-de-prehension-pince-a-saisir-pince\/","name":"Pince \u00e0 Long Manche au Maroc","isPartOf":{"@id":"https:\/\/otmaroc.com\/#website"},"primaryImageOfPage":{"@id":"https:\/\/otmaroc.com\/product\/pince-a-long-manche-pince-a-dechets-bras-de-prehension-baton-de-prehension-pince-a-saisir-pince\/#primaryimage"},"image":{"@id":"https:\/\/otmaroc.com\/product\/pince-a-long-manche-pince-a-dechets-bras-de-prehension-baton-de-prehension-pince-a-saisir-pince\/#primaryimage"},"thumbnailUrl":"https:\/\/otmaroc.com\/wp-content\/uploads\/2025\/01\/www.otmaroc.com-0623512008-otmaroc2024@gmail.com-7.png","datePublished":"2025-01-26T19:26:04+00:00","dateModified":"2025-04-23T11:22:57+00:00","description":"Achetez le Pince \u00e0 Long Manche au Maroc qui permet de r\u00e9cup\u00e9rer facilement des objetselle offre un confort accru, r\u00e9duisant la fatigue des mains et des bras","breadcrumb":{"@id":"https:\/\/otmaroc.com\/product\/pince-a-long-manche-pince-a-dechets-bras-de-prehension-baton-de-prehension-pince-a-saisir-pince\/#breadcrumb"},"inLanguage":"ar","potentialAction":[{"@type":"ReadAction","target":["https:\/\/otmaroc.com\/product\/pince-a-long-manche-pince-a-dechets-bras-de-prehension-baton-de-prehension-pince-a-saisir-pince\/"]}]},{"@type":"ImageObject","inLanguage":"ar","@id":"https:\/\/otmaroc.com\/product\/pince-a-long-manche-pince-a-dechets-bras-de-prehension-baton-de-prehension-pince-a-saisir-pince\/#primaryimage","url":"https:\/\/otmaroc.com\/wp-content\/uploads\/2025\/01\/www.otmaroc.com-0623512008-otmaroc2024@gmail.com-7.png","contentUrl":"https:\/\/otmaroc.com\/wp-content\/uploads\/2025\/01\/www.otmaroc.com-0623512008-otmaroc2024@gmail.com-7.png","width":1080,"height":1080},{"@type":"BreadcrumbList","@id":"https:\/\/otmaroc.com\/product\/pince-a-long-manche-pince-a-dechets-bras-de-prehension-baton-de-prehension-pince-a-saisir-pince\/#breadcrumb","itemListElement":[{"@type":"ListItem","position":1,"name":"Home","item":"https:\/\/otmaroc.com\/"},{"@type":"ListItem","position":2,"name":"Products","item":"https:\/\/otmaroc.com\/store\/"},{"@type":"ListItem","position":3,"name":"Pince \u00e0 long manche, Pince \u00e0 d\u00e9chets &#8211; Bras de pr\u00e9hension &#8211; B\u00e2ton de pr\u00e9hension &#8211; Pince \u00e0 saisir &#8211; Pince"}]},{"@type":"WebSite","@id":"https:\/\/otmaroc.com\/#website","url":"https:\/\/otmaroc.com\/","name":"OTMAROC","description":"The number one website in morocco for occupational therapy","publisher":{"@id":"https:\/\/otmaroc.com\/#organization"},"potentialAction":[{"@type":"SearchAction","target":{"@type":"EntryPoint","urlTemplate":"https:\/\/otmaroc.com\/?s={search_term_string}"},"query-input":{"@type":"PropertyValueSpecification","valueRequired":true,"valueName":"search_term_string"}}],"inLanguage":"ar"},{"@type":"Organization","@id":"https:\/\/otmaroc.com\/#organization","name":"OTMAROC","url":"https:\/\/otmaroc.com\/","logo":{"@type":"ImageObject","inLanguage":"ar","@id":"https:\/\/otmaroc.com\/#\/schema\/logo\/image\/","url":"https:\/\/otmaroc.com\/wp-content\/uploads\/2024\/08\/cropped-cropped-Black_White_Yellow_Simple_Initial_Name_Logo-removebg-preview-2.png","contentUrl":"https:\/\/otmaroc.com\/wp-content\/uploads\/2024\/08\/cropped-cropped-Black_White_Yellow_Simple_Initial_Name_Logo-removebg-preview-2.png","width":298,"height":192,"caption":"OTMAROC"},"image":{"@id":"https:\/\/otmaroc.com\/#\/schema\/logo\/image\/"},"sameAs":["https:\/\/www.facebook.com\/profile.php?id=61565107472257","https:\/\/www.instagram.com\/otmaroc2024\/","https:\/\/www.youtube.com\/@othmaneksaibar6763","https:\/\/api.whatsapp.com\/send?phone=2120623512008"]}]}},"uagb_featured_image_src":{"full":["https:\/\/otmaroc.com\/wp-content\/uploads\/2025\/01\/www.otmaroc.com-0623512008-otmaroc2024@gmail.com-7.png",1080,1080,false],"thumbnail":["https:\/\/otmaroc.com\/wp-content\/uploads\/2025\/01\/www.otmaroc.com-0623512008-otmaroc2024@gmail.com-7-150x150.png",150,150,true],"medium":["https:\/\/otmaroc.com\/wp-content\/uploads\/2025\/01\/www.otmaroc.com-0623512008-otmaroc2024@gmail.com-7-300x300.png",300,300,true],"medium_large":["https:\/\/otmaroc.com\/wp-content\/uploads\/2025\/01\/www.otmaroc.com-0623512008-otmaroc2024@gmail.com-7-768x768.png",768,768,true],"large":["https:\/\/otmaroc.com\/wp-content\/uploads\/2025\/01\/www.otmaroc.com-0623512008-otmaroc2024@gmail.com-7-1024x1024.png",1024,1024,true],"1536x1536":["https:\/\/otmaroc.com\/wp-content\/uploads\/2025\/01\/www.otmaroc.com-0623512008-otmaroc2024@gmail.com-7.png",1080,1080,false],"2048x2048":["https:\/\/otmaroc.com\/wp-content\/uploads\/2025\/01\/www.otmaroc.com-0623512008-otmaroc2024@gmail.com-7.png",1080,1080,false],"trp-custom-language-flag":["https:\/\/otmaroc.com\/wp-content\/uploads\/2025\/01\/www.otmaroc.com-0623512008-otmaroc2024@gmail.com-7-12x12.png",12,12,true],"woocommerce_thumbnail":["https:\/\/otmaroc.com\/wp-content\/uploads\/2025\/01\/www.otmaroc.com-0623512008-otmaroc2024@gmail.com-7-300x300.png",300,300,true],"woocommerce_single":["https:\/\/otmaroc.com\/wp-content\/uploads\/2025\/01\/www.otmaroc.com-0623512008-otmaroc2024@gmail.com-7-600x600.png",600,600,true],"woocommerce_gallery_thumbnail":["https:\/\/otmaroc.com\/wp-content\/uploads\/2025\/01\/www.otmaroc.com-0623512008-otmaroc2024@gmail.com-7-100x100.png",100,100,true],"dgwt-wcas-product-suggestion":["https:\/\/otmaroc.com\/wp-content\/uploads\/2025\/01\/www.otmaroc.com-0623512008-otmaroc2024@gmail.com-7-64x64.png",64,64,true]},"uagb_author_info":{"display_name":"othmane iptv","author_link":"https:\/\/otmaroc.com\/ar\/author\/"},"uagb_comment_info":0,"uagb_excerpt":"Avec une port\u00e9e \u00e9tendue de 80 cm, elle permet de r\u00e9cup\u00e9rer facilement des objets situ\u00e9s au sol, sur des \u00e9tag\u00e8res en hauteur, dans les pelouses, les poubelles, derri\u00e8re les meubles ou dans d&rsquo;autres endroits difficiles d&rsquo;acc\u00e8s. Ouverture large de 4,7 pouces : Les m\u00e2choires de la pince sont recouvertes d&rsquo;un rev\u00eatement antid\u00e9rapant qui emp\u00eache les&hellip;","jetpack_sharing_enabled":true,"_links":{"self":[{"href":"https:\/\/otmaroc.com\/ar\/wp-json\/wp\/v2\/product\/3815"}],"collection":[{"href":"https:\/\/otmaroc.com\/ar\/wp-json\/wp\/v2\/product"}],"about":[{"href":"https:\/\/otmaroc.com\/ar\/wp-json\/wp\/v2\/types\/product"}],"replies":[{"embeddable":true,"href":"https:\/\/otmaroc.com\/ar\/wp-json\/wp\/v2\/comments?post=3815"}],"wp:featuredmedia":[{"embeddable":true,"href":"https:\/\/otmaroc.com\/ar\/wp-json\/wp\/v2\/media\/3818"}],"wp:attachment":[{"href":"https:\/\/otmaroc.com\/ar\/wp-json\/wp\/v2\/media?parent=3815"}],"wp:term":[{"taxonomy":"product_cat","embeddable":true,"href":"https:\/\/otmaroc.com\/ar\/wp-json\/wp\/v2\/product_cat?post=3815"},{"taxonomy":"product_tag","embeddable":true,"href":"https:\/\/otmaroc.com\/ar\/wp-json\/wp\/v2\/product_tag?post=3815"}],"curies":[{"name":"wp","href":"https:\/\/api.w.org\/{rel}","templated":true}]}}