{"id":3808,"date":"2025-01-25T21:33:18","date_gmt":"2025-01-25T21:33:18","guid":{"rendered":"https:\/\/otmaroc.com\/?post_type=product&#038;p=3808"},"modified":"2025-04-23T11:23:14","modified_gmt":"2025-04-23T11:23:14","slug":"barre-dappui-a-ventouses","status":"publish","type":"product","link":"https:\/\/otmaroc.com\/ar\/product\/barre-dappui-a-ventouses\/","title":{"rendered":"Barre d&rsquo;Appui \u00e0 Ventouses"},"content":{"rendered":"<p>La barre d&rsquo;appui \u00e0 ventouses est con\u00e7ue pour assurer la s\u00e9curit\u00e9 lors de l&rsquo;entr\u00e9e ou de la sortie d&rsquo;une baignoire, d&rsquo;une douche ou lors de l&rsquo;assise sur un WC. Tr\u00e8s pratique, son syst\u00e8me \u00e0 ventouses \u00e9limine la n\u00e9cessit\u00e9 de percer le mur pour installer une barre fixe. Facile \u00e0 d\u00e9placer, elle se positionne rapidement d\u2019un endroit \u00e0 l\u2019autre. L\u00e9g\u00e8re et compacte, elle est id\u00e9ale pour les d\u00e9placements. Elle est compatible avec tous les supports lisses tels que le carrelage, la fa\u00efence, le verre, la peinture laqu\u00e9e, ou encore les surfaces en PVC. Pour la retirer, il suffit de presser les deux leviers lat\u00e9raux.<\/p>\n<p>Caract\u00e9ristiques :<br \/>\n&#8211; Fixation stable avec 2 ventouses<br \/>\n&#8211; Longueur : 29 cm<br \/>\n&#8211; Prise en main : 11 cm<\/p>","protected":false},"excerpt":{"rendered":"<p>Compatible sur tous les supports lisses.<\/p>","protected":false},"featured_media":3813,"comment_status":"open","ping_status":"closed","template":"","meta":{"_uag_custom_page_level_css":"","site-sidebar-layout":"default","site-content-layout":"","ast-site-content-layout":"default","site-content-style":"default","site-sidebar-style":"default","ast-global-header-display":"","ast-banner-title-visibility":"","ast-main-header-display":"","ast-hfb-above-header-display":"","ast-hfb-below-header-display":"","ast-hfb-mobile-header-display":"","site-post-title":"","ast-breadcrumbs-content":"","ast-featured-img":"","footer-sml-layout":"","theme-transparent-header-meta":"default","adv-header-id-meta":"","stick-header-meta":"","header-above-stick-meta":"","header-main-stick-meta":"","header-below-stick-meta":"","astra-migrate-meta-layouts":"set","ast-page-background-enabled":"default","ast-page-background-meta":{"desktop":{"background-color":"","background-image":"","background-repeat":"repeat","background-position":"center center","background-size":"auto","background-attachment":"scroll","background-type":"","background-media":"","overlay-type":"","overlay-color":"","overlay-opacity":"","overlay-gradient":""},"tablet":{"background-color":"","background-image":"","background-repeat":"repeat","background-position":"center center","background-size":"auto","background-attachment":"scroll","background-type":"","background-media":"","overlay-type":"","overlay-color":"","overlay-opacity":"","overlay-gradient":""},"mobile":{"background-color":"","background-image":"","background-repeat":"repeat","background-position":"center center","background-size":"auto","background-attachment":"scroll","background-type":"","background-media":"","overlay-type":"","overlay-color":"","overlay-opacity":"","overlay-gradient":""}},"ast-content-background-meta":{"desktop":{"background-color":"var(--ast-global-color-5)","background-image":"","background-repeat":"repeat","background-position":"center center","background-size":"auto","background-attachment":"scroll","background-type":"","background-media":"","overlay-type":"","overlay-color":"","overlay-opacity":"","overlay-gradient":""},"tablet":{"background-color":"var(--ast-global-color-5)","background-image":"","background-repeat":"repeat","background-position":"center center","background-size":"auto","background-attachment":"scroll","background-type":"","background-media":"","overlay-type":"","overlay-color":"","overlay-opacity":"","overlay-gradient":""},"mobile":{"background-color":"var(--ast-global-color-5)","background-image":"","background-repeat":"repeat","background-position":"center center","background-size":"auto","background-attachment":"scroll","background-type":"","background-media":"","overlay-type":"","overlay-color":"","overlay-opacity":"","overlay-gradient":""}}},"product_cat":[107,86,84,31,83,82,63,88],"product_tag":[],"class_list":{"0":"post-3808","1":"product","2":"type-product","3":"status-publish","4":"has-post-thumbnail","6":"product_cat-anti-chute","7":"product_cat-bainwc","8":"product_cat-cuisine","9":"product_cat-les-aides-techniques","10":"product_cat-mobilite","11":"product_cat-tous-les-aides-techniques","12":"product_cat-tous-les-produits","13":"product_cat-vie-quotidienne","14":"desktop-align-left","15":"tablet-align-left","16":"mobile-align-left","18":"first","19":"outofstock","20":"shipping-taxable","21":"purchasable","22":"product-type-simple"},"yoast_head":"<!-- This site is optimized with the Yoast SEO plugin v23.5 - https:\/\/yoast.com\/wordpress\/plugins\/seo\/ -->\n<title>Barre d&#039;Appui au Maroc<\/title>\n<meta name=\"description\" content=\"achetez la Barre d&#039;Appui \u00e0 Ventouses au Maroc, le syst\u00e8me \u00e0 ventouses \u00e9limine la n\u00e9cessit\u00e9 de percer le mur pour installer une barre fixe\" \/>\n<meta name=\"robots\" content=\"index, follow, max-snippet:-1, max-image-preview:large, max-video-preview:-1\" \/>\n<link rel=\"canonical\" href=\"https:\/\/otmaroc.com\/ar\/product\/barre-dappui-a-ventouses\/\" \/>\n<meta property=\"og:locale\" content=\"ar_AR\" \/>\n<meta property=\"og:type\" content=\"article\" \/>\n<meta property=\"og:title\" content=\"Barre d&#039;Appui au Maroc\" \/>\n<meta property=\"og:description\" content=\"achetez la Barre d&#039;Appui \u00e0 Ventouses au Maroc, le syst\u00e8me \u00e0 ventouses \u00e9limine la n\u00e9cessit\u00e9 de percer le mur pour installer une barre fixe\" \/>\n<meta property=\"og:url\" content=\"https:\/\/otmaroc.com\/ar\/product\/barre-dappui-a-ventouses\/\" \/>\n<meta property=\"og:site_name\" content=\"OTMAROC\" \/>\n<meta property=\"article:publisher\" content=\"https:\/\/www.facebook.com\/profile.php?id=61565107472257\" \/>\n<meta property=\"article:modified_time\" content=\"2025-04-23T11:23:14+00:00\" \/>\n<meta property=\"og:image\" content=\"https:\/\/otmaroc.com\/wp-content\/uploads\/2025\/01\/www.otmaroc.com-0623512008-otmaroc2024@gmail.com-5.png\" \/>\n\t<meta property=\"og:image:width\" content=\"1080\" \/>\n\t<meta property=\"og:image:height\" content=\"1080\" \/>\n\t<meta property=\"og:image:type\" content=\"image\/png\" \/>\n<meta name=\"twitter:card\" content=\"summary_large_image\" \/>\n<meta name=\"twitter:label1\" content=\"\u0648\u0642\u062a \u0627\u0644\u0642\u0631\u0627\u0621\u0629 \u0627\u0644\u0645\u064f\u0642\u062f\u0651\u0631\" \/>\n\t<meta name=\"twitter:data1\" content=\"\u062f\u0642\u064a\u0642\u0629 \u0648\u0627\u062d\u062f\u0629\" \/>\n<script type=\"application\/ld+json\" class=\"yoast-schema-graph\">{\"@context\":\"https:\/\/schema.org\",\"@graph\":[{\"@type\":\"WebPage\",\"@id\":\"https:\/\/otmaroc.com\/product\/barre-dappui-a-ventouses\/\",\"url\":\"https:\/\/otmaroc.com\/product\/barre-dappui-a-ventouses\/\",\"name\":\"Barre d'Appui au Maroc\",\"isPartOf\":{\"@id\":\"https:\/\/otmaroc.com\/#website\"},\"primaryImageOfPage\":{\"@id\":\"https:\/\/otmaroc.com\/product\/barre-dappui-a-ventouses\/#primaryimage\"},\"image\":{\"@id\":\"https:\/\/otmaroc.com\/product\/barre-dappui-a-ventouses\/#primaryimage\"},\"thumbnailUrl\":\"https:\/\/otmaroc.com\/wp-content\/uploads\/2025\/01\/www.otmaroc.com-0623512008-otmaroc2024@gmail.com-5.png\",\"datePublished\":\"2025-01-25T21:33:18+00:00\",\"dateModified\":\"2025-04-23T11:23:14+00:00\",\"description\":\"achetez la Barre d'Appui \u00e0 Ventouses au Maroc, le syst\u00e8me \u00e0 ventouses \u00e9limine la n\u00e9cessit\u00e9 de percer le mur pour installer une barre fixe\",\"breadcrumb\":{\"@id\":\"https:\/\/otmaroc.com\/product\/barre-dappui-a-ventouses\/#breadcrumb\"},\"inLanguage\":\"ar\",\"potentialAction\":[{\"@type\":\"ReadAction\",\"target\":[\"https:\/\/otmaroc.com\/product\/barre-dappui-a-ventouses\/\"]}]},{\"@type\":\"ImageObject\",\"inLanguage\":\"ar\",\"@id\":\"https:\/\/otmaroc.com\/product\/barre-dappui-a-ventouses\/#primaryimage\",\"url\":\"https:\/\/otmaroc.com\/wp-content\/uploads\/2025\/01\/www.otmaroc.com-0623512008-otmaroc2024@gmail.com-5.png\",\"contentUrl\":\"https:\/\/otmaroc.com\/wp-content\/uploads\/2025\/01\/www.otmaroc.com-0623512008-otmaroc2024@gmail.com-5.png\",\"width\":1080,\"height\":1080},{\"@type\":\"BreadcrumbList\",\"@id\":\"https:\/\/otmaroc.com\/product\/barre-dappui-a-ventouses\/#breadcrumb\",\"itemListElement\":[{\"@type\":\"ListItem\",\"position\":1,\"name\":\"Home\",\"item\":\"https:\/\/otmaroc.com\/\"},{\"@type\":\"ListItem\",\"position\":2,\"name\":\"Products\",\"item\":\"https:\/\/otmaroc.com\/store\/\"},{\"@type\":\"ListItem\",\"position\":3,\"name\":\"Barre d&rsquo;Appui \u00e0 Ventouses\"}]},{\"@type\":\"WebSite\",\"@id\":\"https:\/\/otmaroc.com\/#website\",\"url\":\"https:\/\/otmaroc.com\/\",\"name\":\"OTMAROC\",\"description\":\"The number one website in morocco for occupational therapy\",\"publisher\":{\"@id\":\"https:\/\/otmaroc.com\/#organization\"},\"potentialAction\":[{\"@type\":\"SearchAction\",\"target\":{\"@type\":\"EntryPoint\",\"urlTemplate\":\"https:\/\/otmaroc.com\/?s={search_term_string}\"},\"query-input\":{\"@type\":\"PropertyValueSpecification\",\"valueRequired\":true,\"valueName\":\"search_term_string\"}}],\"inLanguage\":\"ar\"},{\"@type\":\"Organization\",\"@id\":\"https:\/\/otmaroc.com\/#organization\",\"name\":\"OTMAROC\",\"url\":\"https:\/\/otmaroc.com\/\",\"logo\":{\"@type\":\"ImageObject\",\"inLanguage\":\"ar\",\"@id\":\"https:\/\/otmaroc.com\/#\/schema\/logo\/image\/\",\"url\":\"https:\/\/otmaroc.com\/wp-content\/uploads\/2024\/08\/cropped-cropped-Black_White_Yellow_Simple_Initial_Name_Logo-removebg-preview-2.png\",\"contentUrl\":\"https:\/\/otmaroc.com\/wp-content\/uploads\/2024\/08\/cropped-cropped-Black_White_Yellow_Simple_Initial_Name_Logo-removebg-preview-2.png\",\"width\":298,\"height\":192,\"caption\":\"OTMAROC\"},\"image\":{\"@id\":\"https:\/\/otmaroc.com\/#\/schema\/logo\/image\/\"},\"sameAs\":[\"https:\/\/www.facebook.com\/profile.php?id=61565107472257\",\"https:\/\/www.instagram.com\/otmaroc2024\/\",\"https:\/\/www.youtube.com\/@othmaneksaibar6763\",\"https:\/\/api.whatsapp.com\/send?phone=2120623512008\"]}]}<\/script>\n<!-- \/ Yoast SEO plugin. -->","yoast_head_json":{"title":"Barre d'Appui au Maroc","description":"achetez la Barre d'Appui \u00e0 Ventouses au Maroc, le syst\u00e8me \u00e0 ventouses \u00e9limine la n\u00e9cessit\u00e9 de percer le mur pour installer une barre fixe","robots":{"index":"index","follow":"follow","max-snippet":"max-snippet:-1","max-image-preview":"max-image-preview:large","max-video-preview":"max-video-preview:-1"},"canonical":"https:\/\/otmaroc.com\/ar\/product\/barre-dappui-a-ventouses\/","og_locale":"ar_AR","og_type":"article","og_title":"Barre d'Appui au Maroc","og_description":"achetez la Barre d'Appui \u00e0 Ventouses au Maroc, le syst\u00e8me \u00e0 ventouses \u00e9limine la n\u00e9cessit\u00e9 de percer le mur pour installer une barre fixe","og_url":"https:\/\/otmaroc.com\/ar\/product\/barre-dappui-a-ventouses\/","og_site_name":"OTMAROC","article_publisher":"https:\/\/www.facebook.com\/profile.php?id=61565107472257","article_modified_time":"2025-04-23T11:23:14+00:00","og_image":[{"width":1080,"height":1080,"url":"https:\/\/otmaroc.com\/wp-content\/uploads\/2025\/01\/www.otmaroc.com-0623512008-otmaroc2024@gmail.com-5.png","type":"image\/png"}],"twitter_card":"summary_large_image","twitter_misc":{"\u0648\u0642\u062a \u0627\u0644\u0642\u0631\u0627\u0621\u0629 \u0627\u0644\u0645\u064f\u0642\u062f\u0651\u0631":"\u062f\u0642\u064a\u0642\u0629 \u0648\u0627\u062d\u062f\u0629"},"schema":{"@context":"https:\/\/schema.org","@graph":[{"@type":"WebPage","@id":"https:\/\/otmaroc.com\/product\/barre-dappui-a-ventouses\/","url":"https:\/\/otmaroc.com\/product\/barre-dappui-a-ventouses\/","name":"Barre d'Appui au Maroc","isPartOf":{"@id":"https:\/\/otmaroc.com\/#website"},"primaryImageOfPage":{"@id":"https:\/\/otmaroc.com\/product\/barre-dappui-a-ventouses\/#primaryimage"},"image":{"@id":"https:\/\/otmaroc.com\/product\/barre-dappui-a-ventouses\/#primaryimage"},"thumbnailUrl":"https:\/\/otmaroc.com\/wp-content\/uploads\/2025\/01\/www.otmaroc.com-0623512008-otmaroc2024@gmail.com-5.png","datePublished":"2025-01-25T21:33:18+00:00","dateModified":"2025-04-23T11:23:14+00:00","description":"achetez la Barre d'Appui \u00e0 Ventouses au Maroc, le syst\u00e8me \u00e0 ventouses \u00e9limine la n\u00e9cessit\u00e9 de percer le mur pour installer une barre fixe","breadcrumb":{"@id":"https:\/\/otmaroc.com\/product\/barre-dappui-a-ventouses\/#breadcrumb"},"inLanguage":"ar","potentialAction":[{"@type":"ReadAction","target":["https:\/\/otmaroc.com\/product\/barre-dappui-a-ventouses\/"]}]},{"@type":"ImageObject","inLanguage":"ar","@id":"https:\/\/otmaroc.com\/product\/barre-dappui-a-ventouses\/#primaryimage","url":"https:\/\/otmaroc.com\/wp-content\/uploads\/2025\/01\/www.otmaroc.com-0623512008-otmaroc2024@gmail.com-5.png","contentUrl":"https:\/\/otmaroc.com\/wp-content\/uploads\/2025\/01\/www.otmaroc.com-0623512008-otmaroc2024@gmail.com-5.png","width":1080,"height":1080},{"@type":"BreadcrumbList","@id":"https:\/\/otmaroc.com\/product\/barre-dappui-a-ventouses\/#breadcrumb","itemListElement":[{"@type":"ListItem","position":1,"name":"Home","item":"https:\/\/otmaroc.com\/"},{"@type":"ListItem","position":2,"name":"Products","item":"https:\/\/otmaroc.com\/store\/"},{"@type":"ListItem","position":3,"name":"Barre d&rsquo;Appui \u00e0 Ventouses"}]},{"@type":"WebSite","@id":"https:\/\/otmaroc.com\/#website","url":"https:\/\/otmaroc.com\/","name":"OTMAROC","description":"The number one website in morocco for occupational therapy","publisher":{"@id":"https:\/\/otmaroc.com\/#organization"},"potentialAction":[{"@type":"SearchAction","target":{"@type":"EntryPoint","urlTemplate":"https:\/\/otmaroc.com\/?s={search_term_string}"},"query-input":{"@type":"PropertyValueSpecification","valueRequired":true,"valueName":"search_term_string"}}],"inLanguage":"ar"},{"@type":"Organization","@id":"https:\/\/otmaroc.com\/#organization","name":"OTMAROC","url":"https:\/\/otmaroc.com\/","logo":{"@type":"ImageObject","inLanguage":"ar","@id":"https:\/\/otmaroc.com\/#\/schema\/logo\/image\/","url":"https:\/\/otmaroc.com\/wp-content\/uploads\/2024\/08\/cropped-cropped-Black_White_Yellow_Simple_Initial_Name_Logo-removebg-preview-2.png","contentUrl":"https:\/\/otmaroc.com\/wp-content\/uploads\/2024\/08\/cropped-cropped-Black_White_Yellow_Simple_Initial_Name_Logo-removebg-preview-2.png","width":298,"height":192,"caption":"OTMAROC"},"image":{"@id":"https:\/\/otmaroc.com\/#\/schema\/logo\/image\/"},"sameAs":["https:\/\/www.facebook.com\/profile.php?id=61565107472257","https:\/\/www.instagram.com\/otmaroc2024\/","https:\/\/www.youtube.com\/@othmaneksaibar6763","https:\/\/api.whatsapp.com\/send?phone=2120623512008"]}]}},"uagb_featured_image_src":{"full":["https:\/\/otmaroc.com\/wp-content\/uploads\/2025\/01\/www.otmaroc.com-0623512008-otmaroc2024@gmail.com-5.png",1080,1080,false],"thumbnail":["https:\/\/otmaroc.com\/wp-content\/uploads\/2025\/01\/www.otmaroc.com-0623512008-otmaroc2024@gmail.com-5-150x150.png",150,150,true],"medium":["https:\/\/otmaroc.com\/wp-content\/uploads\/2025\/01\/www.otmaroc.com-0623512008-otmaroc2024@gmail.com-5-300x300.png",300,300,true],"medium_large":["https:\/\/otmaroc.com\/wp-content\/uploads\/2025\/01\/www.otmaroc.com-0623512008-otmaroc2024@gmail.com-5-768x768.png",768,768,true],"large":["https:\/\/otmaroc.com\/wp-content\/uploads\/2025\/01\/www.otmaroc.com-0623512008-otmaroc2024@gmail.com-5-1024x1024.png",1024,1024,true],"1536x1536":["https:\/\/otmaroc.com\/wp-content\/uploads\/2025\/01\/www.otmaroc.com-0623512008-otmaroc2024@gmail.com-5.png",1080,1080,false],"2048x2048":["https:\/\/otmaroc.com\/wp-content\/uploads\/2025\/01\/www.otmaroc.com-0623512008-otmaroc2024@gmail.com-5.png",1080,1080,false],"trp-custom-language-flag":["https:\/\/otmaroc.com\/wp-content\/uploads\/2025\/01\/www.otmaroc.com-0623512008-otmaroc2024@gmail.com-5-12x12.png",12,12,true],"woocommerce_thumbnail":["https:\/\/otmaroc.com\/wp-content\/uploads\/2025\/01\/www.otmaroc.com-0623512008-otmaroc2024@gmail.com-5-300x300.png",300,300,true],"woocommerce_single":["https:\/\/otmaroc.com\/wp-content\/uploads\/2025\/01\/www.otmaroc.com-0623512008-otmaroc2024@gmail.com-5-600x600.png",600,600,true],"woocommerce_gallery_thumbnail":["https:\/\/otmaroc.com\/wp-content\/uploads\/2025\/01\/www.otmaroc.com-0623512008-otmaroc2024@gmail.com-5-100x100.png",100,100,true],"dgwt-wcas-product-suggestion":["https:\/\/otmaroc.com\/wp-content\/uploads\/2025\/01\/www.otmaroc.com-0623512008-otmaroc2024@gmail.com-5-64x64.png",64,64,true]},"uagb_author_info":{"display_name":"othmane iptv","author_link":"https:\/\/otmaroc.com\/ar\/author\/"},"uagb_comment_info":0,"uagb_excerpt":"Compatible sur tous les supports lisses.","jetpack_sharing_enabled":true,"_links":{"self":[{"href":"https:\/\/otmaroc.com\/ar\/wp-json\/wp\/v2\/product\/3808"}],"collection":[{"href":"https:\/\/otmaroc.com\/ar\/wp-json\/wp\/v2\/product"}],"about":[{"href":"https:\/\/otmaroc.com\/ar\/wp-json\/wp\/v2\/types\/product"}],"replies":[{"embeddable":true,"href":"https:\/\/otmaroc.com\/ar\/wp-json\/wp\/v2\/comments?post=3808"}],"wp:featuredmedia":[{"embeddable":true,"href":"https:\/\/otmaroc.com\/ar\/wp-json\/wp\/v2\/media\/3813"}],"wp:attachment":[{"href":"https:\/\/otmaroc.com\/ar\/wp-json\/wp\/v2\/media?parent=3808"}],"wp:term":[{"taxonomy":"product_cat","embeddable":true,"href":"https:\/\/otmaroc.com\/ar\/wp-json\/wp\/v2\/product_cat?post=3808"},{"taxonomy":"product_tag","embeddable":true,"href":"https:\/\/otmaroc.com\/ar\/wp-json\/wp\/v2\/product_tag?post=3808"}],"curies":[{"name":"wp","href":"https:\/\/api.w.org\/{rel}","templated":true}]}}