{"id":3792,"date":"2025-01-25T21:11:43","date_gmt":"2025-01-25T21:11:43","guid":{"rendered":"https:\/\/otmaroc.com\/?post_type=product&#038;p=3792"},"modified":"2025-04-23T11:23:39","modified_gmt":"2025-04-23T11:23:39","slug":"canne-pour-marche-pliable-en-aluminium-avec-led","status":"publish","type":"product","link":"https:\/\/otmaroc.com\/ar\/product\/canne-pour-marche-pliable-en-aluminium-avec-led\/","title":{"rendered":"Canne pour marche pliable en aluminium avec led"},"content":{"rendered":"<p>Canne magique et baguette magique pour personnes \u00e2g\u00e9es et personnes ayant des besoins sp\u00e9cifiques, pliable et \u00e9quip\u00e9e d&rsquo;un projecteur LED avec \u00e9clairage. La canne magique Trustly est une canne pliante dot\u00e9e d&rsquo;un d\u00e9tecteur de lumi\u00e8re, id\u00e9ale pour les personnes \u00e2g\u00e9es. Cette b\u00e9quille 3 en 1 combine \u00e0 la fois une canne et un b\u00e2ton avec 6 d\u00e9tecteurs antid\u00e9rapants, offrant une stabilit\u00e9 optimale sur tous types de surfaces. L\u00e9g\u00e8re mais robuste, elle peut supporter des charges lourdes.<\/p>","protected":false},"excerpt":{"rendered":"<p>Canne magique et baguette magique pour personnes \u00e2g\u00e9es et personnes ayant des besoins sp\u00e9cifiques, pliable et \u00e9quip\u00e9e d&rsquo;un projecteur LED avec \u00e9clairage. La canne magique Trustly est une canne pliante dot\u00e9e d&rsquo;un d\u00e9tecteur de lumi\u00e8re, id\u00e9ale pour les personnes \u00e2g\u00e9es. Cette b\u00e9quille 3 en 1 combine \u00e0 la fois une canne et un b\u00e2ton avec [&hellip;]<\/p>","protected":false},"featured_media":3793,"comment_status":"open","ping_status":"closed","template":"","meta":{"_uag_custom_page_level_css":"","site-sidebar-layout":"default","site-content-layout":"","ast-site-content-layout":"default","site-content-style":"default","site-sidebar-style":"default","ast-global-header-display":"","ast-banner-title-visibility":"","ast-main-header-display":"","ast-hfb-above-header-display":"","ast-hfb-below-header-display":"","ast-hfb-mobile-header-display":"","site-post-title":"","ast-breadcrumbs-content":"","ast-featured-img":"","footer-sml-layout":"","theme-transparent-header-meta":"default","adv-header-id-meta":"","stick-header-meta":"","header-above-stick-meta":"","header-main-stick-meta":"","header-below-stick-meta":"","astra-migrate-meta-layouts":"set","ast-page-background-enabled":"default","ast-page-background-meta":{"desktop":{"background-color":"","background-image":"","background-repeat":"repeat","background-position":"center center","background-size":"auto","background-attachment":"scroll","background-type":"","background-media":"","overlay-type":"","overlay-color":"","overlay-opacity":"","overlay-gradient":""},"tablet":{"background-color":"","background-image":"","background-repeat":"repeat","background-position":"center center","background-size":"auto","background-attachment":"scroll","background-type":"","background-media":"","overlay-type":"","overlay-color":"","overlay-opacity":"","overlay-gradient":""},"mobile":{"background-color":"","background-image":"","background-repeat":"repeat","background-position":"center center","background-size":"auto","background-attachment":"scroll","background-type":"","background-media":"","overlay-type":"","overlay-color":"","overlay-opacity":"","overlay-gradient":""}},"ast-content-background-meta":{"desktop":{"background-color":"var(--ast-global-color-5)","background-image":"","background-repeat":"repeat","background-position":"center center","background-size":"auto","background-attachment":"scroll","background-type":"","background-media":"","overlay-type":"","overlay-color":"","overlay-opacity":"","overlay-gradient":""},"tablet":{"background-color":"var(--ast-global-color-5)","background-image":"","background-repeat":"repeat","background-position":"center center","background-size":"auto","background-attachment":"scroll","background-type":"","background-media":"","overlay-type":"","overlay-color":"","overlay-opacity":"","overlay-gradient":""},"mobile":{"background-color":"var(--ast-global-color-5)","background-image":"","background-repeat":"repeat","background-position":"center center","background-size":"auto","background-attachment":"scroll","background-type":"","background-media":"","overlay-type":"","overlay-color":"","overlay-opacity":"","overlay-gradient":""}}},"product_cat":[24,107,105,31,83,82,63],"product_tag":[],"class_list":{"0":"post-3792","1":"product","2":"type-product","3":"status-publish","4":"has-post-thumbnail","6":"product_cat-uncategorized","7":"product_cat-anti-chute","8":"product_cat-canne-de-marche","9":"product_cat-les-aides-techniques","10":"product_cat-mobilite","11":"product_cat-tous-les-aides-techniques","12":"product_cat-tous-les-produits","13":"desktop-align-left","14":"tablet-align-left","15":"mobile-align-left","17":"first","18":"outofstock","19":"shipping-taxable","20":"purchasable","21":"product-type-simple"},"yoast_head":"<!-- This site is optimized with the Yoast SEO plugin v23.5 - https:\/\/yoast.com\/wordpress\/plugins\/seo\/ -->\n<title>Canne Pour Marche pliable en aluminium avec led au Maroc<\/title>\n<meta name=\"description\" content=\"achetez Canne pour marche au Maroc qui est pliable et \u00e9quip\u00e9e d&#039;un projecteur LED avec \u00e9clairage. pour personnes \u00e2g\u00e9es et personne handicap\u00e9e\" \/>\n<meta name=\"robots\" content=\"index, follow, max-snippet:-1, max-image-preview:large, max-video-preview:-1\" \/>\n<link rel=\"canonical\" href=\"https:\/\/otmaroc.com\/ar\/product\/canne-pour-marche-pliable-en-aluminium-avec-led\/\" \/>\n<meta property=\"og:locale\" content=\"ar_AR\" \/>\n<meta property=\"og:type\" content=\"article\" \/>\n<meta property=\"og:title\" content=\"Canne Pour Marche pliable en aluminium avec led au Maroc\" \/>\n<meta property=\"og:description\" content=\"achetez Canne pour marche au Maroc qui est pliable et \u00e9quip\u00e9e d&#039;un projecteur LED avec \u00e9clairage. pour personnes \u00e2g\u00e9es et personne handicap\u00e9e\" \/>\n<meta property=\"og:url\" content=\"https:\/\/otmaroc.com\/ar\/product\/canne-pour-marche-pliable-en-aluminium-avec-led\/\" \/>\n<meta property=\"og:site_name\" content=\"OTMAROC\" \/>\n<meta property=\"article:publisher\" content=\"https:\/\/www.facebook.com\/profile.php?id=61565107472257\" \/>\n<meta property=\"article:modified_time\" content=\"2025-04-23T11:23:39+00:00\" \/>\n<meta property=\"og:image\" content=\"https:\/\/otmaroc.com\/wp-content\/uploads\/2025\/01\/www.otmaroc.com-0623512008-otmaroc2024@gmail.com-1.png\" \/>\n\t<meta property=\"og:image:width\" content=\"1080\" \/>\n\t<meta property=\"og:image:height\" content=\"1080\" \/>\n\t<meta property=\"og:image:type\" content=\"image\/png\" \/>\n<meta name=\"twitter:card\" content=\"summary_large_image\" \/>\n<meta name=\"twitter:label1\" content=\"\u0648\u0642\u062a \u0627\u0644\u0642\u0631\u0627\u0621\u0629 \u0627\u0644\u0645\u064f\u0642\u062f\u0651\u0631\" \/>\n\t<meta name=\"twitter:data1\" content=\"\u062f\u0642\u064a\u0642\u0629 \u0648\u0627\u062d\u062f\u0629\" \/>\n<script type=\"application\/ld+json\" class=\"yoast-schema-graph\">{\"@context\":\"https:\/\/schema.org\",\"@graph\":[{\"@type\":\"WebPage\",\"@id\":\"https:\/\/otmaroc.com\/product\/canne-pour-marche-pliable-en-aluminium-avec-led\/\",\"url\":\"https:\/\/otmaroc.com\/product\/canne-pour-marche-pliable-en-aluminium-avec-led\/\",\"name\":\"Canne Pour Marche pliable en aluminium avec led au Maroc\",\"isPartOf\":{\"@id\":\"https:\/\/otmaroc.com\/#website\"},\"primaryImageOfPage\":{\"@id\":\"https:\/\/otmaroc.com\/product\/canne-pour-marche-pliable-en-aluminium-avec-led\/#primaryimage\"},\"image\":{\"@id\":\"https:\/\/otmaroc.com\/product\/canne-pour-marche-pliable-en-aluminium-avec-led\/#primaryimage\"},\"thumbnailUrl\":\"https:\/\/otmaroc.com\/wp-content\/uploads\/2025\/01\/www.otmaroc.com-0623512008-otmaroc2024@gmail.com-1.png\",\"datePublished\":\"2025-01-25T21:11:43+00:00\",\"dateModified\":\"2025-04-23T11:23:39+00:00\",\"description\":\"achetez Canne pour marche au Maroc qui est pliable et \u00e9quip\u00e9e d'un projecteur LED avec \u00e9clairage. pour personnes \u00e2g\u00e9es et personne handicap\u00e9e\",\"breadcrumb\":{\"@id\":\"https:\/\/otmaroc.com\/product\/canne-pour-marche-pliable-en-aluminium-avec-led\/#breadcrumb\"},\"inLanguage\":\"ar\",\"potentialAction\":[{\"@type\":\"ReadAction\",\"target\":[\"https:\/\/otmaroc.com\/product\/canne-pour-marche-pliable-en-aluminium-avec-led\/\"]}]},{\"@type\":\"ImageObject\",\"inLanguage\":\"ar\",\"@id\":\"https:\/\/otmaroc.com\/product\/canne-pour-marche-pliable-en-aluminium-avec-led\/#primaryimage\",\"url\":\"https:\/\/otmaroc.com\/wp-content\/uploads\/2025\/01\/www.otmaroc.com-0623512008-otmaroc2024@gmail.com-1.png\",\"contentUrl\":\"https:\/\/otmaroc.com\/wp-content\/uploads\/2025\/01\/www.otmaroc.com-0623512008-otmaroc2024@gmail.com-1.png\",\"width\":1080,\"height\":1080},{\"@type\":\"BreadcrumbList\",\"@id\":\"https:\/\/otmaroc.com\/product\/canne-pour-marche-pliable-en-aluminium-avec-led\/#breadcrumb\",\"itemListElement\":[{\"@type\":\"ListItem\",\"position\":1,\"name\":\"Home\",\"item\":\"https:\/\/otmaroc.com\/\"},{\"@type\":\"ListItem\",\"position\":2,\"name\":\"Products\",\"item\":\"https:\/\/otmaroc.com\/store\/\"},{\"@type\":\"ListItem\",\"position\":3,\"name\":\"Canne pour marche pliable en aluminium avec led\"}]},{\"@type\":\"WebSite\",\"@id\":\"https:\/\/otmaroc.com\/#website\",\"url\":\"https:\/\/otmaroc.com\/\",\"name\":\"OTMAROC\",\"description\":\"The number one website in morocco for occupational therapy\",\"publisher\":{\"@id\":\"https:\/\/otmaroc.com\/#organization\"},\"potentialAction\":[{\"@type\":\"SearchAction\",\"target\":{\"@type\":\"EntryPoint\",\"urlTemplate\":\"https:\/\/otmaroc.com\/?s={search_term_string}\"},\"query-input\":{\"@type\":\"PropertyValueSpecification\",\"valueRequired\":true,\"valueName\":\"search_term_string\"}}],\"inLanguage\":\"ar\"},{\"@type\":\"Organization\",\"@id\":\"https:\/\/otmaroc.com\/#organization\",\"name\":\"OTMAROC\",\"url\":\"https:\/\/otmaroc.com\/\",\"logo\":{\"@type\":\"ImageObject\",\"inLanguage\":\"ar\",\"@id\":\"https:\/\/otmaroc.com\/#\/schema\/logo\/image\/\",\"url\":\"https:\/\/otmaroc.com\/wp-content\/uploads\/2024\/08\/cropped-cropped-Black_White_Yellow_Simple_Initial_Name_Logo-removebg-preview-2.png\",\"contentUrl\":\"https:\/\/otmaroc.com\/wp-content\/uploads\/2024\/08\/cropped-cropped-Black_White_Yellow_Simple_Initial_Name_Logo-removebg-preview-2.png\",\"width\":298,\"height\":192,\"caption\":\"OTMAROC\"},\"image\":{\"@id\":\"https:\/\/otmaroc.com\/#\/schema\/logo\/image\/\"},\"sameAs\":[\"https:\/\/www.facebook.com\/profile.php?id=61565107472257\",\"https:\/\/www.instagram.com\/otmaroc2024\/\",\"https:\/\/www.youtube.com\/@othmaneksaibar6763\",\"https:\/\/api.whatsapp.com\/send?phone=2120623512008\"]}]}<\/script>\n<!-- \/ Yoast SEO plugin. -->","yoast_head_json":{"title":"Canne Pour Marche pliable en aluminium avec led au Maroc","description":"achetez Canne pour marche au Maroc qui est pliable et \u00e9quip\u00e9e d'un projecteur LED avec \u00e9clairage. pour personnes \u00e2g\u00e9es et personne handicap\u00e9e","robots":{"index":"index","follow":"follow","max-snippet":"max-snippet:-1","max-image-preview":"max-image-preview:large","max-video-preview":"max-video-preview:-1"},"canonical":"https:\/\/otmaroc.com\/ar\/product\/canne-pour-marche-pliable-en-aluminium-avec-led\/","og_locale":"ar_AR","og_type":"article","og_title":"Canne Pour Marche pliable en aluminium avec led au Maroc","og_description":"achetez Canne pour marche au Maroc qui est pliable et \u00e9quip\u00e9e d'un projecteur LED avec \u00e9clairage. pour personnes \u00e2g\u00e9es et personne handicap\u00e9e","og_url":"https:\/\/otmaroc.com\/ar\/product\/canne-pour-marche-pliable-en-aluminium-avec-led\/","og_site_name":"OTMAROC","article_publisher":"https:\/\/www.facebook.com\/profile.php?id=61565107472257","article_modified_time":"2025-04-23T11:23:39+00:00","og_image":[{"width":1080,"height":1080,"url":"https:\/\/otmaroc.com\/wp-content\/uploads\/2025\/01\/www.otmaroc.com-0623512008-otmaroc2024@gmail.com-1.png","type":"image\/png"}],"twitter_card":"summary_large_image","twitter_misc":{"\u0648\u0642\u062a \u0627\u0644\u0642\u0631\u0627\u0621\u0629 \u0627\u0644\u0645\u064f\u0642\u062f\u0651\u0631":"\u062f\u0642\u064a\u0642\u0629 \u0648\u0627\u062d\u062f\u0629"},"schema":{"@context":"https:\/\/schema.org","@graph":[{"@type":"WebPage","@id":"https:\/\/otmaroc.com\/product\/canne-pour-marche-pliable-en-aluminium-avec-led\/","url":"https:\/\/otmaroc.com\/product\/canne-pour-marche-pliable-en-aluminium-avec-led\/","name":"Canne Pour Marche pliable en aluminium avec led au Maroc","isPartOf":{"@id":"https:\/\/otmaroc.com\/#website"},"primaryImageOfPage":{"@id":"https:\/\/otmaroc.com\/product\/canne-pour-marche-pliable-en-aluminium-avec-led\/#primaryimage"},"image":{"@id":"https:\/\/otmaroc.com\/product\/canne-pour-marche-pliable-en-aluminium-avec-led\/#primaryimage"},"thumbnailUrl":"https:\/\/otmaroc.com\/wp-content\/uploads\/2025\/01\/www.otmaroc.com-0623512008-otmaroc2024@gmail.com-1.png","datePublished":"2025-01-25T21:11:43+00:00","dateModified":"2025-04-23T11:23:39+00:00","description":"achetez Canne pour marche au Maroc qui est pliable et \u00e9quip\u00e9e d'un projecteur LED avec \u00e9clairage. pour personnes \u00e2g\u00e9es et personne handicap\u00e9e","breadcrumb":{"@id":"https:\/\/otmaroc.com\/product\/canne-pour-marche-pliable-en-aluminium-avec-led\/#breadcrumb"},"inLanguage":"ar","potentialAction":[{"@type":"ReadAction","target":["https:\/\/otmaroc.com\/product\/canne-pour-marche-pliable-en-aluminium-avec-led\/"]}]},{"@type":"ImageObject","inLanguage":"ar","@id":"https:\/\/otmaroc.com\/product\/canne-pour-marche-pliable-en-aluminium-avec-led\/#primaryimage","url":"https:\/\/otmaroc.com\/wp-content\/uploads\/2025\/01\/www.otmaroc.com-0623512008-otmaroc2024@gmail.com-1.png","contentUrl":"https:\/\/otmaroc.com\/wp-content\/uploads\/2025\/01\/www.otmaroc.com-0623512008-otmaroc2024@gmail.com-1.png","width":1080,"height":1080},{"@type":"BreadcrumbList","@id":"https:\/\/otmaroc.com\/product\/canne-pour-marche-pliable-en-aluminium-avec-led\/#breadcrumb","itemListElement":[{"@type":"ListItem","position":1,"name":"Home","item":"https:\/\/otmaroc.com\/"},{"@type":"ListItem","position":2,"name":"Products","item":"https:\/\/otmaroc.com\/store\/"},{"@type":"ListItem","position":3,"name":"Canne pour marche pliable en aluminium avec led"}]},{"@type":"WebSite","@id":"https:\/\/otmaroc.com\/#website","url":"https:\/\/otmaroc.com\/","name":"OTMAROC","description":"The number one website in morocco for occupational therapy","publisher":{"@id":"https:\/\/otmaroc.com\/#organization"},"potentialAction":[{"@type":"SearchAction","target":{"@type":"EntryPoint","urlTemplate":"https:\/\/otmaroc.com\/?s={search_term_string}"},"query-input":{"@type":"PropertyValueSpecification","valueRequired":true,"valueName":"search_term_string"}}],"inLanguage":"ar"},{"@type":"Organization","@id":"https:\/\/otmaroc.com\/#organization","name":"OTMAROC","url":"https:\/\/otmaroc.com\/","logo":{"@type":"ImageObject","inLanguage":"ar","@id":"https:\/\/otmaroc.com\/#\/schema\/logo\/image\/","url":"https:\/\/otmaroc.com\/wp-content\/uploads\/2024\/08\/cropped-cropped-Black_White_Yellow_Simple_Initial_Name_Logo-removebg-preview-2.png","contentUrl":"https:\/\/otmaroc.com\/wp-content\/uploads\/2024\/08\/cropped-cropped-Black_White_Yellow_Simple_Initial_Name_Logo-removebg-preview-2.png","width":298,"height":192,"caption":"OTMAROC"},"image":{"@id":"https:\/\/otmaroc.com\/#\/schema\/logo\/image\/"},"sameAs":["https:\/\/www.facebook.com\/profile.php?id=61565107472257","https:\/\/www.instagram.com\/otmaroc2024\/","https:\/\/www.youtube.com\/@othmaneksaibar6763","https:\/\/api.whatsapp.com\/send?phone=2120623512008"]}]}},"uagb_featured_image_src":{"full":["https:\/\/otmaroc.com\/wp-content\/uploads\/2025\/01\/www.otmaroc.com-0623512008-otmaroc2024@gmail.com-1.png",1080,1080,false],"thumbnail":["https:\/\/otmaroc.com\/wp-content\/uploads\/2025\/01\/www.otmaroc.com-0623512008-otmaroc2024@gmail.com-1-150x150.png",150,150,true],"medium":["https:\/\/otmaroc.com\/wp-content\/uploads\/2025\/01\/www.otmaroc.com-0623512008-otmaroc2024@gmail.com-1-300x300.png",300,300,true],"medium_large":["https:\/\/otmaroc.com\/wp-content\/uploads\/2025\/01\/www.otmaroc.com-0623512008-otmaroc2024@gmail.com-1-768x768.png",768,768,true],"large":["https:\/\/otmaroc.com\/wp-content\/uploads\/2025\/01\/www.otmaroc.com-0623512008-otmaroc2024@gmail.com-1-1024x1024.png",1024,1024,true],"1536x1536":["https:\/\/otmaroc.com\/wp-content\/uploads\/2025\/01\/www.otmaroc.com-0623512008-otmaroc2024@gmail.com-1.png",1080,1080,false],"2048x2048":["https:\/\/otmaroc.com\/wp-content\/uploads\/2025\/01\/www.otmaroc.com-0623512008-otmaroc2024@gmail.com-1.png",1080,1080,false],"trp-custom-language-flag":["https:\/\/otmaroc.com\/wp-content\/uploads\/2025\/01\/www.otmaroc.com-0623512008-otmaroc2024@gmail.com-1-12x12.png",12,12,true],"woocommerce_thumbnail":["https:\/\/otmaroc.com\/wp-content\/uploads\/2025\/01\/www.otmaroc.com-0623512008-otmaroc2024@gmail.com-1-300x300.png",300,300,true],"woocommerce_single":["https:\/\/otmaroc.com\/wp-content\/uploads\/2025\/01\/www.otmaroc.com-0623512008-otmaroc2024@gmail.com-1-600x600.png",600,600,true],"woocommerce_gallery_thumbnail":["https:\/\/otmaroc.com\/wp-content\/uploads\/2025\/01\/www.otmaroc.com-0623512008-otmaroc2024@gmail.com-1-100x100.png",100,100,true],"dgwt-wcas-product-suggestion":["https:\/\/otmaroc.com\/wp-content\/uploads\/2025\/01\/www.otmaroc.com-0623512008-otmaroc2024@gmail.com-1-64x64.png",64,64,true]},"uagb_author_info":{"display_name":"othmane iptv","author_link":"https:\/\/otmaroc.com\/ar\/author\/"},"uagb_comment_info":0,"uagb_excerpt":"Canne magique et baguette magique pour personnes \u00e2g\u00e9es et personnes ayant des besoins sp\u00e9cifiques, pliable et \u00e9quip\u00e9e d&rsquo;un projecteur LED avec \u00e9clairage. La canne magique Trustly est une canne pliante dot\u00e9e d&rsquo;un d\u00e9tecteur de lumi\u00e8re, id\u00e9ale pour les personnes \u00e2g\u00e9es. Cette b\u00e9quille 3 en 1 combine \u00e0 la fois une canne et un b\u00e2ton avec&hellip;","jetpack_sharing_enabled":true,"_links":{"self":[{"href":"https:\/\/otmaroc.com\/ar\/wp-json\/wp\/v2\/product\/3792"}],"collection":[{"href":"https:\/\/otmaroc.com\/ar\/wp-json\/wp\/v2\/product"}],"about":[{"href":"https:\/\/otmaroc.com\/ar\/wp-json\/wp\/v2\/types\/product"}],"replies":[{"embeddable":true,"href":"https:\/\/otmaroc.com\/ar\/wp-json\/wp\/v2\/comments?post=3792"}],"wp:featuredmedia":[{"embeddable":true,"href":"https:\/\/otmaroc.com\/ar\/wp-json\/wp\/v2\/media\/3793"}],"wp:attachment":[{"href":"https:\/\/otmaroc.com\/ar\/wp-json\/wp\/v2\/media?parent=3792"}],"wp:term":[{"taxonomy":"product_cat","embeddable":true,"href":"https:\/\/otmaroc.com\/ar\/wp-json\/wp\/v2\/product_cat?post=3792"},{"taxonomy":"product_tag","embeddable":true,"href":"https:\/\/otmaroc.com\/ar\/wp-json\/wp\/v2\/product_tag?post=3792"}],"curies":[{"name":"wp","href":"https:\/\/api.w.org\/{rel}","templated":true}]}}