{"id":2755,"date":"2024-08-16T10:20:58","date_gmt":"2024-08-16T10:20:58","guid":{"rendered":"https:\/\/otmaroc.com\/about\/"},"modified":"2025-05-30T18:27:25","modified_gmt":"2025-05-30T18:27:25","slug":"qui-sommes-nous","status":"publish","type":"page","link":"https:\/\/otmaroc.com\/ar\/qui-sommes-nous\/","title":{"rendered":"\u0645\u0646 \u0646\u062d\u0646\u061f"},"content":{"rendered":"<div class=\"wp-block-uagb-container uagb-block-1b3539fb alignfull uagb-is-root-container\"><div class=\"uagb-container-inner-blocks-wrap\"><div class=\"wp-block-uagb-advanced-heading uagb-block-1e9f933f\"><h1 class=\"uagb-heading-text\">\u0645\u0646 \u0646\u062d\u0646\u061f<\/h1><\/div><\/div><\/div><div class=\"wp-block-uagb-container uagb-block-a26a8cee alignfull uagb-is-root-container\"><div class=\"wp-block-uagb-container uagb-layout-grid uagb-block-bcab295c\"><div class=\"wp-block-uagb-info-box uagb-block-5ba8c1e6 uagb-infobox__content-wrap  uagb-infobox-icon-above-title uagb-infobox-image-valign-top\"><div class=\"uagb-ifb-content\"><div class=\"uagb-ifb-title-wrap\"><div class=\"uagb-ifb-separator\"><\/div><h2 class=\"uagb-ifb-title\">\u0645\u0646 \u0646\u062d\u0646\u061f<\/h2><\/div><p class=\"uagb-ifb-desc\"> \u064a\u0647\u062f\u0641 \u0645\u0648\u0642\u0639\u0646\u0627 \u0625\u0644\u0649 \u0645\u0633\u0627\u0639\u062f\u0629 \u0627\u0644\u0645\u0631\u0636\u0649 \u0648\u0627\u0644\u0645\u0639\u0627\u0644\u062c\u064a\u0646 \u0639\u0644\u0649 \u0634\u0631\u0627\u0621 \u0645\u0639\u062f\u0627\u062a \u0627\u0644\u0639\u0644\u0627\u062c \u0627\u0644\u0648\u0638\u064a\u0641\u064a \u0641\u064a \u0627\u0644\u0645\u063a\u0631\u0628 \u0648\u0623\u062f\u0648\u0627\u062a \u0625\u0639\u0627\u062f\u0629 \u0627\u0644\u062a\u0623\u0647\u064a\u0644 \u0648\u0627\u0644\u0623\u062c\u0647\u0632\u0629 \u0627\u0644\u0645\u0633\u0627\u0639\u062f\u0629 \u0648\u0627\u0644\u0623\u0644\u0639\u0627\u0628 \u0627\u0644\u0639\u0644\u0627\u062c\u064a\u0629.<br><br>\u0641\u064a otmaroc \u060c \u0646\u062f\u0631\u0643 \u0623\u0646 \u0643\u0644 \u0631\u062d\u0644\u0629 \u0625\u0639\u0627\u062f\u0629 \u062a\u0623\u0647\u064a\u0644 \u0641\u0631\u064a\u062f\u0629 \u0645\u0646 \u0646\u0648\u0639\u0647\u0627. \u0648\u0644\u0647\u0630\u0627 \u0627\u0644\u0633\u0628\u0628 \u0646\u0642\u062f\u0645 \u0645\u062c\u0645\u0648\u0639\u0629 \u0643\u0627\u0645\u0644\u0629 \u0645\u0646 \u0627\u0644\u0645\u0639\u062f\u0627\u062a \u0627\u0644\u0645\u062a\u062e\u0635\u0635\u0629 \u0644\u0644\u0639\u0644\u0627\u062c \u0627\u0644\u0645\u0647\u0646\u064a \u0648\u0643\u0630\u0644\u0643 \u0644\u062a\u062e\u0635\u0635\u0627\u062a \u0625\u0639\u0627\u062f\u0629 \u0627\u0644\u062a\u0623\u0647\u064a\u0644 \u0627\u0644\u0623\u062e\u0631\u0649 (\u0627\u0644\u062a\u0631\u0648\u064a\u0636 \u0627\u0644\u0637\u0628\u064a \u0648\u0627\u0644\u0639\u0644\u0627\u062c \u0627\u0644\u0641\u064a\u0632\u064a\u0627\u0626\u064a \u060c \u0627\u0644\u062a\u0631\u0648\u064a\u0636 \u0627\u0644\u0646\u0641\u0633\u064a \u0627\u0644\u062d\u0631\u0643\u064a\u060c \u0648\u0639\u0644\u0627\u062c \u0627\u0644\u0646\u0637\u0642\u060c \u0648\u0645\u0627 \u0625\u0644\u0649 \u0630\u0644\u0643) . <br><br>\u0647\u062f\u0641\u0646\u0627 \u0647\u0648 \u062a\u0632\u0648\u064a\u062f\u0643\u0645 \u0628\u0627\u0644\u0623\u062f\u0648\u0627\u062a \u0627\u0644\u0644\u0627\u0632\u0645\u0629 \u0644\u062a\u062d\u0633\u064a\u0646 \u0627\u0644\u062a\u062f\u062e\u0644\u0627\u062a \u0627\u0644\u0639\u0644\u0627\u062c\u064a\u0629 \u0648\u062a\u062d\u0633\u064a\u0646 \u0646\u0648\u0639\u064a\u0629 \u062d\u064a\u0627\u0629 \u0645\u0631\u0636\u0627\u0643\u0645.<br><br><strong>\u0644\u0645\u0627\u0630\u0627 \u062a\u062e\u062a\u0627\u0631 OTMAROC\u061f<\/strong><br>\u062c\u0648\u062f\u0629 \u0639\u0627\u0644\u064a\u0629<br>\u0627\u0644\u0627\u0628\u062a\u0643\u0627\u0631 \u0627\u0644\u0645\u0633\u062a\u0645\u0631<br>\u062e\u062f\u0645\u0629 \u0639\u0645\u0644\u0627\u0621 \u0645\u062e\u0635\u0635\u0629<br>\u0623\u0648\u0644 \u0645\u0648\u0642\u0639 \u0644\u0645\u0639\u062f\u0627\u062a \u0627\u0644\u0639\u0644\u0627\u062c \u0627\u0644\u0648\u0638\u064a\u0641\u064a  \u0641\u064a \u0627\u0644\u0645\u063a\u0631\u0628<br>\u062f\u0639\u0645 \u0627\u0644\u0639\u0644\u0627\u062c \u0627\u0644\u0648\u0638\u064a\u0641\u064a \u0648\u0625\u0639\u0627\u062f\u0629 \u0627\u0644\u062a\u0623\u0647\u064a\u0644 \u0641\u064a \u0627\u0644\u0645\u063a\u0631\u0628 <br><br>\u0644\u0623\u064a\u0629 \u0623\u0633\u0626\u0644\u0629 \u0623\u0648 \u0645\u0639\u0644\u0648\u0645\u0627\u062a \u0625\u0636\u0627\u0641\u064a\u0629\u060c \u0641\u0631\u064a\u0642\u0646\u0627 \u062c\u0627\u0647\u0632 \u0644\u0645\u0633\u0627\u0639\u062f\u062a\u0643. \u0644\u0627 \u062a\u062a\u0631\u062f\u062f \u0641\u064a \u0627\u0644\u0627\u062a\u0635\u0627\u0644 \u0628\u0646\u0627 \u0644\u0644\u062d\u0635\u0648\u0644 \u0639\u0644\u0649 \u0627\u0644\u0645\u0634\u0648\u0631\u0629 \u0623\u0648 \u0644\u0645\u0639\u0631\u0641\u0629 \u0627\u0644\u0645\u0632\u064a\u062f \u0639\u0646 \u0645\u0646\u062a\u062c\u0627\u062a\u0646\u0627. <a href=\"https:\/\/otmaroc.com\/ar\/contact-us\/\">\u062a\u0648\u0627\u0635\u0644 \u0645\u0639\u0646\u0627<\/a><br><br>\u0627\u0643\u062a\u0634\u0641 \u0643\u064a\u0641 \u064a\u0645\u0643\u0646 \u0644\u0640 otmaroc \u0623\u0646 \u064a\u062f\u0639\u0645 \u0645\u0645\u0627\u0631\u0633\u062a\u0643 \u0648\u062a\u062d\u0633\u064a\u0646 \u0625\u0639\u0627\u062f\u0629 \u062a\u0623\u0647\u064a\u0644 \u0645\u0631\u0636\u0627\u0643.<br><\/p><\/div><\/div>\n\n<div class=\"wp-block-uagb-image uagb-block-f00e7286 wp-block-uagb-image--layout-default wp-block-uagb-image--effect-static wp-block-uagb-image--align-none\"><figure class=\"wp-block-uagb-image__figure\"><img decoding=\"async\" srcset=\"https:\/\/otmaroc.com\/wp-content\/uploads\/2024\/08\/pexels-fauxels-3184465-1024x683.jpg ,https:\/\/otmaroc.com\/wp-content\/uploads\/2024\/08\/pexels-fauxels-3184465-scaled.jpg 780w, https:\/\/otmaroc.com\/wp-content\/uploads\/2024\/08\/pexels-fauxels-3184465-scaled.jpg 360w\" sizes=\"(max-width: 480px) 150px\" src=\"https:\/\/otmaroc.com\/wp-content\/uploads\/2024\/08\/pexels-fauxels-3184465-1024x683.jpg\" alt=\"\u00e9quipe otmaroc\" class=\"uag-image-2905\" width=\"776\" height=\"436\" title=\"pexels-fauxels-3184465\" loading=\"lazy\" role=\"img\"\/><\/figure><\/div><\/div><\/div><div class=\"wp-block-uagb-container uagb-block-c21e87fc alignfull uagb-is-root-container\"><div class=\"uagb-container-inner-blocks-wrap\"><\/div><\/div><div class=\"wp-block-uagb-container uagb-layout-grid uagb-block-4dab84ae alignfull uagb-is-root-container\"><div class=\"uagb-container-inner-blocks-wrap\"><div class=\"wp-block-uagb-info-box uagb-block-1c47ed4a uagb-infobox__content-wrap  uagb-infobox-icon-above-title uagb-infobox-image-valign-top wp-block-uagb-info-box--has-margin\"><div class=\"uagb-infobox-margin-wrapper\"><div class=\"uagb-ifb-content\"><div class=\"uagb-ifb-image-content\"><img decoding=\"async\" src=\"https:\/\/otmaroc.com\/wp-content\/uploads\/2020\/09\/globe-free-img.png\" alt=\"\" width=\"52\" height=\"52\" loading=\"lazy\"\/><\/div><div class=\"uagb-ifb-title-wrap\"><h5 class=\"uagb-ifb-title\">Livraison partout <br>au Maroc<\/h5><\/div><p class=\"uagb-ifb-desc\">\u0634\u062d\u0646 \u0645\u062c\u0627\u0646\u064a \u0648\u0633\u0631\u064a\u0639 \u0641\u064a \u062c\u0645\u064a\u0639 \u0623\u0646\u062d\u0627\u0621 \u0627\u0644\u0645\u063a\u0631\u0628<\/p><\/div><\/div><\/div>\n\n<div class=\"wp-block-uagb-info-box uagb-block-9b602640 uagb-infobox__content-wrap  uagb-infobox-icon-above-title uagb-infobox-image-valign-top wp-block-uagb-info-box--has-margin\"><div class=\"uagb-infobox-margin-wrapper\"><div class=\"uagb-ifb-content\"><div class=\"uagb-ifb-image-content\"><img decoding=\"async\" src=\"https:\/\/otmaroc.com\/wp-content\/uploads\/2020\/09\/tag-free-img.png\" alt=\"\" width=\"52\" height=\"52\" loading=\"lazy\"\/><\/div><div class=\"uagb-ifb-title-wrap\"><h5 class=\"uagb-ifb-title\">\u0623\u062d\u0633\u0646 \u0627\u0644\u0639\u0631\u0648\u0636<\/h5><\/div><p class=\"uagb-ifb-desc\">\u0646\u0642\u062f\u0645 \u0644\u0643 \u0639\u0631\u0648\u0636\u0627 \u062c\u0630\u0627\u0628\u0629 \u0648\u0645\u0634\u062c\u0639\u0629<\/p><\/div><\/div><\/div>\n\n<div class=\"wp-block-uagb-info-box uagb-block-c140bbe5 uagb-infobox__content-wrap  uagb-infobox-icon-above-title uagb-infobox-image-valign-top wp-block-uagb-info-box--has-margin\"><div class=\"uagb-infobox-margin-wrapper\"><div class=\"uagb-ifb-content\"><div class=\"uagb-ifb-image-content\"><img decoding=\"async\" src=\"https:\/\/otmaroc.com\/wp-content\/uploads\/2020\/09\/lock-free-img.png\" alt=\"\" width=\"52\" height=\"52\" loading=\"lazy\"\/><\/div><div class=\"uagb-ifb-title-wrap\"><h5 class=\"uagb-ifb-title\">\u0627\u0644\u062f\u0641\u0639 \u0639\u0646\u062f \u0627\u0644\u0625\u0633\u062a\u0644\u0627\u0645<\/h5><\/div><p class=\"uagb-ifb-desc\">\u0646\u0648\u0641\u0631 \u0644\u0643 \u062e\u062f\u0645\u0629 \u0627\u0644\u062f\u0641\u0639 \u0639\u0646\u062f \u0627\u0644\u0627\u0633\u062a\u0644\u0627\u0645<\/p><\/div><\/div><\/div>\n\n<div class=\"wp-block-uagb-info-box uagb-block-2d40c7a3 uagb-infobox__content-wrap  uagb-infobox-icon-above-title uagb-infobox-image-valign-top wp-block-uagb-info-box--has-margin\"><div class=\"uagb-infobox-margin-wrapper\"><div class=\"uagb-ifb-content\"><div class=\"uagb-ifb-image-content\"><img decoding=\"async\" src=\"https:\/\/otmaroc.com\/wp-content\/uploads\/2024\/08\/telecharger-removebg-preview-150x150.png\" alt=\"\" width=\"52\" height=\"52\" loading=\"lazy\"\/><\/div><div class=\"uagb-ifb-title-wrap\"><h5 class=\"uagb-ifb-title\">\u062c\u0648\u062f\u0629 \u0639\u0627\u0644\u064a\u0629<\/h5><\/div><p class=\"uagb-ifb-desc\">\u062a\u062a\u0645\u064a\u0632 \u0645\u0646\u062a\u062c\u0627\u062a\u0646\u0627 \u0628\u0627\u0644\u062c\u0648\u062f\u0629 \u0627\u0644\u0639\u0627\u0644\u064a\u0629 \u0648\u062a\u0623\u062a\u064a \u0645\u0646 \u0623\u0641\u0636\u0644 \u0627\u0644\u0645\u0627\u0631\u0643\u0627\u062a \u0627\u0644\u0639\u0627\u0644\u0645\u064a\u0629<\/p><\/div><\/div><\/div><\/div><\/div>","protected":false},"excerpt":{"rendered":"<p>\u0645\u0646 \u0646\u062d\u0646\u061f<\/p>","protected":false},"author":1,"featured_media":0,"parent":0,"menu_order":0,"comment_status":"closed","ping_status":"closed","template":"","meta":{"_uag_custom_page_level_css":"","site-sidebar-layout":"no-sidebar","site-content-layout":"plain-container","ast-site-content-layout":"full-width-container","site-content-style":"default","site-sidebar-style":"default","ast-global-header-display":"","ast-banner-title-visibility":"","ast-main-header-display":"","ast-hfb-above-header-display":"","ast-hfb-below-header-display":"","ast-hfb-mobile-header-display":"","site-post-title":"disabled","ast-breadcrumbs-content":"","ast-featured-img":"","footer-sml-layout":"","theme-transparent-header-meta":"enabled","adv-header-id-meta":"","stick-header-meta":"","header-above-stick-meta":"","header-main-stick-meta":"","header-below-stick-meta":"","astra-migrate-meta-layouts":"set","ast-page-background-enabled":"default","ast-page-background-meta":{"desktop":{"background-color":"","background-image":"","background-repeat":"repeat","background-position":"center center","background-size":"auto","background-attachment":"scroll","background-type":"","background-media":"","overlay-type":"","overlay-color":"","overlay-opacity":"","overlay-gradient":""},"tablet":{"background-color":"","background-image":"","background-repeat":"repeat","background-position":"center center","background-size":"auto","background-attachment":"scroll","background-type":"","background-media":"","overlay-type":"","overlay-color":"","overlay-opacity":"","overlay-gradient":""},"mobile":{"background-color":"","background-image":"","background-repeat":"repeat","background-position":"center center","background-size":"auto","background-attachment":"scroll","background-type":"","background-media":"","overlay-type":"","overlay-color":"","overlay-opacity":"","overlay-gradient":""}},"ast-content-background-meta":{"desktop":{"background-color":"var(--ast-global-color-5)","background-image":"","background-repeat":"repeat","background-position":"center center","background-size":"auto","background-attachment":"scroll","background-type":"","background-media":"","overlay-type":"","overlay-color":"","overlay-opacity":"","overlay-gradient":""},"tablet":{"background-color":"var(--ast-global-color-5)","background-image":"","background-repeat":"repeat","background-position":"center center","background-size":"auto","background-attachment":"scroll","background-type":"","background-media":"","overlay-type":"","overlay-color":"","overlay-opacity":"","overlay-gradient":""},"mobile":{"background-color":"var(--ast-global-color-5)","background-image":"","background-repeat":"repeat","background-position":"center center","background-size":"auto","background-attachment":"scroll","background-type":"","background-media":"","overlay-type":"","overlay-color":"","overlay-opacity":"","overlay-gradient":""}},"footnotes":""},"class_list":["post-2755","page","type-page","status-publish","hentry"],"yoast_head":"<!-- This site is optimized with the Yoast SEO plugin v23.5 - https:\/\/yoast.com\/wordpress\/plugins\/seo\/ -->\n<title>Mat\u00e9riel d&#039;Ergoth\u00e9rapie et de R\u00e9\u00e9ducation au Maroc - Otmaroc<\/title>\n<meta name=\"description\" content=\"des \u00e9quipements d\u2019ergoth\u00e9rapie au Maroc, des outils de r\u00e9adaptation, des aides techniques et des jouets th\u00e9rapeutiques au Maroc. - Otmaroc\" \/>\n<meta name=\"robots\" content=\"index, follow, max-snippet:-1, max-image-preview:large, max-video-preview:-1\" \/>\n<link rel=\"canonical\" href=\"https:\/\/otmaroc.com\/ar\/qui-sommes-nous\/\" \/>\n<meta property=\"og:locale\" content=\"ar_AR\" \/>\n<meta property=\"og:type\" content=\"article\" \/>\n<meta property=\"og:title\" content=\"Mat\u00e9riel d&#039;Ergoth\u00e9rapie et de R\u00e9\u00e9ducation au Maroc - Qui sommes-nous\" \/>\n<meta property=\"og:description\" content=\"Achetez mat\u00e9riel d\u2019ergoth\u00e9rapie au Maroc, des outils de r\u00e9adaptation, des aides techniques et des jouets th\u00e9rapeutiques au Maroc.\" \/>\n<meta property=\"og:url\" content=\"https:\/\/otmaroc.com\/ar\/qui-sommes-nous\/\" \/>\n<meta property=\"og:site_name\" content=\"OTMAROC\" \/>\n<meta property=\"article:publisher\" content=\"https:\/\/www.facebook.com\/profile.php?id=61565107472257\" \/>\n<meta property=\"article:modified_time\" content=\"2025-05-30T18:27:25+00:00\" \/>\n<meta property=\"og:image\" content=\"https:\/\/otmaroc.com\/wp-content\/uploads\/2024\/08\/pexels-fauxels-3184465-1024x683.jpg\" \/>\n<meta name=\"twitter:card\" content=\"summary_large_image\" \/>\n<meta name=\"twitter:label1\" content=\"\u0648\u0642\u062a \u0627\u0644\u0642\u0631\u0627\u0621\u0629 \u0627\u0644\u0645\u064f\u0642\u062f\u0651\u0631\" \/>\n\t<meta name=\"twitter:data1\" content=\"3 \u062f\u0642\u0627\u0626\u0642\" \/>\n<script type=\"application\/ld+json\" class=\"yoast-schema-graph\">{\"@context\":\"https:\/\/schema.org\",\"@graph\":[{\"@type\":\"WebPage\",\"@id\":\"https:\/\/otmaroc.com\/qui-sommes-nous\/\",\"url\":\"https:\/\/otmaroc.com\/qui-sommes-nous\/\",\"name\":\"Mat\u00e9riel d'Ergoth\u00e9rapie et de R\u00e9\u00e9ducation au Maroc - Otmaroc\",\"isPartOf\":{\"@id\":\"https:\/\/otmaroc.com\/#website\"},\"primaryImageOfPage\":{\"@id\":\"https:\/\/otmaroc.com\/qui-sommes-nous\/#primaryimage\"},\"image\":{\"@id\":\"https:\/\/otmaroc.com\/qui-sommes-nous\/#primaryimage\"},\"thumbnailUrl\":\"https:\/\/otmaroc.com\/wp-content\/uploads\/2024\/08\/pexels-fauxels-3184465-1024x683.jpg\",\"datePublished\":\"2024-08-16T10:20:58+00:00\",\"dateModified\":\"2025-05-30T18:27:25+00:00\",\"description\":\"des \u00e9quipements d\u2019ergoth\u00e9rapie au Maroc, des outils de r\u00e9adaptation, des aides techniques et des jouets th\u00e9rapeutiques au Maroc. - Otmaroc\",\"breadcrumb\":{\"@id\":\"https:\/\/otmaroc.com\/qui-sommes-nous\/#breadcrumb\"},\"inLanguage\":\"ar\",\"potentialAction\":[{\"@type\":\"ReadAction\",\"target\":[\"https:\/\/otmaroc.com\/qui-sommes-nous\/\"]}]},{\"@type\":\"ImageObject\",\"inLanguage\":\"ar\",\"@id\":\"https:\/\/otmaroc.com\/qui-sommes-nous\/#primaryimage\",\"url\":\"https:\/\/otmaroc.com\/wp-content\/uploads\/2024\/08\/pexels-fauxels-3184465-1024x683.jpg\",\"contentUrl\":\"https:\/\/otmaroc.com\/wp-content\/uploads\/2024\/08\/pexels-fauxels-3184465-1024x683.jpg\"},{\"@type\":\"BreadcrumbList\",\"@id\":\"https:\/\/otmaroc.com\/qui-sommes-nous\/#breadcrumb\",\"itemListElement\":[{\"@type\":\"ListItem\",\"position\":1,\"name\":\"Home\",\"item\":\"https:\/\/otmaroc.com\/\"},{\"@type\":\"ListItem\",\"position\":2,\"name\":\"Qui sommes-nous\"}]},{\"@type\":\"WebSite\",\"@id\":\"https:\/\/otmaroc.com\/#website\",\"url\":\"https:\/\/otmaroc.com\/\",\"name\":\"OTMAROC\",\"description\":\"The number one website in morocco for occupational therapy\",\"publisher\":{\"@id\":\"https:\/\/otmaroc.com\/#organization\"},\"potentialAction\":[{\"@type\":\"SearchAction\",\"target\":{\"@type\":\"EntryPoint\",\"urlTemplate\":\"https:\/\/otmaroc.com\/?s={search_term_string}\"},\"query-input\":{\"@type\":\"PropertyValueSpecification\",\"valueRequired\":true,\"valueName\":\"search_term_string\"}}],\"inLanguage\":\"ar\"},{\"@type\":\"Organization\",\"@id\":\"https:\/\/otmaroc.com\/#organization\",\"name\":\"OTMAROC\",\"url\":\"https:\/\/otmaroc.com\/\",\"logo\":{\"@type\":\"ImageObject\",\"inLanguage\":\"ar\",\"@id\":\"https:\/\/otmaroc.com\/#\/schema\/logo\/image\/\",\"url\":\"https:\/\/otmaroc.com\/wp-content\/uploads\/2024\/08\/cropped-cropped-Black_White_Yellow_Simple_Initial_Name_Logo-removebg-preview-2.png\",\"contentUrl\":\"https:\/\/otmaroc.com\/wp-content\/uploads\/2024\/08\/cropped-cropped-Black_White_Yellow_Simple_Initial_Name_Logo-removebg-preview-2.png\",\"width\":298,\"height\":192,\"caption\":\"OTMAROC\"},\"image\":{\"@id\":\"https:\/\/otmaroc.com\/#\/schema\/logo\/image\/\"},\"sameAs\":[\"https:\/\/www.facebook.com\/profile.php?id=61565107472257\",\"https:\/\/www.instagram.com\/otmaroc2024\/\",\"https:\/\/www.youtube.com\/@othmaneksaibar6763\",\"https:\/\/api.whatsapp.com\/send?phone=2120623512008\"]}]}<\/script>\n<!-- \/ Yoast SEO plugin. -->","yoast_head_json":{"title":"Mat\u00e9riel d'Ergoth\u00e9rapie et de R\u00e9\u00e9ducation au Maroc - Otmaroc","description":"des \u00e9quipements d\u2019ergoth\u00e9rapie au Maroc, des outils de r\u00e9adaptation, des aides techniques et des jouets th\u00e9rapeutiques au Maroc. - Otmaroc","robots":{"index":"index","follow":"follow","max-snippet":"max-snippet:-1","max-image-preview":"max-image-preview:large","max-video-preview":"max-video-preview:-1"},"canonical":"https:\/\/otmaroc.com\/ar\/qui-sommes-nous\/","og_locale":"ar_AR","og_type":"article","og_title":"Mat\u00e9riel d'Ergoth\u00e9rapie et de R\u00e9\u00e9ducation au Maroc - Qui sommes-nous","og_description":"Achetez mat\u00e9riel d\u2019ergoth\u00e9rapie au Maroc, des outils de r\u00e9adaptation, des aides techniques et des jouets th\u00e9rapeutiques au Maroc.","og_url":"https:\/\/otmaroc.com\/ar\/qui-sommes-nous\/","og_site_name":"OTMAROC","article_publisher":"https:\/\/www.facebook.com\/profile.php?id=61565107472257","article_modified_time":"2025-05-30T18:27:25+00:00","og_image":[{"url":"https:\/\/otmaroc.com\/wp-content\/uploads\/2024\/08\/pexels-fauxels-3184465-1024x683.jpg"}],"twitter_card":"summary_large_image","twitter_misc":{"\u0648\u0642\u062a \u0627\u0644\u0642\u0631\u0627\u0621\u0629 \u0627\u0644\u0645\u064f\u0642\u062f\u0651\u0631":"3 \u062f\u0642\u0627\u0626\u0642"},"schema":{"@context":"https:\/\/schema.org","@graph":[{"@type":"WebPage","@id":"https:\/\/otmaroc.com\/qui-sommes-nous\/","url":"https:\/\/otmaroc.com\/qui-sommes-nous\/","name":"Mat\u00e9riel d'Ergoth\u00e9rapie et de R\u00e9\u00e9ducation au Maroc - Otmaroc","isPartOf":{"@id":"https:\/\/otmaroc.com\/#website"},"primaryImageOfPage":{"@id":"https:\/\/otmaroc.com\/qui-sommes-nous\/#primaryimage"},"image":{"@id":"https:\/\/otmaroc.com\/qui-sommes-nous\/#primaryimage"},"thumbnailUrl":"https:\/\/otmaroc.com\/wp-content\/uploads\/2024\/08\/pexels-fauxels-3184465-1024x683.jpg","datePublished":"2024-08-16T10:20:58+00:00","dateModified":"2025-05-30T18:27:25+00:00","description":"des \u00e9quipements d\u2019ergoth\u00e9rapie au Maroc, des outils de r\u00e9adaptation, des aides techniques et des jouets th\u00e9rapeutiques au Maroc. - Otmaroc","breadcrumb":{"@id":"https:\/\/otmaroc.com\/qui-sommes-nous\/#breadcrumb"},"inLanguage":"ar","potentialAction":[{"@type":"ReadAction","target":["https:\/\/otmaroc.com\/qui-sommes-nous\/"]}]},{"@type":"ImageObject","inLanguage":"ar","@id":"https:\/\/otmaroc.com\/qui-sommes-nous\/#primaryimage","url":"https:\/\/otmaroc.com\/wp-content\/uploads\/2024\/08\/pexels-fauxels-3184465-1024x683.jpg","contentUrl":"https:\/\/otmaroc.com\/wp-content\/uploads\/2024\/08\/pexels-fauxels-3184465-1024x683.jpg"},{"@type":"BreadcrumbList","@id":"https:\/\/otmaroc.com\/qui-sommes-nous\/#breadcrumb","itemListElement":[{"@type":"ListItem","position":1,"name":"Home","item":"https:\/\/otmaroc.com\/"},{"@type":"ListItem","position":2,"name":"Qui sommes-nous"}]},{"@type":"WebSite","@id":"https:\/\/otmaroc.com\/#website","url":"https:\/\/otmaroc.com\/","name":"OTMAROC","description":"The number one website in morocco for occupational therapy","publisher":{"@id":"https:\/\/otmaroc.com\/#organization"},"potentialAction":[{"@type":"SearchAction","target":{"@type":"EntryPoint","urlTemplate":"https:\/\/otmaroc.com\/?s={search_term_string}"},"query-input":{"@type":"PropertyValueSpecification","valueRequired":true,"valueName":"search_term_string"}}],"inLanguage":"ar"},{"@type":"Organization","@id":"https:\/\/otmaroc.com\/#organization","name":"OTMAROC","url":"https:\/\/otmaroc.com\/","logo":{"@type":"ImageObject","inLanguage":"ar","@id":"https:\/\/otmaroc.com\/#\/schema\/logo\/image\/","url":"https:\/\/otmaroc.com\/wp-content\/uploads\/2024\/08\/cropped-cropped-Black_White_Yellow_Simple_Initial_Name_Logo-removebg-preview-2.png","contentUrl":"https:\/\/otmaroc.com\/wp-content\/uploads\/2024\/08\/cropped-cropped-Black_White_Yellow_Simple_Initial_Name_Logo-removebg-preview-2.png","width":298,"height":192,"caption":"OTMAROC"},"image":{"@id":"https:\/\/otmaroc.com\/#\/schema\/logo\/image\/"},"sameAs":["https:\/\/www.facebook.com\/profile.php?id=61565107472257","https:\/\/www.instagram.com\/otmaroc2024\/","https:\/\/www.youtube.com\/@othmaneksaibar6763","https:\/\/api.whatsapp.com\/send?phone=2120623512008"]}]}},"uagb_featured_image_src":{"full":false,"thumbnail":false,"medium":false,"medium_large":false,"large":false,"1536x1536":false,"2048x2048":false,"trp-custom-language-flag":false,"woocommerce_thumbnail":false,"woocommerce_single":false,"woocommerce_gallery_thumbnail":false,"dgwt-wcas-product-suggestion":false},"uagb_author_info":{"display_name":"othmane iptv","author_link":"https:\/\/otmaroc.com\/ar\/author\/othmane-iptv\/"},"uagb_comment_info":0,"uagb_excerpt":"Qui sommes-nous","jetpack_sharing_enabled":true,"_links":{"self":[{"href":"https:\/\/otmaroc.com\/ar\/wp-json\/wp\/v2\/pages\/2755"}],"collection":[{"href":"https:\/\/otmaroc.com\/ar\/wp-json\/wp\/v2\/pages"}],"about":[{"href":"https:\/\/otmaroc.com\/ar\/wp-json\/wp\/v2\/types\/page"}],"author":[{"embeddable":true,"href":"https:\/\/otmaroc.com\/ar\/wp-json\/wp\/v2\/users\/1"}],"replies":[{"embeddable":true,"href":"https:\/\/otmaroc.com\/ar\/wp-json\/wp\/v2\/comments?post=2755"}],"version-history":[{"count":46,"href":"https:\/\/otmaroc.com\/ar\/wp-json\/wp\/v2\/pages\/2755\/revisions"}],"predecessor-version":[{"id":4831,"href":"https:\/\/otmaroc.com\/ar\/wp-json\/wp\/v2\/pages\/2755\/revisions\/4831"}],"wp:attachment":[{"href":"https:\/\/otmaroc.com\/ar\/wp-json\/wp\/v2\/media?parent=2755"}],"curies":[{"name":"wp","href":"https:\/\/api.w.org\/{rel}","templated":true}]}}